{"id":16701,"date":"2025-01-21T05:48:03","date_gmt":"2025-01-21T05:48:03","guid":{"rendered":"https:\/\/www.hydraulic-cylinders.net\/product\/arm-cylinder-for-jove-jv55-7\/"},"modified":"2025-01-21T05:48:08","modified_gmt":"2025-01-21T05:48:08","slug":"arm-cylinder-for-jove-jv55-7","status":"publish","type":"product","link":"https:\/\/www.hydraulic-cylinders.net\/hu\/termek\/arm-cylinder-for-jove-jv55-7\/","title":{"rendered":"Karhenger Jove JV55-7-hez"},"content":{"rendered":"<h1>Karhenger Jove JV55-7-hez<\/h1>\n<h2>Term\u00e9kdefin\u00edci\u00f3<\/h2>\n<p>A karhenger egy speci\u00e1lisan tervezett hidraulikus henger, amely line\u00e1ris mozg\u00e1st \u00e9s er\u0151t biztos\u00edt k\u00fcl\u00f6nf\u00e9le g\u00e9pek, p\u00e9ld\u00e1ul kotr\u00f3g\u00e9pek, daruk \u00e9s robotkarok karjainak. A karhenger kulcsszerepet j\u00e1tszik a hidraulikus rendszerekben, lehet\u0151v\u00e9 t\u00e9ve a csatlakoztatott szersz\u00e1mok vagy tartoz\u00e9kok mozg\u00e1s\u00e1t \u00e9s vez\u00e9rl\u00e9s\u00e9t. Ezek a hengerek nemcsak a sima mozg\u00e1st biztos\u00edtj\u00e1k, hanem a nagy terhel\u00e9seket is elviselik, biztos\u00edtva a g\u00e9p hat\u00e9kony m\u0171k\u00f6d\u00e9s\u00e9t \u00e9s megb\u00edzhat\u00f3s\u00e1g\u00e1t k\u00fcl\u00f6nb\u00f6z\u0151 munkak\u00f6r\u00fclm\u00e9nyek k\u00f6z\u00f6tt.<\/p>\n<p><img decoding=\"async\" src=\"https:\/\/www.hydraulic-cylinders.net\/wp-content\/uploads\/2025\/01\/songte-company-2.webp\" alt=\"Karhenger\" \/><\/p>\n<h2>Term\u00e9kjellemz\u0151k<\/h2>\n<ul>\n<li><strong>Nagy hat\u00e9konys\u00e1g\u00fa \u00e1tvitel:<\/strong> A karhenger er\u0151teljes line\u00e1ris mozg\u00e1st \u00e9s er\u0151t biztos\u00edt, biztos\u00edtva a hat\u00e9kony teljes\u00edtm\u00e9nyt k\u00fcl\u00f6nf\u00e9le m\u0171veletek sor\u00e1n.<\/li>\n<li><strong>Prec\u00edz vez\u00e9rl\u00e9s:<\/strong> A hidraulikus rendszeren kereszt\u00fcl a karhenger prec\u00edz mozg\u00e1svez\u00e9rl\u00e9st tesz lehet\u0151v\u00e9, \u00edgy a csatlakoztatott eszk\u00f6z\u00f6k kezel\u00e9se rugalmasabb \u00e9s pontosabb.<\/li>\n<li><strong>Tart\u00f3ss\u00e1g:<\/strong> A karhengerek jellemz\u0151en nagy szil\u00e1rds\u00e1g\u00fa anyagokb\u00f3l k\u00e9sz\u00fclnek, kiv\u00e1l\u00f3 kop\u00e1s- \u00e9s korr\u00f3zi\u00f3\u00e1ll\u00f3s\u00e1ggal, \u00edgy alkalmasak hossz\u00fa t\u00e1v\u00fa haszn\u00e1latra zord k\u00f6rnyezetben.<\/li>\n<li><strong>T\u00f6bbfunkci\u00f3s alkalmazkod\u00f3k\u00e9pess\u00e9g:<\/strong> Ezek a munkahengerek sz\u00e9les k\u00f6rben alkalmazhat\u00f3k k\u00fcl\u00f6nf\u00e9le g\u00e9peken, p\u00e9ld\u00e1ul kotr\u00f3g\u00e9peken, darukon \u00e9s robotkarokon, alkalmazkodva a k\u00fcl\u00f6nb\u00f6z\u0151 munkak\u00f6vetelm\u00e9nyekhez.<\/li>\n<li><strong>K\u00f6nny\u0171 karbantart\u00e1s:<\/strong> A k\u00f6nny\u0171 karbantart\u00e1s \u00e9s csere \u00e9rdek\u00e9ben tervezett karhengerek lehet\u0151v\u00e9 teszik a k\u00e9nyelmes rendszeres ellen\u0151rz\u00e9seket \u00e9s karbantart\u00e1st, cs\u00f6kkentve a berendez\u00e9s \u00e1ll\u00e1sidej\u00e9t.<\/li>\n<\/ul>\n<p><img decoding=\"async\" src=\"https:\/\/www.hydraulic-cylinders.net\/wp-content\/uploads\/2025\/01\/songte-oil-pipes-and-spare-parts.webp\" alt=\"Csere hidraulikus hengerek\" \/><\/p>\n<h2>Alkalmaz\u00e1sok<\/h2>\n<ul>\n<li><strong>\u00c9p\u00edt\u0151m\u00e9rn\u00f6ki:<\/strong> Kotr\u00f3g\u00e9pekben \u00e9s darukban a karhengereket a v\u00f6dr\u00f6k vagy g\u00e9mek mozg\u00e1s\u00e1nak vez\u00e9rl\u00e9s\u00e9re haszn\u00e1lj\u00e1k f\u00f6ldmozgat\u00e1shoz, anyagmozgat\u00e1shoz \u00e9s szerkezeti telep\u00edt\u00e9shez.<\/li>\n<li><strong>Feldolgoz\u00f3 ipar:<\/strong> Az automatiz\u00e1lt gy\u00e1rt\u00f3sorokon a karhengereket robotkarok mozgat\u00e1s\u00e1ra haszn\u00e1lj\u00e1k olyan folyamatokban, mint az \u00f6sszeszerel\u00e9s, a hegeszt\u00e9s \u00e9s az anyagmozgat\u00e1s, jav\u00edtva a termel\u00e9si hat\u00e9konys\u00e1got \u00e9s a pontoss\u00e1got.<\/li>\n<li><strong>Mez\u0151gazdas\u00e1gi g\u00e9pek:<\/strong> A mez\u0151gazdas\u00e1gi g\u00e9pekben, p\u00e9ld\u00e1ul a betakar\u00edt\u00f3g\u00e9pekben \u00e9s a vet\u0151g\u00e9pekben, a karhengerek vez\u00e9rlik a m\u0171k\u00f6dtet\u0151 karok mozg\u00e1s\u00e1t olyan feladatokhoz, mint a vet\u00e9s, a m\u0171tr\u00e1gy\u00e1z\u00e1s \u00e9s a betakar\u00edt\u00e1s.<\/li>\n<li><strong>B\u00e1ny\u00e1szati:<\/strong> A b\u00e1ny\u00e1szati \u200b\u200bberendez\u00e9sekben a karhengereket az \u00e9rckitermel\u00e9shez \u00e9s -sz\u00e1ll\u00edt\u00e1shoz haszn\u00e1lt b\u00e1ny\u00e1szati \u200b\u200bg\u00e9pek karmozg\u00e1s\u00e1nak vez\u00e9rl\u00e9s\u00e9re haszn\u00e1lj\u00e1k.<\/li>\n<li><strong>Logisztika \u00e9s sz\u00e1ll\u00edt\u00e1s:<\/strong> A targonc\u00e1kban \u00e9s anyagmozgat\u00f3 robotokban a karhengereket a vill\u00e1k emel\u00e9s\u00e9nek \u00e9s mozg\u00e1s\u00e1nak vez\u00e9rl\u00e9s\u00e9re haszn\u00e1lj\u00e1k, lehet\u0151v\u00e9 t\u00e9ve az anyagmozgat\u00e1st \u00e9s a rakod\u00e1st.<\/li>\n<\/ul>\n<h2>Tervez\u00e9si szempontok \u00e9s kiv\u00e1laszt\u00e1si krit\u00e9riumok<\/h2>\n<p>A hengerfejek tervez\u00e9s\u00e9n\u00e9l \u00e9s kiv\u00e1laszt\u00e1s\u00e1n\u00e1l sz\u00e1mos t\u00e9nyez\u0151t kell figyelembe venni:<\/p>\n<ul>\n<li><strong>Teherb\u00edr\u00e1s:<\/strong> A karhengernek k\u00e9pesnek kell lennie ellen\u00e1llni a v\u00e1rhat\u00f3 terhel\u00e9seknek \u00fczem k\u00f6zben.<\/li>\n<li><strong>T\u00f6m\u00edt\u00e9s:<\/strong> A hat\u00e9kony t\u00f6m\u00edt\u00e9s biztos\u00edt\u00e1s\u00e1hoz k\u00fcl\u00f6nf\u00e9le t\u00f6m\u00edt\u0151elemeket, p\u00e9ld\u00e1ul dugatty\u00fat\u00f6m\u00edt\u00e9seket \u00e9s r\u00fadt\u00f6m\u00edt\u00e9seket kell haszn\u00e1lni, amelyek kop\u00e1s\u00e1ll\u00f3 anyagokb\u00f3l, p\u00e9ld\u00e1ul poliuret\u00e1nb\u00f3l \u00e9s nitrilgumib\u00f3l k\u00e9sz\u00fclnek.<\/li>\n<li><strong>Tart\u00f3ss\u00e1g:<\/strong> A hengertestet \u00e9s a menetes v\u00e9geket finom megmunk\u00e1l\u00e1snak kell al\u00e1vetni a kop\u00e1s\u00e1ll\u00f3s\u00e1g fokoz\u00e1sa \u00e9rdek\u00e9ben.<\/li>\n<li><strong>Biztons\u00e1g:<\/strong> A tervez\u00e9s sor\u00e1n figyelembe kell venni a biztons\u00e1gi szempontokat, biztos\u00edtva a biztons\u00e1gos m\u0171k\u00f6d\u00e9st \u00e9s megel\u0151zve a baleseteket.<\/li>\n<li><strong>Karbantarthat\u00f3s\u00e1g:<\/strong> Gondoskodni kell a megfelel\u0151 hidraulikaolajjal t\u00f6rt\u00e9n\u0151 rendszeres ken\u00e9sr\u0151l, valamint a karbantart\u00e1s \u00e9s jav\u00edt\u00e1s c\u00e9lj\u00e1b\u00f3l k\u00f6nny\u0171 hozz\u00e1f\u00e9r\u00e9s biztos\u00edt\u00e1s\u00e1r\u00f3l.<\/li>\n<\/ul>\n<p><img decoding=\"async\" src=\"https:\/\/www.hydraulic-cylinders.net\/wp-content\/uploads\/2025\/01\/songte-cylinder-head-with-all-kinds-excavator-models.webp\" alt=\"Hengerfej\" \/><\/p>\n<h2>T\u00f6m\u00edt\u00e9s \u00e9s ken\u00e9s<\/h2>\n<p>A karhenger k\u00fcl\u00f6nf\u00e9le t\u00f6m\u00edt\u0151elemeket haszn\u00e1l, p\u00e9ld\u00e1ul dugatty\u00fat\u00f6m\u00edt\u00e9seket \u00e9s r\u00fadt\u00f6m\u00edt\u00e9seket, amelyek kop\u00e1s\u00e1ll\u00f3 anyagokb\u00f3l, p\u00e9ld\u00e1ul poliuret\u00e1nb\u00f3l \u00e9s nitrilgumib\u00f3l k\u00e9sz\u00fclnek. A hengertest \u00e9s a menetes v\u00e9gek finom megmunk\u00e1l\u00e1son esnek \u00e1t a kop\u00e1s\u00e1ll\u00f3s\u00e1g fokoz\u00e1sa \u00e9rdek\u00e9ben. A megfelel\u0151 ken\u00e9shez rendszeres ken\u00e9s sz\u00fcks\u00e9ges megfelel\u0151 hidraulikaolajjal.<\/p>\n<h2>Rendszeres ellen\u0151rz\u00e9s \u00e9s megel\u0151z\u0151 karbantart\u00e1s<\/h2>\n<p>Az optim\u00e1lis teljes\u00edtm\u00e9ny \u00e9s a hossz\u00fa \u00e9lettartam biztos\u00edt\u00e1sa \u00e9rdek\u00e9ben elengedhetetlen a rendszeres ellen\u0151rz\u00e9s \u00e9s a megel\u0151z\u0151 karbantart\u00e1s:<\/p>\n<ul>\n<li>Rendszeresen ellen\u0151rizze \u00e9s tiszt\u00edtsa meg a hengert a szennyez\u0151d\u00e9sek elt\u00e1vol\u00edt\u00e1sa \u00e9rdek\u00e9ben.<\/li>\n<li>Ellen\u0151rizze a t\u00f6m\u00edt\u0151elemeket, hogy nincsenek-e kop\u00e1s vagy s\u00e9r\u00fcl\u00e9s jelei, \u00e9s sz\u00fcks\u00e9g eset\u00e9n cser\u00e9lje ki azokat.<\/li>\n<li>Figyelje a henger teljes\u00edtm\u00e9ny\u00e9t, \u00e9s azonnal kezelje az esetleges rendelleness\u00e9geket.<\/li>\n<li>Gy\u0151z\u0151dj\u00f6n meg arr\u00f3l, hogy a hidraulikus rendszer megfelel\u0151en karbantartott, \u00e9s az olajszint az aj\u00e1nlott szinten van.<\/li>\n<\/ul>\n<h2>A term\u00e9k helyes telep\u00edt\u00e9se<\/h2>\n<p>A karhenger megfelel\u0151 beszerel\u00e9se kulcsfontoss\u00e1g\u00fa a teljes\u00edtm\u00e9nye \u00e9s biztons\u00e1ga szempontj\u00e1b\u00f3l. K\u00f6vesse az al\u00e1bbi ir\u00e1nyelveket:<\/p>\n<ul>\n<li>Gy\u0151z\u0151dj\u00f6n meg arr\u00f3l, hogy a szerel\u00e9si fel\u00fclet tiszta \u00e9s mentes mindenf\u00e9le t\u00f6rmel\u00e9kt\u0151l.<\/li>\n<li>Haszn\u00e1ljon megfelel\u0151 szersz\u00e1mokat \u00e9s technik\u00e1kat a henger biztons\u00e1gos r\u00f6gz\u00edt\u00e9s\u00e9hez t\u00falh\u00faz\u00e1s n\u00e9lk\u00fcl.<\/li>\n<li>A hidraulikat\u00f6ml\u0151k \u00e9s szerelv\u00e9nyek csatlakoztat\u00e1sakor k\u00f6vesse a gy\u00e1rt\u00f3 utas\u00edt\u00e1sait.<\/li>\n<li>A telep\u00edt\u00e9s ut\u00e1n ellen\u0151rizze az esetleges sziv\u00e1rg\u00e1sokat, \u00e9s azonnal jav\u00edtsa ki azokat.<\/li>\n<\/ul>\n<p><img decoding=\"async\" src=\"https:\/\/www.hydraulic-cylinders.net\/wp-content\/uploads\/2025\/01\/songte-bushings-with-all-kinds-of-excavator-models.webp\" alt=\"perselyek\" \/><\/p>\n<h2>Biztons\u00e1gi szempontok \u00e9s k\u00f6rnyezeti t\u00e9nyez\u0151k<\/h2>\n<p>Karos munkahengerek haszn\u00e1latakor kulcsfontoss\u00e1g\u00fa a biztons\u00e1gi int\u00e9zked\u00e9sek priorit\u00e1sk\u00e9nt val\u00f3 kezel\u00e9se a balesetek megel\u0151z\u00e9se \u00e9s a k\u00f6rnyezet v\u00e9delme \u00e9rdek\u00e9ben. A biztons\u00e1gi protokollok betart\u00e1sa \u00e9s a megfelel\u0151 biztons\u00e1gi felszerel\u00e9sek haszn\u00e1lata minden alkalmaz\u00e1sban elengedhetetlen a kezel\u0151k \u00e9s a k\u00f6rnyezet j\u00f3l\u00e9t\u00e9nek biztos\u00edt\u00e1sa \u00e9rdek\u00e9ben.<\/p>\n<h2>Hibaelh\u00e1r\u00edt\u00e1s \u00e9s gyakori probl\u00e9m\u00e1k<\/h2>\n<p>Tart\u00f3ss\u00e1guk ellen\u00e9re a karos munkahengerek id\u0151r\u0151l id\u0151re probl\u00e9m\u00e1kba \u00fctk\u00f6zhetnek. \u00cdme n\u00e9h\u00e1ny gyakori probl\u00e9ma \u00e9s lehets\u00e9ges megold\u00e1saik:<\/p>\n<ul>\n<li><strong>Probl\u00e9ma:<\/strong> A henger nem h\u00faz\u00f3dik ki vagy be megfelel\u0151en.<\/li>\n<li><strong>Megold\u00e1s:<\/strong> Ellen\u0151rizze a hidraulikafolyad\u00e9k sziv\u00e1rg\u00e1sait, sz\u00fcks\u00e9g eset\u00e9n vizsg\u00e1lja meg \u00e9s cser\u00e9lje ki a t\u00f6m\u00edt\u00e9seket, \u00e9s gondoskodjon a megfelel\u0151 folyad\u00e9knyom\u00e1sr\u00f3l.<\/li>\n<li><strong>Probl\u00e9ma:<\/strong> T\u00falzott zaj m\u0171k\u00f6d\u00e9s k\u00f6zben.<\/li>\n<li><strong>Megold\u00e1s:<\/strong> Ellen\u0151rizze a laza vagy s\u00e9r\u00fclt alkatr\u00e9szeket, \u00e9s ennek megfelel\u0151en h\u00fazza meg vagy cser\u00e9lje ki azokat.<\/li>\n<li><strong>Probl\u00e9ma:<\/strong> Lass\u00fa vagy r\u00e1ngat\u00f3z\u00f3 mozg\u00e1s.<\/li>\n<li><strong>Megold\u00e1s:<\/strong> Ellen\u0151rizze, hogy nincs-e elegend\u0151 hidraulikafolyad\u00e9k, tiszt\u00edtsa meg vagy cser\u00e9lje ki az elt\u00f6m\u0151d\u00f6tt sz\u0171r\u0151ket, \u00e9s biztos\u00edtsa a megfelel\u0151 ken\u00e9st.<\/li>\n<\/ul>\n<p>Fontos a megel\u0151z\u0151 int\u00e9zked\u00e9sek megt\u00e9tele a lehets\u00e9ges probl\u00e9m\u00e1k minimaliz\u00e1l\u00e1sa \u00e9s az optim\u00e1lis teljes\u00edtm\u00e9ny biztos\u00edt\u00e1sa \u00e9rdek\u00e9ben.<\/p>\n<p><img decoding=\"async\" src=\"https:\/\/www.hydraulic-cylinders.net\/wp-content\/uploads\/2025\/01\/songte-chushion-collar.webp\" alt=\"Chushion gall\u00e9r\" \/><\/p>\n<p>Ne felejtsd el logikusan fel\u00e9p\u00edteni a cikket, haszn\u00e1lj alc\u00edmeket a k\u00f6nny\u0171 navig\u00e1ci\u00f3 \u00e9rdek\u00e9ben, \u00e9p\u00edts be relev\u00e1ns k\u00e9peket vagy diagramokat a jobb meg\u00e9rt\u00e9s \u00e9rdek\u00e9ben, \u00e9s \u00fcgyelj az \u00e9rthet\u0151s\u00e9gre, t\u00f6m\u00f6rs\u00e9gre \u00e9s arra, hogy a sz\u00f6veg a k\u00fcl\u00f6nb\u00f6z\u0151 szint\u0171 technikai tud\u00e1ssal rendelkez\u0151 olvas\u00f3k sz\u00e1m\u00e1ra is megfelel\u0151 legyen.<\/p>\n<p><em>Szerz\u0151: lyl<\/em><\/p>\n<p><img decoding=\"async\" src=\"https:\/\/www.hydraulic-cylinders.net\/wp-content\/uploads\/2025\/01\/songte-company-4.webp\" alt=\"C\u00e9gk\u00e9p 1\" \/><br \/>\n<img decoding=\"async\" src=\"https:\/\/www.hydraulic-cylinders.net\/wp-content\/uploads\/2025\/01\/songte-company-3.webp\" alt=\"C\u00e9gk\u00e9p 2\" \/><\/p>","protected":false},"excerpt":{"rendered":"<p>Arm Cylinder For Jove JV55-7 Product Definition An arm cylinder is a specially designed hydraulic cylinder that is used to provide linear motion and power to the arms of various types of machinery such as excavators, cranes, and robotic arms. The arm cylinder plays a crucial role in hydraulic systems, enabling the movement and control [&hellip;]<\/p>","protected":false},"featured_media":14774,"comment_status":"open","ping_status":"closed","template":"","meta":{"_et_pb_use_builder":"","_et_pb_old_content":"","_et_gb_content_width":""},"product_brand":[],"product_cat":[1497],"product_tag":[1498,1496],"class_list":{"0":"post-16701","1":"product","2":"type-product","3":"status-publish","4":"has-post-thumbnail","6":"product_cat-arm-cylinders","7":"product_tag-arm-cylinders","8":"product_tag-hydraulic-cylinders","10":"first","11":"instock","12":"shipping-taxable","13":"product-type-simple"},"amp_enabled":true,"_links":{"self":[{"href":"https:\/\/www.hydraulic-cylinders.net\/hu\/wp-json\/wp\/v2\/product\/16701","targetHints":{"allow":["GET"]}}],"collection":[{"href":"https:\/\/www.hydraulic-cylinders.net\/hu\/wp-json\/wp\/v2\/product"}],"about":[{"href":"https:\/\/www.hydraulic-cylinders.net\/hu\/wp-json\/wp\/v2\/types\/product"}],"replies":[{"embeddable":true,"href":"https:\/\/www.hydraulic-cylinders.net\/hu\/wp-json\/wp\/v2\/comments?post=16701"}],"wp:featuredmedia":[{"embeddable":true,"href":"https:\/\/www.hydraulic-cylinders.net\/hu\/wp-json\/wp\/v2\/media\/14774"}],"wp:attachment":[{"href":"https:\/\/www.hydraulic-cylinders.net\/hu\/wp-json\/wp\/v2\/media?parent=16701"}],"wp:term":[{"taxonomy":"product_brand","embeddable":true,"href":"https:\/\/www.hydraulic-cylinders.net\/hu\/wp-json\/wp\/v2\/product_brand?post=16701"},{"taxonomy":"product_cat","embeddable":true,"href":"https:\/\/www.hydraulic-cylinders.net\/hu\/wp-json\/wp\/v2\/product_cat?post=16701"},{"taxonomy":"product_tag","embeddable":true,"href":"https:\/\/www.hydraulic-cylinders.net\/hu\/wp-json\/wp\/v2\/product_tag?post=16701"}],"curies":[{"name":"munkaf\u00fczet","href":"https:\/\/api.w.org\/{rel}","templated":true}]}}