{"id":16703,"date":"2025-01-21T05:48:14","date_gmt":"2025-01-21T05:48:14","guid":{"rendered":"https:\/\/www.hydraulic-cylinders.net\/product\/arm-cylinder-for-jove-jv85\/"},"modified":"2025-01-21T05:48:16","modified_gmt":"2025-01-21T05:48:16","slug":"arm-cylinder-for-jove-jv85","status":"publish","type":"product","link":"https:\/\/www.hydraulic-cylinders.net\/hu\/termek\/arm-cylinder-for-jove-jv85\/","title":{"rendered":"Karhenger Jove JV85-h\u00f6z"},"content":{"rendered":"<h1>Karhenger Jove JV85-h\u00f6z<\/h1>\n<h2>Bevezet\u00e9s<\/h2>\n<p>A karhenger egy speci\u00e1lisan tervezett hidraulikus henger, amelyet els\u0151sorban k\u00fcl\u00f6nf\u00e9le g\u00e9pek, p\u00e9ld\u00e1ul kotr\u00f3g\u00e9pek, daruk \u00e9s mechanikus karok karjainak line\u00e1ris mozg\u00e1s\u00e1nak \u00e9s erej\u00e9nek biztos\u00edt\u00e1s\u00e1ra haszn\u00e1lnak. Kulcsfontoss\u00e1g\u00fa szerepet j\u00e1tszik a hidraulikus rendszerben, lehet\u0151v\u00e9 t\u00e9ve tov\u00e1bbi szersz\u00e1mok vagy tartoz\u00e9kok mozg\u00e1s\u00e1t \u00e9s hat\u00e9kony vez\u00e9rl\u00e9s\u00e9t. Ezek a hengerek nemcsak sima mozg\u00e1st biztos\u00edtanak, hanem nagy terhel\u00e9seket is elviselnek, biztos\u00edtva a g\u00e9p hat\u00e9kony m\u0171k\u00f6d\u00e9s\u00e9t \u00e9s megb\u00edzhat\u00f3s\u00e1g\u00e1t k\u00fcl\u00f6nb\u00f6z\u0151 munkak\u00f6r\u00fclm\u00e9nyek k\u00f6z\u00f6tt.<\/p>\n<p><img decoding=\"async\" src=\"https:\/\/www.hydraulic-cylinders.net\/wp-content\/uploads\/2025\/01\/songte-company-2.webp\" alt=\"Karhenger\"><\/p>\n<h2>Jellemz\u0151k<\/h2>\n<ul>\n<li>Nagy teljes\u00edtm\u00e9ny\u0171 er\u0151\u00e1tvitel: A karhenger er\u0151teljes line\u00e1ris mozg\u00e1st \u00e9s er\u0151t biztos\u00edt, biztos\u00edtva a magas hat\u00e9konys\u00e1got a k\u00fcl\u00f6nf\u00e9le m\u0171veletek sor\u00e1n.<\/li>\n<li>Prec\u00edz vez\u00e9rl\u00e9s: A karhenger prec\u00edz mozg\u00e1svez\u00e9rl\u00e9st biztos\u00edt a hidraulikus rendszeren kereszt\u00fcl, \u00edgy a csatlakoztatott szersz\u00e1mok m\u0171k\u00f6d\u00e9se rugalmasabb \u00e9s pontosabb.<\/li>\n<li>Er\u0151s tart\u00f3ss\u00e1g: A karhenger \u00e1ltal\u00e1ban nagy szil\u00e1rds\u00e1g\u00fa anyagb\u00f3l k\u00e9sz\u00fcl, amely kiv\u00e1l\u00f3 kop\u00e1s\u00e1ll\u00f3s\u00e1ggal \u00e9s korr\u00f3zi\u00f3\u00e1ll\u00f3s\u00e1ggal rendelkezik, \u00edgy hossz\u00fa t\u00e1v\u00fa haszn\u00e1latra alkalmas zord k\u00f6rnyezetben.<\/li>\n<li>T\u00f6bbfunkci\u00f3s alkalmazkod\u00f3k\u00e9pess\u00e9g: Ezek a hengerek sz\u00e9les k\u00f6rben alkalmazhat\u00f3k k\u00fcl\u00f6nf\u00e9le mechanikus berendez\u00e9sekben, p\u00e9ld\u00e1ul kotr\u00f3g\u00e9pekben, darukban \u00e9s mechanikus karokban, alkalmazkodva a k\u00fcl\u00f6nb\u00f6z\u0151 munkak\u00f6vetelm\u00e9nyekhez.<\/li>\n<li>K\u00f6nny\u0171 karbantart\u00e1s: A tervez\u00e9s sor\u00e1n figyelembe vett\u00e9k az egyszer\u0171 karbantart\u00e1st \u00e9s cser\u00e9t, \u00edgy a rendszeres ellen\u0151rz\u00e9sek \u00e9s karbantart\u00e1s k\u00e9nyelmesebb\u00e9 v\u00e1lik, cs\u00f6kkentve a berendez\u00e9sek \u00e1ll\u00e1sidej\u00e9t.<\/li>\n<\/ul>\n<p>Term\u00e9k\u00fcnk t\u00f6k\u00e9letesen helyettes\u00edtheti ezeket a hidraulikus hengereket.<\/p>\n<p><img decoding=\"async\" src=\"https:\/\/www.hydraulic-cylinders.net\/wp-content\/uploads\/2025\/01\/songte-oil-pipes-and-spare-parts.webp\" alt=\"Hidraulikus henger\"><\/p>\n<h2>Alkalmaz\u00e1sok<\/h2>\n<p>A karhenger sz\u00e9les k\u00f6rben alkalmazhat\u00f3 k\u00fcl\u00f6nb\u00f6z\u0151 ter\u00fcleteken, p\u00e9ld\u00e1ul:<\/p>\n<ul>\n<li>\u00c9p\u00edt\u0151ipar: Kotr\u00f3g\u00e9pekben \u00e9s darukban a karhengereket a v\u00f6dr\u00f6k vagy g\u00e9mek mozg\u00e1s\u00e1nak vez\u00e9rl\u00e9s\u00e9re haszn\u00e1lj\u00e1k f\u00f6ldmunk\u00e1kn\u00e1l, anyagmozgat\u00e1sn\u00e1l \u00e9s szerkezettelep\u00edt\u00e9sn\u00e9l.<\/li>\n<li>Gy\u00e1rt\u00f3ipar: Az automatiz\u00e1lt gy\u00e1rt\u00f3sorokon a karhengereket mechanikus karok mozgat\u00e1s\u00e1ra haszn\u00e1lj\u00e1k, p\u00e9ld\u00e1ul \u00f6sszeszerel\u00e9si, hegeszt\u00e9si \u00e9s anyagmozgat\u00e1si folyamatokhoz, jav\u00edtva a termel\u00e9si hat\u00e9konys\u00e1got \u00e9s a pontoss\u00e1got.<\/li>\n<li>Mez\u0151gazdas\u00e1gi g\u00e9pek: A mez\u0151gazdas\u00e1gi g\u00e9pekben, p\u00e9ld\u00e1ul a betakar\u00edt\u00f3g\u00e9pekben \u00e9s a vet\u0151g\u00e9pekben a karhengerek vez\u00e9rlik a m\u0171k\u00f6dtet\u0151 karok mozg\u00e1s\u00e1t, olyan feladatokat l\u00e1tva el, mint a vet\u00e9s, a tr\u00e1gy\u00e1z\u00e1s \u00e9s a betakar\u00edt\u00e1s.<\/li>\n<li>B\u00e1ny\u00e1szat: A b\u00e1ny\u00e1szati \u200b\u200bberendez\u00e9sekben a karhengereket az \u00e9rcb\u00e1ny\u00e1szati \u200b\u200b\u00e9s -kezel\u00e9si berendez\u00e9sek karmozg\u00e1s\u00e1nak vez\u00e9rl\u00e9s\u00e9re haszn\u00e1lj\u00e1k.<\/li>\n<li>Logisztika \u00e9s sz\u00e1ll\u00edt\u00e1s: A targonc\u00e1kban \u00e9s anyagmozgat\u00f3 robotokban a karhengereket a vill\u00e1k emel\u00e9s\u00e9nek \u00e9s mozg\u00e1s\u00e1nak vez\u00e9rl\u00e9s\u00e9re haszn\u00e1lj\u00e1k, megval\u00f3s\u00edtva az anyagmozgat\u00e1st \u00e9s a rakod\u00e1st.<\/li>\n<\/ul>\n<h2>Tervez\u00e9si szempontok \u00e9s kiv\u00e1laszt\u00e1si krit\u00e9riumok<\/h2>\n<p>Tervez\u00e9si szempontb\u00f3l a k\u00f6vetkez\u0151 f\u0151 t\u00e9nyez\u0151ket kell figyelembe venni:<\/p>\n<ul>\n<li>Teherb\u00edr\u00e1s: A karhengernek elegend\u0151 teherb\u00edr\u00e1st kell biztos\u00edtania a k\u00fcl\u00f6nb\u00f6z\u0151 munkak\u00f6vetelm\u00e9nyeknek megfelel\u0151en.<\/li>\n<li>T\u00f6m\u00edt\u00e9s: A karhengerek t\u00f6m\u00edt\u0151teljes\u00edtm\u00e9ny\u00e9nek biztos\u00edt\u00e1s\u00e1hoz k\u00fcl\u00f6nf\u00e9le t\u00f6m\u00edt\u0151elemeket, p\u00e9ld\u00e1ul dugatty\u00fat\u00f6m\u00edt\u00e9seket \u00e9s r\u00fadt\u00f6m\u00edt\u00e9seket kell haszn\u00e1lni.<\/li>\n<li>Tart\u00f3ss\u00e1g: A nagy szil\u00e1rds\u00e1g\u00fa anyagok haszn\u00e1lata \u00e9s a finom fel\u00fcletkezel\u00e9s jav\u00edthatja a karhengerek kop\u00e1s\u00e1ll\u00f3s\u00e1g\u00e1t \u00e9s korr\u00f3zi\u00f3\u00e1ll\u00f3s\u00e1g\u00e1t.<\/li>\n<li>Biztons\u00e1g: A kialak\u00edt\u00e1snak biztos\u00edtania kell a karhengerek biztons\u00e1g\u00e1t k\u00fcl\u00f6nb\u00f6z\u0151 munkak\u00f6r\u00fclm\u00e9nyek k\u00f6z\u00f6tt.<\/li>\n<li>Karbantarthat\u00f3s\u00e1g: A karhengereknek k\u00f6nnyen karbantarthat\u00f3knak \u00e9s cser\u00e9lhet\u0151knek kell lenni\u00fck, cs\u00f6kkentve ezzel a berendez\u00e9sek \u00e1ll\u00e1sidej\u00e9t.<\/li>\n<\/ul>\n<p>A hengerkar kiv\u00e1laszt\u00e1si krit\u00e9riumai a k\u00f6vetkez\u0151k:<\/p>\n<ul>\n<li>\u00dczemi nyom\u00e1s \u00e9s h\u0151m\u00e9rs\u00e9kleti tartom\u00e1ny<\/li>\n<li>Hengerfurat m\u00e9rete \u00e9s l\u00f6kethossza<\/li>\n<li>Szerel\u00e9si t\u00edpus \u00e9s m\u00f3dszer<\/li>\n<li>Hidraulikafolyad\u00e9k t\u00edpusa \u00e9s kompatibilit\u00e1sa<\/li>\n<\/ul>\n<p><img decoding=\"async\" src=\"https:\/\/www.hydraulic-cylinders.net\/wp-content\/uploads\/2025\/01\/songte-cylinder-head-with-all-kinds-excavator-models.webp\" alt=\"Hengerfej\"><\/p>\n<h2>T\u00f6m\u00edt\u00e9s \u00e9s ken\u00e9s<\/h2>\n<p>A karhengerek t\u00f6m\u00edt\u0151teljes\u00edtm\u00e9ny\u00e9nek biztos\u00edt\u00e1s\u00e1hoz k\u00fcl\u00f6nf\u00e9le t\u00f6m\u00edt\u0151elemeket, p\u00e9ld\u00e1ul dugatty\u00fat\u00f6m\u00edt\u00e9seket, r\u00fadt\u00f6m\u00edt\u00e9seket \u00e9s ablakt\u00f6rl\u0151 t\u00f6m\u00edt\u00e9seket kell haszn\u00e1lni. A t\u00f6m\u00edt\u0151anyagok kiv\u00e1laszt\u00e1sakor olyan t\u00e9nyez\u0151ket kell figyelembe venni, mint a kop\u00e1s\u00e1ll\u00f3s\u00e1g, a korr\u00f3zi\u00f3\u00e1ll\u00f3s\u00e1g \u00e9s a hidraulikafolyad\u00e9kkal val\u00f3 kompatibilit\u00e1s. Ezenk\u00edv\u00fcl a hengertestet \u00e9s a menet v\u00e9g\u00e9t finoman meg kell munk\u00e1lni a kop\u00e1s\u00e1ll\u00f3s\u00e1g jav\u00edt\u00e1sa \u00e9rdek\u00e9ben. A ken\u00e9shez megfelel\u0151 hidraulikaolaj rendszeres hozz\u00e1ad\u00e1sa sz\u00fcks\u00e9ges.<\/p>\n<p><img decoding=\"async\" src=\"https:\/\/www.hydraulic-cylinders.net\/wp-content\/uploads\/2025\/01\/songte-chushion-collar.webp\" alt=\"P\u00e1rna gall\u00e9r\"><\/p>\n<h2>Karbantart\u00e1s \u00e9s hibaelh\u00e1r\u00edt\u00e1s<\/h2>\n<p>A karhengerek megb\u00edzhat\u00f3 m\u0171k\u00f6d\u00e9s\u00e9nek biztos\u00edt\u00e1s\u00e1hoz rendszeres ellen\u0151rz\u00e9sre \u00e9s megel\u0151z\u0151 karbantart\u00e1sra van sz\u00fcks\u00e9g. A k\u00f6vetkez\u0151 probl\u00e9m\u00e1kra kell figyelmet ford\u00edtani:<\/p>\n<ul>\n<li>Rendszeresen ellen\u0151rizze a karhengerek t\u00f6m\u00edtetts\u00e9g\u00e9t, \u00e9s id\u0151ben cser\u00e9lje ki a s\u00e9r\u00fclt t\u00f6m\u00edt\u00e9seket;<\/li>\n<li>Ker\u00fclje a hidraulikafolyad\u00e9k szennyez\u0151d\u00e9s\u00e9t, \u00e9s rendszeresen cser\u00e9lje ki;<\/li>\n<li>Ellen\u0151rizze a dugatty\u00far\u00fad \u00e9s a hengertest kop\u00e1s\u00e1t, \u00e9s sz\u00fcks\u00e9g eset\u00e9n cser\u00e9lje ki \u0151ket;<\/li>\n<li>Ker\u00fclje a t\u00falterhel\u00e9st \u00e9s a t\u00falnyom\u00e1st, \u00e9s biztos\u00edtsa a karhengerek biztons\u00e1g\u00e1t m\u0171k\u00f6d\u00e9s k\u00f6zben;<\/li>\n<li>Rendszeresen ellen\u0151rizze a karhengerek felszerel\u00e9s\u00e9t \u00e9s biztos\u00edtsa a r\u00f6gz\u00edt\u00e9s stabilit\u00e1s\u00e1t;<\/li>\n<li>Diagnosztiz\u00e1lja \u00e9s oldja meg a gyakori probl\u00e9m\u00e1kat, p\u00e9ld\u00e1ul a lass\u00fa mozg\u00e1st, a rezg\u00e9st \u00e9s a zajt.<\/li>\n<\/ul>\n<p>A megel\u0151z\u0151 int\u00e9zked\u00e9sek a k\u00f6vetkez\u0151k:<\/p>\n<ul>\n<li>A karhengerek helyes beszerel\u00e9se \u00e9s haszn\u00e1lata az utas\u00edt\u00e1soknak megfelel\u0151en;<\/li>\n<li>Rendszeres ellen\u0151rz\u00e9s \u00e9s karbantart\u00e1s;<\/li>\n<li>Megfelel\u0151 hidraulikafolyad\u00e9k \u00e9s t\u00f6m\u00edt\u0151anyagok haszn\u00e1lata;<\/li>\n<li>T\u00falterhel\u00e9s \u00e9s t\u00falnyom\u00e1s megel\u0151z\u00e9se.<\/li>\n<\/ul>\n<h2>Telep\u00edt\u00e9si \u00fatmutat\u00f3<\/h2>\n<p>A karhengerek beszerel\u00e9sekor a gy\u00e1rt\u00f3 utas\u00edt\u00e1sait kell k\u00f6vetni, \u00e9s figyelembe kell venni a k\u00f6vetkez\u0151 t\u00e9nyez\u0151ket:<\/p>\n<ul>\n<li>A karhengerek helyes kiv\u00e1laszt\u00e1sa a berendez\u00e9s k\u00f6vetelm\u00e9nyeinek megfelel\u0151en;<\/li>\n<li>A karhenger r\u00f6gz\u00edt\u00e9s\u00e9nek helyes beszerel\u00e9se;<\/li>\n<li>Biztos\u00edtsa a karhenger r\u00f6gz\u00edt\u00e9s\u00e9nek stabilit\u00e1s\u00e1t;<\/li>\n<li>Csatlakoztassa helyesen a hidraulikus cs\u00f6veket \u00e9s szerelv\u00e9nyeket;<\/li>\n<li>T\u00f6ltse fel a hidraulikafolyad\u00e9kot az utas\u00edt\u00e1soknak megfelel\u0151en;<\/li>\n<li>Rendszeresen ellen\u0151rizze a karhenger t\u00f6m\u00edtetts\u00e9g\u00e9t.<\/li>\n<\/ul>\n<p><img decoding=\"async\" src=\"https:\/\/www.hydraulic-cylinders.net\/wp-content\/uploads\/2025\/01\/songte-bushings-with-all-kinds-of-excavator-models.webp\" alt=\"perselyek\"><\/p>\n<h2>Biztons\u00e1gi szempontok \u00e9s k\u00f6rnyezeti t\u00e9nyez\u0151k<\/h2>\n<p>A karhenger biztons\u00e1gi int\u00e9zked\u00e9sei a k\u00f6vetkez\u0151k:<\/p>\n<ul>\n<li>Ker\u00fclje a t\u00falterhel\u00e9st \u00e9s a t\u00falnyom\u00e1st;<\/li>\n<li>Biztos\u00edtsa a karhenger r\u00f6gz\u00edt\u00e9s\u00e9nek stabilit\u00e1s\u00e1t;<\/li>\n<li>Rendszeres ellen\u0151rz\u00e9s \u00e9s karbantart\u00e1s;<\/li>\n<li>Megfelel\u0151 hidraulikafolyad\u00e9k \u00e9s t\u00f6m\u00edt\u0151anyagok haszn\u00e1lata;<\/li>\n<li>V\u00e9d\u0151eszk\u00f6z\u00f6k, p\u00e9ld\u00e1ul biztons\u00e1gi szelepek \u00e9s pufferek haszn\u00e1lata.<\/li>\n<\/ul>\n<p>A karhenger kiv\u00e1laszt\u00e1sakor \u00e9s haszn\u00e1latakor figyelembe kell venni a k\u00f6rnyezeti t\u00e9nyez\u0151ket, p\u00e9ld\u00e1ul a h\u0151m\u00e9rs\u00e9kletet, a p\u00e1ratartalmat \u00e9s a korr\u00f3zi\u00f3t.<\/p>\n<h2>R\u00f3lunk<\/h2>\n<p>Sz\u00e9les term\u00e9kv\u00e1laszt\u00e9kkal rendelkez\u0151 p\u00f3talkatr\u00e9sz-hidraulikus hengerek professzion\u00e1lis gy\u00e1rt\u00f3jak\u00e9nt \u00e9s nagykereskedelmi forgalmaz\u00f3j\u00e1v\u00e1 v\u00e1ltunk a hazai \u00e9s a nemzetk\u00f6zi piacokon. Mindig a kiv\u00e1l\u00f3 min\u0151s\u00e9g elv\u00e9t k\u00f6vetj\u00fck, a kifinomult gy\u00e1rt\u00f3m\u0171helyek iparos\u00edtott termel\u00e9sir\u00e1ny\u00edt\u00e1si strat\u00e9gi\u00e1j\u00e1ra t\u00e1maszkodva, folyamatosan fejlesztve technol\u00f3gi\u00e1nkat \u00e9s termel\u00e9si hat\u00e9konys\u00e1gunkat. Cs\u00facskateg\u00f3ri\u00e1s digit\u00e1lis gy\u00e1rt\u00f3berendez\u00e9sek \u00e9s professzion\u00e1lis tesztel\u0151rendszerek bevezet\u00e9s\u00e9vel folyamatosan optimaliz\u00e1ljuk gy\u00e1rt\u00e1si platformunkat, fejlesztj\u00fck term\u00e9kmin\u0151s\u00e9g-ellen\u0151rz\u00e9si folyamatunkat, \u00e9s er\u0151s innov\u00e1ci\u00f3s k\u00e9pess\u00e9gekkel rendelkez\u00fcnk. C\u00e9lunk, hogy a hat\u00e9konys\u00e1g, a pontoss\u00e1g \u00e9s a magas min\u0151s\u00e9g elveivel el\u00e9g\u00edts\u00fck ki \u00fcgyfeleink sokr\u00e9t\u0171 ig\u00e9nyeit.<\/p>\n<p><img decoding=\"async\" src=\"https:\/\/www.hydraulic-cylinders.net\/wp-content\/uploads\/2025\/01\/songte-company-4.webp\" alt=\"C\u00e9gprofil\"><br \/>\n<img decoding=\"async\" src=\"https:\/\/www.hydraulic-cylinders.net\/wp-content\/uploads\/2025\/01\/songte-company-3.webp\" alt=\"C\u00e9gprofil\"><\/p>\n<p>Professzion\u00e1lis szolg\u00e1ltat\u00e1sokat ny\u00fajtunk nemzetk\u00f6zi tan\u00fas\u00edt\u00e1s, testreszabott szolg\u00e1ltat\u00e1sok, gy\u00e1rt\u00f3berendez\u00e9sek \u00e9s \u00e9rt\u00e9kes\u00edt\u00e9s ut\u00e1ni szolg\u00e1ltat\u00e1sok ter\u00e9n.<\/p>\n<p>Szerz\u0151: lyl.<\/p>","protected":false},"excerpt":{"rendered":"<p>Arm Cylinder For Jove JV85 Introduction Arm cylinder is a specially designed hydraulic cylinder primarily used for providing linear motion and power to the arms of various types of machinery such as excavators, cranes, and mechanical arms. It plays a crucial role in the hydraulic system, allowing additional tools or attachments to move and be [&hellip;]<\/p>","protected":false},"featured_media":14770,"comment_status":"open","ping_status":"closed","template":"","meta":{"_et_pb_use_builder":"","_et_pb_old_content":"","_et_gb_content_width":""},"product_brand":[],"product_cat":[1497],"product_tag":[1498,1496],"class_list":{"0":"post-16703","1":"product","2":"type-product","3":"status-publish","4":"has-post-thumbnail","6":"product_cat-arm-cylinders","7":"product_tag-arm-cylinders","8":"product_tag-hydraulic-cylinders","10":"first","11":"instock","12":"shipping-taxable","13":"product-type-simple"},"amp_enabled":true,"_links":{"self":[{"href":"https:\/\/www.hydraulic-cylinders.net\/hu\/wp-json\/wp\/v2\/product\/16703","targetHints":{"allow":["GET"]}}],"collection":[{"href":"https:\/\/www.hydraulic-cylinders.net\/hu\/wp-json\/wp\/v2\/product"}],"about":[{"href":"https:\/\/www.hydraulic-cylinders.net\/hu\/wp-json\/wp\/v2\/types\/product"}],"replies":[{"embeddable":true,"href":"https:\/\/www.hydraulic-cylinders.net\/hu\/wp-json\/wp\/v2\/comments?post=16703"}],"wp:featuredmedia":[{"embeddable":true,"href":"https:\/\/www.hydraulic-cylinders.net\/hu\/wp-json\/wp\/v2\/media\/14770"}],"wp:attachment":[{"href":"https:\/\/www.hydraulic-cylinders.net\/hu\/wp-json\/wp\/v2\/media?parent=16703"}],"wp:term":[{"taxonomy":"product_brand","embeddable":true,"href":"https:\/\/www.hydraulic-cylinders.net\/hu\/wp-json\/wp\/v2\/product_brand?post=16703"},{"taxonomy":"product_cat","embeddable":true,"href":"https:\/\/www.hydraulic-cylinders.net\/hu\/wp-json\/wp\/v2\/product_cat?post=16703"},{"taxonomy":"product_tag","embeddable":true,"href":"https:\/\/www.hydraulic-cylinders.net\/hu\/wp-json\/wp\/v2\/product_tag?post=16703"}],"curies":[{"name":"munkaf\u00fczet","href":"https:\/\/api.w.org\/{rel}","templated":true}]}}