{"id":16704,"date":"2025-01-21T05:48:18","date_gmt":"2025-01-21T05:48:18","guid":{"rendered":"https:\/\/www.hydraulic-cylinders.net\/product\/arm-cylinder-for-jove-jv150\/"},"modified":"2025-01-21T05:48:21","modified_gmt":"2025-01-21T05:48:21","slug":"arm-cylinder-for-jove-jv150","status":"publish","type":"product","link":"https:\/\/www.hydraulic-cylinders.net\/hu\/termek\/arm-cylinder-for-jove-jv150\/","title":{"rendered":"Karhenger Jove JV150-hez"},"content":{"rendered":"<h1>Karhenger Jove JV150-hez<\/h1>\n<h2>Bevezet\u00e9s<\/h2>\n<p>A karhenger egy speci\u00e1lis hidraulikus henger, amelyet arra terveztek, hogy line\u00e1ris mozg\u00e1st \u00e9s er\u0151t biztos\u00edtson k\u00fcl\u00f6nf\u00e9le g\u00e9pek, p\u00e9ld\u00e1ul kotr\u00f3g\u00e9pek, daruk \u00e9s robotkarok karjainak. Kulcsfontoss\u00e1g\u00fa szerepet j\u00e1tszik a hidraulikus rendszerekben, lehet\u0151v\u00e9 t\u00e9ve a tov\u00e1bbi szersz\u00e1mok vagy tartoz\u00e9kok hat\u00e9kony mozgat\u00e1s\u00e1t \u00e9s vez\u00e9rl\u00e9s\u00e9t. Ezek a hengerek nemcsak a sima mozg\u00e1st biztos\u00edtj\u00e1k, hanem a nagy terhel\u00e9seket is elviselik, biztos\u00edtva a g\u00e9pek hat\u00e9kony m\u0171k\u00f6d\u00e9s\u00e9t \u00e9s megb\u00edzhat\u00f3s\u00e1g\u00e1t k\u00fcl\u00f6nb\u00f6z\u0151 munkak\u00f6r\u00fclm\u00e9nyek k\u00f6z\u00f6tt.<\/p>\n<h3>Defin\u00edci\u00f3 \u00e9s magyar\u00e1zat<\/h3>\n<p>A g\u00e9mhenger, m\u00e1s n\u00e9ven g\u00e9mhenger, egy hidraulikus henger, amelyet kifejezetten a g\u00e9pek karjainak line\u00e1ris mozg\u00e1s\u00e1nak \u00e9s erej\u00e9nek biztos\u00edt\u00e1s\u00e1ra terveztek. Egy hengeres cs\u0151b\u0151l, egy dugatty\u00fab\u00f3l \u00e9s egy r\u00fadb\u00f3l \u00e1ll. Hidraulikus nyom\u00e1s alkalmaz\u00e1sakor a dugatty\u00fa a cs\u0151 belsej\u00e9ben mozog, kiny\u00fajtva vagy visszah\u00fazva a rudat. A r\u00fadnak ez a line\u00e1ris mozg\u00e1sa biztos\u00edtja a sz\u00fcks\u00e9ges er\u0151t a karok sz\u00e1m\u00e1ra olyan feladatok elv\u00e9gz\u00e9s\u00e9hez, mint az \u00e1s\u00e1s, emel\u00e9s \u00e9s man\u0151verez\u00e9s.<\/p>\n<p><img decoding=\"async\" src=\"https:\/\/www.hydraulic-cylinders.net\/wp-content\/uploads\/2025\/01\/songte-company-2.webp\"><\/p>\n<h2>A Jove JV150 karhenger\u00e9nek jellemz\u0151i<\/h2>\n<ul>\n<li><strong>Nagy hat\u00e9konys\u00e1g\u00fa \u00e1tvitel:<\/strong> A karhenger er\u0151teljes line\u00e1ris mozg\u00e1st \u00e9s er\u0151t biztos\u00edt, biztos\u00edtva a g\u00e9p nagy teljes\u00edtm\u00e9ny\u00e9t.<\/li>\n<li><strong>Prec\u00edz vez\u00e9rl\u00e9s:<\/strong> A hidraulikus rendszeren kereszt\u00fcl a karhenger prec\u00edz mozg\u00e1svez\u00e9rl\u00e9st tesz lehet\u0151v\u00e9, \u00edgy a csatlakoztatott eszk\u00f6z\u00f6k kezel\u00e9se rugalmasabb \u00e9s pontosabb.<\/li>\n<li><strong>Tart\u00f3ss\u00e1g:<\/strong> A karos munkahengerek jellemz\u0151en nagy szil\u00e1rds\u00e1g\u00fa anyagokb\u00f3l k\u00e9sz\u00fclnek, amelyek kiv\u00e1l\u00f3 kop\u00e1s\u00e1ll\u00f3s\u00e1got \u00e9s korr\u00f3zi\u00f3\u00e1ll\u00f3s\u00e1got biztos\u00edtanak, \u00edgy alkalmasak hossz\u00fa t\u00e1v\u00fa haszn\u00e1latra zord k\u00f6rnyezetben.<\/li>\n<li><strong>T\u00f6bbfunkci\u00f3s alkalmazkod\u00f3k\u00e9pess\u00e9g:<\/strong> Ezek a munkahengerek sz\u00e9les k\u00f6rben alkalmazhat\u00f3k k\u00fcl\u00f6nf\u00e9le g\u00e9pekhez, p\u00e9ld\u00e1ul kotr\u00f3g\u00e9pekhez, darukhoz \u00e9s robotkarokhoz, \u00edgy a legk\u00fcl\u00f6nf\u00e9l\u00e9bb munkak\u00f6vetelm\u00e9nyeknek is megfelelnek.<\/li>\n<li><strong>K\u00f6nny\u0171 karbantart\u00e1s:<\/strong> A k\u00f6nny\u0171 karbantart\u00e1sra \u00e9s cser\u00e9re tervezett karhengerek megk\u00f6nny\u00edtik a rendszeres ellen\u0151rz\u00e9st \u00e9s karbantart\u00e1st, cs\u00f6kkentve a berendez\u00e9s \u00e1ll\u00e1sidej\u00e9t.<\/li>\n<\/ul>\n<p><img decoding=\"async\" src=\"https:\/\/www.hydraulic-cylinders.net\/wp-content\/uploads\/2025\/01\/songte-oil-pipes-and-spare-parts.webp\"><\/p>\n<h2>Alkalmaz\u00e1sok<\/h2>\n<p>A karhenger sz\u00e1mos ipar\u00e1gban \u00e9s \u00e1gazatban alkalmazhat\u00f3, bele\u00e9rtve:<\/p>\n<ul>\n<li><strong>\u00c9p\u00edt\u0151m\u00e9rn\u00f6ki:<\/strong> Kotr\u00f3g\u00e9pekn\u00e9l \u00e9s darukn\u00e1l a karhenger vez\u00e9rli a v\u00f6dr\u00f6k vagy g\u00e9mek mozg\u00e1s\u00e1t f\u00f6ldmunk\u00e1kn\u00e1l, anyagmozgat\u00e1sn\u00e1l \u00e9s szerkezeti telep\u00edt\u00e9sekn\u00e9l.<\/li>\n<li><strong>Gy\u00e1rt\u00e1s:<\/strong> Az automatiz\u00e1lt gy\u00e1rt\u00f3sorokon a karhenger lehet\u0151v\u00e9 teszi a robotkarok mozg\u00e1s\u00e1t az \u00f6sszeszerel\u00e9si, hegeszt\u00e9si \u00e9s anyagmozgat\u00e1si folyamatok sor\u00e1n, n\u00f6velve a termel\u00e9si hat\u00e9konys\u00e1got \u00e9s a pontoss\u00e1got.<\/li>\n<li><strong>Mez\u0151gazdas\u00e1gi g\u00e9pek:<\/strong> A mez\u0151gazdas\u00e1gi g\u00e9pekben, p\u00e9ld\u00e1ul a betakar\u00edt\u00f3g\u00e9pekben \u00e9s a vet\u0151g\u00e9pekben a karhenger vez\u00e9rli a m\u0171k\u00f6dtet\u0151 karok mozg\u00e1s\u00e1t olyan feladatokhoz, mint a vet\u00e9s, a m\u0171tr\u00e1gy\u00e1z\u00e1s \u00e9s a betakar\u00edt\u00e1s.<\/li>\n<li><strong>B\u00e1ny\u00e1szati:<\/strong> A b\u00e1ny\u00e1szati \u200b\u200bberendez\u00e9sekben a karhenger vez\u00e9rli a b\u00e1ny\u00e1szati \u200b\u200bg\u00e9pek karj\u00e1nak mozg\u00e1s\u00e1t az \u00e9rc kitermel\u00e9se \u00e9s sz\u00e1ll\u00edt\u00e1sa sor\u00e1n.<\/li>\n<li><strong>Logisztika \u00e9s sz\u00e1ll\u00edt\u00e1s:<\/strong> A targonc\u00e1kban \u00e9s anyagmozgat\u00f3 robotokban a karhenger vez\u00e9rli a vill\u00e1k emel\u00e9s\u00e9t \u00e9s mozg\u00e1s\u00e1t, lehet\u0151v\u00e9 t\u00e9ve az anyagmozgat\u00e1st \u00e9s a rakod\u00e1st.<\/li>\n<\/ul>\n<h2>Tervez\u00e9si szempontok \u00e9s kiv\u00e1laszt\u00e1si krit\u00e9riumok<\/h2>\n<p>A hengerfej tervez\u00e9sekor \u00e9s kiv\u00e1laszt\u00e1sakor sz\u00e1mos t\u00e9nyez\u0151t kell figyelembe venni:<\/p>\n<ul>\n<li><strong>Teherb\u00edr\u00e1s:<\/strong> A hengernek k\u00e9pesnek kell lennie ellen\u00e1llni a m\u0171k\u00f6d\u00e9s sor\u00e1n v\u00e1rhat\u00f3 terhel\u00e9seknek \u00e9s er\u0151knek.<\/li>\n<li><strong>T\u00f6m\u00edt\u00e9s:<\/strong> K\u00fcl\u00f6nb\u00f6z\u0151 t\u00f6m\u00edt\u0151elemeket, p\u00e9ld\u00e1ul dugatty\u00fat\u00f6m\u00edt\u00e9seket \u00e9s r\u00fadt\u00f6m\u00edt\u00e9seket kell haszn\u00e1lni a megfelel\u0151 t\u00f6m\u00edt\u00e9s biztos\u00edt\u00e1s\u00e1ra \u00e9s a hidraulikafolyad\u00e9k sziv\u00e1rg\u00e1s\u00e1nak megakad\u00e1lyoz\u00e1s\u00e1ra.<\/li>\n<li><strong>Tart\u00f3ss\u00e1g:<\/strong> A hengertestet \u00e9s a menetes v\u00e9geket megfelel\u0151 fel\u00fcletkezel\u00e9snek kell al\u00e1vetni a kop\u00e1s\u00e1ll\u00f3s\u00e1g n\u00f6vel\u00e9se \u00e9s az \u00e9lettartam meghosszabb\u00edt\u00e1sa \u00e9rdek\u00e9ben.<\/li>\n<li><strong>Biztons\u00e1g:<\/strong> Biztons\u00e1gi berendez\u00e9seket, p\u00e9ld\u00e1ul nyom\u00e1scs\u00f6kkent\u0151 szelepeket \u00e9s v\u00e9szle\u00e1ll\u00edt\u00f3 mechanizmusokat kell be\u00e9p\u00edteni a m\u0171k\u00f6d\u00e9s k\u00f6zbeni balesetek megel\u0151z\u00e9se \u00e9rdek\u00e9ben.<\/li>\n<li><strong>Karbantarthat\u00f3s\u00e1g:<\/strong> A karbantart\u00e1si \u00e9s csereid\u0151 minimaliz\u00e1l\u00e1sa \u00e9s a karbantart\u00e1si elj\u00e1r\u00e1sok megk\u00f6nny\u00edt\u00e9se \u00e9rdek\u00e9ben figyelembe kell venni az alkatr\u00e9szek k\u00f6nny\u0171 hozz\u00e1f\u00e9rhet\u0151s\u00e9g\u00e9t.<\/li>\n<\/ul>\n<p><img decoding=\"async\" src=\"https:\/\/www.hydraulic-cylinders.net\/wp-content\/uploads\/2025\/01\/songte-cylinder-head-with-all-kinds-excavator-models.webp\"><\/p>\n<h2>T\u00f6m\u00edt\u00e9s \u00e9s ken\u00e9s<\/h2>\n<p>A karhenger k\u00fcl\u00f6nf\u00e9le t\u00f6m\u00edt\u0151elemeket haszn\u00e1l, bele\u00e9rtve a dugatty\u00fat\u00f6m\u00edt\u00e9seket \u00e9s a r\u00fadt\u00f6m\u00edt\u00e9seket, amelyek kop\u00e1s\u00e1ll\u00f3 anyagokb\u00f3l, p\u00e9ld\u00e1ul poliuret\u00e1nb\u00f3l \u00e9s nitrilgumib\u00f3l k\u00e9sz\u00fclnek. A hengertest \u00e9s a menetes v\u00e9gek prec\u00edz fel\u00fcletkezel\u00e9sen esnek \u00e1t a kop\u00e1s\u00e1ll\u00f3s\u00e1g fokoz\u00e1sa \u00e9rdek\u00e9ben. A megfelel\u0151 mennyis\u00e9g\u0171 hidraulikaolajjal t\u00f6rt\u00e9n\u0151 rendszeres ken\u00e9s sz\u00fcks\u00e9ges a z\u00f6kken\u0151mentes m\u0171k\u00f6d\u00e9s biztos\u00edt\u00e1s\u00e1hoz \u00e9s a s\u00farl\u00f3d\u00e1s minimaliz\u00e1l\u00e1s\u00e1hoz.<\/p>\n<h2>Rendszeres ellen\u0151rz\u00e9s \u00e9s megel\u0151z\u0151 karbantart\u00e1s<\/h2>\n<p>A karhenger optim\u00e1lis teljes\u00edtm\u00e9ny\u00e9nek \u00e9s hossz\u00fa \u00e9lettartam\u00e1nak biztos\u00edt\u00e1sa \u00e9rdek\u00e9ben elengedhetetlen a rendszeres ellen\u0151rz\u00e9s \u00e9s a megel\u0151z\u0151 karbantart\u00e1s. A k\u00f6vetkez\u0151 int\u00e9zked\u00e9seket kell megtenni:<\/p>\n<ul>\n<li>Vizsg\u00e1lja meg a hengert kop\u00e1s, s\u00e9r\u00fcl\u00e9s vagy sziv\u00e1rg\u00e1s jelei szempontj\u00e1b\u00f3l.<\/li>\n<li>Ellen\u0151rizze a t\u00f6m\u00edt\u00e9s \u00e9ps\u00e9g\u00e9t, \u00e9s cser\u00e9lje ki az esetlegesen elhaszn\u00e1l\u00f3dott vagy s\u00e9r\u00fclt t\u00f6m\u00edt\u00e9seket.<\/li>\n<li>Figyelje a hidraulikafolyad\u00e9k szintj\u00e9t \u00e9s min\u0151s\u00e9g\u00e9t, \u00e9s sz\u00fcks\u00e9g szerint t\u00f6ltse fel vagy cser\u00e9lje ki.<\/li>\n<li>H\u00fazza meg a laza csatlakoz\u00e1sokat vagy szerelv\u00e9nyeket a folyad\u00e9ksziv\u00e1rg\u00e1s elker\u00fcl\u00e9se \u00e9rdek\u00e9ben.<\/li>\n<li>K\u00f6vesse a gy\u00e1rt\u00f3 \u00e1ltal aj\u00e1nlott karbantart\u00e1si \u00fctemtervet \u00e9s elj\u00e1r\u00e1sokat.<\/li>\n<\/ul>\n<h2>Term\u00e9ktelep\u00edt\u00e9si \u00fatmutat\u00f3<\/h2>\n<p>A karhenger megfelel\u0151 beszerel\u00e9se kulcsfontoss\u00e1g\u00fa a teljes\u00edtm\u00e9nye \u00e9s biztons\u00e1ga szempontj\u00e1b\u00f3l. A sikeres beszerel\u00e9shez k\u00f6vesse az al\u00e1bbi l\u00e9p\u00e9seket:<\/p>\n<ol>\n<li>Gy\u0151z\u0151dj\u00f6n meg arr\u00f3l, hogy a g\u00e9p ki van kapcsolva, \u00e9s minden hidraulikus nyom\u00e1s ki van engedve.<\/li>\n<li>Helyezze a hengert a k\u00edv\u00e1nt helyre, a r\u00f6gz\u00edt\u0151furatokat egy vonalba hozva.<\/li>\n<li>R\u00f6gz\u00edtse biztons\u00e1gosan a hengert megfelel\u0151 csavarokkal vagy csapokkal.<\/li>\n<li>Csatlakoztassa a hidraulikat\u00f6ml\u0151ket a henger be- \u00e9s kimeneti ny\u00edl\u00e1saihoz.<\/li>\n<li>A henger m\u0171k\u00f6d\u00e9s\u00e9t fokozatosan alkalmazva hidraulikus nyom\u00e1st, \u00e9s ellen\u0151rizve a sima mozg\u00e1st, ellen\u0151rizze.<\/li>\n<\/ol>\n<p><img decoding=\"async\" src=\"https:\/\/www.hydraulic-cylinders.net\/wp-content\/uploads\/2025\/01\/songte-bushings-with-all-kinds-of-excavator-models.webp\"><\/p>\n<h2>Biztons\u00e1gi szempontok \u00e9s k\u00f6rnyezeti t\u00e9nyez\u0151k<\/h2>\n<p>Karhengerek haszn\u00e1latakor a biztons\u00e1gi int\u00e9zked\u00e9sek rendk\u00edv\u00fcl fontosak a balesetek megel\u0151z\u00e9se \u00e9s a kezel\u0151 j\u00f3l\u00e9t\u00e9nek biztos\u00edt\u00e1sa \u00e9rdek\u00e9ben. A legfontosabb biztons\u00e1gi szempontok a k\u00f6vetkez\u0151k:<\/p>\n<ul>\n<li>G\u00e9pkezel\u0151k betan\u00edt\u00e1sa a karhengerekkel felszerelt g\u00e9pek megfelel\u0151 kezel\u00e9s\u00e9re \u00e9s \u00fczemeltet\u00e9s\u00e9re.<\/li>\n<li>Biztons\u00e1gi protokollok \u00e9s ir\u00e1nyelvek v\u00e9grehajt\u00e1sa a karbantart\u00e1si \u00e9s hibaelh\u00e1r\u00edt\u00e1si elj\u00e1r\u00e1sokhoz.<\/li>\n<li>Megfelel\u0151 szem\u00e9lyi v\u00e9d\u0151felszerel\u00e9s (PPE) biztos\u00edt\u00e1sa a kezel\u0151k \u00e9s a karbantart\u00f3 szem\u00e9lyzet sz\u00e1m\u00e1ra.<\/li>\n<li>A hidraulikafolyad\u00e9kok megfelel\u0151 kezel\u00e9s\u00e9re \u00e9s \u00e1rtalmatlan\u00edt\u00e1s\u00e1ra vonatkoz\u00f3 k\u00f6rnyezetv\u00e9delmi el\u0151\u00edr\u00e1sok betart\u00e1sa.<\/li>\n<\/ul>\n<h2>Hibadiagn\u00f3zis \u00e9s gyakori probl\u00e9m\u00e1k<\/h2>\n<p>Tart\u00f3ss\u00e1guk ellen\u00e9re a karhengerek id\u0151vel meghib\u00e1sodhatnak vagy probl\u00e9m\u00e1kba \u00fctk\u00f6zhetnek. N\u00e9h\u00e1ny gyakori probl\u00e9ma a k\u00f6vetkez\u0151:<\/p>\n<ul>\n<li>Hidraulikafolyad\u00e9k sziv\u00e1rg\u00e1sa a t\u00f6m\u00edt\u00e9sekb\u0151l vagy a csatlakoz\u00e1sokb\u00f3l.<\/li>\n<li>A henger szab\u00e1lytalan vagy r\u00e1ngat\u00f3z\u00f3 mozg\u00e1sa.<\/li>\n<li>Cs\u00f6kkent emel\u0151kapacit\u00e1s vagy er\u0151teljes\u00edtm\u00e9ny.<\/li>\n<li>T\u00falzott zaj vagy rezg\u00e9s m\u0171k\u00f6d\u00e9s k\u00f6zben.<\/li>\n<li>A kar inkonzisztens vagy instabil poz\u00edci\u00f3ja.<\/li>\n<\/ul>\n<p>A probl\u00e9m\u00e1k megold\u00e1s\u00e1hoz k\u00f6vesse az al\u00e1bbi hibaelh\u00e1r\u00edt\u00e1si l\u00e9p\u00e9seket:<\/p>\n<ul>\n<li>Vizsg\u00e1lja meg \u00e9s cser\u00e9lje ki az esetlegesen elhaszn\u00e1l\u00f3dott vagy s\u00e9r\u00fclt t\u00f6m\u00edt\u00e9seket.<\/li>\n<li>H\u00fazza meg a laza csatlakoz\u00e1sokat vagy szerelv\u00e9nyeket a folyad\u00e9ksziv\u00e1rg\u00e1s elker\u00fcl\u00e9se \u00e9rdek\u00e9ben.<\/li>\n<li>Ellen\u0151rizze a hidraulikafolyad\u00e9k szintj\u00e9t \u00e9s min\u0151s\u00e9g\u00e9t, sz\u00fcks\u00e9g szerint t\u00f6ltse fel vagy cser\u00e9lje ki.<\/li>\n<li>Kenje meg a mozg\u00f3 alkatr\u00e9szeket a s\u00farl\u00f3d\u00e1s cs\u00f6kkent\u00e9se \u00e9s a teljes\u00edtm\u00e9ny jav\u00edt\u00e1sa \u00e9rdek\u00e9ben.<\/li>\n<li>Ha a probl\u00e9ma tov\u00e1bbra is fenn\u00e1ll, tov\u00e1bbi seg\u00edts\u00e9g\u00e9rt forduljon a gy\u00e1rt\u00f3hoz vagy egy szakk\u00e9pzett szakemberhez.<\/li>\n<\/ul>\n<p><img decoding=\"async\" src=\"https:\/\/www.hydraulic-cylinders.net\/wp-content\/uploads\/2025\/01\/songte-chushion-collar.webp\"><\/p>\n<p>Ne felejtsd el logikusan fel\u00e9p\u00edteni a cikket, alc\u00edmeket haszn\u00e1lva a k\u00f6nny\u0171 navig\u00e1ci\u00f3 \u00e9rdek\u00e9ben. Haszn\u00e1lj relev\u00e1ns k\u00e9peket vagy diagramokat a meg\u00e9rt\u00e9s el\u0151seg\u00edt\u00e9se \u00e9rdek\u00e9ben, \u00e9s biztos\u00edtsd, hogy a tartalom vil\u00e1gos, t\u00f6m\u00f6r \u00e9s megfelel\u0151 legyen a k\u00fcl\u00f6nb\u00f6z\u0151 szint\u0171 technikai tud\u00e1ssal rendelkez\u0151 olvas\u00f3k sz\u00e1m\u00e1ra.<\/p>\n<h2>C\u00e9g\u00fcnkr\u0151l<\/h2>\n<p>Professzion\u00e1lis gy\u00e1rt\u00f3i vagyunk a p\u00f3talkatr\u00e9szk\u00e9nt haszn\u00e1lt hidraulikus hengereknek, sz\u00e9les term\u00e9kv\u00e1laszt\u00e9kot k\u00edn\u00e1lva. A hidraulikus hengerek egyik vezet\u0151 gy\u00e1rt\u00f3j\u00e1v\u00e1 \u00e9s nagykeresked\u0151j\u00e9v\u00e9 v\u00e1ltunk mind a hazai, mind a nemzetk\u00f6zi piacokon. Elk\u00f6telezettek vagyunk a kiv\u00e1l\u00f3s\u00e1g ir\u00e1nt...<\/p>","protected":false},"excerpt":{"rendered":"<p>Arm Cylinder For Jove JV150 Introduction The arm cylinder is a specialized hydraulic cylinder designed to provide linear motion and power to the arms of various machinery such as excavators, cranes, and robotic arms. It plays a crucial role in hydraulic systems, allowing for efficient movement and control of additional tools or attachments. These cylinders [&hellip;]<\/p>","protected":false},"featured_media":14766,"comment_status":"open","ping_status":"closed","template":"","meta":{"_et_pb_use_builder":"","_et_pb_old_content":"","_et_gb_content_width":""},"product_brand":[],"product_cat":[1497],"product_tag":[1498,1496],"class_list":{"0":"post-16704","1":"product","2":"type-product","3":"status-publish","4":"has-post-thumbnail","6":"product_cat-arm-cylinders","7":"product_tag-arm-cylinders","8":"product_tag-hydraulic-cylinders","10":"first","11":"instock","12":"shipping-taxable","13":"product-type-simple"},"amp_enabled":true,"_links":{"self":[{"href":"https:\/\/www.hydraulic-cylinders.net\/hu\/wp-json\/wp\/v2\/product\/16704","targetHints":{"allow":["GET"]}}],"collection":[{"href":"https:\/\/www.hydraulic-cylinders.net\/hu\/wp-json\/wp\/v2\/product"}],"about":[{"href":"https:\/\/www.hydraulic-cylinders.net\/hu\/wp-json\/wp\/v2\/types\/product"}],"replies":[{"embeddable":true,"href":"https:\/\/www.hydraulic-cylinders.net\/hu\/wp-json\/wp\/v2\/comments?post=16704"}],"wp:featuredmedia":[{"embeddable":true,"href":"https:\/\/www.hydraulic-cylinders.net\/hu\/wp-json\/wp\/v2\/media\/14766"}],"wp:attachment":[{"href":"https:\/\/www.hydraulic-cylinders.net\/hu\/wp-json\/wp\/v2\/media?parent=16704"}],"wp:term":[{"taxonomy":"product_brand","embeddable":true,"href":"https:\/\/www.hydraulic-cylinders.net\/hu\/wp-json\/wp\/v2\/product_brand?post=16704"},{"taxonomy":"product_cat","embeddable":true,"href":"https:\/\/www.hydraulic-cylinders.net\/hu\/wp-json\/wp\/v2\/product_cat?post=16704"},{"taxonomy":"product_tag","embeddable":true,"href":"https:\/\/www.hydraulic-cylinders.net\/hu\/wp-json\/wp\/v2\/product_tag?post=16704"}],"curies":[{"name":"munkaf\u00fczet","href":"https:\/\/api.w.org\/{rel}","templated":true}]}}