{"id":16705,"date":"2025-01-21T05:48:23","date_gmt":"2025-01-21T05:48:23","guid":{"rendered":"https:\/\/www.hydraulic-cylinders.net\/product\/arm-cylinder-for-jove-jv235lc\/"},"modified":"2025-01-21T05:48:24","modified_gmt":"2025-01-21T05:48:24","slug":"arm-cylinder-for-jove-jv235lc","status":"publish","type":"product","link":"https:\/\/www.hydraulic-cylinders.net\/hu\/termek\/arm-cylinder-for-jove-jv235lc\/","title":{"rendered":"Karhenger Jove JV235LC-hez"},"content":{"rendered":"<h1>Karhenger Jove JV235LC-hez<\/h1>\n<h2>Bevezet\u00e9s<\/h2>\n<p>A karhenger egy speci\u00e1lisan tervezett hidraulikus henger, amely line\u00e1ris mozg\u00e1st \u00e9s er\u0151\u00e1tvitelt biztos\u00edt k\u00fcl\u00f6nf\u00e9le g\u00e9pkarokhoz, p\u00e9ld\u00e1ul kotr\u00f3g\u00e9pekhez, darukhoz \u00e9s robotkarokhoz. Kulcsfontoss\u00e1g\u00fa szerepet j\u00e1tszik a hidraulikus rendszerekben, lehet\u0151v\u00e9 t\u00e9ve tov\u00e1bbi szersz\u00e1mok vagy tartoz\u00e9kok mozgat\u00e1s\u00e1t \u00e9s hat\u00e9kony vez\u00e9rl\u00e9s\u00e9t. Ezek a hengerek nemcsak sima mozg\u00e1st tesznek lehet\u0151v\u00e9, hanem nagy terhel\u00e9seket is elviselnek, biztos\u00edtva a hat\u00e9kony m\u0171k\u00f6d\u00e9st \u00e9s megb\u00edzhat\u00f3s\u00e1got k\u00fcl\u00f6nb\u00f6z\u0151 \u00fczemi k\u00f6r\u00fclm\u00e9nyek k\u00f6z\u00f6tt.<\/p>\n<h3>Defin\u00edci\u00f3 \u00e9s magyar\u00e1zat<\/h3>\n<p>A g\u00e9mhenger, m\u00e1s n\u00e9ven g\u00e9mhenger, egy olyan hidraulikus henger, amely a g\u00e9p karj\u00e1t hajtja. \u00c1ltal\u00e1ban nagy szil\u00e1rds\u00e1g\u00fa anyagokb\u00f3l, p\u00e9ld\u00e1ul ac\u00e9lb\u00f3l k\u00e9sz\u00fcl, \u00e9s \u00fagy van kialak\u00edtva, hogy ellen\u00e1lljon a hidraulikus rendszerekben fell\u00e9p\u0151 nagy nyom\u00e1snak \u00e9s er\u0151knek.<\/p>\n<p>A hidraulikus hengerek \u00fagy m\u0171k\u00f6dnek, hogy a hidraulikus folyad\u00e9k energi\u00e1j\u00e1t line\u00e1ris er\u0151v\u00e9 \u00e9s mozg\u00e1ss\u00e1 alak\u00edtj\u00e1k. A karhenger a g\u00e9p hidraulikus rendszer\u00e9hez van csatlakoztatva, \u00e9s nyom\u00e1st kap a folyad\u00e9kt\u00f3l, amikor a kezel\u0151 mozgatja a vez\u00e9rl\u0151ket. Ez a nyom\u00e1s mozg\u00e1sra k\u00e9nyszer\u00edti a henger dugatty\u00faj\u00e1t, ami viszont mozgatja a g\u00e9p karj\u00e1t.<\/p>\n<p>A karhenger sz\u00e1mos g\u00e9pt\u00edpus l\u00e9tfontoss\u00e1g\u00fa alkatr\u00e9sze, k\u00fcl\u00f6n\u00f6sen az \u00e9p\u00edt\u0151iparban, a gy\u00e1rt\u00e1sban, a mez\u0151gazdas\u00e1gban, a b\u00e1ny\u00e1szatban \u00e9s a logisztik\u00e1ban haszn\u00e1lt g\u00e9pekn\u00e9l.<\/p>\n<p><img decoding=\"async\" src=\"https:\/\/www.hydraulic-cylinders.net\/wp-content\/uploads\/2025\/01\/songte-company-2.webp\"><\/p>\n<h2>Jellemz\u0151k<\/h2>\n<p>A Jove JV235LC karhengere a k\u00f6vetkez\u0151 tulajdons\u00e1gokkal rendelkezik:<\/p>\n<ul>\n<li>\n<h3>Nagy hat\u00e9konys\u00e1g\u00fa \u00e1tvitel<\/h3>\n<p>A karhenger er\u0151teljes line\u00e1ris mozg\u00e1st \u00e9s er\u0151t biztos\u00edt, biztos\u00edtva a g\u00e9pm\u0171veletek magas hat\u00e9konys\u00e1g\u00e1t.<\/p>\n<\/li>\n<li>\n<h3>Prec\u00edz vez\u00e9rl\u00e9s<\/h3>\n<p>A karhenger a hidraulikus rendszeren kereszt\u00fcl prec\u00edz mozg\u00e1svez\u00e9rl\u00e9st tesz lehet\u0151v\u00e9, \u00edgy a csatlakoztatott eszk\u00f6z\u00f6k m\u0171k\u00f6dtet\u00e9se rugalmasabb \u00e9s pontosabb.<\/p>\n<\/li>\n<li>\n<h3>Tart\u00f3ss\u00e1g<\/h3>\n<p>A karhenger \u00e1ltal\u00e1ban nagy szil\u00e1rds\u00e1g\u00fa anyagokb\u00f3l k\u00e9sz\u00fcl, kiv\u00e1l\u00f3 kop\u00e1s- \u00e9s korr\u00f3zi\u00f3\u00e1ll\u00f3s\u00e1ggal rendelkezik, \u00edgy alkalmass\u00e1 teszi a hossz\u00fa t\u00e1v\u00fa haszn\u00e1latra zord k\u00f6rnyezetben.<\/p>\n<\/li>\n<li>\n<h3>T\u00f6bbfunkci\u00f3s alkalmazkod\u00f3k\u00e9pess\u00e9g<\/h3>\n<p>A karhenger sz\u00e9les k\u00f6rben alkalmazhat\u00f3 k\u00fcl\u00f6nf\u00e9le g\u00e9pekben, p\u00e9ld\u00e1ul kotr\u00f3g\u00e9pekben, darukban \u00e9s robotkarokban, hogy megfeleljen a k\u00fcl\u00f6nb\u00f6z\u0151 munkak\u00f6vetelm\u00e9nyeknek.<\/p>\n<\/li>\n<li>\n<h3>K\u00f6nny\u0171 karbantart\u00e1s<\/h3>\n<p>A karhenger \u00fagy lett kialak\u00edtva, hogy k\u00f6nnyen karbantarthat\u00f3 \u00e9s cser\u00e9lhet\u0151 legyen, \u00edgy a rendszeres ellen\u0151rz\u00e9s \u00e9s karbantart\u00e1s k\u00e9nyelmesebb, \u00e9s cs\u00f6kken a berendez\u00e9s \u00e1ll\u00e1sideje.<\/p>\n<\/li>\n<\/ul>\n<p>Ezt a term\u00e9ket el\u0151 tudjuk \u00e1ll\u00edtani, \u00e9s kiv\u00e1l\u00f3 hidraulikus hengerek cser\u00e9j\u00e9t k\u00edn\u00e1ljuk. <\/p>\n<p><img decoding=\"async\" src=\"https:\/\/www.hydraulic-cylinders.net\/wp-content\/uploads\/2025\/01\/songte-oil-pipes-and-spare-parts.webp\"><\/p>\n<h2>Alkalmaz\u00e1sok<\/h2>\n<p>A Jove JV235LC karhenger\u00e9t sz\u00e9les k\u00f6rben haszn\u00e1lj\u00e1k k\u00fcl\u00f6nb\u00f6z\u0151 ipar\u00e1gakban \u00e9s alkalmaz\u00e1sokban, p\u00e9ld\u00e1ul:<\/p>\n<ul>\n<li>\n<h3>\u00c9p\u00edt\u0151m\u00e9rn\u00f6ki<\/h3>\n<p>A karhengert kotr\u00f3g\u00e9pekben \u00e9s darukban haszn\u00e1lj\u00e1k a v\u00f6dr\u00f6k vagy g\u00e9mek mozg\u00e1s\u00e1nak vez\u00e9rl\u00e9s\u00e9re f\u00f6ldmunk\u00e1kn\u00e1l, anyagmozgat\u00e1sn\u00e1l \u00e9s szerkezeti telep\u00edt\u00e9sekn\u00e9l.<\/p>\n<\/li>\n<li>\n<h3>Gy\u00e1rt\u00e1s<\/h3>\n<p>A karhengert automatiz\u00e1lt gy\u00e1rt\u00f3sorokon haszn\u00e1lj\u00e1k a robotkarok mozg\u00e1s\u00e1nak vez\u00e9rl\u00e9s\u00e9re \u00f6sszeszerel\u00e9s, hegeszt\u00e9s \u00e9s anyagmozgat\u00e1s sor\u00e1n, jav\u00edtva a termel\u00e9si hat\u00e9konys\u00e1got \u00e9s a pontoss\u00e1got.<\/p>\n<\/li>\n<li>\n<h3>Mez\u0151gazdas\u00e1gi g\u00e9pek<\/h3>\n<p>A karhengert mez\u0151gazdas\u00e1gi g\u00e9pekben, p\u00e9ld\u00e1ul betakar\u00edt\u00f3g\u00e9pekben \u00e9s vet\u0151g\u00e9pekben haszn\u00e1lj\u00e1k a kezel\u0151karok mozg\u00e1s\u00e1nak vez\u00e9rl\u00e9s\u00e9re vet\u00e9s, tr\u00e1gy\u00e1z\u00e1s \u00e9s betakar\u00edt\u00e1s sor\u00e1n.<\/p>\n<\/li>\n<li>\n<h3>B\u00e1ny\u00e1szati<\/h3>\n<p>A karhengert b\u00e1ny\u00e1szati \u200b\u200bberendez\u00e9sekben haszn\u00e1lj\u00e1k az \u00e9rcb\u00e1ny\u00e1szat \u00e9s anyagmozgat\u00e1s sor\u00e1n haszn\u00e1lt b\u00e1ny\u00e1szati \u200b\u200bkarok mozg\u00e1s\u00e1nak vez\u00e9rl\u00e9s\u00e9re.<\/p>\n<\/li>\n<li>\n<h3>Logisztika \u00e9s sz\u00e1ll\u00edtm\u00e1nyoz\u00e1s<\/h3>\n<p>A karhengert targonc\u00e1kban \u00e9s anyagmozgat\u00f3 robotokban haszn\u00e1lj\u00e1k a vill\u00e1k mozg\u00e1s\u00e1nak vez\u00e9rl\u00e9s\u00e9re anyagmozgat\u00e1s \u00e9s rakod\u00e1s sor\u00e1n.<\/p>\n<\/li>\n<\/ul>\n<h2>Tervez\u00e9si szempontok \u00e9s kiv\u00e1laszt\u00e1si krit\u00e9riumok<\/h2>\n<p>A karhengerek tervez\u00e9se \u00e9s kiv\u00e1laszt\u00e1sa kritikus fontoss\u00e1g\u00fa a teljes\u00edtm\u00e9ny\u00fck \u00e9s megb\u00edzhat\u00f3s\u00e1guk biztos\u00edt\u00e1sa szempontj\u00e1b\u00f3l. A k\u00f6vetkez\u0151 tervez\u00e9si szempontokat \u00e9s kiv\u00e1laszt\u00e1si krit\u00e9riumokat kell figyelembe venni:<\/p>\n<ul>\n<li>\n<h3>Teherb\u00edr\u00e1s<\/h3>\n<p>A kar munkahenger\u00e9nek k\u00e9pesnek kell lennie a g\u00e9p \u00e9s a tartoz\u00e9kai maxim\u00e1lis terhel\u00e9s\u00e9nek megtart\u00e1s\u00e1ra. A henger teherb\u00edr\u00e1s\u00e1t a g\u00e9p s\u00falya, a tartoz\u00e9k s\u00falya \u00e9s a teher helyzete alapj\u00e1n kell kisz\u00e1m\u00edtani.<\/p>\n<\/li>\n<li>\n<h3>T\u00f6m\u00edt\u00e9s<\/h3>\n<p>A karhengernek j\u00f3l t\u00f6m\u00edtettnek kell lennie, hogy megakad\u00e1lyozza a hidraulikafolyad\u00e9k sziv\u00e1rg\u00e1s\u00e1t, ami a teljes\u00edtm\u00e9ny cs\u00f6kken\u00e9s\u00e9hez \u00e9s m\u00e1s alkatr\u00e9szek k\u00e1rosod\u00e1s\u00e1hoz vezethet. A hengernek k\u00fcl\u00f6nf\u00e9le t\u00f6m\u00edt\u0151elemeket kell haszn\u00e1lnia, p\u00e9ld\u00e1ul dugatty\u00fat\u00f6m\u00edt\u00e9seket \u00e9s r\u00fadt\u00f6m\u00edt\u00e9seket, amelyek tart\u00f3s anyagokb\u00f3l, p\u00e9ld\u00e1ul poliuret\u00e1nb\u00f3l \u00e9s nitrilgumib\u00f3l k\u00e9sz\u00fclnek, a hossz\u00fa t\u00e1v\u00fa t\u00f6m\u00edt\u0151teljes\u00edtm\u00e9ny biztos\u00edt\u00e1sa \u00e9rdek\u00e9ben.<\/p>\n<\/li>\n<li>\n<h3>Tart\u00f3ss\u00e1g<\/h3>\n<p>A karhengernek nagy nyom\u00e1st, er\u0151hat\u00e1sokat \u00e9s zord k\u00f6rnyezetet kell elviselnie, ez\u00e9rt a henger anyagait gondosan kell kiv\u00e1lasztani. A tart\u00f3ss\u00e1g, a kop\u00e1s- \u00e9s korr\u00f3zi\u00f3\u00e1ll\u00f3s\u00e1g biztos\u00edt\u00e1sa \u00e9rdek\u00e9ben jellemz\u0151en ac\u00e9lt \u00e9s m\u00e1s nagy szil\u00e1rds\u00e1g\u00fa anyagokat haszn\u00e1lnak.<\/p>\n<\/li>\n<li>\n<h3>Biztons\u00e1g<\/h3>\n<p>A karhengert a biztons\u00e1g szem el\u0151tt tart\u00e1s\u00e1val kell megtervezni, hogy megel\u0151zze a baleseteket, a g\u00e9p \u00e9s a szem\u00e9lyzet k\u00e1rosod\u00e1s\u00e1t. A henger kialak\u00edt\u00e1s\u00e1nak tartalmaznia kell olyan biztons\u00e1gi funkci\u00f3kat, mint a nyom\u00e1scs\u00f6kkent\u0151 szelepek, a biztons\u00e1gi mechanizmusok \u00e9s a v\u00e9szle\u00e1ll\u00edt\u00f3 gombok.<\/p>\n<\/li>\n<li>\n<h3>Karbantart\u00e1s<\/h3>\n<p>A karos munkahenger kialak\u00edt\u00e1s\u00e1nak figyelembe kell vennie a karbantart\u00e1s \u00e9s a csere egyszer\u0171s\u00e9g\u00e9t. A henger alkatr\u00e9szei k\u00f6nnyen hozz\u00e1f\u00e9rhet\u0151k legyenek, \u00e9s a hengert \u00fagy kell kialak\u00edtani, hogy k\u00f6nnyen sz\u00e9tszerelhet\u0151 \u00e9s \u00f6sszeszerelhet\u0151 legyen az \u00e1ll\u00e1sid\u0151 \u00e9s a karbantart\u00e1si k\u00f6lts\u00e9gek cs\u00f6kkent\u00e9se \u00e9rdek\u00e9ben.<\/p>\n<\/li>\n<\/ul>\n<p><img decoding=\"async\" src=\"https:\/\/www.hydraulic-cylinders.net\/wp-content\/uploads\/2025\/01\/songte-cylinder-head-with-all-kinds-excavator-models.webp\"><\/p>\n<h2>T\u00f6m\u00edt\u00e9s \u00e9s ken\u00e9s<\/h2>\n<p>A karhenger megfelel\u0151 t\u00f6m\u00edt\u00e9st \u00e9s ken\u00e9st ig\u00e9nyel a teljes\u00edtm\u00e9nye \u00e9s hossz\u00fa \u00e9lettartama biztos\u00edt\u00e1sa \u00e9rdek\u00e9ben. A k\u00f6vetkez\u0151 int\u00e9zked\u00e9seket kell megtenni:<\/p>\n<ul>\n<li>\n<h3>T\u00f6m\u00edt\u00e9s<\/h3>\n<p>A karhenger k\u00fcl\u00f6nf\u00e9le t\u00f6m\u00edt\u0151elemeket haszn\u00e1l a hidraulikafolyad\u00e9k sziv\u00e1rg\u00e1s\u00e1nak megakad\u00e1lyoz\u00e1s\u00e1ra, p\u00e9ld\u00e1ul dugatty\u00fat\u00f6m\u00edt\u00e9seket \u00e9s r\u00fadt\u00f6m\u00edt\u00e9seket. Ezeknek a t\u00f6m\u00edt\u00e9seknek tart\u00f3s anyagokb\u00f3l, p\u00e9ld\u00e1ul poliuret\u00e1nb\u00f3l \u00e9s nitrilgumib\u00f3l kell k\u00e9sz\u00fclni\u00fck, hogy ellen\u00e1lljanak a nagy nyom\u00e1snak \u00e9s kop\u00e1snak.<\/p>\n<\/li>\n<li>\n<h3>Ken\u00e9s<\/h3>\n<p>A henger bels\u0151 alkatr\u00e9szeit j\u00f3l kell kenni a s\u00farl\u00f3d\u00e1s \u00e9s a kop\u00e1s cs\u00f6kkent\u00e9se \u00e9rdek\u00e9ben. A henger dugatty\u00faj\u00e1nak \u00e9s m\u00e1s mozg\u00f3 alkatr\u00e9szeinek ken\u00e9s\u00e9re hidraulikaolajat kell haszn\u00e1lni. A hengert rendszeresen kell kenni az aj\u00e1nlott olajjal, \u00e9s az olajszintet id\u0151szakosan ellen\u0151rizni kell.<\/p>\n<\/li>\n<\/ul>\n<h2>Karbantart\u00e1s \u00e9s megel\u0151z\u0151 int\u00e9zked\u00e9sek<\/h2>\n<p>A rendszeres karbantart\u00e1s \u00e9s a megel\u0151z\u0151 int\u00e9zked\u00e9sek seg\u00edthetnek meghosszabb\u00edtani a karhenger \u00e9lettartam\u00e1t \u00e9s megel\u0151zni a k\u00f6lts\u00e9ges \u00e1ll\u00e1sid\u0151ket. A k\u00f6vetkez\u0151 int\u00e9zked\u00e9seket kell megtenni:<\/p>\n<ul>\n<li>\n<h3>Ellen\u0151rz\u00e9s<\/h3>\n<p>A karhengert rendszeresen ellen\u0151rizni kell kop\u00e1s, s\u00e9r\u00fcl\u00e9s vagy sziv\u00e1rg\u00e1s jelei szempontj\u00e1b\u00f3l. Minden s\u00e9r\u00fclt vagy kopott alkatr\u00e9szt halad\u00e9ktalanul ki kell cser\u00e9lni.<\/p>\n<\/li>\n<li>\n<h3>Tiszt\u00edt\u00e1s<\/h3>\n<p>A karhengert tiszt\u00e1n, szennyez\u0151d\u00e9sekt\u0151l \u00e9s t\u00f6rmel\u00e9kekt\u0151l mentesen kell tartani, amelyek k\u00e1ros\u00edthatj\u00e1k a henger t\u00f6m\u00edt\u00e9seit \u00e9s egy\u00e9b alkatr\u00e9szeit.<\/p>\n<\/li>\n<li>\n<h3>Ken\u00e9s<\/h3>\n<p>A henger aj\u00e1nlott hidraulikaolaj-szintj\u00e9t mindig fenn kell tartani. A henger bels\u0151 alkatr\u00e9szeit rendszeresen kenni kell.<\/p>\n<\/li>\n<li>\n<h3>Megel\u0151z\u0151 csere<\/h3>\n<p>A henger t\u00f6m\u00edt\u00e9seinek, dugatty\u00faj\u00e1nak \u00e9s egy\u00e9b alkatr\u00e9szeinek \u00fctemezett megel\u0151z\u0151 cser\u00e9je seg\u00edthet megel\u0151zni a v\u00e1ratlan \u00e1ll\u00e1sid\u0151t \u00e9s cs\u00f6kkenteni a karbantart\u00e1si k\u00f6lts\u00e9geket.<\/p>\n<\/li>\n<\/ul>\n<p><img decoding=\"async\" src=\"https:\/\/www.hydraulic-cylinders.net\/wp-content\/uploads\/2025\/01\/songte-chushion-collar.webp\"><\/p>\n<h2>Telep\u00edt\u00e9si \u00fatmutat\u00f3<\/h2>\n<p>A hengerfej beszerel\u00e9sekor a k\u00f6vetkez\u0151 l\u00e9p\u00e9seket kell tenni:<\/p>\n<ol>\n<li>A henger beszerel\u00e9se el\u0151tt gy\u0151z\u0151dj\u00f6n meg arr\u00f3l, hogy a g\u00e9p hidraulikus rendszere ki van kapcsolva \u00e9s nyom\u00e1smentes\u00edtve van.<\/li>\n<li>R\u00f6gz\u00edtse a hengert a g\u00e9p karj\u00e1hoz vagy g\u00e9mj\u00e9hez a megfelel\u0151 r\u00f6gz\u00edt\u0151elemekkel.<\/li>\n<li>Csatlakoztassa a henger hidraulikat\u00f6ml\u0151it a g\u00e9p hidraulikarendszer\u00e9hez, \u00fcgyelve arra, hogy a t\u00f6ml\u0151k megfelel\u0151en r\u00f6gz\u00edtve \u00e9s megh\u00fazva legyenek.<\/li>\n<li>T\u00f6ltse fel a hengert az aj\u00e1nlott hidraulikaolajjal, \u00fcgyelve arra, hogy az olajszint az aj\u00e1nlott szinten maradjon.<\/li>\n<li>V\u00e9gezzen el egy tesztet a henger m\u0171k\u00f6d\u00e9s\u00e9n, hogy megbizonyosodjon a megfelel\u0151 \u00e9s sim\u00e1n m\u0171k\u00f6d\u0151k\u00e9pess\u00e9g\u00e9r\u0151l.<\/li>\n<\/ol>\n<p><img decoding=\"async\" src=\"https:\/\/www.hydraulic-cylinders.net\/wp-content\/uploads\/2025\/01\/songte-bushings-with-all-kinds-of-excavator-models.webp\"><\/p>\n<h2>Biztons\u00e1gi szempontok \u00e9s k\u00f6rnyezeti t\u00e9nyez\u0151k<\/h2>\n<p>A karhenger haszn\u00e1latakor a k\u00f6vetkez\u0151 biztons\u00e1gi szempontokat \u00e9s k\u00f6rnyezeti t\u00e9nyez\u0151ket kell figyelembe venni:<\/p>\n<ul>\n<li>\n<h3>Biztons\u00e1g<\/h3>\n<p>A karhenger vesz\u00e9lyes lehet, ha nem megfelel\u0151en kezelik. A kezel\u0151knek megfelel\u0151 k\u00e9pz\u00e9sben kell r\u00e9szes\u00fclni\u00fck a g\u00e9p kezel\u0151szerveir\u0151l \u00e9s biztons\u00e1gi elj\u00e1r\u00e1sair\u00f3l. A biztons\u00e1gi berendez\u00e9seket, p\u00e9ld\u00e1ul a nyom\u00e1scs\u00f6kkent\u0151 szelepeket \u00e9s a v\u00e9szle\u00e1ll\u00edt\u00f3 gombokat, rendszeresen fel kell szerelni \u00e9s ellen\u0151rizni kell.<\/p>\n<\/li>\n<li>\n<h3>K\u00f6rnyezet<\/h3>\n<p>A karhenger m\u0171k\u00f6d\u00e9se k\u00f6rnyezeti hat\u00e1sokkal j\u00e1rhat, p\u00e9ld\u00e1ul folyad\u00e9ksziv\u00e1rg\u00e1sokkal vagy zajszennyez\u00e9ssel. Az \u00fczemeltet\u0151knek int\u00e9zked\u00e9seket kell tenni\u00fck ezen hat\u00e1sok megel\u0151z\u00e9se \u00e9s enyh\u00edt\u00e9se \u00e9rdek\u00e9ben, p\u00e9ld\u00e1ul biol\u00f3giailag leboml\u00f3 hidraulikafolyad\u00e9k haszn\u00e1lat\u00e1val \u00e9s zajcs\u00f6kkent\u0151 eszk\u00f6z\u00f6k telep\u00edt\u00e9s\u00e9vel.<\/p>\n<\/li>\n<\/ul>\n<h2>Hibaelh\u00e1r\u00edt\u00e1s \u00e9s gyakori probl\u00e9m\u00e1k<\/h2>\n<p>Az al\u00e1bbiakban n\u00e9h\u00e1ny gyakori probl\u00e9ma tal\u00e1lhat\u00f3, amelyek a karhengerrel kapcsolatban el\u0151fordulhatnak:<\/p>\n<ul>\n<li>\n<h3>Folyad\u00e9ksziv\u00e1rg\u00e1sok<\/h3>\n<p>A folyad\u00e9ksziv\u00e1rg\u00e1sok gyakori probl\u00e9m\u00e1k a hidraulikus hengerekn\u00e9l. Ezeket kopott vagy s\u00e9r\u00fclt t\u00f6m\u00edt\u00e9sek, laza csatlakoz\u00e1sok vagy s\u00e9r\u00fclt henger okozhatja.<\/p>\n<\/li>\n<li>\n<h3>Gyenge teljes\u00edtm\u00e9ny<\/h3>\n<p>A gyenge teljes\u00edtm\u00e9nyt alacsony hidraulikafolyad\u00e9k-szint, kopott vagy s\u00e9r\u00fclt alkatr\u00e9szek, illetve s\u00e9r\u00fclt henger okozhatja.<\/p>\n<\/li>\n<li>\n<h3>Zaj<\/h3>\n<p>A zajt laza csatlakoz\u00e1sok, kopott alkatr\u00e9szek vagy s\u00e9r\u00fclt henger okozhatja.<\/p>\n<\/li>\n<li>\n<h3>T\u00falmeleged\u00e9s<\/h3>\n<p>A t\u00falmeleged\u00e9st okozhatja az alacsony hidraulikafolyad\u00e9k-szint, a s\u00e9r\u00fclt henger vagy a hib\u00e1san m\u0171k\u00f6d\u0151 hidraulikaszivatty\u00fa.<\/p>\n<\/li>\n<\/ul>\n<p>Ezen probl\u00e9m\u00e1k diagnosztiz\u00e1l\u00e1s\u00e1ra \u00e9s megold\u00e1s\u00e1ra a k\u00f6vetkez\u0151 int\u00e9zked\u00e9seket lehet tenni:<\/p>\n<ul>\n<li>\n<h3>Ellen\u0151rz\u00e9s<\/h3>\n<p>A palackot ellen\u0151rizni kell kop\u00e1s, s\u00e9r\u00fcl\u00e9s vagy sziv\u00e1rg\u00e1s jelei szempontj\u00e1b\u00f3l. Minden s\u00e9r\u00fclt vagy kopott alkatr\u00e9szt halad\u00e9ktalanul ki kell cser\u00e9lni.<\/p>\n<\/li>\n<li>\n<h3>Tiszt\u00edt\u00e1s<\/h3>\n<p>A hengert tiszt\u00e1n, szennyez\u0151d\u00e9sekt\u0151l \u00e9s t\u00f6rmel\u00e9kekt\u0151l mentesen kell tartani, amelyek k\u00e1ros\u00edthatj\u00e1k a henger t\u00f6m\u00edt\u00e9seit \u00e9s m\u00e1s alkatr\u00e9szeket.<\/p>\n<\/li>\n<li>\n<h3>Ken\u00e9s<\/h3>\n<p>A henger aj\u00e1nlott hidraulikaolaj-szintj\u00e9t mindig fenn kell tartani. A henger bels\u0151 alkatr\u00e9szeit rendszeresen kenni kell.<\/p>\n<\/li>\n<li>\n<h3>Csere<\/h3>\n<p>A kopott vagy s\u00e9r\u00fclt alkatr\u00e9szeket halad\u00e9ktalanul ki kell cser\u00e9lni a tov\u00e1bbi k\u00e1rosod\u00e1s \u00e9s az \u00e1ll\u00e1sid\u0151 elker\u00fcl\u00e9se \u00e9rdek\u00e9ben.<\/p>\n<\/li>\n<\/ul>\n<p><img decoding=\"async\" src=\"https:\/\/www.hydraulic-cylinders.net\/wp-content\/uploads\/2025\/01\/songte-company-4.webp\"><br \/>\n<img decoding=\"async\" src=\"https:\/\/www.hydraulic-cylinders.net\/wp-content\/uploads\/2025\/01\/songte-company-3.webp\"><\/p>\n<h2>R\u00f3lunk<\/h2>\n<p>Professzion\u00e1lis hidraulikus hengergy\u00e1rt\u00f3k\u00e9nt sz\u00e9les term\u00e9kv\u00e1laszt\u00e9kunknak k\u00f6sz\u00f6nhet\u0151en a hazai \u00e9s nemzetk\u00f6zi piacok egyik vezet\u0151 hidraulikus hengergy\u00e1rt\u00f3j\u00e1v\u00e1 \u00e9s nagykereskedelmi forgalmaz\u00f3j\u00e1v\u00e1 v\u00e1ltunk. A kiv\u00e1l\u00f3 min\u0151s\u00e9g elv\u00e9t k\u00f6vetj\u00fck, \u00e9s gondosan kidolgozott gy\u00e1rt\u00f3m\u0171helyeinkben iparos\u00edtott termel\u00e9sir\u00e1ny\u00edt\u00e1si strat\u00e9gi\u00e1kra t\u00e1maszkodunk technol\u00f3gi\u00e1nk \u00e9s termel\u00e9si hat\u00e9konys\u00e1gunk folyamatos fejleszt\u00e9se \u00e9rdek\u00e9ben.<\/p>\n<p>Cs\u00facskateg\u00f3ri\u00e1s digit\u00e1lis gy\u00e1rt\u00f3berendez\u00e9seket \u00e9s professzion\u00e1lis tesztel\u0151rendszereket vezett\u00fcnk be, folyamatosan optimaliz\u00e1ltuk gy\u00e1rt\u00e1si platformunkat, \u00e9s fejlesztett\u00fck term\u00e9kmin\u0151s\u00e9g-ellen\u0151rz\u00e9si folyamatunkat, ami er\u0151s innov\u00e1ci\u00f3s k\u00e9pess\u00e9geket tesz lehet\u0151v\u00e9 sz\u00e1munkra. C\u00e9lunk, hogy \u00fcgyfeleink sokr\u00e9t\u0171 ig\u00e9nyeit nagy hat\u00e9konys\u00e1ggal, pontoss\u00e1ggal \u00e9s magas min\u0151s\u00e9gi elvekkel el\u00e9g\u00edts\u00fck ki.<\/p>\n<p>Professzion\u00e1lis csapatunk szem\u00e9lyre szabott szolg\u00e1ltat\u00e1sokat ny\u00fajt, \u00e9s sz\u00e1mos nemzetk\u00f6zi tan\u00fas\u00edtv\u00e1nyt szerezt\u00fcnk, mint p\u00e9ld\u00e1ul az ISO9001:2015, CE \u00e9s SGS. Gy\u00e1rt\u00f3berendez\u00e9seink \u00e9s tesztberendez\u00e9seink mind korszer\u0171ek, bele\u00e9rtve a CNC megmunk\u00e1l\u00f3k\u00f6zpontokat, automata hegeszt\u0151g\u00e9peket \u00e9s dinamikus kiegyens\u00falyoz\u00f3 g\u00e9peket. Elk\u00f6telezettek vagyunk amellett, hogy kiv\u00e1l\u00f3 min\u0151s\u00e9g\u0171 term\u00e9keket \u00e9s szolg\u00e1ltat\u00e1sokat ny\u00fajtsunk \u00fcgyfeleinknek vil\u00e1gszerte, \u00e9s kiv\u00e1l\u00f3 \u00e9rt\u00e9kes\u00edt\u00e9s ut\u00e1ni szolg\u00e1ltat\u00e1st k\u00edn\u00e1lunk az \u00fcgyfelek el\u00e9gedetts\u00e9g\u00e9nek biztos\u00edt\u00e1sa \u00e9rdek\u00e9ben.<\/p>\n<h3>Szolg\u00e1ltat\u00e1saink k\u00f6z\u00e9 tartozik:<\/h3>\n<ul>\n<li>\n<h4>Szakmaiass\u00e1g<\/h4>\n<p>Professzion\u00e1lis csapatunk testreszabott szolg\u00e1ltat\u00e1sokat ny\u00fajt, \u00e9s az \u00fcgyfelek egyedi ig\u00e9nyei szerint tudunk hidraulikus hengereket tervezni, gy\u00e1rtani \u00e9s tesztelni.<\/p>\n<\/li>\n<li>\n<h4>Nemzetk\u00f6zi min\u0151s\u00edt\u00e9s<\/h4>\n<p>Sz\u00e1mos nemzetk\u00f6zi tan\u00fas\u00edtv\u00e1nyt szerezt\u00fcnk, mint p\u00e9ld\u00e1ul az ISO9001:2015, CE \u00e9s SGS, hogy biztos\u00edtsuk term\u00e9keink min\u0151s\u00e9g\u00e9t \u00e9s megfelelj\u00fcnk a nemzetk\u00f6zi szabv\u00e1nyoknak.<\/p>\n<\/li>\n<li>\n<h4>Testreszab\u00e1s<\/h4>\n<p>K\u00fcl\u00f6nb\u00f6z\u0151 t\u00edpus\u00fa hidraulikus hengerekhez tudunk testreszabott szolg\u00e1ltat\u00e1sokat ny\u00fajtani, bele\u00e9rtve a furatm\u00e9retet, a l\u00f6kethosszt, a r\u00f6gz\u00edt\u00e9si st\u00edlusokat \u00e9s egy\u00e9b specifik\u00e1ci\u00f3kat.<\/p>\n<\/li>\n<li>\n<h4>Termel\u00e9si berendez\u00e9sek<\/h4>\n<p>Gy\u00e1rt\u00f3berendez\u00e9seink \u00e9s vizsg\u00e1l\u00f3berendez\u00e9seink mind korszer\u0171ek, bele\u00e9rtve a CNC megmunk\u00e1l\u00f3k\u00f6zpontokat, az automata hegeszt\u0151g\u00e9peket \u00e9s a dinamikus kiegyens\u00falyoz\u00f3 g\u00e9peket, hogy biztos\u00edts\u00e1k a termel\u00e9s pontoss\u00e1g\u00e1t \u00e9s hat\u00e9konys\u00e1g\u00e1t.<\/p>\n<\/li>\n<li>\n<h4>\u00c9rt\u00e9kes\u00edt\u00e9s ut\u00e1ni szolg\u00e1ltat\u00e1s<\/h4>\n<p>Kiv\u00e1l\u00f3 \u00e9rt\u00e9kes\u00edt\u00e9s ut\u00e1ni szolg\u00e1ltat\u00e1st k\u00edn\u00e1lunk \u00fcgyfeleink el\u00e9gedetts\u00e9g\u00e9nek biztos\u00edt\u00e1sa \u00e9rdek\u00e9ben, bele\u00e9rtve a m\u0171szaki t\u00e1mogat\u00e1st, a telep\u00edt\u00e9si \u00fatmutat\u00e1st, valamint a karbantart\u00e1si \u00e9s jav\u00edt\u00e1si szolg\u00e1ltat\u00e1sokat.<\/p>\n<\/li>\n<\/ul>\n<p>Szerz\u0151: lyl<\/p>","protected":false},"excerpt":{"rendered":"<p>Arm Cylinder for Jove JV235LC Introduction The arm cylinder is a specially designed hydraulic cylinder used to provide linear motion and power to various types of machinery arms, such as excavators, cranes, and robotic arms. It plays a crucial role in hydraulic systems, making it possible for additional tools or attachments to move and be [&hellip;]<\/p>","protected":false},"featured_media":14763,"comment_status":"open","ping_status":"closed","template":"","meta":{"_et_pb_use_builder":"","_et_pb_old_content":"","_et_gb_content_width":""},"product_brand":[],"product_cat":[1497],"product_tag":[1498,1496],"class_list":{"0":"post-16705","1":"product","2":"type-product","3":"status-publish","4":"has-post-thumbnail","6":"product_cat-arm-cylinders","7":"product_tag-arm-cylinders","8":"product_tag-hydraulic-cylinders","10":"first","11":"instock","12":"shipping-taxable","13":"product-type-simple"},"amp_enabled":true,"_links":{"self":[{"href":"https:\/\/www.hydraulic-cylinders.net\/hu\/wp-json\/wp\/v2\/product\/16705","targetHints":{"allow":["GET"]}}],"collection":[{"href":"https:\/\/www.hydraulic-cylinders.net\/hu\/wp-json\/wp\/v2\/product"}],"about":[{"href":"https:\/\/www.hydraulic-cylinders.net\/hu\/wp-json\/wp\/v2\/types\/product"}],"replies":[{"embeddable":true,"href":"https:\/\/www.hydraulic-cylinders.net\/hu\/wp-json\/wp\/v2\/comments?post=16705"}],"wp:featuredmedia":[{"embeddable":true,"href":"https:\/\/www.hydraulic-cylinders.net\/hu\/wp-json\/wp\/v2\/media\/14763"}],"wp:attachment":[{"href":"https:\/\/www.hydraulic-cylinders.net\/hu\/wp-json\/wp\/v2\/media?parent=16705"}],"wp:term":[{"taxonomy":"product_brand","embeddable":true,"href":"https:\/\/www.hydraulic-cylinders.net\/hu\/wp-json\/wp\/v2\/product_brand?post=16705"},{"taxonomy":"product_cat","embeddable":true,"href":"https:\/\/www.hydraulic-cylinders.net\/hu\/wp-json\/wp\/v2\/product_cat?post=16705"},{"taxonomy":"product_tag","embeddable":true,"href":"https:\/\/www.hydraulic-cylinders.net\/hu\/wp-json\/wp\/v2\/product_tag?post=16705"}],"curies":[{"name":"munkaf\u00fczet","href":"https:\/\/api.w.org\/{rel}","templated":true}]}}