{"id":16716,"date":"2025-01-21T05:49:06","date_gmt":"2025-01-21T05:49:06","guid":{"rendered":"https:\/\/www.hydraulic-cylinders.net\/product\/arm-cylinder-for-sgzg-sd22-9b\/"},"modified":"2025-01-21T05:49:11","modified_gmt":"2025-01-21T05:49:11","slug":"arm-cylinder-for-sgzg-sd22-9b","status":"publish","type":"product","link":"https:\/\/www.hydraulic-cylinders.net\/hu\/termek\/arm-cylinder-for-sgzg-sd22-9b\/","title":{"rendered":"Karhenger SGZG SD22-9B-hez"},"content":{"rendered":"<h2>Karhenger SGZG SD22-9B-hez<\/h2>\n<h3>Bevezet\u00e9s<\/h3>\n<p>A karhenger egy speci\u00e1lisan tervezett hidraulikus henger, amelyet els\u0151sorban k\u00fcl\u00f6nf\u00e9le g\u00e9pek, p\u00e9ld\u00e1ul kotr\u00f3g\u00e9pek, daruk \u00e9s robotkarok karjainak line\u00e1ris mozg\u00e1s\u00e1nak \u00e9s erej\u00e9nek biztos\u00edt\u00e1s\u00e1ra haszn\u00e1lnak. A karhenger kritikus szerepet j\u00e1tszik a hidraulikus rendszerben, lehet\u0151v\u00e9 t\u00e9ve a tartoz\u00e9kok vagy tartoz\u00e9kok hat\u00e9kony mozg\u00e1s\u00e1t \u00e9s vez\u00e9rl\u00e9s\u00e9t. Ezek a hengerek nemcsak sima mozg\u00e1st biztos\u00edtanak, hanem nagy terhel\u00e9seket is elviselnek, biztos\u00edtva a g\u00e9p hat\u00e9kony m\u0171k\u00f6d\u00e9s\u00e9t \u00e9s megb\u00edzhat\u00f3s\u00e1g\u00e1t k\u00fcl\u00f6nb\u00f6z\u0151 \u00fczemi k\u00f6r\u00fclm\u00e9nyek k\u00f6z\u00f6tt.<\/p>\n<p><img decoding=\"async\" src=\"https:\/\/www.hydraulic-cylinders.net\/wp-content\/uploads\/2025\/01\/songte-company-2.webp\"><\/p>\n<h3>Jellemz\u0151k<\/h3>\n<ul>\n<li><strong>Nagy hat\u00e9konys\u00e1g\u00fa \u00e1tvitel:<\/strong> A karhenger er\u0151teljes line\u00e1ris mozg\u00e1st \u00e9s er\u0151t biztos\u00edt, biztos\u00edtva a robotkar nagy hat\u00e9konys\u00e1g\u00fa teljes\u00edtm\u00e9ny\u00e9t k\u00fcl\u00f6nf\u00e9le m\u0171veletek sor\u00e1n.<\/li>\n<li><strong>Prec\u00edz vez\u00e9rl\u00e9s:<\/strong> A hidraulikus rendszeren kereszt\u00fcl a karhenger prec\u00edz mozg\u00e1svez\u00e9rl\u00e9st \u00e9rhet el, \u00edgy a csatlakoztatott eszk\u00f6z\u00f6k m\u0171k\u00f6dtet\u00e9se rugalmasabb \u00e9s pontosabb.<\/li>\n<li><strong>Er\u0151s tart\u00f3ss\u00e1g:<\/strong> A karhenger jellemz\u0151en nagy szil\u00e1rds\u00e1g\u00fa anyagokb\u00f3l k\u00e9sz\u00fcl, j\u00f3 kop\u00e1s- \u00e9s korr\u00f3zi\u00f3\u00e1ll\u00f3s\u00e1ggal, \u00edgy alkalmas hossz\u00fa t\u00e1v\u00fa haszn\u00e1latra zord k\u00f6rnyezetben.<\/li>\n<li><strong>T\u00f6bbfunkci\u00f3s alkalmazkod\u00f3k\u00e9pess\u00e9g:<\/strong> Ezek a munkahengerek sz\u00e9les k\u00f6rben alkalmazhat\u00f3k k\u00fcl\u00f6nf\u00e9le g\u00e9pekben, p\u00e9ld\u00e1ul kotr\u00f3g\u00e9pekben, darukban \u00e9s robotkarokban, alkalmazkodva a k\u00fcl\u00f6nb\u00f6z\u0151 munkak\u00f6vetelm\u00e9nyekhez.<\/li>\n<li><strong>K\u00f6nny\u0171 karbantart\u00e1s:<\/strong> A tervez\u00e9s sor\u00e1n figyelembe vett\u00e9k a karbantart\u00e1s \u00e9s a csere egyszer\u0171s\u00e9g\u00e9t, \u00edgy a rendszeres ellen\u0151rz\u00e9s \u00e9s karbantart\u00e1s k\u00e9nyelmesebb\u00e9 v\u00e1lt, cs\u00f6kkentve a berendez\u00e9sek \u00e1ll\u00e1sidej\u00e9t.<\/li>\n<\/ul>\n<p>Ezt a term\u00e9ket el\u0151 tudjuk \u00e1ll\u00edtani, \u00e9s term\u00e9keink t\u00f6k\u00e9letesen helyettes\u00edthetik ezeket a hidraulikus hengereket.<\/p>\n<p><img decoding=\"async\" src=\"https:\/\/www.hydraulic-cylinders.net\/wp-content\/uploads\/2025\/01\/songte-oil-pipes-and-spare-parts.webp\"><\/p>\n<h3>Alkalmaz\u00e1sok<\/h3>\n<p>A karhengert sz\u00e9les k\u00f6rben haszn\u00e1lj\u00e1k k\u00fcl\u00f6nf\u00e9le ter\u00fcleteken, p\u00e9ld\u00e1ul:<\/p>\n<ul>\n<li><strong>\u00c9p\u00edt\u0151m\u00e9rn\u00f6ki:<\/strong> Kotr\u00f3g\u00e9pekn\u00e9l \u00e9s darukn\u00e1l a karhenger a kan\u00e1l vagy a g\u00e9m mozg\u00e1s\u00e1nak vez\u00e9rl\u00e9s\u00e9re szolg\u00e1l f\u00f6ldmunk\u00e1kn\u00e1l, anyagmozgat\u00e1sn\u00e1l \u00e9s szerkezettelep\u00edt\u00e9sn\u00e9l.<\/li>\n<li><strong>Gy\u00e1rt\u00e1s:<\/strong> Az automatiz\u00e1lt gy\u00e1rt\u00f3sorokon a karhengert robotkarok mozgat\u00e1s\u00e1ra haszn\u00e1lj\u00e1k \u00f6sszeszerel\u00e9si, hegeszt\u00e9si \u00e9s anyagmozgat\u00e1si folyamatok sor\u00e1n, jav\u00edtva a termel\u00e9si hat\u00e9konys\u00e1got \u00e9s a pontoss\u00e1got.<\/li>\n<li><strong>Mez\u0151gazdas\u00e1gi g\u00e9pek:<\/strong> A mez\u0151gazdas\u00e1gi g\u00e9pekben, p\u00e9ld\u00e1ul a betakar\u00edt\u00f3g\u00e9pekben \u00e9s a vet\u0151g\u00e9pekben a karhenger vez\u00e9rli a m\u0171k\u00f6dtet\u0151 karok mozg\u00e1s\u00e1t olyan feladatokhoz, mint a vet\u00e9s, a m\u0171tr\u00e1gy\u00e1z\u00e1s \u00e9s a betakar\u00edt\u00e1s.<\/li>\n<li><strong>B\u00e1ny\u00e1szati:<\/strong> B\u00e1ny\u00e1szati \u200b\u200bberendez\u00e9sekben a karhengert a b\u00e1ny\u00e1szati \u200b\u200bberendez\u00e9sek karj\u00e1nak mozg\u00e1s\u00e1nak vez\u00e9rl\u00e9s\u00e9re haszn\u00e1lj\u00e1k az \u00e1sv\u00e1nyok kitermel\u00e9se \u00e9s sz\u00e1ll\u00edt\u00e1sa sor\u00e1n.<\/li>\n<li><strong>Logisztika \u00e9s sz\u00e1ll\u00edt\u00e1s:<\/strong> Targonc\u00e1kban \u00e9s anyagmozgat\u00f3 robotokban a karhenger a vill\u00e1k emel\u00e9s\u00e9nek \u00e9s mozg\u00e1s\u00e1nak vez\u00e9rl\u00e9s\u00e9re szolg\u00e1l, megval\u00f3s\u00edtva az anyagmozgat\u00e1st \u00e9s a rakod\u00e1st.<\/li>\n<\/ul>\n<h3>Tervez\u00e9si szempontok \u00e9s kiv\u00e1laszt\u00e1si szabv\u00e1nyok<\/h3>\n<p>A hengerfej tervez\u00e9sekor \u00e9s kiv\u00e1laszt\u00e1sakor sz\u00e1mos t\u00e9nyez\u0151t kell figyelembe venni:<\/p>\n<ul>\n<li><strong>Teherb\u00edr\u00e1s:<\/strong> A hengernek k\u00e9pesnek kell lennie ellen\u00e1llni a robotkar \u00e1ltal gener\u00e1lt maxim\u00e1lis er\u0151nek.<\/li>\n<li><strong>T\u00f6m\u00edt\u00e9s:<\/strong> K\u00fcl\u00f6nb\u00f6z\u0151 t\u00f6m\u00edt\u0151elemeket, p\u00e9ld\u00e1ul dugatty\u00fat\u00f6m\u00edt\u00e9seket \u00e9s r\u00fadt\u00f6m\u00edt\u00e9seket haszn\u00e1lnak a folyad\u00e9k sziv\u00e1rg\u00e1s\u00e1nak \u00e9s szennyez\u0151d\u00e9s\u00e9nek megakad\u00e1lyoz\u00e1s\u00e1ra.<\/li>\n<li><strong>Tart\u00f3ss\u00e1g:<\/strong> A jellemz\u0151en nagy szil\u00e1rds\u00e1g\u00fa anyagokb\u00f3l k\u00e9sz\u00fclt hengereknek j\u00f3 kop\u00e1s- \u00e9s korr\u00f3zi\u00f3\u00e1ll\u00f3s\u00e1ggal kell rendelkezni\u00fck, hogy hossz\u00fa t\u00e1von is haszn\u00e1lhat\u00f3k legyenek zord k\u00f6rnyezetben.<\/li>\n<li><strong>Biztons\u00e1g:<\/strong> A tervez\u00e9s sor\u00e1n megfelel\u0151 biztons\u00e1gi elemeket kell be\u00e9p\u00edteni a balesetek \u00e9s s\u00e9r\u00fcl\u00e9sek megel\u0151z\u00e9se \u00e9rdek\u00e9ben az \u00fczemeltet\u00e9s sor\u00e1n.<\/li>\n<li><strong>Karbantarthat\u00f3s\u00e1g:<\/strong> A tervez\u00e9snek figyelembe kell vennie a hengeralkatr\u00e9szek karbantart\u00e1s\u00e1nak \u00e9s cser\u00e9j\u00e9nek egyszer\u0171s\u00e9g\u00e9t az \u00e1ll\u00e1sid\u0151 cs\u00f6kkent\u00e9se \u00e9s a megb\u00edzhat\u00f3 m\u0171k\u00f6d\u00e9s biztos\u00edt\u00e1sa \u00e9rdek\u00e9ben.<\/li>\n<\/ul>\n<p><img decoding=\"async\" src=\"https:\/\/www.hydraulic-cylinders.net\/wp-content\/uploads\/2025\/01\/songte-cylinder-head-with-all-kinds-excavator-models.webp\"><\/p>\n<h3>T\u00f6m\u00edt\u00e9s \u00e9s ken\u00e9s<\/h3>\n<p>A karhenger k\u00fcl\u00f6nf\u00e9le t\u00f6m\u00edt\u0151elemeket, p\u00e9ld\u00e1ul dugatty\u00fat\u00f6m\u00edt\u00e9seket \u00e9s r\u00fadt\u00f6m\u00edt\u00e9seket haszn\u00e1l a folyad\u00e9k sziv\u00e1rg\u00e1s\u00e1nak \u00e9s szennyez\u0151d\u00e9s\u00e9nek megakad\u00e1lyoz\u00e1s\u00e1ra. Ezek a t\u00f6m\u00edt\u0151elemek jellemz\u0151en kop\u00e1s\u00e1ll\u00f3 anyagokb\u00f3l, p\u00e9ld\u00e1ul poliuret\u00e1nb\u00f3l \u00e9s nitrilgumib\u00f3l k\u00e9sz\u00fclnek. A hengertest \u00e9s a menetes v\u00e9gfel\u00fcletek finom megmunk\u00e1l\u00e1son esnek \u00e1t a kop\u00e1s\u00e1ll\u00f3s\u00e1g jav\u00edt\u00e1sa \u00e9rdek\u00e9ben. A ken\u00e9shez rendszeres hidraulikaolaj hozz\u00e1ad\u00e1sa sz\u00fcks\u00e9ges.<\/p>\n<h3>Megel\u0151z\u0151 karbantart\u00e1s \u00e9s hibaelh\u00e1r\u00edt\u00e1s<\/h3>\n<p>A rendszeres ellen\u0151rz\u00e9s \u00e9s a megel\u0151z\u0151 karbantart\u00e1s elengedhetetlen a karhenger megb\u00edzhat\u00f3 m\u0171k\u00f6d\u00e9s\u00e9nek biztos\u00edt\u00e1s\u00e1hoz. A lehets\u00e9ges probl\u00e9m\u00e1k diagnosztiz\u00e1l\u00e1s\u00e1hoz \u00e9s megold\u00e1s\u00e1hoz k\u00f6vesse az al\u00e1bbi tippeket \u00e9s megold\u00e1sokat:<\/p>\n<ul>\n<li><strong>1. tipp:<\/strong> Ellen\u0151rizze a hengert kop\u00e1s \u00e9s s\u00e9r\u00fcl\u00e9s jelei szempontj\u00e1b\u00f3l.<\/li>\n<li><strong>Megold\u00e1s:<\/strong> Cser\u00e9lje ki a kopott vagy s\u00e9r\u00fclt alkatr\u00e9szeket.<\/li>\n<li><strong>2. tipp:<\/strong> Ellen\u0151rizze a hidraulikaolaj szintj\u00e9t \u00e9s min\u0151s\u00e9g\u00e9t.<\/li>\n<li><strong>Megold\u00e1s:<\/strong> Sz\u00fcks\u00e9g szerint t\u00f6lts\u00f6n ut\u00e1na vagy cser\u00e9lje ki a hidraulikaolajat.<\/li>\n<li><strong>3. tipp:<\/strong> Ellen\u0151rizze a t\u00f6m\u00edt\u0151 alkatr\u00e9szeket s\u00e9r\u00fcl\u00e9s vagy sziv\u00e1rg\u00e1s szempontj\u00e1b\u00f3l.<\/li>\n<li><strong>Megold\u00e1s:<\/strong> Cser\u00e9lje ki a s\u00e9r\u00fclt t\u00f6m\u00edt\u0151elemeket.<\/li>\n<li><strong>4. tipp:<\/strong> Ellen\u0151rizze az \u00fczemi nyom\u00e1st \u00e9s h\u0151m\u00e9rs\u00e9kletet.<\/li>\n<li><strong>Megold\u00e1s:<\/strong> Sz\u00fcks\u00e9g szerint \u00e1ll\u00edtsa be vagy cser\u00e9lje ki a nyom\u00e1scs\u00f6kkent\u0151 szelepet vagy a h\u0151m\u00e9rs\u00e9klet-\u00e9rz\u00e9kel\u0151t.<\/li>\n<\/ul>\n<p>A lehets\u00e9ges probl\u00e9m\u00e1k megel\u0151z\u00e9se \u00e9rdek\u00e9ben k\u00f6vesse az al\u00e1bbi megel\u0151z\u0151 int\u00e9zked\u00e9seket:<\/p>\n<ul>\n<li><strong>1. int\u00e9zked\u00e9s:<\/strong> K\u00f6vesse a gy\u00e1rt\u00f3 \u00e1ltal aj\u00e1nlott karbantart\u00e1si \u00fctemtervet.<\/li>\n<li><strong>2. int\u00e9zked\u00e9s:<\/strong> Kiz\u00e1r\u00f3lag az aj\u00e1nlott hidraulikaolajat \u00e9s ken\u0151anyagokat haszn\u00e1lja.<\/li>\n<li><strong>3. int\u00e9zked\u00e9s:<\/strong> Ker\u00fclje a maxim\u00e1lis \u00fczemi terhel\u00e9s vagy nyom\u00e1s t\u00fall\u00e9p\u00e9s\u00e9t.<\/li>\n<li><strong>4. int\u00e9zked\u00e9s:<\/strong> Haszn\u00e1laton k\u00edv\u00fcl megfelel\u0151en t\u00e1rolja a palackot.<\/li>\n<\/ul>\n<p><img decoding=\"async\" src=\"https:\/\/www.hydraulic-cylinders.net\/wp-content\/uploads\/2025\/01\/songte-chushion-collar.webp\"><\/p>\n<h3>Telep\u00edt\u00e9si \u00fatmutat\u00f3<\/h3>\n<p>A hengerfej megfelel\u0151 beszerel\u00e9s\u00e9hez k\u00f6vesse az al\u00e1bbi l\u00e9p\u00e9seket:<\/p>\n<ol>\n<li>Gy\u0151z\u0151dj\u00f6n meg arr\u00f3l, hogy a henger \u00e9s a robotkar r\u00f6gz\u00edt\u0151fel\u00fcletei tiszt\u00e1k \u00e9s t\u00f6rmel\u00e9kmentesek.<\/li>\n<li>Igaz\u00edtsa a hengert a r\u00f6gz\u00edt\u0151konzolokhoz, \u00fcgyelve arra, hogy a hidraulikat\u00f6ml\u0151k vagy cs\u00f6vek megfelel\u0151en csatlakozzanak.<\/li>\n<li>A r\u00f6gz\u00edt\u0151csavarok vagy any\u00e1k megh\u00faz\u00e1s\u00e1hoz a gy\u00e1rt\u00f3 el\u0151\u00edr\u00e1sainak megfelel\u0151en haszn\u00e1ljon megfelel\u0151 nyomat\u00e9kkulcsot.<\/li>\n<li>T\u00f6ltse fel a hengert az aj\u00e1nlott hidraulikaolajjal, \u00fcgyelve arra, hogy az olajszint az aj\u00e1nlott tartom\u00e1nyon bel\u00fcl legyen.<\/li>\n<li>Ellen\u0151rizze a henger megfelel\u0151 m\u0171k\u00f6d\u00e9s\u00e9t, \u00fcgyelve arra, hogy ne legyen sziv\u00e1rg\u00e1s vagy rendellenes zaj.<\/li>\n<\/ol>\n<h3>R\u00f3lunk<\/h3>\n<p>Professzion\u00e1lis hidraulikus hengergy\u00e1rt\u00f3k\u00e9nt sz\u00e9les term\u00e9kv\u00e1laszt\u00e9kkal rendelkez\u00fcnk, \u00e9s a hazai \u00e9s nemzetk\u00f6zi piacok egyik vezet\u0151 hidraulikus hengergy\u00e1rt\u00f3j\u00e1v\u00e1 \u00e9s nagykereskedelmi forgalmaz\u00f3j\u00e1v\u00e1 v\u00e1ltunk. Mindig a kiv\u00e1l\u00f3 min\u0151s\u00e9g elv\u00e9t k\u00f6vetj\u00fck, ipari termel\u00e9sir\u00e1ny\u00edt\u00e1si strat\u00e9gi\u00e1kra t\u00e1maszkodunk finom gy\u00e1rt\u00f3m\u0171helyeinkben, folyamatosan fejlesztve technikai sz\u00ednvonalunkat \u00e9s termel\u00e9si hat\u00e9konys\u00e1gunkat. Cs\u00facskateg\u00f3ri\u00e1s digit\u00e1lis gy\u00e1rt\u00f3berendez\u00e9sek \u00e9s professzion\u00e1lis tesztel\u0151rendszerek bevezet\u00e9s\u00e9vel optimaliz\u00e1ljuk a gy\u00e1rt\u00e1si platformot, jav\u00edtjuk a term\u00e9kmin\u0151s\u00e9g-ellen\u0151rz\u00e9si folyamatot, \u00e9s er\u0151s innov\u00e1ci\u00f3s k\u00e9pess\u00e9ggel rendelkez\u00fcnk. C\u00e9lunk, hogy a hat\u00e9konys\u00e1g, a pontoss\u00e1g \u00e9s a magas min\u0151s\u00e9g elveivel kiel\u00e9g\u00edts\u00fck az \u00fcgyfelek sokr\u00e9t\u0171 ig\u00e9nyeit.<\/p>\n<p>Elk\u00f6telezettek vagyunk a kiv\u00e1l\u00f3 min\u0151s\u00e9g\u0171 term\u00e9kek \u00e9s a kiv\u00e1l\u00f3 szolg\u00e1ltat\u00e1s biztos\u00edt\u00e1sa ir\u00e1nt \u00fcgyfeleink sz\u00e1m\u00e1ra. C\u00e9g\u00fcnk olyan nemzetk\u00f6zi tan\u00fas\u00edtv\u00e1nyokkal rendelkezik, mint az ISO9001 \u00e9s a CE, \u00e9s testreszabott szolg\u00e1ltat\u00e1sokat ny\u00fajtunk speci\u00e1lis ig\u00e9ny\u0171 \u00fcgyfeleink sz\u00e1m\u00e1ra. Korszer\u0171 gy\u00e1rt\u00f3berendez\u00e9sekkel \u00e9s teljes k\u00f6r\u0171 \u00e9rt\u00e9kes\u00edt\u00e9s ut\u00e1ni szervizrendszerrel rendelkez\u00fcnk, amely er\u0151s t\u00e1mogat\u00e1st ny\u00fajt a hidraulikus hengerek gy\u00e1rt\u00e1s\u00e1hoz \u00e9s haszn\u00e1lat\u00e1hoz.<\/p>\n<p><img decoding=\"async\" src=\"https:\/\/www.hydraulic-cylinders.net\/wp-content\/uploads\/2025\/01\/songte-company-4.webp\"><br \/>\n<img decoding=\"async\" src=\"https:\/\/www.hydraulic-cylinders.net\/wp-content\/uploads\/2025\/01\/songte-company-3.webp\"><\/p>\n<p>Szerz\u0151: lyl<\/p>","protected":false},"excerpt":{"rendered":"<p>Arm Cylinder For SGZG SD22-9B Introduction The arm cylinder is a specially designed hydraulic cylinder that is used primarily for providing linear motion and power to the arms of various types of machinery such as excavators, cranes, and robotic arms. The arm cylinder plays a critical role in the hydraulic system, enabling the effective movement [&hellip;]<\/p>","protected":false},"featured_media":14759,"comment_status":"open","ping_status":"closed","template":"","meta":{"_et_pb_use_builder":"","_et_pb_old_content":"","_et_gb_content_width":""},"product_brand":[],"product_cat":[1497],"product_tag":[1498,1496],"class_list":{"0":"post-16716","1":"product","2":"type-product","3":"status-publish","4":"has-post-thumbnail","6":"product_cat-arm-cylinders","7":"product_tag-arm-cylinders","8":"product_tag-hydraulic-cylinders","10":"first","11":"instock","12":"shipping-taxable","13":"product-type-simple"},"amp_enabled":true,"_links":{"self":[{"href":"https:\/\/www.hydraulic-cylinders.net\/hu\/wp-json\/wp\/v2\/product\/16716","targetHints":{"allow":["GET"]}}],"collection":[{"href":"https:\/\/www.hydraulic-cylinders.net\/hu\/wp-json\/wp\/v2\/product"}],"about":[{"href":"https:\/\/www.hydraulic-cylinders.net\/hu\/wp-json\/wp\/v2\/types\/product"}],"replies":[{"embeddable":true,"href":"https:\/\/www.hydraulic-cylinders.net\/hu\/wp-json\/wp\/v2\/comments?post=16716"}],"wp:featuredmedia":[{"embeddable":true,"href":"https:\/\/www.hydraulic-cylinders.net\/hu\/wp-json\/wp\/v2\/media\/14759"}],"wp:attachment":[{"href":"https:\/\/www.hydraulic-cylinders.net\/hu\/wp-json\/wp\/v2\/media?parent=16716"}],"wp:term":[{"taxonomy":"product_brand","embeddable":true,"href":"https:\/\/www.hydraulic-cylinders.net\/hu\/wp-json\/wp\/v2\/product_brand?post=16716"},{"taxonomy":"product_cat","embeddable":true,"href":"https:\/\/www.hydraulic-cylinders.net\/hu\/wp-json\/wp\/v2\/product_cat?post=16716"},{"taxonomy":"product_tag","embeddable":true,"href":"https:\/\/www.hydraulic-cylinders.net\/hu\/wp-json\/wp\/v2\/product_tag?post=16716"}],"curies":[{"name":"munkaf\u00fczet","href":"https:\/\/api.w.org\/{rel}","templated":true}]}}