{"id":16733,"date":"2025-01-21T05:50:26","date_gmt":"2025-01-21T05:50:26","guid":{"rendered":"https:\/\/www.hydraulic-cylinders.net\/product\/arm-cylinder-for-kym-ky50c\/"},"modified":"2025-01-21T05:50:28","modified_gmt":"2025-01-21T05:50:28","slug":"arm-cylinder-for-kym-ky50c","status":"publish","type":"product","link":"https:\/\/www.hydraulic-cylinders.net\/hu\/termek\/arm-cylinder-for-kym-ky50c\/","title":{"rendered":"Karhenger KYM KY50C-hez"},"content":{"rendered":"<h1>Karhenger KYM KY50C-hez<\/h1>\n<h2>Bevezet\u00e9s<\/h2>\n<p>A KYM KY50C karhengere egy speci\u00e1lisan tervezett hidraulikus henger, amely line\u00e1ris mozg\u00e1st \u00e9s er\u0151t biztos\u00edt k\u00fcl\u00f6nf\u00e9le g\u00e9pek, p\u00e9ld\u00e1ul kotr\u00f3g\u00e9pek, daruk \u00e9s robotkarok karjainak. A karhenger kulcsszerepet j\u00e1tszik a hidraulikus rendszerekben, lehet\u0151v\u00e9 t\u00e9ve a tov\u00e1bbi szersz\u00e1mok vagy tartoz\u00e9kok hat\u00e9kony mozg\u00e1s\u00e1t \u00e9s vez\u00e9rl\u00e9s\u00e9t. Ezek a hengerek nemcsak a sima mozg\u00e1st biztos\u00edtj\u00e1k, hanem a nagy terhel\u00e9seket is elviselik, \u00edgy biztos\u00edtva a magas m\u0171k\u00f6d\u00e9si hat\u00e9konys\u00e1got \u00e9s megb\u00edzhat\u00f3s\u00e1got k\u00fcl\u00f6nf\u00e9le munkak\u00f6r\u00fclm\u00e9nyek k\u00f6z\u00f6tt.<\/p>\n<p><img decoding=\"async\" src=\"https:\/\/www.hydraulic-cylinders.net\/wp-content\/uploads\/2025\/01\/songte-company-2.webp\" alt=\"Karhenger k\u00e9pe\"><\/p>\n<h2>Jellemz\u0151k<\/h2>\n<ul>\n<li><strong>Nagy hat\u00e9konys\u00e1g\u00fa \u00e1tvitel:<\/strong> A karhenger er\u0151teljes line\u00e1ris mozg\u00e1st \u00e9s er\u0151t biztos\u00edt, biztos\u00edtva a mechanikus kar nagy teljes\u00edtm\u00e9ny\u00e9t k\u00fcl\u00f6nf\u00e9le m\u0171veletek sor\u00e1n.<\/li>\n<li><strong>Prec\u00edz vez\u00e9rl\u00e9s:<\/strong> A hidraulikus rendszeren kereszt\u00fcl a karhenger prec\u00edz mozg\u00e1svez\u00e9rl\u00e9st tesz lehet\u0151v\u00e9, \u00edgy a csatlakoztatott eszk\u00f6z\u00f6k kezel\u00e9se rugalmasabb \u00e9s pontosabb.<\/li>\n<li><strong>Tart\u00f3ss\u00e1g:<\/strong> A karhengerek jellemz\u0151en nagy szil\u00e1rds\u00e1g\u00fa anyagokb\u00f3l k\u00e9sz\u00fclnek, kiv\u00e1l\u00f3 kop\u00e1s- \u00e9s korr\u00f3zi\u00f3\u00e1ll\u00f3s\u00e1ggal rendelkeznek, \u00edgy alkalmasak hossz\u00fa t\u00e1v\u00fa haszn\u00e1latra zord k\u00f6rnyezetben.<\/li>\n<li><strong>T\u00f6bbfunkci\u00f3s alkalmazkod\u00f3k\u00e9pess\u00e9g:<\/strong> Ezek a munkahengerek sz\u00e9les k\u00f6rben alkalmazhat\u00f3k k\u00fcl\u00f6nf\u00e9le g\u00e9pekben, p\u00e9ld\u00e1ul kotr\u00f3g\u00e9pekben, darukban \u00e9s robotkarokban, kiel\u00e9g\u00edtve a k\u00fcl\u00f6nb\u00f6z\u0151 munkak\u00f6vetelm\u00e9nyeket.<\/li>\n<li><strong>K\u00f6nny\u0171 karbantart\u00e1s:<\/strong> Az egyszer\u0171 karbantart\u00e1sra \u00e9s cser\u00e9re tervezett hengerek megk\u00f6nny\u00edtik a rendszeres ellen\u0151rz\u00e9seket \u00e9s karbantart\u00e1st, cs\u00f6kkentve a berendez\u00e9sek \u00e1ll\u00e1sidej\u00e9t.<\/li>\n<\/ul>\n<p><img decoding=\"async\" src=\"https:\/\/www.hydraulic-cylinders.net\/wp-content\/uploads\/2025\/01\/songte-oil-pipes-and-spare-parts.webp\" alt=\"Term\u00e9kk\u00e9p\"><\/p>\n<h2>Alkalmaz\u00e1sok<\/h2>\n<p>A KYM KY50C karhenger\u00e9t sz\u00e1mos ipar\u00e1gban \u00e9s alkalmaz\u00e1sban haszn\u00e1lj\u00e1k:<\/p>\n<h3>1. \u00c9p\u00edt\u0151m\u00e9rn\u00f6ki tudom\u00e1nyok<\/h3>\n<p>Kotr\u00f3g\u00e9pekn\u00e9l \u00e9s darukn\u00e1l a karhenger vez\u00e9rli a v\u00f6dr\u00f6k vagy g\u00e9mek mozg\u00e1s\u00e1t f\u00f6ldmunk\u00e1kn\u00e1l, anyagmozgat\u00e1sn\u00e1l \u00e9s szerkezeti telep\u00edt\u00e9sekn\u00e9l.<\/p>\n<h3>2. Gy\u00e1rt\u00e1s<\/h3>\n<p>Az automatiz\u00e1lt gy\u00e1rt\u00f3sorokon a karhenger lehet\u0151v\u00e9 teszi a robotkarok mozg\u00e1s\u00e1t olyan folyamatokhoz, mint az \u00f6sszeszerel\u00e9s, hegeszt\u00e9s \u00e9s anyagmozgat\u00e1s, jav\u00edtva a termel\u00e9si hat\u00e9konys\u00e1got \u00e9s a pontoss\u00e1got.<\/p>\n<h3>3. Mez\u0151gazdas\u00e1gi g\u00e9pek<\/h3>\n<p>A mez\u0151gazdas\u00e1gi g\u00e9pekben, p\u00e9ld\u00e1ul a betakar\u00edt\u00f3g\u00e9pekben \u00e9s a vet\u0151g\u00e9pekben a karhenger vez\u00e9rli a m\u0171k\u00f6dtet\u0151 karok mozg\u00e1s\u00e1t olyan feladatokhoz, mint az vet\u00e9s, a tr\u00e1gy\u00e1z\u00e1s \u00e9s a betakar\u00edt\u00e1s.<\/p>\n<h3>4. B\u00e1ny\u00e1szat<\/h3>\n<p>B\u00e1ny\u00e1szati \u200b\u200bberendez\u00e9sekben a karhengert a b\u00e1ny\u00e1szati \u200b\u200bg\u00e9pek karmozg\u00e1s\u00e1nak vez\u00e9rl\u00e9s\u00e9re haszn\u00e1lj\u00e1k \u00e9rc kitermel\u00e9se \u00e9s sz\u00e1ll\u00edt\u00e1sa sor\u00e1n.<\/p>\n<h3>5. Logisztika \u00e9s sz\u00e1ll\u00edt\u00e1s<\/h3>\n<p>A targonc\u00e1kban \u00e9s anyagmozgat\u00f3 robotokban a karhenger vez\u00e9rli a vill\u00e1k emel\u00e9s\u00e9t \u00e9s mozg\u00e1s\u00e1t, lehet\u0151v\u00e9 t\u00e9ve az anyagok kezel\u00e9s\u00e9t \u00e9s egym\u00e1sra rak\u00e1s\u00e1t.<\/p>\n<p><img decoding=\"async\" src=\"https:\/\/www.hydraulic-cylinders.net\/wp-content\/uploads\/2025\/01\/songte-cylinder-head-with-all-kinds-excavator-models.webp\" alt=\"Term\u00e9kk\u00e9p\"><\/p>\n<h2>Tervez\u00e9si szempontok \u00e9s kiv\u00e1laszt\u00e1si krit\u00e9riumok<\/h2>\n<p>A hengerek tervez\u00e9s\u00e9n\u00e9l \u00e9s kiv\u00e1laszt\u00e1s\u00e1n\u00e1l sz\u00e1mos t\u00e9nyez\u0151t kell figyelembe venni:<\/p>\n<h3>1. Teherb\u00edr\u00e1s<\/h3>\n<p>A karhengereknek k\u00e9pesnek kell lenni\u00fck a sz\u00fcks\u00e9ges terhel\u00e9s elvisel\u00e9s\u00e9re a teljes\u00edtm\u00e9ny vagy a biztons\u00e1g fel\u00e1ldoz\u00e1sa n\u00e9lk\u00fcl.<\/p>\n<h3>2. T\u00f6m\u00edt\u00e9si hat\u00e9konys\u00e1g<\/h3>\n<p>A hat\u00e9kony t\u00f6m\u00edt\u00e9s biztos\u00edt\u00e1s\u00e1hoz k\u00fcl\u00f6nf\u00e9le t\u00f6m\u00edt\u0151elemeket, p\u00e9ld\u00e1ul dugatty\u00fat\u00f6m\u00edt\u00e9seket \u00e9s r\u00fadt\u00f6m\u00edt\u00e9seket kell haszn\u00e1lni. A tart\u00f3s anyagokat, mint p\u00e9ld\u00e1ul a poliuret\u00e1nt \u00e9s a nitrilgumit, \u00e1ltal\u00e1ban kop\u00e1s\u00e1ll\u00f3s\u00e1guk miatt v\u00e1lasztj\u00e1k.<\/p>\n<h3>3. Tart\u00f3ss\u00e1g<\/h3>\n<p>A karhengereket kiv\u00e1l\u00f3 min\u0151s\u00e9g\u0171 anyagokb\u00f3l kell gy\u00e1rtani, \u00e9s finom fel\u00fcletkezel\u00e9sen kell \u00e1tesni\u00fck a kop\u00e1s\u00e1ll\u00f3s\u00e1g \u00e9s a hossz\u00fa \u00e9lettartam n\u00f6vel\u00e9se \u00e9rdek\u00e9ben.<\/p>\n<h3>4. Biztons\u00e1g<\/h3>\n<p>A biztons\u00e1gi szempontokat be kell \u00e9p\u00edteni a tervez\u00e9sbe, biztos\u00edtva, hogy a karhenger megb\u00edzhat\u00f3an m\u0171k\u00f6dj\u00f6n \u00e9s minimaliz\u00e1lja a lehets\u00e9ges vesz\u00e9lyeket.<\/p>\n<h3>5. Karbantarthat\u00f3s\u00e1g<\/h3>\n<p>Rendszeres ellen\u0151rz\u00e9seket \u00e9s megel\u0151z\u0151 karbantart\u00e1si int\u00e9zked\u00e9seket kell v\u00e9grehajtani a karhenger optim\u00e1lis m\u0171k\u00f6d\u00e9si \u00e1llapot\u00e1nak meg\u0151rz\u00e9se \u00e9rdek\u00e9ben, cs\u00f6kkentve a v\u00e1ratlan meghib\u00e1sod\u00e1sok kock\u00e1zat\u00e1t.<\/p>\n<p><img decoding=\"async\" src=\"https:\/\/www.hydraulic-cylinders.net\/wp-content\/uploads\/2025\/01\/songte-chushion-collar.webp\" alt=\"Term\u00e9kk\u00e9p\"><\/p>\n<h2>T\u00f6m\u00edt\u00e9s \u00e9s ken\u00e9s<\/h2>\n<p>A megfelel\u0151 m\u0171k\u00f6d\u00e9s biztos\u00edt\u00e1sa \u00e9rdek\u00e9ben a karos munkahengerek k\u00fcl\u00f6nf\u00e9le t\u00f6m\u00edt\u0151elemeket haszn\u00e1lnak, p\u00e9ld\u00e1ul dugatty\u00fat\u00f6m\u00edt\u00e9seket \u00e9s r\u00fadt\u00f6m\u00edt\u00e9seket. Ezek a t\u00f6m\u00edt\u00e9sek kop\u00e1s\u00e1ll\u00f3 anyagokb\u00f3l, p\u00e9ld\u00e1ul poliuret\u00e1nb\u00f3l \u00e9s nitrilgumib\u00f3l k\u00e9sz\u00fclnek. Ezenk\u00edv\u00fcl a hengertest \u00e9s a menetes v\u00e9gek prec\u00edz fel\u00fcletkezel\u00e9sen esnek \u00e1t a kop\u00e1s\u00e1ll\u00f3s\u00e1g fokoz\u00e1sa \u00e9rdek\u00e9ben. A z\u00f6kken\u0151mentes m\u0171k\u00f6d\u00e9s fenntart\u00e1s\u00e1hoz rendszeres ken\u00e9s sz\u00fcks\u00e9ges megfelel\u0151 hidraulikaolajjal.<\/p>\n<h2>Karbantart\u00e1s \u00e9s \u00f3vint\u00e9zked\u00e9sek<\/h2>\n<p>A karhenger hossz\u00fa \u00e9lettartam\u00e1nak \u00e9s optim\u00e1lis teljes\u00edtm\u00e9ny\u00e9nek biztos\u00edt\u00e1sa \u00e9rdek\u00e9ben a k\u00f6vetkez\u0151 karbantart\u00e1si \u00e9s \u00f3vint\u00e9zked\u00e9seket kell tenni:<\/p>\n<h3>1. Rendszeres ellen\u0151rz\u00e9s<\/h3>\n<p>Rendszeresen ellen\u0151rizze a karhengert kop\u00e1s, sziv\u00e1rg\u00e1s vagy s\u00e9r\u00fcl\u00e9s jelei szempontj\u00e1b\u00f3l. Azonnal foglalkozzon a probl\u00e9m\u00e1kkal a tov\u00e1bbi k\u00e1rosod\u00e1s vagy meghib\u00e1sod\u00e1s megel\u0151z\u00e9se \u00e9rdek\u00e9ben.<\/p>\n<h3>2. Megel\u0151z\u0151 karbantart\u00e1s<\/h3>\n<p>Vezessen be megel\u0151z\u0151 karbantart\u00e1si \u00fctemtervet, amely mag\u00e1ban foglalja a ken\u00e9st, a t\u00f6m\u00edt\u00e9sek cser\u00e9j\u00e9t \u00e9s az \u00e1ltal\u00e1nos rendszerellen\u0151rz\u00e9seket. Ez seg\u00edt azonos\u00edtani \u00e9s kezelni a lehets\u00e9ges probl\u00e9m\u00e1kat, miel\u0151tt azok s\u00falyosbodn\u00e1nak.<\/p>\n<h3>3. Helyes telep\u00edt\u00e9s<\/h3>\n<p>A karhenger megfelel\u0151 felszerel\u00e9se \u00e9s be\u00e1ll\u00edt\u00e1sa \u00e9rdek\u00e9ben k\u00f6vesse a mell\u00e9kelt telep\u00edt\u00e9si \u00fatmutat\u00f3t. A nem megfelel\u0151 telep\u00edt\u00e9s id\u0151 el\u0151tti kop\u00e1shoz vagy meghib\u00e1sod\u00e1shoz vezethet.<\/p>\n<p><img decoding=\"async\" src=\"https:\/\/www.hydraulic-cylinders.net\/wp-content\/uploads\/2025\/01\/songte-bushings-with-all-kinds-of-excavator-models.webp\" alt=\"Term\u00e9kk\u00e9p\"><\/p>\n<h2>Biztons\u00e1gi szempontok \u00e9s k\u00f6rnyezeti t\u00e9nyez\u0151k<\/h2>\n<p>Karos munkahengerek haszn\u00e1latakor a biztons\u00e1gi int\u00e9zked\u00e9sek elengedhetetlenek. A megfelel\u0151 k\u00e9pz\u00e9s \u00e9s a biztons\u00e1gi protokollok betart\u00e1sa elengedhetetlen a balesetek megel\u0151z\u00e9se \u00e9s a szem\u00e9lyzet j\u00f3l\u00e9t\u00e9nek biztos\u00edt\u00e1sa \u00e9rdek\u00e9ben. Ezenk\u00edv\u00fcl a k\u00f6rnyezeti t\u00e9nyez\u0151ket, p\u00e9ld\u00e1ul a h\u0151m\u00e9rs\u00e9kletet, a p\u00e1ratartalmat \u00e9s a korr\u00f3zi\u00f3t is figyelembe kell venni a megfelel\u0151 anyagok \u00e9s karbantart\u00e1si elj\u00e1r\u00e1sok meghat\u00e1roz\u00e1s\u00e1hoz.<\/p>\n<h2>Hibaelh\u00e1r\u00edt\u00e1s \u00e9s gyakori probl\u00e9m\u00e1k<\/h2>\n<p>A karhengerekn\u00e9l id\u0151nk\u00e9nt probl\u00e9m\u00e1k vagy hib\u00e1k l\u00e9phetnek fel. \u00cdme n\u00e9h\u00e1ny gyakori probl\u00e9ma \u00e9s lehets\u00e9ges megold\u00e1suk:<\/p>\n<h3>1. Sziv\u00e1rg\u00e1s<\/h3>\n<p>Hidraulikafolyad\u00e9k-sziv\u00e1rg\u00e1s eset\u00e9n ellen\u0151rizze a t\u00f6m\u00edt\u00e9seket, \u00e9s sz\u00fcks\u00e9g eset\u00e9n cser\u00e9lje ki azokat. Gy\u0151z\u0151dj\u00f6n meg arr\u00f3l, hogy minden csatlakoz\u00e1s szorosan meg van h\u00fazva.<\/p>\n<h3>2. Lass\u00fa vagy nem hat\u00e9kony mozg\u00e1s<\/h3>\n<p>Ha a karhenger mozg\u00e1sa lass\u00fa vagy nem hat\u00e9kony, ellen\u0151rizze a hidraulikus rendszert, hogy nincsenek-e rajta korl\u00e1toz\u00e1sok vagy elz\u00e1r\u00f3d\u00e1sok. Ellen\u0151rizze a folyad\u00e9kszintet \u00e9s a viszkozit\u00e1st, \u00e9s sz\u00fcks\u00e9g eset\u00e9n tiszt\u00edtsa meg vagy cser\u00e9lje ki a sz\u0171r\u0151ket.<\/p>\n<h3>3. Szab\u00e1lytalan m\u0171k\u00f6d\u00e9s<\/h3>\n<p>Ha a kar hengere szab\u00e1lytalanul m\u0171k\u00f6dik vagy hib\u00e1s viselked\u00e9st mutat, ellen\u0151rizze a vez\u00e9rl\u0151szelepeket, \u00e9s gy\u0151z\u0151dj\u00f6n meg arr\u00f3l, hogy megfelel\u0151en m\u0171k\u00f6dnek. Ellen\u0151rizze a rendszerben l\u00e9v\u0151 elektromos vagy mechanikai probl\u00e9m\u00e1kat, amelyek befoly\u00e1solhatj\u00e1k a henger teljes\u00edtm\u00e9ny\u00e9t.<\/p>\n<h2>Szerz\u0151: lyl<\/h2>\n<h2>R\u00f3lunk<\/h2>\n<p>Professzion\u00e1lis gy\u00e1rt\u00f3k\u00e9nt k\u00edn\u00e1lunk p\u00f3talkatr\u00e9szeket hidraulikus hengerekb\u0151l, sz\u00e9les term\u00e9kv\u00e1laszt\u00e9kot k\u00edn\u00e1lva. A hazai \u00e9s nemzetk\u00f6zi piacok egyik vezet\u0151 gy\u00e1rt\u00f3jak\u00e9nt \u00e9s nagykereskedelmi forgalmaz\u00f3jak\u00e9nt a kiv\u00e1l\u00f3 min\u0151s\u00e9g elv\u00e9t valljuk. Kifinomult gy\u00e1rt\u00f3m\u0171hely\u00fcnkben alkalmazott iparos\u00edtott termel\u00e9sir\u00e1ny\u00edt\u00e1si strat\u00e9gi\u00e1val folyamatosan fejlesztj\u00fck m\u0171szaki k\u00e9pess\u00e9geinket \u00e9s termel\u00e9si hat\u00e9konys\u00e1gunkat.<\/p>\n<p>Fejlett digit\u00e1lis gy\u00e1rt\u00f3berendez\u00e9sek \u00e9s professzion\u00e1lis tesztel\u0151rendszerek bevezet\u00e9s\u00e9vel optimaliz\u00e1ljuk gy\u00e1rt\u00e1si platformunkat \u00e9s fejlesztj\u00fck term\u00e9kmin\u0151s\u00e9g-ellen\u0151rz\u00e9si folyamatainkat, biztos\u00edtva ezzel er\u0151s innov\u00e1ci\u00f3s k\u00e9pess\u00e9geinket. C\u00e9lunk, hogy hat\u00e9konyan, prec\u00edzen \u00e9s kiv\u00e1l\u00f3 min\u0151s\u00e9g\u0171 term\u00e9kekkel el\u00e9g\u00edts\u00fck ki \u00fcgyfeleink v\u00e1ltozatos ig\u00e9nyeit.<\/p>\n<p><img decoding=\"async\" src=\"https:\/\/www.hydraulic-cylinders.net\/wp-content\/uploads\/2025\/01\/songte-company-4.webp\" alt=\"C\u00e9ges im\u00e1zs\"><br \/>\n<img decoding=\"async\" src=\"https:\/\/www.hydraulic-cylinders.net\/wp-content\/uploads\/2025\/01\/songte-company-3.webp\" alt=\"C\u00e9ges im\u00e1zs\"><\/p>","protected":false},"excerpt":{"rendered":"<p>Arm Cylinder For KYM KY50C Introduction The Arm Cylinder for KYM KY50C is a specially designed hydraulic cylinder that provides linear motion and power to the arms of various machinery, such as excavators, cranes, and robotic arms. The arm cylinder plays a crucial role in hydraulic systems, enabling the efficient movement and control of additional [&hellip;]<\/p>","protected":false},"featured_media":14770,"comment_status":"open","ping_status":"closed","template":"","meta":{"_et_pb_use_builder":"","_et_pb_old_content":"","_et_gb_content_width":""},"product_brand":[],"product_cat":[1497],"product_tag":[1498,1496],"class_list":{"0":"post-16733","1":"product","2":"type-product","3":"status-publish","4":"has-post-thumbnail","6":"product_cat-arm-cylinders","7":"product_tag-arm-cylinders","8":"product_tag-hydraulic-cylinders","10":"first","11":"instock","12":"shipping-taxable","13":"product-type-simple"},"amp_enabled":true,"_links":{"self":[{"href":"https:\/\/www.hydraulic-cylinders.net\/hu\/wp-json\/wp\/v2\/product\/16733","targetHints":{"allow":["GET"]}}],"collection":[{"href":"https:\/\/www.hydraulic-cylinders.net\/hu\/wp-json\/wp\/v2\/product"}],"about":[{"href":"https:\/\/www.hydraulic-cylinders.net\/hu\/wp-json\/wp\/v2\/types\/product"}],"replies":[{"embeddable":true,"href":"https:\/\/www.hydraulic-cylinders.net\/hu\/wp-json\/wp\/v2\/comments?post=16733"}],"wp:featuredmedia":[{"embeddable":true,"href":"https:\/\/www.hydraulic-cylinders.net\/hu\/wp-json\/wp\/v2\/media\/14770"}],"wp:attachment":[{"href":"https:\/\/www.hydraulic-cylinders.net\/hu\/wp-json\/wp\/v2\/media?parent=16733"}],"wp:term":[{"taxonomy":"product_brand","embeddable":true,"href":"https:\/\/www.hydraulic-cylinders.net\/hu\/wp-json\/wp\/v2\/product_brand?post=16733"},{"taxonomy":"product_cat","embeddable":true,"href":"https:\/\/www.hydraulic-cylinders.net\/hu\/wp-json\/wp\/v2\/product_cat?post=16733"},{"taxonomy":"product_tag","embeddable":true,"href":"https:\/\/www.hydraulic-cylinders.net\/hu\/wp-json\/wp\/v2\/product_tag?post=16733"}],"curies":[{"name":"munkaf\u00fczet","href":"https:\/\/api.w.org\/{rel}","templated":true}]}}