{"id":16735,"date":"2025-01-21T05:50:34","date_gmt":"2025-01-21T05:50:34","guid":{"rendered":"https:\/\/www.hydraulic-cylinders.net\/product\/arm-cylinder-for-kym-ky85\/"},"modified":"2025-01-21T05:50:36","modified_gmt":"2025-01-21T05:50:36","slug":"arm-cylinder-for-kym-ky85","status":"publish","type":"product","link":"https:\/\/www.hydraulic-cylinders.net\/hu\/termek\/arm-cylinder-for-kym-ky85\/","title":{"rendered":"Karhenger KYM KY85-h\u00f6z"},"content":{"rendered":"<h1>Karhenger KYM KY85-h\u00f6z<\/h1>\n<h2>Bevezet\u00e9s<\/h2>\n<h3>A karhenger meghat\u00e1roz\u00e1sa \u00e9s magyar\u00e1zata<\/h3>\n<p>A karhenger egy speci\u00e1lisan tervezett hidraulikus henger, amelyet f\u0151k\u00e9nt k\u00fcl\u00f6nf\u00e9le g\u00e9pek, p\u00e9ld\u00e1ul kotr\u00f3g\u00e9pek, daruk \u00e9s robotkarok karjainak line\u00e1ris mozg\u00e1s\u00e1nak \u00e9s erej\u00e9nek biztos\u00edt\u00e1s\u00e1ra haszn\u00e1lnak. A karhenger kritikus szerepet j\u00e1tszik a hidraulikus rendszerekben, lehet\u0151v\u00e9 t\u00e9ve a tartoz\u00e9kok vagy tartoz\u00e9kok mozg\u00e1s\u00e1t \u00e9s hat\u00e9kony vez\u00e9rl\u00e9s\u00e9t. Ezek a hengerek nemcsak a sima mozg\u00e1st teszik lehet\u0151v\u00e9, hanem a nagy terhel\u00e9seket is elviselik, biztos\u00edtva a g\u00e9p hat\u00e9kony m\u0171k\u00f6d\u00e9s\u00e9t \u00e9s megb\u00edzhat\u00f3s\u00e1g\u00e1t k\u00fcl\u00f6nb\u00f6z\u0151 \u00fczemi k\u00f6r\u00fclm\u00e9nyek k\u00f6z\u00f6tt.<\/p>\n<p><img decoding=\"async\" src=\"https:\/\/www.hydraulic-cylinders.net\/wp-content\/uploads\/2025\/01\/songte-company-2.webp\" alt=\"Karhenger k\u00e9pe\"><\/p>\n<h2>Jellemz\u0151k<\/h2>\n<h3>1. Nagy hat\u00e9konys\u00e1g\u00fa \u00e1tvitel<\/h3>\n<p>A karhenger er\u0151teljes line\u00e1ris mozg\u00e1st \u00e9s er\u0151t biztos\u00edt, biztos\u00edtva a robotkar nagy hat\u00e9konys\u00e1g\u00fa teljes\u00edtm\u00e9ny\u00e9t k\u00fcl\u00f6nf\u00e9le m\u0171veletek sor\u00e1n.<\/p>\n<h3>2. Prec\u00edz vez\u00e9rl\u00e9s<\/h3>\n<p>A hidraulikus rendszeren kereszt\u00fcl a karhenger prec\u00edz mozg\u00e1svez\u00e9rl\u00e9st tesz lehet\u0151v\u00e9, \u00edgy a tartoz\u00e9kok m\u0171k\u00f6dtet\u00e9se rugalmasabb \u00e9s pontosabb.<\/p>\n<h3>3. Er\u0151s tart\u00f3ss\u00e1g<\/h3>\n<p>A karhenger \u00e1ltal\u00e1ban nagy szil\u00e1rds\u00e1g\u00fa anyagokb\u00f3l k\u00e9sz\u00fcl, j\u00f3 kop\u00e1s\u00e1ll\u00f3s\u00e1ggal \u00e9s korr\u00f3zi\u00f3\u00e1ll\u00f3s\u00e1ggal rendelkezik, \u00edgy alkalmass\u00e1 teszi a hossz\u00fa t\u00e1v\u00fa haszn\u00e1latra zord k\u00f6rnyezetben.<\/p>\n<h3>4. Sokoldal\u00fa alkalmazkod\u00f3k\u00e9pess\u00e9g<\/h3>\n<p>Ezek a munkahengerek sz\u00e9les k\u00f6rben alkalmazhat\u00f3k k\u00fcl\u00f6nf\u00e9le g\u00e9pekben, p\u00e9ld\u00e1ul kotr\u00f3g\u00e9pekben, darukban \u00e9s robotkarokban, alkalmazkodva a k\u00fcl\u00f6nb\u00f6z\u0151 munkak\u00f6vetelm\u00e9nyekhez.<\/p>\n<h3>5. K\u00f6nny\u0171 karbantart\u00e1s<\/h3>\n<p>A kialak\u00edt\u00e1s a k\u00f6nny\u0171 karbantart\u00e1st \u00e9s cser\u00e9t szem el\u0151tt tartja, \u00edgy a rendszeres ellen\u0151rz\u00e9s \u00e9s karbantart\u00e1s k\u00e9nyelmesebb, \u00e9s cs\u00f6kken a berendez\u00e9sek \u00e1ll\u00e1sideje.<\/p>\n<p><img decoding=\"async\" src=\"https:\/\/www.hydraulic-cylinders.net\/wp-content\/uploads\/2025\/01\/songte-oil-pipes-and-spare-parts.webp\" alt=\"Alkatr\u00e9szek k\u00e9pe\"><\/p>\n<h2>Alkalmaz\u00e1sok<\/h2>\n<p>A karhengert sz\u00e9les k\u00f6rben haszn\u00e1lj\u00e1k k\u00fcl\u00f6nf\u00e9le ipar\u00e1gakban, t\u00f6bbek k\u00f6z\u00f6tt:<\/p>\n<h3>1. \u00c9p\u00edt\u0151m\u00e9rn\u00f6ki tudom\u00e1nyok<\/h3>\n<p>Kotr\u00f3g\u00e9pekn\u00e9l \u00e9s darukn\u00e1l a karhenger a kan\u00e1l vagy a g\u00e9m mozg\u00e1s\u00e1nak vez\u00e9rl\u00e9s\u00e9re, f\u00f6ldmunk\u00e1k, anyagmozgat\u00e1s \u00e9s szerkezeti szerel\u00e9s elv\u00e9gz\u00e9s\u00e9re szolg\u00e1l.<\/p>\n<h3>2. Gy\u00e1rt\u00f3ipar<\/h3>\n<p>Az automatiz\u00e1lt gy\u00e1rt\u00f3sorokon a karhengert robotkarok mozgat\u00e1s\u00e1ra haszn\u00e1lj\u00e1k, \u00f6sszeszerel\u00e9si, hegeszt\u00e9si \u00e9s anyagmozgat\u00e1si folyamatok v\u00e9grehajt\u00e1s\u00e1ra, jav\u00edtva a termel\u00e9si hat\u00e9konys\u00e1got \u00e9s a pontoss\u00e1got.<\/p>\n<h3>3. Mez\u0151gazdas\u00e1gi g\u00e9pek<\/h3>\n<p>A mez\u0151gazdas\u00e1gi g\u00e9pekben, p\u00e9ld\u00e1ul a betakar\u00edt\u00f3g\u00e9pekben \u00e9s a vet\u0151g\u00e9pekben a karhenger vez\u00e9rli a kezel\u0151kar mozg\u00e1s\u00e1t, olyan feladatokat l\u00e1tva el, mint az vet\u00e9s, a tr\u00e1gy\u00e1z\u00e1s \u00e9s a betakar\u00edt\u00e1s.<\/p>\n<h3>4. B\u00e1ny\u00e1szat<\/h3>\n<p>A b\u00e1ny\u00e1szati \u200b\u200bberendez\u00e9sekben a karhenger a b\u00e1ny\u00e1szati \u200b\u200bberendez\u00e9s karj\u00e1nak mozg\u00e1s\u00e1nak vez\u00e9rl\u00e9s\u00e9re szolg\u00e1l, \u00e9rcb\u00e1ny\u00e1szatot \u00e9s -kezel\u00e9st v\u00e9gezve.<\/p>\n<h3>5. Logisztika \u00e9s sz\u00e1ll\u00edt\u00e1s<\/h3>\n<p>Targonc\u00e1kban \u00e9s anyagmozgat\u00f3 robotokban a karhenger a villa emel\u00e9s\u00e9nek \u00e9s mozg\u00e1s\u00e1nak vez\u00e9rl\u00e9s\u00e9re szolg\u00e1l, megval\u00f3s\u00edtva az anyagmozgat\u00e1st \u00e9s a rakod\u00e1st.<\/p>\n<h2>Tervez\u00e9si szempontok \u00e9s kiv\u00e1laszt\u00e1si szabv\u00e1nyok<\/h2>\n<h3>1. Teherb\u00edr\u00e1s<\/h3>\n<p>A karhenger teherb\u00edr\u00e1sa kritikus szempont a kiv\u00e1laszt\u00e1sn\u00e1l. A hengernek k\u00e9pesnek kell lennie arra, hogy ellen\u00e1lljon a k\u00fcl\u00f6nb\u00f6z\u0151 \u00fczemi k\u00f6r\u00fclm\u00e9nyek k\u00f6z\u00f6tt fell\u00e9p\u0151 terhel\u00e9snek.<\/p>\n<h3>2. T\u00f6m\u00edt\u00e9s<\/h3>\n<p>A karhenger t\u00f6m\u00edt\u00e9se rendk\u00edv\u00fcl fontos. A hengert szorosan le kell z\u00e1rni, hogy megakad\u00e1lyozzuk a hidraulikafolyad\u00e9k sziv\u00e1rg\u00e1s\u00e1t, ami k\u00e1ros\u00edthatja a g\u00e9peket \u00e9s a k\u00f6rnyezetet.<\/p>\n<h3>3. Tart\u00f3ss\u00e1g<\/h3>\n<p>A karhengernek tart\u00f3snak kell lennie, \u00e9s ellen kell \u00e1llnia a r\u00e1 hat\u00f3 zord \u00fczemi k\u00f6rnyezetnek. A hossz\u00fa t\u00e1v\u00fa haszn\u00e1lat biztos\u00edt\u00e1sa \u00e9rdek\u00e9ben nagy kop\u00e1s\u00e1ll\u00f3s\u00e1g\u00fa \u00e9s korr\u00f3zi\u00f3\u00e1ll\u00f3 anyagokat kell v\u00e1lasztani.<\/p>\n<h3>4. Biztons\u00e1g<\/h3>\n<p>A karhenger tervez\u00e9sekor figyelembe kell venni a biztons\u00e1got. Int\u00e9zked\u00e9seket kell tenni a henger meghib\u00e1sod\u00e1sa vagy meghib\u00e1sod\u00e1sa okozta balesetek megel\u0151z\u00e9se \u00e9rdek\u00e9ben.<\/p>\n<h3>5. Karbantarthat\u00f3s\u00e1g<\/h3>\n<p>A karhengert a karbantart\u00e1st szem el\u0151tt tartva kell megtervezni. K\u00f6nnyen sz\u00e9tszerelhet\u0151nek \u00e9s jav\u00edthat\u00f3nak kell lennie. A henger optim\u00e1lis teljes\u00edtm\u00e9ny\u00e9nek biztos\u00edt\u00e1sa \u00e9rdek\u00e9ben rendszeres karbantart\u00e1st kell v\u00e9gezni.<\/p>\n<p><img decoding=\"async\" src=\"https:\/\/www.hydraulic-cylinders.net\/wp-content\/uploads\/2025\/01\/songte-cylinder-head-with-all-kinds-excavator-models.webp\" alt=\"Hengerfej k\u00e9pe\"><\/p>\n<h2>T\u00f6m\u00edt\u00e9sek \u00e9s ken\u00e9s<\/h2>\n<p>A karhenger t\u00f6m\u00edt\u0151teljes\u00edtm\u00e9ny\u00e9nek biztos\u00edt\u00e1s\u00e1ra k\u00fcl\u00f6nf\u00e9le t\u00f6m\u00edt\u00e9seket, p\u00e9ld\u00e1ul dugatty\u00fat\u00f6m\u00edt\u00e9seket \u00e9s r\u00fadt\u00f6m\u00edt\u00e9seket haszn\u00e1lnak. \u00c1ltal\u00e1ban nagy kop\u00e1s\u00e1ll\u00f3s\u00e1g\u00fa \u00e9s j\u00f3 t\u00f6m\u00edt\u0151teljes\u00edtm\u00e9ny\u0171 anyagokat haszn\u00e1lnak, p\u00e9ld\u00e1ul poliuret\u00e1nt \u00e9s nitrilgumit. A hengertestet \u00e9s a menetes v\u00e9gfel\u00fcletet finoman megmunk\u00e1lj\u00e1k a kop\u00e1s\u00e1ll\u00f3s\u00e1g jav\u00edt\u00e1sa \u00e9rdek\u00e9ben. A henger optim\u00e1lis teljes\u00edtm\u00e9ny\u00e9nek biztos\u00edt\u00e1s\u00e1hoz rendszeres hidraulikaolajjal val\u00f3 ken\u00e9s sz\u00fcks\u00e9ges.<\/p>\n<h2>Karbantart\u00e1s \u00e9s \u00f3vint\u00e9zked\u00e9sek<\/h2>\n<p>A karhenger optim\u00e1lis teljes\u00edtm\u00e9ny\u00e9nek biztos\u00edt\u00e1sa \u00e9rdek\u00e9ben rendszeres ellen\u0151rz\u00e9st \u00e9s megel\u0151z\u0151 karbantart\u00e1st kell v\u00e9gezni. A k\u00f6vetkez\u0151 int\u00e9zked\u00e9seket kell tenni:<\/p>\n<h3>1. Rendszeres ellen\u0151rz\u00e9s<\/h3>\n<p>A karhengert rendszeresen ellen\u0151rizni kell az optim\u00e1lis teljes\u00edtm\u00e9ny biztos\u00edt\u00e1sa \u00e9s a lehets\u00e9ges probl\u00e9m\u00e1k korai felismer\u00e9se \u00e9rdek\u00e9ben.<\/p>\n<h3>2. Karbantart\u00e1s \u00fctemez\u00e9se<\/h3>\n<p>A karhenger t\u00f6m\u00edt\u0151teljes\u00edtm\u00e9ny\u00e9nek, ken\u00e9s\u00e9nek \u00e9s egy\u00e9b funkci\u00f3inak biztos\u00edt\u00e1sa \u00e9rdek\u00e9ben \u00fctemezett karbantart\u00e1st kell v\u00e9gezni.<\/p>\n<h3>3. Kopott alkatr\u00e9szek cser\u00e9je<\/h3>\n<p>A kopott alkatr\u00e9szeket halad\u00e9ktalanul ki kell cser\u00e9lni a henger optim\u00e1lis teljes\u00edtm\u00e9ny\u00e9nek biztos\u00edt\u00e1sa \u00e9s a henger meghib\u00e1sod\u00e1sa vagy hib\u00e1s m\u0171k\u00f6d\u00e9se okozta balesetek megel\u0151z\u00e9se \u00e9rdek\u00e9ben.<\/p>\n<h3>4. Tiszt\u00edt\u00e1s \u00e9s ken\u00e9s<\/h3>\n<p>A hengert rendszeresen tiszt\u00edtani \u00e9s kenni kell az optim\u00e1lis teljes\u00edtm\u00e9ny biztos\u00edt\u00e1sa \u00e9rdek\u00e9ben.<\/p>\n<h3>5. Biztons\u00e1gi \u00f3vint\u00e9zked\u00e9sek<\/h3>\n<p>A karhenger kezel\u00e9sekor biztons\u00e1gi \u00f3vint\u00e9zked\u00e9seket kell tenni a henger meghib\u00e1sod\u00e1sa vagy meghib\u00e1sod\u00e1sa okozta balesetek megel\u0151z\u00e9se \u00e9rdek\u00e9ben.<\/p>\n<p><img decoding=\"async\" src=\"https:\/\/www.hydraulic-cylinders.net\/wp-content\/uploads\/2025\/01\/songte-chushion-collar.webp\" alt=\"P\u00e1rnagall\u00e9r k\u00e9p\"><\/p>\n<h2>Telep\u00edt\u00e9si \u00fatmutat\u00f3<\/h2>\n<p>A hengerfej beszerel\u00e9sekor a k\u00f6vetkez\u0151 l\u00e9p\u00e9seket kell tenni:<\/p>\n<h3>1. Pozicion\u00e1l\u00e1s<\/h3>\n<p>A hengert megfelel\u0151en kell elhelyezni, \u00e9s a szerel\u00e9si fel\u00fcletnek s\u00edknak kell lennie.<\/p>\n<h3>2. Megh\u00faz\u00e1s<\/h3>\n<p>A henger optim\u00e1lis teljes\u00edtm\u00e9ny\u00e9nek biztos\u00edt\u00e1sa \u00e9rdek\u00e9ben a csavarokat a megadott nyomat\u00e9kkal kell megh\u00fazni.<\/p>\n<h3>3. Tesztel\u00e9s<\/h3>\n<p>A hengert a beszerel\u00e9s ut\u00e1n tesztelni kell az optim\u00e1lis teljes\u00edtm\u00e9ny biztos\u00edt\u00e1sa \u00e9rdek\u00e9ben.<\/p>\n<h2>Term\u00e9kbiztons\u00e1gi \u00e9s k\u00f6rnyezetv\u00e9delmi szempontok<\/h2>\n<p>A karos henger haszn\u00e1latakor biztons\u00e1gi int\u00e9zked\u00e9seket kell tenni a henger meghib\u00e1sod\u00e1sa vagy hib\u00e1s m\u0171k\u00f6d\u00e9se okozta balesetek megel\u0151z\u00e9se \u00e9rdek\u00e9ben. A k\u00f6rnyezeti hat\u00e1sokat is figyelembe kell venni.<\/p>\n<h2>Hibaelh\u00e1r\u00edt\u00e1s \u00e9s gyakori probl\u00e9m\u00e1k<\/h2>\n<p>Az al\u00e1bbiakban n\u00e9h\u00e1ny gyakori probl\u00e9ma mer\u00fclhet fel a karhenger haszn\u00e1lata sor\u00e1n:<\/p>\n<h3>1. T\u00f6m\u00edt\u00e9si hiba<\/h3>\n<p>A t\u00f6m\u00edt\u00e9s meghib\u00e1sod\u00e1sa miatt hidraulikafolyad\u00e9k-sziv\u00e1rg\u00e1s l\u00e9phet fel, ami k\u00e1ros\u00edthatja a g\u00e9peket \u00e9s a k\u00f6rnyezetet.<\/p>\n<h3>2. Rendellenes zaj<\/h3>\n<p>Rendellenes zaj keletkezhet henger meghib\u00e1sod\u00e1s vagy m\u0171k\u00f6d\u00e9si zavar miatt.<\/p>\n<h3>3. Lass\u00fa mozg\u00e1s<\/h3>\n<p>A henger mozg\u00e1sa lass\u00fa lehet ken\u00e9s hi\u00e1nya vagy egy\u00e9b okok miatt.<\/p>\n<p>Ha a fenti probl\u00e9m\u00e1k b\u00e1rmelyike \u200b\u200bfelmer\u00fcl, a k\u00f6vetkez\u0151 int\u00e9zked\u00e9seket kell megtenni:<\/p>\n<h3>1. Ellen\u0151rz\u00e9s<\/h3>\n<p>A probl\u00e9ma ok\u00e1nak meg\u00e1llap\u00edt\u00e1s\u00e1hoz meg kell vizsg\u00e1lni a hengert.<\/p>\n<h3>2. Kopott alkatr\u00e9szek cser\u00e9je<\/h3>\n<p>A kopott alkatr\u00e9szeket halad\u00e9ktalanul ki kell cser\u00e9lni a henger optim\u00e1lis teljes\u00edtm\u00e9ny\u00e9nek helyre\u00e1ll\u00edt\u00e1sa \u00e9rdek\u00e9ben.<\/p>\n<h3>3. Ken\u00e9s<\/h3>\n<p>A hengert rendszeresen kenni kell az optim\u00e1lis teljes\u00edtm\u00e9ny biztos\u00edt\u00e1sa \u00e9rdek\u00e9ben.<\/p>\n<p><img decoding=\"async\" src=\"https:\/\/www.hydraulic-cylinders.net\/wp-content\/uploads\/2025\/01\/songte-bushings-with-all-kinds-of-excavator-models.webp\" alt=\"Perselyek k\u00e9pe\"><\/p>\n<h2>R\u00f3lunk<\/h2>\n<p>Sz\u00e9les term\u00e9kv\u00e1laszt\u00e9kkal rendelkez\u0151 p\u00f3talkatr\u00e9sz-hidraulikus hengerek professzion\u00e1lis gy\u00e1rt\u00f3ja vagyunk. A hazai \u00e9s k\u00fclf\u00f6ldi piacok egyik vezet\u0151 hidraulikus hengergy\u00e1rt\u00f3j\u00e1v\u00e1 \u00e9s nagykereskedelmi forgalmaz\u00f3j\u00e1v\u00e1 v\u00e1ltunk. Mindig is a kiv\u00e1l\u00f3 min\u0151s\u00e9g elv\u00e9t tartottuk be, \u00e9s a finomgy\u00e1rt\u00f3 m\u0171hely ipari termel\u00e9sir\u00e1ny\u00edt\u00e1si strat\u00e9gi\u00e1j\u00e1ra t\u00e1maszkodtunk m\u0171szaki sz\u00ednvonalunk \u00e9s termel\u00e9si hat\u00e9konys\u00e1gunk folyamatos fejleszt\u00e9se \u00e9rdek\u00e9ben. Cs\u00facskateg\u00f3ri\u00e1s digit\u00e1lis gy\u00e1rt\u00f3berendez\u00e9sek \u00e9s professzion\u00e1lis tesztel\u0151rendszerek bevezet\u00e9s\u00e9vel folyamatosan optimaliz\u00e1ljuk a gy\u00e1rt\u00e1si platformot, fejlesztj\u00fck a term\u00e9kmin\u0151s\u00e9g-ellen\u0151rz\u00e9si folyamatot, \u00e9s er\u0151s innov\u00e1ci\u00f3s k\u00e9pess\u00e9gekkel rendelkez\u00fcnk. C\u00e9lunk, hogy \u00fcgyfeleink sokr\u00e9t\u0171 ig\u00e9nyeit nagy hat\u00e9konys\u00e1ggal, pontoss\u00e1ggal \u00e9s kiv\u00e1l\u00f3 min\u0151s\u00e9gben el\u00e9g\u00edts\u00fck ki.<\/p>\n<p>Professzion\u00e1lis szolg\u00e1ltat\u00e1sokat, nemzetk\u00f6zi tan\u00fas\u00edt\u00e1sokat, egyedi szolg\u00e1ltat\u00e1sokat, gy\u00e1rt\u00f3berendez\u00e9seket \u00e9s \u00e9rt\u00e9kes\u00edt\u00e9s ut\u00e1ni szolg\u00e1ltat\u00e1sokat k\u00edn\u00e1lunk \u00fcgyfeleinknek.<\/p>\n<p><img decoding=\"async\" src=\"https:\/\/www.hydraulic-cylinders.net\/wp-content\/uploads\/2025\/01\/songte-company-4.webp\" alt=\"C\u00e9ges im\u00e1zs\"><\/p>\n<p><img decoding=\"async\" src=\"https:\/\/www.hydraulic-cylinders.net\/wp-content\/uploads\/2025\/01\/songte-company-3.webp\" alt=\"C\u00e9ges im\u00e1zs\"><\/p>\n<p>Szerz\u0151: lyl<\/p>","protected":false},"excerpt":{"rendered":"<p>Arm Cylinder For KYM KY85 Introduction Definition and Explanation of Arm Cylinder An arm cylinder is a specially designed hydraulic cylinder that is mainly used to provide linear motion and power to the arms of various types of machinery such as excavators, cranes, and robotic arms. The arm cylinder plays a critical role in hydraulic [&hellip;]<\/p>","protected":false},"featured_media":14763,"comment_status":"open","ping_status":"closed","template":"","meta":{"_et_pb_use_builder":"","_et_pb_old_content":"","_et_gb_content_width":""},"product_brand":[],"product_cat":[1497],"product_tag":[1498,1496],"class_list":{"0":"post-16735","1":"product","2":"type-product","3":"status-publish","4":"has-post-thumbnail","6":"product_cat-arm-cylinders","7":"product_tag-arm-cylinders","8":"product_tag-hydraulic-cylinders","10":"first","11":"instock","12":"shipping-taxable","13":"product-type-simple"},"amp_enabled":true,"_links":{"self":[{"href":"https:\/\/www.hydraulic-cylinders.net\/hu\/wp-json\/wp\/v2\/product\/16735","targetHints":{"allow":["GET"]}}],"collection":[{"href":"https:\/\/www.hydraulic-cylinders.net\/hu\/wp-json\/wp\/v2\/product"}],"about":[{"href":"https:\/\/www.hydraulic-cylinders.net\/hu\/wp-json\/wp\/v2\/types\/product"}],"replies":[{"embeddable":true,"href":"https:\/\/www.hydraulic-cylinders.net\/hu\/wp-json\/wp\/v2\/comments?post=16735"}],"wp:featuredmedia":[{"embeddable":true,"href":"https:\/\/www.hydraulic-cylinders.net\/hu\/wp-json\/wp\/v2\/media\/14763"}],"wp:attachment":[{"href":"https:\/\/www.hydraulic-cylinders.net\/hu\/wp-json\/wp\/v2\/media?parent=16735"}],"wp:term":[{"taxonomy":"product_brand","embeddable":true,"href":"https:\/\/www.hydraulic-cylinders.net\/hu\/wp-json\/wp\/v2\/product_brand?post=16735"},{"taxonomy":"product_cat","embeddable":true,"href":"https:\/\/www.hydraulic-cylinders.net\/hu\/wp-json\/wp\/v2\/product_cat?post=16735"},{"taxonomy":"product_tag","embeddable":true,"href":"https:\/\/www.hydraulic-cylinders.net\/hu\/wp-json\/wp\/v2\/product_tag?post=16735"}],"curies":[{"name":"munkaf\u00fczet","href":"https:\/\/api.w.org\/{rel}","templated":true}]}}