{"id":16744,"date":"2025-01-21T05:51:10","date_gmt":"2025-01-21T05:51:10","guid":{"rendered":"https:\/\/www.hydraulic-cylinders.net\/product\/arm-cylinder-for-pengpu-sw240e\/"},"modified":"2025-01-21T05:51:16","modified_gmt":"2025-01-21T05:51:16","slug":"arm-cylinder-for-pengpu-sw240e","status":"publish","type":"product","link":"https:\/\/www.hydraulic-cylinders.net\/hu\/termek\/arm-cylinder-for-pengpu-sw240e\/","title":{"rendered":"Karhenger Pengpu SW240E-hez"},"content":{"rendered":"<p><!DOCTYPE html><br \/>\n<html><br \/>\n<head><br \/>\n<title>Karhenger Pengpu SW240E-hez<\/title><br \/>\n<\/head><br \/>\n<body><\/p>\n<h1>Karhenger Pengpu SW240E-hez<\/h1>\n<h2>Bevezet\u00e9s<\/h2>\n<p>A Pengpu SW240E karhengere egy speci\u00e1lis hidraulikus henger, amelyet k\u00fcl\u00f6nf\u00e9le g\u00e9pek, p\u00e9ld\u00e1ul kotr\u00f3g\u00e9pek, daruk \u00e9s robotkarok karj\u00e1nak line\u00e1ris mozg\u00e1s\u00e1nak \u00e9s erej\u00e9nek biztos\u00edt\u00e1s\u00e1ra terveztek. A karhenger kulcsszerepet j\u00e1tszik a hidraulikus rendszerekben, lehet\u0151v\u00e9 t\u00e9ve a tov\u00e1bbi szersz\u00e1mok vagy tartoz\u00e9kok hat\u00e9kony mozg\u00e1s\u00e1t \u00e9s vez\u00e9rl\u00e9s\u00e9t. Ezek a hengerek nemcsak sima mozg\u00e1st tesznek lehet\u0151v\u00e9, hanem nagy terhel\u00e9seket is elviselnek, biztos\u00edtva a g\u00e9p hat\u00e9kony m\u0171k\u00f6d\u00e9s\u00e9t \u00e9s megb\u00edzhat\u00f3s\u00e1g\u00e1t k\u00fcl\u00f6nb\u00f6z\u0151 munkak\u00f6r\u00fclm\u00e9nyek k\u00f6z\u00f6tt.<\/p>\n<h2><img decoding=\"async\" src=\"https:\/\/www.hydraulic-cylinders.net\/wp-content\/uploads\/2025\/01\/songte-company-2.webp\" alt=\"Karhenger k\u00e9pe\"><\/h2>\n<h2>Jellemz\u0151k<\/h2>\n<ul>\n<li>\n<h3>Nagy hat\u00e9konys\u00e1g\u00fa \u00e1tvitel<\/h3>\n<p>A karhenger er\u0151teljes line\u00e1ris mozg\u00e1st \u00e9s er\u0151t biztos\u00edt, biztos\u00edtva a robotkar nagy teljes\u00edtm\u00e9ny\u0171 k\u00e9pess\u00e9geit k\u00fcl\u00f6nf\u00e9le m\u0171veletek sor\u00e1n.<\/p>\n<\/li>\n<li>\n<h3>Prec\u00edz vez\u00e9rl\u00e9s<\/h3>\n<p>A hidraulikus rendszeren kereszt\u00fcl a karhenger prec\u00edz mozg\u00e1svez\u00e9rl\u00e9st \u00e9r el, \u00edgy a tov\u00e1bbi szersz\u00e1mok kezel\u00e9se rugalmasabb \u00e9s pontosabb.<\/p>\n<\/li>\n<li>\n<h3>Tart\u00f3ss\u00e1g<\/h3>\n<p>A karhengerek jellemz\u0151en nagy szil\u00e1rds\u00e1g\u00fa anyagokb\u00f3l k\u00e9sz\u00fclnek, amelyek kiv\u00e1l\u00f3 kop\u00e1s\u00e1ll\u00f3s\u00e1got \u00e9s korr\u00f3zi\u00f3\u00e1ll\u00f3s\u00e1got biztos\u00edtanak, \u00edgy alkalmasak a hossz\u00fa t\u00e1v\u00fa haszn\u00e1latra zord k\u00f6rnyezetben.<\/p>\n<\/li>\n<li>\n<h3>T\u00f6bbfunkci\u00f3s alkalmazkod\u00f3k\u00e9pess\u00e9g<\/h3>\n<p>Ezek a hengerek sz\u00e9les k\u00f6rben alkalmazhat\u00f3k k\u00fcl\u00f6nf\u00e9le g\u00e9pekben, p\u00e9ld\u00e1ul kotr\u00f3g\u00e9pekben, darukban \u00e9s robotkarokban, hogy alkalmazkodjanak a k\u00fcl\u00f6nb\u00f6z\u0151 munkak\u00f6vetelm\u00e9nyekhez.<\/p>\n<\/li>\n<li>\n<h3>K\u00f6nny\u0171 karbantart\u00e1s<\/h3>\n<p>A tervez\u00e9s sor\u00e1n figyelembe vett\u00e9k az egyszer\u0171 karbantart\u00e1st \u00e9s cser\u00e9t, \u00edgy a rendszeres ellen\u0151rz\u00e9sek \u00e9s szervizel\u00e9s k\u00e9nyelmesebb\u00e9 v\u00e1lt, \u00e9s cs\u00f6kkentett\u00e9k a berendez\u00e9sek \u00e1ll\u00e1sidej\u00e9t.<\/p>\n<\/li>\n<\/ul>\n<h2><img decoding=\"async\" src=\"https:\/\/www.hydraulic-cylinders.net\/wp-content\/uploads\/2025\/01\/songte-oil-pipes-and-spare-parts.webp\" alt=\"Karhenger k\u00e9pe\"><\/h2>\n<h2>Alkalmaz\u00e1sok<\/h2>\n<ul>\n<li>\n<h3>\u00c9p\u00edt\u0151m\u00e9rn\u00f6ki<\/h3>\n<p>Kotr\u00f3g\u00e9pekn\u00e9l \u00e9s darukn\u00e1l a karhenger a kan\u00e1l vagy a g\u00e9m mozg\u00e1s\u00e1nak vez\u00e9rl\u00e9s\u00e9re szolg\u00e1l f\u00f6ldmunk\u00e1kn\u00e1l, anyagmozgat\u00e1sn\u00e1l \u00e9s szerkezeti telep\u00edt\u00e9sekn\u00e9l.<\/p>\n<\/li>\n<li>\n<h3>Feldolgoz\u00f3 ipar<\/h3>\n<p>Az automatiz\u00e1lt gy\u00e1rt\u00f3sorokon a karhengert robotkarok mozgat\u00e1s\u00e1ra haszn\u00e1lj\u00e1k olyan folyamatokban, mint az \u00f6sszeszerel\u00e9s, hegeszt\u00e9s \u00e9s anyagmozgat\u00e1s, jav\u00edtva a termel\u00e9si hat\u00e9konys\u00e1got \u00e9s a pontoss\u00e1got.<\/p>\n<\/li>\n<li>\n<h3>Mez\u0151gazdas\u00e1gi g\u00e9pek<\/h3>\n<p>A mez\u0151gazdas\u00e1gi g\u00e9pekben, p\u00e9ld\u00e1ul a betakar\u00edt\u00f3g\u00e9pekben \u00e9s a vet\u0151g\u00e9pekben a karhenger vez\u00e9rli a m\u0171k\u00f6dtet\u0151 kar mozg\u00e1s\u00e1t, olyan feladatokat l\u00e1tva el, mint a vet\u00e9s, a m\u0171tr\u00e1gy\u00e1z\u00e1s \u00e9s a betakar\u00edt\u00e1s.<\/p>\n<\/li>\n<li>\n<h3>B\u00e1ny\u00e1szati<\/h3>\n<p>B\u00e1ny\u00e1szati \u200b\u200bberendez\u00e9sekben a karhengert a b\u00e1ny\u00e1szati \u200b\u200bg\u00e9pek karmozg\u00e1s\u00e1nak vez\u00e9rl\u00e9s\u00e9re haszn\u00e1lj\u00e1k \u00e9rc kitermel\u00e9se \u00e9s sz\u00e1ll\u00edt\u00e1sa sor\u00e1n.<\/p>\n<\/li>\n<li>\n<h3>Logisztika \u00e9s sz\u00e1ll\u00edtm\u00e1nyoz\u00e1s<\/h3>\n<p>A targonc\u00e1kban \u00e9s anyagmozgat\u00f3 robotokban a karhenger a vill\u00e1k emel\u00e9s\u00e9nek \u00e9s mozg\u00e1s\u00e1nak vez\u00e9rl\u00e9s\u00e9re szolg\u00e1l, lehet\u0151v\u00e9 t\u00e9ve az anyagmozgat\u00e1st \u00e9s a rakod\u00e1st.<\/p>\n<\/li>\n<\/ul>\n<h2>Tervez\u00e9si szempontok \u00e9s kiv\u00e1laszt\u00e1si krit\u00e9riumok<\/h2>\n<ul>\n<li>\n<h3>Teherb\u00edr\u00e1s<\/h3>\n<p>A karhengert \u00fagy kell megtervezni, hogy elb\u00edrja a haszn\u00e1lni k\u00edv\u00e1nt g\u00e9p konkr\u00e9t terhel\u00e9si k\u00f6vetelm\u00e9nyeit.<\/p>\n<\/li>\n<li>\n<h3>T\u00f6m\u00edt\u00e9s<\/h3>\n<p>A hat\u00e9kony t\u00f6m\u00edt\u00e9s biztos\u00edt\u00e1s\u00e1hoz k\u00fcl\u00f6nf\u00e9le t\u00f6m\u00edt\u00e9seket, p\u00e9ld\u00e1ul dugatty\u00fat\u00f6m\u00edt\u00e9seket \u00e9s r\u00fadt\u00f6m\u00edt\u00e9seket kell haszn\u00e1lni. Ezeknek a t\u00f6m\u00edt\u00e9seknek kop\u00e1s\u00e1ll\u00f3 anyagokb\u00f3l, p\u00e9ld\u00e1ul poliuret\u00e1nb\u00f3l \u00e9s nitrilgumib\u00f3l kell k\u00e9sz\u00fclni\u00fck.<\/p>\n<\/li>\n<li>\n<h3>Tart\u00f3ss\u00e1g<\/h3>\n<p>A hengertestet \u00e9s a menetes v\u00e9geket finom megmunk\u00e1l\u00e1snak kell al\u00e1vetni a kop\u00e1s\u00e1ll\u00f3s\u00e1g fokoz\u00e1sa \u00e9rdek\u00e9ben. A z\u00f6kken\u0151mentes m\u0171k\u00f6d\u00e9s fenntart\u00e1sa \u00e9rdek\u00e9ben rendszeres hidraulikaolajjal t\u00f6rt\u00e9n\u0151 ken\u00e9st kell v\u00e9gezni.<\/p>\n<\/li>\n<\/ul>\n<h2><img decoding=\"async\" src=\"https:\/\/www.hydraulic-cylinders.net\/wp-content\/uploads\/2025\/01\/songte-cylinder-head-with-all-kinds-excavator-models.webp\" alt=\"Karhenger k\u00e9pe\"><\/h2>\n<h2>Rendszeres ellen\u0151rz\u00e9s \u00e9s megel\u0151z\u0151 karbantart\u00e1s<\/h2>\n<ul>\n<li>\n<p>Rendszeresen ellen\u0151rizze a kar henger\u00e9t, hogy nincsenek-e rajta kop\u00e1s, sziv\u00e1rg\u00e1s vagy s\u00e9r\u00fcl\u00e9s jelei.<\/p>\n<\/li>\n<li>\n<p>Biztos\u00edtsa az \u00f6sszes mozg\u00f3 alkatr\u00e9sz \u00e9s t\u00f6m\u00edt\u00e9s megfelel\u0151 ken\u00e9s\u00e9t.<\/p>\n<\/li>\n<li>\n<p>Az elkopott vagy s\u00e9r\u00fclt t\u00f6m\u00edt\u00e9seket \u00e9s alkatr\u00e9szeket halad\u00e9ktalanul cser\u00e9lje ki.<\/p>\n<\/li>\n<li>\n<p>K\u00f6vesse a gy\u00e1rt\u00f3 \u00e1ltal megadott aj\u00e1nlott karbantart\u00e1si \u00fctemterveket.<\/p>\n<\/li>\n<li>\n<p>Tartsa tiszt\u00e1n \u00e9s t\u00f6rmel\u00e9kekt\u0151l mentesen a kar henger\u00e9t.<\/p>\n<\/li>\n<\/ul>\n<h2>Telep\u00edt\u00e9si \u00fatmutat\u00f3<\/h2>\n<p>1. \u00d3vatosan helyezze a karhengert a kijel\u00f6lt r\u00f6gz\u00edt\u00e9si helyre.<\/p>\n<p>2. R\u00f6gz\u00edtse biztons\u00e1gosan a hengert megfelel\u0151 csavarokkal \u00e9s szerelv\u00e9nyekkel.<\/p>\n<p>3. Csatlakoztassa a hidraulikat\u00f6ml\u0151ket a mell\u00e9kelt utas\u00edt\u00e1soknak megfelel\u0151en.<\/p>\n<p>4. Gy\u0151z\u0151dj\u00f6n meg arr\u00f3l, hogy minden csatlakoz\u00e1s szoros \u00e9s sziv\u00e1rg\u00e1smentes.<\/p>\n<p>5. Haszn\u00e1latba v\u00e9tel el\u0151tt ellen\u0151rizze a karhenger megfelel\u0151 m\u0171k\u00f6d\u00e9s\u00e9t.<\/p>\n<h2><img decoding=\"async\" src=\"https:\/\/www.hydraulic-cylinders.net\/wp-content\/uploads\/2025\/01\/songte-bushings-with-all-kinds-of-excavator-models.webp\" alt=\"Karhenger k\u00e9pe\"><\/h2>\n<h2>Biztons\u00e1gi szempontok \u00e9s k\u00f6rnyezeti t\u00e9nyez\u0151k<\/h2>\n<p>A karhengerrel v\u00e9gzett munka sor\u00e1n elengedhetetlen a biztons\u00e1gi int\u00e9zked\u00e9sek priorit\u00e1sk\u00e9nt val\u00f3 kezel\u00e9se a balesetek \u00e9s s\u00e9r\u00fcl\u00e9sek megel\u0151z\u00e9se \u00e9rdek\u00e9ben. A kezel\u0151ket megfelel\u0151 k\u00e9pz\u00e9sben kell r\u00e9szes\u00edteni, \u00e9s a biztons\u00e1gi ir\u00e1nyelveket mindig be kell tartani. Ezenk\u00edv\u00fcl fontos figyelembe venni a k\u00f6rnyezeti t\u00e9nyez\u0151ket, \u00e9s betartani a hidraulikafolyad\u00e9kok \u00e9s a karhengerrel kapcsolatos egy\u00e9b vesz\u00e9lyes anyagok \u00e1rtalmatlan\u00edt\u00e1s\u00e1ra \u00e9s kezel\u00e9s\u00e9re vonatkoz\u00f3 el\u0151\u00edr\u00e1sokat.<\/p>\n<h2>Hibaelh\u00e1r\u00edt\u00e1s \u00e9s gyakori probl\u00e9m\u00e1k<\/h2>\n<p>1. Probl\u00e9ma: Sziv\u00e1rg\u00e1s a hengerb\u0151l.<br \/>\nLehets\u00e9ges megold\u00e1s: Ellen\u0151rizze \u00e9s cser\u00e9lje ki a s\u00e9r\u00fclt t\u00f6m\u00edt\u00e9seket, vagy h\u00fazza meg a csatlakoz\u00e1sokat.<\/p>\n<p>2. Probl\u00e9ma: Nincs elegend\u0151 teljes\u00edtm\u00e9ny vagy er\u0151.<br \/>\nLehets\u00e9ges megold\u00e1s: Ellen\u0151rizze, hogy nincs-e elz\u00e1r\u00f3d\u00e1sa vagy sz\u0171k\u00fclete a hidraulikus rendszernek. Gy\u0151z\u0151dj\u00f6n meg a megfelel\u0151 hidraulikafolyad\u00e9k-szintr\u0151l \u00e9s nyom\u00e1sr\u00f3l.<\/p>\n<p>3. Probl\u00e9ma: Rendellenes zaj m\u0171k\u00f6d\u00e9s k\u00f6zben.<br \/>\nLehets\u00e9ges megold\u00e1s: Ellen\u0151rizze a laza vagy kopott alkatr\u00e9szeket, \u00e9s sz\u00fcks\u00e9g eset\u00e9n cser\u00e9lje ki.<\/p>\n<p>4. Probl\u00e9ma: Szab\u00e1lytalan vagy r\u00e1ngat\u00f3z\u00f3 mozg\u00e1s.<br \/>\nLehets\u00e9ges megold\u00e1s: Ellen\u0151rizze, hogy nincs-e akad\u00e1ly vagy hib\u00e1s be\u00e1ll\u00edt\u00e1s a karhenger \u00fatj\u00e1ban. Kenje meg a mozg\u00f3 alkatr\u00e9szeket \u00e9s a t\u00f6m\u00edt\u00e9seket.<\/p>\n<p>5. Probl\u00e9ma: Lass\u00fa vagy nem reag\u00e1l\u00f3 mozg\u00e1s.<br \/>\nLehets\u00e9ges megold\u00e1s: Ellen\u0151rizze a megfelel\u0151 hidraulikafolyad\u00e9k-szintet \u00e9s -nyom\u00e1st. Vizsg\u00e1lja meg \u00e9s tiszt\u00edtsa meg a hidraulikarendszer sz\u0171r\u0151it.<\/p>\n<h2><img decoding=\"async\" src=\"https:\/\/www.hydraulic-cylinders.net\/wp-content\/uploads\/2025\/01\/songte-chushion-collar.webp\" alt=\"Karhenger k\u00e9pe\"><\/h2>\n<h2>R\u00f3lunk<\/h2>\n<p>C\u00e9g\u00fcnkn\u00e9l professzion\u00e1lis hidraulikus munkahengerek gy\u00e1rt\u00f3ja vagyunk. Sz\u00e9les term\u00e9kk\u00edn\u00e1latunkkal vezet\u0151 gy\u00e1rt\u00f3v\u00e1 \u00e9s nagykeresked\u0151v\u00e9 v\u00e1ltunk a hazai \u00e9s a nemzetk\u00f6zi piacokon. K\u00f6vetkezetesen a kiv\u00e1l\u00f3 min\u0151s\u00e9g elv\u00e9t valljuk, \u00e9s folyamatosan fejlesztj\u00fck m\u0171szaki szak\u00e9rtelm\u00fcnket \u00e9s termel\u00e9si hat\u00e9konys\u00e1gunkat. Cs\u00facskateg\u00f3ri\u00e1s digit\u00e1lis gy\u00e1rt\u00f3berendez\u00e9sek \u00e9s professzion\u00e1lis tesztel\u0151rendszerek be\u00e9p\u00edt\u00e9s\u00e9vel optimaliz\u00e1ljuk gy\u00e1rt\u00e1si platformunkat \u00e9s fejlesztj\u00fck term\u00e9kmin\u0151s\u00e9g-ellen\u0151rz\u00e9si folyamatainkat, biztos\u00edtva az er\u0151s innov\u00e1ci\u00f3s k\u00e9pess\u00e9geket. C\u00e9lunk, hogy a hat\u00e9konys\u00e1g, a pontoss\u00e1g \u00e9s a magas min\u0151s\u00e9g elveivel el\u00e9g\u00edts\u00fck ki \u00fcgyfeleink sokr\u00e9t\u0171 ig\u00e9nyeit.<\/p>\n<h2><img decoding=\"async\" src=\"https:\/\/www.hydraulic-cylinders.net\/wp-content\/uploads\/2025\/01\/songte-company-4.webp\" alt=\"C\u00e9ges im\u00e1zs\"><\/h2>\n<h2><img decoding=\"async\" src=\"https:\/\/www.hydraulic-cylinders.net\/wp-content\/uploads\/2025\/01\/songte-company-3.webp\" alt=\"C\u00e9ges im\u00e1zs\"><\/h2>\n<h3>C\u00e9g\u00fcnk kiemeli:<\/h3>\n<ul>\n<li>Szak\u00e9rtelem \u00e9s professzionalizmus<\/li>\n<li>Nemzetk\u00f6zi tan\u00fas\u00edtv\u00e1nyok<\/li>\n<li>Testreszab\u00e1si szolg\u00e1ltat\u00e1sok<\/li>\n<li>Korszer\u0171 gy\u00e1rt\u00f3berendez\u00e9sek<\/li>\n<li>Megb\u00edzhat\u00f3 \u00e9rt\u00e9kes\u00edt\u00e9s ut\u00e1ni szolg\u00e1ltat\u00e1sok<\/li>\n<\/ul>\n<p>Szerz\u0151: lyl<\/p>\n<p><\/body><br \/>\n<\/html><\/p>","protected":false},"excerpt":{"rendered":"<p>Arm Cylinder For Pengpu SW240E Arm Cylinder For Pengpu SW240E Introduction The Arm Cylinder For Pengpu SW240E is a specialized hydraulic cylinder designed to provide linear motion and power to the arm of various machinery, such as excavators, cranes, and robotic arms. The arm cylinder plays a crucial role in hydraulic systems, allowing for effective [&hellip;]<\/p>","protected":false},"featured_media":14766,"comment_status":"open","ping_status":"closed","template":"","meta":{"_et_pb_use_builder":"","_et_pb_old_content":"","_et_gb_content_width":""},"product_brand":[],"product_cat":[1497],"product_tag":[1498,1496],"class_list":{"0":"post-16744","1":"product","2":"type-product","3":"status-publish","4":"has-post-thumbnail","6":"product_cat-arm-cylinders","7":"product_tag-arm-cylinders","8":"product_tag-hydraulic-cylinders","10":"first","11":"instock","12":"shipping-taxable","13":"product-type-simple"},"amp_enabled":true,"_links":{"self":[{"href":"https:\/\/www.hydraulic-cylinders.net\/hu\/wp-json\/wp\/v2\/product\/16744","targetHints":{"allow":["GET"]}}],"collection":[{"href":"https:\/\/www.hydraulic-cylinders.net\/hu\/wp-json\/wp\/v2\/product"}],"about":[{"href":"https:\/\/www.hydraulic-cylinders.net\/hu\/wp-json\/wp\/v2\/types\/product"}],"replies":[{"embeddable":true,"href":"https:\/\/www.hydraulic-cylinders.net\/hu\/wp-json\/wp\/v2\/comments?post=16744"}],"wp:featuredmedia":[{"embeddable":true,"href":"https:\/\/www.hydraulic-cylinders.net\/hu\/wp-json\/wp\/v2\/media\/14766"}],"wp:attachment":[{"href":"https:\/\/www.hydraulic-cylinders.net\/hu\/wp-json\/wp\/v2\/media?parent=16744"}],"wp:term":[{"taxonomy":"product_brand","embeddable":true,"href":"https:\/\/www.hydraulic-cylinders.net\/hu\/wp-json\/wp\/v2\/product_brand?post=16744"},{"taxonomy":"product_cat","embeddable":true,"href":"https:\/\/www.hydraulic-cylinders.net\/hu\/wp-json\/wp\/v2\/product_cat?post=16744"},{"taxonomy":"product_tag","embeddable":true,"href":"https:\/\/www.hydraulic-cylinders.net\/hu\/wp-json\/wp\/v2\/product_tag?post=16744"}],"curies":[{"name":"munkaf\u00fczet","href":"https:\/\/api.w.org\/{rel}","templated":true}]}}