{"id":16774,"date":"2025-01-21T05:53:24","date_gmt":"2025-01-21T05:53:24","guid":{"rendered":"https:\/\/www.hydraulic-cylinders.net\/product\/arm-cylinder-for-john-deere-e140lc\/"},"modified":"2025-01-21T05:53:26","modified_gmt":"2025-01-21T05:53:26","slug":"arm-cylinder-for-john-deere-e140lc","status":"publish","type":"product","link":"https:\/\/www.hydraulic-cylinders.net\/hu\/termek\/arm-cylinder-for-john-deere-e140lc\/","title":{"rendered":"Karhenger John Deere E140LC-hez"},"content":{"rendered":"<h1>Karhenger John Deere E140LC-hez<\/h1>\n<h2>Bevezet\u00e9s<\/h2>\n<p>A John Deere E140LC karhengere egy speci\u00e1lisan tervezett hidraulikus henger, amely line\u00e1ris mozg\u00e1st \u00e9s er\u0151t biztos\u00edt k\u00fcl\u00f6nf\u00e9le g\u00e9pek, p\u00e9ld\u00e1ul kotr\u00f3g\u00e9pek, daruk \u00e9s robotkarok karjainak. A karhenger kulcsszerepet j\u00e1tszik a hidraulikus rendszerekben, lehet\u0151v\u00e9 t\u00e9ve a tov\u00e1bbi szersz\u00e1mok vagy tartoz\u00e9kok hat\u00e9kony mozg\u00e1s\u00e1t \u00e9s vez\u00e9rl\u00e9s\u00e9t. Ezek a hengerek nemcsak sima mozg\u00e1st tesznek lehet\u0151v\u00e9, hanem nagy terhel\u00e9seket is elviselnek, biztos\u00edtva a g\u00e9p hat\u00e9kony m\u0171k\u00f6d\u00e9s\u00e9t \u00e9s megb\u00edzhat\u00f3s\u00e1g\u00e1t k\u00fcl\u00f6nb\u00f6z\u0151 munkak\u00f6r\u00fclm\u00e9nyek k\u00f6z\u00f6tt.<\/p>\n<p><img decoding=\"async\" src=\"https:\/\/www.hydraulic-cylinders.net\/wp-content\/uploads\/2025\/01\/songte-company-2.webp\"><\/p>\n<h2>Jellemz\u0151k<\/h2>\n<ul>\n<li><strong>Nagy hat\u00e9konys\u00e1g\u00fa \u00e1tvitel:<\/strong> A karhenger er\u0151teljes line\u00e1ris mozg\u00e1st \u00e9s er\u0151t biztos\u00edt, biztos\u00edtva a mechanikus kar nagy teljes\u00edtm\u00e9nyk\u00e9pess\u00e9g\u00e9t k\u00fcl\u00f6nf\u00e9le m\u0171veletek sor\u00e1n.<\/li>\n<li><strong>Prec\u00edz vez\u00e9rl\u00e9s:<\/strong> A hidraulikus rendszeren kereszt\u00fcl a karhenger pontos mozg\u00e1svez\u00e9rl\u00e9st tesz lehet\u0151v\u00e9, \u00edgy a csatlakoztatott eszk\u00f6z\u00f6k m\u0171k\u00f6dtet\u00e9se rugalmasabb \u00e9s prec\u00edzebb.<\/li>\n<li><strong>Tart\u00f3ss\u00e1g:<\/strong> A karos munkahengerek jellemz\u0151en nagy szil\u00e1rds\u00e1g\u00fa anyagokb\u00f3l k\u00e9sz\u00fclnek, amelyek kiv\u00e1l\u00f3 kop\u00e1s- \u00e9s korr\u00f3zi\u00f3\u00e1ll\u00f3s\u00e1got biztos\u00edtanak, \u00edgy alkalmasak hossz\u00fa t\u00e1v\u00fa haszn\u00e1latra zord k\u00f6rnyezetben.<\/li>\n<li><strong>Sokoldal\u00fa alkalmazkod\u00f3k\u00e9pess\u00e9g:<\/strong> Ezek a munkahengerek sz\u00e9les k\u00f6rben alkalmazhat\u00f3k k\u00fcl\u00f6nf\u00e9le g\u00e9pekhez, p\u00e9ld\u00e1ul kotr\u00f3g\u00e9pekhez, darukhoz \u00e9s robotkarokhoz, alkalmazkodva a k\u00fcl\u00f6nb\u00f6z\u0151 munkak\u00f6vetelm\u00e9nyekhez.<\/li>\n<li><strong>K\u00f6nny\u0171 karbantart\u00e1s:<\/strong> A k\u00f6nny\u0171 karbantart\u00e1st \u00e9s cser\u00e9t szem el\u0151tt tartva tervezett karhengerek megk\u00f6nny\u00edtik a rendszeres ellen\u0151rz\u00e9seket \u00e9s karbantart\u00e1st, cs\u00f6kkentve a berendez\u00e9sek \u00e1ll\u00e1sidej\u00e9t.<\/li>\n<\/ul>\n<p><img decoding=\"async\" src=\"https:\/\/www.hydraulic-cylinders.net\/wp-content\/uploads\/2025\/01\/songte-oil-pipes-and-spare-parts.webp\"><\/p>\n<h2>Alkalmaz\u00e1sok<\/h2>\n<p>A karhengerek sz\u00e9les k\u00f6rben haszn\u00e1latosak a k\u00f6vetkez\u0151 ipar\u00e1gakban \u00e9s alkalmaz\u00e1sokban:<\/p>\n<h3>1. \u00c9p\u00edt\u0151m\u00e9rn\u00f6ki tudom\u00e1nyok<\/h3>\n<p>Kotr\u00f3g\u00e9pekben \u00e9s darukban a karhengerek szab\u00e1lyozz\u00e1k a kan\u00e1l vagy a g\u00e9m mozg\u00e1s\u00e1t, megk\u00f6nny\u00edtve a f\u00f6ldmunk\u00e1k elv\u00e9gz\u00e9s\u00e9t, az anyagmozgat\u00e1st \u00e9s a szerkezeti telep\u00edt\u00e9st.<\/p>\n<h3>2. Gy\u00e1rt\u00e1s<\/h3>\n<p>Az automatiz\u00e1lt gy\u00e1rt\u00f3sorokon a karhengerek lehet\u0151v\u00e9 teszik a robotkarok mozg\u00e1s\u00e1t az \u00f6sszeszerel\u00e9si, hegeszt\u00e9si \u00e9s anyagmozgat\u00e1si folyamatok sor\u00e1n, jav\u00edtva a termel\u00e9si hat\u00e9konys\u00e1got \u00e9s a pontoss\u00e1got.<\/p>\n<h3>3. Mez\u0151gazdas\u00e1gi g\u00e9pek<\/h3>\n<p>A mez\u0151gazdas\u00e1gi g\u00e9pekben, p\u00e9ld\u00e1ul a betakar\u00edt\u00f3g\u00e9pekben \u00e9s a vet\u0151g\u00e9pekben, a karhengerek szab\u00e1lyozz\u00e1k a m\u0171k\u00f6dtet\u0151 karok mozg\u00e1s\u00e1t olyan feladatok elv\u00e9gz\u00e9s\u00e9hez, mint a vet\u00e9s, a m\u0171tr\u00e1gy\u00e1z\u00e1s \u00e9s a betakar\u00edt\u00e1s.<\/p>\n<h3>4. B\u00e1ny\u00e1szat<\/h3>\n<p>A b\u00e1ny\u00e1szati \u200b\u200bberendez\u00e9sekben a karhengereket a b\u00e1ny\u00e1szati \u200b\u200beszk\u00f6z\u00f6k karmozg\u00e1s\u00e1nak vez\u00e9rl\u00e9s\u00e9re haszn\u00e1lj\u00e1k, megk\u00f6nny\u00edtve az \u00e9rc kitermel\u00e9s\u00e9t \u00e9s sz\u00e1ll\u00edt\u00e1s\u00e1t.<\/p>\n<h3>5. Logisztika \u00e9s sz\u00e1ll\u00edt\u00e1s<\/h3>\n<p>A targonc\u00e1kban \u00e9s anyagmozgat\u00f3 robotokban a karhengerek vez\u00e9rlik a vill\u00e1k emel\u00e9s\u00e9t \u00e9s mozg\u00e1s\u00e1t, lehet\u0151v\u00e9 t\u00e9ve az anyagmozgat\u00e1st \u00e9s a rakod\u00e1st.<\/p>\n<p><img decoding=\"async\" src=\"https:\/\/www.hydraulic-cylinders.net\/wp-content\/uploads\/2025\/01\/songte-cylinder-head-with-all-kinds-excavator-models.webp\"><\/p>\n<h2>Tervez\u00e9si szempontok \u00e9s kiv\u00e1laszt\u00e1si krit\u00e9riumok<\/h2>\n<p>A karhengerek tervez\u00e9s\u00e9n\u00e9l sz\u00e1mos kulcsfontoss\u00e1g\u00fa szempontot \u00e9s kiv\u00e1laszt\u00e1si krit\u00e9riumot kell figyelembe venni:<\/p>\n<h3>1. Teherb\u00edr\u00e1s<\/h3>\n<p>A karhengert \u00fagy kell megtervezni, hogy az megfeleljen a haszn\u00e1lni k\u00edv\u00e1nt g\u00e9p terhel\u00e9si k\u00f6vetelm\u00e9nyeinek, biztos\u00edtva az optim\u00e1lis teljes\u00edtm\u00e9nyt \u00e9s biztons\u00e1got.<\/p>\n<h3>2. T\u00f6m\u00edt\u00e9s<\/h3>\n<p>A hidraulikus rendszer integrit\u00e1s\u00e1nak meg\u0151rz\u00e9se \u00e9rdek\u00e9ben k\u00fcl\u00f6nf\u00e9le t\u00f6m\u00edt\u0151elemeket, p\u00e9ld\u00e1ul dugatty\u00fat\u00f6m\u00edt\u00e9seket \u00e9s r\u00fadt\u00f6m\u00edt\u00e9seket kell haszn\u00e1lni. Ezek a t\u00f6m\u00edt\u00e9sek jellemz\u0151en kop\u00e1s\u00e1ll\u00f3 anyagokb\u00f3l, p\u00e9ld\u00e1ul poliuret\u00e1nb\u00f3l \u00e9s nitrilgumib\u00f3l k\u00e9sz\u00fclnek.<\/p>\n<h3>3. Tart\u00f3ss\u00e1g<\/h3>\n<p>A karhengert nagy szil\u00e1rds\u00e1g\u00fa anyagokb\u00f3l kell gy\u00e1rtani, \u00e9s prec\u00edz fel\u00fcletkezel\u00e9sen kell \u00e1tesnie a kop\u00e1s\u00e1ll\u00f3s\u00e1g fokoz\u00e1sa \u00e9rdek\u00e9ben, biztos\u00edtva a hossz\u00fa \u00e9lettartamot m\u00e9g neh\u00e9z k\u00f6r\u00fclm\u00e9nyek k\u00f6z\u00f6tt is.<\/p>\n<h3>4. Biztons\u00e1g<\/h3>\n<p>Hangs\u00falyt kell fektetni a karhenger kialak\u00edt\u00e1s\u00e1ra a biztons\u00e1gos m\u0171k\u00f6d\u00e9s biztos\u00edt\u00e1sa, a balesetek vagy meghib\u00e1sod\u00e1sok kock\u00e1zat\u00e1nak minimaliz\u00e1l\u00e1sa \u00e9rdek\u00e9ben.<\/p>\n<h3>5. Karbantarthat\u00f3s\u00e1g<\/h3>\n<p>A tervez\u00e9snek figyelembe kell vennie a karbantart\u00e1s \u00e9s jav\u00edt\u00e1s egyszer\u0171s\u00e9g\u00e9t, lehet\u0151v\u00e9 t\u00e9ve a k\u00e9nyelmes ellen\u0151rz\u00e9seket, cser\u00e9ket \u00e9s az \u00e1ll\u00e1sid\u0151 cs\u00f6kkent\u00e9s\u00e9t.<\/p>\n<p><img decoding=\"async\" src=\"https:\/\/www.hydraulic-cylinders.net\/wp-content\/uploads\/2025\/01\/songte-chushion-collar.webp\"><\/p>\n<h2>T\u00f6m\u00edt\u00e9s \u00e9s ken\u00e9s<\/h2>\n<p>A karhenger k\u00fcl\u00f6nf\u00e9le t\u00f6m\u00edt\u0151elemeket haszn\u00e1l, p\u00e9ld\u00e1ul dugatty\u00fat\u00f6m\u00edt\u00e9seket \u00e9s r\u00fadt\u00f6m\u00edt\u00e9seket, amelyek kop\u00e1s\u00e1ll\u00f3 anyagokb\u00f3l, p\u00e9ld\u00e1ul poliuret\u00e1nb\u00f3l \u00e9s nitrilgumib\u00f3l k\u00e9sz\u00fclnek. A hengertest \u00e9s a menetes v\u00e9gek apr\u00f3l\u00e9kos fel\u00fcletkezel\u00e9sen esnek \u00e1t a kop\u00e1s\u00e1ll\u00f3s\u00e1g fokoz\u00e1sa \u00e9rdek\u00e9ben. A z\u00f6kken\u0151mentes m\u0171k\u00f6d\u00e9s \u00e9s a hossz\u00fa \u00e9lettartam biztos\u00edt\u00e1sa \u00e9rdek\u00e9ben rendszeres ken\u00e9s sz\u00fcks\u00e9ges a megfelel\u0151 mennyis\u00e9g\u0171 hidraulikaolajjal.<\/p>\n<h2>Rendszeres ellen\u0151rz\u00e9s \u00e9s megel\u0151z\u0151 karbantart\u00e1s<\/h2>\n<p>A rendszeres ellen\u0151rz\u00e9s \u00e9s a megel\u0151z\u0151 karbantart\u00e1si int\u00e9zked\u00e9sek elengedhetetlenek a karhenger optim\u00e1lis teljes\u00edtm\u00e9ny\u00e9nek \u00e9s hossz\u00fa \u00e9lettartam\u00e1nak biztos\u00edt\u00e1s\u00e1hoz:<\/p>\n<h3>1. Ellen\u0151rz\u00e9s:<\/h3>\n<p>Rendszeresen ellen\u0151rizze a karhengert s\u00e9r\u00fcl\u00e9s, sziv\u00e1rg\u00e1s vagy rendellenes kop\u00e1s jelei szempontj\u00e1b\u00f3l. Ellen\u0151rizze a t\u00f6m\u00edt\u00e9sek, a hengertest \u00e9s a menetes v\u00e9gek \u00e1llapot\u00e1t. Sz\u00fcks\u00e9g szerint kenje meg.<\/p>\n<h3>2. Megel\u0151z\u0151 karbantart\u00e1s:<\/h3>\n<p>K\u00f6vesse a gy\u00e1rt\u00f3 \u00e1ltal aj\u00e1nlott karbantart\u00e1si \u00fctemtervet. Cser\u00e9lje ki a t\u00f6m\u00edt\u00e9seket \u00e9s egy\u00e9b alkatr\u00e9szeket sz\u00fcks\u00e9g szerint. Biztos\u00edtsa a megfelel\u0151 ken\u00e9st, \u00e9s figyelje a hidraulikus rendszer teljes\u00edtm\u00e9ny\u00e9t.<\/p>\n<h2>Term\u00e9ktelep\u00edt\u00e9si \u00fatmutat\u00f3<\/h2>\n<p>A karhenger megfelel\u0151 beszerel\u00e9se kulcsfontoss\u00e1g\u00fa a teljes\u00edtm\u00e9nye \u00e9s hossz\u00fa \u00e9lettartama szempontj\u00e1b\u00f3l. K\u00f6vesse az al\u00e1bbi ir\u00e1nyelveket:<\/p>\n<h3>1. El\u0151k\u00e9sz\u00edt\u00e9s:<\/h3>\n<p>Gy\u0151z\u0151dj\u00f6n meg arr\u00f3l, hogy a hidraulikus rendszer nyom\u00e1smentes\u00edtett, \u00e9s a g\u00e9p biztons\u00e1gosan r\u00f6gz\u00edtve van. Szerelje \u00f6ssze a sz\u00fcks\u00e9ges konzolokat vagy r\u00f6gz\u00edt\u0151elemeket.<\/p>\n<h3>2. Henger beszerel\u00e9se:<\/h3>\n<p>\u00d3vatosan helyezze a karhengert a k\u00edv\u00e1nt helyre, a r\u00f6gz\u00edt\u0151furatokat egy vonalba hozva. R\u00f6gz\u00edtse a hengert a g\u00e9phez a megfelel\u0151 csavarokkal \u00e9s szerelv\u00e9nyekkel. Gy\u0151z\u0151dj\u00f6n meg a megfelel\u0151 be\u00e1ll\u00edt\u00e1sr\u00f3l \u00e9s a biztons\u00e1gos megh\u00faz\u00e1sr\u00f3l.<\/p>\n<h3>3. Hidraulikus csatlakoz\u00e1sok:<\/h3>\n<p>Csatlakoztassa a hidraulikat\u00f6ml\u0151ket a karhenger kijel\u00f6lt csatlakoz\u00f3ihoz a hidraulikus rendszer rajz\u00e1t vagy a gy\u00e1rt\u00f3 utas\u00edt\u00e1sait k\u00f6vetve. Haszn\u00e1lja a megfelel\u0151 szerelv\u00e9nyeket, \u00e9s \u00fcgyeljen a szoros csatlakoz\u00e1sokra.<\/p>\n<p><img decoding=\"async\" src=\"https:\/\/www.hydraulic-cylinders.net\/wp-content\/uploads\/2025\/01\/songte-bushings-with-all-kinds-of-excavator-models.webp\"><\/p>\n<h2>Biztons\u00e1gi szempontok \u00e9s k\u00f6rnyezeti t\u00e9nyez\u0151k<\/h2>\n<p>Karhengerek haszn\u00e1latakor elengedhetetlen a biztons\u00e1gi int\u00e9zked\u00e9sek priorit\u00e1sk\u00e9nt val\u00f3 kezel\u00e9se a balesetek megel\u0151z\u00e9se \u00e9s a kezel\u0151k j\u00f3l\u00e9t\u00e9nek biztos\u00edt\u00e1sa \u00e9rdek\u00e9ben. Vegye figyelembe a k\u00f6vetkez\u0151 biztons\u00e1gi szempontokat:<\/p>\n<ul>\n<li>Biztos\u00edtson megfelel\u0151 kezel\u0151i k\u00e9pz\u00e9st a g\u00e9pek biztons\u00e1gos haszn\u00e1lat\u00e1r\u00f3l \u00e9s karbantart\u00e1s\u00e1r\u00f3l.<\/li>\n<li>Alkalmazzon megfelel\u0151 kiz\u00e1r\u00e1si\/kijel\u00f6l\u00e9si elj\u00e1r\u00e1sokat a v\u00e9letlen m\u0171k\u00f6dtet\u00e9s megakad\u00e1lyoz\u00e1sa \u00e9rdek\u00e9ben karbantart\u00e1s vagy jav\u00edt\u00e1s sor\u00e1n.<\/li>\n<li>K\u00f6vesse az ipar\u00e1gra \u00e9s a g\u00e9pekre vonatkoz\u00f3 \u00f6sszes vonatkoz\u00f3 biztons\u00e1gi el\u0151\u00edr\u00e1st \u00e9s ir\u00e1nyelvet.<\/li>\n<li>Rendszeresen ellen\u0151rizze \u00e9s tartsa karban a biztons\u00e1gi berendez\u00e9seket, p\u00e9ld\u00e1ul a biztons\u00e1gi szelepeket \u00e9s a nyom\u00e1scs\u00f6kkent\u0151 berendez\u00e9seket.<\/li>\n<li>Vegye figyelembe a k\u00f6rnyezeti t\u00e9nyez\u0151ket, p\u00e9ld\u00e1ul a h\u0151m\u00e9rs\u00e9kletet, a p\u00e1ratartalmat \u00e9s a korroz\u00edv anyagoknak val\u00f3 kitetts\u00e9get, amelyek befoly\u00e1solhatj\u00e1k a karhenger teljes\u00edtm\u00e9ny\u00e9t \u00e9s \u00e9lettartam\u00e1t.<\/li>\n<\/ul>\n<h2>Hibadiagn\u00f3zis \u00e9s gyakori probl\u00e9m\u00e1k<\/h2>\n<p>A karhengerek lehets\u00e9ges hib\u00e1inak \u00e9s gyakori probl\u00e9m\u00e1inak meg\u00e9rt\u00e9se seg\u00edthet a probl\u00e9m\u00e1k hat\u00e9kony diagnosztiz\u00e1l\u00e1s\u00e1ban \u00e9s megold\u00e1s\u00e1ban. \u00cdme n\u00e9h\u00e1ny p\u00e9lda:<\/p>\n<h3>1. Sziv\u00e1rg\u00e1s:<\/h3>\n<p>Vizsg\u00e1lja meg a t\u00f6m\u00edt\u00e9seket s\u00e9r\u00fcl\u00e9s vagy kop\u00e1s szempontj\u00e1b\u00f3l. Cser\u00e9lje ki a hib\u00e1s t\u00f6m\u00edt\u00e9seket, vagy h\u00fazza meg a csatlakoz\u00e1sokat, ha sz\u00fcks\u00e9ges.<\/p>\n<h3>2. Lass\u00fa vagy k\u00f6vetkezetlen mozg\u00e1s:<\/h3>\n<p>Ellen\u0151rizze a hidraulikafolyad\u00e9k szintj\u00e9t \u00e9s \u00e1llapot\u00e1t. Biztos\u00edtsa a megfelel\u0151 ken\u00e9st, \u00e9s vizsg\u00e1lja meg a hidraulikus rendszert elt\u00f6m\u0151d\u00e9sek vagy meghib\u00e1sod\u00e1sok szempontj\u00e1b\u00f3l.<\/p>\n<h3>3. T\u00falzott zaj vagy rezg\u00e9s:<\/h3>\n<p>Vizsg\u00e1lja meg a karhengert \u00e9s a k\u00f6rnyez\u0151 alkatr\u00e9szeket laza vagy s\u00e9r\u00fclt alkatr\u00e9szek szempontj\u00e1b\u00f3l. Sz\u00fcks\u00e9g szerint h\u00fazza meg a csatlakoz\u00e1sokat, vagy cser\u00e9lje ki az elkopott alkatr\u00e9szeket.<\/p>\n<h3>4. Hatalmi vagy er\u0151veszt\u00e9s:<\/h3>\n<p>Ellen\u0151rizze a hidraulikus rendszer nyom\u00e1s\u00e1t \u00e9s \u00e1raml\u00e1si sebess\u00e9g\u00e9t. Vizsg\u00e1lja meg a kar henger\u00e9t bels\u0151 s\u00e9r\u00fcl\u00e9sek vagy kop\u00e1sok szempontj\u00e1b\u00f3l. Sz\u00fcks\u00e9g eset\u00e9n forduljon szakemberhez.<\/p>\n<p><img decoding=\"async\" src=\"https:\/\/www.hydraulic-cylinders.net\/wp-content\/uploads\/2025\/01\/songte-chushion-collar.webp\"><\/p>\n<h2>Hibaelh\u00e1r\u00edt\u00e1si tippek \u00e9s megold\u00e1sok<\/h2>\n<p>\u00cdme n\u00e9h\u00e1ny hibaelh\u00e1r\u00edt\u00e1si tipp \u00e9s megold\u00e1s, amelyek seg\u00edthetnek az olvas\u00f3knak a probl\u00e9m\u00e1k hat\u00e9kony diagnosztiz\u00e1l\u00e1s\u00e1ban \u00e9s megold\u00e1s\u00e1ban:<\/p>\n<ul>\n<li>Olvassa el a g\u00e9p kezel\u00e9si \u00fatmutat\u00f3j\u00e1t, \u00e9s k\u00f6vesse a megadott hibaelh\u00e1r\u00edt\u00e1si ir\u00e1nyelveket.<\/li>\n<li>Tov\u00e1bbi seg\u00edts\u00e9g\u00e9rt forduljon szakk\u00e9pzett szakemberhez vagy a gy\u00e1rt\u00f3 m\u0171szaki t\u00e1mogat\u00e1s\u00e1hoz.<br \/>","protected":false},"excerpt":{"rendered":"<p>Arm Cylinder For John Deere E140LC Introduction The Arm Cylinder for John Deere E140LC is a specially designed hydraulic cylinder that provides linear motion and power to the arm of various types of machinery such as excavators, cranes, and robotic arms. The arm cylinder plays a crucial role in hydraulic systems, allowing for the effective [&hellip;]<\/p>","protected":false},"featured_media":14766,"comment_status":"open","ping_status":"closed","template":"","meta":{"_et_pb_use_builder":"","_et_pb_old_content":"","_et_gb_content_width":""},"product_brand":[],"product_cat":[1497],"product_tag":[1498,1496],"class_list":{"0":"post-16774","1":"product","2":"type-product","3":"status-publish","4":"has-post-thumbnail","6":"product_cat-arm-cylinders","7":"product_tag-arm-cylinders","8":"product_tag-hydraulic-cylinders","10":"first","11":"instock","12":"shipping-taxable","13":"product-type-simple"},"amp_enabled":true,"_links":{"self":[{"href":"https:\/\/www.hydraulic-cylinders.net\/hu\/wp-json\/wp\/v2\/product\/16774","targetHints":{"allow":["GET"]}}],"collection":[{"href":"https:\/\/www.hydraulic-cylinders.net\/hu\/wp-json\/wp\/v2\/product"}],"about":[{"href":"https:\/\/www.hydraulic-cylinders.net\/hu\/wp-json\/wp\/v2\/types\/product"}],"replies":[{"embeddable":true,"href":"https:\/\/www.hydraulic-cylinders.net\/hu\/wp-json\/wp\/v2\/comments?post=16774"}],"wp:featuredmedia":[{"embeddable":true,"href":"https:\/\/www.hydraulic-cylinders.net\/hu\/wp-json\/wp\/v2\/media\/14766"}],"wp:attachment":[{"href":"https:\/\/www.hydraulic-cylinders.net\/hu\/wp-json\/wp\/v2\/media?parent=16774"}],"wp:term":[{"taxonomy":"product_brand","embeddable":true,"href":"https:\/\/www.hydraulic-cylinders.net\/hu\/wp-json\/wp\/v2\/product_brand?post=16774"},{"taxonomy":"product_cat","embeddable":true,"href":"https:\/\/www.hydraulic-cylinders.net\/hu\/wp-json\/wp\/v2\/product_cat?post=16774"},{"taxonomy":"product_tag","embeddable":true,"href":"https:\/\/www.hydraulic-cylinders.net\/hu\/wp-json\/wp\/v2\/product_tag?post=16774"}],"curies":[{"name":"munkaf\u00fczet","href":"https:\/\/api.w.org\/{rel}","templated":true}]}}