{"id":16778,"date":"2025-01-21T05:53:42","date_gmt":"2025-01-21T05:53:42","guid":{"rendered":"https:\/\/www.hydraulic-cylinders.net\/product\/arm-cylinder-for-john-deere-e210lc\/"},"modified":"2025-01-21T05:53:44","modified_gmt":"2025-01-21T05:53:44","slug":"arm-cylinder-for-john-deere-e210lc","status":"publish","type":"product","link":"https:\/\/www.hydraulic-cylinders.net\/hu\/termek\/arm-cylinder-for-john-deere-e210lc\/","title":{"rendered":"Karhenger John Deere E210LC-hez"},"content":{"rendered":"<div>\n<h1>Karhenger John Deere E210LC-hez<\/h1>\n<h2>Bevezet\u00e9s<\/h2>\n<p>A karhenger egy speci\u00e1lisan tervezett hidraulikus henger, amelyet els\u0151sorban k\u00fcl\u00f6nf\u00e9le g\u00e9pek, p\u00e9ld\u00e1ul kotr\u00f3g\u00e9pek, daruk \u00e9s robotkarok karjainak line\u00e1ris mozg\u00e1s\u00e1nak \u00e9s erej\u00e9nek biztos\u00edt\u00e1s\u00e1ra haszn\u00e1lnak. A karhenger kulcsszerepet j\u00e1tszik a hidraulikus rendszerekben, lehet\u0151v\u00e9 t\u00e9ve a tov\u00e1bbi szersz\u00e1mok vagy tartoz\u00e9kok hat\u00e9kony mozg\u00e1s\u00e1t \u00e9s vez\u00e9rl\u00e9s\u00e9t. Ezek a hengerek nemcsak a sima mozg\u00e1st biztos\u00edtj\u00e1k, hanem a nagy terhel\u00e9seket is elviselik, biztos\u00edtva a g\u00e9p hat\u00e9kony m\u0171k\u00f6d\u00e9s\u00e9t \u00e9s megb\u00edzhat\u00f3s\u00e1g\u00e1t k\u00fcl\u00f6nb\u00f6z\u0151 \u00fczemi k\u00f6r\u00fclm\u00e9nyek k\u00f6z\u00f6tt.<\/p>\n<p>    <img decoding=\"async\" src=\"https:\/\/www.hydraulic-cylinders.net\/wp-content\/uploads\/2025\/01\/songte-company-2.webp\" alt=\"Karhenger k\u00e9pe\"><\/p>\n<h2>Jellemz\u0151k<\/h2>\n<ul>\n<li>\n<h3>Nagy hat\u00e9konys\u00e1g\u00fa \u00e1tvitel<\/h3>\n<p>A karhengerek er\u0151teljes line\u00e1ris mozg\u00e1st \u00e9s er\u0151t biztos\u00edtanak, biztos\u00edtva a g\u00e9pkarok nagy hat\u00e9konys\u00e1g\u00e1t a k\u00fcl\u00f6nb\u00f6z\u0151 m\u0171veletek sor\u00e1n.<\/li>\n<li>\n<h3>Prec\u00edz vez\u00e9rl\u00e9s<\/h3>\n<p>A hidraulikus rendszeren kereszt\u00fcl a karhengerek prec\u00edz mozg\u00e1svez\u00e9rl\u00e9st \u00e9rhetnek el, \u00edgy a kieg\u00e9sz\u00edt\u0151 eszk\u00f6z\u00f6k m\u0171k\u00f6dtet\u00e9se rugalmasabb \u00e9s pontosabb.<\/li>\n<li>\n<h3>Tart\u00f3ss\u00e1g<\/h3>\n<p>A karhengerek \u00e1ltal\u00e1ban nagy szil\u00e1rds\u00e1g\u00fa anyagokb\u00f3l k\u00e9sz\u00fclnek, j\u00f3 kop\u00e1s- \u00e9s korr\u00f3zi\u00f3\u00e1ll\u00f3s\u00e1ggal rendelkeznek, \u00edgy alkalmasak hossz\u00fa t\u00e1v\u00fa haszn\u00e1latra zord k\u00f6rnyezetben.<\/li>\n<li>\n<h3>T\u00f6bbfunkci\u00f3s alkalmazkod\u00f3k\u00e9pess\u00e9g<\/h3>\n<p>Ezek a munkahengerek sz\u00e9les k\u00f6rben alkalmazhat\u00f3k k\u00fcl\u00f6nf\u00e9le mechanikus berendez\u00e9sekben, p\u00e9ld\u00e1ul kotr\u00f3g\u00e9pekben, darukban \u00e9s robotkarokban, alkalmazkodva a k\u00fcl\u00f6nb\u00f6z\u0151 munkak\u00f6vetelm\u00e9nyekhez.<\/li>\n<li>\n<h3>K\u00f6nny\u0171 karbantart\u00e1s<\/h3>\n<p>A k\u00f6nny\u0171 karbantart\u00e1s \u00e9s csere szempontjainak figyelembev\u00e9tele lehet\u0151v\u00e9 teszi a k\u00e9nyelmes rendszeres ellen\u0151rz\u00e9seket \u00e9s karbantart\u00e1st, cs\u00f6kkentve a berendez\u00e9sek \u00e1ll\u00e1sidej\u00e9t.<\/li>\n<\/ul>\n<p>Ezt a term\u00e9ket gy\u00e1rtani tudjuk, \u00e9s term\u00e9k\u00fcnk t\u00f6k\u00e9letesen helyettes\u00edtheti ezeket a hidraulikus hengereket.<\/p>\n<p>    <img decoding=\"async\" src=\"https:\/\/www.hydraulic-cylinders.net\/wp-content\/uploads\/2025\/01\/songte-oil-pipes-and-spare-parts.webp\" alt=\"Olajcs\u00f6vek \u00e9s alkatr\u00e9szek k\u00e9pe\"><\/p>\n<h2>Alkalmaz\u00e1sok<\/h2>\n<ul>\n<li>\n<h3>\u00c9p\u00edt\u0151m\u00e9rn\u00f6ki<\/h3>\n<p>Kotr\u00f3g\u00e9pekben \u00e9s darukban a karhengereket a v\u00f6dr\u00f6k vagy g\u00e9mek mozg\u00e1s\u00e1nak vez\u00e9rl\u00e9s\u00e9re haszn\u00e1lj\u00e1k f\u00f6ldmozgat\u00e1shoz, anyagmozgat\u00e1shoz \u00e9s szerkezeti telep\u00edt\u00e9shez.<\/li>\n<li>\n<h3>Gy\u00e1rt\u00e1s<\/h3>\n<p>Az automatiz\u00e1lt gy\u00e1rt\u00f3sorokon a karhengereket robotkarok mozgat\u00e1s\u00e1hoz, \u00f6sszeszerel\u00e9shez, hegeszt\u00e9shez \u00e9s anyagmozgat\u00e1si folyamatokhoz haszn\u00e1lj\u00e1k a termel\u00e9si hat\u00e9konys\u00e1g \u00e9s a pontoss\u00e1g jav\u00edt\u00e1sa \u00e9rdek\u00e9ben.<\/li>\n<li>\n<h3>Mez\u0151gazdas\u00e1gi g\u00e9pek<\/h3>\n<p>A mez\u0151gazdas\u00e1gi g\u00e9pekben, p\u00e9ld\u00e1ul a betakar\u00edt\u00f3g\u00e9pekben \u00e9s a vet\u0151g\u00e9pekben, a karhengerek vez\u00e9rlik a m\u0171k\u00f6dtet\u0151 karok mozg\u00e1s\u00e1t, olyan feladatokat l\u00e1tva el, mint a vet\u00e9s, a m\u0171tr\u00e1gy\u00e1z\u00e1s \u00e9s a betakar\u00edt\u00e1s.<\/li>\n<li>\n<h3>B\u00e1ny\u00e1szati<\/h3>\n<p>A b\u00e1ny\u00e1szati \u200b\u200bberendez\u00e9sekben a karhengereket a b\u00e1ny\u00e1szati \u200b\u200bberendez\u00e9sek karjainak mozg\u00e1s\u00e1nak vez\u00e9rl\u00e9s\u00e9re haszn\u00e1lj\u00e1k b\u00e1ny\u00e1szat \u00e9s anyagmozgat\u00e1s sor\u00e1n.<\/li>\n<li>\n<h3>Logisztika \u00e9s sz\u00e1ll\u00edtm\u00e1nyoz\u00e1s<\/h3>\n<p>A targonc\u00e1kban \u00e9s anyagmozgat\u00f3 robotokban a karhengereket a vill\u00e1k emel\u00e9s\u00e9nek \u00e9s mozg\u00e1s\u00e1nak vez\u00e9rl\u00e9s\u00e9re haszn\u00e1lj\u00e1k, \u00edgy biztos\u00edtva az anyagmozgat\u00e1st \u00e9s a rakod\u00e1st.<\/li>\n<\/ul>\n<h2>Tervez\u00e9si szempontok \u00e9s kiv\u00e1laszt\u00e1si krit\u00e9riumok<\/h2>\n<ul>\n<li>\n<h3>Teherb\u00edr\u00e1s<\/h3>\n<p>A karhengereknek elegend\u0151 teherb\u00edr\u00e1ssal kell rendelkezni\u00fck ahhoz, hogy ellen\u00e1lljanak a g\u00e9p \u00fczem k\u00f6zbeni maxim\u00e1lis terhel\u00e9s\u00e9nek.<\/li>\n<li>\n<h3>T\u00f6m\u00edt\u00e9s<\/h3>\n<p>A hidraulikaolaj sziv\u00e1rg\u00e1s\u00e1nak megakad\u00e1lyoz\u00e1s\u00e1ra k\u00fcl\u00f6nf\u00e9le t\u00f6m\u00edt\u0151elemeket, p\u00e9ld\u00e1ul dugatty\u00fat\u00f6m\u00edt\u00e9seket \u00e9s r\u00fadt\u00f6m\u00edt\u00e9seket kell haszn\u00e1lni.<\/li>\n<li>\n<h3>Tart\u00f3ss\u00e1g<\/h3>\n<p>A karhengernek nagy szil\u00e1rds\u00e1g\u00fa, j\u00f3 kop\u00e1s- \u00e9s korr\u00f3zi\u00f3\u00e1ll\u00f3s\u00e1g\u00fa anyagokb\u00f3l kell k\u00e9sz\u00fclnie, hogy biztos\u00edtsa a tart\u00f3ss\u00e1got a zord \u00fczemi k\u00f6rnyezetben.<\/li>\n<li>\n<h3>Biztons\u00e1g<\/h3>\n<p>A karhengereket a biztons\u00e1g szem el\u0151tt tart\u00e1s\u00e1val kell megtervezni \u00e9s gy\u00e1rtani, bele\u00e9rtve a biztons\u00e1gi eszk\u00f6z\u00f6ket, p\u00e9ld\u00e1ul a t\u00falterhel\u00e9s elleni v\u00e9delmet.<\/li>\n<li>\n<h3>Karbantart\u00e1s<\/h3>\n<p>A karhenger alkatr\u00e9szeit \u00fagy kell megtervezni, hogy k\u00f6nnyen karbantarthat\u00f3k \u00e9s cser\u00e9lhet\u0151k legyenek.<\/li>\n<\/ul>\n<p>    <img decoding=\"async\" src=\"https:\/\/www.hydraulic-cylinders.net\/wp-content\/uploads\/2025\/01\/songte-cylinder-head-with-all-kinds-excavator-models.webp\" alt=\"Hengerfej k\u00e9pe\"><\/p>\n<h2>T\u00f6m\u00edt\u00e9s \u00e9s ken\u00e9s<\/h2>\n<p>K\u00fcl\u00f6nb\u00f6z\u0151 t\u00f6m\u00edt\u0151elemeket, p\u00e9ld\u00e1ul dugatty\u00fat\u00f6m\u00edt\u00e9seket \u00e9s r\u00fadt\u00f6m\u00edt\u00e9seket haszn\u00e1lnak a hidraulikaolaj sziv\u00e1rg\u00e1s\u00e1nak megakad\u00e1lyoz\u00e1s\u00e1ra. Ezek a t\u00f6m\u00edt\u0151elemek kop\u00e1s\u00e1ll\u00f3 anyagokb\u00f3l, p\u00e9ld\u00e1ul poliuret\u00e1nb\u00f3l \u00e9s nitrilgumib\u00f3l k\u00e9sz\u00fclnek. A hengertest \u00e9s a menetes v\u00e9gek fel\u00fcletei finoman megmunk\u00e1ltak a kop\u00e1s\u00e1ll\u00f3s\u00e1g jav\u00edt\u00e1sa \u00e9rdek\u00e9ben, \u00e9s rendszeres hidraulikaolaj-ut\u00e1nt\u00f6lt\u00e9st ig\u00e9nyelnek ken\u00e9shez.<\/p>\n<h2>Rendszeres ellen\u0151rz\u00e9s \u00e9s megel\u0151z\u0151 karbantart\u00e1s<\/h2>\n<ul>\n<li>\n<h3>Alkatr\u00e9szek ellen\u0151rz\u00e9se<\/h3>\n<p>Rendszeresen ellen\u0151rizze a dugatty\u00farudat, a dugatty\u00fat \u00e9s a hengertestet karcol\u00e1sok, korr\u00f3zi\u00f3 \u00e9s s\u00e9r\u00fcl\u00e9sek szempontj\u00e1b\u00f3l, \u00e9s sz\u00fcks\u00e9g eset\u00e9n cser\u00e9lje ki.<\/li>\n<li>\n<h3>A t\u00f6m\u00edt\u00e9sek ellen\u0151rz\u00e9se<\/h3>\n<p>Ellen\u0151rizze a t\u00f6m\u00edt\u00e9s \u00e1llapot\u00e1t, \u00e9s sz\u00fcks\u00e9g eset\u00e9n cser\u00e9lje ki a hidraulikaolaj sziv\u00e1rg\u00e1s\u00e1nak elker\u00fcl\u00e9se \u00e9rdek\u00e9ben.<\/li>\n<li>\n<h3>Megel\u0151z\u0151 karbantart\u00e1s<\/h3>\n<p>Rendszeresen karbantartsa a hidraulikus rendszert, bele\u00e9rtve a hidraulikaolaj cser\u00e9j\u00e9t, az olajsz\u0171r\u0151 tiszt\u00edt\u00e1s\u00e1t \u00e9s az olajszint ellen\u0151rz\u00e9s\u00e9t.<\/li>\n<\/ul>\n<p>    <img decoding=\"async\" src=\"https:\/\/www.hydraulic-cylinders.net\/wp-content\/uploads\/2025\/01\/songte-chushion-collar.webp\" alt=\"P\u00e1rnagall\u00e9r k\u00e9p\"><\/p>\n<h2>Term\u00e9ktelep\u00edt\u00e9si \u00fatmutat\u00f3<\/h2>\n<p>A telep\u00edt\u00e9s sor\u00e1n gy\u0151z\u0151dj\u00f6n meg arr\u00f3l, hogy a henger biztons\u00e1gosan r\u00f6gz\u00edtve van, \u00e9s a dugatty\u00far\u00fad a megfelel\u0151 helyzetben van. A hidraulikaolaj-vezet\u00e9k csatlakoztat\u00e1sakor \u00fcgyeljen az ir\u00e1nyra, \u00e9s ker\u00fclje a ford\u00edtott csatlakoz\u00e1st vagy a l\u00e9gz\u00e1rv\u00e1nyt. A hidraulikaolaj felt\u00f6lt\u00e9sekor gy\u0151z\u0151dj\u00f6n meg arr\u00f3l, hogy az olajszint megfelel\u0151, a hidraulikaolaj tiszta \u00e9s szennyez\u0151d\u00e9sekt\u0151l mentes. A telep\u00edt\u00e9s ut\u00e1n v\u00e9gezzen pr\u00f3ba\u00fczemet a norm\u00e1l m\u0171k\u00f6d\u00e9s meger\u0151s\u00edt\u00e9s\u00e9hez.<\/p>\n<p>    <img decoding=\"async\" src=\"https:\/\/www.hydraulic-cylinders.net\/wp-content\/uploads\/2025\/01\/songte-bushings-with-all-kinds-of-excavator-models.webp\" alt=\"Perselyek k\u00e9pe\"><\/p>\n<h2>Biztons\u00e1gi \u00e9s k\u00f6rnyezetv\u00e9delmi szempontok<\/h2>\n<p>Haszn\u00e1lat k\u00f6zben \u00fcgyeljen arra, hogy a g\u00e9p a n\u00e9vleges terhel\u00e9si tartom\u00e1nyon bel\u00fcl m\u0171k\u00f6dj\u00f6n, \u00e9s k\u00f6vesse a g\u00e9p biztons\u00e1gi ir\u00e1nyelveit. A hidraulikaolaj megfelel\u0151 kezel\u00e9s\u00e9vel \u00e9s a k\u00f6rnyezetv\u00e9delmi int\u00e9zked\u00e9sek v\u00e9grehajt\u00e1s\u00e1val kell megakad\u00e1lyozni a k\u00f6rnyezetszennyez\u00e9st.<\/p>\n<h2>Hibaelh\u00e1r\u00edt\u00e1s \u00e9s gyakori probl\u00e9m\u00e1k<\/h2>\n<ul>\n<li>\n<h3>Hidraulikaolaj-sziv\u00e1rg\u00e1s<\/h3>\n<p>A hiba oka a t\u00f6m\u00edt\u0151elemek kop\u00e1sa vagy s\u00e9r\u00fcl\u00e9se, illetve a hengertest s\u00e9r\u00fcl\u00e9se lehet. Id\u0151ben cser\u00e9lje ki a s\u00e9r\u00fclt alkatr\u00e9szeket.<\/li>\n<li>\n<h3>Rendellenes zaj<\/h3>\n<p>A hiba oka lehet a hidraulikus rendszerbe jut\u00f3 leveg\u0151, vagy a dugatty\u00fa, illetve a hengertest s\u00e9r\u00fcl\u00e9se. Id\u0151ben ellen\u0151rizze \u00e9s jav\u00edtsa meg az \u00e9rintett alkatr\u00e9szeket.<\/li>\n<li>\n<h3>Alacsony nyom\u00e1s<\/h3>\n<p>A hiba oka lehet a hidraulikus cs\u0151vezet\u00e9k eldugul\u00e1sa vagy a hidraulikus szivatty\u00fa probl\u00e9m\u00e1ja. Ellen\u0151rizze \u00e9s jav\u00edtsa meg az \u00e9rintett alkatr\u00e9szeket id\u0151ben.<\/li>\n<\/ul>\n<h2>Hibaelh\u00e1r\u00edt\u00e1si tippek \u00e9s megold\u00e1sok<\/h2>\n<ul>\n<li>\n<h3>Hidraulikaolaj-sziv\u00e1rg\u00e1s<\/h3>\n<p>Cser\u00e9lje ki a s\u00e9r\u00fclt t\u00f6m\u00edt\u0151elemeket vagy a hengertestet, \u00e9s gondoskodjon a megfelel\u0151 beszerel\u00e9sr\u0151l.<\/li>\n<li>\n<h3>Rendellenes zaj<\/h3>\n<p>Ellen\u0151rizze \u00e9s jav\u00edtsa meg az \u00e9rintett alkatr\u00e9szeket, p\u00e9ld\u00e1ul t\u00e1vol\u00edtsa el a leveg\u0151t a hidraulikus rendszerb\u0151l, vagy cser\u00e9lje ki a s\u00e9r\u00fclt alkatr\u00e9szeket.<\/li>\n<li>\n<h3>Alacsony nyom\u00e1s<\/h3>\n<p>Ellen\u0151rizze \u00e9s sz\u00fcntesse meg a hidraulikus cs\u0151vezet\u00e9k eldugul\u00e1s\u00e1t, vagy jav\u00edtsa meg a hidraulikus szivatty\u00fat.<\/li>\n<\/ul>\n<p>    <img decoding=\"async\" src=\"https:\/\/www.hydraulic-cylinders.net\/wp-content\/uploads\/2025\/01\/songte-company-4.webp\" alt=\"C\u00e9ges im\u00e1zs\"><br \/>\n    <img decoding=\"async\" src=\"https:\/\/www.hydraulic-cylinders.net\/wp-content\/uploads\/2025\/01\/songte-company-3.webp\" alt=\"C\u00e9ges im\u00e1zs\"><\/p>\n<h2>R\u00f3lunk<\/h2>\n<p>Professzion\u00e1lis hidraulikus hengerek gy\u00e1rt\u00f3jak\u00e9nt sz\u00e9les term\u00e9kv\u00e1laszt\u00e9kkal rendelkez\u00fcnk, \u00e9s m\u00e1ra a hazai \u00e9s nemzetk\u00f6zi piacok egyik vezet\u0151 hidraulikus hengergy\u00e1rt\u00f3j\u00e1v\u00e1 \u00e9s nagykereskedelmi forgalmaz\u00f3j\u00e1v\u00e1 v\u00e1ltunk. Mindig a kiv\u00e1l\u00f3 min\u0151s\u00e9g elv\u00e9t k\u00f6vetj\u00fck, \u00e9s finoman kidolgozott gy\u00e1rt\u00f3m\u0171helyeinkben iparos\u00edtott termel\u00e9sir\u00e1ny\u00edt\u00e1si strat\u00e9gi\u00e1kra t\u00e1maszkodunk technol\u00f3gi\u00e1nk \u00e9s termel\u00e9si hat\u00e9konys\u00e1gunk folyamatos fejleszt\u00e9se \u00e9rdek\u00e9ben. Cs\u00facskateg\u00f3ri\u00e1s digit\u00e1lis gy\u00e1rt\u00f3berendez\u00e9sek \u00e9s professzion\u00e1lis tesztel\u0151rendszerek bevezet\u00e9s\u00e9vel folyamatosan optimaliz\u00e1ljuk gy\u00e1rt\u00e1si platformunkat \u00e9s fejlesztj\u00fck term\u00e9kmin\u0151s\u00e9g-ellen\u0151rz\u00e9si folyamatunkat, er\u0151s innov\u00e1ci\u00f3s k\u00e9pess\u00e9gekkel. C\u00e9lunk, hogy \u00fcgyfeleink sokr\u00e9t\u0171 ig\u00e9nyeit nagy hat\u00e9konys\u00e1ggal, pontoss\u00e1ggal \u00e9s magas min\u0151s\u00e9gi elvekkel el\u00e9g\u00edts\u00fck ki.<\/p>\n<ul>\n<li>\n<h3>Szakmaiass\u00e1g<\/h3>\n<p>Professzion\u00e1lis csapatunk gazdag tapasztalattal rendelkezik a hidraulikus hengerek tervez\u00e9s\u00e9ben \u00e9s gy\u00e1rt\u00e1s\u00e1ban, biztos\u00edtva, hogy term\u00e9keink megfeleljenek az \u00fcgyfelek ig\u00e9nyeinek.<\/li>\n<li>\n<h3>Nemzetk\u00f6zi min\u0151s\u00edt\u00e9s<\/h3>\n<p>Minden term\u00e9k\u00fcnk megfelelt az ISO9001 min\u0151s\u00e9gir\u00e1ny\u00edt\u00e1si rendszer tan\u00fas\u00edtv\u00e1ny\u00e1nak, \u00e9s t\u00f6bb mint 50 orsz\u00e1gba \u00e9s r\u00e9gi\u00f3ba export\u00e1ljuk vil\u00e1gszerte.<\/li>\n<li>\n<h3>Testreszab\u00e1si szolg\u00e1ltat\u00e1s<\/h3>\n<p>Egyedi hidraulikus hengereket k\u00edn\u00e1lunk a k\u00fcl\u00f6nb\u00f6z\u0151 \u00fcgyf\u00e9lig\u00e9nyek kiel\u00e9g\u00edt\u00e9s\u00e9re, teljes k\u00f6r\u0171 szolg\u00e1ltat\u00e1st ny\u00fajtva a tervez\u00e9st\u0151l a gy\u00e1rt\u00e1sig.<\/li>\n<li>\n<h3>Termel\u00e9si berendez\u00e9sek<\/h3>\n<p>Korszer\u0171 gy\u00e1rt\u00f3berendez\u00e9sekkel rendelkez\u00fcnk, bele\u00e9rtve a CNC megmunk\u00e1l\u00f3k\u00f6zpontokat, automata hegeszt\u0151g\u00e9peket \u00e9s automata fest\u0151sorokat.<\/li>\n<li>\n<h3>\u00c9rt\u00e9kes\u00edt\u00e9s ut\u00e1ni szolg\u00e1ltat\u00e1s<\/h3>\n<p>24 \u00f3r\u00e1s \u00e9rt\u00e9kes\u00edt\u00e9s ut\u00e1ni szolg\u00e1ltat\u00e1st ny\u00fajtunk, bele\u00e9rtve a m\u0171szaki t\u00e1mogat\u00e1st, a karbantart\u00e1st \u00e9s a jav\u00edt\u00e1st.<\/li>\n<\/ul>\n<p>Szerz\u0151: lyl.<\/p>\n<\/div>","protected":false},"excerpt":{"rendered":"<p>Arm Cylinder For John Deere E210LC Introduction An arm cylinder is a specially designed hydraulic cylinder that is primarily used to provide linear motion and power to the arms of various types of machinery such as excavators, cranes, and robotic arms. The arm cylinder plays a crucial role in hydraulic systems, allowing for the effective [&hellip;]<\/p>","protected":false},"featured_media":14783,"comment_status":"open","ping_status":"closed","template":"","meta":{"_et_pb_use_builder":"","_et_pb_old_content":"","_et_gb_content_width":""},"product_brand":[],"product_cat":[1497],"product_tag":[1498,1496],"class_list":{"0":"post-16778","1":"product","2":"type-product","3":"status-publish","4":"has-post-thumbnail","6":"product_cat-arm-cylinders","7":"product_tag-arm-cylinders","8":"product_tag-hydraulic-cylinders","10":"first","11":"instock","12":"shipping-taxable","13":"product-type-simple"},"amp_enabled":true,"_links":{"self":[{"href":"https:\/\/www.hydraulic-cylinders.net\/hu\/wp-json\/wp\/v2\/product\/16778","targetHints":{"allow":["GET"]}}],"collection":[{"href":"https:\/\/www.hydraulic-cylinders.net\/hu\/wp-json\/wp\/v2\/product"}],"about":[{"href":"https:\/\/www.hydraulic-cylinders.net\/hu\/wp-json\/wp\/v2\/types\/product"}],"replies":[{"embeddable":true,"href":"https:\/\/www.hydraulic-cylinders.net\/hu\/wp-json\/wp\/v2\/comments?post=16778"}],"wp:featuredmedia":[{"embeddable":true,"href":"https:\/\/www.hydraulic-cylinders.net\/hu\/wp-json\/wp\/v2\/media\/14783"}],"wp:attachment":[{"href":"https:\/\/www.hydraulic-cylinders.net\/hu\/wp-json\/wp\/v2\/media?parent=16778"}],"wp:term":[{"taxonomy":"product_brand","embeddable":true,"href":"https:\/\/www.hydraulic-cylinders.net\/hu\/wp-json\/wp\/v2\/product_brand?post=16778"},{"taxonomy":"product_cat","embeddable":true,"href":"https:\/\/www.hydraulic-cylinders.net\/hu\/wp-json\/wp\/v2\/product_cat?post=16778"},{"taxonomy":"product_tag","embeddable":true,"href":"https:\/\/www.hydraulic-cylinders.net\/hu\/wp-json\/wp\/v2\/product_tag?post=16778"}],"curies":[{"name":"munkaf\u00fczet","href":"https:\/\/api.w.org\/{rel}","templated":true}]}}