{"id":16797,"date":"2025-01-21T05:55:02","date_gmt":"2025-01-21T05:55:02","guid":{"rendered":"https:\/\/www.hydraulic-cylinders.net\/product\/arm-cylinder-for-yangong-yg70c\/"},"modified":"2025-01-21T05:55:04","modified_gmt":"2025-01-21T05:55:04","slug":"arm-cylinder-for-yangong-yg70c","status":"publish","type":"product","link":"https:\/\/www.hydraulic-cylinders.net\/hu\/termek\/arm-cylinder-for-yangong-yg70c\/","title":{"rendered":"Karhenger Yangong YG70C-hez"},"content":{"rendered":"<h2>Karhenger Yangong YG70C-hez<\/h2>\n<h3>Bevezet\u00e9s<\/h3>\n<p>A Yangong YG70C karhengere egy hidraulikus henger, amelyet kifejezetten arra terveztek, hogy line\u00e1ris mozg\u00e1st \u00e9s er\u0151t biztos\u00edtson k\u00fcl\u00f6nf\u00e9le g\u00e9pek, p\u00e9ld\u00e1ul kotr\u00f3g\u00e9pek, daruk \u00e9s mechanikus karok karjaihoz. A karhenger kritikus szerepet j\u00e1tszik a hidraulikus rendszerekben, lehet\u0151v\u00e9 t\u00e9ve a tartoz\u00e9kok \u00e9s tartoz\u00e9kok hat\u00e9kony mozg\u00e1s\u00e1t \u00e9s vez\u00e9rl\u00e9s\u00e9t. Ezek a hengerek nemcsak sima mozg\u00e1st biztos\u00edtanak, hanem nagy terhel\u00e9seket is elviselnek, biztos\u00edtva a g\u00e9p hat\u00e9kony m\u0171k\u00f6d\u00e9s\u00e9t \u00e9s megb\u00edzhat\u00f3s\u00e1g\u00e1t k\u00fcl\u00f6nb\u00f6z\u0151 \u00fczemi k\u00f6r\u00fclm\u00e9nyek k\u00f6z\u00f6tt.<\/p>\n<p><img decoding=\"async\" src=\"https:\/\/www.hydraulic-cylinders.net\/wp-content\/uploads\/2025\/01\/songte-company-2.webp\" alt=\"Karhenger Yangong YG70C-hez\"><\/p>\n<h3>Jellemz\u0151k<\/h3>\n<ul>\n<li>Hat\u00e9kony er\u0151\u00e1tvitel: A karhenger er\u0151teljes line\u00e1ris mozg\u00e1st \u00e9s er\u0151t biztos\u00edt a mechanikus kar nagy teljes\u00edtm\u00e9ny\u00e9nek biztos\u00edt\u00e1sa \u00e9rdek\u00e9ben k\u00fcl\u00f6nb\u00f6z\u0151 m\u0171veletek sor\u00e1n.<\/li>\n<li>Prec\u00edz vez\u00e9rl\u00e9s: A hidraulikus rendszer lehet\u0151v\u00e9 teszi a karhenger prec\u00edz mozg\u00e1svez\u00e9rl\u00e9s\u00e9t, \u00edgy a tartoz\u00e9kok m\u0171k\u00f6dtet\u00e9se rugalmasabb \u00e9s pontosabb.<\/li>\n<li>Er\u0151s tart\u00f3ss\u00e1g: A karhenger jellemz\u0151en nagy szil\u00e1rds\u00e1g\u00fa anyagokb\u00f3l k\u00e9sz\u00fcl, j\u00f3 kop\u00e1s\u00e1ll\u00f3s\u00e1ggal \u00e9s korr\u00f3zi\u00f3\u00e1ll\u00f3s\u00e1ggal, \u00edgy alkalmass\u00e1 teszi a hossz\u00fa t\u00e1v\u00fa haszn\u00e1latra zord k\u00f6rnyezetben.<\/li>\n<li>T\u00f6bbfunkci\u00f3s alkalmazkod\u00f3k\u00e9pess\u00e9g: Ezek a munkahengerek sz\u00e9les k\u00f6rben alkalmazhat\u00f3k k\u00fcl\u00f6nf\u00e9le g\u00e9pekben, p\u00e9ld\u00e1ul kotr\u00f3g\u00e9pekben, darukban \u00e9s mechanikus karokban, hogy alkalmazkodjanak a k\u00fcl\u00f6nb\u00f6z\u0151 munkak\u00f6vetelm\u00e9nyekhez.<\/li>\n<li>K\u00f6nny\u0171 karbantart\u00e1s: A tervez\u00e9s sor\u00e1n figyelembe vett\u00e9k a k\u00f6nny\u0171 karbantart\u00e1st \u00e9s cser\u00e9t a k\u00e9nyelmes rendszeres ellen\u0151rz\u00e9s \u00e9s karbantart\u00e1s \u00e9rdek\u00e9ben, cs\u00f6kkentve a berendez\u00e9sek \u00e1ll\u00e1sidej\u00e9t.<\/li>\n<\/ul>\n<p>Term\u00e9k\u00fcnk t\u00f6k\u00e9letesen helyettes\u00edtheti ezeket a hidraulikus hengereket.<\/p>\n<p><img decoding=\"async\" src=\"https:\/\/www.hydraulic-cylinders.net\/wp-content\/uploads\/2025\/01\/songte-oil-pipes-and-spare-parts.webp\" alt=\"Hidraulikus henger alkatr\u00e9szek\"><\/p>\n<h3>Alkalmaz\u00e1sok<\/h3>\n<p>A Yangong YG70C karhengere sz\u00e1mos ipar\u00e1gban \u00e9s g\u00e9p\u00e9szetben alkalmazhat\u00f3, bele\u00e9rtve:<\/p>\n<ul>\n<li>\u00c9p\u00edt\u00e9s: Kotr\u00f3g\u00e9pekn\u00e9l \u00e9s darukn\u00e1l a karhenger vez\u00e9rli a kan\u00e1l vagy a g\u00e9m mozg\u00e1s\u00e1t f\u00f6ldmozgat\u00e1s, anyagmozgat\u00e1s \u00e9s szerkezeti telep\u00edt\u00e9s sor\u00e1n.<\/li>\n<li>Gy\u00e1rt\u00e1s: Az automatiz\u00e1lt gy\u00e1rt\u00f3sorokon a karhenger vez\u00e9rli a mechanikus karok mozg\u00e1s\u00e1t az \u00f6sszeszerel\u00e9si, hegeszt\u00e9si \u00e9s anyagmozgat\u00e1si folyamatok sor\u00e1n, jav\u00edtva a termel\u00e9si hat\u00e9konys\u00e1got \u00e9s a pontoss\u00e1got.<\/li>\n<li>Mez\u0151gazdas\u00e1g: A mez\u0151gazdas\u00e1gi g\u00e9pekben, p\u00e9ld\u00e1ul a betakar\u00edt\u00f3g\u00e9pekben \u00e9s a vet\u0151g\u00e9pekben a karhenger vez\u00e9rli a kezel\u0151kar mozg\u00e1s\u00e1t vet\u00e9s, tr\u00e1gy\u00e1z\u00e1s \u00e9s betakar\u00edt\u00e1s sor\u00e1n.<\/li>\n<li>B\u00e1ny\u00e1szat: B\u00e1ny\u00e1szati \u200b\u200bberendez\u00e9sekben a karhenger vez\u00e9rli a kar mozg\u00e1s\u00e1t az \u00e9rc b\u00e1ny\u00e1szat\u00e1hoz \u00e9s sz\u00e1ll\u00edt\u00e1s\u00e1hoz.<\/li>\n<li>Logisztika \u00e9s sz\u00e1ll\u00edt\u00e1s: Targonc\u00e1kban \u00e9s anyagmozgat\u00f3 robotokban a karhenger vez\u00e9rli a villa emel\u00e9s\u00e9t \u00e9s mozgat\u00e1s\u00e1t az anyagok kezel\u00e9se \u00e9s egym\u00e1sra rak\u00e1sa sor\u00e1n.<\/li>\n<\/ul>\n<h3>Tervez\u00e9si szempontok \u00e9s kiv\u00e1laszt\u00e1si szabv\u00e1nyok<\/h3>\n<p>A karhenger kialak\u00edt\u00e1sa olyan kulcsfontoss\u00e1g\u00fa t\u00e9nyez\u0151ket vesz figyelembe, mint a teherb\u00edr\u00e1s, a t\u00f6m\u00edt\u00e9s, a tart\u00f3ss\u00e1g, a biztons\u00e1g \u00e9s a karbantarthat\u00f3s\u00e1g. <\/p>\n<ul>\n<li>Teherb\u00edr\u00e1s: A karhenger \u00fagy van kialak\u00edtva, hogy nagy terheket is elb\u00edrjon, mik\u00f6zben biztos\u00edtja a sima m\u0171k\u00f6d\u00e9st.<\/li>\n<li>T\u00f6m\u00edt\u00e9s: K\u00fcl\u00f6nb\u00f6z\u0151 t\u00f6m\u00edt\u0151elemeket, p\u00e9ld\u00e1ul dugatty\u00fat\u00f6m\u00edt\u00e9seket \u00e9s r\u00fadt\u00f6m\u00edt\u00e9seket haszn\u00e1lnak kop\u00e1s\u00e1ll\u00f3 anyagokb\u00f3l, p\u00e9ld\u00e1ul poliuret\u00e1nb\u00f3l \u00e9s nitrilgumib\u00f3l, a kiv\u00e1l\u00f3 t\u00f6m\u00edt\u00e9si teljes\u00edtm\u00e9ny el\u00e9r\u00e9se \u00e9rdek\u00e9ben.<\/li>\n<li>Tart\u00f3ss\u00e1g: A hengertest nagy szil\u00e1rds\u00e1g\u00fa anyagokb\u00f3l k\u00e9sz\u00fcl, hogy kiv\u00e1l\u00f3 kop\u00e1s- \u00e9s korr\u00f3zi\u00f3\u00e1ll\u00f3s\u00e1got biztos\u00edtson zord k\u00f6rnyezetben.<\/li>\n<li>Biztons\u00e1g: Megb\u00edzhat\u00f3 biztons\u00e1gi rendszerrel megel\u0151zhet\u0151ek a balesetek az \u00fczemel\u00e9s sor\u00e1n.<\/li>\n<li>Karbantarthat\u00f3s\u00e1g: A kialak\u00edt\u00e1s lehet\u0151v\u00e9 teszi az alkatr\u00e9szek egyszer\u0171 \u00e9s k\u00e9nyelmes karbantart\u00e1s\u00e1t \u00e9s cser\u00e9j\u00e9t, cs\u00f6kkentve az \u00e1ll\u00e1sid\u0151t \u00e9s a karbantart\u00e1si k\u00f6lts\u00e9geket.<\/li>\n<\/ul>\n<p><img decoding=\"async\" src=\"https:\/\/www.hydraulic-cylinders.net\/wp-content\/uploads\/2025\/01\/songte-cylinder-head-with-all-kinds-excavator-models.webp\" alt=\"Hengerfej\"><\/p>\n<h3>T\u00f6m\u00edt\u00e9s \u00e9s ken\u00e9s<\/h3>\n<p>A karos munkahenger k\u00fcl\u00f6nf\u00e9le t\u00f6m\u00edt\u0151elemeket haszn\u00e1l kop\u00e1s\u00e1ll\u00f3 anyagokb\u00f3l, p\u00e9ld\u00e1ul poliuret\u00e1nb\u00f3l \u00e9s nitrilgumib\u00f3l, a kiv\u00e1l\u00f3 t\u00f6m\u00edt\u00e9si teljes\u00edtm\u00e9ny el\u00e9r\u00e9se \u00e9rdek\u00e9ben. A hengertest \u00e9s a menetes v\u00e9gfel\u00fclet finoman kezelt a kop\u00e1s\u00e1ll\u00f3s\u00e1g jav\u00edt\u00e1sa \u00e9rdek\u00e9ben. A ken\u00e9shez rendszeres hidraulikaolaj hozz\u00e1ad\u00e1sa sz\u00fcks\u00e9ges.<\/p>\n<h3>Karbantart\u00e1s \u00e9s megel\u0151z\u0151 int\u00e9zked\u00e9sek<\/h3>\n<p>A karhenger hat\u00e9kony \u00e9s megb\u00edzhat\u00f3 m\u0171k\u00f6d\u00e9s\u00e9nek biztos\u00edt\u00e1s\u00e1hoz rendszeres ellen\u0151rz\u00e9sekre \u00e9s megel\u0151z\u0151 karbantart\u00e1si int\u00e9zked\u00e9sekre van sz\u00fcks\u00e9g. Ezek az int\u00e9zked\u00e9sek a k\u00f6vetkez\u0151k:<\/p>\n<ul>\n<li>Rendszeresen ellen\u0151rizze a dugatty\u00fat, a hengert \u00e9s m\u00e1s alkatr\u00e9szeket kop\u00e1s \u00e9s s\u00e9r\u00fcl\u00e9sek szempontj\u00e1b\u00f3l.<\/li>\n<li>A j\u00f3 t\u00f6m\u00edt\u00e9si teljes\u00edtm\u00e9ny biztos\u00edt\u00e1sa \u00e9rdek\u00e9ben rendszeresen cser\u00e9lje ki a t\u00f6m\u00edt\u0151 alkatr\u00e9szeket, p\u00e9ld\u00e1ul a dugatty\u00fat\u00f6m\u00edt\u00e9st \u00e9s a r\u00fadt\u00f6m\u00edt\u00e9st.<\/li>\n<li>Rendszeresen t\u00f6ltse fel a megfelel\u0151 mennyis\u00e9g\u0171 hidraulikaolajat a henger megfelel\u0151 ken\u00e9s\u00e9nek biztos\u00edt\u00e1sa \u00e9rdek\u00e9ben.<\/li>\n<li>Amikor a karhenger nincs haszn\u00e1latban, sz\u00e1raz \u00e9s tiszta helyen kell t\u00e1rolni a nedvess\u00e9g \u00e9s a rozsda megel\u0151z\u00e9se \u00e9rdek\u00e9ben.<\/li>\n<\/ul>\n<p><img decoding=\"async\" src=\"https:\/\/www.hydraulic-cylinders.net\/wp-content\/uploads\/2025\/01\/songte-chushion-collar.webp\" alt=\"P\u00e1rna gall\u00e9r\"><\/p>\n<h3>Telep\u00edt\u00e9si \u00fatmutat\u00f3<\/h3>\n<p>A karhenger felszerel\u00e9sekor k\u00f6vesse az al\u00e1bbi l\u00e9p\u00e9seket:<\/p>\n<ol>\n<li>Tiszt\u00edtsa meg \u00e9s ellen\u0151rizze a berendez\u00e9s \u00e9s a henger r\u00f6gz\u00edt\u0151fel\u00fcleteit.<\/li>\n<li>Szerelje be a hengert, \u00fcgyelve arra, hogy ne s\u00e9r\u00fcljenek a t\u00f6m\u00edt\u0151 alkatr\u00e9szek.<\/li>\n<li>Csatlakoztassa a hidraulikat\u00f6ml\u0151ket, \u00e9s gy\u0151z\u0151dj\u00f6n meg arr\u00f3l, hogy megfelel\u0151en r\u00f6gz\u00edtve vannak.<\/li>\n<li>Ellen\u0151rizze a henger megfelel\u0151 m\u0171k\u00f6d\u00e9s\u00e9t, bele\u00e9rtve a mozg\u00e1st \u00e9s a t\u00f6m\u00edt\u0151k\u00e9pess\u00e9get.<\/li>\n<\/ol>\n<h3>Biztons\u00e1gi \u00e9s k\u00f6rnyezetv\u00e9delmi szempontok<\/h3>\n<p>A karhenger telep\u00edt\u00e9se, \u00fczemeltet\u00e9se \u00e9s karbantart\u00e1sa sor\u00e1n megfelel\u0151 biztons\u00e1gi int\u00e9zked\u00e9seket kell betartani. A biztons\u00e1gi \u00f3vint\u00e9zked\u00e9sek k\u00f6z\u00e9 tartozik a v\u00e9d\u0151felszerel\u00e9s visel\u00e9se, a kezel\u0151k megfelel\u0151 k\u00e9pz\u00e9s\u00e9nek \u00e9s tan\u00fas\u00edt\u00e1s\u00e1nak biztos\u00edt\u00e1sa, valamint az \u00f6sszes vonatkoz\u00f3 biztons\u00e1gi el\u0151\u00edr\u00e1s \u00e9s ir\u00e1nyelv betart\u00e1sa. A k\u00f6rnyezetv\u00e9delmi szempontok k\u00f6z\u00e9 tartozik a hidraulikaolaj \u00e9s m\u00e1s vesz\u00e9lyes anyagok megfelel\u0151 kezel\u00e9se \u00e9s \u00e1rtalmatlan\u00edt\u00e1sa.<\/p>\n<h3>Hibadiagn\u00f3zis \u00e9s gyakori probl\u00e9m\u00e1k<\/h3>\n<p>A karhenger gyakori probl\u00e9m\u00e1i k\u00f6z\u00e9 tartozik a nem megfelel\u0151 mozg\u00e1s, a sziv\u00e1rg\u00e1s \u00e9s a t\u00f6m\u00edt\u0151 alkatr\u00e9szek s\u00e9r\u00fcl\u00e9se. A hibakeres\u00e9si \u00e9s hibaelh\u00e1r\u00edt\u00e1si m\u00f3dszerek a k\u00f6vetkez\u0151k:<\/p>\n<ul>\n<li>A hidraulikaolaj szintj\u00e9nek \u00e9s min\u0151s\u00e9g\u00e9nek ellen\u0151rz\u00e9se.<\/li>\n<li>A t\u00f6m\u00edt\u0151elemek kop\u00e1s\u00e1nak \u00e9s s\u00e9r\u00fcl\u00e9s\u00e9nek ellen\u0151rz\u00e9se, \u00e9s sz\u00fcks\u00e9g eset\u00e9n cser\u00e9je.<\/li>\n<li>A henger megfelel\u0151 beszerel\u00e9s\u00e9nek \u00e9s be\u00e1ll\u00edt\u00e1s\u00e1nak ellen\u0151rz\u00e9se.<\/li>\n<li>A dugatty\u00fa, a henger vagy m\u00e1s alkatr\u00e9szek s\u00e9r\u00fcl\u00e9s\u00e9nek ellen\u0151rz\u00e9se.<\/li>\n<\/ul>\n<p>A lehets\u00e9ges probl\u00e9m\u00e1k elker\u00fcl\u00e9s\u00e9re ir\u00e1nyul\u00f3 megel\u0151z\u0151 int\u00e9zked\u00e9sek k\u00f6z\u00e9 tartozik a rendszeres ellen\u0151rz\u00e9s, a megfelel\u0151 karbantart\u00e1s \u00e9s a gy\u00e1rt\u00f3 \u00e1ltal aj\u00e1nlott \u00fczemeltet\u00e9si elj\u00e1r\u00e1sok betart\u00e1sa.<\/p>\n<p><img decoding=\"async\" src=\"https:\/\/www.hydraulic-cylinders.net\/wp-content\/uploads\/2025\/01\/songte-bushings-with-all-kinds-of-excavator-models.webp\" alt=\"perselyek\"><\/p>\n<h3>R\u00f3lunk<\/h3>\n<p>Sz\u00e9les term\u00e9kv\u00e1laszt\u00e9kkal rendelkez\u0151 p\u00f3talkatr\u00e9sz-hidraulikus hengerek professzion\u00e1lis gy\u00e1rt\u00f3ja vagyunk. A hazai \u00e9s nemzetk\u00f6zi piacok egyik vezet\u0151 hidraulikus hengergy\u00e1rt\u00f3j\u00e1v\u00e1 \u00e9s nagykereskedelmi forgalmaz\u00f3j\u00e1v\u00e1 v\u00e1ltunk. Mindig a kiv\u00e1l\u00f3 min\u0151s\u00e9g elv\u00e9t k\u00f6vetj\u00fck, \u00e9s a kifinomult gy\u00e1rt\u00f3m\u0171hely\u00fcnkben iparos\u00edtott termel\u00e9sir\u00e1ny\u00edt\u00e1si strat\u00e9gi\u00e1kra t\u00e1maszkodunk, hogy folyamatosan fejlessz\u00fck m\u0171szaki sz\u00ednvonalunkat \u00e9s termel\u00e9si hat\u00e9konys\u00e1gunkat. Fejlett digit\u00e1lis gy\u00e1rt\u00f3berendez\u00e9sek \u00e9s professzion\u00e1lis tesztel\u0151rendszerek bevezet\u00e9s\u00e9vel folyamatosan optimaliz\u00e1ljuk a gy\u00e1rt\u00e1si platformot, fejlesztj\u00fck a term\u00e9kmin\u0151s\u00e9g-ellen\u0151rz\u00e9si folyamatot, \u00e9s er\u0151s innov\u00e1ci\u00f3s k\u00e9pess\u00e9gekkel rendelkez\u00fcnk. C\u00e9lunk, hogy \u00fcgyfeleink sokr\u00e9t\u0171 ig\u00e9nyeit nagy hat\u00e9konys\u00e1ggal, pontoss\u00e1ggal \u00e9s kiv\u00e1l\u00f3 min\u0151s\u00e9gben el\u00e9g\u00edts\u00fck ki.<\/p>\n<h3>Szolg\u00e1ltat\u00e1saink<\/h3>\n<p>C\u00e9g\u00fcnk professzion\u00e1lis szolg\u00e1ltat\u00e1sokat ny\u00fajt a k\u00f6vetkez\u0151 ter\u00fcleteken:<\/p>\n<ul>\n<li>Professzionalizmus: Tapasztalt m\u00e9rn\u00f6k\u00f6kb\u0151l \u00e9s technikusokb\u00f3l \u00e1ll\u00f3 csapatunk professzion\u00e1lis m\u0171szaki t\u00e1mogat\u00e1st \u00e9s szolg\u00e1ltat\u00e1sokat ny\u00fajt.<\/li>\n<li>Nemzetk\u00f6zi tan\u00fas\u00edtv\u00e1ny: Term\u00e9keink sz\u00e1mos nemzetk\u00f6zi tan\u00fas\u00edtv\u00e1nyon mentek kereszt\u00fcl, mint p\u00e9ld\u00e1ul az ISO9001:2015, CE \u00e9s SGS.<\/li>\n<li>Testreszab\u00e1s: Testreszabott szolg\u00e1ltat\u00e1sokat ny\u00fajtunk azoknak az \u00fcgyfeleknek, akiknek speci\u00e1lis ig\u00e9nyeik vannak a hidraulikus hengerekkel szemben.<\/li>\n<li>Gy\u00e1rt\u00f3berendez\u00e9sek: Korszer\u0171 CNC eszterg\u00e1kkal, mar\u00f3g\u00e9pekkel \u00e9s egy\u00e9b professzion\u00e1lis berendez\u00e9sekkel rendelkez\u00fcnk a hidraulikus hengerek gy\u00e1rt\u00e1s\u00e1hoz.<\/li>\n<li>\u00c9rt\u00e9kes\u00edt\u00e9s ut\u00e1ni szolg\u00e1ltat\u00e1s: Id\u0151beni \u00e9s hat\u00e9kony \u00e9rt\u00e9kes\u00edt\u00e9s ut\u00e1ni szolg\u00e1ltat\u00e1st ny\u00fajtunk az \u00fcgyfelek \u00e1ltal felmer\u00fcl\u0151 probl\u00e9m\u00e1k megold\u00e1sa \u00e9rdek\u00e9ben.<\/li>\n<\/ul>\n<p><img decoding=\"async\" src=\"https:\/\/www.hydraulic-cylinders.net\/wp-content\/uploads\/2025\/01\/songte-company-4.webp\" alt=\"V\u00e1llalat\"><\/p>\n<p><img decoding=\"async\" src=\"https:\/\/www.hydraulic-cylinders.net\/wp-content\/uploads\/2025\/01\/songte-company-3.webp\" alt=\"V\u00e1llalat\"><\/p>\n<p>Szerz\u0151: lyl<\/p>","protected":false},"excerpt":{"rendered":"<p>Arm Cylinder For Yangong YG70C Introduction The Arm Cylinder for Yangong YG70C is a hydraulic cylinder designed specifically to provide linear motion and power to the arms of various types of machinery, including excavators, cranes, and mechanical arms. The Arm Cylinder plays a critical role in hydraulic systems, enabling the effective movement and control of [&hellip;]<\/p>","protected":false},"featured_media":14786,"comment_status":"open","ping_status":"closed","template":"","meta":{"_et_pb_use_builder":"","_et_pb_old_content":"","_et_gb_content_width":""},"product_brand":[],"product_cat":[1497],"product_tag":[1498,1496],"class_list":{"0":"post-16797","1":"product","2":"type-product","3":"status-publish","4":"has-post-thumbnail","6":"product_cat-arm-cylinders","7":"product_tag-arm-cylinders","8":"product_tag-hydraulic-cylinders","10":"first","11":"instock","12":"shipping-taxable","13":"product-type-simple"},"amp_enabled":true,"_links":{"self":[{"href":"https:\/\/www.hydraulic-cylinders.net\/hu\/wp-json\/wp\/v2\/product\/16797","targetHints":{"allow":["GET"]}}],"collection":[{"href":"https:\/\/www.hydraulic-cylinders.net\/hu\/wp-json\/wp\/v2\/product"}],"about":[{"href":"https:\/\/www.hydraulic-cylinders.net\/hu\/wp-json\/wp\/v2\/types\/product"}],"replies":[{"embeddable":true,"href":"https:\/\/www.hydraulic-cylinders.net\/hu\/wp-json\/wp\/v2\/comments?post=16797"}],"wp:featuredmedia":[{"embeddable":true,"href":"https:\/\/www.hydraulic-cylinders.net\/hu\/wp-json\/wp\/v2\/media\/14786"}],"wp:attachment":[{"href":"https:\/\/www.hydraulic-cylinders.net\/hu\/wp-json\/wp\/v2\/media?parent=16797"}],"wp:term":[{"taxonomy":"product_brand","embeddable":true,"href":"https:\/\/www.hydraulic-cylinders.net\/hu\/wp-json\/wp\/v2\/product_brand?post=16797"},{"taxonomy":"product_cat","embeddable":true,"href":"https:\/\/www.hydraulic-cylinders.net\/hu\/wp-json\/wp\/v2\/product_cat?post=16797"},{"taxonomy":"product_tag","embeddable":true,"href":"https:\/\/www.hydraulic-cylinders.net\/hu\/wp-json\/wp\/v2\/product_tag?post=16797"}],"curies":[{"name":"munkaf\u00fczet","href":"https:\/\/api.w.org\/{rel}","templated":true}]}}