{"id":16802,"date":"2025-01-21T05:55:27","date_gmt":"2025-01-21T05:55:27","guid":{"rendered":"https:\/\/www.hydraulic-cylinders.net\/product\/arm-cylinder-for-xinyuan-crawler-excavator-xy60-8\/"},"modified":"2025-01-21T05:55:29","modified_gmt":"2025-01-21T05:55:29","slug":"arm-cylinder-for-xinyuan-crawler-excavator-xy60-8","status":"publish","type":"product","link":"https:\/\/www.hydraulic-cylinders.net\/hu\/termek\/arm-cylinder-for-xinyuan-crawler-excavator-xy60-8\/","title":{"rendered":"Karhenger Xinyuan l\u00e1nctalpas kotr\u00f3g\u00e9phez XY60-8"},"content":{"rendered":"<h2>Karhenger Xinyuan l\u00e1nctalpas kotr\u00f3g\u00e9phez XY60-8<\/h2>\n<p>A karhenger egy speci\u00e1lisan tervezett hidraulikus henger, amelyet els\u0151sorban k\u00fcl\u00f6nf\u00e9le g\u00e9pek, p\u00e9ld\u00e1ul kotr\u00f3g\u00e9pek, daruk \u00e9s robotkarok karjainak line\u00e1ris mozg\u00e1s\u00e1nak \u00e9s erej\u00e9nek biztos\u00edt\u00e1s\u00e1ra haszn\u00e1lnak. A karhenger kulcsszerepet j\u00e1tszik a hidraulikus rendszerekben, lehet\u0151v\u00e9 t\u00e9ve a tov\u00e1bbi szersz\u00e1mok vagy tartoz\u00e9kok hat\u00e9kony mozg\u00e1s\u00e1t \u00e9s vez\u00e9rl\u00e9s\u00e9t. Ezek a hengerek nemcsak sima mozg\u00e1st biztos\u00edtanak, hanem k\u00e9pesek ellen\u00e1llni a nagy terhel\u00e9seknek is, biztos\u00edtva a g\u00e9pek hat\u00e9kony m\u0171k\u00f6d\u00e9s\u00e9t \u00e9s megb\u00edzhat\u00f3s\u00e1g\u00e1t k\u00fcl\u00f6nb\u00f6z\u0151 munkak\u00f6r\u00fclm\u00e9nyek k\u00f6z\u00f6tt.<\/p>\n<p><img decoding=\"async\" src=\"https:\/\/www.hydraulic-cylinders.net\/wp-content\/uploads\/2025\/01\/songte-company-2.webp\"><\/p>\n<h3>A karhenger jellemz\u0151i<\/h3>\n<ul>\n<li>Nagy hat\u00e9konys\u00e1g\u00fa er\u0151\u00e1tvitel: A karhenger er\u0151teljes line\u00e1ris mozg\u00e1st \u00e9s er\u0151t biztos\u00edt, biztos\u00edtva a mechanikus kar nagy teljes\u00edtm\u00e9ny\u00e9t k\u00fcl\u00f6nf\u00e9le m\u0171veletek sor\u00e1n.<\/li>\n<li>Prec\u00edz vez\u00e9rl\u00e9s: A hidraulikus rendszereken kereszt\u00fcl a karhenger prec\u00edz mozg\u00e1svez\u00e9rl\u00e9st tesz lehet\u0151v\u00e9, \u00edgy a tov\u00e1bbi szersz\u00e1mok kezel\u00e9se rugalmasabb \u00e9s pontosabb.<\/li>\n<li>Nagy tart\u00f3ss\u00e1g: A karos munkahengerek jellemz\u0151en nagy szil\u00e1rds\u00e1g\u00fa anyagokb\u00f3l k\u00e9sz\u00fclnek, kiv\u00e1l\u00f3 kop\u00e1s- \u00e9s korr\u00f3zi\u00f3\u00e1ll\u00f3s\u00e1ggal rendelkeznek, \u00edgy alkalmasak hossz\u00fa t\u00e1v\u00fa haszn\u00e1latra zord k\u00f6rnyezetben.<\/li>\n<li>T\u00f6bbfunkci\u00f3s alkalmazkod\u00f3k\u00e9pess\u00e9g: Ezek a munkahengerek sz\u00e9les k\u00f6rben alkalmazhat\u00f3k k\u00fcl\u00f6nf\u00e9le g\u00e9pekhez, p\u00e9ld\u00e1ul kotr\u00f3g\u00e9pekhez, darukhoz \u00e9s robotkarokhoz, alkalmazkodva a k\u00fcl\u00f6nb\u00f6z\u0151 munkak\u00f6vetelm\u00e9nyekhez.<\/li>\n<li>K\u00f6nny\u0171 karbantart\u00e1s: A k\u00f6nny\u0171 karbantart\u00e1st \u00e9s cser\u00e9t szem el\u0151tt tartva tervezett karhenger megk\u00f6nny\u00edti a rendszeres ellen\u0151rz\u00e9seket \u00e9s karbantart\u00e1st, cs\u00f6kkentve a berendez\u00e9s \u00e1ll\u00e1sidej\u00e9t.<\/li>\n<\/ul>\n<p><img decoding=\"async\" src=\"https:\/\/www.hydraulic-cylinders.net\/wp-content\/uploads\/2025\/01\/songte-oil-pipes-and-spare-parts.webp\"><\/p>\n<p>Term\u00e9k\u00fcnk t\u00f6k\u00e9letesen helyettes\u00edti ezeket a hidraulikus hengereket.<\/p>\n<h3>Karhenger alkalmaz\u00e1sai<\/h3>\n<p>1. \u00c9p\u00edt\u0151m\u00e9rn\u00f6ki tudom\u00e1nyok<\/p>\n<p>Kotr\u00f3g\u00e9pekn\u00e9l \u00e9s darukn\u00e1l a karhenger vez\u00e9rli a v\u00f6dr\u00f6k vagy g\u00e9mek mozg\u00e1s\u00e1t f\u00f6ldmozgat\u00e1sn\u00e1l, anyagmozgat\u00e1sn\u00e1l \u00e9s szerkezeti telep\u00edt\u00e9sekn\u00e9l.<\/p>\n<p>2. Gy\u00e1rt\u00f3ipar<\/p>\n<p>Az automatiz\u00e1lt gy\u00e1rt\u00f3sorokon a karhengert robotkarok mozgat\u00e1s\u00e1ra haszn\u00e1lj\u00e1k olyan folyamatokban, mint az \u00f6sszeszerel\u00e9s, hegeszt\u00e9s \u00e9s anyagmozgat\u00e1s, jav\u00edtva a termel\u00e9si hat\u00e9konys\u00e1got \u00e9s a pontoss\u00e1got.<\/p>\n<p>3. Mez\u0151gazdas\u00e1gi g\u00e9pek<\/p>\n<p>A mez\u0151gazdas\u00e1gi g\u00e9pekben, p\u00e9ld\u00e1ul a betakar\u00edt\u00f3g\u00e9pekben \u00e9s a vet\u0151g\u00e9pekben a karhenger vez\u00e9rli a m\u0171k\u00f6dtet\u0151 karok mozg\u00e1s\u00e1t olyan feladatokhoz, mint a vet\u00e9s, a m\u0171tr\u00e1gy\u00e1z\u00e1s \u00e9s a betakar\u00edt\u00e1s.<\/p>\n<p>4. B\u00e1ny\u00e1szat<\/p>\n<p>A b\u00e1ny\u00e1szati \u200b\u200bberendez\u00e9sekben a karhenger vez\u00e9rli a b\u00e1ny\u00e1szati \u200b\u200bg\u00e9pek karj\u00e1nak mozg\u00e1s\u00e1t az \u00e9rc kitermel\u00e9se \u00e9s sz\u00e1ll\u00edt\u00e1sa sor\u00e1n.<\/p>\n<p>5. Logisztika \u00e9s sz\u00e1ll\u00edt\u00e1s<\/p>\n<p>Targonc\u00e1kban \u00e9s anyagmozgat\u00f3 robotokban a karhenger a vill\u00e1k emel\u00e9s\u00e9nek \u00e9s mozg\u00e1s\u00e1nak vez\u00e9rl\u00e9s\u00e9re szolg\u00e1l, megk\u00f6nny\u00edtve az anyagmozgat\u00e1st \u00e9s a rakod\u00e1st.<\/p>\n<p><img decoding=\"async\" src=\"https:\/\/www.hydraulic-cylinders.net\/wp-content\/uploads\/2025\/01\/songte-cylinder-head-with-all-kinds-excavator-models.webp\"><\/p>\n<h3>Tervez\u00e9si szempontok \u00e9s kiv\u00e1laszt\u00e1si krit\u00e9riumok<\/h3>\n<p>A hengerfej kialak\u00edt\u00e1s\u00e1n\u00e1l sz\u00e1mos fontos t\u00e9nyez\u0151t kell figyelembe venni:<\/p>\n<ul>\n<li>Teherb\u00edr\u00e1s: A karhengert \u00fagy kell megtervezni, hogy ellen\u00e1lljon a tervezett terhel\u00e9snek, \u00e9s biztos\u00edtsa a biztons\u00e1gos \u00e9s hat\u00e9kony m\u0171k\u00f6d\u00e9st.<\/li>\n<li>T\u00f6m\u00edt\u00e9s: K\u00fcl\u00f6nb\u00f6z\u0151 t\u00f6m\u00edt\u0151elemeket, p\u00e9ld\u00e1ul dugatty\u00fat\u00f6m\u00edt\u00e9seket \u00e9s r\u00fadt\u00f6m\u00edt\u00e9seket haszn\u00e1lnak a hat\u00e9kony t\u00f6m\u00edt\u00e9s biztos\u00edt\u00e1s\u00e1ra. Ezek a t\u00f6m\u00edt\u00e9sek gyakran tart\u00f3s anyagokb\u00f3l, p\u00e9ld\u00e1ul poliuret\u00e1nb\u00f3l \u00e9s nitrilgumib\u00f3l k\u00e9sz\u00fclnek.<\/li>\n<li>Tart\u00f3ss\u00e1g: A hengertest \u00e9s a menetes v\u00e9gek gondos fel\u00fcletkezel\u00e9sen esnek \u00e1t a kop\u00e1s\u00e1ll\u00f3s\u00e1g fokoz\u00e1sa \u00e9s a henger \u00e9lettartam\u00e1nak meghosszabb\u00edt\u00e1sa \u00e9rdek\u00e9ben.<\/li>\n<li>Biztons\u00e1g: A balesetek megel\u0151z\u00e9se \u00e9s a kezel\u0151 biztons\u00e1g\u00e1nak garant\u00e1l\u00e1sa \u00e9rdek\u00e9ben a tervez\u00e9sbe be kell \u00e9p\u00edteni olyan biztons\u00e1gi funkci\u00f3kat, mint a nyom\u00e1scs\u00f6kkent\u0151 szelepek \u00e9s a v\u00e9szle\u00e1ll\u00edt\u00f3 mechanizmusok.<\/li>\n<li>Karbantarthat\u00f3s\u00e1g: A tervez\u00e9si szempontoknak magukban kell foglalniuk a karbantart\u00e1s \u00e9s jav\u00edt\u00e1s c\u00e9lj\u00e1b\u00f3l t\u00f6rt\u00e9n\u0151 k\u00f6nny\u0171 hozz\u00e1f\u00e9r\u00e9st, az \u00e1ll\u00e1sid\u0151 minimaliz\u00e1l\u00e1s\u00e1t \u00e9s a henger \u00e9lettartam\u00e1nak optimaliz\u00e1l\u00e1s\u00e1t.<\/li>\n<\/ul>\n<p><img decoding=\"async\" src=\"https:\/\/www.hydraulic-cylinders.net\/wp-content\/uploads\/2025\/01\/songte-chushion-collar.webp\"><\/p>\n<p>A t\u00f6m\u00edt\u00e9sek \u00e9s a ken\u00e9s l\u00e9tfontoss\u00e1g\u00fa szerepet j\u00e1tszanak a karhenger megfelel\u0151 m\u0171k\u00f6d\u00e9s\u00e9ben. K\u00fcl\u00f6nb\u00f6z\u0151 t\u00f6m\u00edt\u0151elemeket, p\u00e9ld\u00e1ul dugatty\u00fat\u00f6m\u00edt\u00e9seket \u00e9s r\u00fadt\u00f6m\u00edt\u00e9seket haszn\u00e1lnak a sziv\u00e1rg\u00e1s megakad\u00e1lyoz\u00e1s\u00e1ra \u00e9s a z\u00f6kken\u0151mentes m\u0171k\u00f6d\u00e9s biztos\u00edt\u00e1s\u00e1ra. Ezek a t\u00f6m\u00edt\u00e9sek jellemz\u0151en kop\u00e1s\u00e1ll\u00f3 anyagokb\u00f3l, p\u00e9ld\u00e1ul poliuret\u00e1nb\u00f3l vagy nitrilgumib\u00f3l k\u00e9sz\u00fclnek. Ezenk\u00edv\u00fcl a hengertest \u00e9s a menetes v\u00e9gek apr\u00f3l\u00e9kos fel\u00fcletkezel\u00e9sen esnek \u00e1t a kop\u00e1s\u00e1ll\u00f3s\u00e1g jav\u00edt\u00e1sa \u00e9rdek\u00e9ben. A megfelel\u0151 hidraulikaolajjal t\u00f6rt\u00e9n\u0151 rendszeres ken\u00e9s sz\u00fcks\u00e9ges az optim\u00e1lis teljes\u00edtm\u00e9ny fenntart\u00e1s\u00e1hoz \u00e9s a henger \u00e9lettartam\u00e1nak meghosszabb\u00edt\u00e1s\u00e1hoz.<\/p>\n<p>A karhenger megfelel\u0151 m\u0171k\u00f6d\u00e9s\u00e9nek biztos\u00edt\u00e1sa \u00e9s a lehets\u00e9ges probl\u00e9m\u00e1k minimaliz\u00e1l\u00e1sa \u00e9rdek\u00e9ben rendszeres ellen\u0151rz\u00e9seket \u00e9s megel\u0151z\u0151 karbantart\u00e1si int\u00e9zked\u00e9seket kell v\u00e9grehajtani:<\/p>\n<ul>\n<li>Vizsg\u00e1lja meg a t\u00f6m\u00edt\u00e9seket kop\u00e1s vagy s\u00e9r\u00fcl\u00e9s szempontj\u00e1b\u00f3l, \u00e9s sz\u00fcks\u00e9g eset\u00e9n cser\u00e9lje ki.<\/li>\n<li>Ellen\u0151rizze, hogy nincs-e sziv\u00e1rg\u00e1sra utal\u00f3 jel, \u00e9s azonnal oldja meg a probl\u00e9m\u00e1t.<\/li>\n<li>Figyelje a hidraulikus rendszer nyom\u00e1s\u00e1t, \u00e9s \u00fcgyeljen arra, hogy az az aj\u00e1nlott tartom\u00e1nyon bel\u00fcl maradjon.<\/li>\n<li>Rendszeresen tiszt\u00edtsa a hengert, hogy megakad\u00e1lyozza a szennyez\u0151d\u00e9s \u00e9s t\u00f6rmel\u00e9k felhalmoz\u00f3d\u00e1s\u00e1t.<\/li>\n<li>K\u00f6vesse a gy\u00e1rt\u00f3 karbantart\u00e1si id\u0151k\u00f6z\u00f6kre \u00e9s elj\u00e1r\u00e1sokra vonatkoz\u00f3 aj\u00e1nl\u00e1sait.<\/li>\n<\/ul>\n<p><strong>Telep\u00edt\u00e9si \u00fatmutat\u00f3:<\/strong><\/p>\n<ol>\n<li>Gy\u0151z\u0151dj\u00f6n meg arr\u00f3l, hogy a berendez\u00e9s ki van kapcsolva \u00e9s stabil helyzetben van.<\/li>\n<li>\u00d3vatosan helyezze a karhengert a k\u00edv\u00e1nt helyre.<\/li>\n<li>R\u00f6gz\u00edtse biztons\u00e1gosan a hengert a megfelel\u0151 r\u00f6gz\u00edt\u0151konzolok \u00e9s szerelv\u00e9nyek seg\u00edts\u00e9g\u00e9vel.<\/li>\n<li>Csatlakoztassa a hidraulikat\u00f6ml\u0151ket a hengerhez, \u00fcgyelve a megfelel\u0151 illeszt\u00e9sre \u00e9s a szoros csatlakoz\u00e1sokra.<\/li>\n<li>Ellen\u0151rizze k\u00e9tszer az \u00f6sszes csatlakoz\u00e1st \u00e9s szerelv\u00e9nyt sziv\u00e1rg\u00e1s szempontj\u00e1b\u00f3l.<\/li>\n<li>A telep\u00edt\u00e9s befejez\u00e9se ut\u00e1n v\u00e9gezzen alapos tesztet a megfelel\u0151 m\u0171k\u00f6d\u00e9s biztos\u00edt\u00e1sa \u00e9rdek\u00e9ben.<\/li>\n<\/ol>\n<p><img decoding=\"async\" src=\"https:\/\/www.hydraulic-cylinders.net\/wp-content\/uploads\/2025\/01\/songte-bushings-with-all-kinds-of-excavator-models.webp\"><\/p>\n<p>A biztons\u00e1gi \u00e9s k\u00f6rnyezeti t\u00e9nyez\u0151k figyelembev\u00e9tele kulcsfontoss\u00e1g\u00fa a karhenger haszn\u00e1latakor. A karhengerrel felszerelt g\u00e9pek \u00fczemeltet\u00e9sekor elengedhetetlen a megfelel\u0151 biztons\u00e1gi int\u00e9zked\u00e9sek v\u00e9grehajt\u00e1sa. Ez mag\u00e1ban foglalja a biztons\u00e1gi ir\u00e1nyelvek betart\u00e1s\u00e1t, a kezel\u0151k megfelel\u0151 k\u00e9pz\u00e9s\u00e9t \u00e9s a szem\u00e9lyi v\u00e9d\u0151felszerel\u00e9sek haszn\u00e1lat\u00e1t. Tov\u00e1bb\u00e1 a hidraulikus folyad\u00e9kok megfelel\u0151 \u00e1rtalmatlan\u00edt\u00e1sa \u00e9s a k\u00f6rnyezetv\u00e9delmi el\u0151\u00edr\u00e1sok betart\u00e1sa sz\u00fcks\u00e9ges a k\u00f6rnyez\u0151 k\u00f6rnyezetre gyakorolt \u200b\u200bhat\u00e1s minimaliz\u00e1l\u00e1sa \u00e9rdek\u00e9ben.<\/p>\n<p>A karhengerrel kapcsolatos lehets\u00e9ges probl\u00e9m\u00e1k diagnosztiz\u00e1l\u00e1sakor \u00e9s hibaelh\u00e1r\u00edt\u00e1sakor fontos figyelembe venni a k\u00f6vetkez\u0151ket:<\/p>\n<ul>\n<li>Azonos\u00edtsa a m\u0171k\u00f6d\u00e9s k\u00f6zben fell\u00e9p\u0151 rendellenes zajokat vagy rezg\u00e9seket.<\/li>\n<li>Ellen\u0151rizze a hidraulikus rendszer sziv\u00e1rg\u00e1sait, \u00e9s azonnal jav\u00edtsa ki azokat.<\/li>\n<li>Vizsg\u00e1lja meg a t\u00f6m\u00edt\u00e9seket \u00e9s t\u00f6m\u00edt\u0151gy\u0171r\u0171ket kop\u00e1s vagy s\u00e9r\u00fcl\u00e9s szempontj\u00e1b\u00f3l, \u00e9s sz\u00fcks\u00e9g eset\u00e9n cser\u00e9lje ki \u0151ket.<\/li>\n<li>Biztos\u00edtsa a mozg\u00f3 alkatr\u00e9szek megfelel\u0151 ken\u00e9s\u00e9t.<\/li>\n<li>Ellen\u0151rizze a hidraulikus rendszer nyom\u00e1s\u00e1t, \u00e9s sz\u00fcks\u00e9g eset\u00e9n \u00e1ll\u00edtsa be.<\/li>\n<\/ul>\n<p>Hiba eset\u00e9n a k\u00f6vetkez\u0151 tippek \u00e9s megold\u00e1sok seg\u00edthetnek a probl\u00e9m\u00e1k hat\u00e9kony diagnosztiz\u00e1l\u00e1s\u00e1ban \u00e9s megold\u00e1s\u00e1ban:<\/p>\n<ul>\n<li>Zaj vagy rezg\u00e9s: Ellen\u0151rizze a laza csatlakoz\u00e1sokat, s\u00e9r\u00fclt t\u00f6m\u00edt\u00e9seket vagy hib\u00e1s be\u00e1ll\u00edt\u00e1st. H\u00fazza meg a csatlakoz\u00e1sokat, cser\u00e9lje ki a t\u00f6m\u00edt\u00e9seket, vagy igaz\u00edtsa be az alkatr\u00e9szeket sz\u00fcks\u00e9g szerint.<\/li>\n<li>Sziv\u00e1rg\u00e1s: Ellen\u0151rizze az \u00f6sszes csatlakoz\u00e1st, t\u00f6m\u00edt\u00e9st \u00e9s t\u00f6ml\u0151t s\u00e9r\u00fcl\u00e9s vagy kop\u00e1s szempontj\u00e1b\u00f3l. H\u00fazza meg a csatlakoz\u00e1sokat, vagy cser\u00e9lje ki a hib\u00e1s alkatr\u00e9szeket.<\/li>\n<li>Lass\u00fa vagy nem hat\u00e9kony m\u0171k\u00f6d\u00e9s: Ellen\u0151rizze a hidraulikus rendszer nyom\u00e1s\u00e1t \u00e9s folyad\u00e9kszintj\u00e9t. \u00c1ll\u00edtsa be a nyom\u00e1st, \u00e9s sz\u00fcks\u00e9g eset\u00e9n t\u00f6ltse fel vagy cser\u00e9lje ki a hidraulikafolyad\u00e9kot.<\/li>\n<li>Hi\u00e1nyos mozg\u00e1s: Vizsg\u00e1lja meg a hengert, hogy nincs-e rajta akad\u00e1ly vagy mechanikai probl\u00e9ma. T\u00e1vol\u00edtsa el az akad\u00e1lyokat, vagy cser\u00e9lje ki a s\u00e9r\u00fclt alkatr\u00e9szeket.<\/li>\n<\/ul>\n<p><img decoding=\"async\" src=\"https:\/\/www.hydraulic-cylinders.net\/wp-content\/uploads\/2025\/01\/songte-chushion-collar.webp\"><\/p>\n<p>Professzion\u00e1lis gy\u00e1rt\u00f3k\u00e9nt k\u00edn\u00e1lunk p\u00f3talkatr\u00e9szk\u00e9nt hidraulikus hengereket, sz\u00e9les term\u00e9kv\u00e1laszt\u00e9kkal. A hazai \u00e9s nemzetk\u00f6zi piacok egyik vezet\u0151 hidraulikus hengergy\u00e1rt\u00f3jak\u00e9nt \u00e9s nagykereskedelmi forgalmaz\u00f3jak\u00e9nt a kiv\u00e1l\u00f3 min\u0151s\u00e9get helyezz\u00fck el\u0151t\u00e9rbe. Kifinomult gy\u00e1rt\u00f3m\u0171helyeinkkel \u00e9s iparos\u00edtott termel\u00e9sir\u00e1ny\u00edt\u00e1si strat\u00e9gi\u00e1inkkal folyamatosan fejlesztj\u00fck technol\u00f3giai k\u00e9pess\u00e9geinket \u00e9s termel\u00e9si hat\u00e9konys\u00e1gunkat. Fejlett digit\u00e1lis gy\u00e1rt\u00f3berendez\u00e9sek \u00e9s professzion\u00e1lis tesztel\u0151rendszerek bevezet\u00e9s\u00e9vel optimaliz\u00e1ljuk gy\u00e1rt\u00e1si platformunkat, t\u00f6k\u00e9letes\u00edtj\u00fck term\u00e9kmin\u0151s\u00e9g-ellen\u0151rz\u00e9si folyamatainkat, \u00e9s er\u0151s innov\u00e1ci\u00f3s k\u00e9pess\u00e9gekkel rendelkez\u00fcnk. C\u00e9lunk, hogy hat\u00e9kony, prec\u00edz \u00e9s kiv\u00e1l\u00f3 min\u0151s\u00e9g\u0171 term\u00e9kekkel el\u00e9g\u00edts\u00fck ki \u00fcgyfeleink soksz\u00edn\u0171 ig\u00e9nyeit.<\/p>\n<h3>C\u00e9g\u00fcnkr\u0151l<\/h3>\n<p>Professzionalizmus: Szak\u00e9rt\u0151k vagyunk a hidraulikus hengerek gy\u00e1rt\u00e1s\u00e1ban, t\u00f6bb \u00e9ves tapasztalattal \u00e9s szak\u00e9rtelemmel a h\u00e1tunk m\u00f6g\u00f6tt.<\/p>\n<p>Nemzetk\u00f6zi tan\u00fas\u00edtv\u00e1nyok: Term\u00e9keink megfelelnek a nemzetk\u00f6zi min\u0151s\u00e9gi \u00e9s biztons\u00e1gi szabv\u00e1nyoknak, biztos\u00edtva a megb\u00edzhat\u00f3s\u00e1got \u00e9s a teljes\u00edtm\u00e9nyt.<\/p>\n<p>Testreszab\u00e1si szolg\u00e1ltat\u00e1sok: Egyedi hidraulikus henger megold\u00e1sokat k\u00edn\u00e1lunk<\/p>","protected":false},"excerpt":{"rendered":"<p>Arm Cylinder For Xinyuan Crawler Excavator XY60-8 Arm Cylinder is a specially designed hydraulic cylinder that is primarily used to provide linear motion and power to the arms of various types of machinery such as excavators, cranes, and robotic arms. The arm cylinder plays a crucial role in hydraulic systems, enabling the efficient movement and [&hellip;]<\/p>","protected":false},"featured_media":14772,"comment_status":"open","ping_status":"closed","template":"","meta":{"_et_pb_use_builder":"","_et_pb_old_content":"","_et_gb_content_width":""},"product_brand":[],"product_cat":[1497],"product_tag":[1498,1496],"class_list":{"0":"post-16802","1":"product","2":"type-product","3":"status-publish","4":"has-post-thumbnail","6":"product_cat-arm-cylinders","7":"product_tag-arm-cylinders","8":"product_tag-hydraulic-cylinders","10":"first","11":"instock","12":"shipping-taxable","13":"product-type-simple"},"amp_enabled":true,"_links":{"self":[{"href":"https:\/\/www.hydraulic-cylinders.net\/hu\/wp-json\/wp\/v2\/product\/16802","targetHints":{"allow":["GET"]}}],"collection":[{"href":"https:\/\/www.hydraulic-cylinders.net\/hu\/wp-json\/wp\/v2\/product"}],"about":[{"href":"https:\/\/www.hydraulic-cylinders.net\/hu\/wp-json\/wp\/v2\/types\/product"}],"replies":[{"embeddable":true,"href":"https:\/\/www.hydraulic-cylinders.net\/hu\/wp-json\/wp\/v2\/comments?post=16802"}],"wp:featuredmedia":[{"embeddable":true,"href":"https:\/\/www.hydraulic-cylinders.net\/hu\/wp-json\/wp\/v2\/media\/14772"}],"wp:attachment":[{"href":"https:\/\/www.hydraulic-cylinders.net\/hu\/wp-json\/wp\/v2\/media?parent=16802"}],"wp:term":[{"taxonomy":"product_brand","embeddable":true,"href":"https:\/\/www.hydraulic-cylinders.net\/hu\/wp-json\/wp\/v2\/product_brand?post=16802"},{"taxonomy":"product_cat","embeddable":true,"href":"https:\/\/www.hydraulic-cylinders.net\/hu\/wp-json\/wp\/v2\/product_cat?post=16802"},{"taxonomy":"product_tag","embeddable":true,"href":"https:\/\/www.hydraulic-cylinders.net\/hu\/wp-json\/wp\/v2\/product_tag?post=16802"}],"curies":[{"name":"munkaf\u00fczet","href":"https:\/\/api.w.org\/{rel}","templated":true}]}}