{"id":16832,"date":"2025-01-21T05:57:43","date_gmt":"2025-01-21T05:57:43","guid":{"rendered":"https:\/\/www.hydraulic-cylinders.net\/product\/arm-cylinder-for-volwa-cane-unloader-dls880-9ag\/"},"modified":"2025-01-21T05:57:45","modified_gmt":"2025-01-21T05:57:45","slug":"arm-cylinder-for-volwa-cane-unloader-dls880-9ag","status":"publish","type":"product","link":"https:\/\/www.hydraulic-cylinders.net\/hu\/termek\/arm-cylinder-for-volwa-cane-unloader-dls880-9ag\/","title":{"rendered":"Karhenger a Volwa n\u00e1dkihord\u00f3hoz DLS880-9AG"},"content":{"rendered":"<p>Karhenger a Volwa DLS880-9AG n\u00e1dkihord\u00f3hoz<\/p>\n<p>A Volwa DLS880-9AG n\u00e1dkihord\u00f3 karhengere egy speci\u00e1lis hidraulikus henger, amelyet k\u00fcl\u00f6nf\u00e9le g\u00e9pkarok, p\u00e9ld\u00e1ul kotr\u00f3g\u00e9pek, daruk \u00e9s mechanikus karok line\u00e1ris mozg\u00e1s\u00e1nak \u00e9s teljes\u00edtm\u00e9ny\u00e9nek biztos\u00edt\u00e1s\u00e1ra terveztek. A karhengerek kritikus szerepet j\u00e1tszanak a hidraulikus rendszerekben, lehet\u0151v\u00e9 t\u00e9ve a tov\u00e1bbi szersz\u00e1mok vagy tartoz\u00e9kok mozg\u00e1s\u00e1t \u00e9s hat\u00e9kony vez\u00e9rl\u00e9s\u00e9t. Ezek a hengerek nemcsak sima mozg\u00e1st biztos\u00edtanak, hanem nagy terhel\u00e9seket is elviselnek, biztos\u00edtva a g\u00e9pek hat\u00e9kony m\u0171k\u00f6d\u00e9s\u00e9t \u00e9s megb\u00edzhat\u00f3s\u00e1g\u00e1t k\u00fcl\u00f6nb\u00f6z\u0151 \u00fczemi k\u00f6r\u00fclm\u00e9nyek k\u00f6z\u00f6tt.<\/p>\n<p>Defin\u00edci\u00f3 \u00e9s magyar\u00e1zat<\/p>\n<p>A karhengerek hidraulikus hengerek, amelyek k\u00f6zvetlen line\u00e1ris mozg\u00e1st \u00e9s er\u0151t biztos\u00edtanak k\u00fcl\u00f6nf\u00e9le g\u00e9pkaroknak. Ezek a hengerek kulcsfontoss\u00e1g\u00fa szerepet j\u00e1tszanak minden olyan g\u00e9p z\u00f6kken\u0151mentes m\u0171k\u00f6d\u00e9s\u00e9ben, amely line\u00e1ris mozg\u00e1st ig\u00e9nyel, bele\u00e9rtve a darukat, kotr\u00f3g\u00e9peket \u00e9s mechanikus karokat. Funkci\u00f3juk alapj\u00e1n k\u00fcl\u00f6nb\u00f6z\u0151 t\u00edpusokba sorolhat\u00f3k, p\u00e9ld\u00e1ul egyszeres m\u0171k\u00f6d\u00e9s\u0171, kett\u0151s m\u0171k\u00f6d\u00e9s\u0171 \u00e9s teleszk\u00f3pos hengerek.<\/p>\n<p>A karos munkahengerek \u00e1ltal\u00e1ban nagy szil\u00e1rds\u00e1g\u00fa anyagokb\u00f3l, p\u00e9ld\u00e1ul ac\u00e9lb\u00f3l k\u00e9sz\u00fclnek, \u00e9s \u00fagy vannak kialak\u00edtva, hogy ellen\u00e1lljanak a nagy terhel\u00e9seknek. Minim\u00e1lis karbantart\u00e1st ig\u00e9nyelnek, \u00edgy ide\u00e1lisak zord k\u00f6rnyezetben val\u00f3 haszn\u00e1latra. Ezenk\u00edv\u00fcl hihetetlen\u00fcl sokoldal\u00faak, \u00e9s k\u00fcl\u00f6nb\u00f6z\u0151 t\u00edpus\u00fa g\u00e9pekkel haszn\u00e1lhat\u00f3k, \u00edgy n\u00e9pszer\u0171 v\u00e1laszt\u00e1snak sz\u00e1m\u00edtanak a k\u00fcl\u00f6nb\u00f6z\u0151 ipar\u00e1gakban.<\/p>\n<p>Jellemz\u0151k<\/p>\n<p>A Volwa DLS880-9AG n\u00e1dsz\u00e1ll\u00edt\u00f3 kar munkahengere sz\u00e1mos olyan tulajdons\u00e1ggal rendelkezik, amelyek ide\u00e1lis v\u00e1laszt\u00e1ss\u00e1 teszik a k\u00fcl\u00f6nf\u00e9le ipar\u00e1gak sz\u00e1m\u00e1ra. N\u00e9h\u00e1ny jelent\u0151s jellemz\u0151je:<\/p>\n<p>1. Nagy hat\u00e9konys\u00e1g\u00fa er\u0151\u00e1tvitel: A karhenger er\u0151teljes line\u00e1ris mozg\u00e1st \u00e9s er\u0151t biztos\u00edt, biztos\u00edtva a g\u00e9pkar nagy hat\u00e9konys\u00e1g\u00e1t \u00e9s teljes\u00edtm\u00e9ny\u00e9t m\u0171k\u00f6d\u00e9s k\u00f6zben.<\/p>\n<p>2. Prec\u00edz vez\u00e9rl\u00e9s: Hidraulikus rendszerek seg\u00edts\u00e9g\u00e9vel a karhengerek prec\u00edz mozg\u00e1svez\u00e9rl\u00e9st \u00e9rhetnek el, \u00edgy a kieg\u00e9sz\u00edt\u0151 szersz\u00e1mok m\u0171k\u00f6dtet\u00e9se rugalmasabb \u00e9s pontosabb.<\/p>\n<p>3. Nagy tart\u00f3ss\u00e1g: A karos munkahengerek \u00e1ltal\u00e1ban nagy szil\u00e1rds\u00e1g\u00fa anyagokb\u00f3l k\u00e9sz\u00fclnek, \u00edgy rendk\u00edv\u00fcl ellen\u00e1ll\u00f3ak a kop\u00e1ssal \u00e9s a korr\u00f3zi\u00f3val szemben, \u00e9s alkalmasak a hossz\u00fa t\u00e1v\u00fa haszn\u00e1latra zord k\u00f6rnyezetben.<\/p>\n<p>4. T\u00f6bbfunkci\u00f3s alkalmazkod\u00f3k\u00e9pess\u00e9g: Ezek a munkahengerek sz\u00e1mos g\u00e9pipari berendez\u00e9sben haszn\u00e1lhat\u00f3k, p\u00e9ld\u00e1ul kotr\u00f3g\u00e9pekben, darukban \u00e9s mechanikus karokban, hogy megfeleljenek a k\u00fcl\u00f6nb\u00f6z\u0151 munkak\u00f6vetelm\u00e9nyeknek.<\/p>\n<p>5. K\u00f6nny\u0171 karbantart\u00e1s: A karhengerek kialak\u00edt\u00e1sa egyszer\u0171 karbantart\u00e1st \u00e9s cser\u00e9t biztos\u00edt, \u00edgy k\u00e9nyelmesen elv\u00e9gezhet\u0151k a rendszeres ellen\u0151rz\u00e9sek \u00e9s karbantart\u00e1s, ez\u00e1ltal cs\u00f6kkentve a berendez\u00e9sek \u00e1ll\u00e1sidej\u00e9t.<\/p>\n<p>Termel\u00e9s<\/p>\n<p>C\u00e9g\u00fcnk a Volwa DLS880-9AG n\u00e1dkihord\u00f3 karhenger\u00e9t a legmagasabb min\u0151s\u00e9gben \u00e9s megfizethet\u0151 \u00e1ron tudja gy\u00e1rtani. Term\u00e9keink k\u00e9pesek t\u00f6k\u00e9letesen helyettes\u00edteni a k\u00fcl\u00f6nf\u00e9le hidraulikus hengereket, \u00edgy megb\u00edzhat\u00f3 v\u00e1laszt\u00e1s vagyunk \u00fcgyfeleink sz\u00e1m\u00e1ra.<\/p>\n<p>Alkalmaz\u00e1sok<\/p>\n<p>A karos munkahengerek k\u00fcl\u00f6nb\u00f6z\u0151 ipar\u00e1gakban k\u00fcl\u00f6nb\u00f6z\u0151 alkalmaz\u00e1si ter\u00fcleteket tal\u00e1lnak, ezek k\u00f6z\u00fcl n\u00e9h\u00e1ny:<\/p>\n<p>1. \u00c9p\u00edt\u0151ipar: A karhengerek szab\u00e1lyozz\u00e1k a kotr\u00f3g\u00e9pek \u00e9s daruk kan\u00e1l\u00e1nak vagy g\u00e9mj\u00e9nek mozg\u00e1s\u00e1t, lehet\u0151v\u00e9 t\u00e9ve sz\u00e1mukra f\u00f6ldmunk\u00e1k, anyagmozgat\u00e1s \u00e9s szerkezeti szerel\u00e9sek elv\u00e9gz\u00e9s\u00e9t.<\/p>\n<p>2. Gy\u00e1rt\u00f3ipar: A karhengereket automatiz\u00e1lt gy\u00e1rt\u00f3sorokon haszn\u00e1lj\u00e1k a mechanikus karok mozg\u00e1s\u00e1nak vez\u00e9rl\u00e9s\u00e9re, n\u00f6velve a termel\u00e9si hat\u00e9konys\u00e1got \u00e9s a pontoss\u00e1got.<\/p>\n<p>3. Mez\u0151gazdas\u00e1gi g\u00e9pek: A karhengerek szab\u00e1lyozz\u00e1k a m\u0171k\u00f6dtet\u0151 kar mozg\u00e1s\u00e1t a mez\u0151gazdas\u00e1gi g\u00e9pekben, p\u00e9ld\u00e1ul a betakar\u00edt\u00f3g\u00e9pekben \u00e9s a vet\u0151g\u00e9pekben, lehet\u0151v\u00e9 t\u00e9ve sz\u00e1mukra olyan feladatok elv\u00e9gz\u00e9s\u00e9t, mint a vet\u00e9s, a tr\u00e1gy\u00e1z\u00e1s \u00e9s a betakar\u00edt\u00e1s.<\/p>\n<p>4. B\u00e1ny\u00e1szat: A karhengerek szab\u00e1lyozz\u00e1k a b\u00e1ny\u00e1szati \u200b\u200bberendez\u00e9sek karj\u00e1nak mozg\u00e1s\u00e1t, lehet\u0151v\u00e9 t\u00e9ve sz\u00e1mukra olyan feladatok elv\u00e9gz\u00e9s\u00e9t, mint az \u00e9rcb\u00e1ny\u00e1szat \u00e9s -sz\u00e1ll\u00edt\u00e1s.<\/p>\n<p>5. Logistics and Transportation: Arm cylinders control the movement of the forklift&#8217;s forks, allowing them to transport and stack materials.<\/p>\n<p>Tervez\u00e9si \u00e9s kiv\u00e1laszt\u00e1si szabv\u00e1nyok<\/p>\n<p>A karhengerek tervez\u00e9s\u00e9n\u00e9l \u00e9s kiv\u00e1laszt\u00e1s\u00e1n\u00e1l sz\u00e1mos t\u00e9nyez\u0151t kell figyelembe venni, bele\u00e9rtve a teherb\u00edr\u00e1st, a t\u00f6m\u00edt\u00e9st, a tart\u00f3ss\u00e1got, a biztons\u00e1got \u00e9s a karbantart\u00e1s egyszer\u0171s\u00e9g\u00e9t.<\/p>\n<p>1. Teherb\u00edr\u00e1s: A karhengereknek k\u00e9pesnek kell lenni\u00fck arra, hogy elb\u00edrj\u00e1k az \u00e1ltaluk tartott berendez\u00e9s s\u00faly\u00e1t.<\/p>\n<p>2. T\u00f6m\u00edt\u00e9s: A karhengereknek megfelel\u0151 t\u00f6m\u00edt\u00e9ssel kell rendelkezni\u00fck a folyad\u00e9ksziv\u00e1rg\u00e1s megakad\u00e1lyoz\u00e1sa \u00e9s a nyom\u00e1s fenntart\u00e1sa \u00e9rdek\u00e9ben.<\/p>\n<p>3. Tart\u00f3ss\u00e1g: A karhengereknek el\u00e9g tart\u00f3snak kell lenni\u00fck ahhoz, hogy ellen\u00e1lljanak a zord munkak\u00f6r\u00fclm\u00e9nyeknek, \u00e9s hossz\u00fa ideig hat\u00e9konyan m\u0171k\u00f6djenek.<\/p>\n<p>4. Biztons\u00e1g: A karhengereknek meg kell felelni\u00fck a sz\u00fcks\u00e9ges biztons\u00e1gi el\u0151\u00edr\u00e1soknak a balesetek \u00e9s s\u00e9r\u00fcl\u00e9sek elker\u00fcl\u00e9se \u00e9rdek\u00e9ben.<\/p>\n<p>5. Karbantart\u00e1s egyszer\u0171s\u00e9ge: A karhengereknek k\u00f6nnyen karbantarthat\u00f3knak \u00e9s cser\u00e9lhet\u0151knek kell lenni\u00fck a berendez\u00e9sek \u00e1ll\u00e1sidej\u00e9nek cs\u00f6kkent\u00e9se \u00e9s a maxim\u00e1lis hat\u00e9konys\u00e1g biztos\u00edt\u00e1sa \u00e9rdek\u00e9ben.<\/p>\n<p>T\u00f6m\u00edt\u00e9s \u00e9s ken\u00e9s<\/p>\n<p>A karos munkahengerek k\u00fcl\u00f6nf\u00e9le t\u00f6m\u00edt\u00e9seket ig\u00e9nyelnek, p\u00e9ld\u00e1ul dugatty\u00fat\u00f6m\u00edt\u00e9seket \u00e9s r\u00fadt\u00f6m\u00edt\u00e9seket a folyad\u00e9ksziv\u00e1rg\u00e1s megakad\u00e1lyoz\u00e1sa \u00e9rdek\u00e9ben. Ezek a t\u00f6m\u00edt\u00e9sek kop\u00e1s\u00e1ll\u00f3 anyagokb\u00f3l, p\u00e9ld\u00e1ul poliuret\u00e1nb\u00f3l \u00e9s nitrilgumib\u00f3l k\u00e9sz\u00fclnek. A hengertestet \u00e9s a menetes v\u00e9gfel\u00fcletet prec\u00edzen megmunk\u00e1lj\u00e1k a kop\u00e1s\u00e1ll\u00f3s\u00e1g jav\u00edt\u00e1sa \u00e9rdek\u00e9ben, \u00e9s ken\u00e9shez szok\u00e1sos hidraulikaolajat kell hozz\u00e1adni.<\/p>\n<p>Karbantart\u00e1s \u00e9s megel\u0151z\u0151 int\u00e9zked\u00e9sek<\/p>\n<p>A rendszeres ellen\u0151rz\u00e9sek \u00e9s a megel\u0151z\u0151 karbantart\u00e1s elengedhetetlen a karhengerek hat\u00e9kony m\u0171k\u00f6d\u00e9s\u00e9hez. N\u00e9h\u00e1ny a megel\u0151z\u0151 int\u00e9zked\u00e9sek k\u00f6z\u00fcl:<\/p>\n<p>1. A karhenger rendszeres ellen\u0151rz\u00e9se \u00e9s karbantart\u00e1sa a kop\u00e1s \u00e9s elhaszn\u00e1l\u00f3d\u00e1s megel\u0151z\u00e9se \u00e9rdek\u00e9ben.<\/p>\n<p>2. Kiv\u00e1l\u00f3 min\u0151s\u00e9g\u0171 hidraulikaolaj haszn\u00e1lata ken\u00e9shez.<\/p>\n<p>3. A t\u00f6m\u00edt\u00e9sek rendszeres cser\u00e9je a folyad\u00e9ksziv\u00e1rg\u00e1s megel\u0151z\u00e9se \u00e9rdek\u00e9ben.<\/p>\n<p>4. A karhenger megfelel\u0151 t\u00e1rol\u00e1sa haszn\u00e1laton k\u00edv\u00fcl a s\u00e9r\u00fcl\u00e9sek elker\u00fcl\u00e9se \u00e9rdek\u00e9ben.<\/p>\n<p>Telep\u00edt\u00e9si \u00fatmutat\u00f3<\/p>\n<p>A Volwa DLS880-9AG n\u00e1dsz\u00e1ll\u00edt\u00f3 karhenger\u00e9nek megfelel\u0151 telep\u00edt\u00e9s\u00e9hez k\u00f6vesse az al\u00e1bbi telep\u00edt\u00e9si \u00fatmutat\u00f3t:<\/p>\n<p>1. Install the cylinder according to the machine&#8217;s specifications.<\/p>\n<p>2. A telep\u00edt\u00e9s sor\u00e1n \u00fcgyeljen a henger megfelel\u0151 be\u00e1ll\u00edt\u00e1s\u00e1ra.<\/p>\n<p>3. Check the cylinder&#8217;s mounting surfaces to ensure they are free from dirt and debris.<\/p>\n<p>4. H\u00fazza meg a r\u00f6gz\u00edt\u0151csavarokat az aj\u00e1nlott nyomat\u00e9kkal.<\/p>\n<p>Biztons\u00e1gi szempontok \u00e9s k\u00f6rnyezeti t\u00e9nyez\u0151k<\/p>\n<p>A biztons\u00e1g kritikus szempont a karhengerek haszn\u00e1latakor. A kezel\u0151knek be kell tartaniuk a sz\u00fcks\u00e9ges biztons\u00e1gi ir\u00e1nyelveket a balesetek \u00e9s s\u00e9r\u00fcl\u00e9sek elker\u00fcl\u00e9se \u00e9rdek\u00e9ben. Ezenk\u00edv\u00fcl a k\u00f6rnyezeti t\u00e9nyez\u0151k, mint p\u00e9ld\u00e1ul a h\u0151m\u00e9rs\u00e9klet, a nedvess\u00e9g \u00e9s a korroz\u00edv anyagok, befoly\u00e1solhatj\u00e1k a karhengerek teljes\u00edtm\u00e9ny\u00e9t, \u00e9s ezeket megfelel\u0151en kell kezelni.<\/p>\n<p>Hibadiagn\u00f3zis \u00e9s gyakori probl\u00e9m\u00e1k<\/p>\n<p>A karhengerek n\u00e9h\u00e1ny gyakori probl\u00e9m\u00e1ja k\u00f6z\u00e9 tartozik a folyad\u00e9ksziv\u00e1rg\u00e1s, a lass\u00fa m\u0171k\u00f6d\u00e9s \u00e9s az er\u0151 hi\u00e1nya. A kezel\u0151knek rendszeres ellen\u0151rz\u00e9seket kell v\u00e9gezni\u00fck a hib\u00e1k \u00e9szlel\u00e9se \u00e9s azonnali elh\u00e1r\u00edt\u00e1sa \u00e9rdek\u00e9ben. A hibakeres\u00e9st \u00e9s a hibaelh\u00e1r\u00edt\u00e1st szakk\u00e9pzett szakembereknek kell elv\u00e9gezni\u00fck.<\/p>\n<p>K\u00f6vetkeztet\u00e9s<\/p>\n<p>Speci\u00e1lis hidraulikus hengergy\u00e1rt\u00f3k\u00e9nt sz\u00e9les v\u00e1laszt\u00e9kban k\u00edn\u00e1lunk kiv\u00e1l\u00f3 min\u0151s\u00e9g\u0171 term\u00e9keket. Term\u00e9keinket sz\u00e9les k\u00f6rben haszn\u00e1lj\u00e1k k\u00fcl\u00f6nf\u00e9le ipar\u00e1gakban, \u00e9s a kiv\u00e1l\u00f3s\u00e1g ir\u00e1nti elk\u00f6telezetts\u00e9g\u00fcnk a glob\u00e1lis piac egyik vezet\u0151 gy\u00e1rt\u00f3j\u00e1v\u00e1 tett minket. Korszer\u0171 gy\u00e1rt\u00e1si \u00e9s min\u0151s\u00e9gellen\u0151rz\u00e9si folyamatokat alkalmazunk annak biztos\u00edt\u00e1s\u00e1ra, hogy term\u00e9keink megfeleljenek a legmagasabb szabv\u00e1nyoknak.<\/p>\n<p>Our company is highly specialized in international certification, custom service, production equipment, and after-sales services, ensuring customer satisfaction. Our goal is to provide high-quality products that meet our customers&#8217; diverse needs. <\/p>\n<p>Szerz\u0151: lyl<\/p>","protected":false},"excerpt":{"rendered":"<p>Arm Cylinder for Volwa Cane Unloader DLS880-9AG The Arm Cylinder for Volwa Cane Unloader DLS880-9AG is a specialized hydraulic cylinder designed to provide linear motion and power to various machine arms, such as excavators, cranes, and mechanical arms. Arm cylinders play a critical role in hydraulic systems, allowing additional tools or attachments to move and [&hellip;]<\/p>","protected":false},"featured_media":14772,"comment_status":"open","ping_status":"closed","template":"","meta":{"_et_pb_use_builder":"","_et_pb_old_content":"","_et_gb_content_width":""},"product_brand":[],"product_cat":[1497],"product_tag":[1498,1496],"class_list":{"0":"post-16832","1":"product","2":"type-product","3":"status-publish","4":"has-post-thumbnail","6":"product_cat-arm-cylinders","7":"product_tag-arm-cylinders","8":"product_tag-hydraulic-cylinders","10":"first","11":"instock","12":"shipping-taxable","13":"product-type-simple"},"amp_enabled":true,"_links":{"self":[{"href":"https:\/\/www.hydraulic-cylinders.net\/hu\/wp-json\/wp\/v2\/product\/16832","targetHints":{"allow":["GET"]}}],"collection":[{"href":"https:\/\/www.hydraulic-cylinders.net\/hu\/wp-json\/wp\/v2\/product"}],"about":[{"href":"https:\/\/www.hydraulic-cylinders.net\/hu\/wp-json\/wp\/v2\/types\/product"}],"replies":[{"embeddable":true,"href":"https:\/\/www.hydraulic-cylinders.net\/hu\/wp-json\/wp\/v2\/comments?post=16832"}],"wp:featuredmedia":[{"embeddable":true,"href":"https:\/\/www.hydraulic-cylinders.net\/hu\/wp-json\/wp\/v2\/media\/14772"}],"wp:attachment":[{"href":"https:\/\/www.hydraulic-cylinders.net\/hu\/wp-json\/wp\/v2\/media?parent=16832"}],"wp:term":[{"taxonomy":"product_brand","embeddable":true,"href":"https:\/\/www.hydraulic-cylinders.net\/hu\/wp-json\/wp\/v2\/product_brand?post=16832"},{"taxonomy":"product_cat","embeddable":true,"href":"https:\/\/www.hydraulic-cylinders.net\/hu\/wp-json\/wp\/v2\/product_cat?post=16832"},{"taxonomy":"product_tag","embeddable":true,"href":"https:\/\/www.hydraulic-cylinders.net\/hu\/wp-json\/wp\/v2\/product_tag?post=16832"}],"curies":[{"name":"munkaf\u00fczet","href":"https:\/\/api.w.org\/{rel}","templated":true}]}}