{"id":16849,"date":"2025-01-21T06:07:55","date_gmt":"2025-01-21T06:07:55","guid":{"rendered":"https:\/\/www.hydraulic-cylinders.net\/product\/arm-cylinder-for-atlas-2306lc\/"},"modified":"2025-01-21T06:07:57","modified_gmt":"2025-01-21T06:07:57","slug":"arm-cylinder-for-atlas-2306lc","status":"publish","type":"product","link":"https:\/\/www.hydraulic-cylinders.net\/hu\/termek\/arm-cylinder-for-atlas-2306lc\/","title":{"rendered":"Karhenger Atlas 2306LC-hez"},"content":{"rendered":"<h2>Karhenger Atlas 2306LC-hez<\/h2>\n<h3>Bevezet\u00e9s<\/h3>\n<p>A karhenger egy speci\u00e1lisan tervezett hidraulikus henger, amelyet f\u0151k\u00e9nt k\u00fcl\u00f6nf\u00e9le mechanikus karok, p\u00e9ld\u00e1ul kotr\u00f3g\u00e9pek, daruk \u00e9s robotkarok line\u00e1ris mozg\u00e1s\u00e1nak \u00e9s teljes\u00edtm\u00e9ny\u00e9nek biztos\u00edt\u00e1s\u00e1ra haszn\u00e1lnak. A karhenger kulcsszerepet j\u00e1tszik a hidraulikus rendszerben, lehet\u0151v\u00e9 t\u00e9ve a tov\u00e1bbi szersz\u00e1mok vagy tartoz\u00e9kok mozg\u00e1s\u00e1t \u00e9s hat\u00e9kony vez\u00e9rl\u00e9s\u00e9t. Ezek a hengerek nemcsak sima mozg\u00e1st biztos\u00edtanak, hanem nagy terhel\u00e9seket is elviselnek, biztos\u00edtva a g\u00e9p hat\u00e9kony m\u0171k\u00f6d\u00e9s\u00e9t \u00e9s megb\u00edzhat\u00f3s\u00e1g\u00e1t k\u00fcl\u00f6nb\u00f6z\u0151 \u00fczemi k\u00f6r\u00fclm\u00e9nyek k\u00f6z\u00f6tt.<\/p>\n<p><img decoding=\"async\" src=\"https:\/\/www.hydraulic-cylinders.net\/wp-content\/uploads\/2025\/01\/songte-company-2.webp\" \/><\/p>\n<h3>Jellemz\u0151k<\/h3>\n<ul>\n<li><b>Hat\u00e9kony er\u0151\u00e1tvitel:<\/b> A karhenger er\u0151teljes line\u00e1ris mozg\u00e1st \u00e9s er\u0151t biztos\u00edt, biztos\u00edtva a mechanikus kar nagy teljes\u00edtm\u00e9ny\u0171 \u00e9s hat\u00e9kony m\u0171k\u00f6d\u00e9s\u00e9t k\u00fcl\u00f6nf\u00e9le m\u0171veletek sor\u00e1n.<\/li>\n<li><b>Prec\u00edz vez\u00e9rl\u00e9s:<\/b> A hidraulikus rendszeren kereszt\u00fcl a karhenger prec\u00edz mozg\u00e1svez\u00e9rl\u00e9st \u00e9rhet el, \u00edgy a tov\u00e1bbi szersz\u00e1mok m\u0171k\u00f6dtet\u00e9se rugalmasabb \u00e9s pontosabb.<\/li>\n<li><b>Er\u0151s tart\u00f3ss\u00e1g:<\/b> A karhenger \u00e1ltal\u00e1ban nagy szil\u00e1rds\u00e1g\u00fa anyagokb\u00f3l k\u00e9sz\u00fcl, j\u00f3 kop\u00e1s- \u00e9s korr\u00f3zi\u00f3\u00e1ll\u00f3s\u00e1ggal rendelkezik, \u00edgy alkalmass\u00e1 teszi a hossz\u00fa t\u00e1v\u00fa haszn\u00e1latra zord k\u00f6rnyezetben.<\/li>\n<li><b>T\u00f6bbfunkci\u00f3s alkalmazkod\u00f3k\u00e9pess\u00e9g:<\/b> Ezek a munkahengerek sz\u00e9les k\u00f6rben alkalmazhat\u00f3k k\u00fcl\u00f6nf\u00e9le mechanikus berendez\u00e9sekben, p\u00e9ld\u00e1ul kotr\u00f3g\u00e9pekben, darukban \u00e9s robotkarokban, hogy alkalmazkodjanak a k\u00fcl\u00f6nb\u00f6z\u0151 munkak\u00f6vetelm\u00e9nyekhez.<\/li>\n<li><b>K\u00f6nny\u0171 karbantart\u00e1s:<\/b> A kialak\u00edt\u00e1s k\u00f6nnyen karbantarthat\u00f3nak \u00e9s cser\u00e9lhet\u0151nek tekinthet\u0151, \u00edgy a rendszeres ellen\u0151rz\u00e9s \u00e9s karbantart\u00e1s k\u00e9nyelmesebb, \u00e9s cs\u00f6kken a berendez\u00e9sek \u00e1ll\u00e1sideje.<\/li>\n<\/ul>\n<p><img decoding=\"async\" src=\"https:\/\/www.hydraulic-cylinders.net\/wp-content\/uploads\/2025\/01\/songte-oil-pipes-and-spare-parts.webp\" \/><\/p>\n<h3>Alkalmaz\u00e1sok<\/h3>\n<p>A karhengert sz\u00e9les k\u00f6rben haszn\u00e1lj\u00e1k k\u00fcl\u00f6nf\u00e9le ipar\u00e1gakban, t\u00f6bbek k\u00f6z\u00f6tt:<\/p>\n<ul>\n<li><b>\u00c9p\u00edt\u00e9s:<\/b> Kotr\u00f3g\u00e9pekn\u00e9l \u00e9s darukn\u00e1l a karhenger a kan\u00e1l vagy a g\u00e9m mozg\u00e1s\u00e1nak vez\u00e9rl\u00e9s\u00e9re szolg\u00e1l f\u00f6ldmunk\u00e1kn\u00e1l, anyagmozgat\u00e1sn\u00e1l \u00e9s szerkezeti telep\u00edt\u00e9sekn\u00e9l.<\/li>\n<li><b>Gy\u00e1rt\u00e1s:<\/b> Az automatiz\u00e1lt gy\u00e1rt\u00f3sorokon a karhengert robotkarok mozgat\u00e1s\u00e1ra haszn\u00e1lj\u00e1k \u00f6sszeszerel\u00e9si, hegeszt\u00e9si \u00e9s anyagmozgat\u00e1si folyamatok sor\u00e1n, jav\u00edtva a termel\u00e9si hat\u00e9konys\u00e1got \u00e9s a pontoss\u00e1got.<\/li>\n<li><b>Mez\u0151gazdas\u00e1gi g\u00e9pek:<\/b> A mez\u0151gazdas\u00e1gi g\u00e9pekben, p\u00e9ld\u00e1ul a betakar\u00edt\u00f3g\u00e9pekben \u00e9s a vet\u0151g\u00e9pekben a karhenger vez\u00e9rli a m\u0171k\u00f6dtet\u0151 kar mozg\u00e1s\u00e1t olyan feladatok elv\u00e9gz\u00e9s\u00e9hez, mint a vet\u00e9s, a tr\u00e1gy\u00e1z\u00e1s \u00e9s a betakar\u00edt\u00e1s.<\/li>\n<li><b>B\u00e1ny\u00e1szati:<\/b> B\u00e1ny\u00e1szati \u200b\u200bberendez\u00e9sekben a karhengert az \u00e9rcb\u00e1ny\u00e1szati \u200b\u200b\u00e9s -sz\u00e1ll\u00edt\u00e1si b\u00e1ny\u00e1szati \u200b\u200bberendez\u00e9sek karmozg\u00e1s\u00e1nak vez\u00e9rl\u00e9s\u00e9re haszn\u00e1lj\u00e1k.<\/li>\n<li><b>Logisztika \u00e9s sz\u00e1ll\u00edt\u00e1s:<\/b> Targonc\u00e1kban \u00e9s anyagmozgat\u00f3 robotokban a karhenger a tehervilla emel\u00e9s\u00e9nek \u00e9s mozg\u00e1s\u00e1nak vez\u00e9rl\u00e9s\u00e9re szolg\u00e1l, megval\u00f3s\u00edtva az anyagok kezel\u00e9s\u00e9t \u00e9s egym\u00e1sra rak\u00e1s\u00e1t.<\/li>\n<\/ul>\n<h3>Tervez\u00e9si szempontok \u00e9s kiv\u00e1laszt\u00e1si krit\u00e9riumok<\/h3>\n<p>A tervez\u00e9si szempontok k\u00f6z\u00fcl a karhengerrel kapcsolatos kritikus t\u00e9nyez\u0151k k\u00f6z\u00fcl n\u00e9h\u00e1ny a k\u00f6vetkez\u0151:<\/p>\n<ul>\n<li><b>Teherb\u00edr\u00e1s:<\/b> A karhengernek k\u00e9pesnek kell lennie a g\u00e9p maxim\u00e1lis teherb\u00edr\u00e1s\u00e1nak kezel\u00e9s\u00e9re.<\/li>\n<li><b>T\u00f6m\u00edt\u00e9s:<\/b> A hengert megfelel\u0151 t\u00f6m\u00edt\u00e9ssel kell ell\u00e1tni a hidraulikafolyad\u00e9k sziv\u00e1rg\u00e1s\u00e1nak megakad\u00e1lyoz\u00e1sa \u00e9rdek\u00e9ben.<\/li>\n<li><b>Tart\u00f3ss\u00e1g:<\/b> A hengert kop\u00e1s- \u00e9s korr\u00f3zi\u00f3\u00e1ll\u00f3 anyagokb\u00f3l kell k\u00e9sz\u00edteni a hossz\u00fa t\u00e1v\u00fa haszn\u00e1lat biztos\u00edt\u00e1sa \u00e9rdek\u00e9ben.<\/li>\n<li><b>Biztons\u00e1g:<\/b> A palack biztons\u00e1gos m\u0171k\u00f6d\u00e9s\u00e9nek biztos\u00edt\u00e1sa \u00e9rdek\u00e9ben megfelel\u0151 biztons\u00e1gi funkci\u00f3kat kell be\u00e9p\u00edteni a tervbe.<\/li>\n<li><b>Karbantarthat\u00f3s\u00e1g:<\/b> A hengert \u00fagy kell megtervezni, hogy k\u00f6nnyen karbantarthat\u00f3 \u00e9s k\u00f6nnyen cser\u00e9lhet\u0151 legyen az alkatr\u00e9szei, ez\u00e1ltal minimaliz\u00e1lva az \u00e1ll\u00e1sid\u0151t.<\/li>\n<\/ul>\n<p><img decoding=\"async\" src=\"https:\/\/www.hydraulic-cylinders.net\/wp-content\/uploads\/2025\/01\/songte-cylinder-head-with-all-kinds-excavator-models.webp\" \/><\/p>\n<h3>T\u00f6m\u00edt\u00e9s \u00e9s ken\u00e9s<\/h3>\n<p>A karhengernek k\u00fcl\u00f6nf\u00e9le t\u00f6m\u00edt\u0151elemeket kell haszn\u00e1lnia, p\u00e9ld\u00e1ul dugatty\u00fat\u00f6m\u00edt\u00e9seket \u00e9s r\u00fadt\u00f6m\u00edt\u00e9seket, amelyek kop\u00e1s\u00e1ll\u00f3 anyagokb\u00f3l, p\u00e9ld\u00e1ul poliuret\u00e1nb\u00f3l \u00e9s nitrilgumib\u00f3l k\u00e9sz\u00fclnek. A hengertestet \u00e9s a menetes v\u00e9gek fel\u00fcleteit finom megmunk\u00e1l\u00e1snak kell al\u00e1vetni a kop\u00e1s\u00e1ll\u00f3s\u00e1g jav\u00edt\u00e1sa \u00e9rdek\u00e9ben. A hengerbe rendszeresen megfelel\u0151 hidraulikaolajat kell t\u00f6lteni ken\u00e9s c\u00e9lj\u00e1b\u00f3l.<\/p>\n<h3>Karbantart\u00e1s \u00e9s megel\u0151z\u0151 int\u00e9zked\u00e9sek<\/h3>\n<ul>\n<li><b>Rendszeres ellen\u0151rz\u00e9sek:<\/b> Rendszeres ellen\u0151rz\u00e9seket kell v\u00e9gezni a hengerben l\u00e9v\u0151 s\u00e9r\u00fcl\u00e9sek, korr\u00f3zi\u00f3 vagy sziv\u00e1rg\u00e1sok kimutat\u00e1sa \u00e9rdek\u00e9ben.<\/li>\n<li><b>Megel\u0151z\u0151 karbantart\u00e1s:<\/b> Rendszeres karbantart\u00e1st kell v\u00e9gezni az elhaszn\u00e1l\u00f3dott alkatr\u00e9szek cser\u00e9je \u00e9s a lehets\u00e9ges probl\u00e9m\u00e1k megel\u0151z\u00e9se \u00e9rdek\u00e9ben.<\/li>\n<li><b>Megfelel\u0151 t\u00e1rol\u00e1s:<\/b> A palackot megfelel\u0151 k\u00f6r\u00fclm\u00e9nyek k\u00f6z\u00f6tt, p\u00e9ld\u00e1ul sz\u00e1raz \u00e9s tiszta k\u00f6rnyezetben kell t\u00e1rolni a s\u00e9r\u00fcl\u00e9sek \u00e9s a korr\u00f3zi\u00f3 elker\u00fcl\u00e9se \u00e9rdek\u00e9ben.<\/li>\n<\/ul>\n<h3>Telep\u00edt\u00e9si \u00fatmutat\u00f3<\/h3>\n<p>A karhenger beszerel\u00e9s\u00e9nek l\u00e9p\u00e9sei a k\u00f6vetkez\u0151k:<\/p>\n<ol>\n<li>Gy\u0151z\u0151dj\u00f6n meg arr\u00f3l, hogy a szerel\u00e9si fel\u00fclet tiszta \u00e9s t\u00f6rmel\u00e9kt\u0151l mentes.<\/li>\n<li>Igaz\u00edtsa a hengert a r\u00f6gz\u00edt\u00e9si fel\u00fclethez, \u00e9s r\u00f6gz\u00edtse a hely\u00e9n.<\/li>\n<li>Csatlakoztassa a hidraulikavezet\u00e9keket a hengerhez.<\/li>\n<li>Adjon hozz\u00e1 hidraulikafolyad\u00e9kot a rendszerhez.<\/li>\n<li>\u00dczemeltet\u00e9s el\u0151tt v\u00e9gezzen nyom\u00e1spr\u00f3b\u00e1t a rendszeren.<\/li>\n<\/ol>\n<p><img decoding=\"async\" src=\"https:\/\/www.hydraulic-cylinders.net\/wp-content\/uploads\/2025\/01\/songte-bushings-with-all-kinds-of-excavator-models.webp\" \/><\/p>\n<h3>Biztons\u00e1gi szempontok \u00e9s k\u00f6rnyezeti t\u00e9nyez\u0151k<\/h3>\n<p>A karos henger haszn\u00e1latakor a balesetek megel\u0151z\u00e9se \u00e9rdek\u00e9ben megfelel\u0151 biztons\u00e1gi int\u00e9zked\u00e9seket kell betartani, p\u00e9ld\u00e1ul v\u00e9d\u0151felszerel\u00e9st kell viselni \u00e9s a megfelel\u0151 \u00fczemeltet\u00e9si elj\u00e1r\u00e1sokat be kell tartani. A henger hat\u00e9kony \u00e9s biztons\u00e1gos m\u0171k\u00f6d\u00e9s\u00e9nek biztos\u00edt\u00e1sa \u00e9rdek\u00e9ben figyelembe kell venni a k\u00f6rnyezeti t\u00e9nyez\u0151ket, p\u00e9ld\u00e1ul a h\u0151m\u00e9rs\u00e9kletet \u00e9s a p\u00e1ratartalmat is.<\/p>\n<h3>Hibaelh\u00e1r\u00edt\u00e1s \u00e9s gyakori probl\u00e9m\u00e1k<\/h3>\n<p>A karhengerrel kapcsolatos gyakori probl\u00e9m\u00e1k k\u00f6z\u00e9 tartozik a sziv\u00e1rg\u00e1s, az el\u00e9gtelen teljes\u00edtm\u00e9ny \u00e9s a lass\u00fa mozg\u00e1s. Ezen probl\u00e9m\u00e1k elh\u00e1r\u00edt\u00e1s\u00e1hoz megfelel\u0151 ellen\u0151rz\u00e9st \u00e9s tesztel\u00e9st kell v\u00e9gezni a kiv\u00e1lt\u00f3 ok azonos\u00edt\u00e1sa \u00e9rdek\u00e9ben. N\u00e9h\u00e1ny megel\u0151z\u0151 int\u00e9zked\u00e9s k\u00f6z\u00e9 tartozik a rendszeres karbantart\u00e1s, a megfelel\u0151 hidraulikafolyad\u00e9k haszn\u00e1lata \u00e9s a megfelel\u0151 t\u00e1rol\u00e1s.<\/p>\n<p><img decoding=\"async\" src=\"https:\/\/www.hydraulic-cylinders.net\/wp-content\/uploads\/2025\/01\/songte-chushion-collar.webp\" \/><\/p>\n<h3>R\u00f3lunk<\/h3>\n<p>Professzion\u00e1lis hidraulikus hengergy\u00e1rt\u00f3k\u00e9nt sz\u00e9les term\u00e9kv\u00e1laszt\u00e9kot k\u00edn\u00e1lunk, \u00e9s a hazai \u00e9s nemzetk\u00f6zi piacok egyik vezet\u0151 hidraulikus hengergy\u00e1rt\u00f3j\u00e1v\u00e1 \u00e9s nagykereskedelmi forgalmaz\u00f3j\u00e1v\u00e1 v\u00e1lunk. Mindig a kiv\u00e1l\u00f3 min\u0151s\u00e9g elv\u00e9t k\u00f6vetj\u00fck, a prec\u00edzi\u00f3s gy\u00e1rt\u00f3m\u0171helyek iparos\u00edtott termel\u00e9sir\u00e1ny\u00edt\u00e1si strat\u00e9gi\u00e1j\u00e1ra t\u00e1maszkodva folyamatosan fejlesztj\u00fck m\u0171szaki sz\u00ednvonalunkat \u00e9s termel\u00e9si hat\u00e9konys\u00e1gunkat. Fejlett digit\u00e1lis gy\u00e1rt\u00f3berendez\u00e9sek \u00e9s professzion\u00e1lis tesztel\u0151rendszerek bevezet\u00e9s\u00e9vel folyamatosan optimaliz\u00e1ljuk gy\u00e1rt\u00e1si platformunkat, fejlesztj\u00fck term\u00e9kmin\u0151s\u00e9g-ellen\u0151rz\u00e9si folyamatunkat, \u00e9s er\u0151s innov\u00e1ci\u00f3s k\u00e9pess\u00e9gekkel rendelkez\u00fcnk. C\u00e9lunk, hogy nagy hat\u00e9konys\u00e1ggal, pontoss\u00e1ggal \u00e9s kiv\u00e1l\u00f3 min\u0151s\u00e9gben el\u00e9g\u00edts\u00fck ki \u00fcgyfeleink sokr\u00e9t\u0171 ig\u00e9nyeit.<\/p>\n<p><img decoding=\"async\" src=\"https:\/\/www.hydraulic-cylinders.net\/wp-content\/uploads\/2025\/01\/songte-company-4.webp\" \/><\/p>\n<h3>Szakter\u00fcleteink<\/h3>\n<ul>\n<li><b>Szakmaiass\u00e1g:<\/b> Szakemberekb\u0151l \u00e1ll\u00f3 csapatunk sz\u00e9lesk\u00f6r\u0171 tapasztalattal rendelkezik a hidraulikus hengerek gy\u00e1rt\u00e1s\u00e1ban \u00e9s tervez\u00e9s\u00e9ben.<\/li>\n<li><b>Nemzetk\u00f6zi min\u0151s\u00edt\u00e9s:<\/b> Sz\u00e1mos nemzetk\u00f6zi tan\u00fas\u00edtv\u00e1nyt szerezt\u00fcnk, mint p\u00e9ld\u00e1ul az ISO9001, CE \u00e9s SGS.<\/li>\n<li><b>Testreszab\u00e1s:<\/b> Egyedi ig\u00e9nyek kiel\u00e9g\u00edt\u00e9s\u00e9re k\u00edn\u00e1lunk hidraulikus henger megold\u00e1sokat.<\/li>\n<li><b>Gy\u00e1rt\u00f3berendez\u00e9sek:<\/b> Korszer\u0171 digit\u00e1lis gy\u00e1rt\u00f3berendez\u00e9sekkel \u00e9s professzion\u00e1lis tesztel\u0151rendszerekkel rendelkez\u00fcnk.<\/li>\n<li><b>\u00c9rt\u00e9kes\u00edt\u00e9s ut\u00e1ni szolg\u00e1ltat\u00e1s:<\/b> Id\u0151szer\u0171 \u00e9s hat\u00e9kony \u00e9rt\u00e9kes\u00edt\u00e9s ut\u00e1ni szolg\u00e1ltat\u00e1st ny\u00fajtunk az \u00fcgyfelek el\u00e9gedetts\u00e9g\u00e9nek biztos\u00edt\u00e1sa \u00e9rdek\u00e9ben.<\/li>\n<\/ul>\n<p><img decoding=\"async\" src=\"https:\/\/www.hydraulic-cylinders.net\/wp-content\/uploads\/2025\/01\/songte-company-3.webp\" \/><\/p>\n<p>Szerz\u0151: lyl.<\/p>","protected":false},"excerpt":{"rendered":"<p>Arm Cylinder For Atlas 2306LC Introduction The arm cylinder is a specially designed hydraulic cylinder that is mainly used to provide linear motion and power for various mechanical arms, such as excavators, cranes and robotic arms. The arm cylinder plays a key role in the hydraulic system, allowing additional tools or attachments to move and [&hellip;]<\/p>","protected":false},"featured_media":14783,"comment_status":"open","ping_status":"closed","template":"","meta":{"_et_pb_use_builder":"","_et_pb_old_content":"","_et_gb_content_width":""},"product_brand":[],"product_cat":[1497],"product_tag":[1498,1496],"class_list":{"0":"post-16849","1":"product","2":"type-product","3":"status-publish","4":"has-post-thumbnail","6":"product_cat-arm-cylinders","7":"product_tag-arm-cylinders","8":"product_tag-hydraulic-cylinders","10":"first","11":"instock","12":"shipping-taxable","13":"product-type-simple"},"amp_enabled":true,"_links":{"self":[{"href":"https:\/\/www.hydraulic-cylinders.net\/hu\/wp-json\/wp\/v2\/product\/16849","targetHints":{"allow":["GET"]}}],"collection":[{"href":"https:\/\/www.hydraulic-cylinders.net\/hu\/wp-json\/wp\/v2\/product"}],"about":[{"href":"https:\/\/www.hydraulic-cylinders.net\/hu\/wp-json\/wp\/v2\/types\/product"}],"replies":[{"embeddable":true,"href":"https:\/\/www.hydraulic-cylinders.net\/hu\/wp-json\/wp\/v2\/comments?post=16849"}],"wp:featuredmedia":[{"embeddable":true,"href":"https:\/\/www.hydraulic-cylinders.net\/hu\/wp-json\/wp\/v2\/media\/14783"}],"wp:attachment":[{"href":"https:\/\/www.hydraulic-cylinders.net\/hu\/wp-json\/wp\/v2\/media?parent=16849"}],"wp:term":[{"taxonomy":"product_brand","embeddable":true,"href":"https:\/\/www.hydraulic-cylinders.net\/hu\/wp-json\/wp\/v2\/product_brand?post=16849"},{"taxonomy":"product_cat","embeddable":true,"href":"https:\/\/www.hydraulic-cylinders.net\/hu\/wp-json\/wp\/v2\/product_cat?post=16849"},{"taxonomy":"product_tag","embeddable":true,"href":"https:\/\/www.hydraulic-cylinders.net\/hu\/wp-json\/wp\/v2\/product_tag?post=16849"}],"curies":[{"name":"munkaf\u00fczet","href":"https:\/\/api.w.org\/{rel}","templated":true}]}}