{"id":16852,"date":"2025-01-21T06:08:07","date_gmt":"2025-01-21T06:08:07","guid":{"rendered":"https:\/\/www.hydraulic-cylinders.net\/product\/arm-cylinder-for-atlas-7808lc\/"},"modified":"2025-01-21T06:08:09","modified_gmt":"2025-01-21T06:08:09","slug":"arm-cylinder-for-atlas-7808lc","status":"publish","type":"product","link":"https:\/\/www.hydraulic-cylinders.net\/hu\/termek\/arm-cylinder-for-atlas-7808lc\/","title":{"rendered":"Karhenger az Atlas 7808LC-hez"},"content":{"rendered":"<p>Karhenger az Atlas 7808LC-hez<\/p>\n<p>A karhenger egy speci\u00e1lisan tervezett hidraulikus henger, amely line\u00e1ris mozg\u00e1st \u00e9s er\u0151t biztos\u00edt k\u00fcl\u00f6nf\u00e9le g\u00e9pek, p\u00e9ld\u00e1ul kotr\u00f3g\u00e9pek, daruk \u00e9s mechanikus karok karjainak. A karhenger kritikus szerepet j\u00e1tszik a hidraulikus rendszerben, lehet\u0151v\u00e9 t\u00e9ve a csatlakoztatott szersz\u00e1mok vagy tartoz\u00e9kok mozg\u00e1s\u00e1t \u00e9s hat\u00e9kony vez\u00e9rl\u00e9s\u00e9t. Ezek a hengerek nemcsak sima mozg\u00e1st biztos\u00edtanak, hanem nagy terhel\u00e9seket is elviselnek, biztos\u00edtva a g\u00e9p hat\u00e9kony m\u0171k\u00f6d\u00e9s\u00e9t \u00e9s megb\u00edzhat\u00f3s\u00e1g\u00e1t k\u00fcl\u00f6nb\u00f6z\u0151 munkak\u00f6r\u00fclm\u00e9nyek k\u00f6z\u00f6tt.<\/p>\n<p>Jellemz\u0151k:<br \/>\n1. Nagy hat\u00e9konys\u00e1g\u00fa er\u0151\u00e1tvitel: A karhenger er\u0151teljes line\u00e1ris mozg\u00e1st \u00e9s er\u0151t biztos\u00edt, biztos\u00edtva a mechanikus kar nagy hat\u00e9konys\u00e1g\u00fa teljes\u00edtm\u00e9ny\u00e9t k\u00fcl\u00f6nb\u00f6z\u0151 m\u0171veletek sor\u00e1n.<br \/>\n2. Prec\u00edz vez\u00e9rl\u00e9s: A hidraulikus rendszeren kereszt\u00fcl a karhenger prec\u00edz mozg\u00e1svez\u00e9rl\u00e9st \u00e9rhet el, \u00edgy a csatlakoztatott szersz\u00e1mok m\u0171k\u00f6d\u00e9se rugalmasabb \u00e9s pontosabb.<br \/>\n3. Er\u0151s tart\u00f3ss\u00e1g: A karhengerek \u00e1ltal\u00e1ban nagy szil\u00e1rds\u00e1g\u00fa anyagokb\u00f3l k\u00e9sz\u00fclnek, j\u00f3 kop\u00e1s- \u00e9s korr\u00f3zi\u00f3\u00e1ll\u00f3s\u00e1ggal, \u00edgy alkalmasak hossz\u00fa t\u00e1v\u00fa haszn\u00e1latra zord k\u00f6rnyezetben.<br \/>\n4. T\u00f6bbfunkci\u00f3s alkalmazkod\u00f3k\u00e9pess\u00e9g: Ezek a hengerek sz\u00e9les k\u00f6rben alkalmazhat\u00f3k k\u00fcl\u00f6nf\u00e9le g\u00e9pipari berendez\u00e9sekben, p\u00e9ld\u00e1ul kotr\u00f3g\u00e9pekben, darukban \u00e9s mechanikus karokban, hogy alkalmazkodjanak a k\u00fcl\u00f6nb\u00f6z\u0151 munkak\u00f6vetelm\u00e9nyekhez.<br \/>\n5. K\u00f6nny\u0171 karbantart\u00e1s: A kialak\u00edt\u00e1s figyelembe veszi a karbantart\u00e1s \u00e9s a csere egyszer\u0171s\u00e9g\u00e9t, \u00edgy a rendszeres ellen\u0151rz\u00e9s \u00e9s karbantart\u00e1s k\u00e9nyelmesebb, cs\u00f6kkentve a berendez\u00e9sek \u00e1ll\u00e1sidej\u00e9t.<\/p>\n<p>Ezt a term\u00e9ket el\u0151 tudjuk \u00e1ll\u00edtani, \u00e9s term\u00e9k\u00fcnk t\u00f6k\u00e9letesen helyettes\u00edtheti ezeket a hidraulikus hengereket.<\/p>\n<p>Alkalmaz\u00e1sok:<br \/>\n\u2013 \u00c9p\u00edt\u0151ipar: Kotr\u00f3g\u00e9pekn\u00e9l \u00e9s darukn\u00e1l a karhenger a kan\u00e1l vagy a g\u00e9m mozg\u00e1s\u00e1nak vez\u00e9rl\u00e9s\u00e9re, f\u00f6ldmunk\u00e1k elv\u00e9gz\u00e9s\u00e9re, anyagmozgat\u00e1sra \u00e9s szerkezeti szerel\u00e9sre szolg\u00e1l.<br \/>\n\u2013 Gy\u00e1rt\u00e1s: Az automatiz\u00e1lt gy\u00e1rt\u00f3sorokon a karhengert mechanikus karok mozgat\u00e1s\u00e1ra, \u00f6sszeszerel\u00e9si, hegeszt\u00e9si \u00e9s anyagmozgat\u00e1si folyamatok v\u00e9grehajt\u00e1s\u00e1ra haszn\u00e1lj\u00e1k, jav\u00edtva a termel\u00e9si hat\u00e9konys\u00e1got \u00e9s a pontoss\u00e1got.<br \/>\n\u2013 Mez\u0151gazdas\u00e1gi g\u00e9pek: A mez\u0151gazdas\u00e1gi g\u00e9pekben, p\u00e9ld\u00e1ul a betakar\u00edt\u00f3g\u00e9pekben \u00e9s a vet\u0151g\u00e9pekben a karhenger vez\u00e9rli a m\u0171k\u00f6dtet\u0151 kar mozg\u00e1s\u00e1t, olyan feladatokat l\u00e1tva el, mint az vet\u00e9s, a tr\u00e1gy\u00e1z\u00e1s \u00e9s a betakar\u00edt\u00e1s.<br \/>\n\u2013 B\u00e1ny\u00e1szat: B\u00e1ny\u00e1szati \u200b\u200bberendez\u00e9sekben a karhenger a b\u00e1ny\u00e1szati \u200b\u200bberendez\u00e9sek karj\u00e1nak mozg\u00e1s\u00e1t vez\u00e9rli, f\u00f6ldmunk\u00e1t v\u00e9gez \u00e9s \u00e9rceket kezel.<br \/>\n\u2013 Logisztika \u00e9s sz\u00e1ll\u00edt\u00e1s: Targonc\u00e1kban \u00e9s anyagmozgat\u00f3 robotokban a karhenger a vill\u00e1k emel\u00e9s\u00e9nek \u00e9s mozg\u00e1s\u00e1nak vez\u00e9rl\u00e9s\u00e9re szolg\u00e1l, megval\u00f3s\u00edtva az anyagok kezel\u00e9s\u00e9t \u00e9s egym\u00e1sra rak\u00e1s\u00e1t.<\/p>\n<p>Tervez\u00e9si szempontok \u00e9s kiv\u00e1laszt\u00e1si krit\u00e9riumok:<br \/>\n\u2013 Teherb\u00edr\u00e1s: A karhengernek k\u00e9pesnek kell lennie arra, hogy ellen\u00e1lljon a k\u00fcl\u00f6nb\u00f6z\u0151 terhel\u00e9seknek \u00e9s er\u0151knek, biztos\u00edtva a biztons\u00e1gos \u00e9s stabil m\u0171k\u00f6d\u00e9st.<br \/>\n\u2013 T\u00f6m\u00edt\u00e9si teljes\u00edtm\u00e9ny: K\u00fcl\u00f6nb\u00f6z\u0151 t\u00f6m\u00edt\u0151elemeket, p\u00e9ld\u00e1ul dugatty\u00fat\u00f6m\u00edt\u00e9seket \u00e9s r\u00fadt\u00f6m\u00edt\u00e9seket haszn\u00e1lnak a hidraulikafolyad\u00e9k sziv\u00e1rg\u00e1s\u00e1nak megakad\u00e1lyoz\u00e1s\u00e1ra \u00e9s a hat\u00e9kony m\u0171k\u00f6d\u00e9s biztos\u00edt\u00e1s\u00e1ra.<br \/>\n\u2013 Tart\u00f3ss\u00e1g: A karhenger zord k\u00f6rnyezeti hat\u00e1soknak van kit\u00e9ve, ez\u00e9rt nagy szil\u00e1rds\u00e1g\u00fa, j\u00f3 kop\u00e1s- \u00e9s korr\u00f3zi\u00f3\u00e1ll\u00f3s\u00e1g\u00fa anyagokb\u00f3l kell k\u00e9sz\u00fclnie.<br \/>\n\u2013 Biztons\u00e1g: Biztons\u00e1gi berendez\u00e9sek, p\u00e9ld\u00e1ul nyom\u00e1scs\u00f6kkent\u0151 szelepek \u00e9s biztons\u00e1gi szelepek vannak be\u00e9p\u00edtve a t\u00falterhel\u00e9s megakad\u00e1lyoz\u00e1sa \u00e9s a biztons\u00e1gos m\u0171k\u00f6d\u00e9s biztos\u00edt\u00e1sa \u00e9rdek\u00e9ben.<br \/>\n\u2013 Karbantart\u00e1s: A karhengert \u00fagy kell megtervezni, hogy k\u00f6nnyen karbantarthat\u00f3 \u00e9s cser\u00e9lhet\u0151 legyen, cs\u00f6kkentve az \u00e1ll\u00e1sid\u0151t \u00e9s a karbantart\u00e1si k\u00f6lts\u00e9geket.<\/p>\n<p>T\u00f6m\u00edt\u00e9s \u00e9s ken\u00e9s:<br \/>\nK\u00fcl\u00f6nb\u00f6z\u0151 t\u00f6m\u00edt\u0151elemeket, p\u00e9ld\u00e1ul dugatty\u00fat\u00f6m\u00edt\u00e9seket \u00e9s r\u00fadt\u00f6m\u00edt\u00e9seket haszn\u00e1lnak a hidraulikafolyad\u00e9k sziv\u00e1rg\u00e1s\u00e1nak megakad\u00e1lyoz\u00e1s\u00e1ra \u00e9s a hat\u00e9kony m\u0171k\u00f6d\u00e9s biztos\u00edt\u00e1s\u00e1ra. A t\u00f6m\u00edt\u0151elemek kop\u00e1s\u00e1ll\u00f3 anyagokb\u00f3l, p\u00e9ld\u00e1ul poliuret\u00e1nb\u00f3l \u00e9s nitrilgumib\u00f3l k\u00e9sz\u00fclnek. A hengertest \u00e9s a menetes v\u00e9gfel\u00fclet finom megmunk\u00e1l\u00e1s\u00fa a kop\u00e1s\u00e1ll\u00f3s\u00e1g jav\u00edt\u00e1sa \u00e9rdek\u00e9ben. A karhenger ken\u00e9s\u00e9hez a megfelel\u0151 mennyis\u00e9g\u0171 hidraulikaolaj rendszeres hozz\u00e1ad\u00e1sa sz\u00fcks\u00e9ges.<\/p>\n<p>Karbantart\u00e1si \u00e9s megel\u0151z\u0151 int\u00e9zked\u00e9sek:<br \/>\nA karhenger hat\u00e9kony \u00e9s biztons\u00e1gos m\u0171k\u00f6d\u00e9s\u00e9nek biztos\u00edt\u00e1s\u00e1hoz rendszeres ellen\u0151rz\u00e9s \u00e9s karbantart\u00e1s sz\u00fcks\u00e9ges. Az olyan alkatr\u00e9szek, mint a t\u00f6m\u00edt\u00e9sek \u00e9s csap\u00e1gyak rendszeres cser\u00e9je aj\u00e1nlott a megfelel\u0151 m\u0171k\u00f6d\u00e9s\u00fck fenntart\u00e1sa \u00e9rdek\u00e9ben. A megel\u0151z\u0151 int\u00e9zked\u00e9sek, mint p\u00e9ld\u00e1ul a t\u00falterhel\u00e9s elker\u00fcl\u00e9se \u00e9s a hidraulikafolyad\u00e9k szennyez\u0151d\u00e9s\u00e9nek megakad\u00e1lyoz\u00e1sa, seg\u00edthetnek cs\u00f6kkenteni a lehets\u00e9ges probl\u00e9m\u00e1kat.<\/p>\n<p>Telep\u00edt\u00e9si \u00fatmutat\u00f3:<br \/>\n1. Ellen\u0151rizze a karhenger alkalmass\u00e1g\u00e1t a g\u00e9p karj\u00e1hoz \u00e9s hidraulikus rendszer\u00e9hez.<br \/>\n2. Gy\u0151z\u0151dj\u00f6n meg a hidraulikus rendszer \u00e9s a karhenger tisztas\u00e1g\u00e1r\u00f3l.<br \/>\n3. Szerelje fel a karhengert a megfelel\u0151 szersz\u00e1mokkal \u00e9s nyomat\u00e9k\u00e9rt\u00e9kekkel.<br \/>\n4. Ellen\u0151rizze az \u00f6sszes hidraulikus cs\u0151vezet\u00e9k \u00e9s szerelv\u00e9ny csatlakoz\u00e1s\u00e1t \u00e9s t\u00f6m\u00edtetts\u00e9g\u00e9t.<br \/>\n5. T\u00f6ltse fel a hidraulikus rendszert a megfelel\u0151 hidraulikafolyad\u00e9kkal, \u00e9s v\u00e9gezzen pr\u00f3baj\u00e1rat\u00e1st a karhenger m\u0171k\u00f6d\u00e9s\u00e9nek ellen\u0151rz\u00e9s\u00e9hez.<\/p>\n<p>Biztons\u00e1gi szempontok \u00e9s k\u00f6rnyezeti t\u00e9nyez\u0151k:<br \/>\nA t\u00falterhel\u00e9s megakad\u00e1lyoz\u00e1sa \u00e9s a biztons\u00e1gos m\u0171k\u00f6d\u00e9s biztos\u00edt\u00e1sa \u00e9rdek\u00e9ben biztons\u00e1gi berendez\u00e9seket, p\u00e9ld\u00e1ul nyom\u00e1scs\u00f6kkent\u0151 szelepeket \u00e9s biztons\u00e1gi szelepeket szerelnek be. Fontos a biztons\u00e1gi el\u0151\u00edr\u00e1sok betart\u00e1sa \u00e9s a megfelel\u0151 v\u00e9d\u0151felszerel\u00e9s visel\u00e9se a telep\u00edt\u00e9s \u00e9s az \u00fczemeltet\u00e9s sor\u00e1n. A k\u00f6rnyezeti t\u00e9nyez\u0151ket, p\u00e9ld\u00e1ul az olajsziv\u00e1rg\u00e1st \u00e9s a folyad\u00e9kszennyez\u0151d\u00e9st, minimaliz\u00e1lni kell a k\u00f6rnyezeti hat\u00e1sok cs\u00f6kkent\u00e9se \u00e9rdek\u00e9ben.<\/p>\n<p>Hibaelh\u00e1r\u00edt\u00e1s \u00e9s gyakori probl\u00e9m\u00e1k:<br \/>\n\u2013 Hidraulikafolyad\u00e9k sziv\u00e1rg\u00e1sa: Ellen\u0151rizze a t\u00f6m\u00edt\u00e9sek s\u00e9r\u00fcl\u00e9s\u00e9t vagy kop\u00e1s\u00e1t, \u00e9s sz\u00fcks\u00e9g eset\u00e9n cser\u00e9lje ki azokat.<br \/>\n\u2013 Gyenge emel\u0151er\u0151: Ellen\u0151rizze a szennyez\u0151d\u00e9st vagy a hidraulikafolyad\u00e9k hi\u00e1ny\u00e1t, \u00e9s sz\u00fcks\u00e9g szerint v\u00e9gezze el a karbantart\u00e1st.<br \/>\n\u2013 Instabil m\u0171k\u00f6d\u00e9s: Ellen\u0151rizze a karhenger s\u00e9r\u00fcl\u00e9seit, \u00e9s sz\u00fcks\u00e9g szerint v\u00e9gezzen karbantart\u00e1st vagy cser\u00e9t.<\/p>\n<p>Hibakezel\u00e9si tippek \u00e9s megold\u00e1sok:<br \/>\n\u2013 Hidraulikafolyad\u00e9k sziv\u00e1rg\u00e1sa: A s\u00e9r\u00fclt vagy kopott t\u00f6m\u00edt\u00e9seket halad\u00e9ktalanul cser\u00e9lje ki, \u00e9s rendszeresen cser\u00e9lje ki a t\u00f6m\u00edt\u00e9seket \u00e9s egy\u00e9b alkatr\u00e9szeket.<br \/>\n\u2013 Gyenge emel\u0151er\u0151: Rendszeresen tiszt\u00edtsa \u00e9s karbantartsa a hidraulikus rendszert, \u00e9s t\u00f6ltse fel a megfelel\u0151 mennyis\u00e9g\u0171 hidraulikafolyad\u00e9kkal.<br \/>\n\u2013 Instabil m\u0171k\u00f6d\u00e9s: Rendszeresen ellen\u0151rizze \u00e9s cser\u00e9lje ki a s\u00e9r\u00fclt vagy kopott alkatr\u00e9szeket.<\/p>\n<p>Sz\u00e9les term\u00e9kv\u00e1laszt\u00e9kkal rendelkez\u0151 p\u00f3talkatr\u00e9sz-hidraulikus hengerek professzion\u00e1lis gy\u00e1rt\u00f3ja vagyunk. A hazai \u00e9s nemzetk\u00f6zi piacok egyik vezet\u0151 hidraulikus hengergy\u00e1rt\u00f3j\u00e1v\u00e1 \u00e9s nagykereskedelmi forgalmaz\u00f3j\u00e1v\u00e1 v\u00e1ltunk. Mindig a kiv\u00e1l\u00f3 min\u0151s\u00e9g elv\u00e9t k\u00f6vetj\u00fck, \u00e9s folyamatosan fejlesztj\u00fck technol\u00f3gi\u00e1nkat \u00e9s termel\u00e9si hat\u00e9konys\u00e1gunkat kifinomult gy\u00e1rt\u00f3m\u0171helyek \u00e9s iparos\u00edtott termel\u00e9sir\u00e1ny\u00edt\u00e1si strat\u00e9gi\u00e1k r\u00e9v\u00e9n. Er\u0151s innov\u00e1ci\u00f3s k\u00e9pess\u00e9ggel rendelkez\u00fcnk, \u00e9s c\u00e9lunk, hogy nagy hat\u00e9konys\u00e1ggal, prec\u00edzen \u00e9s magas min\u0151s\u00e9gi elvekkel el\u00e9g\u00edts\u00fck ki \u00fcgyfeleink sokr\u00e9t\u0171 ig\u00e9nyeit.<\/p>\n<p>Tov\u00e1bbi c\u00e9ginform\u00e1ci\u00f3k:<br \/>\n\u2013 Professzionalizmus: Tapasztalt m\u00e9rn\u00f6k\u00f6kb\u0151l \u00e9s technikusokb\u00f3l \u00e1ll\u00f3 csapatunk professzion\u00e1lis m\u0171szaki t\u00e1mogat\u00e1st \u00e9s szem\u00e9lyre szabott szolg\u00e1ltat\u00e1sokat ny\u00fajt.<br \/>\n\u2013 Nemzetk\u00f6zi min\u0151s\u00edt\u00e9s: Term\u00e9keink sz\u00e1mos nemzetk\u00f6zi min\u0151s\u00edt\u00e9ssel rendelkeznek, mint p\u00e9ld\u00e1ul az ISO9001 \u00e9s a CE.<br \/>\n\u2013 Testreszab\u00e1si szolg\u00e1ltat\u00e1sok: Az \u00fcgyfelek egyedi ig\u00e9nyei szerint tudunk egyedi tervez\u00e9si \u00e9s gy\u00e1rt\u00e1si szolg\u00e1ltat\u00e1sokat ny\u00fajtani.<br \/>\n\u2013 Gy\u00e1rt\u00f3berendez\u00e9sek: Fejlett digit\u00e1lis gy\u00e1rt\u00f3berendez\u00e9seket \u00e9s professzion\u00e1lis tesztel\u0151rendszereket vezett\u00fcnk be a gy\u00e1rt\u00e1si platform folyamatos optimaliz\u00e1l\u00e1sa \u00e9s a term\u00e9kmin\u0151s\u00e9g-ellen\u0151rz\u00e9si folyamatok fejleszt\u00e9se \u00e9rdek\u00e9ben.<br \/>\n\u2013 \u00c9rt\u00e9kes\u00edt\u00e9s ut\u00e1ni szolg\u00e1ltat\u00e1s: Id\u0151beni \u00e9s hat\u00e9kony \u00e9rt\u00e9kes\u00edt\u00e9s ut\u00e1ni szolg\u00e1ltat\u00e1st \u00e9s technikai t\u00e1mogat\u00e1st ny\u00fajtunk az \u00fcgyfelek el\u00e9gedetts\u00e9g\u00e9nek biztos\u00edt\u00e1sa \u00e9rdek\u00e9ben.<\/p>\n<p>Szerz\u0151: lyl<\/p>","protected":false},"excerpt":{"rendered":"<p>Arm Cylinder For Atlas 7808LC Arm Cylinder is a specially designed hydraulic cylinder that provides linear motion and power to the arms of various machinery, such as excavators, cranes, and mechanical arms. The Arm Cylinder plays a critical role in a hydraulic system, allowing attached tools or attachments to move and be controlled effectively. These [&hellip;]<\/p>","protected":false},"featured_media":14774,"comment_status":"open","ping_status":"closed","template":"","meta":{"_et_pb_use_builder":"","_et_pb_old_content":"","_et_gb_content_width":""},"product_brand":[],"product_cat":[1497],"product_tag":[1498,1496],"class_list":{"0":"post-16852","1":"product","2":"type-product","3":"status-publish","4":"has-post-thumbnail","6":"product_cat-arm-cylinders","7":"product_tag-arm-cylinders","8":"product_tag-hydraulic-cylinders","10":"first","11":"instock","12":"shipping-taxable","13":"product-type-simple"},"amp_enabled":true,"_links":{"self":[{"href":"https:\/\/www.hydraulic-cylinders.net\/hu\/wp-json\/wp\/v2\/product\/16852","targetHints":{"allow":["GET"]}}],"collection":[{"href":"https:\/\/www.hydraulic-cylinders.net\/hu\/wp-json\/wp\/v2\/product"}],"about":[{"href":"https:\/\/www.hydraulic-cylinders.net\/hu\/wp-json\/wp\/v2\/types\/product"}],"replies":[{"embeddable":true,"href":"https:\/\/www.hydraulic-cylinders.net\/hu\/wp-json\/wp\/v2\/comments?post=16852"}],"wp:featuredmedia":[{"embeddable":true,"href":"https:\/\/www.hydraulic-cylinders.net\/hu\/wp-json\/wp\/v2\/media\/14774"}],"wp:attachment":[{"href":"https:\/\/www.hydraulic-cylinders.net\/hu\/wp-json\/wp\/v2\/media?parent=16852"}],"wp:term":[{"taxonomy":"product_brand","embeddable":true,"href":"https:\/\/www.hydraulic-cylinders.net\/hu\/wp-json\/wp\/v2\/product_brand?post=16852"},{"taxonomy":"product_cat","embeddable":true,"href":"https:\/\/www.hydraulic-cylinders.net\/hu\/wp-json\/wp\/v2\/product_cat?post=16852"},{"taxonomy":"product_tag","embeddable":true,"href":"https:\/\/www.hydraulic-cylinders.net\/hu\/wp-json\/wp\/v2\/product_tag?post=16852"}],"curies":[{"name":"munkaf\u00fczet","href":"https:\/\/api.w.org\/{rel}","templated":true}]}}