{"id":16856,"date":"2025-01-21T06:08:22","date_gmt":"2025-01-21T06:08:22","guid":{"rendered":"https:\/\/www.hydraulic-cylinders.net\/product\/arm-cylinder-for-bonny-wzy32-7\/"},"modified":"2025-01-21T06:08:24","modified_gmt":"2025-01-21T06:08:24","slug":"arm-cylinder-for-bonny-wzy32-7","status":"publish","type":"product","link":"https:\/\/www.hydraulic-cylinders.net\/hu\/termek\/arm-cylinder-for-bonny-wzy32-7\/","title":{"rendered":"Karhenger Bonny WZY32-7-hez"},"content":{"rendered":"<h2>Bevezet\u00e9s<\/h2>\n<h3>Karhenger Bonny WZY32-7-hez<\/h3>\n<p>A Bonny WZY32-7 karhengere egy speci\u00e1lis hidraulikus henger, amelyet k\u00fcl\u00f6nf\u00e9le g\u00e9pek, p\u00e9ld\u00e1ul kotr\u00f3g\u00e9pek, daruk \u00e9s mechanikus karok karjainak line\u00e1ris mozg\u00e1s\u00e1nak \u00e9s erej\u00e9nek biztos\u00edt\u00e1s\u00e1ra terveztek. A karhengerek kritikus szerepet j\u00e1tszanak a hidraulikus rendszerekben, lehet\u0151v\u00e9 t\u00e9ve a csatlakoztatott szersz\u00e1mok vagy tartoz\u00e9kok mozg\u00e1s\u00e1t \u00e9s hat\u00e9kony vez\u00e9rl\u00e9s\u00e9t. Ezek a hengerek nemcsak sima mozg\u00e1st biztos\u00edtanak, hanem nagy terhel\u00e9seket is elb\u00edrnak, biztos\u00edtva a hat\u00e9kony m\u0171k\u00f6d\u00e9st \u00e9s megb\u00edzhat\u00f3s\u00e1got k\u00fcl\u00f6nb\u00f6z\u0151 \u00fczemi k\u00f6r\u00fclm\u00e9nyek k\u00f6z\u00f6tt.<\/p>\n<p><img decoding=\"async\" src=\"https:\/\/www.hydraulic-cylinders.net\/wp-content\/uploads\/2025\/01\/songte-company-2.webp\" alt=\"Karhenger k\u00e9pe\"><\/p>\n<h2>Term\u00e9kjellemz\u0151k<\/h2>\n<h3>Hat\u00e9kony er\u0151\u00e1tvitel<\/h3>\n<p>A karhenger er\u0151teljes line\u00e1ris mozg\u00e1st \u00e9s er\u0151t biztos\u00edt, biztos\u00edtva a mechanikus karm\u0171veletek magas hat\u00e9konys\u00e1g\u00e1t.<\/p>\n<h3>Prec\u00edz vez\u00e9rl\u00e9s<\/h3>\n<p>A hidraulikus rendszeren kereszt\u00fcl a karhenger prec\u00edz mozg\u00e1svez\u00e9rl\u00e9st \u00e9rhet el, \u00edgy a csatlakoztatott eszk\u00f6z\u00f6k m\u0171k\u00f6dtet\u00e9se rugalmasabb \u00e9s pontosabb.<\/p>\n<h3>Er\u0151s tart\u00f3ss\u00e1g<\/h3>\n<p>A karhenger \u00e1ltal\u00e1ban nagy szil\u00e1rds\u00e1g\u00fa anyagokb\u00f3l k\u00e9sz\u00fcl, j\u00f3 kop\u00e1s- \u00e9s korr\u00f3zi\u00f3\u00e1ll\u00f3s\u00e1ggal rendelkezik, \u00edgy alkalmass\u00e1 teszi a hossz\u00fa t\u00e1v\u00fa haszn\u00e1latra zord k\u00f6rnyezetben.<\/p>\n<h3>T\u00f6bbfunkci\u00f3s alkalmazkod\u00f3k\u00e9pess\u00e9g<\/h3>\n<p>Ezek a hengerek sz\u00e9les k\u00f6rben alkalmazhat\u00f3k k\u00fcl\u00f6nf\u00e9le mechanikus berendez\u00e9sekben, p\u00e9ld\u00e1ul kotr\u00f3g\u00e9pekben, darukban \u00e9s mechanikus karokban, hogy alkalmazkodjanak a k\u00fcl\u00f6nb\u00f6z\u0151 munkak\u00f6vetelm\u00e9nyekhez.<\/p>\n<h3>K\u00f6nny\u0171 karbantart\u00e1s<\/h3>\n<p>A tervez\u00e9s sor\u00e1n figyelembe vett\u00e9k a karbantart\u00e1s \u00e9s a csere egyszer\u0171s\u00e9g\u00e9t, \u00edgy a rendszeres ellen\u0151rz\u00e9s \u00e9s karbantart\u00e1s k\u00e9nyelmesebb\u00e9 v\u00e1lt, cs\u00f6kkentve a berendez\u00e9sek \u00e1ll\u00e1sidej\u00e9t.<\/p>\n<p><img decoding=\"async\" src=\"https:\/\/www.hydraulic-cylinders.net\/wp-content\/uploads\/2025\/01\/songte-oil-pipes-and-spare-parts.webp\" alt=\"Alkatr\u00e9szek k\u00e9pe\"><\/p>\n<h2>Alkalmaz\u00e1sok<\/h2>\n<h3>\u00c9p\u00edt\u0151m\u00e9rn\u00f6ki<\/h3>\n<p>Kotr\u00f3g\u00e9pekn\u00e9l \u00e9s darukn\u00e1l a karhenger a v\u00f6dr\u00f6k vagy emel\u0151karok mozg\u00e1s\u00e1nak vez\u00e9rl\u00e9s\u00e9re szolg\u00e1l f\u00f6ldmozgat\u00e1shoz, anyagmozgat\u00e1shoz \u00e9s szerkezettelep\u00edt\u00e9shez.<\/p>\n<h3>Gy\u00e1rt\u00e1s<\/h3>\n<p>Az automatiz\u00e1lt gy\u00e1rt\u00f3sorokon a karhengert a mechanikus karok mozg\u00e1s\u00e1nak vez\u00e9rl\u00e9s\u00e9re haszn\u00e1lj\u00e1k az \u00f6sszeszerel\u00e9si, hegeszt\u00e9si \u00e9s anyagmozgat\u00e1si folyamatokhoz, jav\u00edtva a termel\u00e9si hat\u00e9konys\u00e1got \u00e9s a pontoss\u00e1got.<\/p>\n<h3>Mez\u0151gazdas\u00e1gi g\u00e9pek<\/h3>\n<p>A mez\u0151gazdas\u00e1gi g\u00e9pekben, p\u00e9ld\u00e1ul a betakar\u00edt\u00f3g\u00e9pekben \u00e9s a vet\u0151g\u00e9pekben a karhenger vez\u00e9rli a m\u0171k\u00f6dtet\u0151 kar mozg\u00e1s\u00e1t, olyan feladatokat l\u00e1tva el, mint a vet\u00e9s, a tr\u00e1gy\u00e1z\u00e1s \u00e9s a betakar\u00edt\u00e1s.<\/p>\n<h3>B\u00e1ny\u00e1szati<\/h3>\n<p>B\u00e1ny\u00e1szati \u200b\u200bberendez\u00e9sekben a karhengert a b\u00e1ny\u00e1szati \u200b\u200bberendez\u00e9sek karmozg\u00e1s\u00e1nak vez\u00e9rl\u00e9s\u00e9re, \u00e9rcek b\u00e1ny\u00e1szat\u00e1ra \u00e9s sz\u00e1ll\u00edt\u00e1s\u00e1ra haszn\u00e1lj\u00e1k.<\/p>\n<h3>Logisztika \u00e9s sz\u00e1ll\u00edtm\u00e1nyoz\u00e1s<\/h3>\n<p>Targonc\u00e1kban \u00e9s anyagmozgat\u00f3 robotokban a karhenger a vill\u00e1k emel\u00e9s\u00e9nek \u00e9s mozg\u00e1s\u00e1nak vez\u00e9rl\u00e9s\u00e9re szolg\u00e1l, ez\u00e1ltal biztos\u00edtva az anyagmozgat\u00e1st \u00e9s a rakod\u00e1st.<\/p>\n<h2>Tervez\u00e9si szempontok \u00e9s kiv\u00e1laszt\u00e1si krit\u00e9riumok<\/h2>\n<h3>Teherb\u00edr\u00e1s<\/h3>\n<p>A karhengernek elegend\u0151 teherb\u00edr\u00e1ssal kell rendelkeznie ahhoz, hogy megfeleljen a k\u00fcl\u00f6nb\u00f6z\u0151 mechanikus berendez\u00e9sek m\u0171k\u00f6d\u00e9s\u00e9nek k\u00f6vetelm\u00e9nyeinek.<\/p>\n<h3>T\u00f6m\u00edt\u00e9si teljes\u00edtm\u00e9ny<\/h3>\n<p>A karhengernek k\u00fcl\u00f6nf\u00e9le t\u00f6m\u00edt\u0151elemeket kell haszn\u00e1lnia, p\u00e9ld\u00e1ul dugatty\u00fat\u00f6m\u00edt\u00e9seket \u00e9s r\u00fadt\u00f6m\u00edt\u00e9seket, amelyek kop\u00e1s\u00e1ll\u00f3 anyagokb\u00f3l, p\u00e9ld\u00e1ul poliuret\u00e1nb\u00f3l \u00e9s nitrilgumib\u00f3l k\u00e9sz\u00fclnek, a kiv\u00e1l\u00f3 t\u00f6m\u00edt\u00e9si teljes\u00edtm\u00e9ny biztos\u00edt\u00e1sa \u00e9rdek\u00e9ben.<\/p>\n<h3>Tart\u00f3ss\u00e1g<\/h3>\n<p>A karhengernek nagy szil\u00e1rds\u00e1g\u00fa anyagokb\u00f3l kell k\u00e9sz\u00fclnie, a hengertestet \u00e9s a menetes v\u00e9gfel\u00fcletet pedig finoman meg kell munk\u00e1lni a kop\u00e1s\u00e1ll\u00f3s\u00e1g jav\u00edt\u00e1sa \u00e9rdek\u00e9ben.<\/p>\n<h3>Biztons\u00e1g<\/h3>\n<p>A karhengernek biztons\u00e1gi int\u00e9zked\u00e9sekkel, p\u00e9ld\u00e1ul t\u00falterhel\u00e9s elleni v\u00e9delemmel \u00e9s v\u00e9szle\u00e1ll\u00edt\u00f3val kell rendelkeznie a biztons\u00e1gos \u00e9s megb\u00edzhat\u00f3 m\u0171k\u00f6d\u00e9s biztos\u00edt\u00e1sa \u00e9rdek\u00e9ben.<\/p>\n<h3>Karbantarthat\u00f3s\u00e1g<\/h3>\n<p>A karhengert \u00fagy kell megtervezni, hogy k\u00f6nnyen karbantarthat\u00f3 \u00e9s cser\u00e9lhet\u0151 legyen, cs\u00f6kkentve a karbantart\u00e1si k\u00f6lts\u00e9geket \u00e9s az \u00e1ll\u00e1sid\u0151t.<\/p>\n<p><img decoding=\"async\" src=\"https:\/\/www.hydraulic-cylinders.net\/wp-content\/uploads\/2025\/01\/songte-cylinder-head-with-all-kinds-excavator-models.webp\" alt=\"Hengerfej k\u00e9pe\"><\/p>\n<h2>T\u00f6m\u00edt\u00e9s \u00e9s ken\u00e9s<\/h2>\n<p>A karhengernek k\u00fcl\u00f6nf\u00e9le kop\u00e1s\u00e1ll\u00f3 anyagokb\u00f3l, p\u00e9ld\u00e1ul poliuret\u00e1nb\u00f3l \u00e9s nitrilgumib\u00f3l k\u00e9sz\u00fclt t\u00f6m\u00edt\u0151elemeket kell haszn\u00e1lnia a kiv\u00e1l\u00f3 t\u00f6m\u00edt\u00e9si teljes\u00edtm\u00e9ny biztos\u00edt\u00e1sa \u00e9rdek\u00e9ben. A hengertestet \u00e9s a menetes v\u00e9gfel\u00fcletet finoman megmunk\u00e1lni kell a kop\u00e1s\u00e1ll\u00f3s\u00e1g jav\u00edt\u00e1sa \u00e9rdek\u00e9ben. A ken\u00e9shez rendszeres, megfelel\u0151 mennyis\u00e9g\u0171 hidraulikaolaj hozz\u00e1ad\u00e1sa sz\u00fcks\u00e9ges.<\/p>\n<h2>Ellen\u0151rz\u00e9s \u00e9s karbantart\u00e1s<\/h2>\n<h3>Ellen\u0151rz\u00e9s<\/h3>\n<p>A karhenger rendszeres ellen\u0151rz\u00e9se sz\u00fcks\u00e9ges annak biztons\u00e1gos \u00e9s megb\u00edzhat\u00f3 m\u0171k\u00f6d\u00e9s\u00e9nek biztos\u00edt\u00e1s\u00e1hoz. Az ellen\u0151rz\u00e9s mag\u00e1ban foglalja t\u00f6bbek k\u00f6z\u00f6tt a t\u00f6m\u00edt\u00e9s teljes\u00edtm\u00e9ny\u00e9nek, a kop\u00e1s \u00e1llapot\u00e1nak \u00e9s a r\u00f6gz\u00edt\u0151csavarok ellen\u0151rz\u00e9s\u00e9t.<\/p>\n<h3>Karbantart\u00e1s<\/h3>\n<p>A karhengert rendszeresen karban kell tartani a gy\u00e1rt\u00f3 utas\u00edt\u00e1sai szerint. A karbantart\u00e1s mag\u00e1ban foglalja t\u00f6bbek k\u00f6z\u00f6tt a t\u00f6m\u00edt\u0151elemek cser\u00e9j\u00e9t, a hengertest tiszt\u00edt\u00e1s\u00e1t \u00e9s a biztons\u00e1gi int\u00e9zked\u00e9sek ellen\u0151rz\u00e9s\u00e9t.<\/p>\n<p><img decoding=\"async\" src=\"https:\/\/www.hydraulic-cylinders.net\/wp-content\/uploads\/2025\/01\/songte-chushion-collar.webp\" alt=\"Gall\u00e9rk\u00e9p\"><\/p>\n<h2>Telep\u00edt\u00e9si \u00fatmutat\u00f3<\/h2>\n<p>A karhenger beszerel\u00e9sekor a gy\u00e1rt\u00f3 utas\u00edt\u00e1sait kell k\u00f6vetni, \u00e9s megfelel\u0151 szersz\u00e1mokat kell haszn\u00e1lni. A hengertestet biztons\u00e1gosan kell beszerelni, a cs\u0151vezet\u00e9k-csatlakoz\u00e1st pedig szorosan kell biztos\u00edtani az olajsziv\u00e1rg\u00e1s megakad\u00e1lyoz\u00e1sa \u00e9rdek\u00e9ben. A beszerel\u00e9s sor\u00e1n figyelembe kell venni a hengertest helyzet\u00e9t \u00e9s ir\u00e1ny\u00e1t, a k\u00e1belvezet\u00e9st, valamint a k\u00f6rnyezet hat\u00e1s\u00e1t a henger teljes\u00edtm\u00e9ny\u00e9re.<\/p>\n<h2>Biztons\u00e1gi \u00e9s k\u00f6rnyezetv\u00e9delmi szempontok<\/h2>\n<p>A biztons\u00e1gos m\u0171k\u00f6d\u00e9s biztos\u00edt\u00e1sa \u00e9rdek\u00e9ben biztons\u00e1gi int\u00e9zked\u00e9seket, p\u00e9ld\u00e1ul t\u00falterhel\u00e9sv\u00e9delmet \u00e9s v\u00e9szle\u00e1ll\u00edt\u00f3t kell bevezetni. Figyelmet kell ford\u00edtani a k\u00f6rnyezeti t\u00e9nyez\u0151kre is, p\u00e9ld\u00e1ul a h\u0151m\u00e9rs\u00e9kletre, a porra \u00e9s a p\u00e1ratartalomra, hogy elker\u00fclj\u00fck a karhenger k\u00e1rosod\u00e1s\u00e1t.<\/p>\n<h2>Hibadiagn\u00f3zis \u00e9s gyakori probl\u00e9m\u00e1k<\/h2>\n<h3>Hibadiagn\u00f3zis<\/h3>\n<p>A karhenger gyakori hib\u00e1i k\u00f6z\u00e9 tartozik az olajsziv\u00e1rg\u00e1s, az el\u00e9gtelen teljes\u00edtm\u00e9ny, a rendellenes zaj \u00e9s a lass\u00fa mozg\u00e1s. A hiba diagnosztiz\u00e1l\u00e1s\u00e1hoz a gy\u00e1rt\u00f3 m\u0171szaki t\u00e1mogat\u00e1s\u00e1t vagy a szakk\u00e9pzett karbantart\u00f3 szem\u00e9lyzetet kell ig\u00e9nybe venni.<\/p>\n<h3>Gyakori probl\u00e9m\u00e1k<\/h3>\n<p>A karhenger gyakori probl\u00e9m\u00e1i k\u00f6z\u00e9 tartoznak a kopott t\u00f6m\u00edt\u0151elemek, a szennyezett hidraulikaolaj \u00e9s a s\u00e9r\u00fclt dugatty\u00farudak. Ezen probl\u00e9m\u00e1k megold\u00e1s\u00e1hoz ki kell cser\u00e9lni a megfelel\u0151 alkatr\u00e9szeket \u00e9s meg kell tiszt\u00edtani a hidraulikus rendszert.<\/p>\n<p><img decoding=\"async\" src=\"https:\/\/www.hydraulic-cylinders.net\/wp-content\/uploads\/2025\/01\/songte-bushings-with-all-kinds-of-excavator-models.webp\" alt=\"Perselyek k\u00e9pe\"><\/p>\n<h2>R\u00f3lunk<\/h2>\n<p>Sz\u00e9les term\u00e9kv\u00e1laszt\u00e9kkal rendelkez\u0151 p\u00f3talkatr\u00e9sz-hidraulikus hengerek professzion\u00e1lis gy\u00e1rt\u00f3ja vagyunk. A hazai \u00e9s nemzetk\u00f6zi piacok egyik vezet\u0151 hidraulikus hengergy\u00e1rt\u00f3j\u00e1v\u00e1 \u00e9s nagykereskedelmi forgalmaz\u00f3j\u00e1v\u00e1 v\u00e1ltunk. Mindig a kiv\u00e1l\u00f3 min\u0151s\u00e9g elv\u00e9t k\u00f6vetj\u00fck, a finomgy\u00e1rt\u00f3 m\u0171hely ipari termel\u00e9sir\u00e1ny\u00edt\u00e1si strat\u00e9gi\u00e1j\u00e1ra t\u00e1maszkodunk, \u00e9s folyamatosan fejlesztj\u00fck technol\u00f3giai szint\u00fcnket \u00e9s termel\u00e9si hat\u00e9konys\u00e1gunkat. Cs\u00facskateg\u00f3ri\u00e1s digit\u00e1lis gy\u00e1rt\u00f3berendez\u00e9sek \u00e9s professzion\u00e1lis tesztel\u0151rendszerek bevezet\u00e9s\u00e9vel optimaliz\u00e1ljuk gy\u00e1rt\u00e1si platformunkat, fejlesztj\u00fck term\u00e9kmin\u0151s\u00e9g-ellen\u0151rz\u00e9si folyamatunkat, \u00e9s er\u0151s innov\u00e1ci\u00f3s k\u00e9pess\u00e9ggel rendelkez\u00fcnk. C\u00e9lunk, hogy a hat\u00e9konys\u00e1g, a pontoss\u00e1g \u00e9s a magas min\u0151s\u00e9g elveivel el\u00e9g\u00edts\u00fck ki \u00fcgyfeleink sokr\u00e9t\u0171 ig\u00e9nyeit.<\/p>\n<h2>Szolg\u00e1ltat\u00e1saink<\/h2>\n<h3>Szakmaiass\u00e1g<\/h3>\n<p>Professzion\u00e1lis csapatunk magas sz\u00ednvonal\u00fa \u00e9rt\u00e9kes\u00edt\u00e9s el\u0151tti, \u00e9rt\u00e9kes\u00edt\u00e9si \u00e9s \u00e9rt\u00e9kes\u00edt\u00e9s ut\u00e1ni szolg\u00e1ltat\u00e1sokat ny\u00fajt \u00fcgyfeleinknek, \u00e9s az \u00fcgyfelek ig\u00e9nyei alapj\u00e1n testreszabott megold\u00e1sokat k\u00edn\u00e1l.<\/p>\n<h3>Nemzetk\u00f6zi min\u0151s\u00edt\u00e9s<\/h3>\n<p>Term\u00e9keink megfelelnek a nemzetk\u00f6zi el\u0151\u00edr\u00e1soknak \u00e9s a k\u00fcl\u00f6nb\u00f6z\u0151 piacok min\u0151s\u00e9gi el\u0151\u00edr\u00e1sainak, biztos\u00edtva ezzel a term\u00e9k megb\u00edzhat\u00f3s\u00e1g\u00e1t \u00e9s hiteless\u00e9g\u00e9t.<\/p>\n<h3>Testreszab\u00e1si szolg\u00e1ltat\u00e1sok<\/h3>\n<p>Testreszabott szolg\u00e1ltat\u00e1sokat k\u00edn\u00e1lunk az \u00fcgyfelek egyedi ig\u00e9nyeinek kiel\u00e9g\u00edt\u00e9s\u00e9re, bele\u00e9rtve a term\u00e9ktervez\u00e9st, az anyagv\u00e1laszt\u00e1st \u00e9s a csomagol\u00e1st.<\/p>\n<h3>Termel\u00e9si berendez\u00e9sek<\/h3>\n<p>Korszer\u0171 gy\u00e1rt\u00f3berendez\u00e9sekkel rendelkez\u00fcnk, bele\u00e9rtve a CNC szersz\u00e1mg\u00e9peket, automata hegeszt\u0151g\u00e9peket \u00e9s fel\u00fcletkezel\u0151 berendez\u00e9seket, hogy megfelelj\u00fcnk a k\u00fcl\u00f6nb\u00f6z\u0151 termel\u00e9si k\u00f6vetelm\u00e9nyeknek \u00e9s jav\u00edtsuk a termel\u00e9si hat\u00e9konys\u00e1got.<\/p>\n<h3>\u00c9rt\u00e9kes\u00edt\u00e9s ut\u00e1ni szolg\u00e1ltat\u00e1s<\/h3>\n<p>Hat\u00e9kony \u00e9rt\u00e9kes\u00edt\u00e9s ut\u00e1ni szolg\u00e1ltat\u00e1st ny\u00fajtunk az \u00fcgyfelek probl\u00e9m\u00e1inak id\u0151ben t\u00f6rt\u00e9n\u0151 megold\u00e1sa \u00e9rdek\u00e9ben, bele\u00e9rtve a garanci\u00e1lis szolg\u00e1ltat\u00e1sokat, a karbantart\u00e1si \u00e9s jav\u00edt\u00e1si szolg\u00e1ltat\u00e1sokat.<\/p>\n<p><img decoding=\"async\" src=\"https:\/\/www.hydraulic-cylinders.net\/wp-content\/uploads\/2025\/01\/songte-company-4.webp\" alt=\"C\u00e9ges im\u00e1zs\"><br \/>\n<img decoding=\"async\" src=\"https:\/\/www.hydraulic-cylinders.net\/wp-content\/uploads\/2025\/01\/songte-company-3.webp\" alt=\"C\u00e9ges im\u00e1zs\"><\/p>\n<p>Szerz\u0151: lyl.<\/p>","protected":false},"excerpt":{"rendered":"<p>Introduction Arm Cylinder For Bonny WZY32-7 The Arm Cylinder for Bonny WZY32-7 is a specialized hydraulic cylinder designed to provide linear motion and power to the arm of various types of machinery, such as excavators, cranes, and mechanical arms. Arm cylinders play a critical role in hydraulic systems, allowing attached tools or attachments to move [&hellip;]<\/p>","protected":false},"featured_media":14763,"comment_status":"open","ping_status":"closed","template":"","meta":{"_et_pb_use_builder":"","_et_pb_old_content":"","_et_gb_content_width":""},"product_brand":[],"product_cat":[1497],"product_tag":[1498,1496],"class_list":{"0":"post-16856","1":"product","2":"type-product","3":"status-publish","4":"has-post-thumbnail","6":"product_cat-arm-cylinders","7":"product_tag-arm-cylinders","8":"product_tag-hydraulic-cylinders","10":"first","11":"instock","12":"shipping-taxable","13":"product-type-simple"},"amp_enabled":true,"_links":{"self":[{"href":"https:\/\/www.hydraulic-cylinders.net\/hu\/wp-json\/wp\/v2\/product\/16856","targetHints":{"allow":["GET"]}}],"collection":[{"href":"https:\/\/www.hydraulic-cylinders.net\/hu\/wp-json\/wp\/v2\/product"}],"about":[{"href":"https:\/\/www.hydraulic-cylinders.net\/hu\/wp-json\/wp\/v2\/types\/product"}],"replies":[{"embeddable":true,"href":"https:\/\/www.hydraulic-cylinders.net\/hu\/wp-json\/wp\/v2\/comments?post=16856"}],"wp:featuredmedia":[{"embeddable":true,"href":"https:\/\/www.hydraulic-cylinders.net\/hu\/wp-json\/wp\/v2\/media\/14763"}],"wp:attachment":[{"href":"https:\/\/www.hydraulic-cylinders.net\/hu\/wp-json\/wp\/v2\/media?parent=16856"}],"wp:term":[{"taxonomy":"product_brand","embeddable":true,"href":"https:\/\/www.hydraulic-cylinders.net\/hu\/wp-json\/wp\/v2\/product_brand?post=16856"},{"taxonomy":"product_cat","embeddable":true,"href":"https:\/\/www.hydraulic-cylinders.net\/hu\/wp-json\/wp\/v2\/product_cat?post=16856"},{"taxonomy":"product_tag","embeddable":true,"href":"https:\/\/www.hydraulic-cylinders.net\/hu\/wp-json\/wp\/v2\/product_tag?post=16856"}],"curies":[{"name":"munkaf\u00fczet","href":"https:\/\/api.w.org\/{rel}","templated":true}]}}