{"id":16866,"date":"2025-01-21T06:09:07","date_gmt":"2025-01-21T06:09:07","guid":{"rendered":"https:\/\/www.hydraulic-cylinders.net\/product\/arm-cylinder-for-bonny-ced260-6\/"},"modified":"2025-01-21T06:09:09","modified_gmt":"2025-01-21T06:09:09","slug":"arm-cylinder-for-bonny-ced260-6","status":"publish","type":"product","link":"https:\/\/www.hydraulic-cylinders.net\/hu\/termek\/arm-cylinder-for-bonny-ced260-6\/","title":{"rendered":"Karhenger Bonny CED260-6-hoz"},"content":{"rendered":"<h2>Karhenger Bonny CED260-6-hoz<\/h2>\n<p>A karhenger, ahogy a neve is sugallja, egy speci\u00e1lis hidraulikus henger, amelyet arra terveztek, hogy line\u00e1ris mozg\u00e1st \u00e9s er\u0151t biztos\u00edtson k\u00fcl\u00f6nf\u00e9le g\u00e9pek, p\u00e9ld\u00e1ul kotr\u00f3g\u00e9pek, daruk \u00e9s mechanikus karok karj\u00e1nak. Ezek a hengerek kulcsszerepet j\u00e1tszanak a hidraulikus rendszerekben, lehet\u0151v\u00e9 t\u00e9ve a tov\u00e1bbi szersz\u00e1mok vagy tartoz\u00e9kok hat\u00e9kony mozg\u00e1s\u00e1t \u00e9s vez\u00e9rl\u00e9s\u00e9t. Ezek a hengerek nemcsak sima mozg\u00e1st tesznek lehet\u0151v\u00e9, hanem nagy terhel\u00e9seket is elviselnek, biztos\u00edtva a g\u00e9p hat\u00e9kony m\u0171k\u00f6d\u00e9s\u00e9t \u00e9s megb\u00edzhat\u00f3s\u00e1g\u00e1t k\u00fcl\u00f6nb\u00f6z\u0151 munkak\u00f6r\u00fclm\u00e9nyek k\u00f6z\u00f6tt.<\/p>\n<p><img decoding=\"async\" src=\"https:\/\/www.hydraulic-cylinders.net\/wp-content\/uploads\/2025\/01\/songte-company-2.webp\" alt=\"Karhenger k\u00e9pe\"><\/p>\n<h3>A Bonny CED260-6 karhenger\u00e9nek jellemz\u0151i<\/h3>\n<ol>\n<li>\n<p>Nagy hat\u00e9konys\u00e1g\u00fa er\u0151\u00e1tvitel: A karhenger er\u0151teljes line\u00e1ris mozg\u00e1st \u00e9s er\u0151t biztos\u00edt, biztos\u00edtva a mechanikus kar nagy teljes\u00edtm\u00e9ny\u00e9t k\u00fcl\u00f6nf\u00e9le m\u0171veletek sor\u00e1n.<\/p>\n<\/li>\n<li>\n<p>Prec\u00edzi\u00f3s vez\u00e9rl\u00e9s: A hidraulikus rendszeren kereszt\u00fcl a karhenger prec\u00edz mozg\u00e1svez\u00e9rl\u00e9st tesz lehet\u0151v\u00e9, \u00edgy a tov\u00e1bbi szersz\u00e1mok kezel\u00e9se rugalmasabb \u00e9s pontosabb.<\/p>\n<\/li>\n<li>\n<p>Er\u0151s tart\u00f3ss\u00e1g: A karos munkahengerek jellemz\u0151en nagy szil\u00e1rds\u00e1g\u00fa anyagokb\u00f3l k\u00e9sz\u00fclnek, kiv\u00e1l\u00f3 kop\u00e1s- \u00e9s korr\u00f3zi\u00f3\u00e1ll\u00f3s\u00e1ggal rendelkeznek, \u00edgy alkalmasak hossz\u00fa t\u00e1v\u00fa haszn\u00e1latra zord k\u00f6rnyezetben.<\/p>\n<\/li>\n<li>\n<p>T\u00f6bbfunkci\u00f3s alkalmazkod\u00f3k\u00e9pess\u00e9g: Ezek a munkahengerek sz\u00e9les k\u00f6rben alkalmazhat\u00f3k k\u00fcl\u00f6nf\u00e9le g\u00e9pekben, p\u00e9ld\u00e1ul kotr\u00f3g\u00e9pekben, darukban \u00e9s mechanikus karokban, alkalmazkodva a k\u00fcl\u00f6nb\u00f6z\u0151 munkak\u00f6vetelm\u00e9nyekhez.<\/p>\n<\/li>\n<li>\n<p>K\u00f6nny\u0171 karbantart\u00e1s: A kialak\u00edt\u00e1s figyelembe veszi az egyszer\u0171 karbantart\u00e1st \u00e9s cser\u00e9t, \u00edgy a rendszeres ellen\u0151rz\u00e9s \u00e9s karbantart\u00e1s k\u00e9nyelmes, mik\u00f6zben minimaliz\u00e1lja a berendez\u00e9s \u00e1ll\u00e1sidej\u00e9t.<\/p>\n<\/li>\n<\/ol>\n<p><img decoding=\"async\" src=\"https:\/\/www.hydraulic-cylinders.net\/wp-content\/uploads\/2025\/01\/songte-oil-pipes-and-spare-parts.webp\" alt=\"Hidraulikus henger k\u00e9pe\"><\/p>\n<h3>A Bonny CED260-6 karhenger\u00e9nek alkalmaz\u00e1sai<\/h3>\n<p>A karhengereket sz\u00e9les k\u00f6rben haszn\u00e1lj\u00e1k k\u00fcl\u00f6nf\u00e9le ipar\u00e1gakban, k\u00fcl\u00f6nb\u00f6z\u0151 alkalmaz\u00e1sokhoz:<\/p>\n<ul>\n<li>\n<p>\u00c9p\u00edt\u0151ipar: Kotr\u00f3g\u00e9pekben \u00e9s darukban a karhengerek szab\u00e1lyozz\u00e1k a v\u00f6dr\u00f6k vagy g\u00e9mek mozg\u00e1s\u00e1t, f\u00f6ldmunk\u00e1k, anyagmozgat\u00e1s \u00e9s szerkezeti telep\u00edt\u00e9sek elv\u00e9gz\u00e9s\u00e9t.<\/p>\n<\/li>\n<li>\n<p>Gy\u00e1rt\u00f3ipar: Az automatiz\u00e1lt gy\u00e1rt\u00f3sorokon a karhengerek lehet\u0151v\u00e9 teszik a mechanikus karok mozg\u00e1s\u00e1t olyan folyamatokhoz, mint az \u00f6sszeszerel\u00e9s, hegeszt\u00e9s \u00e9s anyagmozgat\u00e1s, n\u00f6velve a termel\u00e9si hat\u00e9konys\u00e1got \u00e9s a pontoss\u00e1got.<\/p>\n<\/li>\n<li>\n<p>Mez\u0151gazdas\u00e1gi g\u00e9pek: A mez\u0151gazdas\u00e1gi berendez\u00e9sekben, p\u00e9ld\u00e1ul a betakar\u00edt\u00f3g\u00e9pekben \u00e9s a vet\u0151g\u00e9pekben a karhengerek vez\u00e9rlik a m\u0171k\u00f6dtet\u0151 karok mozg\u00e1s\u00e1t, olyan feladatokat l\u00e1tva el, mint a vet\u00e9s, a m\u0171tr\u00e1gy\u00e1z\u00e1s \u00e9s a betakar\u00edt\u00e1s.<\/p>\n<\/li>\n<li>\n<p>B\u00e1ny\u00e1szat: A b\u00e1ny\u00e1szati \u200b\u200bberendez\u00e9sekben a karhengerek szab\u00e1lyozz\u00e1k a b\u00e1ny\u00e1szati \u200b\u200bg\u00e9pek karj\u00e1nak mozg\u00e1s\u00e1t, megk\u00f6nny\u00edtve az \u00e9rc kitermel\u00e9s\u00e9t \u00e9s sz\u00e1ll\u00edt\u00e1s\u00e1t.<\/p>\n<\/li>\n<li>\n<p>Logisztika \u00e9s sz\u00e1ll\u00edt\u00e1s: Targonc\u00e1kban \u00e9s anyagmozgat\u00f3 robotokban a karhengerek vez\u00e9rlik a vill\u00e1k emel\u00e9s\u00e9t \u00e9s mozg\u00e1s\u00e1t, lehet\u0151v\u00e9 t\u00e9ve az anyagmozgat\u00e1st \u00e9s a rakod\u00e1st.<\/p>\n<\/li>\n<\/ul>\n<h3>Tervez\u00e9si szempontok \u00e9s kiv\u00e1laszt\u00e1si krit\u00e9riumok<\/h3>\n<p>A karos munkahengerek tervez\u00e9sekor sz\u00e1mos t\u00e9nyez\u0151 \u00e9s krit\u00e9rium j\u00e1tszik szerepet:<\/p>\n<ul>\n<li>\n<p>Teherb\u00edr\u00e1s: A karhengerek meghat\u00e1rozott terhel\u00e9sek kezel\u00e9s\u00e9re vannak tervezve, biztos\u00edtva az optim\u00e1lis teljes\u00edtm\u00e9nyt \u00e9s biztons\u00e1got k\u00fcl\u00f6nb\u00f6z\u0151 alkalmaz\u00e1sokban.<\/p>\n<\/li>\n<li>\n<p>T\u00f6m\u00edt\u00e9s: K\u00fcl\u00f6nb\u00f6z\u0151 t\u00f6m\u00edt\u0151elemeket, p\u00e9ld\u00e1ul dugatty\u00fat\u00f6m\u00edt\u00e9seket \u00e9s r\u00fadt\u00f6m\u00edt\u00e9seket haszn\u00e1lnak, amelyek kop\u00e1s\u00e1ll\u00f3 anyagokb\u00f3l, p\u00e9ld\u00e1ul poliuret\u00e1nb\u00f3l \u00e9s nitrilgumib\u00f3l k\u00e9sz\u00fclnek. A hengertest \u00e9s a menetes v\u00e9gek fel\u00fcletei finom megmunk\u00e1l\u00e1son esnek \u00e1t a kop\u00e1s\u00e1ll\u00f3s\u00e1g fokoz\u00e1sa \u00e9rdek\u00e9ben.<\/p>\n<\/li>\n<li>\n<p>Tart\u00f3ss\u00e1g: A karos munkahengerek kiv\u00e1l\u00f3 min\u0151s\u00e9g\u0171 anyagokb\u00f3l \u00e9s prec\u00edz megmunk\u00e1l\u00e1si technik\u00e1kb\u00f3l k\u00e9sz\u00fclnek, hogy biztos\u00edts\u00e1k a tart\u00f3ss\u00e1got \u00e9s a hossz\u00fa \u00e9lettartamot ig\u00e9nyl\u0151 k\u00f6rnyezetben.<\/p>\n<\/li>\n<li>\n<p>Biztons\u00e1g: A biztons\u00e1gi szempontok rendk\u00edv\u00fcl fontosak a karhengerek tervez\u00e9sekor a balesetek megel\u0151z\u00e9se, valamint a kezel\u0151k \u00e9s a k\u00f6rnyez\u0151 szem\u00e9lyzet j\u00f3l\u00e9t\u00e9nek biztos\u00edt\u00e1sa \u00e9rdek\u00e9ben.<\/p>\n<\/li>\n<li>\n<p>Karbantarthat\u00f3s\u00e1g: A tervez\u00e9si jellemz\u0151k a k\u00f6nny\u0171 karbantart\u00e1s \u00e9s jav\u00edt\u00e1s el\u0151seg\u00edt\u00e9s\u00e9t, az \u00e1ll\u00e1sid\u0151 minimaliz\u00e1l\u00e1s\u00e1t \u00e9s a m\u0171k\u00f6d\u00e9si hat\u00e9konys\u00e1g maximaliz\u00e1l\u00e1s\u00e1t szolg\u00e1lj\u00e1k.<\/p>\n<\/li>\n<\/ul>\n<p><img decoding=\"async\" src=\"https:\/\/www.hydraulic-cylinders.net\/wp-content\/uploads\/2025\/01\/songte-cylinder-head-with-all-kinds-excavator-models.webp\" alt=\"Hengerfej k\u00e9pe\"><\/p>\n<h3>A karhenger t\u00f6m\u00edt\u00e9se \u00e9s ken\u00e9se<\/h3>\n<p>A karhengerek k\u00fcl\u00f6nf\u00e9le t\u00f6m\u00edt\u0151elemeket haszn\u00e1lnak, \u00e9s rendszeres ken\u00e9st ig\u00e9nyelnek:<\/p>\n<ul>\n<li>\n<p>T\u00f6m\u00edt\u0151elemek: A karos munkahengerek dugatty\u00fat\u00f6m\u00edt\u00e9seket, r\u00fadt\u00f6m\u00edt\u00e9seket \u00e9s egy\u00e9b t\u00f6m\u00edt\u0151elemeket haszn\u00e1lnak, amelyek kop\u00e1s\u00e1ll\u00f3 anyagokb\u00f3l, p\u00e9ld\u00e1ul poliuret\u00e1nb\u00f3l \u00e9s nitrilgumib\u00f3l k\u00e9sz\u00fclnek.<\/p>\n<\/li>\n<li>\n<p>Hengertest \u00e9s menetes v\u00e9g kezel\u00e9se: A hengertest \u00e9s a menetes v\u00e9gek apr\u00f3l\u00e9kos kezel\u00e9sen esnek \u00e1t a kop\u00e1s\u00e1ll\u00f3s\u00e1g fokoz\u00e1sa \u00e9rdek\u00e9ben.<\/p>\n<\/li>\n<li>\n<p>Rendszeres ken\u00e9s: A ken\u00e9shez megfelel\u0151 mennyis\u00e9g\u0171 hidraulikaolaj sz\u00fcks\u00e9ges, \u00e9s a zavartalan m\u0171k\u00f6d\u00e9s biztos\u00edt\u00e1sa \u00e9rdek\u00e9ben rendszeres id\u0151k\u00f6z\u00f6nk\u00e9nt a megfelel\u0151 mennyis\u00e9get kell ut\u00e1nt\u00f6lteni.<\/p>\n<\/li>\n<\/ul>\n<h3>Rendszeres ellen\u0151rz\u00e9s \u00e9s megel\u0151z\u0151 karbantart\u00e1s<\/h3>\n<p>A karhengerek optim\u00e1lis teljes\u00edtm\u00e9ny\u00e9nek \u00e9s hossz\u00fa \u00e9lettartam\u00e1nak biztos\u00edt\u00e1sa \u00e9rdek\u00e9ben elengedhetetlen a rendszeres ellen\u0151rz\u00e9s \u00e9s a megel\u0151z\u0151 karbantart\u00e1s:<\/p>\n<ul>\n<li>\n<p>Ellen\u0151rz\u00e9s: Rendszeresen ellen\u0151rizze a karhengert kop\u00e1s, sziv\u00e1rg\u00e1s vagy s\u00e9r\u00fcl\u00e9s jelei szempontj\u00e1b\u00f3l. Figyeljen a t\u00f6m\u00edt\u0151 alkatr\u00e9szek \u00e1llapot\u00e1ra \u00e9s a henger \u00e1ltal\u00e1nos teljes\u00edtm\u00e9ny\u00e9re.<\/p>\n<\/li>\n<li>\n<p>Megel\u0151z\u0151 karbantart\u00e1s: Tartsa be az aj\u00e1nlott karbantart\u00e1si id\u0151k\u00f6z\u00f6ket, \u00e9s v\u00e9gezzen megel\u0151z\u0151 feladatokat, p\u00e9ld\u00e1ul tiszt\u00edt\u00e1st, ken\u00e9st \u00e9s az elkopott alkatr\u00e9szek cser\u00e9j\u00e9t.<\/p>\n<\/li>\n<\/ul>\n<p><img decoding=\"async\" src=\"https:\/\/www.hydraulic-cylinders.net\/wp-content\/uploads\/2025\/01\/songte-chushion-collar.webp\" alt=\"Chushion gall\u00e9r k\u00e9p\"><\/p>\n<h3>A karhenger megfelel\u0151 telep\u00edt\u00e9si \u00fatmutat\u00f3ja<\/h3>\n<p>A karhenger megfelel\u0151 beszerel\u00e9se elengedhetetlen az optim\u00e1lis m\u0171k\u00f6d\u00e9s\u00e9hez \u00e9s hossz\u00fa \u00e9lettartam\u00e1hoz:<\/p>\n<ul>\n<li>\n<p>Tekintse meg a gy\u00e1rt\u00f3 telep\u00edt\u00e9si \u00fatmutat\u00f3j\u00e1t, \u00e9s gy\u0151z\u0151dj\u00f6n meg arr\u00f3l, hogy betartja az \u00f6sszes aj\u00e1nlott elj\u00e1r\u00e1st.<\/p>\n<\/li>\n<li>\n<p>A beszerel\u00e9s el\u0151tt ellen\u0151rizze a hengert \u00e9s a kapcsol\u00f3d\u00f3 alkatr\u00e9szeket s\u00e9r\u00fcl\u00e9sek vagy hib\u00e1k szempontj\u00e1b\u00f3l.<\/p>\n<\/li>\n<li>\n<p>Biztos\u00edtsa a henger megfelel\u0151 be\u00e1ll\u00edt\u00e1s\u00e1t \u00e9s biztons\u00e1gos r\u00f6gz\u00edt\u00e9s\u00e9t a g\u00e9pezethez, a megadott nyomat\u00e9k\u00e9rt\u00e9keknek megfelel\u0151en.<\/p>\n<\/li>\n<li>\n<p>Ellen\u0151rizze az \u00f6sszes hidraulikus csatlakoz\u00e1st sziv\u00e1rg\u00e1s szempontj\u00e1b\u00f3l, \u00e9s gondoskodjon a megfelel\u0151 t\u00f6m\u00edt\u00e9sr\u0151l.<\/p>\n<\/li>\n<li>\n<p>A beszerel\u00e9s ut\u00e1n ellen\u0151rizze a henger m\u0171k\u00f6d\u00e9s\u00e9t a megfelel\u0151 m\u0171k\u00f6d\u00e9s biztos\u00edt\u00e1sa \u00e9rdek\u00e9ben.<\/p>\n<\/li>\n<\/ul>\n<p><img decoding=\"async\" src=\"https:\/\/www.hydraulic-cylinders.net\/wp-content\/uploads\/2025\/01\/songte-bushings-with-all-kinds-of-excavator-models.webp\" alt=\"Perselyek k\u00e9pe\"><\/p>\n<h3>Biztons\u00e1gi szempontok \u00e9s k\u00f6rnyezeti t\u00e9nyez\u0151k<\/h3>\n<p>Karos munkahengerekkel v\u00e9gzett munka sor\u00e1n a biztons\u00e1gi int\u00e9zked\u00e9sek elengedhetetlenek a balesetek megel\u0151z\u00e9se \u00e9s a biztons\u00e1gos \u00fczemi k\u00f6rnyezet biztos\u00edt\u00e1sa \u00e9rdek\u00e9ben. Fontos figyelembe venni az olyan t\u00e9nyez\u0151ket, mint:<\/p>\n<ul>\n<li>\n<p>Biztons\u00e1gi \u00f3vint\u00e9zked\u00e9sek: Karhengerekkel felszerelt g\u00e9pek kezel\u00e9sekor tartsa be az \u00f6sszes biztons\u00e1gi ir\u00e1nyelvet \u00e9s protokollt. Haszn\u00e1ljon megfelel\u0151 v\u00e9d\u0151felszerel\u00e9st, \u00e9s k\u00f6vesse a megfelel\u0151 \u00fczemeltet\u00e9si elj\u00e1r\u00e1sokat.<\/p>\n<\/li>\n<li>\n<p>K\u00f6rnyezeti t\u00e9nyez\u0151k: Vegye figyelembe a munkak\u00f6r\u00fclm\u00e9nyeket \u00e9s a k\u00f6rnyezeti t\u00e9nyez\u0151ket, p\u00e9ld\u00e1ul a h\u0151m\u00e9rs\u00e9kletet, a p\u00e1ratartalmat \u00e9s a korroz\u00edv anyagoknak val\u00f3 kitetts\u00e9get. Gy\u0151z\u0151dj\u00f6n meg arr\u00f3l, hogy a karos munkahenger alkalmas az adott alkalmaz\u00e1si k\u00f6rnyezetre.<\/p>\n<\/li>\n<\/ul>\n<h3>Hibaelh\u00e1r\u00edt\u00e1s \u00e9s gyakori probl\u00e9m\u00e1k<\/h3>\n<p>Megb\u00edzhat\u00f3s\u00e1guk ellen\u00e9re a karos munkahengerekn\u00e9l el\u0151fordulhatnak olyan probl\u00e9m\u00e1k, amelyek hibaelh\u00e1r\u00edt\u00e1st ig\u00e9nyelnek. N\u00e9h\u00e1ny gyakori probl\u00e9ma a k\u00f6vetkez\u0151k:<\/p>\n<ul>\n<li>\n<p>Sziv\u00e1rg\u00e1s: Ellen\u0151rizze, hogy nincs-e hidraulikafolyad\u00e9k-sziv\u00e1rg\u00e1s, \u00e9s azonos\u00edtsa a forr\u00e1s\u00e1t. A sziv\u00e1rg\u00e1s oka lehet s\u00e9r\u00fclt t\u00f6m\u00edt\u00e9s vagy csatlakoz\u00e1s.<\/p>\n<\/li>\n<li>\n<p>Gyenge teljes\u00edtm\u00e9ny: Ha a kar munkahengere nem biztos\u00edtja a v\u00e1rt teljes\u00edtm\u00e9nyt vagy mozg\u00e1st, ellen\u0151rizze a hidraulikus rendszert, \u00e9s keressen akad\u00e1lyokat vagy meghib\u00e1sod\u00e1sokat.<\/p>\n<\/li>\n<li>\n<p>Rendellenes zaj: M\u0171k\u00f6d\u00e9s k\u00f6zben a szokatlan zajok mechanikai probl\u00e9m\u00e1kra vagy nem megfelel\u0151 ken\u00e9sre utalhatnak. Vizsg\u00e1lja meg a hengert \u00e9s a kapcsol\u00f3d\u00f3 alkatr\u00e9szeket rendelleness\u00e9gek szempontj\u00e1b\u00f3l.<\/p>\n<\/li>\n<\/ul>\n<p><img decoding=\"async\" src=\"https:\/\/www.hydraulic-cylinders.net\/wp-content\/uploads\/2025\/01\/songte-chushion-collar.webp\" alt=\"Chushion gall\u00e9r k\u00e9p\"><\/p>\n<p>K\u00f6vesse ezeket a tippeket \u00e9s megold\u00e1sokat a karhengerrel kapcsolatos probl\u00e9m\u00e1k hat\u00e9kony diagnosztiz\u00e1l\u00e1s\u00e1hoz \u00e9s megold\u00e1s\u00e1hoz. Ezenk\u00edv\u00fcl a megval\u00f3s\u00edt\u00e1s<\/p>","protected":false},"excerpt":{"rendered":"<p>Arm Cylinder For Bonny CED260-6 Arm Cylinder, as the name suggests, is a specialized hydraulic cylinder designed to provide linear motion and power to the arm of various machinery such as excavators, cranes, and mechanical arms. These cylinders play a crucial role in hydraulic systems, allowing for effective movement and control of additional tools or [&hellip;]<\/p>","protected":false},"featured_media":14763,"comment_status":"open","ping_status":"closed","template":"","meta":{"_et_pb_use_builder":"","_et_pb_old_content":"","_et_gb_content_width":""},"product_brand":[],"product_cat":[1497],"product_tag":[1498,1496],"class_list":{"0":"post-16866","1":"product","2":"type-product","3":"status-publish","4":"has-post-thumbnail","6":"product_cat-arm-cylinders","7":"product_tag-arm-cylinders","8":"product_tag-hydraulic-cylinders","10":"first","11":"instock","12":"shipping-taxable","13":"product-type-simple"},"amp_enabled":true,"_links":{"self":[{"href":"https:\/\/www.hydraulic-cylinders.net\/hu\/wp-json\/wp\/v2\/product\/16866","targetHints":{"allow":["GET"]}}],"collection":[{"href":"https:\/\/www.hydraulic-cylinders.net\/hu\/wp-json\/wp\/v2\/product"}],"about":[{"href":"https:\/\/www.hydraulic-cylinders.net\/hu\/wp-json\/wp\/v2\/types\/product"}],"replies":[{"embeddable":true,"href":"https:\/\/www.hydraulic-cylinders.net\/hu\/wp-json\/wp\/v2\/comments?post=16866"}],"wp:featuredmedia":[{"embeddable":true,"href":"https:\/\/www.hydraulic-cylinders.net\/hu\/wp-json\/wp\/v2\/media\/14763"}],"wp:attachment":[{"href":"https:\/\/www.hydraulic-cylinders.net\/hu\/wp-json\/wp\/v2\/media?parent=16866"}],"wp:term":[{"taxonomy":"product_brand","embeddable":true,"href":"https:\/\/www.hydraulic-cylinders.net\/hu\/wp-json\/wp\/v2\/product_brand?post=16866"},{"taxonomy":"product_cat","embeddable":true,"href":"https:\/\/www.hydraulic-cylinders.net\/hu\/wp-json\/wp\/v2\/product_cat?post=16866"},{"taxonomy":"product_tag","embeddable":true,"href":"https:\/\/www.hydraulic-cylinders.net\/hu\/wp-json\/wp\/v2\/product_tag?post=16866"}],"curies":[{"name":"munkaf\u00fczet","href":"https:\/\/api.w.org\/{rel}","templated":true}]}}