{"id":16871,"date":"2025-01-21T06:09:27","date_gmt":"2025-01-21T06:09:27","guid":{"rendered":"https:\/\/www.hydraulic-cylinders.net\/product\/arm-cylinder-for-bonny-waydq50-5\/"},"modified":"2025-01-21T06:09:29","modified_gmt":"2025-01-21T06:09:29","slug":"arm-cylinder-for-bonny-waydq50-5","status":"publish","type":"product","link":"https:\/\/www.hydraulic-cylinders.net\/hu\/termek\/arm-cylinder-for-bonny-waydq50-5\/","title":{"rendered":"Karhenger Bonny WAYDQ50-5-h\u00f6z"},"content":{"rendered":"<h1>Karhenger Bonny WAYDQ50-5-h\u00f6z<\/h1>\n<h2>Bevezet\u00e9s<\/h2>\n<p>A karhenger egy speci\u00e1lisan tervezett hidraulikus henger, amely line\u00e1ris mozg\u00e1st \u00e9s teljes\u00edtm\u00e9nyt biztos\u00edt k\u00fcl\u00f6nf\u00e9le g\u00e9pkarokhoz, p\u00e9ld\u00e1ul kotr\u00f3g\u00e9pekhez, darukhoz \u00e9s mechanikus karokhoz. A karhenger kulcsszerepet j\u00e1tszik a hidraulikus rendszerben, lehet\u0151v\u00e9 t\u00e9ve a tov\u00e1bbi szersz\u00e1mok vagy tartoz\u00e9kok mozg\u00e1s\u00e1t \u00e9s hat\u00e9kony vez\u00e9rl\u00e9s\u00e9t. Ezek a hengerek nemcsak sima mozg\u00e1st biztos\u00edtanak, hanem nagy terhel\u00e9seket is elb\u00edrnak, biztos\u00edtva a g\u00e9p hat\u00e9kony m\u0171k\u00f6d\u00e9s\u00e9t \u00e9s megb\u00edzhat\u00f3s\u00e1g\u00e1t k\u00fcl\u00f6nb\u00f6z\u0151 \u00fczemi k\u00f6r\u00fclm\u00e9nyek k\u00f6z\u00f6tt.<\/p>\n<p><img decoding=\"async\" src=\"https:\/\/www.hydraulic-cylinders.net\/wp-content\/uploads\/2025\/01\/songte-company-2.webp\" alt=\"Karhenger\" \/><\/p>\n<h2>Jellemz\u0151k<\/h2>\n<ul>\n<li>Hat\u00e9kony er\u0151\u00e1tvitel: A karhenger er\u0151teljes line\u00e1ris mozg\u00e1st \u00e9s er\u0151t biztos\u00edt a mechanikus kar nagy hat\u00e9konys\u00e1g\u00fa teljes\u00edtm\u00e9ny\u00e9nek biztos\u00edt\u00e1sa \u00e9rdek\u00e9ben k\u00fcl\u00f6nf\u00e9le m\u0171veletek sor\u00e1n.<\/li>\n<li>Prec\u00edz vez\u00e9rl\u00e9s: A hidraulikus rendszeren kereszt\u00fcl a karhenger prec\u00edz mozg\u00e1svez\u00e9rl\u00e9st \u00e9rhet el, \u00edgy a tov\u00e1bbi szersz\u00e1mok m\u0171k\u00f6dtet\u00e9se rugalmasabb \u00e9s pontosabb.<\/li>\n<li>Nagy tart\u00f3ss\u00e1g: A karos hengerek jellemz\u0151en nagy szil\u00e1rds\u00e1g\u00fa anyagokb\u00f3l k\u00e9sz\u00fclnek, j\u00f3 kop\u00e1s\u00e1ll\u00f3s\u00e1ggal \u00e9s korr\u00f3zi\u00f3\u00e1ll\u00f3s\u00e1ggal rendelkeznek, \u00e9s alkalmasak hossz\u00fa t\u00e1v\u00fa haszn\u00e1latra zord k\u00f6rnyezetben.<\/li>\n<li>T\u00f6bbfunkci\u00f3s alkalmazkod\u00f3k\u00e9pess\u00e9g: Ezek a hengerek sz\u00e9les k\u00f6rben alkalmazhat\u00f3k k\u00fcl\u00f6nf\u00e9le mechanikus berendez\u00e9sekben, p\u00e9ld\u00e1ul kotr\u00f3g\u00e9pekben, darukban \u00e9s mechanikus karokban, hogy megfeleljenek a k\u00fcl\u00f6nb\u00f6z\u0151 munkak\u00f6vetelm\u00e9nyeknek.<\/li>\n<li>K\u00f6nny\u0171 karbantart\u00e1s: Az egyszer\u0171 karbantart\u00e1s \u00e9s csere \u00e9rdek\u00e9ben a rendszeres ellen\u0151rz\u00e9sek \u00e9s karbantart\u00e1s k\u00e9nyelmesebb\u00e9 v\u00e1ltak, cs\u00f6kkentve a berendez\u00e9sek \u00e1ll\u00e1sidej\u00e9t.<\/li>\n<\/ul>\n<p>Ezt a term\u00e9ket el\u0151 tudjuk \u00e1ll\u00edtani, \u00e9s t\u00f6k\u00e9letesen helyettes\u00edtheti ezeket a hidraulikus hengereket.<\/p>\n<p><img decoding=\"async\" src=\"https:\/\/www.hydraulic-cylinders.net\/wp-content\/uploads\/2025\/01\/songte-oil-pipes-and-spare-parts.webp\" alt=\"Henger alkatr\u00e9szek\" \/><\/p>\n<h2>Alkalmaz\u00e1sok<\/h2>\n<p>A karhengert sz\u00e9les k\u00f6rben haszn\u00e1lj\u00e1k k\u00fcl\u00f6nf\u00e9le ipar\u00e1gakban, k\u00fcl\u00f6nb\u00f6z\u0151 alkalmaz\u00e1sokhoz:<\/p>\n<h3>\u00c9p\u00edt\u00e9s<\/h3>\n<p>Kotr\u00f3g\u00e9pekn\u00e9l \u00e9s darukn\u00e1l a karhenger a kan\u00e1l vagy a g\u00e9m mozg\u00e1s\u00e1nak vez\u00e9rl\u00e9s\u00e9re szolg\u00e1l f\u00f6ldmunk\u00e1kn\u00e1l, anyagmozgat\u00e1sn\u00e1l \u00e9s szerkezeti telep\u00edt\u00e9sekn\u00e9l.<\/p>\n<h3>Gy\u00e1rt\u00e1s<\/h3>\n<p>Az automatiz\u00e1lt gy\u00e1rt\u00f3sorokon a karhengert mechanikus karok mozgat\u00e1s\u00e1ra, \u00f6sszeszerel\u00e9sre, hegeszt\u00e9sre \u00e9s anyagmozgat\u00e1si m\u0171veletekre haszn\u00e1lj\u00e1k a termel\u00e9si hat\u00e9konys\u00e1g \u00e9s a pontoss\u00e1g jav\u00edt\u00e1sa \u00e9rdek\u00e9ben.<\/p>\n<h3>Mez\u0151gazdas\u00e1gi g\u00e9pek<\/h3>\n<p>A mez\u0151gazdas\u00e1gi g\u00e9pekben, p\u00e9ld\u00e1ul a betakar\u00edt\u00f3g\u00e9pekben \u00e9s a vet\u0151g\u00e9pekben a karhenger vez\u00e9rli a m\u0171k\u00f6dtet\u0151 kar mozg\u00e1s\u00e1t olyan feladatok elv\u00e9gz\u00e9s\u00e9hez, mint a vet\u00e9s, a m\u0171tr\u00e1gy\u00e1z\u00e1s \u00e9s a betakar\u00edt\u00e1s.<\/p>\n<h3>B\u00e1ny\u00e1szati<\/h3>\n<p>A b\u00e1ny\u00e1szati \u200b\u200bberendez\u00e9sekben a karhenger vez\u00e9rli a b\u00e1ny\u00e1szati \u200b\u200bberendez\u00e9s karj\u00e1nak mozg\u00e1s\u00e1t a b\u00e1ny\u00e1szati \u200b\u200b\u00e9s anyagmozgat\u00e1si m\u0171veletek v\u00e9grehajt\u00e1sa \u00e9rdek\u00e9ben.<\/p>\n<h3>Logisztika \u00e9s sz\u00e1ll\u00edt\u00e1s<\/h3>\n<p>Targonc\u00e1kban \u00e9s anyagmozgat\u00f3 robotokban a karhenger a villa emel\u00e9s\u00e9nek \u00e9s mozg\u00e1s\u00e1nak vez\u00e9rl\u00e9s\u00e9re szolg\u00e1l, megval\u00f3s\u00edtva az anyagmozgat\u00e1st \u00e9s a rakod\u00e1st.<\/p>\n<p><img decoding=\"async\" src=\"https:\/\/www.hydraulic-cylinders.net\/wp-content\/uploads\/2025\/01\/songte-chushion-collar.webp\" alt=\"Henger alkatr\u00e9szek\" \/><\/p>\n<h2>Tervez\u00e9si szempontok \u00e9s kiv\u00e1laszt\u00e1si krit\u00e9riumok<\/h2>\n<ul>\n<li>Teherb\u00edr\u00e1s: A karhengernek k\u00e9pesnek kell lennie arra, hogy ellen\u00e1lljon a g\u00e9pkar maxim\u00e1lis terhel\u00e9s\u00e9nek.<\/li>\n<li>T\u00f6m\u00edt\u00e9s: K\u00fcl\u00f6nb\u00f6z\u0151 t\u00f6m\u00edt\u0151elemeket, p\u00e9ld\u00e1ul dugatty\u00fat\u00f6m\u00edt\u00e9seket \u00e9s r\u00fadt\u00f6m\u00edt\u00e9seket haszn\u00e1lnak kop\u00e1s\u00e1ll\u00f3 anyagokb\u00f3l, p\u00e9ld\u00e1ul poliuret\u00e1nb\u00f3l \u00e9s nitrilgumib\u00f3l, a t\u00f6m\u00edt\u00e9si teljes\u00edtm\u00e9ny biztos\u00edt\u00e1s\u00e1ra.<\/li>\n<li>Tart\u00f3ss\u00e1g: A hengertest \u00e9s a menetes v\u00e9gfel\u00fclet finom megmunk\u00e1l\u00e1s\u00fa a kop\u00e1s\u00e1ll\u00f3s\u00e1g jav\u00edt\u00e1sa \u00e9rdek\u00e9ben.<\/li>\n<li>Biztons\u00e1g: A palackot biztons\u00e1gi funkci\u00f3kkal, p\u00e9ld\u00e1ul biztons\u00e1gi szelepekkel kell ell\u00e1tni, hogy megakad\u00e1lyozz\u00e1k a t\u00falnyom\u00e1s vagy t\u00falterhel\u00e9s okozta k\u00e1rosod\u00e1st.<\/li>\n<li>Karbantart\u00e1s: A henger tervez\u00e9s\u00e9n\u00e9l figyelembe kell venni a k\u00f6nny\u0171 karbantart\u00e1st \u00e9s cser\u00e9t a berendez\u00e9s \u00e1ll\u00e1sidej\u00e9nek cs\u00f6kkent\u00e9se \u00e9rdek\u00e9ben.<\/li>\n<\/ul>\n<p><img decoding=\"async\" src=\"https:\/\/www.hydraulic-cylinders.net\/wp-content\/uploads\/2025\/01\/songte-cylinder-head-with-all-kinds-excavator-models.webp\" alt=\"Henger alkatr\u00e9szek\" \/><\/p>\n<h2>T\u00f6m\u00edt\u00e9s \u00e9s ken\u00e9s<\/h2>\n<p>A t\u00f6m\u00edt\u00e9si teljes\u00edtm\u00e9ny biztos\u00edt\u00e1s\u00e1hoz k\u00fcl\u00f6nf\u00e9le t\u00f6m\u00edt\u0151elemeket, p\u00e9ld\u00e1ul dugatty\u00fat\u00f6m\u00edt\u00e9seket \u00e9s r\u00fadt\u00f6m\u00edt\u00e9seket haszn\u00e1lnak kop\u00e1s\u00e1ll\u00f3 anyagokb\u00f3l, p\u00e9ld\u00e1ul poliuret\u00e1nb\u00f3l \u00e9s nitrilkaucsukb\u00f3l. A hengertestet \u00e9s a menetes v\u00e9gfel\u00fcletet finoman megmunk\u00e1lj\u00e1k a kop\u00e1s\u00e1ll\u00f3s\u00e1g jav\u00edt\u00e1sa \u00e9rdek\u00e9ben. A henger ken\u00e9s\u00e9hez \u00e9s v\u00e9delm\u00e9hez rendszeres hidraulikaolaj-ut\u00e1nt\u00f6lt\u00e9s sz\u00fcks\u00e9ges.<\/p>\n<h2>Karbantart\u00e1s \u00e9s jav\u00edt\u00e1s<\/h2>\n<ul>\n<li>A hengerek \u00e9s a hidraulikus rendszerek rendszeres ellen\u0151rz\u00e9se sz\u00fcks\u00e9ges a megfelel\u0151 m\u0171k\u00f6d\u00e9s biztos\u00edt\u00e1sa \u00e9s a lehets\u00e9ges probl\u00e9m\u00e1k azonos\u00edt\u00e1sa \u00e9rdek\u00e9ben.<\/li>\n<li>A megel\u0151z\u0151 karbantart\u00e1s, mint p\u00e9ld\u00e1ul a tiszt\u00edt\u00e1s \u00e9s a ken\u00e9s, seg\u00edthet cs\u00f6kkenteni a berendez\u00e9sek meghib\u00e1sod\u00e1s\u00e1t \u00e9s meghosszabb\u00edtani az \u00e9lettartamot.<\/li>\n<li>Meghib\u00e1sod\u00e1s eset\u00e9n id\u0151ben t\u00f6rt\u00e9n\u0151 diagn\u00f3zis \u00e9s jav\u00edt\u00e1s v\u00e9gezhet\u0151 el, ami minimaliz\u00e1lja az \u00e1ll\u00e1sid\u0151t \u00e9s cs\u00f6kkenti a karbantart\u00e1si k\u00f6lts\u00e9geket.<\/li>\n<\/ul>\n<p><img decoding=\"async\" src=\"https:\/\/www.hydraulic-cylinders.net\/wp-content\/uploads\/2025\/01\/songte-bushings-with-all-kinds-of-excavator-models.webp\" alt=\"Henger alkatr\u00e9szek\" \/><\/p>\n<h2>Telep\u00edt\u00e9si \u00fatmutat\u00f3<\/h2>\n<p>Beszerel\u00e9s el\u0151tt gy\u0151z\u0151dj\u00f6n meg arr\u00f3l, hogy minden alkatr\u00e9sz tiszta, \u00e9s nincs rajta s\u00e9r\u00fcl\u00e9s vagy deform\u00e1ci\u00f3. A hengert a gy\u00e1rt\u00f3 \u00e1ltal megadott beszerel\u00e9si utas\u00edt\u00e1soknak megfelel\u0151en szerelje be. A csatlakoz\u00e1st a megadott nyomat\u00e9kkal kell megh\u00fazni. A beszerel\u00e9s ut\u00e1n ellen\u0151rizze a rendszer sziv\u00e1rg\u00e1s\u00e1t \u00e9s megfelel\u0151 m\u0171k\u00f6d\u00e9s\u00e9t.<\/p>\n<h2>Biztons\u00e1gi szempontok \u00e9s k\u00f6rnyezeti t\u00e9nyez\u0151k<\/h2>\n<p>The arm cylinder should be operated in strict accordance with the manufacturer&#8217;s instructions to avoid accidents. Also, safety measures such as pressure relief valves should be installed to ensure safe operation. In terms of environmental factors, cylinders should be properly disposed of and recycled to reduce environmental pollution.<\/p>\n<h2>Hibaelh\u00e1r\u00edt\u00e1s \u00e9s gyakori probl\u00e9m\u00e1k<\/h2>\n<ul>\n<li>Sziv\u00e1rg\u00e1s: A sziv\u00e1rg\u00e1st s\u00e9r\u00fclt t\u00f6m\u00edt\u00e9sek vagy laza csatlakoz\u00e1sok okozhatj\u00e1k. H\u00fazza meg a csatlakoz\u00e1st, vagy sz\u00fcks\u00e9g eset\u00e9n cser\u00e9lje ki a t\u00f6m\u00edt\u00e9st.<\/li>\n<li>El\u00e9gtelen teljes\u00edtm\u00e9ny: Ennek oka lehet az alacsony hidraulikus nyom\u00e1s, a nem megfelel\u0151 olajell\u00e1t\u00e1s vagy a s\u00e9r\u00fclt henger. Ellen\u0151rizze \u00e9s jav\u00edtsa meg a hidraulikus rendszert, vagy sz\u00fcks\u00e9g eset\u00e9n cser\u00e9lje ki a hengert.<\/li>\n<li>Rendellenes zaj: A rendellenes zajt s\u00e9r\u00fclt alkatr\u00e9szek vagy nem megfelel\u0151 ken\u00e9s okozhatja. Ellen\u0151rizze \u00e9s cser\u00e9lje ki a s\u00e9r\u00fclt alkatr\u00e9szeket, vagy sz\u00fcks\u00e9g eset\u00e9n p\u00f3tolja a ken\u00e9st.<\/li>\n<\/ul>\n<p>Refer to the manufacturer&#8217;s instructions for more specific troubleshooting and repair methods.<\/p>\n<p><img decoding=\"async\" src=\"https:\/\/www.hydraulic-cylinders.net\/wp-content\/uploads\/2025\/01\/songte-company-4.webp\" alt=\"V\u00e1llalat\" \/><br \/>\n<img decoding=\"async\" src=\"https:\/\/www.hydraulic-cylinders.net\/wp-content\/uploads\/2025\/01\/songte-company-3.webp\" alt=\"V\u00e1llalat\" \/><\/p>\n<h2>C\u00e9g\u00fcnkr\u0151l<\/h2>\n<p>We are a professional manufacturer of replacement hydraulic cylinders, with a wide range of products and have become one of the leading hydraulic cylinder manufacturers and wholesale distributors in domestic and foreign markets. We always adhere to the principle of excellent quality and rely on the industrialized production management strategy of precise manufacturing workshops to continuously improve our technology and production efficiency. We have strong innovation capabilities through the introduction of high-end digital manufacturing equipment and professional testing systems. Our goal is to meet customers&#8217; diversified needs with high efficiency, precision, and high-quality principles.<\/p>\n<h3>Szakmaiass\u00e1g<\/h3>\n<p>C\u00e9g\u00fcnk professzion\u00e1lis csapattal rendelkezik, amely gazdag tapasztalattal rendelkezik a kutat\u00e1s-fejleszt\u00e9s, a tervez\u00e9s, a gy\u00e1rt\u00e1s \u00e9s a szerviz ter\u00fclet\u00e9n, hogy \u00fcgyfeleink a lehet\u0151 legprofesszion\u00e1lisabb szolg\u00e1ltat\u00e1st \u00e9s t\u00e1mogat\u00e1st kapj\u00e1k.<\/p>\n<h3>Nemzetk\u00f6zi min\u0151s\u00edt\u00e9s<\/h3>\n<p>Term\u00e9keink megfeleltek a nemzetk\u00f6zi tan\u00fas\u00edtv\u00e1nyoknak, mint p\u00e9ld\u00e1ul az ISO9001 \u00e9s a CE, ami bizony\u00edtja magas min\u0151s\u00e9gi szabv\u00e1nyainkat \u00e9s term\u00e9keink megb\u00edzhat\u00f3s\u00e1g\u00e1t.<\/p>\n<h3>Testreszab\u00e1si szolg\u00e1ltat\u00e1s<\/h3>\n<p>Testreszabott szolg\u00e1ltat\u00e1sokat k\u00edn\u00e1lunk, hogy megfelelj\u00fcnk a k\u00fcl\u00f6nb\u00f6z\u0151 \u00fcgyf\u00e9lig\u00e9nyeknek, bele\u00e9rtve a m\u00e9retet, nyom\u00e1st, anyagot, fel\u00fcletkezel\u00e9st \u00e9s egy\u00e9b param\u00e9tereket.<\/p>\n<h3>Termel\u00e9si berendez\u00e9sek<\/h3>\n<p>C\u00e9g\u00fcnk korszer\u0171 gy\u00e1rt\u00f3berendez\u00e9sekkel rendelkezik, bele\u00e9rtve CNC eszterg\u00e1kat, megmunk\u00e1l\u00f3k\u00f6zpontokat, f\u00far\u00f3g\u00e9peket, k\u00f6sz\u00f6r\u0171g\u00e9peket \u00e9s egy\u00e9b speci\u00e1lis berendez\u00e9seket.<\/p>\n<h3>\u00c9rt\u00e9kes\u00edt\u00e9s ut\u00e1ni szolg\u00e1ltat\u00e1s<\/h3>\n<p>\u00c1tfog\u00f3 \u00e9rt\u00e9kes\u00edt\u00e9s ut\u00e1ni szolg\u00e1ltat\u00e1st \u00e9s m\u0171szaki t\u00e1mogat\u00e1st ny\u00fajtunk, hogy \u00fcgyfeleink megoldhass\u00e1k term\u00e9keink haszn\u00e1lata sor\u00e1n felmer\u00fcl\u0151 probl\u00e9m\u00e1kat.<\/p>\n<p><img decoding=\"async\" src=\"https:\/\/www.hydraulic-cylinders.net\/wp-content\/uploads\/2025\/01\/songte-company-4.webp\" alt=\"V\u00e1llalat\" \/><\/p>\n<p>Szerz\u0151: lyl<\/p>","protected":false},"excerpt":{"rendered":"<p>Arm Cylinder For Bonny WAYDQ50-5 Introduction The arm cylinder is a specially designed hydraulic cylinder used to provide linear motion and power to various types of machine arms, such as excavators, cranes, and mechanical arms. The arm cylinder plays a crucial role in the hydraulic system, allowing additional tools or attachments to move and control [&hellip;]<\/p>","protected":false},"featured_media":14777,"comment_status":"open","ping_status":"closed","template":"","meta":{"_et_pb_use_builder":"","_et_pb_old_content":"","_et_gb_content_width":""},"product_brand":[],"product_cat":[1497],"product_tag":[1498,1496],"class_list":{"0":"post-16871","1":"product","2":"type-product","3":"status-publish","4":"has-post-thumbnail","6":"product_cat-arm-cylinders","7":"product_tag-arm-cylinders","8":"product_tag-hydraulic-cylinders","10":"first","11":"instock","12":"shipping-taxable","13":"product-type-simple"},"amp_enabled":true,"_links":{"self":[{"href":"https:\/\/www.hydraulic-cylinders.net\/hu\/wp-json\/wp\/v2\/product\/16871","targetHints":{"allow":["GET"]}}],"collection":[{"href":"https:\/\/www.hydraulic-cylinders.net\/hu\/wp-json\/wp\/v2\/product"}],"about":[{"href":"https:\/\/www.hydraulic-cylinders.net\/hu\/wp-json\/wp\/v2\/types\/product"}],"replies":[{"embeddable":true,"href":"https:\/\/www.hydraulic-cylinders.net\/hu\/wp-json\/wp\/v2\/comments?post=16871"}],"wp:featuredmedia":[{"embeddable":true,"href":"https:\/\/www.hydraulic-cylinders.net\/hu\/wp-json\/wp\/v2\/media\/14777"}],"wp:attachment":[{"href":"https:\/\/www.hydraulic-cylinders.net\/hu\/wp-json\/wp\/v2\/media?parent=16871"}],"wp:term":[{"taxonomy":"product_brand","embeddable":true,"href":"https:\/\/www.hydraulic-cylinders.net\/hu\/wp-json\/wp\/v2\/product_brand?post=16871"},{"taxonomy":"product_cat","embeddable":true,"href":"https:\/\/www.hydraulic-cylinders.net\/hu\/wp-json\/wp\/v2\/product_cat?post=16871"},{"taxonomy":"product_tag","embeddable":true,"href":"https:\/\/www.hydraulic-cylinders.net\/hu\/wp-json\/wp\/v2\/product_tag?post=16871"}],"curies":[{"name":"munkaf\u00fczet","href":"https:\/\/api.w.org\/{rel}","templated":true}]}}