{"id":16891,"date":"2025-01-21T06:10:54","date_gmt":"2025-01-21T06:10:54","guid":{"rendered":"https:\/\/www.hydraulic-cylinders.net\/product\/arm-cylinder-for-baoding-wy75-7\/"},"modified":"2025-01-21T06:11:00","modified_gmt":"2025-01-21T06:11:00","slug":"arm-cylinder-for-baoding-wy75-7","status":"publish","type":"product","link":"https:\/\/www.hydraulic-cylinders.net\/hu\/termek\/arm-cylinder-for-baoding-wy75-7\/","title":{"rendered":"Karhenger Baoding WY75-7-hez"},"content":{"rendered":"<h1>Karhenger Baoding WY75-7-hez<\/h1>\n<h2>Bevezet\u00e9s<\/h2>\n<p>A karhenger egy speci\u00e1lis hidraulikus henger, amelyet arra terveztek, hogy line\u00e1ris mozg\u00e1st \u00e9s er\u0151t biztos\u00edtson k\u00fcl\u00f6nf\u00e9le g\u00e9pek, p\u00e9ld\u00e1ul kotr\u00f3g\u00e9pek, daruk \u00e9s robotkarok karjainak. Ezek a hengerek kulcsszerepet j\u00e1tszanak a hidraulikus rendszerekben, lehet\u0151v\u00e9 t\u00e9ve a tov\u00e1bbi szersz\u00e1mok vagy tartoz\u00e9kok hat\u00e9kony mozg\u00e1s\u00e1t \u00e9s vez\u00e9rl\u00e9s\u00e9t. Ezek a hengerek nemcsak a sima mozg\u00e1st teszik lehet\u0151v\u00e9, hanem a nagy terhel\u00e9seket is elviselik, biztos\u00edtva a g\u00e9pek hat\u00e9kony m\u0171k\u00f6d\u00e9s\u00e9t \u00e9s megb\u00edzhat\u00f3s\u00e1g\u00e1t k\u00fcl\u00f6nb\u00f6z\u0151 munkak\u00f6r\u00fclm\u00e9nyek k\u00f6z\u00f6tt.<\/p>\n<p><img decoding=\"async\" src=\"https:\/\/www.hydraulic-cylinders.net\/wp-content\/uploads\/2025\/01\/songte-company-2.webp\" alt=\"Karhenger k\u00e9pe\"><\/p>\n<h2>Term\u00e9kjellemz\u0151k<\/h2>\n<ul>\n<li><strong>Nagy hat\u00e9konys\u00e1g\u00fa \u00e1tvitel:<\/strong> A karhenger er\u0151teljes line\u00e1ris mozg\u00e1st \u00e9s er\u0151t biztos\u00edt, biztos\u00edtva a mechanikus kar nagy teljes\u00edtm\u00e9ny\u00e9t k\u00fcl\u00f6nf\u00e9le m\u0171veletek sor\u00e1n.<\/li>\n<li><strong>Prec\u00edzi\u00f3s vez\u00e9rl\u00e9s:<\/strong> A hidraulikus rendszeren kereszt\u00fcl a karhenger prec\u00edz mozg\u00e1svez\u00e9rl\u00e9st \u00e9r el, \u00edgy a tov\u00e1bbi szersz\u00e1mok kezel\u00e9se rugalmasabb \u00e9s pontosabb.<\/li>\n<li><strong>Er\u0151s tart\u00f3ss\u00e1g:<\/strong> A karos munkahengerek jellemz\u0151en nagy szil\u00e1rds\u00e1g\u00fa anyagokb\u00f3l k\u00e9sz\u00fclnek, amelyek kiv\u00e1l\u00f3 kop\u00e1s- \u00e9s korr\u00f3zi\u00f3\u00e1ll\u00f3s\u00e1got biztos\u00edtanak, \u00edgy alkalmasak hossz\u00fa t\u00e1v\u00fa haszn\u00e1latra zord k\u00f6rnyezetben.<\/li>\n<li><strong>T\u00f6bbfunkci\u00f3s alkalmazkod\u00f3k\u00e9pess\u00e9g:<\/strong> Ezek a hengerek sz\u00e9les k\u00f6rben alkalmazhat\u00f3k k\u00fcl\u00f6nf\u00e9le g\u00e9pekben, p\u00e9ld\u00e1ul kotr\u00f3g\u00e9pekben, darukban \u00e9s robotkarokban, alkalmazkodva a k\u00fcl\u00f6nb\u00f6z\u0151 munkak\u00f6vetelm\u00e9nyekhez.<\/li>\n<li><strong>K\u00f6nny\u0171 karbantart\u00e1s:<\/strong> A karhenger kialak\u00edt\u00e1sa a k\u00f6nny\u0171 karbantart\u00e1st \u00e9s cser\u00e9t szem el\u0151tt tartva t\u00f6rt\u00e9nt, \u00edgy a rendszeres ellen\u0151rz\u00e9sek \u00e9s karbantart\u00e1s k\u00e9nyelmesebb, \u00e9s cs\u00f6kken a berendez\u00e9s \u00e1ll\u00e1sideje.<\/li>\n<\/ul>\n<p><img decoding=\"async\" src=\"https:\/\/www.hydraulic-cylinders.net\/wp-content\/uploads\/2025\/01\/songte-oil-pipes-and-spare-parts.webp\" alt=\"Karhenger alkatr\u00e9szek\"><\/p>\n<h2>Alkalmaz\u00e1sok<\/h2>\n<ul>\n<li><strong>\u00c9p\u00edt\u0151m\u00e9rn\u00f6ki:<\/strong> Kotr\u00f3g\u00e9pekben \u00e9s darukban a karhengerek szab\u00e1lyozz\u00e1k a v\u00f6dr\u00f6k vagy g\u00e9mek mozg\u00e1s\u00e1t f\u00f6ldmunk\u00e1k, anyagmozgat\u00e1s \u00e9s szerkezeti \u00f6sszeszerel\u00e9s sor\u00e1n.<\/li>\n<li><strong>Feldolgoz\u00f3 ipar:<\/strong> Az automatiz\u00e1lt gy\u00e1rt\u00f3sorokon a karhengerek hajtj\u00e1k a robotkarok mozg\u00e1s\u00e1t az \u00f6sszeszerel\u00e9si, hegeszt\u00e9si \u00e9s anyagmozgat\u00e1si folyamatok sor\u00e1n, jav\u00edtva a termel\u00e9si hat\u00e9konys\u00e1got \u00e9s a pontoss\u00e1got.<\/li>\n<li><strong>Mez\u0151gazdas\u00e1gi g\u00e9pek:<\/strong> A mez\u0151gazdas\u00e1gi g\u00e9pekben, p\u00e9ld\u00e1ul a betakar\u00edt\u00f3g\u00e9pekben \u00e9s a vet\u0151g\u00e9pekben, a karhengerek vez\u00e9rlik a m\u0171k\u00f6dtet\u0151 karok mozg\u00e1s\u00e1t olyan feladatokhoz, mint az vet\u00e9s, a tr\u00e1gy\u00e1z\u00e1s \u00e9s a betakar\u00edt\u00e1s.<\/li>\n<li><strong>B\u00e1nyaipar:<\/strong> A b\u00e1ny\u00e1szati \u200b\u200bberendez\u00e9sekben a karhengerek szab\u00e1lyozz\u00e1k a b\u00e1ny\u00e1szati \u200b\u200bg\u00e9pek karj\u00e1nak mozg\u00e1s\u00e1t az \u00e9rcek kitermel\u00e9se \u00e9s sz\u00e1ll\u00edt\u00e1sa sor\u00e1n.<\/li>\n<li><strong>Logisztika \u00e9s sz\u00e1ll\u00edt\u00e1s:<\/strong> A targonc\u00e1kban \u00e9s anyagmozgat\u00f3 robotokban a karhengerek szab\u00e1lyozz\u00e1k a vill\u00e1k emel\u00e9s\u00e9t \u00e9s mozg\u00e1s\u00e1t, hogy megk\u00f6nny\u00edts\u00e9k az anyagmozgat\u00e1st \u00e9s a rakod\u00e1st.<\/li>\n<\/ul>\n<h2>Tervez\u00e9si szempontok \u00e9s kiv\u00e1laszt\u00e1si krit\u00e9riumok<\/h2>\n<ul>\n<li><strong>Teherb\u00edr\u00e1s:<\/strong> A karhenger terhel\u00e9s\u00e1ll\u00f3 k\u00e9pess\u00e9ge kulcsfontoss\u00e1g\u00fa tervez\u00e9si szempont.<\/li>\n<li><strong>T\u00f6m\u00edt\u00e9s:<\/strong> K\u00fcl\u00f6nb\u00f6z\u0151 t\u00f6m\u00edt\u0151elemeket, p\u00e9ld\u00e1ul dugatty\u00fat\u00f6m\u00edt\u00e9seket \u00e9s r\u00fadt\u00f6m\u00edt\u00e9seket haszn\u00e1lnak, olyan anyagokb\u00f3l, mint a poliuret\u00e1n \u00e9s a nitrilgumi, a tart\u00f3ss\u00e1g biztos\u00edt\u00e1sa \u00e9s a sziv\u00e1rg\u00e1s megakad\u00e1lyoz\u00e1sa \u00e9rdek\u00e9ben.<\/li>\n<li><strong>Tart\u00f3ss\u00e1g:<\/strong> A hengertest \u00e9s a menetes v\u00e9gek prec\u00edz kezel\u00e9seken esnek \u00e1t a kop\u00e1s\u00e1ll\u00f3s\u00e1g fokoz\u00e1sa \u00e9rdek\u00e9ben.<\/li>\n<li><strong>Biztons\u00e1g:<\/strong> A biztons\u00e1gos m\u0171k\u00f6d\u00e9s biztos\u00edt\u00e1sa \u00e9rdek\u00e9ben biztons\u00e1gi int\u00e9zked\u00e9seket, p\u00e9ld\u00e1ul nyom\u00e1scs\u00f6kkent\u0151 szelepeket \u00e9s biztons\u00e1gi z\u00e1rakat lehet be\u00e9p\u00edteni a tervbe.<\/li>\n<li><strong>Karbantarthat\u00f3s\u00e1g:<\/strong> A karhenger kialak\u00edt\u00e1sa lehet\u0151v\u00e9 teszi a k\u00f6nny\u0171 karbantart\u00e1st \u00e9s a megfelel\u0151 hidraulikaolajjal t\u00f6rt\u00e9n\u0151 rendszeres ken\u00e9st.<\/li>\n<\/ul>\n<p><img decoding=\"async\" src=\"https:\/\/www.hydraulic-cylinders.net\/wp-content\/uploads\/2025\/01\/songte-cylinder-head-with-all-kinds-excavator-models.webp\" alt=\"Hengerfej k\u00e9pe\"><\/p>\n<h2>T\u00f6m\u00edt\u00e9s \u00e9s ken\u00e9s<\/h2>\n<p>A karhenger k\u00fcl\u00f6nf\u00e9le t\u00f6m\u00edt\u0151elemeket haszn\u00e1l, p\u00e9ld\u00e1ul dugatty\u00fat\u00f6m\u00edt\u00e9seket \u00e9s r\u00fadt\u00f6m\u00edt\u00e9seket, amelyek kop\u00e1s\u00e1ll\u00f3 anyagokb\u00f3l, p\u00e9ld\u00e1ul poliuret\u00e1nb\u00f3l \u00e9s nitrilgumib\u00f3l k\u00e9sz\u00fclnek. A hengertest \u00e9s a menetes v\u00e9gek finom megmunk\u00e1l\u00e1son esnek \u00e1t a kop\u00e1s\u00e1ll\u00f3s\u00e1g jav\u00edt\u00e1sa \u00e9rdek\u00e9ben. Az optim\u00e1lis teljes\u00edtm\u00e9ny fenntart\u00e1s\u00e1hoz rendszeres ken\u00e9s sz\u00fcks\u00e9ges a megfelel\u0151 mennyis\u00e9g\u0171 hidraulikaolajjal.<\/p>\n<h2>Rendszeres ellen\u0151rz\u00e9s \u00e9s megel\u0151z\u0151 karbantart\u00e1s<\/h2>\n<ul>\n<li>Rendszeresen ellen\u0151rizze a hengert kop\u00e1s, sziv\u00e1rg\u00e1s vagy s\u00e9r\u00fcl\u00e9s jelei szempontj\u00e1b\u00f3l.<\/li>\n<li>A lehets\u00e9ges probl\u00e9m\u00e1k megel\u0151z\u00e9se \u00e9rdek\u00e9ben halad\u00e9ktalanul ellen\u0151rizze \u00e9s cser\u00e9lje ki az elkopott t\u00f6m\u00edt\u00e9seket vagy alkatr\u00e9szeket.<\/li>\n<li>Gondoskodjon a megfelel\u0151 ken\u00e9sr\u0151l, \u00e9s rendszeresen tiszt\u00edtsa meg a hengert a t\u00f6rmel\u00e9k vagy szennyez\u0151d\u00e9sek elt\u00e1vol\u00edt\u00e1sa \u00e9rdek\u00e9ben.<\/li>\n<li>K\u00f6vesse a gy\u00e1rt\u00f3 \u00e1ltal aj\u00e1nlott karbantart\u00e1si \u00fctemtervet \u00e9s ir\u00e1nyelveket.<\/li>\n<\/ul>\n<h2>Term\u00e9ktelep\u00edt\u00e9si \u00fatmutat\u00f3<\/h2>\n<p>A karhenger megfelel\u0151 beszerel\u00e9se elengedhetetlen az optim\u00e1lis teljes\u00edtm\u00e9nyhez. K\u00f6vesse az al\u00e1bbi l\u00e9p\u00e9seket:<\/p>\n<ol>\n<li>Gy\u0151z\u0151dj\u00f6n meg arr\u00f3l, hogy a berendez\u00e9s biztons\u00e1gosan r\u00f6gz\u00edtve van \u00e9s ki van kapcsolva.<\/li>\n<li>Helyezze a karhengert a kijel\u00f6lt r\u00f6gz\u00edt\u00e9si helyre, a hidraulikus csatlakoz\u00e1sokat igaz\u00edtva.<\/li>\n<li>R\u00f6gz\u00edtse biztons\u00e1gosan a hengert megfelel\u0151 csavarokkal vagy konzolokkal.<\/li>\n<li>Csatlakoztassa a hidraulikat\u00f6ml\u0151ket, \u00fcgyelve a megfelel\u0151 t\u00f6m\u00edt\u00e9sre \u00e9s szoross\u00e1gra.<\/li>\n<li>Ellen\u0151rizze a henger m\u0171k\u00f6d\u00e9s\u00e9t, \u00e9s keressen sziv\u00e1rg\u00e1sokat.<\/li>\n<li>V\u00e9gezze el a sz\u00fcks\u00e9ges kiigaz\u00edt\u00e1sokat vagy jav\u00edt\u00e1sokat.<\/li>\n<\/ol>\n<p><img decoding=\"async\" src=\"https:\/\/www.hydraulic-cylinders.net\/wp-content\/uploads\/2025\/01\/songte-bushings-with-all-kinds-of-excavator-models.webp\" alt=\"Perselyek k\u00e9pe\"><\/p>\n<h2>Biztons\u00e1gi szempontok \u00e9s k\u00f6rnyezeti t\u00e9nyez\u0151k<\/h2>\n<p>Karhengerekkel v\u00e9gzett munka sor\u00e1n elengedhetetlen a biztons\u00e1gi int\u00e9zked\u00e9sek priorit\u00e1sk\u00e9nt val\u00f3 kezel\u00e9se. A megfelel\u0151 k\u00e9pz\u00e9s, a biztons\u00e1gi protokollok betart\u00e1sa \u00e9s a szem\u00e9lyi v\u00e9d\u0151felszerel\u00e9sek haszn\u00e1lata kulcsfontoss\u00e1g\u00fa a balesetek \u00e9s s\u00e9r\u00fcl\u00e9sek megel\u0151z\u00e9se \u00e9rdek\u00e9ben. Ezenk\u00edv\u00fcl a k\u00f6rnyezeti t\u00e9nyez\u0151k figyelembev\u00e9tele, valamint a hidraulikus folyad\u00e9kok \u00e9s alkatr\u00e9szek megfelel\u0151 \u00e1rtalmatlan\u00edt\u00e1sa hozz\u00e1j\u00e1rulhat a fenntarthat\u00f3 \u00e9s k\u00f6rnyezetbar\u00e1t m\u0171k\u00f6d\u00e9shez.<\/p>\n<h2>Hibaelh\u00e1r\u00edt\u00e1s \u00e9s gyakori probl\u00e9m\u00e1k<\/h2>\n<p>A karhengerrel kapcsolatos gyakori probl\u00e9m\u00e1k k\u00f6z\u00e9 tartozik a sziv\u00e1rg\u00e1s, az el\u00e9gtelen teljes\u00edtm\u00e9ny, a lass\u00fa mozg\u00e1s vagy a szab\u00e1lytalan m\u0171k\u00f6d\u00e9s. \u00cdme n\u00e9h\u00e1ny hibaelh\u00e1r\u00edt\u00e1si tipp \u00e9s megold\u00e1s:<\/p>\n<ul>\n<li>Sziv\u00e1rg\u00e1s eset\u00e9n ellen\u0151rizze a t\u00f6m\u00edt\u00e9seket \u00e9s a csatlakoz\u00e1sokat s\u00e9r\u00fcl\u00e9s vagy lazas\u00e1g szempontj\u00e1b\u00f3l. Cser\u00e9lje ki az elkopott t\u00f6m\u00edt\u00e9seket, vagy h\u00fazza meg a csatlakoz\u00e1sokat sz\u00fcks\u00e9g szerint.<\/li>\n<li>Ha a henger nem el\u00e9g er\u0151s, ellen\u0151rizze a hidraulikafolyad\u00e9k szintj\u00e9t \u00e9s nyom\u00e1s\u00e1t. Sz\u00fcks\u00e9g szerint \u00e1ll\u00edtsa be, vagy tov\u00e1bbi seg\u00edts\u00e9g\u00e9rt forduljon szakemberhez.<\/li>\n<li>Ha a mozg\u00e1s lass\u00fa vagy egyenetlen, ellen\u0151rizze a hidraulikat\u00f6ml\u0151ket elt\u00f6m\u0151d\u00e9s vagy s\u00e9r\u00fcl\u00e9s szempontj\u00e1b\u00f3l. Sz\u00fcks\u00e9g eset\u00e9n tiszt\u00edtsa meg vagy cser\u00e9lje ki a t\u00f6ml\u0151ket.<\/li>\n<\/ul>\n<p>A megel\u0151z\u0151 int\u00e9zked\u00e9sek k\u00f6z\u00e9 tartozik a rendszeres karbantart\u00e1s, a megfelel\u0151 ken\u00e9s, valamint a gy\u00e1rt\u00f3 \u00fczemeltet\u00e9si \u00e9s karbantart\u00e1si ir\u00e1nyelveinek betart\u00e1sa.<\/p>\n<p><img decoding=\"async\" src=\"https:\/\/www.hydraulic-cylinders.net\/wp-content\/uploads\/2025\/01\/songte-chushion-collar.webp\" alt=\"Chushion gall\u00e9r k\u00e9p\"><\/p>\n<h2>R\u00f3lunk<\/h2>\n<p>Professzion\u00e1lis hidraulikus hengergy\u00e1rt\u00f3k\u00e9nt sz\u00e9les term\u00e9kv\u00e1laszt\u00e9kot k\u00edn\u00e1lunk. A hazai \u00e9s nemzetk\u00f6zi piacok egyik vezet\u0151 hidraulikus hengergy\u00e1rt\u00f3j\u00e1v\u00e1 \u00e9s nagykereskedelmi forgalmaz\u00f3j\u00e1v\u00e1 v\u00e1ltunk. A kiv\u00e1l\u00f3s\u00e1gra \u00e9s az iparos\u00edtott termel\u00e9sir\u00e1ny\u00edt\u00e1sra vonatkoz\u00f3 alapelveink, a fejlett gy\u00e1rt\u00f3berendez\u00e9sekkel \u00e9s a professzion\u00e1lis tesztel\u0151rendszerekkel kombin\u00e1lva lehet\u0151v\u00e9 teszik sz\u00e1munkra, hogy folyamatosan fejlessz\u00fck m\u0171szaki szak\u00e9rtelm\u00fcnket \u00e9s termel\u00e9si hat\u00e9konys\u00e1gunkat. C\u00e9lunk, hogy a hat\u00e9konys\u00e1g, a pontoss\u00e1g \u00e9s a kiv\u00e1l\u00f3 min\u0151s\u00e9g elveivel el\u00e9g\u00edts\u00fck ki \u00fcgyfeleink v\u00e1ltozatos ig\u00e9nyeit.<\/p>\n<p>C\u00e9g\u00fcnk a k\u00f6vetkez\u0151kr\u0151l ismert:<\/p>\n<ul>\n<li>Szakmaiass\u00e1g<\/li>\n<li>Nemzetk\u00f6zi tan\u00fas\u00edtv\u00e1nyok<\/li>\n<li>Testreszab\u00e1si szolg\u00e1ltat\u00e1sok<\/li>\n<li>Korszer\u0171 gy\u00e1rt\u00f3berendez\u00e9sek<\/li>\n<li>\u00c9rt\u00e9kes\u00edt\u00e9s ut\u00e1ni szolg\u00e1ltat\u00e1sok<\/li>\n<\/ul>\n<p><img decoding=\"async\" src=\"https:\/\/www.hydraulic-cylinders.net\/wp-content\/uploads\/2025\/01\/songte-company-4.webp\" alt=\"C\u00e9gk\u00e9p 1\"><br \/>\n<img decoding=\"async\" src=\"https:\/\/www.hydraulic-cylinders.net\/wp-content\/uploads\/2025\/01\/songte-company-3.webp\" alt=\"C\u00e9gk\u00e9p 2\"><\/p>\n<p>Szerz\u0151: lyl<\/p>","protected":false},"excerpt":{"rendered":"<p>Arm Cylinder For Baoding WY75-7 Introduction The arm cylinder is a specialized hydraulic cylinder designed to provide linear motion and power to the arms of various machinery, such as excavators, cranes, and robotic arms. These cylinders play a crucial role in hydraulic systems, enabling the efficient movement and control of additional tools or attachments. Not [&hellip;]<\/p>","protected":false},"featured_media":14777,"comment_status":"open","ping_status":"closed","template":"","meta":{"_et_pb_use_builder":"","_et_pb_old_content":"","_et_gb_content_width":""},"product_brand":[],"product_cat":[1497],"product_tag":[1498,1496],"class_list":{"0":"post-16891","1":"product","2":"type-product","3":"status-publish","4":"has-post-thumbnail","6":"product_cat-arm-cylinders","7":"product_tag-arm-cylinders","8":"product_tag-hydraulic-cylinders","10":"first","11":"instock","12":"shipping-taxable","13":"product-type-simple"},"amp_enabled":true,"_links":{"self":[{"href":"https:\/\/www.hydraulic-cylinders.net\/hu\/wp-json\/wp\/v2\/product\/16891","targetHints":{"allow":["GET"]}}],"collection":[{"href":"https:\/\/www.hydraulic-cylinders.net\/hu\/wp-json\/wp\/v2\/product"}],"about":[{"href":"https:\/\/www.hydraulic-cylinders.net\/hu\/wp-json\/wp\/v2\/types\/product"}],"replies":[{"embeddable":true,"href":"https:\/\/www.hydraulic-cylinders.net\/hu\/wp-json\/wp\/v2\/comments?post=16891"}],"wp:featuredmedia":[{"embeddable":true,"href":"https:\/\/www.hydraulic-cylinders.net\/hu\/wp-json\/wp\/v2\/media\/14777"}],"wp:attachment":[{"href":"https:\/\/www.hydraulic-cylinders.net\/hu\/wp-json\/wp\/v2\/media?parent=16891"}],"wp:term":[{"taxonomy":"product_brand","embeddable":true,"href":"https:\/\/www.hydraulic-cylinders.net\/hu\/wp-json\/wp\/v2\/product_brand?post=16891"},{"taxonomy":"product_cat","embeddable":true,"href":"https:\/\/www.hydraulic-cylinders.net\/hu\/wp-json\/wp\/v2\/product_cat?post=16891"},{"taxonomy":"product_tag","embeddable":true,"href":"https:\/\/www.hydraulic-cylinders.net\/hu\/wp-json\/wp\/v2\/product_tag?post=16891"}],"curies":[{"name":"munkaf\u00fczet","href":"https:\/\/api.w.org\/{rel}","templated":true}]}}