{"id":16896,"date":"2025-01-21T06:11:17","date_gmt":"2025-01-21T06:11:17","guid":{"rendered":"https:\/\/www.hydraulic-cylinders.net\/product\/arm-cylinder-for-tiangong-zg3235-9c\/"},"modified":"2025-01-21T06:11:19","modified_gmt":"2025-01-21T06:11:19","slug":"arm-cylinder-for-tiangong-zg3235-9c","status":"publish","type":"product","link":"https:\/\/www.hydraulic-cylinders.net\/hu\/termek\/arm-cylinder-for-tiangong-zg3235-9c\/","title":{"rendered":"Karhenger Tiangong ZG3235-9C-hez"},"content":{"rendered":"<h1>Karhenger Tiangong ZG3235-9C-hez<\/h1>\n<p>A karhenger egy speci\u00e1lisan tervezett hidraulikus henger, amely line\u00e1ris mozg\u00e1st \u00e9s er\u0151t biztos\u00edt k\u00fcl\u00f6nf\u00e9le g\u00e9pek, p\u00e9ld\u00e1ul kotr\u00f3g\u00e9pek, daruk \u00e9s robotkarok karjainak. Kulcsfontoss\u00e1g\u00fa szerepet j\u00e1tszik a hidraulikus rendszerekben, lehet\u0151v\u00e9 t\u00e9ve a tov\u00e1bbi szersz\u00e1mok vagy tartoz\u00e9kok hat\u00e9kony mozgat\u00e1s\u00e1t \u00e9s vez\u00e9rl\u00e9s\u00e9t. Ezek a hengerek nemcsak a sima mozg\u00e1st biztos\u00edtj\u00e1k, hanem a nagy terhel\u00e9seket is elviselik, biztos\u00edtva a g\u00e9pek hat\u00e9kony m\u0171k\u00f6d\u00e9s\u00e9t \u00e9s megb\u00edzhat\u00f3s\u00e1g\u00e1t k\u00fcl\u00f6nb\u00f6z\u0151 munkak\u00f6r\u00fclm\u00e9nyek k\u00f6z\u00f6tt.<\/p>\n<p><img decoding=\"async\" src=\"https:\/\/www.hydraulic-cylinders.net\/wp-content\/uploads\/2025\/01\/songte-company-2.webp\" alt=\"Karhenger\" \/><\/p>\n<h2>A karhenger jellemz\u0151i<\/h2>\n<ol>\n<li>Nagy hat\u00e9konys\u00e1g\u00fa er\u0151\u00e1tvitel: A karhenger er\u0151teljes line\u00e1ris mozg\u00e1st \u00e9s er\u0151t biztos\u00edt, biztos\u00edtva a robotkar nagy teljes\u00edtm\u00e9ny\u0171 m\u0171k\u00f6d\u00e9s\u00e9t k\u00fcl\u00f6nf\u00e9le m\u0171veletek sor\u00e1n.<\/li>\n<li>Prec\u00edz vez\u00e9rl\u00e9s: A hidraulikus rendszeren kereszt\u00fcl a karhenger prec\u00edz mozg\u00e1svez\u00e9rl\u00e9st tesz lehet\u0151v\u00e9, \u00edgy a tov\u00e1bbi szersz\u00e1mok kezel\u00e9se rugalmasabb \u00e9s pontosabb.<\/li>\n<li>Tart\u00f3ss\u00e1g: A karos munkahengerek jellemz\u0151en nagy szil\u00e1rds\u00e1g\u00fa anyagokb\u00f3l k\u00e9sz\u00fclnek, kiv\u00e1l\u00f3 kop\u00e1s\u00e1ll\u00f3s\u00e1ggal \u00e9s korr\u00f3zi\u00f3\u00e1ll\u00f3s\u00e1ggal, \u00edgy alkalmasak hossz\u00fa t\u00e1v\u00fa haszn\u00e1latra zord k\u00f6rnyezetben.<\/li>\n<li>T\u00f6bbfunkci\u00f3s alkalmazkod\u00f3k\u00e9pess\u00e9g: Ezek a munkahengerek sz\u00e9les k\u00f6rben alkalmazhat\u00f3k k\u00fcl\u00f6nf\u00e9le g\u00e9peken, p\u00e9ld\u00e1ul kotr\u00f3g\u00e9peken, darukon \u00e9s robotkarokon, alkalmazkodva a k\u00fcl\u00f6nb\u00f6z\u0151 munkak\u00f6vetelm\u00e9nyekhez.<\/li>\n<li>K\u00f6nny\u0171 karbantart\u00e1s: A kialak\u00edt\u00e1s a karbantart\u00e1s \u00e9s a csere egyszer\u0171s\u00e9g\u00e9t szem el\u0151tt tartva, k\u00e9nyelmess\u00e9 teszi a rendszeres ellen\u0151rz\u00e9st \u00e9s karbantart\u00e1st, valamint cs\u00f6kkenti a berendez\u00e9sek \u00e1ll\u00e1sidej\u00e9t.<\/li>\n<\/ol>\n<p><img decoding=\"async\" src=\"https:\/\/www.hydraulic-cylinders.net\/wp-content\/uploads\/2025\/01\/songte-oil-pipes-and-spare-parts.webp\" alt=\"Hidraulikus hengerek\" \/><\/p>\n<h2>Karhenger alkalmaz\u00e1sai<\/h2>\n<p>Karhengerek sz\u00e1mos ipar\u00e1gban alkalmazhat\u00f3k:<\/p>\n<ul>\n<li>\u00c9p\u00edt\u0151m\u00e9rn\u00f6ki munka: Kotr\u00f3g\u00e9pekben \u00e9s darukban a karhengerek szab\u00e1lyozz\u00e1k a v\u00f6dr\u00f6k vagy g\u00e9mek mozg\u00e1s\u00e1t f\u00f6ldmozgat\u00e1s, anyagmozgat\u00e1s \u00e9s szerkezeti telep\u00edt\u00e9s sor\u00e1n.<\/li>\n<li>Gy\u00e1rt\u00f3ipar: Az automatiz\u00e1lt gy\u00e1rt\u00f3sorokon a karhengerek megk\u00f6nny\u00edtik a robotkarok mozg\u00e1s\u00e1t az \u00f6sszeszerel\u00e9si, hegeszt\u00e9si \u00e9s anyagmozgat\u00e1si folyamatok sor\u00e1n, jav\u00edtva a termel\u00e9si hat\u00e9konys\u00e1got \u00e9s a pontoss\u00e1got.<\/li>\n<li>Mez\u0151gazdas\u00e1gi g\u00e9pek: A mez\u0151gazdas\u00e1gi g\u00e9pekben, p\u00e9ld\u00e1ul a betakar\u00edt\u00f3g\u00e9pekben \u00e9s a vet\u0151g\u00e9pekben, a karhengerek vez\u00e9rlik a m\u0171k\u00f6dtet\u0151 karok mozg\u00e1s\u00e1t olyan feladatokhoz, mint az \u00fcltet\u00e9s, a tr\u00e1gy\u00e1z\u00e1s \u00e9s a betakar\u00edt\u00e1s.<\/li>\n<li>B\u00e1ny\u00e1szat: A b\u00e1ny\u00e1szati \u200b\u200bberendez\u00e9sekben a karhengerek szab\u00e1lyozz\u00e1k a b\u00e1ny\u00e1szati \u200b\u200bg\u00e9pek karj\u00e1nak mozg\u00e1s\u00e1t az \u00e9rc kitermel\u00e9se \u00e9s sz\u00e1ll\u00edt\u00e1sa sor\u00e1n.<\/li>\n<li>Logisztika \u00e9s sz\u00e1ll\u00edt\u00e1s: A targonc\u00e1kban \u00e9s anyagmozgat\u00f3 robotokban a karhengerek vez\u00e9rlik a vill\u00e1k emel\u00e9s\u00e9t \u00e9s mozg\u00e1s\u00e1t, lehet\u0151v\u00e9 t\u00e9ve az anyagmozgat\u00e1st \u00e9s a rakod\u00e1st.<\/li>\n<\/ul>\n<h2>Tervez\u00e9si szempontok \u00e9s kiv\u00e1laszt\u00e1si krit\u00e9riumok<\/h2>\n<p>A hengerfejek tervez\u00e9sekor sz\u00e1mos kulcsfontoss\u00e1g\u00fa t\u00e9nyez\u0151t kell figyelembe venni:<\/p>\n<ol>\n<li>Teherb\u00edr\u00e1s: A karhengernek k\u00e9pesnek kell lennie arra, hogy ellen\u00e1lljon a v\u00e1rhat\u00f3 terhel\u00e9snek, \u00e9s elegend\u0151 er\u0151t biztos\u00edtson az alkalmaz\u00e1shoz.<\/li>\n<li>T\u00f6m\u00edt\u00e9s: A hat\u00e9kony t\u00f6m\u00edt\u00e9s biztos\u00edt\u00e1s\u00e1hoz k\u00fcl\u00f6nf\u00e9le t\u00f6m\u00edt\u0151elemeket, p\u00e9ld\u00e1ul dugatty\u00fat\u00f6m\u00edt\u00e9seket \u00e9s r\u00fadt\u00f6m\u00edt\u00e9seket kell haszn\u00e1lni. A t\u00f6m\u00edt\u00e9sekhez \u00e1ltal\u00e1ban poliuret\u00e1nt \u00e9s nitrilgumit haszn\u00e1lnak.<\/li>\n<li>Tart\u00f3ss\u00e1g: A hengertestet \u00e9s a menetes v\u00e9gfel\u00fcleteket finoman megmunk\u00e1lni kell a kop\u00e1s\u00e1ll\u00f3s\u00e1g jav\u00edt\u00e1sa \u00e9rdek\u00e9ben. A kiv\u00e1l\u00f3 min\u0151s\u00e9g\u0171 anyagok haszn\u00e1lata biztos\u00edtja a tart\u00f3ss\u00e1got.<\/li>\n<li>Biztons\u00e1g: A balesetek megel\u0151z\u00e9se \u00e9s a kezel\u0151 biztons\u00e1g\u00e1nak garant\u00e1l\u00e1sa \u00e9rdek\u00e9ben biztons\u00e1gi berendez\u00e9seket, p\u00e9ld\u00e1ul nyom\u00e1scs\u00f6kkent\u0151 szelepeket \u00e9s v\u00e9szle\u00e1ll\u00edt\u00f3 rendszereket kell be\u00e9p\u00edteni.<\/li>\n<li>Karbantarthat\u00f3s\u00e1g: A tervez\u00e9s sor\u00e1n figyelembe kell venni az alkatr\u00e9szek k\u00f6nny\u0171 hozz\u00e1f\u00e9rhet\u0151s\u00e9g\u00e9t a karbantart\u00e1s \u00e9s csere \u00e9rdek\u00e9ben, cs\u00f6kkentve az \u00e1ll\u00e1sid\u0151t \u00e9s a karbantart\u00e1si k\u00f6lts\u00e9geket.<\/li>\n<\/ol>\n<p><img decoding=\"async\" src=\"https:\/\/www.hydraulic-cylinders.net\/wp-content\/uploads\/2025\/01\/songte-cylinder-head-with-all-kinds-excavator-models.webp\" alt=\"Hengerfej\" \/><\/p>\n<h2>T\u00f6m\u00edt\u00e9s \u00e9s ken\u00e9s<\/h2>\n<p>A karos munkahengerek k\u00fcl\u00f6nf\u00e9le t\u00f6m\u00edt\u0151elemeket haszn\u00e1lnak, p\u00e9ld\u00e1ul dugatty\u00fat\u00f6m\u00edt\u00e9seket \u00e9s r\u00fadt\u00f6m\u00edt\u00e9seket, amelyek kop\u00e1s\u00e1ll\u00f3 anyagokb\u00f3l, p\u00e9ld\u00e1ul poliuret\u00e1nb\u00f3l \u00e9s nitrilgumib\u00f3l k\u00e9sz\u00fclnek. A hengertest \u00e9s a menetes v\u00e9gek finom megmunk\u00e1l\u00e1son esnek \u00e1t a kop\u00e1s\u00e1ll\u00f3s\u00e1g fokoz\u00e1sa \u00e9rdek\u00e9ben. A z\u00f6kken\u0151mentes m\u0171k\u00f6d\u00e9s biztos\u00edt\u00e1s\u00e1hoz rendszeres ken\u00e9s sz\u00fcks\u00e9ges megfelel\u0151 mennyis\u00e9g\u0171 hidraulikaolajjal.<\/p>\n<h2>Rendszeres ellen\u0151rz\u00e9s \u00e9s megel\u0151z\u0151 karbantart\u00e1s<\/h2>\n<p>A karhengerek optim\u00e1lis teljes\u00edtm\u00e9ny\u00e9hez elengedhetetlen a rendszeres ellen\u0151rz\u00e9s \u00e9s a megel\u0151z\u0151 karbantart\u00e1s:<\/p>\n<ol>\n<li>Ellen\u0151rizze a henger \u00e9s a t\u00f6m\u00edt\u00e9sek sziv\u00e1rg\u00e1s\u00e1ra, s\u00e9r\u00fcl\u00e9s\u00e9re vagy rendellenes kop\u00e1s\u00e1ra utal\u00f3 jeleket.<\/li>\n<li>Ellen\u0151rizze a hidraulikus csatlakoz\u00e1sok t\u00f6m\u00edtetts\u00e9g\u00e9t \u00e9s az esetleges sziv\u00e1rg\u00e1sokat.<\/li>\n<li>Biztos\u00edtsa a henger alkatr\u00e9szeinek megfelel\u0151 ken\u00e9s\u00e9t.<\/li>\n<li>V\u00e9gezze el a nyom\u00e1s- \u00e9s szab\u00e1lyoz\u00f3rendszerek rutinszer\u0171 tesztel\u00e9s\u00e9t.<\/li>\n<li>Sz\u00fcks\u00e9g szerint cser\u00e9lje ki az elkopott t\u00f6m\u00edt\u00e9seket vagy alkatr\u00e9szeket.<\/li>\n<\/ol>\n<h2>Term\u00e9ktelep\u00edt\u00e9si \u00fatmutat\u00f3<\/h2>\n<p>A karhenger megfelel\u0151 beszerel\u00e9se kulcsfontoss\u00e1g\u00fa a teljes\u00edtm\u00e9nye \u00e9s hossz\u00fa \u00e9lettartama szempontj\u00e1b\u00f3l. \u00cdme a k\u00f6vetend\u0151 l\u00e9p\u00e9sek:<\/p>\n<ol>\n<li>Gy\u0151z\u0151dj\u00f6n meg arr\u00f3l, hogy a szerel\u00e9si fel\u00fclet tiszta \u00e9s mentes mindenf\u00e9le t\u00f6rmel\u00e9kt\u0151l.<\/li>\n<li>Igaz\u00edtsa a hengert a r\u00f6gz\u00edt\u0151furatokhoz, \u00e9s r\u00f6gz\u00edtse megfelel\u0151 csavarokkal vagy r\u00f6gz\u00edt\u0151elemekkel.<\/li>\n<li>Gy\u0151z\u0151dj\u00f6n meg arr\u00f3l, hogy minden hidraulikus csatlakoz\u00e1s szorosan van csatlakoztatva \u00e9s t\u00f6m\u00edtett.<\/li>\n<li>Haszn\u00e1lat el\u0151tt ellen\u0151rizze k\u00e9tszer a karhenger be\u00e1ll\u00edt\u00e1s\u00e1t \u00e9s mozg\u00e1s\u00e1t.<\/li>\n<\/ol>\n<p><img decoding=\"async\" src=\"https:\/\/www.hydraulic-cylinders.net\/wp-content\/uploads\/2025\/01\/songte-bushings-with-all-kinds-of-excavator-models.webp\" alt=\"perselyek\" \/><\/p>\n<h2>Biztons\u00e1gi szempontok \u00e9s k\u00f6rnyezeti t\u00e9nyez\u0151k<\/h2>\n<p>A biztons\u00e1gi int\u00e9zked\u00e9sek rendk\u00edv\u00fcl fontosak a karos munkahengerek haszn\u00e1latakor. A balesetek \u00e9s s\u00e9r\u00fcl\u00e9sek megel\u0151z\u00e9se \u00e9rdek\u00e9ben elengedhetetlen a megfelel\u0151 biztons\u00e1gi elj\u00e1r\u00e1sok \u00e9s ir\u00e1nyelvek betart\u00e1sa. Ezenk\u00edv\u00fcl a k\u00f6rnyezeti t\u00e9nyez\u0151k, p\u00e9ld\u00e1ul a h\u0151m\u00e9rs\u00e9klet, a nedvess\u00e9g \u00e9s a korroz\u00edv anyagok figyelembev\u00e9tele seg\u00edthet a karos munkahengerek hossz\u00fa \u00e9lettartam\u00e1nak \u00e9s teljes\u00edtm\u00e9ny\u00e9nek biztos\u00edt\u00e1s\u00e1ban.<\/p>\n<h2>Hibaelh\u00e1r\u00edt\u00e1s \u00e9s gyakori probl\u00e9m\u00e1k<\/h2>\n<p>Karos munkahengerek haszn\u00e1latakor bizonyos probl\u00e9m\u00e1k mer\u00fclhetnek fel. \u00cdme n\u00e9h\u00e1ny gyakori probl\u00e9ma \u00e9s lehets\u00e9ges megold\u00e1suk:<\/p>\n<ol>\n<li>Sziv\u00e1rg\u00e1s: Ellen\u0151rizze a s\u00e9r\u00fclt t\u00f6m\u00edt\u00e9seket, \u00e9s cser\u00e9lje ki azokat. Gy\u0151z\u0151dj\u00f6n meg a hidraulikus csatlakoz\u00e1sok megfelel\u0151 megh\u00faz\u00e1s\u00e1r\u00f3l.<\/li>\n<li>Lass\u00fa vagy nem teljes mozg\u00e1s: Ellen\u0151rizze a hidraulikus rendszert elt\u00f6m\u0151d\u00e9s vagy el\u00e9gtelen nyom\u00e1s szempontj\u00e1b\u00f3l. Ellen\u0151rizze a henger kop\u00e1s\u00e1t vagy s\u00e9r\u00fcl\u00e9s\u00e9t.<\/li>\n<li>T\u00falzott zaj vagy rezg\u00e9s: Ellen\u0151rizze a laza csatlakoz\u00e1sokat vagy kopott alkatr\u00e9szeket. Kenje meg a hengert az aj\u00e1nl\u00e1soknak megfelel\u0151en.<\/li>\n<li>Inkonzisztens teljes\u00edtm\u00e9ny: Ellen\u0151rizze a szab\u00e1lyoz\u00f3szelepeket \u00e9s a nyom\u00e1sbe\u00e1ll\u00edt\u00e1sokat. Gy\u0151z\u0151dj\u00f6n meg a megfelel\u0151 kalibr\u00e1l\u00e1sr\u00f3l \u00e9s be\u00e1ll\u00edt\u00e1sr\u00f3l.<\/li>\n<\/ol>\n<p><img decoding=\"async\" src=\"https:\/\/www.hydraulic-cylinders.net\/wp-content\/uploads\/2025\/01\/songte-chushion-collar.webp\" alt=\"Chushion gall\u00e9r\" \/><\/p>\n<p>Ne felejtsd el logikusan fel\u00e9p\u00edteni a cikket, haszn\u00e1lj alc\u00edmeket a k\u00f6nny\u0171 navig\u00e1ci\u00f3 \u00e9rdek\u00e9ben, \u00e9p\u00edts be relev\u00e1ns k\u00e9peket vagy diagramokat a jobb meg\u00e9rt\u00e9s \u00e9rdek\u00e9ben, \u00e9s \u00fcgyelj arra, hogy a tartalom vil\u00e1gos, t\u00f6m\u00f6r \u00e9s k\u00fcl\u00f6nb\u00f6z\u0151 szint\u0171 technikai tud\u00e1ssal rendelkez\u0151 olvas\u00f3k sz\u00e1m\u00e1ra is megfelel\u0151 legyen.<\/p>\n<h2>R\u00f3lunk<\/h2>\n<p>Professzion\u00e1lis hidraulikus hengergy\u00e1rt\u00f3k\u00e9nt sz\u00e9les term\u00e9kv\u00e1laszt\u00e9kot k\u00edn\u00e1lunk. A hidraulikus hengerek egyik vezet\u0151 gy\u00e1rt\u00f3j\u00e1v\u00e1 \u00e9s nagykeresked\u0151j\u00e9v\u00e9 v\u00e1ltunk mind a hazai, mind a nemzetk\u00f6zi piacokon. A kiv\u00e1l\u00f3s\u00e1g ir\u00e1nti elk\u00f6telezetts\u00e9g\u00fcnkkel folyamatosan fejlesztj\u00fck m\u0171szaki k\u00e9pess\u00e9geinket \u00e9s termel\u00e9si hat\u00e9konys\u00e1gunkat finomhangolt gy\u00e1rt\u00e1si folyamatok, valamint fejlett digit\u00e1lis gy\u00e1rt\u00f3berendez\u00e9sek \u00e9s professzion\u00e1lis tesztel\u0151rendszerek bevezet\u00e9s\u00e9vel. C\u00e9lunk, hogy a hat\u00e9konys\u00e1g, a precizit\u00e1s \u00e9s a magas min\u0151s\u00e9g elvei alapj\u00e1n kiel\u00e9g\u00edts\u00fck \u00fcgyfeleink sokr\u00e9t\u0171 ig\u00e9nyeit.<\/p>\n<p><img decoding=\"async\" src=\"https:\/\/www.hydraulic-cylinders.net\/wp-content\/uploads\/2025\/01\/songte-company-4.webp\" alt=\"C\u00e9ges l\u00e9tes\u00edtm\u00e9nyek\" \/><br \/>\n<img decoding=\"async\" src=\"https:\/\/www.hydraulic-cylinders.net\/wp-content\/uploads\/2025\/01\/songte-company-3.webp\" alt=\"C\u00e9gbemutat\u00f3\" \/><\/p>\n<p>B\u00fcszk\u00e9k vagyunk professzionalizmusunkra, nemzetk\u00f6zi tan\u00fas\u00edtv\u00e1nyainkra, szem\u00e9lyre szabott szolg\u00e1ltat\u00e1sainkra, korszer\u0171 gy\u00e1rt\u00f3berendez\u00e9seinkre \u00e9s \u00e9rt\u00e9kes\u00edt\u00e9s ut\u00e1ni szolg\u00e1ltat\u00e1sainkra. [Szerz\u0151: lyl]<\/p>","protected":false},"excerpt":{"rendered":"<p>Arm Cylinder For Tiangong ZG3235-9C Arm Cylinder is a specially designed hydraulic cylinder that provides linear movement and power to the arms of various machinery, such as excavators, cranes, and robotic arms. It plays a crucial role in hydraulic systems, enabling effective movement and control of additional tools or attachments. These cylinders not only ensure [&hellip;]<\/p>","protected":false},"featured_media":14763,"comment_status":"open","ping_status":"closed","template":"","meta":{"_et_pb_use_builder":"","_et_pb_old_content":"","_et_gb_content_width":""},"product_brand":[],"product_cat":[1497],"product_tag":[1498,1496],"class_list":{"0":"post-16896","1":"product","2":"type-product","3":"status-publish","4":"has-post-thumbnail","6":"product_cat-arm-cylinders","7":"product_tag-arm-cylinders","8":"product_tag-hydraulic-cylinders","10":"first","11":"instock","12":"shipping-taxable","13":"product-type-simple"},"amp_enabled":true,"_links":{"self":[{"href":"https:\/\/www.hydraulic-cylinders.net\/hu\/wp-json\/wp\/v2\/product\/16896","targetHints":{"allow":["GET"]}}],"collection":[{"href":"https:\/\/www.hydraulic-cylinders.net\/hu\/wp-json\/wp\/v2\/product"}],"about":[{"href":"https:\/\/www.hydraulic-cylinders.net\/hu\/wp-json\/wp\/v2\/types\/product"}],"replies":[{"embeddable":true,"href":"https:\/\/www.hydraulic-cylinders.net\/hu\/wp-json\/wp\/v2\/comments?post=16896"}],"wp:featuredmedia":[{"embeddable":true,"href":"https:\/\/www.hydraulic-cylinders.net\/hu\/wp-json\/wp\/v2\/media\/14763"}],"wp:attachment":[{"href":"https:\/\/www.hydraulic-cylinders.net\/hu\/wp-json\/wp\/v2\/media?parent=16896"}],"wp:term":[{"taxonomy":"product_brand","embeddable":true,"href":"https:\/\/www.hydraulic-cylinders.net\/hu\/wp-json\/wp\/v2\/product_brand?post=16896"},{"taxonomy":"product_cat","embeddable":true,"href":"https:\/\/www.hydraulic-cylinders.net\/hu\/wp-json\/wp\/v2\/product_cat?post=16896"},{"taxonomy":"product_tag","embeddable":true,"href":"https:\/\/www.hydraulic-cylinders.net\/hu\/wp-json\/wp\/v2\/product_tag?post=16896"}],"curies":[{"name":"munkaf\u00fczet","href":"https:\/\/api.w.org\/{rel}","templated":true}]}}