{"id":16897,"date":"2025-01-21T06:11:21","date_gmt":"2025-01-21T06:11:21","guid":{"rendered":"https:\/\/www.hydraulic-cylinders.net\/product\/arm-cylinder-for-tiangong-zg3255lc-9\/"},"modified":"2025-01-21T06:11:23","modified_gmt":"2025-01-21T06:11:23","slug":"arm-cylinder-for-tiangong-zg3255lc-9","status":"publish","type":"product","link":"https:\/\/www.hydraulic-cylinders.net\/hu\/termek\/arm-cylinder-for-tiangong-zg3255lc-9\/","title":{"rendered":"Karhenger Tiangong ZG3255LC-9-hez"},"content":{"rendered":"<h1>Karhenger Tiangong ZG3255LC-9-hez<\/h1>\n<h2>Bevezet\u00e9s<\/h2>\n<p>A karhenger egy speci\u00e1lis hidraulikus henger, amely line\u00e1ris mozg\u00e1st \u00e9s er\u0151t biztos\u00edt k\u00fcl\u00f6nf\u00e9le g\u00e9pek, p\u00e9ld\u00e1ul kotr\u00f3g\u00e9pek, daruk \u00e9s robotkarok karj\u00e1nak. Kritikus szerepet j\u00e1tszik a hidraulikus rendszerekben, lehet\u0151v\u00e9 t\u00e9ve a tartoz\u00e9kok mozg\u00e1s\u00e1t \u00e9s hat\u00e9kony vez\u00e9rl\u00e9s\u00e9t. Ezek a hengerek nemcsak sima mozg\u00e1st biztos\u00edtanak, hanem nagy terhel\u00e9seket is elviselnek, biztos\u00edtva a g\u00e9pek hat\u00e9kony m\u0171k\u00f6d\u00e9s\u00e9t \u00e9s megb\u00edzhat\u00f3s\u00e1g\u00e1t k\u00fcl\u00f6nb\u00f6z\u0151 munkak\u00f6r\u00fclm\u00e9nyek k\u00f6z\u00f6tt.<\/p>\n<p><img decoding=\"async\" src=\"https:\/\/www.hydraulic-cylinders.net\/wp-content\/uploads\/2025\/01\/songte-company-2.webp\" alt=\"Karhenger k\u00e9pe\"><\/p>\n<h2>Jellemz\u0151k<\/h2>\n<ul>\n<li>Nagy hat\u00e9konys\u00e1g\u00fa er\u0151\u00e1tvitel: Er\u0151teljes line\u00e1ris mozg\u00e1st \u00e9s er\u0151t biztos\u00edt a g\u00e9pkarok magas m\u0171k\u00f6d\u00e9si hat\u00e9konys\u00e1g\u00e1nak biztos\u00edt\u00e1sa \u00e9rdek\u00e9ben.<\/li>\n<li>Prec\u00edz vez\u00e9rl\u00e9s: Lehet\u0151v\u00e9 teszi a tartoz\u00e9kok pontos mozg\u00e1svez\u00e9rl\u00e9s\u00e9t hidraulikus rendszereken kereszt\u00fcl, \u00edgy m\u0171k\u00f6d\u00e9s\u00fck rugalmasabb \u00e9s prec\u00edzebb.<\/li>\n<li>Er\u0151s tart\u00f3ss\u00e1g: \u00c1ltal\u00e1ban nagy szil\u00e1rds\u00e1g\u00fa anyagokb\u00f3l k\u00e9sz\u00fcl, amelyek j\u00f3 kop\u00e1s- \u00e9s korr\u00f3zi\u00f3\u00e1ll\u00f3s\u00e1ggal rendelkeznek, \u00edgy alkalmasak hossz\u00fa t\u00e1v\u00fa haszn\u00e1latra zord k\u00f6rnyezetben.<\/li>\n<li>T\u00f6bbfunkci\u00f3s alkalmazkod\u00f3k\u00e9pess\u00e9g: Ezek a munkahengerek sz\u00e9les k\u00f6rben alkalmazhat\u00f3k k\u00fcl\u00f6nf\u00e9le g\u00e9pekben, p\u00e9ld\u00e1ul kotr\u00f3g\u00e9pekben, darukban \u00e9s robotkarokban, alkalmazkodva a k\u00fcl\u00f6nb\u00f6z\u0151 munkak\u00f6vetelm\u00e9nyekhez.<\/li>\n<li>K\u00f6nny\u0171 karbantart\u00e1s: \u00dagy tervezt\u00e9k, hogy k\u00f6nnyen karbantarthat\u00f3 \u00e9s cser\u00e9lhet\u0151 legyen, \u00edgy a rendszeres ellen\u0151rz\u00e9s \u00e9s karbantart\u00e1s k\u00e9nyelmesebb, \u00e9s cs\u00f6kken a berendez\u00e9s \u00e1ll\u00e1sideje.<\/li>\n<\/ul>\n<p>Ezt a term\u00e9ket el\u0151 tudjuk \u00e1ll\u00edtani, \u00e9s term\u00e9k\u00fcnk t\u00f6k\u00e9letesen helyettes\u00edtheti ezeket a hidraulikus hengereket.<\/p>\n<p><img decoding=\"async\" src=\"https:\/\/www.hydraulic-cylinders.net\/wp-content\/uploads\/2025\/01\/songte-oil-pipes-and-spare-parts.webp\" alt=\"Hidraulikus henger alkatr\u00e9szek k\u00e9pe\"><\/p>\n<h2>Alkalmaz\u00e1sok<\/h2>\n<p>A karhengert k\u00fcl\u00f6nf\u00e9le ipar\u00e1gakban \u00e9s alkalmaz\u00e1sokban haszn\u00e1lj\u00e1k:<\/p>\n<ul>\n<li>\u00c9p\u00edt\u0151ipar: Kotr\u00f3g\u00e9pekben \u00e9s darukban haszn\u00e1lj\u00e1k a v\u00f6dr\u00f6k vagy g\u00e9mek mozg\u00e1s\u00e1nak vez\u00e9rl\u00e9s\u00e9re f\u00f6ldmunk\u00e1kn\u00e1l, anyagmozgat\u00e1sn\u00e1l \u00e9s szerkezeti telep\u00edt\u00e9sn\u00e9l.<\/li>\n<li>Gy\u00e1rt\u00e1s: Automatiz\u00e1lt gy\u00e1rt\u00f3sorokon haszn\u00e1lj\u00e1k robotkarok mozgat\u00e1s\u00e1hoz \u00f6sszeszerel\u00e9si, hegeszt\u00e9si \u00e9s anyagmozgat\u00e1si folyamatok elv\u00e9gz\u00e9s\u00e9hez, jav\u00edtva a termel\u00e9kenys\u00e9get \u00e9s a pontoss\u00e1got.<\/li>\n<li>Mez\u0151gazdas\u00e1gi g\u00e9pek: Mez\u0151gazdas\u00e1gi g\u00e9pekben, p\u00e9ld\u00e1ul betakar\u00edt\u00f3g\u00e9pekben \u00e9s vet\u0151g\u00e9pekben haszn\u00e1lj\u00e1k a m\u0171k\u00f6dtet\u0151 karok mozg\u00e1s\u00e1nak vez\u00e9rl\u00e9s\u00e9re olyan feladatokhoz, mint az \u00fcltet\u00e9s, a tr\u00e1gy\u00e1z\u00e1s \u00e9s a betakar\u00edt\u00e1s.<\/li>\n<li>B\u00e1ny\u00e1szat: B\u00e1ny\u00e1szati \u200b\u200bberendez\u00e9sekben haszn\u00e1lj\u00e1k a karok mozg\u00e1s\u00e1nak szab\u00e1lyoz\u00e1s\u00e1ra \u00e1sv\u00e1nyok b\u00e1ny\u00e1szat\u00e1hoz \u00e9s sz\u00e1ll\u00edt\u00e1s\u00e1hoz.<\/li>\n<li>Logisztika \u00e9s sz\u00e1ll\u00edt\u00e1s: Targonc\u00e1kban \u00e9s anyagmozgat\u00f3 robotokban haszn\u00e1lj\u00e1k a vill\u00e1k mozg\u00e1s\u00e1nak vez\u00e9rl\u00e9s\u00e9re, valamint az anyagmozgat\u00e1s \u00e9s -rakod\u00e1s megval\u00f3s\u00edt\u00e1s\u00e1ra.<\/li>\n<\/ul>\n<h2>Tervez\u00e9si szempontok \u00e9s kiv\u00e1laszt\u00e1si krit\u00e9riumok<\/h2>\n<ul>\n<li>Bearing capacity: The cylinder&#8217;s ability to bear loads must be considered to ensure its safety and efficiency during operation.<\/li>\n<li>T\u00f6m\u00edt\u00e9s: K\u00fcl\u00f6nb\u00f6z\u0151 t\u00f6m\u00edt\u00e9seket, p\u00e9ld\u00e1ul dugatty\u00fat\u00f6m\u00edt\u00e9seket \u00e9s r\u00fadt\u00f6m\u00edt\u00e9seket haszn\u00e1lnak, amelyek tart\u00f3s anyagokb\u00f3l, p\u00e9ld\u00e1ul poliuret\u00e1nb\u00f3l \u00e9s nitrilgumib\u00f3l k\u00e9sz\u00fclnek, a folyad\u00e9ksziv\u00e1rg\u00e1s megakad\u00e1lyoz\u00e1s\u00e1ra.<\/li>\n<li>Tart\u00f3ss\u00e1g: Nagy szil\u00e1rds\u00e1g\u00fa anyagokb\u00f3l k\u00e9sz\u00fclt, amelyek kiv\u00e1l\u00f3 kop\u00e1s- \u00e9s korr\u00f3zi\u00f3\u00e1ll\u00f3s\u00e1got biztos\u00edtanak, \u00edgy ellen\u00e1llnak a zord k\u00f6rnyezeti hat\u00e1soknak \u00e9s a hossz\u00fa t\u00e1v\u00fa haszn\u00e1latnak.<\/li>\n<li>Biztons\u00e1g: A biztons\u00e1gos m\u0171k\u00f6d\u00e9s biztos\u00edt\u00e1sa \u00e9rdek\u00e9ben figyelembe kell venni a biztons\u00e1gi funkci\u00f3kat, p\u00e9ld\u00e1ul a nyom\u00e1scs\u00f6kkent\u0151 szelepeket \u00e9s a reteszel\u0151 mechanizmusokat.<\/li>\n<li>Maintenance: Design for easy maintenance and replacement of common parts to improve the cylinder&#8217;s efficiency and reduce downtime.<\/li>\n<\/ul>\n<p><img decoding=\"async\" src=\"https:\/\/www.hydraulic-cylinders.net\/wp-content\/uploads\/2025\/01\/songte-cylinder-head-with-all-kinds-excavator-models.webp\" alt=\"Hidraulikus hengerfej k\u00e9pe\"><\/p>\n<h2>T\u00f6m\u00edt\u00e9s \u00e9s ken\u00e9s<\/h2>\n<p>Various seals such as piston seals and rod seals are used to prevent fluid leakage. These seals are made of durable materials such as polyurethane and nitrile rubber. The cylinder&#8217;s body and threaded end surfaces are finely processed to improve their wear resistance. Regular lubrication with an appropriate amount of hydraulic oil is required.<\/p>\n<p><img decoding=\"async\" src=\"https:\/\/www.hydraulic-cylinders.net\/wp-content\/uploads\/2025\/01\/songte-chushion-collar.webp\" alt=\"Hidraulikus hengerp\u00e1rna gall\u00e9r k\u00e9pe\"><\/p>\n<h2>Ellen\u0151rz\u00e9s \u00e9s karbantart\u00e1s<\/h2>\n<ul>\n<li>Regular inspections of the cylinder&#8217;s body and seals are necessary to ensure safe operation.<\/li>\n<li>A folyad\u00e9ksziv\u00e1rg\u00e1s \u00e9s a henger meghib\u00e1sod\u00e1s\u00e1nak megel\u0151z\u00e9se \u00e9rdek\u00e9ben azonnal cser\u00e9lje ki a s\u00e9r\u00fclt vagy kopott t\u00f6m\u00edt\u00e9seket \u00e9s egy\u00e9b alkatr\u00e9szeket.<\/li>\n<li>Clean the cylinder&#8217;s body and threaded end surfaces before installation to avoid contamination.<\/li>\n<\/ul>\n<h2>Telep\u00edt\u00e9si \u00fatmutat\u00f3<\/h2>\n<ul>\n<li>A beszerel\u00e9s el\u0151tt gy\u0151z\u0151dj\u00f6n meg arr\u00f3l, hogy a henger \u00e9s a r\u00f6gz\u00edt\u0151elemei tiszt\u00e1k \u00e9s s\u00e9r\u00fcl\u00e9smentesek.<\/li>\n<li>Haszn\u00e1lja a megfelel\u0151 szersz\u00e1mokat \u00e9s berendez\u00e9seket, hogy elker\u00fclje a henger \u00e9s alkatr\u00e9szeinek s\u00e9r\u00fcl\u00e9s\u00e9t a telep\u00edt\u00e9s sor\u00e1n.<\/li>\n<li>Ensure that the cylinder is installed in the correct position and aligned with the machinery&#8217;s mounting brackets.<\/li>\n<li>H\u00fazza meg a csavarokat \u00e9s any\u00e1kat az aj\u00e1nlott nyomat\u00e9kkal.<\/li>\n<li>Test the cylinder&#8217;s operation after installation to ensure proper functioning.<\/li>\n<\/ul>\n<p><img decoding=\"async\" src=\"https:\/\/www.hydraulic-cylinders.net\/wp-content\/uploads\/2025\/01\/songte-bushings-with-all-kinds-of-excavator-models.webp\" alt=\"Hidraulikus henger persely k\u00e9pe\"><\/p>\n<h2>Biztons\u00e1gi szempontok \u00e9s k\u00f6rnyezeti t\u00e9nyez\u0151k<\/h2>\n<p>Safety measures are critical when working with hydraulic systems. Proper training and safety equipment should be provided to operators. Environmental factors such as temperature, humidity, and vibration must also be considered to ensure the cylinder&#8217;s safe and efficient operation.<\/p>\n<h2>Hibaelh\u00e1r\u00edt\u00e1s \u00e9s gyakori probl\u00e9m\u00e1k<\/h2>\n<ul>\n<li>Sziv\u00e1rg\u00e1s: Ellen\u0151rizze a s\u00e9r\u00fclt vagy kopott t\u00f6m\u00edt\u00e9seket, \u00e9s h\u00fazza meg a csavarokat \u00e9s any\u00e1kat az aj\u00e1nlott nyomat\u00e9kkal.<\/li>\n<li>El\u00e9gtelen er\u0151 vagy sebess\u00e9g: Ellen\u0151rizze a folyad\u00e9kszintet \u00e9s a nyom\u00e1st, \u00e9s vizsg\u00e1lja meg a dugatty\u00fat \u00e9s a rudat s\u00e9r\u00fcl\u00e9s vagy kop\u00e1s szempontj\u00e1b\u00f3l.<\/li>\n<li>T\u00falzott zaj vagy rezg\u00e9s: Ellen\u0151rizze a r\u00f6gz\u00edt\u0151elemeket, hogy nincsenek-e laza vagy s\u00e9r\u00fclt alkatr\u00e9szek, \u00e9s vizsg\u00e1lja meg a dugatty\u00fat \u00e9s a rudat s\u00e9r\u00fcl\u00e9s vagy kop\u00e1s szempontj\u00e1b\u00f3l.<\/li>\n<li>Beragad\u00e1s vagy szorul\u00e1s: Ellen\u0151rizze a t\u00f6m\u00edt\u00e9sek, a dugatty\u00fa \u00e9s a r\u00fad s\u00e9r\u00fcl\u00e9s\u00e9t vagy kop\u00e1s\u00e1t, \u00e9s gy\u0151z\u0151dj\u00f6n meg arr\u00f3l, hogy a henger megfelel\u0151en kenve van.<\/li>\n<\/ul>\n<p>A rendszeres karbantart\u00e1s \u00e9s ellen\u0151rz\u00e9s seg\u00edthet megel\u0151zni ezeket a probl\u00e9m\u00e1kat.<\/p>\n<p><img decoding=\"async\" src=\"https:\/\/www.hydraulic-cylinders.net\/wp-content\/uploads\/2025\/01\/songte-company-4.webp\" alt=\"Hidraulikus henger gy\u00e1rt\u00e1si k\u00e9p\"><\/p>\n<p>We are a professional manufacturer of replacement hydraulic cylinders with a wide range of products and have become one of the leading hydraulic cylinder manufacturers and wholesale distributors in the domestic and international markets. We always adhere to the principle of excellent quality and rely on industrialized production management strategies in our refined manufacturing workshops to continuously improve our technical level and production efficiency. By introducing high-end digital manufacturing equipment and professional testing systems, we continuously optimize our manufacturing platform, perfect our product quality control process, and have strong innovation capabilities. Our goal is to satisfy customers&#8217; diversified needs with high efficiency, accuracy, and high-quality standards.<\/p>\n<p>Professzion\u00e1lis szolg\u00e1ltat\u00e1sokat k\u00edn\u00e1lunk, mint p\u00e9ld\u00e1ul nemzetk\u00f6zi tan\u00fas\u00edt\u00e1s, testreszab\u00e1s, gy\u00e1rt\u00f3berendez\u00e9sek \u00e9s \u00e9rt\u00e9kes\u00edt\u00e9s ut\u00e1ni szolg\u00e1ltat\u00e1s.<\/p>\n<p><img decoding=\"async\" src=\"https:\/\/www.hydraulic-cylinders.net\/wp-content\/uploads\/2025\/01\/songte-company-3.webp\" alt=\"Hidraulikus henger szolg\u00e1ltat\u00e1sok k\u00e9pe\"><\/p>\n<p>Szerz\u0151: lyl<\/p>","protected":false},"excerpt":{"rendered":"<p>Arm Cylinder For Tiangong ZG3255LC-9 Introduction An arm cylinder is a specialized hydraulic cylinder that provides linear motion and power to the arm of various types of machinery such as excavators, cranes, and robotic arms. It plays a critical role in hydraulic systems, enabling attachments to move and be controlled effectively. These cylinders not only [&hellip;]<\/p>","protected":false},"featured_media":14759,"comment_status":"open","ping_status":"closed","template":"","meta":{"_et_pb_use_builder":"","_et_pb_old_content":"","_et_gb_content_width":""},"product_brand":[],"product_cat":[1497],"product_tag":[1498,1496],"class_list":{"0":"post-16897","1":"product","2":"type-product","3":"status-publish","4":"has-post-thumbnail","6":"product_cat-arm-cylinders","7":"product_tag-arm-cylinders","8":"product_tag-hydraulic-cylinders","10":"first","11":"instock","12":"shipping-taxable","13":"product-type-simple"},"amp_enabled":true,"_links":{"self":[{"href":"https:\/\/www.hydraulic-cylinders.net\/hu\/wp-json\/wp\/v2\/product\/16897","targetHints":{"allow":["GET"]}}],"collection":[{"href":"https:\/\/www.hydraulic-cylinders.net\/hu\/wp-json\/wp\/v2\/product"}],"about":[{"href":"https:\/\/www.hydraulic-cylinders.net\/hu\/wp-json\/wp\/v2\/types\/product"}],"replies":[{"embeddable":true,"href":"https:\/\/www.hydraulic-cylinders.net\/hu\/wp-json\/wp\/v2\/comments?post=16897"}],"wp:featuredmedia":[{"embeddable":true,"href":"https:\/\/www.hydraulic-cylinders.net\/hu\/wp-json\/wp\/v2\/media\/14759"}],"wp:attachment":[{"href":"https:\/\/www.hydraulic-cylinders.net\/hu\/wp-json\/wp\/v2\/media?parent=16897"}],"wp:term":[{"taxonomy":"product_brand","embeddable":true,"href":"https:\/\/www.hydraulic-cylinders.net\/hu\/wp-json\/wp\/v2\/product_brand?post=16897"},{"taxonomy":"product_cat","embeddable":true,"href":"https:\/\/www.hydraulic-cylinders.net\/hu\/wp-json\/wp\/v2\/product_cat?post=16897"},{"taxonomy":"product_tag","embeddable":true,"href":"https:\/\/www.hydraulic-cylinders.net\/hu\/wp-json\/wp\/v2\/product_tag?post=16897"}],"curies":[{"name":"munkaf\u00fczet","href":"https:\/\/api.w.org\/{rel}","templated":true}]}}