{"id":16900,"date":"2025-01-21T06:11:33","date_gmt":"2025-01-21T06:11:33","guid":{"rendered":"https:\/\/www.hydraulic-cylinders.net\/product\/arm-cylinder-for-dasin-ds18\/"},"modified":"2025-01-21T06:11:34","modified_gmt":"2025-01-21T06:11:34","slug":"arm-cylinder-for-dasin-ds18","status":"publish","type":"product","link":"https:\/\/www.hydraulic-cylinders.net\/hu\/termek\/arm-cylinder-for-dasin-ds18\/","title":{"rendered":"Karhenger Dasin DS18-hoz"},"content":{"rendered":"<p><!DOCTYPE html><br \/>\n<html><br \/>\n<head><br \/>\n\t<title>Karhenger Dasin DS18-hoz<\/title><br \/>\n<\/head><br \/>\n<body><\/p>\n<h1>Karhenger Dasin DS18-hoz<\/h1>\n<h2>Bevezet\u00e9s<\/h2>\n<p>A karhenger egy speci\u00e1lisan tervezett hidraulikus henger, amely line\u00e1ris mozg\u00e1st \u00e9s er\u0151t biztos\u00edt k\u00fcl\u00f6nf\u00e9le g\u00e9pek, p\u00e9ld\u00e1ul kotr\u00f3g\u00e9pek, daruk \u00e9s robotkarok karjainak. Kulcsfontoss\u00e1g\u00fa szerepet j\u00e1tszik a hidraulikus rendszerekben, lehet\u0151v\u00e9 t\u00e9ve a tov\u00e1bbi szersz\u00e1mok vagy tartoz\u00e9kok hat\u00e9kony mozg\u00e1s\u00e1t \u00e9s vez\u00e9rl\u00e9s\u00e9t. Ezek a hengerek nemcsak a sima mozg\u00e1st biztos\u00edtj\u00e1k, hanem a nagy terhel\u00e9seket is elviselik, biztos\u00edtva a g\u00e9pek magas hat\u00e9konys\u00e1g\u00e1t \u00e9s megb\u00edzhat\u00f3s\u00e1g\u00e1t k\u00fcl\u00f6nb\u00f6z\u0151 \u00fczemi k\u00f6r\u00fclm\u00e9nyek k\u00f6z\u00f6tt.<\/p>\n<p>\t<img decoding=\"async\" src=\"https:\/\/www.hydraulic-cylinders.net\/wp-content\/uploads\/2025\/01\/songte-company-2.webp\" alt=\"Karhenger Dasin DS18-hoz\"><\/p>\n<h2>Jellemz\u0151k<\/h2>\n<ul>\n<li><strong>Nagy hat\u00e9konys\u00e1g\u00fa \u00e1tvitel:<\/strong> A karhenger er\u0151teljes line\u00e1ris mozg\u00e1st \u00e9s er\u0151t biztos\u00edt, biztos\u00edtva a robotkarok nagy teljes\u00edtm\u00e9ny\u0171 k\u00e9pess\u00e9geit k\u00fcl\u00f6nf\u00e9le m\u0171veletek sor\u00e1n.<\/li>\n<li><strong>Prec\u00edz vez\u00e9rl\u00e9s:<\/strong> A karhenger prec\u00edz mozg\u00e1svez\u00e9rl\u00e9st tesz lehet\u0151v\u00e9 a hidraulikus rendszeren kereszt\u00fcl, \u00edgy a tov\u00e1bbi szersz\u00e1mok kezel\u00e9se rugalmasabb \u00e9s pontosabb.<\/li>\n<li><strong>Tart\u00f3ss\u00e1g:<\/strong> A karos munkahengerek \u00e1ltal\u00e1ban nagy szil\u00e1rds\u00e1g\u00fa anyagokb\u00f3l k\u00e9sz\u00fclnek, kiv\u00e1l\u00f3 kop\u00e1s- \u00e9s korr\u00f3zi\u00f3\u00e1ll\u00f3s\u00e1ggal, \u00edgy alkalmasak hossz\u00fa t\u00e1v\u00fa haszn\u00e1latra zord k\u00f6rnyezetben.<\/li>\n<li><strong>T\u00f6bbfunkci\u00f3s alkalmazkod\u00f3k\u00e9pess\u00e9g:<\/strong> Ezek a hengerek sz\u00e9les k\u00f6rben alkalmazhat\u00f3k k\u00fcl\u00f6nf\u00e9le g\u00e9pekhez, p\u00e9ld\u00e1ul kotr\u00f3g\u00e9pekhez, darukhoz \u00e9s robotkarokhoz, hogy megfeleljenek a k\u00fcl\u00f6nb\u00f6z\u0151 munkak\u00f6vetelm\u00e9nyeknek.<\/li>\n<li><strong>K\u00f6nny\u0171 karbantart\u00e1s:<\/strong> Az egyszer\u0171 karbantart\u00e1sra \u00e9s cser\u00e9re tervezett hengerek megk\u00f6nny\u00edtik a rendszeres ellen\u0151rz\u00e9seket \u00e9s karbantart\u00e1st, cs\u00f6kkentve a berendez\u00e9sek \u00e1ll\u00e1sidej\u00e9t.<\/li>\n<\/ul>\n<p>\t<img decoding=\"async\" src=\"https:\/\/www.hydraulic-cylinders.net\/wp-content\/uploads\/2025\/01\/songte-oil-pipes-and-spare-parts.webp\" alt=\"Karhenger Dasin DS18-hoz\"><\/p>\n<h2>Alkalmaz\u00e1sok<\/h2>\n<p>A karhengerek sz\u00e1mos ipar\u00e1gban alkalmazhat\u00f3k:<\/p>\n<ul>\n<li><strong>\u00c9p\u00edt\u0151m\u00e9rn\u00f6ki:<\/strong> A karhengereket kotr\u00f3g\u00e9pekben \u00e9s darukban haszn\u00e1lj\u00e1k a v\u00f6dr\u00f6k vagy g\u00e9mek mozg\u00e1s\u00e1nak vez\u00e9rl\u00e9s\u00e9re f\u00f6ldmunk\u00e1kn\u00e1l, anyagmozgat\u00e1sn\u00e1l \u00e9s szerkezeti telep\u00edt\u00e9sekn\u00e9l.<\/li>\n<li><strong>Gy\u00e1rt\u00e1s:<\/strong> Az automatiz\u00e1lt gy\u00e1rt\u00f3sorok karhengerei megk\u00f6nny\u00edtik a robotkarok mozg\u00e1s\u00e1t az \u00f6sszeszerel\u00e9si, hegeszt\u00e9si \u00e9s anyagmozgat\u00e1si folyamatok sor\u00e1n, ez\u00e1ltal jav\u00edtva a termel\u00e9si hat\u00e9konys\u00e1got \u00e9s a pontoss\u00e1got.<\/li>\n<li><strong>Mez\u0151gazdas\u00e1gi g\u00e9pek:<\/strong> A karhengerek a mez\u0151gazdas\u00e1gi g\u00e9pek, p\u00e9ld\u00e1ul a betakar\u00edt\u00f3g\u00e9pek \u00e9s a vet\u0151g\u00e9pek m\u0171k\u00f6dtet\u0151 karjainak mozg\u00e1s\u00e1t vez\u00e9rlik, olyan feladatokat l\u00e1tva el, mint a vet\u00e9s, a m\u0171tr\u00e1gy\u00e1z\u00e1s \u00e9s a betakar\u00edt\u00e1s.<\/li>\n<li><strong>B\u00e1ny\u00e1szati:<\/strong> A karhengereket b\u00e1ny\u00e1szati \u200b\u200bberendez\u00e9sekben haszn\u00e1lj\u00e1k a kar mozg\u00e1s\u00e1nak vez\u00e9rl\u00e9s\u00e9re az \u00e9rc kitermel\u00e9se \u00e9s sz\u00e1ll\u00edt\u00e1sa sor\u00e1n.<\/li>\n<li><strong>Logisztika \u00e9s sz\u00e1ll\u00edt\u00e1s:<\/strong> A targonc\u00e1kban \u00e9s anyagmozgat\u00f3 robotokban a karhengerek vez\u00e9rlik a vill\u00e1k emel\u00e9s\u00e9t \u00e9s mozg\u00e1s\u00e1t, lehet\u0151v\u00e9 t\u00e9ve az anyagsz\u00e1ll\u00edt\u00e1st \u00e9s -rak\u00e1st.<\/li>\n<\/ul>\n<h2>Tervez\u00e9si szempontok \u00e9s kiv\u00e1laszt\u00e1si krit\u00e9riumok<\/h2>\n<p>\t<img decoding=\"async\" src=\"https:\/\/www.hydraulic-cylinders.net\/wp-content\/uploads\/2025\/01\/songte-cylinder-head-with-all-kinds-excavator-models.webp\" alt=\"Karhenger Dasin DS18-hoz\"><\/p>\n<p>A hengerfejek tervez\u00e9sekor \u00e9s kiv\u00e1laszt\u00e1sakor sz\u00e1mos t\u00e9nyez\u0151t kell figyelembe venni:<\/p>\n<ul>\n<li><strong>Teherb\u00edr\u00e1s:<\/strong> A karhengereknek el kell b\u00edrniuk a sz\u00fcks\u00e9ges terhel\u00e9st, \u00e9s elegend\u0151 teljes\u00edtm\u00e9nyt kell biztos\u00edtaniuk a k\u00edv\u00e1nt alkalmaz\u00e1shoz.<\/li>\n<li><strong>T\u00f6m\u00edt\u00e9s:<\/strong> K\u00fcl\u00f6nb\u00f6z\u0151 t\u00f6m\u00edt\u0151elemeket, p\u00e9ld\u00e1ul dugatty\u00fat\u00f6m\u00edt\u00e9seket \u00e9s r\u00fadt\u00f6m\u00edt\u00e9seket haszn\u00e1lnak a megfelel\u0151 t\u00f6m\u00edt\u00e9s biztos\u00edt\u00e1s\u00e1ra. Ezek a t\u00f6m\u00edt\u00e9sek kop\u00e1s\u00e1ll\u00f3 anyagokb\u00f3l, p\u00e9ld\u00e1ul poliuret\u00e1nb\u00f3l \u00e9s nitrilgumib\u00f3l k\u00e9sz\u00fclnek.<\/li>\n<li><strong>Tart\u00f3ss\u00e1g:<\/strong> A hengertest \u00e9s a menetes v\u00e9gek finom megmunk\u00e1l\u00e1s\u00faak a kop\u00e1s\u00e1ll\u00f3s\u00e1g jav\u00edt\u00e1sa \u00e9rdek\u00e9ben. A sima m\u0171k\u00f6d\u00e9s biztos\u00edt\u00e1sa \u00e9rdek\u00e9ben rendszeres hidraulikaolajjal t\u00f6rt\u00e9n\u0151 ken\u00e9s sz\u00fcks\u00e9ges.<\/li>\n<li><strong>Biztons\u00e1g:<\/strong> A balesetek megel\u0151z\u00e9se \u00e9rdek\u00e9ben biztons\u00e1gi int\u00e9zked\u00e9seket kell bevezetni az \u00fczemeltet\u00e9s sor\u00e1n, p\u00e9ld\u00e1ul megfelel\u0151 v\u00e9d\u0151burkolatok haszn\u00e1lat\u00e1t \u00e9s az aj\u00e1nlott \u00fczemeltet\u00e9si elj\u00e1r\u00e1sok betart\u00e1s\u00e1t.<\/li>\n<li><strong>Karbantart\u00e1s:<\/strong> Rendszeres ellen\u0151rz\u00e9seket \u00e9s megel\u0151z\u0151 karbantart\u00e1st kell v\u00e9gezni a lehets\u00e9ges probl\u00e9m\u00e1k miel\u0151bbi azonos\u00edt\u00e1sa \u00e9s kezel\u00e9se \u00e9rdek\u00e9ben.<\/li>\n<\/ul>\n<h2>Telep\u00edt\u00e9si \u00fatmutat\u00f3<\/h2>\n<p>\t<img decoding=\"async\" src=\"https:\/\/www.hydraulic-cylinders.net\/wp-content\/uploads\/2025\/01\/songte-bushings-with-all-kinds-of-excavator-models.webp\" alt=\"Karhenger Dasin DS18-hoz\"><\/p>\n<p>A karhenger megfelel\u0151 beszerel\u00e9se elengedhetetlen az optim\u00e1lis teljes\u00edtm\u00e9nyhez. K\u00f6vesse az al\u00e1bbi l\u00e9p\u00e9seket:<\/p>\n<ol>\n<li>K\u00e9sz\u00edtse el\u0151 a r\u00f6gz\u00edt\u00e9si fel\u00fcletet, \u00e9s gy\u0151z\u0151dj\u00f6n meg r\u00f3la, hogy tiszta \u00e9s mentes minden t\u00f6rmel\u00e9kt\u0151l.<\/li>\n<li>Igaz\u00edtsa a kar henger\u00e9t a r\u00f6gz\u00edt\u0151furatokhoz, \u00e9s r\u00f6gz\u00edtse megfelel\u0151 csavarokkal vagy r\u00f6gz\u00edt\u0151elemekkel.<\/li>\n<li>Ellen\u0151rizze az illeszt\u00e9st, \u00e9s v\u00e9gezze el a sz\u00fcks\u00e9ges be\u00e1ll\u00edt\u00e1sokat a megfelel\u0151 illeszked\u00e9s biztos\u00edt\u00e1sa \u00e9rdek\u00e9ben.<\/li>\n<li>Csatlakoztassa a hidraulikus t\u00f6ml\u0151ket vagy cs\u00f6veket a henger csatlakoz\u00f3ihoz, \u00fcgyelve a szoros \u00e9s sziv\u00e1rg\u00e1smentes csatlakoz\u00e1sra.<\/li>\n<li>Ellen\u0151rizze a henger m\u0171k\u00f6d\u00e9s\u00e9t, hogy biztos\u00edtsa a sima mozg\u00e1st \u00e9s a megfelel\u0151 m\u0171k\u00f6d\u00e9st.<\/li>\n<\/ol>\n<h2>Biztons\u00e1gi szempontok \u00e9s k\u00f6rnyezeti t\u00e9nyez\u0151k<\/h2>\n<p>Karhengerek haszn\u00e1latakor a biztons\u00e1gi int\u00e9zked\u00e9sek fontoss\u00e1g\u00e1t nem lehet el\u00e9gg\u00e9 hangs\u00falyozni. A megfelel\u0151 biztons\u00e1gi \u00f3vint\u00e9zked\u00e9sek bevezet\u00e9se elengedhetetlen a balesetek megel\u0151z\u00e9se, valamint a kezel\u0151k \u00e9s a k\u00f6zelben tart\u00f3zkod\u00f3k j\u00f3l\u00e9t\u00e9nek biztos\u00edt\u00e1sa \u00e9rdek\u00e9ben. A karhenger hossz\u00fa \u00e9lettartam\u00e1nak \u00e9s teljes\u00edtm\u00e9ny\u00e9nek biztos\u00edt\u00e1sa \u00e9rdek\u00e9ben a k\u00f6rnyezeti t\u00e9nyez\u0151ket, p\u00e9ld\u00e1ul a h\u0151m\u00e9rs\u00e9kletet \u00e9s a vegyszereknek val\u00f3 kitetts\u00e9get is figyelembe kell venni.<\/p>\n<h2>Hibaelh\u00e1r\u00edt\u00e1s \u00e9s gyakori probl\u00e9m\u00e1k<\/h2>\n<p>\t<img decoding=\"async\" src=\"https:\/\/www.hydraulic-cylinders.net\/wp-content\/uploads\/2025\/01\/songte-chushion-collar.webp\" alt=\"Karhenger Dasin DS18-hoz\"><\/p>\n<p>Ha probl\u00e9m\u00e1kba \u00fctk\u00f6zik a karhengerrel kapcsolatban, vegye figyelembe a k\u00f6vetkez\u0151 hibaelh\u00e1r\u00edt\u00e1si l\u00e9p\u00e9seket:<\/p>\n<ul>\n<li><strong>Probl\u00e9ma:<\/strong> Lass\u00fa vagy r\u00e1ngat\u00f3z\u00f3 mozg\u00e1s.<\/li>\n<p><strong>Lehets\u00e9ges megold\u00e1s:<\/strong> Ellen\u0151rizze, hogy nincs-e alacsony hidraulikafolyad\u00e9k-szint, sziv\u00e1rg\u00e1s vagy el\u00e9gtelen nyom\u00e1s. Vizsg\u00e1lja meg a t\u00f6m\u00edt\u00e9seket, \u00e9s sz\u00fcks\u00e9g eset\u00e9n cser\u00e9lje ki \u0151ket.<\/p>\n<li><strong>Probl\u00e9ma:<\/strong> T\u00falzott zaj m\u0171k\u00f6d\u00e9s k\u00f6zben.<\/li>\n<p><strong>Lehets\u00e9ges megold\u00e1s:<\/strong> Vizsg\u00e1lja meg a karhengert laza vagy s\u00e9r\u00fclt alkatr\u00e9szek szempontj\u00e1b\u00f3l. H\u00fazza meg a laza csatlakoz\u00e1sokat, \u00e9s cser\u00e9lje ki az elkopott alkatr\u00e9szeket.<\/p>\n<li><strong>Probl\u00e9ma:<\/strong> A henger nem h\u00faz\u00f3dik ki vagy be teljesen.<\/li>\n<p><strong>Lehets\u00e9ges megold\u00e1s:<\/strong> Ellen\u0151rizze, hogy nincsenek-e elt\u00f6m\u0151d\u00e9sek a hidraulikavezet\u00e9kekben vagy s\u00e9r\u00fclt alkatr\u00e9szek. Biztos\u00edtsa a megfelel\u0151 ken\u00e9st, \u00e9s vizsg\u00e1lja meg a hengert kop\u00e1s vagy s\u00e9r\u00fcl\u00e9s jelei szempontj\u00e1b\u00f3l.<\/p>\n<\/ul>\n<p>A hibaelh\u00e1r\u00edt\u00e1si tippek k\u00f6vet\u00e9s\u00e9vel \u00e9s a megel\u0151z\u0151 int\u00e9zked\u00e9sek bevezet\u00e9s\u00e9vel az olvas\u00f3k hat\u00e9konyan diagnosztiz\u00e1lhatj\u00e1k \u00e9s megoldhatj\u00e1k a karhengerrel kapcsolatos probl\u00e9m\u00e1kat, minimaliz\u00e1lva a lehets\u00e9ges probl\u00e9m\u00e1kat.<\/p>\n<h2>R\u00f3lunk<\/h2>\n<p>Professzion\u00e1lis hidraulikus hengergy\u00e1rt\u00f3k vagyunk. Sz\u00e9les term\u00e9kk\u00edn\u00e1latunkkal a hazai \u00e9s a nemzetk\u00f6zi piacok egyik vezet\u0151 hidraulikus hengergy\u00e1rt\u00f3j\u00e1v\u00e1 \u00e9s nagykereskedelmi forgalmaz\u00f3j\u00e1v\u00e1 v\u00e1ltunk. A kiv\u00e1l\u00f3s\u00e1g elveit k\u00f6vetj\u00fck, \u00e9s kifinomult gy\u00e1rt\u00f3m\u0171hely\u00fcnkben az ipari termel\u00e9sir\u00e1ny\u00edt\u00e1si strat\u00e9gi\u00e1kra t\u00e1maszkodunk, hogy folyamatosan fejlessz\u00fck m\u0171szaki szak\u00e9rtelm\u00fcnket \u00e9s termel\u00e9si hat\u00e9konys\u00e1gunkat.<\/p>\n<p>Fejlett digit\u00e1lis gy\u00e1rt\u00f3berendez\u00e9sek \u00e9s professzion\u00e1lis tesztel\u0151rendszerek bevezet\u00e9s\u00e9vel optimaliz\u00e1ljuk gy\u00e1rt\u00e1si platformunkat \u00e9s fejlesztj\u00fck term\u00e9kmin\u0151s\u00e9g-ellen\u0151rz\u00e9si folyamatainkat, er\u0151s innov\u00e1ci\u00f3s k\u00e9pess\u00e9geket demonstr\u00e1lva. C\u00e9lunk, hogy a hat\u00e9konys\u00e1g, a pontoss\u00e1g \u00e9s a magas min\u0151s\u00e9g alapelveivel el\u00e9g\u00edts\u00fck ki \u00fcgyfeleink sokr\u00e9t\u0171 ig\u00e9nyeit.<\/p>\n<p>\t<img decoding=\"async\" src=\"https:\/\/www.hydraulic-cylinders.net\/wp-content\/uploads\/2025\/01\/songte-company-4.webp\" alt=\"Karhenger Dasin DS18-hoz\"><br \/>\n\t<img decoding=\"async\" src=\"https:\/\/www.hydraulic-cylinders.net\/wp-content\/uploads\/2025\/01\/songte-company-3.webp\" alt=\"Karhenger Dasin DS18-hoz\"><\/p>\n<p>B\u00fcszk\u00e9k vagyunk professzionalizmusunkra, nemzetk\u00f6zi tan\u00fas\u00edtv\u00e1nyainkra, szem\u00e9lyre szabott szolg\u00e1ltat\u00e1sainkra, gy\u00e1rt\u00f3berendez\u00e9seinkre \u00e9s \u00e9rt\u00e9kes\u00edt\u00e9s ut\u00e1ni szolg\u00e1ltat\u00e1sainkra. Arra t\u00f6reksz\u00fcnk, hogy kiv\u00e1l\u00f3 min\u0151s\u00e9g\u0171 term\u00e9keket k\u00edn\u00e1ljunk, amelyek megfelelnek a legmagasabb szabv\u00e1nyoknak \u00e9s fel\u00fclm\u00falj\u00e1k az \u00fcgyfelek elv\u00e1r\u00e1sait.<\/p>\n<p><em>Szerz\u0151: lyl<\/em><\/p>\n<p><\/body><br \/>\n<\/html><\/p>","protected":false},"excerpt":{"rendered":"<p>Arm Cylinder For Dasin DS18 Arm Cylinder For Dasin DS18 Introduction The arm cylinder is a specially designed hydraulic cylinder that provides linear motion and power to the arms of various machinery, such as excavators, cranes, and robotic arms. It plays a crucial role in hydraulic systems, enabling the efficient movement and control of additional [&hellip;]<\/p>","protected":false},"featured_media":14779,"comment_status":"open","ping_status":"closed","template":"","meta":{"_et_pb_use_builder":"","_et_pb_old_content":"","_et_gb_content_width":""},"product_brand":[],"product_cat":[1497],"product_tag":[1498,1496],"class_list":{"0":"post-16900","1":"product","2":"type-product","3":"status-publish","4":"has-post-thumbnail","6":"product_cat-arm-cylinders","7":"product_tag-arm-cylinders","8":"product_tag-hydraulic-cylinders","10":"first","11":"instock","12":"shipping-taxable","13":"product-type-simple"},"amp_enabled":true,"_links":{"self":[{"href":"https:\/\/www.hydraulic-cylinders.net\/hu\/wp-json\/wp\/v2\/product\/16900","targetHints":{"allow":["GET"]}}],"collection":[{"href":"https:\/\/www.hydraulic-cylinders.net\/hu\/wp-json\/wp\/v2\/product"}],"about":[{"href":"https:\/\/www.hydraulic-cylinders.net\/hu\/wp-json\/wp\/v2\/types\/product"}],"replies":[{"embeddable":true,"href":"https:\/\/www.hydraulic-cylinders.net\/hu\/wp-json\/wp\/v2\/comments?post=16900"}],"wp:featuredmedia":[{"embeddable":true,"href":"https:\/\/www.hydraulic-cylinders.net\/hu\/wp-json\/wp\/v2\/media\/14779"}],"wp:attachment":[{"href":"https:\/\/www.hydraulic-cylinders.net\/hu\/wp-json\/wp\/v2\/media?parent=16900"}],"wp:term":[{"taxonomy":"product_brand","embeddable":true,"href":"https:\/\/www.hydraulic-cylinders.net\/hu\/wp-json\/wp\/v2\/product_brand?post=16900"},{"taxonomy":"product_cat","embeddable":true,"href":"https:\/\/www.hydraulic-cylinders.net\/hu\/wp-json\/wp\/v2\/product_cat?post=16900"},{"taxonomy":"product_tag","embeddable":true,"href":"https:\/\/www.hydraulic-cylinders.net\/hu\/wp-json\/wp\/v2\/product_tag?post=16900"}],"curies":[{"name":"munkaf\u00fczet","href":"https:\/\/api.w.org\/{rel}","templated":true}]}}