{"id":16902,"date":"2025-01-21T06:11:41","date_gmt":"2025-01-21T06:11:41","guid":{"rendered":"https:\/\/www.hydraulic-cylinders.net\/product\/arm-cylinder-for-dasin-ds35\/"},"modified":"2025-01-21T06:11:43","modified_gmt":"2025-01-21T06:11:43","slug":"arm-cylinder-for-dasin-ds35","status":"publish","type":"product","link":"https:\/\/www.hydraulic-cylinders.net\/hu\/termek\/arm-cylinder-for-dasin-ds35\/","title":{"rendered":"Karhenger Dasin DS35-h\u00f6z"},"content":{"rendered":"<h2>Karhenger Dasin DS35-h\u00f6z<\/h2>\n<h3>Bevezet\u00e9s<\/h3>\n<p>A Dasin DS35 karhengere egy olyan hidraulikus henger, amelyet kifejezetten arra terveztek, hogy line\u00e1ris mozg\u00e1st \u00e9s er\u0151t biztos\u00edtson k\u00fcl\u00f6nf\u00e9le g\u00e9pek, p\u00e9ld\u00e1ul kotr\u00f3g\u00e9pek, daruk \u00e9s robotkarok karjainak. A karhenger kritikus szerepet j\u00e1tszik a hidraulikus rendszerekben, lehet\u0151v\u00e9 t\u00e9ve a tov\u00e1bbi szersz\u00e1mok vagy tartoz\u00e9kok hat\u00e9kony mozg\u00e1s\u00e1t \u00e9s vez\u00e9rl\u00e9s\u00e9t. Ezek a hengerek nemcsak sima mozg\u00e1st biztos\u00edtanak, hanem nagy terhel\u00e9seket is elviselnek, biztos\u00edtva a g\u00e9pek hat\u00e9kony m\u0171k\u00f6d\u00e9s\u00e9t \u00e9s megb\u00edzhat\u00f3s\u00e1g\u00e1t k\u00fcl\u00f6nb\u00f6z\u0151 \u00fczemi k\u00f6r\u00fclm\u00e9nyek k\u00f6z\u00f6tt.<\/p>\n<p><img decoding=\"async\" src=\"https:\/\/www.hydraulic-cylinders.net\/wp-content\/uploads\/2025\/01\/songte-company-2.webp\" \/><\/p>\n<h3>Jellemz\u0151k<\/h3>\n<ul>\n<li><strong>Hat\u00e9kony er\u0151\u00e1tvitel:<\/strong> A karhenger er\u0151teljes line\u00e1ris mozg\u00e1st \u00e9s er\u0151t biztos\u00edt, biztos\u00edtva a robotkar nagy teljes\u00edtm\u00e9ny\u00e9t k\u00fcl\u00f6nf\u00e9le m\u0171veletek sor\u00e1n.<\/li>\n<li><strong>Prec\u00edz vez\u00e9rl\u00e9s:<\/strong> A hidraulikus rendszeren kereszt\u00fcl a karhenger prec\u00edz mozg\u00e1svez\u00e9rl\u00e9st \u00e9rhet el, \u00edgy a tov\u00e1bbi szersz\u00e1mok m\u0171k\u00f6dtet\u00e9se rugalmasabb \u00e9s pontosabb.<\/li>\n<li><strong>Tart\u00f3s:<\/strong> A karhengerek \u00e1ltal\u00e1ban nagy szil\u00e1rds\u00e1g\u00fa anyagokb\u00f3l k\u00e9sz\u00fclnek, j\u00f3 kop\u00e1s\u00e1ll\u00f3s\u00e1ggal \u00e9s korr\u00f3zi\u00f3\u00e1ll\u00f3s\u00e1ggal rendelkeznek, \u00edgy alkalmasak hossz\u00fa t\u00e1v\u00fa haszn\u00e1latra zord k\u00f6rnyezetben.<\/li>\n<li><strong>T\u00f6bbfunkci\u00f3s alkalmazkod\u00f3k\u00e9pess\u00e9g:<\/strong> Ezek a munkahengerek sz\u00e9les k\u00f6rben alkalmazhat\u00f3k k\u00fcl\u00f6nf\u00e9le g\u00e9pekben, p\u00e9ld\u00e1ul kotr\u00f3g\u00e9pekben, darukban \u00e9s robotkarokban, alkalmazkodva a k\u00fcl\u00f6nb\u00f6z\u0151 munkak\u00f6vetelm\u00e9nyekhez.<\/li>\n<li><strong>K\u00f6nny\u0171 karbantart\u00e1s:<\/strong> Az egyszer\u0171 karbantart\u00e1sra \u00e9s cser\u00e9re tervezett rendszernek k\u00f6sz\u00f6nhet\u0151en a rendszeres ellen\u0151rz\u00e9sek \u00e9s karbantart\u00e1s k\u00e9nyelmesebb\u00e9 v\u00e1lik, cs\u00f6kkentve a berendez\u00e9sek \u00e1ll\u00e1sidej\u00e9t.<\/li>\n<\/ul>\n<p>Ezt a term\u00e9ket el\u0151 tudjuk \u00e1ll\u00edtani, \u00e9s term\u00e9k\u00fcnk t\u00f6k\u00e9letesen helyettes\u00edtheti ezeket a hidraulikus hengereket.<\/p>\n<p><img decoding=\"async\" src=\"https:\/\/www.hydraulic-cylinders.net\/wp-content\/uploads\/2025\/01\/songte-oil-pipes-and-spare-parts.webp\" \/><\/p>\n<h3>Alkalmaz\u00e1sok<\/h3>\n<p>A karhenger sz\u00e1mos ipar\u00e1gban haszn\u00e1latos, t\u00f6bbek k\u00f6z\u00f6tt:<\/p>\n<ul>\n<li><strong>\u00c9p\u00edt\u00e9s:<\/strong> Kotr\u00f3g\u00e9pekn\u00e9l \u00e9s darukn\u00e1l a karhenger a v\u00f6dr\u00f6k vagy g\u00e9mek mozg\u00e1s\u00e1nak vez\u00e9rl\u00e9s\u00e9re szolg\u00e1l f\u00f6ldmunk\u00e1kn\u00e1l, anyagmozgat\u00e1sn\u00e1l \u00e9s szerkezeti telep\u00edt\u00e9sekn\u00e9l.<\/li>\n<li><strong>Gy\u00e1rt\u00e1s:<\/strong> Az automatiz\u00e1lt gy\u00e1rt\u00f3sorokon a karhengert robotkarok mozgat\u00e1s\u00e1ra haszn\u00e1lj\u00e1k, \u00f6sszeszerel\u00e9si, hegeszt\u00e9si \u00e9s anyagmozgat\u00e1si folyamatok v\u00e9grehajt\u00e1s\u00e1ra, jav\u00edtva a termel\u00e9si hat\u00e9konys\u00e1got \u00e9s a pontoss\u00e1got.<\/li>\n<li><strong>Mez\u0151gazdas\u00e1gi g\u00e9pek:<\/strong> A mez\u0151gazdas\u00e1gi g\u00e9pekben, p\u00e9ld\u00e1ul a betakar\u00edt\u00f3g\u00e9pekben \u00e9s a vet\u0151g\u00e9pekben a karhenger vez\u00e9rli a m\u0171k\u00f6dtet\u0151 kar mozg\u00e1s\u00e1t, olyan feladatokat l\u00e1tva el, mint a vet\u00e9s, a tr\u00e1gy\u00e1z\u00e1s \u00e9s a betakar\u00edt\u00e1s.<\/li>\n<li><strong>B\u00e1ny\u00e1szati:<\/strong> A b\u00e1ny\u00e1szati \u200b\u200bberendez\u00e9sekben a karhengert a b\u00e1ny\u00e1szati \u200b\u200bberendez\u00e9sek karj\u00e1nak mozg\u00e1s\u00e1nak vez\u00e9rl\u00e9s\u00e9re haszn\u00e1lj\u00e1k, b\u00e1ny\u00e1szati \u200b\u200b\u00e9s anyagmozgat\u00e1si feladatokat l\u00e1tva el.<\/li>\n<li><strong>Logisztika \u00e9s sz\u00e1ll\u00edt\u00e1s:<\/strong> Targonc\u00e1kban \u00e9s anyagmozgat\u00f3 robotokban a karhenger a rakom\u00e1ny emel\u00e9s\u00e9nek \u00e9s mozgat\u00e1s\u00e1nak vez\u00e9rl\u00e9s\u00e9re szolg\u00e1l, megval\u00f3s\u00edtva az anyagok kezel\u00e9s\u00e9t \u00e9s egym\u00e1sra rak\u00e1s\u00e1t.<\/li>\n<\/ul>\n<h3>Tervez\u00e9si szempontok \u00e9s kiv\u00e1laszt\u00e1si krit\u00e9riumok<\/h3>\n<p>A karhenger tervez\u00e9si szempontjai \u00e9s kiv\u00e1laszt\u00e1si krit\u00e9riumai a k\u00f6vetkez\u0151k:<\/p>\n<ul>\n<li><strong>Teherb\u00edr\u00e1s:<\/strong> A karhengernek k\u00e9pesnek kell lennie arra, hogy ellen\u00e1lljon a g\u00e9p \u00e9s az \u00e1ltala sz\u00e1ll\u00edtott kieg\u00e9sz\u00edt\u0151 berendez\u00e9sek terhel\u00e9s\u00e9nek.<\/li>\n<li><strong>T\u00f6m\u00edt\u00e9s:<\/strong> A karhengernek k\u00fcl\u00f6nf\u00e9le t\u00f6m\u00edt\u00e9seket kell haszn\u00e1lnia, p\u00e9ld\u00e1ul dugatty\u00fat\u00f6m\u00edt\u00e9seket \u00e9s r\u00fadt\u00f6m\u00edt\u00e9seket, amelyek kop\u00e1s\u00e1ll\u00f3 anyagokb\u00f3l, p\u00e9ld\u00e1ul poliuret\u00e1nb\u00f3l \u00e9s nitrilgumib\u00f3l k\u00e9sz\u00fclnek.<\/li>\n<li><strong>Tart\u00f3ss\u00e1g:<\/strong> A karhengernek nagy szil\u00e1rds\u00e1g\u00fa anyagokb\u00f3l kell k\u00e9sz\u00fclnie, j\u00f3 kop\u00e1s\u00e1ll\u00f3s\u00e1ggal \u00e9s korr\u00f3zi\u00f3\u00e1ll\u00f3s\u00e1ggal kell rendelkeznie, alkalmasnak kell lennie zord k\u00f6rnyezetben val\u00f3 haszn\u00e1latra.<\/li>\n<li><strong>Biztons\u00e1g:<\/strong> A karhengernek biztons\u00e1gi t\u00e9nyez\u0151vel kell rendelkeznie a t\u00f6r\u00e9s vagy balesetek megel\u0151z\u00e9se \u00e9rdek\u00e9ben m\u0171k\u00f6d\u00e9s k\u00f6zben.<\/li>\n<li><strong>Karbantarthat\u00f3s\u00e1g:<\/strong> A karhengert \u00fagy kell megtervezni, hogy k\u00f6nnyen karbantarthat\u00f3 \u00e9s cser\u00e9lhet\u0151 legyen, cs\u00f6kkentve a karbantart\u00e1si k\u00f6lts\u00e9geket \u00e9s a berendez\u00e9s \u00e1ll\u00e1sidej\u00e9t.<\/li>\n<\/ul>\n<p><img decoding=\"async\" src=\"https:\/\/www.hydraulic-cylinders.net\/wp-content\/uploads\/2025\/01\/songte-cylinder-head-with-all-kinds-excavator-models.webp\" \/><\/p>\n<h3>T\u00f6m\u00edt\u00e9s \u00e9s ken\u00e9s<\/h3>\n<p>A karhengernek k\u00fcl\u00f6nf\u00e9le t\u00f6m\u00edt\u00e9seket kell haszn\u00e1lnia, p\u00e9ld\u00e1ul dugatty\u00fat\u00f6m\u00edt\u00e9seket \u00e9s r\u00fadt\u00f6m\u00edt\u00e9seket, amelyek kop\u00e1s\u00e1ll\u00f3 anyagokb\u00f3l, p\u00e9ld\u00e1ul poliuret\u00e1nb\u00f3l \u00e9s nitrilgumib\u00f3l k\u00e9sz\u00fclnek. A hengertestet \u00e9s a menetes fel\u00fcletet prec\u00edzen meg kell munk\u00e1lni a kop\u00e1s\u00e1ll\u00f3s\u00e1g jav\u00edt\u00e1sa \u00e9rdek\u00e9ben. A karhengert rendszeresen megfelel\u0151 mennyis\u00e9g\u0171 hidraulikaolajjal kell kenni a z\u00f6kken\u0151mentes m\u0171k\u00f6d\u00e9s biztos\u00edt\u00e1sa \u00e9rdek\u00e9ben.<\/p>\n<h3>Karbantart\u00e1s \u00e9s hibaelh\u00e1r\u00edt\u00e1s<\/h3>\n<p>A karhenger hat\u00e9kony m\u0171k\u00f6d\u00e9s\u00e9nek biztos\u00edt\u00e1s\u00e1hoz rendszeres karbantart\u00e1s sz\u00fcks\u00e9ges. A karbantart\u00e1s mag\u00e1ban foglalja a sziv\u00e1rg\u00e1sok ellen\u0151rz\u00e9s\u00e9t, a henger tiszt\u00edt\u00e1s\u00e1t, a t\u00f6m\u00edt\u00e9sek cser\u00e9j\u00e9t \u00e9s a dugatty\u00far\u00fad s\u00e9r\u00fcl\u00e9seinek vizsg\u00e1lat\u00e1t. Hibaelh\u00e1r\u00edt\u00e1s eset\u00e9n a k\u00f6vetkez\u0151 tippek hasznosak lehetnek:<\/p>\n<ul>\n<li><strong>Probl\u00e9ma:<\/strong> A henger nem mozog, vagy lassan mozog.<\/li>\n<li><strong>Megold\u00e1s:<\/strong> Ellen\u0151rizd a hidraulikaolaj szintj\u00e9t, az olajszivatty\u00fat \u00e9s a szelepet.<\/li>\n<li><strong>Probl\u00e9ma:<\/strong> A henger egyenetlen\u00fcl mozog vagy rezeg.<\/li>\n<li><strong>Megold\u00e1s:<\/strong> Ellen\u0151rizze a dugatty\u00far\u00fad s\u00e9r\u00fcl\u00e9s\u00e9t vagy g\u00f6rb\u00fcl\u00e9s\u00e9t, \u00e9s ellen\u0151rizze a hidraulikaolaj viszkozit\u00e1s\u00e1t.<\/li>\n<\/ul>\n<p>A megel\u0151z\u0151 int\u00e9zked\u00e9sek k\u00f6z\u00e9 tartozik a gy\u00e1rt\u00f3 utas\u00edt\u00e1sainak betart\u00e1sa, a rendszeres karbantart\u00e1s, valamint a hidraulikus rendszer nyom\u00e1s\u00e1nak \u00e9s h\u0151m\u00e9rs\u00e9klet\u00e9nek ellen\u0151rz\u00e9se.<\/p>\n<p><img decoding=\"async\" src=\"https:\/\/www.hydraulic-cylinders.net\/wp-content\/uploads\/2025\/01\/songte-chushion-collar.webp\" \/><\/p>\n<h3>Telep\u00edt\u00e9si \u00fatmutat\u00f3<\/h3>\n<p>A karhenger beszerel\u00e9se \u00f3vatoss\u00e1got ig\u00e9nyel a s\u00e9r\u00fcl\u00e9sek \u00e9s balesetek elker\u00fcl\u00e9se \u00e9rdek\u00e9ben. A k\u00f6vetkez\u0151 l\u00e9p\u00e9sek seg\u00edthetnek a beszerel\u00e9si folyamatban:<\/p>\n<ol>\n<li>K\u00e9sz\u00edtse el\u0151 a hidraulikus rendszert \u00e9s a karhengert a gy\u00e1rt\u00f3 utas\u00edt\u00e1sai szerint.<\/li>\n<li>Szerelje fel a hengert a g\u00e9pre, \u00fcgyelve arra, hogy a henger megfelel\u0151en legyen be\u00e1ll\u00edtva \u00e9s al\u00e1t\u00e1masztva.<\/li>\n<li>Csatlakoztassa a hidraulikat\u00f6ml\u0151ket a hengerhez.<\/li>\n<li>Ellen\u0151rizze a sziv\u00e1rg\u00e1st \u00e9s a henger m\u0171k\u00f6d\u00e9s\u00e9t.<\/li>\n<\/ol>\n<p><img decoding=\"async\" src=\"https:\/\/www.hydraulic-cylinders.net\/wp-content\/uploads\/2025\/01\/songte-bushings-with-all-kinds-of-excavator-models.webp\" \/><\/p>\n<h3>Biztons\u00e1gi szempontok \u00e9s k\u00f6rnyezeti t\u00e9nyez\u0151k<\/h3>\n<p>A karhenger m\u0171k\u00f6dtet\u00e9s\u00e9nek meg kell felelnie a gy\u00e1rt\u00f3 utas\u00edt\u00e1sainak \u00e9s biztons\u00e1gi ir\u00e1nyelveinek. A biztons\u00e1gi szempontok k\u00f6z\u00e9 tartozik a v\u00e9d\u0151felszerel\u00e9s haszn\u00e1lata, a rendszeres karbantart\u00e1s elv\u00e9gz\u00e9se, valamint a hidraulikus rendszer sziv\u00e1rg\u00e1s\u00e1nak \u00e9s nyom\u00e1s\u00e1nak ellen\u0151rz\u00e9se. A k\u00f6rnyezeti t\u00e9nyez\u0151k k\u00f6z\u00e9 tartozik a hidraulikaolaj megfelel\u0151 \u00e1rtalmatlan\u00edt\u00e1sa \u00e9s a helyi el\u0151\u00edr\u00e1sok betart\u00e1sa.<\/p>\n<h3>R\u00f3lunk<\/h3>\n<p>Professzion\u00e1lis hidraulikus hengergy\u00e1rt\u00f3k\u00e9nt sz\u00e9les term\u00e9kv\u00e1laszt\u00e9kkal rendelkez\u00fcnk, \u00e9s m\u00e1ra a hazai \u00e9s nemzetk\u00f6zi piacok egyik vezet\u0151 hidraulikus hengergy\u00e1rt\u00f3j\u00e1v\u00e1 \u00e9s nagykereskedelmi forgalmaz\u00f3j\u00e1v\u00e1 v\u00e1ltunk. Mindig a kiv\u00e1l\u00f3 min\u0151s\u00e9g elv\u00e9t k\u00f6vetj\u00fck, prec\u00edzi\u00f3s gy\u00e1rt\u00f3m\u0171helyeinkben iparos\u00edtott termel\u00e9sir\u00e1ny\u00edt\u00e1si strat\u00e9gi\u00e1kra t\u00e1maszkodunk, folyamatosan fejlesztve m\u0171szaki sz\u00ednvonalunkat \u00e9s termel\u00e9si hat\u00e9konys\u00e1gunkat.<\/p>\n<p>Cs\u00facskateg\u00f3ri\u00e1s digit\u00e1lis gy\u00e1rt\u00f3berendez\u00e9sek \u00e9s professzion\u00e1lis \u00e9rz\u00e9kel\u0151 rendszerek bevezet\u00e9s\u00e9vel folyamatosan optimaliz\u00e1ljuk a gy\u00e1rt\u00e1si platformot, fejlesztj\u00fck a term\u00e9kmin\u0151s\u00e9g-ellen\u0151rz\u00e9si folyamatokat, \u00e9s er\u0151s innov\u00e1ci\u00f3s k\u00e9pess\u00e9gekkel rendelkez\u00fcnk. C\u00e9lunk, hogy nagy hat\u00e9konys\u00e1ggal, precizit\u00e1ssal \u00e9s kiv\u00e1l\u00f3 min\u0151s\u00e9gben el\u00e9g\u00edts\u00fck ki \u00fcgyfeleink sokr\u00e9t\u0171 ig\u00e9nyeit.<\/p>\n<p>Professzion\u00e1lis szolg\u00e1ltat\u00e1sokat, nemzetk\u00f6zi tan\u00fas\u00edtv\u00e1nyokat, testreszabott szolg\u00e1ltat\u00e1sokat, korszer\u0171 gy\u00e1rt\u00f3berendez\u00e9seket \u00e9s \u00e1tfog\u00f3 \u00e9rt\u00e9kes\u00edt\u00e9s ut\u00e1ni szolg\u00e1ltat\u00e1st k\u00edn\u00e1lunk.<\/p>\n<p><img decoding=\"async\" src=\"https:\/\/www.hydraulic-cylinders.net\/wp-content\/uploads\/2025\/01\/songte-company-4.webp\" \/><br \/>\n<img decoding=\"async\" src=\"https:\/\/www.hydraulic-cylinders.net\/wp-content\/uploads\/2025\/01\/songte-company-3.webp\" \/><\/p>\n<p>Szerz\u0151: lyl<\/p>","protected":false},"excerpt":{"rendered":"<p>Arm Cylinder For Dasin DS35 Introduction The Arm Cylinder for Dasin DS35 is a type of hydraulic cylinder designed specifically to provide linear motion and power to the arm of various types of machinery, such as excavators, cranes, and robotic arms. The arm cylinder plays a critical role in hydraulic systems, enabling the effective movement [&hellip;]<\/p>","protected":false},"featured_media":14774,"comment_status":"open","ping_status":"closed","template":"","meta":{"_et_pb_use_builder":"","_et_pb_old_content":"","_et_gb_content_width":""},"product_brand":[],"product_cat":[1497],"product_tag":[1498,1496],"class_list":{"0":"post-16902","1":"product","2":"type-product","3":"status-publish","4":"has-post-thumbnail","6":"product_cat-arm-cylinders","7":"product_tag-arm-cylinders","8":"product_tag-hydraulic-cylinders","10":"first","11":"instock","12":"shipping-taxable","13":"product-type-simple"},"amp_enabled":true,"_links":{"self":[{"href":"https:\/\/www.hydraulic-cylinders.net\/hu\/wp-json\/wp\/v2\/product\/16902","targetHints":{"allow":["GET"]}}],"collection":[{"href":"https:\/\/www.hydraulic-cylinders.net\/hu\/wp-json\/wp\/v2\/product"}],"about":[{"href":"https:\/\/www.hydraulic-cylinders.net\/hu\/wp-json\/wp\/v2\/types\/product"}],"replies":[{"embeddable":true,"href":"https:\/\/www.hydraulic-cylinders.net\/hu\/wp-json\/wp\/v2\/comments?post=16902"}],"wp:featuredmedia":[{"embeddable":true,"href":"https:\/\/www.hydraulic-cylinders.net\/hu\/wp-json\/wp\/v2\/media\/14774"}],"wp:attachment":[{"href":"https:\/\/www.hydraulic-cylinders.net\/hu\/wp-json\/wp\/v2\/media?parent=16902"}],"wp:term":[{"taxonomy":"product_brand","embeddable":true,"href":"https:\/\/www.hydraulic-cylinders.net\/hu\/wp-json\/wp\/v2\/product_brand?post=16902"},{"taxonomy":"product_cat","embeddable":true,"href":"https:\/\/www.hydraulic-cylinders.net\/hu\/wp-json\/wp\/v2\/product_cat?post=16902"},{"taxonomy":"product_tag","embeddable":true,"href":"https:\/\/www.hydraulic-cylinders.net\/hu\/wp-json\/wp\/v2\/product_tag?post=16902"}],"curies":[{"name":"munkaf\u00fczet","href":"https:\/\/api.w.org\/{rel}","templated":true}]}}