{"id":16919,"date":"2025-01-21T06:12:52","date_gmt":"2025-01-21T06:12:52","guid":{"rendered":"https:\/\/www.hydraulic-cylinders.net\/product\/arm-cylinder-for-hengte-wheel-excavator-htl65-8\/"},"modified":"2025-01-21T06:12:53","modified_gmt":"2025-01-21T06:12:53","slug":"arm-cylinder-for-hengte-wheel-excavator-htl65-8","status":"publish","type":"product","link":"https:\/\/www.hydraulic-cylinders.net\/hu\/termek\/arm-cylinder-for-hengte-wheel-excavator-htl65-8\/","title":{"rendered":"Karhenger Hengte kerekes kotr\u00f3g\u00e9phez HTL65-8"},"content":{"rendered":"<h1>Karhenger Hengte kerekes kotr\u00f3g\u00e9phez HTL65-8<\/h1>\n<h2>Bevezet\u00e9s<\/h2>\n<p>A karhenger egy speci\u00e1lisan tervezett hidraulikus henger, amely line\u00e1ris mozg\u00e1st \u00e9s er\u0151t biztos\u00edt k\u00fcl\u00f6nf\u00e9le g\u00e9pek, p\u00e9ld\u00e1ul kotr\u00f3g\u00e9pek, daruk \u00e9s mechanikus karok karj\u00e1nak. Kulcsfontoss\u00e1g\u00fa szerepet j\u00e1tszik a hidraulikus rendszerekben, lehet\u0151v\u00e9 t\u00e9ve a tov\u00e1bbi szersz\u00e1mok vagy tartoz\u00e9kok hat\u00e9kony mozg\u00e1s\u00e1t \u00e9s vez\u00e9rl\u00e9s\u00e9t. Ezek a hengerek nemcsak sima mozg\u00e1st biztos\u00edtanak, hanem nagy terhel\u00e9seket is elviselnek, biztos\u00edtva a g\u00e9p hat\u00e9kony m\u0171k\u00f6d\u00e9s\u00e9t \u00e9s megb\u00edzhat\u00f3s\u00e1g\u00e1t k\u00fcl\u00f6nb\u00f6z\u0151 munkak\u00f6r\u00fclm\u00e9nyek k\u00f6z\u00f6tt.<\/p>\n<p><img decoding=\"async\" src=\"https:\/\/www.hydraulic-cylinders.net\/wp-content\/uploads\/2025\/01\/songte-company-2.webp\" alt=\"Karhenger k\u00e9pe\"><\/p>\n<h2>Jellemz\u0151k<\/h2>\n<ul>\n<li>Nagy hat\u00e9konys\u00e1g\u00fa er\u0151\u00e1tvitel: A karhenger er\u0151teljes line\u00e1ris mozg\u00e1st \u00e9s er\u0151t biztos\u00edt, biztos\u00edtva a nagy teljes\u00edtm\u00e9nyt k\u00fcl\u00f6nf\u00e9le m\u0171veletek sor\u00e1n.<\/li>\n<li>Prec\u00edz vez\u00e9rl\u00e9s: A hidraulikus rendszeren kereszt\u00fcl a karhenger prec\u00edz mozg\u00e1svez\u00e9rl\u00e9st tesz lehet\u0151v\u00e9, \u00edgy a tov\u00e1bbi szersz\u00e1mok kezel\u00e9se rugalmasabb \u00e9s pontosabb.<\/li>\n<li>Tart\u00f3ss\u00e1g: A karos munkahengerek jellemz\u0151en nagy szil\u00e1rds\u00e1g\u00fa anyagokb\u00f3l k\u00e9sz\u00fclnek, kiv\u00e1l\u00f3 kop\u00e1s\u00e1ll\u00f3s\u00e1got \u00e9s korr\u00f3zi\u00f3\u00e1ll\u00f3s\u00e1got biztos\u00edtva, \u00edgy alkalmasak hossz\u00fa t\u00e1v\u00fa haszn\u00e1latra zord k\u00f6rnyezetben.<\/li>\n<li>T\u00f6bbfunkci\u00f3s alkalmazkod\u00f3k\u00e9pess\u00e9g: Ezek a munkahengerek sz\u00e9les k\u00f6rben alkalmazhat\u00f3k k\u00fcl\u00f6nf\u00e9le g\u00e9pekben, p\u00e9ld\u00e1ul kotr\u00f3g\u00e9pekben, darukban \u00e9s mechanikus karokban, alkalmazkodva a k\u00fcl\u00f6nb\u00f6z\u0151 munkak\u00f6vetelm\u00e9nyekhez.<\/li>\n<li>K\u00f6nny\u0171 karbantart\u00e1s: A kialak\u00edt\u00e1s a karbantart\u00e1s \u00e9s a csere egyszer\u0171s\u00e9g\u00e9t szem el\u0151tt tartva k\u00e9nyelmesebb\u00e9 teszi a rendszeres ellen\u0151rz\u00e9st \u00e9s karbantart\u00e1st, valamint cs\u00f6kkenti a berendez\u00e9sek \u00e1ll\u00e1sidej\u00e9t.<\/li>\n<\/ul>\n<p><img decoding=\"async\" src=\"https:\/\/www.hydraulic-cylinders.net\/wp-content\/uploads\/2025\/01\/songte-oil-pipes-and-spare-parts.webp\" alt=\"Term\u00e9kk\u00e9p\"><\/p>\n<h2>Alkalmaz\u00e1sok<\/h2>\n<p>A karhenger k\u00fcl\u00f6nf\u00e9le ipar\u00e1gakban alkalmazhat\u00f3:<\/p>\n<ul>\n<li>\u00c9p\u00edt\u0151ipar: Kotr\u00f3g\u00e9pekben \u00e9s darukban haszn\u00e1lj\u00e1k, a karhenger a v\u00f6dr\u00f6k vagy g\u00e9mek mozg\u00e1s\u00e1t vez\u00e9rli f\u00f6ldmozgat\u00e1sn\u00e1l, anyagmozgat\u00e1sn\u00e1l \u00e9s szerkezeti telep\u00edt\u00e9sn\u00e9l.<\/li>\n<li>Gy\u00e1rt\u00f3ipar: Az automatiz\u00e1lt gy\u00e1rt\u00f3sorokon a karhengert mechanikus karok mozgat\u00e1s\u00e1ra haszn\u00e1lj\u00e1k olyan folyamatokban, mint az \u00f6sszeszerel\u00e9s, hegeszt\u00e9s \u00e9s anyagmozgat\u00e1s, jav\u00edtva a termel\u00e9si hat\u00e9konys\u00e1got \u00e9s a pontoss\u00e1got.<\/li>\n<li>Mez\u0151gazdas\u00e1gi g\u00e9pek: A mez\u0151gazdas\u00e1gi berendez\u00e9sekben, p\u00e9ld\u00e1ul a betakar\u00edt\u00f3g\u00e9pekben \u00e9s a vet\u0151g\u00e9pekben a karhenger vez\u00e9rli a m\u0171k\u00f6dtet\u0151 karok mozg\u00e1s\u00e1t olyan feladatokhoz, mint a vet\u00e9s, a m\u0171tr\u00e1gy\u00e1z\u00e1s \u00e9s a betakar\u00edt\u00e1s.<\/li>\n<li>B\u00e1ny\u00e1szat: A b\u00e1ny\u00e1szati \u200b\u200bberendez\u00e9sekben a karhengert a b\u00e1ny\u00e1szati \u200b\u200bg\u00e9pek karmozg\u00e1s\u00e1nak vez\u00e9rl\u00e9s\u00e9re haszn\u00e1lj\u00e1k \u00e9rckitermel\u00e9s \u00e9s -sz\u00e1ll\u00edt\u00e1s c\u00e9lj\u00e1b\u00f3l.<\/li>\n<li>Logisztika \u00e9s sz\u00e1ll\u00edt\u00e1s: A targonc\u00e1kban \u00e9s anyagmozgat\u00f3 robotokban a karhenger vez\u00e9rli a vill\u00e1k emel\u00e9s\u00e9t \u00e9s mozg\u00e1s\u00e1t, lehet\u0151v\u00e9 t\u00e9ve az anyagmozgat\u00e1st \u00e9s a rakod\u00e1st.<\/li>\n<\/ul>\n<h2>Tervez\u00e9si szempontok \u00e9s kiv\u00e1laszt\u00e1si krit\u00e9riumok<\/h2>\n<ul>\n<li>Teherb\u00edr\u00e1s: A karhengert \u00fagy kell megtervezni, hogy ellen\u00e1lljon a tervezett alkalmaz\u00e1s sor\u00e1n fell\u00e9p\u0151 maxim\u00e1lis terhel\u00e9snek.<\/li>\n<li>T\u00f6m\u00edt\u00e9s: K\u00fcl\u00f6nb\u00f6z\u0151 t\u00f6m\u00edt\u0151elemeket, p\u00e9ld\u00e1ul dugatty\u00fat\u00f6m\u00edt\u00e9seket \u00e9s r\u00fadt\u00f6m\u00edt\u00e9seket haszn\u00e1lnak, amelyek jellemz\u0151en kop\u00e1s\u00e1ll\u00f3 anyagokb\u00f3l, p\u00e9ld\u00e1ul poliuret\u00e1nb\u00f3l \u00e9s nitrilgumib\u00f3l k\u00e9sz\u00fclnek.<\/li>\n<li>Tart\u00f3ss\u00e1g: A hengertest \u00e9s a menetes v\u00e9gek apr\u00f3l\u00e9kos megmunk\u00e1l\u00e1son esnek \u00e1t a kop\u00e1s\u00e1ll\u00f3s\u00e1g fokoz\u00e1sa \u00e9rdek\u00e9ben.<\/li>\n<li>Biztons\u00e1g: A biztons\u00e1gi funkci\u00f3kat be kell \u00e9p\u00edteni a tervez\u00e9sbe, biztos\u00edtva a palack biztons\u00e1gos m\u0171k\u00f6d\u00e9s\u00e9t k\u00fcl\u00f6nb\u00f6z\u0151 k\u00f6r\u00fclm\u00e9nyek k\u00f6z\u00f6tt.<\/li>\n<li>Karbantarthat\u00f3s\u00e1g: Figyelmet kell ford\u00edtani az alkatr\u00e9szek egyszer\u0171 karbantart\u00e1s\u00e1ra \u00e9s cser\u00e9j\u00e9re az \u00e1ll\u00e1sid\u0151 minimaliz\u00e1l\u00e1sa \u00e9rdek\u00e9ben.<\/li>\n<\/ul>\n<p><img decoding=\"async\" src=\"https:\/\/www.hydraulic-cylinders.net\/wp-content\/uploads\/2025\/01\/songte-cylinder-head-with-all-kinds-excavator-models.webp\" alt=\"Term\u00e9kk\u00e9p\"><\/p>\n<h2>T\u00f6m\u00edt\u00e9s \u00e9s ken\u00e9s<\/h2>\n<p>A karhenger k\u00fcl\u00f6nf\u00e9le t\u00f6m\u00edt\u00e9seket haszn\u00e1l, p\u00e9ld\u00e1ul dugatty\u00fat\u00f6m\u00edt\u00e9seket \u00e9s r\u00fadt\u00f6m\u00edt\u00e9seket, amelyek kop\u00e1s\u00e1ll\u00f3 anyagokb\u00f3l, p\u00e9ld\u00e1ul poliuret\u00e1nb\u00f3l \u00e9s nitrilgumib\u00f3l k\u00e9sz\u00fclnek. A hengertest \u00e9s a menetes v\u00e9gek finom megmunk\u00e1l\u00e1s\u00faak a kop\u00e1s\u00e1ll\u00f3s\u00e1g jav\u00edt\u00e1sa \u00e9rdek\u00e9ben. A megfelel\u0151 ken\u00e9s biztos\u00edt\u00e1sa \u00e9s a s\u00farl\u00f3d\u00e1s cs\u00f6kkent\u00e9se \u00e9rdek\u00e9ben rendszeres hidraulikaolajjal t\u00f6rt\u00e9n\u0151 ken\u00e9s sz\u00fcks\u00e9ges.<\/p>\n<h2>Rendszeres ellen\u0151rz\u00e9s \u00e9s megel\u0151z\u0151 karbantart\u00e1s<\/h2>\n<ul>\n<li>Rendszeresen ellen\u0151rizze a kar henger\u00e9t kop\u00e1s, sziv\u00e1rg\u00e1s vagy s\u00e9r\u00fcl\u00e9s jelei szempontj\u00e1b\u00f3l.<\/li>\n<li>Ellen\u0151rizze a ken\u0151rendszert, \u00e9s gondoskodjon a megfelel\u0151 mennyis\u00e9g\u0171 hidraulikaolaj felt\u00f6lt\u00e9s\u00e9r\u0151l.<\/li>\n<li>Vizsg\u00e1lja meg \u00e9s cser\u00e9lje ki az elkopott t\u00f6m\u00edt\u00e9seket vagy s\u00e9r\u00fclt alkatr\u00e9szeket.<\/li>\n<li>V\u00e9gezze el a gy\u00e1rt\u00f3 \u00e1ltal javasolt megel\u0151z\u0151 karbantart\u00e1si feladatokat.<\/li>\n<li>Vezessen nyilv\u00e1ntart\u00e1st a karbantart\u00e1si tev\u00e9kenys\u00e9gekr\u0151l, \u00e9s \u00fctemezzen be j\u00f6v\u0151beli ellen\u0151rz\u00e9seket.<\/li>\n<\/ul>\n<h2>Term\u00e9ktelep\u00edt\u00e9si \u00fatmutat\u00f3<\/h2>\n<p>A karhenger megfelel\u0151 beszerel\u00e9se elengedhetetlen az optim\u00e1lis teljes\u00edtm\u00e9ny\u00e9hez \u00e9s hossz\u00fa \u00e9lettartam\u00e1hoz. K\u00f6vesse az al\u00e1bbi l\u00e9p\u00e9seket:<\/p>\n<ol>\n<li>Gy\u0151z\u0151dj\u00f6n meg arr\u00f3l, hogy a g\u00e9p biztons\u00e1gosan r\u00f6gz\u00edtve van \u00e9s kikapcsolt \u00e1llapotban van.<\/li>\n<li>Sz\u00fcks\u00e9g eset\u00e9n t\u00e1vol\u00edtsa el a r\u00e9gi hengert a hidraulikavezet\u00e9kek lev\u00e1laszt\u00e1s\u00e1val \u00e9s a r\u00f6gz\u00edt\u0151konzolok csavaroz\u00e1s\u00e1val.<\/li>\n<li>Vizsg\u00e1lja meg az \u00faj karhengert s\u00e9r\u00fcl\u00e9s vagy hiba jelei szempontj\u00e1b\u00f3l.<\/li>\n<li>Igaz\u00edtsa a hengert a r\u00f6gz\u00edt\u00e9si pontokhoz, \u00e9s r\u00f6gz\u00edtse megfelel\u0151 csavarokkal \u00e9s konzolokkal.<\/li>\n<li>Csatlakoztassa \u00fajra a hidraulikavezet\u00e9keket, \u00fcgyelve a megfelel\u0151 csatlakoz\u00e1sokra \u00e9s a szoross\u00e1gra.<\/li>\n<li>A g\u00e9p norm\u00e1l m\u0171k\u00f6d\u00e9s\u00e9nek folytat\u00e1sa el\u0151tt ellen\u0151rizze a karhenger megfelel\u0151 m\u0171k\u00f6d\u00e9s\u00e9t.<\/li>\n<\/ol>\n<p><img decoding=\"async\" src=\"https:\/\/www.hydraulic-cylinders.net\/wp-content\/uploads\/2025\/01\/songte-bushings-with-all-kinds-of-excavator-models.webp\" alt=\"Term\u00e9kk\u00e9p\"><\/p>\n<h2>Biztons\u00e1gi szempontok \u00e9s k\u00f6rnyezeti t\u00e9nyez\u0151k<\/h2>\n<p>A karos henger haszn\u00e1latakor fontos betartani a biztons\u00e1gi int\u00e9zked\u00e9seket a balesetek megel\u0151z\u00e9se \u00e9s a kezel\u0151k j\u00f3l\u00e9t\u00e9nek biztos\u00edt\u00e1sa \u00e9rdek\u00e9ben. A biztons\u00e1gi \u00f3vint\u00e9zked\u00e9sek magukban foglalhatj\u00e1k a megfelel\u0151 k\u00e9pz\u00e9st, a kezel\u00e9si utas\u00edt\u00e1sok betart\u00e1s\u00e1t \u00e9s a szem\u00e9lyi v\u00e9d\u0151felszerel\u00e9sek haszn\u00e1lat\u00e1t. Ezenk\u00edv\u00fcl a henger teljes\u00edtm\u00e9ny\u00e9nek \u00e9s hossz\u00fa \u00e9lettartam\u00e1nak meg\u0151rz\u00e9se \u00e9rdek\u00e9ben figyelembe kell venni a k\u00f6rnyezeti t\u00e9nyez\u0151ket, p\u00e9ld\u00e1ul a h\u0151m\u00e9rs\u00e9kletet, a p\u00e1ratartalmat \u00e9s a vegyszereknek val\u00f3 kitetts\u00e9get.<\/p>\n<h2>Hibaelh\u00e1r\u00edt\u00e1s \u00e9s gyakori probl\u00e9m\u00e1k<\/h2>\n<p>A karhengerrel kapcsolatos gyakori probl\u00e9m\u00e1k k\u00f6z\u00e9 tartozik a sziv\u00e1rg\u00e1s, a cs\u00f6kkent teljes\u00edtm\u00e9ny \u00e9s a rendellenes zaj. \u00cdme n\u00e9h\u00e1ny hibaelh\u00e1r\u00edt\u00e1si tipp:<\/p>\n<ul>\n<li>Sziv\u00e1rg\u00e1s eset\u00e9n ellen\u0151rizze \u00e9s cser\u00e9lje ki az elkopott t\u00f6m\u00edt\u00e9seket vagy s\u00e9r\u00fclt alkatr\u00e9szeket.<\/li>\n<li>Ha a teljes\u00edtm\u00e9ny cs\u00f6kken, gondoskodjon a megfelel\u0151 ken\u00e9sr\u0151l, \u00e9s ellen\u0151rizze, hogy nincsenek-e akad\u00e1lyok vagy hib\u00e1s be\u00e1ll\u00edt\u00e1si hib\u00e1k.<\/li>\n<li>Ha rendellenes zaj hallhat\u00f3, vizsg\u00e1lja meg a lehets\u00e9ges okokat, p\u00e9ld\u00e1ul a laza csatlakoz\u00f3kat vagy a s\u00e9r\u00fclt bels\u0151 alkatr\u00e9szeket.<\/li>\n<\/ul>\n<p>A rendszeres karbantart\u00e1s \u00e9s a probl\u00e9m\u00e1k gyors megold\u00e1sa seg\u00edthet a karhenger optim\u00e1lis \u00e1llapot\u00e1nak meg\u0151rz\u00e9s\u00e9ben.<\/p>\n<p><img decoding=\"async\" src=\"https:\/\/www.hydraulic-cylinders.net\/wp-content\/uploads\/2025\/01\/songte-chushion-collar.webp\" alt=\"Term\u00e9kk\u00e9p\"><\/p>\n<p>\u00d6sszefoglalva, professzion\u00e1lis hidraulikus munkahengerek gy\u00e1rt\u00f3i vagyunk. Sz\u00e9les term\u00e9kk\u00edn\u00e1latunkkal a hazai \u00e9s a nemzetk\u00f6zi piacok egyik vezet\u0151 gy\u00e1rt\u00f3j\u00e1v\u00e1 \u00e9s nagykereskedelmi forgalmaz\u00f3j\u00e1v\u00e1 v\u00e1ltunk. A kiv\u00e1l\u00f3 min\u0151s\u00e9g elv\u00e9t valljuk, \u00e9s folyamatosan fejlesztj\u00fck m\u0171szaki szak\u00e9rtelm\u00fcnket \u00e9s termel\u00e9si hat\u00e9konys\u00e1gunkat. Korszer\u0171 digit\u00e1lis gy\u00e1rt\u00f3berendez\u00e9sek \u00e9s professzion\u00e1lis tesztel\u0151rendszerek bevezet\u00e9s\u00e9vel optimaliz\u00e1ljuk gy\u00e1rt\u00e1si platformunkat \u00e9s jav\u00edtjuk term\u00e9kmin\u0151s\u00e9g-ellen\u0151rz\u00e9si folyamatainkat, er\u0151s innov\u00e1ci\u00f3s k\u00e9pess\u00e9geket demonstr\u00e1lva. C\u00e9lunk, hogy \u00fcgyfeleink sokr\u00e9t\u0171 ig\u00e9nyeit hat\u00e9konyan, prec\u00edzen \u00e9s kiv\u00e1l\u00f3 min\u0151s\u00e9g\u0171 term\u00e9kekkel el\u00e9g\u00edts\u00fck ki.<\/p>\n<p><img decoding=\"async\" src=\"https:\/\/www.hydraulic-cylinders.net\/wp-content\/uploads\/2025\/01\/songte-company-4.webp\" alt=\"C\u00e9ges im\u00e1zs\"><br \/>\n<img decoding=\"async\" src=\"https:\/\/www.hydraulic-cylinders.net\/wp-content\/uploads\/2025\/01\/songte-company-3.webp\" alt=\"C\u00e9ges im\u00e1zs\"><\/p>\n<p>A professzionalizmus, a nemzetk\u00f6zi tan\u00fas\u00edtv\u00e1nyok, a szem\u00e9lyre szabott szolg\u00e1ltat\u00e1sok, a korszer\u0171 gy\u00e1rt\u00f3berendez\u00e9sek \u00e9s az \u00e1tfog\u00f3 \u00e9rt\u00e9kes\u00edt\u00e9s ut\u00e1ni szolg\u00e1ltat\u00e1s a v\u00e1llalatunkat meghat\u00e1roz\u00f3 kulcsfontoss\u00e1g\u00fa szempontok k\u00f6z\u00e9 tartozik.<\/p>\n<p><em>Szerz\u0151: lyl<\/em><\/p>","protected":false},"excerpt":{"rendered":"<p>Arm Cylinder For Hengte Wheel Excavator HTL65-8 Introduction The arm cylinder is a specially designed hydraulic cylinder that provides linear motion and power to the arm of various machinery such as excavators, cranes, and mechanical arms. It plays a crucial role in hydraulic systems, enabling efficient movement and control of additional tools or attachments. These [&hellip;]<\/p>","protected":false},"featured_media":14783,"comment_status":"open","ping_status":"closed","template":"","meta":{"_et_pb_use_builder":"","_et_pb_old_content":"","_et_gb_content_width":""},"product_brand":[],"product_cat":[1497],"product_tag":[1498,1496],"class_list":{"0":"post-16919","1":"product","2":"type-product","3":"status-publish","4":"has-post-thumbnail","6":"product_cat-arm-cylinders","7":"product_tag-arm-cylinders","8":"product_tag-hydraulic-cylinders","10":"first","11":"instock","12":"shipping-taxable","13":"product-type-simple"},"amp_enabled":true,"_links":{"self":[{"href":"https:\/\/www.hydraulic-cylinders.net\/hu\/wp-json\/wp\/v2\/product\/16919","targetHints":{"allow":["GET"]}}],"collection":[{"href":"https:\/\/www.hydraulic-cylinders.net\/hu\/wp-json\/wp\/v2\/product"}],"about":[{"href":"https:\/\/www.hydraulic-cylinders.net\/hu\/wp-json\/wp\/v2\/types\/product"}],"replies":[{"embeddable":true,"href":"https:\/\/www.hydraulic-cylinders.net\/hu\/wp-json\/wp\/v2\/comments?post=16919"}],"wp:featuredmedia":[{"embeddable":true,"href":"https:\/\/www.hydraulic-cylinders.net\/hu\/wp-json\/wp\/v2\/media\/14783"}],"wp:attachment":[{"href":"https:\/\/www.hydraulic-cylinders.net\/hu\/wp-json\/wp\/v2\/media?parent=16919"}],"wp:term":[{"taxonomy":"product_brand","embeddable":true,"href":"https:\/\/www.hydraulic-cylinders.net\/hu\/wp-json\/wp\/v2\/product_brand?post=16919"},{"taxonomy":"product_cat","embeddable":true,"href":"https:\/\/www.hydraulic-cylinders.net\/hu\/wp-json\/wp\/v2\/product_cat?post=16919"},{"taxonomy":"product_tag","embeddable":true,"href":"https:\/\/www.hydraulic-cylinders.net\/hu\/wp-json\/wp\/v2\/product_tag?post=16919"}],"curies":[{"name":"munkaf\u00fczet","href":"https:\/\/api.w.org\/{rel}","templated":true}]}}