{"id":16937,"date":"2025-01-21T06:14:10","date_gmt":"2025-01-21T06:14:10","guid":{"rendered":"https:\/\/www.hydraulic-cylinders.net\/product\/arm-cylinder-for-xiniu-xn120-l\/"},"modified":"2025-01-21T06:14:12","modified_gmt":"2025-01-21T06:14:12","slug":"arm-cylinder-for-xiniu-xn120-l","status":"publish","type":"product","link":"https:\/\/www.hydraulic-cylinders.net\/hu\/termek\/arm-cylinder-for-xiniu-xn120-l\/","title":{"rendered":"Karhenger Xiniu XN120-L-hez"},"content":{"rendered":"<h2>Karhenger Xiniu XN120-L-hez<\/h2>\n<p>A karhenger, m\u00e1s n\u00e9ven hidraulikus henger, egy speci\u00e1lis henger, amelyet arra terveztek, hogy line\u00e1ris mozg\u00e1st \u00e9s er\u0151t biztos\u00edtson k\u00fcl\u00f6nf\u00e9le g\u00e9pek, p\u00e9ld\u00e1ul kotr\u00f3g\u00e9pek, daruk \u00e9s robotkarok karj\u00e1nak. A hidraulikus rendszerekben a karhenger kulcsszerepet j\u00e1tszik a csatlakoztatott szersz\u00e1mok vagy tartoz\u00e9kok sima mozg\u00e1s\u00e1nak \u00e9s vez\u00e9rl\u00e9s\u00e9nek lehet\u0151v\u00e9 t\u00e9tel\u00e9ben. Ezek a hengerek nemcsak a z\u00f6kken\u0151mentes mozg\u00e1st teszik lehet\u0151v\u00e9, hanem nagy terhel\u00e9seket is elviselnek, biztos\u00edtva a g\u00e9p hat\u00e9kony m\u0171k\u00f6d\u00e9s\u00e9t \u00e9s megb\u00edzhat\u00f3s\u00e1g\u00e1t k\u00fcl\u00f6nb\u00f6z\u0151 munkak\u00f6r\u00fclm\u00e9nyek k\u00f6z\u00f6tt.<\/p>\n<p><img decoding=\"async\" src=\"https:\/\/www.hydraulic-cylinders.net\/wp-content\/uploads\/2025\/01\/songte-company-2.webp\" alt=\"Karhenger k\u00e9pe\" \/><\/p>\n<h2>A Xiniu XN120-L karhenger\u00e9nek jellemz\u0151i<\/h2>\n<ul>\n<li><strong>Nagy hat\u00e9konys\u00e1g\u00fa \u00e1tvitel:<\/strong> A karhenger er\u0151teljes line\u00e1ris mozg\u00e1st \u00e9s er\u0151t biztos\u00edt, biztos\u00edtva a mechanikus kar nagy teljes\u00edtm\u00e9nyk\u00e9pess\u00e9g\u00e9t k\u00fcl\u00f6nf\u00e9le m\u0171veletek sor\u00e1n.<\/li>\n<li><strong>Prec\u00edzi\u00f3s vez\u00e9rl\u00e9s:<\/strong> A hidraulikus rendszeren kereszt\u00fcl a karhenger prec\u00edz mozg\u00e1svez\u00e9rl\u00e9st tesz lehet\u0151v\u00e9, \u00edgy a csatlakoztatott eszk\u00f6z\u00f6k kezel\u00e9se rugalmasabb \u00e9s pontosabb.<\/li>\n<li><strong>Tart\u00f3ss\u00e1g:<\/strong> A karos munkahengerek jellemz\u0151en nagy szil\u00e1rds\u00e1g\u00fa anyagokb\u00f3l k\u00e9sz\u00fclnek, amelyek kiv\u00e1l\u00f3 kop\u00e1s- \u00e9s korr\u00f3zi\u00f3\u00e1ll\u00f3s\u00e1got biztos\u00edtanak, \u00edgy alkalmasak hossz\u00fa t\u00e1v\u00fa haszn\u00e1latra zord k\u00f6rnyezetben.<\/li>\n<li><strong>T\u00f6bbfunkci\u00f3s alkalmazkod\u00f3k\u00e9pess\u00e9g:<\/strong> Ezek a hengerek sz\u00e9les k\u00f6rben alkalmazhat\u00f3k k\u00fcl\u00f6nf\u00e9le g\u00e9pekben, bele\u00e9rtve a kotr\u00f3g\u00e9peket, darukat \u00e9s robotkarokat, \u00edgy alkalmazkodnak a k\u00fcl\u00f6nb\u00f6z\u0151 munkak\u00f6vetelm\u00e9nyekhez.<\/li>\n<li><strong>K\u00f6nny\u0171 karbantart\u00e1s:<\/strong> A k\u00f6nny\u0171 karbantart\u00e1st \u00e9s cser\u00e9t szem el\u0151tt tartva tervezett karhengerek megk\u00f6nny\u00edtik az id\u0151szakos ellen\u0151rz\u00e9st \u00e9s karbantart\u00e1st, minimaliz\u00e1lva a berendez\u00e9sek \u00e1ll\u00e1sidej\u00e9t.<\/li>\n<\/ul>\n<p><img decoding=\"async\" src=\"https:\/\/www.hydraulic-cylinders.net\/wp-content\/uploads\/2025\/01\/songte-oil-pipes-and-spare-parts.webp\" alt=\"Karhenger alkatr\u00e9szek\" \/><\/p>\n<h2>Karhenger alkalmaz\u00e1sai<\/h2>\n<p>A karos hengerek sokf\u00e9le alkalmaz\u00e1si ter\u00fcletet k\u00edn\u00e1lnak k\u00fcl\u00f6nb\u00f6z\u0151 ipar\u00e1gakban:<\/p>\n<ul>\n<li><strong>\u00c9p\u00edt\u0151m\u00e9rn\u00f6ki:<\/strong> Kotr\u00f3g\u00e9pekben \u00e9s darukban a karhengerek szab\u00e1lyozz\u00e1k a v\u00f6dr\u00f6k vagy g\u00e9mek mozg\u00e1s\u00e1t f\u00f6ldmunk\u00e1k, anyagmozgat\u00e1s \u00e9s szerkezeti telep\u00edt\u00e9s sor\u00e1n.<\/li>\n<li><strong>Feldolgoz\u00f3 ipar:<\/strong> Az automatiz\u00e1lt gy\u00e1rt\u00f3sorokon a karhengerek lehet\u0151v\u00e9 teszik a robotkarok mozg\u00e1s\u00e1t olyan folyamatokban, mint az \u00f6sszeszerel\u00e9s, a hegeszt\u00e9s \u00e9s az anyagmozgat\u00e1s, n\u00f6velve a termel\u00e9kenys\u00e9get \u00e9s a pontoss\u00e1got.<\/li>\n<li><strong>Mez\u0151gazdas\u00e1gi g\u00e9pek:<\/strong> A mez\u0151gazdas\u00e1gi g\u00e9pekben, mint p\u00e9ld\u00e1ul a betakar\u00edt\u00f3g\u00e9pekben \u00e9s a vet\u0151g\u00e9pekben, a karhengerek vez\u00e9rlik a m\u0171k\u00f6dtet\u0151 karok mozg\u00e1s\u00e1t olyan feladatokhoz, mint az vet\u00e9s, a tr\u00e1gy\u00e1z\u00e1s \u00e9s a betakar\u00edt\u00e1s.<\/li>\n<li><strong>B\u00e1ny\u00e1szati:<\/strong> A b\u00e1ny\u00e1szati \u200b\u200bberendez\u00e9sekben a karhengerek szab\u00e1lyozz\u00e1k a b\u00e1ny\u00e1szati \u200b\u200bg\u00e9pek karj\u00e1nak mozg\u00e1s\u00e1t az \u00e9rc kitermel\u00e9se \u00e9s sz\u00e1ll\u00edt\u00e1sa sor\u00e1n.<\/li>\n<li><strong>Logisztika \u00e9s sz\u00e1ll\u00edt\u00e1s:<\/strong> A targonc\u00e1kban \u00e9s anyagmozgat\u00f3 robotokban a karhengerek vez\u00e9rlik a vill\u00e1k emel\u00e9s\u00e9t \u00e9s mozg\u00e1s\u00e1t, lehet\u0151v\u00e9 t\u00e9ve az anyagmozgat\u00e1st \u00e9s a rakod\u00e1st.<\/li>\n<\/ul>\n<h2>Tervez\u00e9si szempontok \u00e9s kiv\u00e1laszt\u00e1si krit\u00e9riumok<\/h2>\n<p>A hengerfejek tervez\u00e9sekor sz\u00e1mos kulcsfontoss\u00e1g\u00fa t\u00e9nyez\u0151t kell figyelembe venni:<\/p>\n<ul>\n<li><strong>Teherb\u00edr\u00e1s:<\/strong> A karhengert \u00fagy kell megtervezni, hogy ellen\u00e1lljon az adott alkalmaz\u00e1sban v\u00e1rhat\u00f3 terhel\u00e9seknek \u00e9s er\u0151knek.<\/li>\n<li><strong>T\u00f6m\u00edt\u00e9s:<\/strong> K\u00fcl\u00f6nb\u00f6z\u0151 t\u00f6m\u00edt\u0151elemeket, p\u00e9ld\u00e1ul dugatty\u00fat\u00f6m\u00edt\u00e9seket \u00e9s r\u00fadt\u00f6m\u00edt\u00e9seket haszn\u00e1lnak kop\u00e1s\u00e1ll\u00f3 anyagokb\u00f3l, p\u00e9ld\u00e1ul poliuret\u00e1nb\u00f3l \u00e9s nitrilgumib\u00f3l, az optim\u00e1lis t\u00f6m\u00edt\u00e9si teljes\u00edtm\u00e9ny biztos\u00edt\u00e1sa \u00e9rdek\u00e9ben.<\/li>\n<li><strong>Tart\u00f3ss\u00e1g:<\/strong> A hengertest \u00e9s a menetes v\u00e9gek prec\u00edz kezel\u00e9seken esnek \u00e1t a kop\u00e1s\u00e1ll\u00f3s\u00e1g fokoz\u00e1sa \u00e9s a hossz\u00fa \u00e9lettartam biztos\u00edt\u00e1sa \u00e9rdek\u00e9ben.<\/li>\n<li><strong>Biztons\u00e1g:<\/strong> A tervez\u00e9si folyamat sor\u00e1n figyelembe veszik a biztons\u00e1gi szempontokat, hogy megel\u0151zz\u00e9k a szem\u00e9lyzetet vagy a berendez\u00e9seket vesz\u00e9lyeztet\u0151 baleseteket vagy meghib\u00e1sod\u00e1sokat.<\/li>\n<li><strong>Karbantarthat\u00f3s\u00e1g:<\/strong> A tervez\u00e9s sor\u00e1n figyelembe vett\u00e9k az egyszer\u0171 karbantart\u00e1st \u00e9s jav\u00edthat\u00f3s\u00e1got, \u00edgy a rendszeres ellen\u0151rz\u00e9sek \u00e9s karbantart\u00e1s k\u00e9nyelmes, minimaliz\u00e1lva az \u00e1ll\u00e1sid\u0151t.<\/li>\n<\/ul>\n<p><img decoding=\"async\" src=\"https:\/\/www.hydraulic-cylinders.net\/wp-content\/uploads\/2025\/01\/songte-cylinder-head-with-all-kinds-excavator-models.webp\" alt=\"Kar hengerfej\" \/><\/p>\n<h2>A karhenger t\u00f6m\u00edt\u00e9se \u00e9s ken\u00e9se<\/h2>\n<p>A karhenger k\u00fcl\u00f6nf\u00e9le t\u00f6m\u00edt\u00e9seket tartalmaz, \u00e9s rendszeres ken\u00e9st ig\u00e9nyel:<\/p>\n<ul>\n<li>T\u00f6m\u00edt\u00e9sek: Dugatty\u00fat\u00f6m\u00edt\u00e9sek, r\u00fadt\u00f6m\u00edt\u00e9sek \u00e9s egy\u00e9b kop\u00e1s\u00e1ll\u00f3 anyagokb\u00f3l k\u00e9sz\u00fclt t\u00f6m\u00edt\u0151elemek haszn\u00e1latosak az optim\u00e1lis hidraulikus teljes\u00edtm\u00e9ny fenntart\u00e1sa \u00e9rdek\u00e9ben.<\/li>\n<li>Ken\u00e9s: A megfelel\u0151 hidraulikaolajjal t\u00f6rt\u00e9n\u0151 rendszeres ken\u00e9s biztos\u00edtja a z\u00f6kken\u0151mentes m\u0171k\u00f6d\u00e9st \u00e9s meghosszabb\u00edtja a henger \u00e9lettartam\u00e1t.<\/li>\n<\/ul>\n<h2>Rendszeres ellen\u0151rz\u00e9s \u00e9s megel\u0151z\u0151 karbantart\u00e1si int\u00e9zked\u00e9sek<\/h2>\n<p>A karhenger optim\u00e1lis teljes\u00edtm\u00e9ny\u00e9nek \u00e9s hossz\u00fa \u00e9lettartam\u00e1nak biztos\u00edt\u00e1sa \u00e9rdek\u00e9ben a k\u00f6vetkez\u0151 int\u00e9zked\u00e9seket kell tenni:<\/p>\n<ul>\n<li>Rendszeresen ellen\u0151rizze a palackot kop\u00e1s, sziv\u00e1rg\u00e1s vagy s\u00e9r\u00fcl\u00e9s jelei szempontj\u00e1b\u00f3l.<\/li>\n<li>Ellen\u0151rizze a hidraulikaolaj szintj\u00e9t \u00e9s min\u0151s\u00e9g\u00e9t a megfelel\u0151 ken\u00e9s biztos\u00edt\u00e1sa \u00e9s a szennyez\u0151d\u00e9s megel\u0151z\u00e9se \u00e9rdek\u00e9ben.<\/li>\n<li>A hidraulikus rendszer integrit\u00e1s\u00e1nak meg\u0151rz\u00e9se \u00e9rdek\u00e9ben h\u00fazza meg a laza csatlakoz\u00e1sokat vagy szerelv\u00e9nyeket.<\/li>\n<li>A tov\u00e1bbi k\u00e1rosod\u00e1s vagy meghib\u00e1sod\u00e1s megel\u0151z\u00e9se \u00e9rdek\u00e9ben azonnal cser\u00e9lje ki a kopott t\u00f6m\u00edt\u00e9seket vagy alkatr\u00e9szeket.<\/li>\n<\/ul>\n<h2>Term\u00e9ktelep\u00edt\u00e9si \u00fatmutat\u00f3<\/h2>\n<p>A karhenger megfelel\u0151 beszerel\u00e9se elengedhetetlen az optim\u00e1lis teljes\u00edtm\u00e9nyhez. K\u00f6vesse az al\u00e1bbi ir\u00e1nyelveket:<\/p>\n<ul>\n<li>A beszerel\u00e9s sor\u00e1n \u00fcgyeljen a henger megfelel\u0151 be\u00e1ll\u00edt\u00e1s\u00e1ra \u00e9s t\u00e1jol\u00e1s\u00e1ra.<\/li>\n<li>Biztons\u00e1gosan r\u00f6gz\u00edtse az \u00f6sszes csatlakoz\u00e1st, \u00fcgyelve a megfelel\u0151 t\u00f6m\u00edt\u00e9sre \u00e9s a sziv\u00e1rg\u00e1sok elker\u00fcl\u00e9s\u00e9re.<\/li>\n<li>Ellen\u0151rizze \u00e9s \u00e1ll\u00edtsa be a hidraulikus rendszer nyom\u00e1s\u00e1t \u00e9s \u00e1raml\u00e1si sebess\u00e9g\u00e9t a gy\u00e1rt\u00f3 el\u0151\u00edr\u00e1sainak megfelel\u0151en.<\/li>\n<li>A telep\u00edt\u00e9s ut\u00e1n alapos ellen\u0151rz\u00e9st kell v\u00e9gezni a megfelel\u0151 m\u0171k\u00f6d\u00e9s biztos\u00edt\u00e1sa \u00e9rdek\u00e9ben.<\/li>\n<\/ul>\n<p><img decoding=\"async\" src=\"https:\/\/www.hydraulic-cylinders.net\/wp-content\/uploads\/2025\/01\/songte-bushings-with-all-kinds-of-excavator-models.webp\" alt=\"Karhenger perselyek\" \/><\/p>\n<h2>Biztons\u00e1gi szempontok \u00e9s k\u00f6rnyezeti t\u00e9nyez\u0151k<\/h2>\n<p>Karos munkahengerek haszn\u00e1latakor kulcsfontoss\u00e1g\u00fa a biztons\u00e1gi int\u00e9zked\u00e9sek priorit\u00e1sk\u00e9nt val\u00f3 kezel\u00e9se, mivel ezek kritikus szerepet j\u00e1tszanak. Biztons\u00e1gi elemeket \u00e9s \u00f3vint\u00e9zked\u00e9seket kell bevezetni a balesetek vagy a szem\u00e9lyzet, valamint a berendez\u00e9sek s\u00e9r\u00fcl\u00e9seinek megel\u0151z\u00e9se \u00e9rdek\u00e9ben. Ezenk\u00edv\u00fcl elengedhetetlen a k\u00f6rnyezeti t\u00e9nyez\u0151k figyelembev\u00e9tele, mint p\u00e9ld\u00e1ul a megfelel\u0151 hullad\u00e9kkezel\u00e9s \u00e9s a vonatkoz\u00f3 el\u0151\u00edr\u00e1sok betart\u00e1sa.<\/p>\n<h2>Hibaelh\u00e1r\u00edt\u00e1s \u00e9s gyakori probl\u00e9m\u00e1k<\/h2>\n<p>A karhenger hibaelh\u00e1r\u00edt\u00e1sa \u00e9s a gyakori probl\u00e9m\u00e1k megold\u00e1sa a k\u00f6vetkez\u0151ket foglalhatja mag\u00e1ban:<\/p>\n<ul>\n<li>Olyan probl\u00e9m\u00e1k azonos\u00edt\u00e1sa \u00e9s diagnosztiz\u00e1l\u00e1sa, mint a sziv\u00e1rg\u00e1s, a szab\u00e1lytalan mozg\u00e1s vagy az el\u00e9gtelen er\u0151.<\/li>\n<li>A hidraulikus rendszer param\u00e9tereinek ellen\u0151rz\u00e9se \u00e9s be\u00e1ll\u00edt\u00e1sa, bele\u00e9rtve a nyom\u00e1st \u00e9s az \u00e1raml\u00e1si sebess\u00e9get.<\/li>\n<li>A t\u00f6m\u00edt\u00e9sek \u00e9s alkatr\u00e9szek kop\u00e1s\u00e1nak vagy s\u00e9r\u00fcl\u00e9s\u00e9nek ellen\u0151rz\u00e9se \u00e9s sz\u00fcks\u00e9g eset\u00e9n cser\u00e9je.<\/li>\n<\/ul>\n<p>A megfelel\u0151 karbantart\u00e1s \u00e9s a megel\u0151z\u0151 int\u00e9zked\u00e9sek seg\u00edthetnek minimaliz\u00e1lni a lehets\u00e9ges probl\u00e9m\u00e1kat \u00e9s biztos\u00edtani a karhenger folyamatos teljes\u00edtm\u00e9ny\u00e9t.<\/p>\n<p><img decoding=\"async\" src=\"https:\/\/www.hydraulic-cylinders.net\/wp-content\/uploads\/2025\/01\/songte-chushion-collar.webp\" alt=\"Karhenger Rug\u00f3s gall\u00e9r\" \/><\/p>\n<p>\u00d6sszefoglalva, professzion\u00e1lis gy\u00e1rt\u00f3k\u00e9nt specializ\u00e1l\u00f3dtunk a p\u00f3tkaros munkahengerek gy\u00e1rt\u00e1s\u00e1ra. Sz\u00e9les term\u00e9kk\u00edn\u00e1latunkkal a hazai \u00e9s a nemzetk\u00f6zi piacok egyik vezet\u0151 hidraulikus munkahenger gy\u00e1rt\u00f3j\u00e1v\u00e1 \u00e9s nagykereskedelmi forgalmaz\u00f3j\u00e1v\u00e1 v\u00e1ltunk. Elk\u00f6telezetts\u00e9g\u00fcnk a kiv\u00e1l\u00f3s\u00e1g \u00e9s az iparos\u00edtott termel\u00e9sir\u00e1ny\u00edt\u00e1s ir\u00e1nt, amelyet fejlett gy\u00e1rt\u00f3l\u00e9tes\u00edtm\u00e9nyek \u00e9s professzion\u00e1lis tesztel\u0151rendszerek t\u00e1mogatnak, lehet\u0151v\u00e9 teszi sz\u00e1munkra, hogy folyamatosan fejlessz\u00fck m\u0171szaki k\u00e9pess\u00e9geinket \u00e9s termel\u00e9si hat\u00e9konys\u00e1gunkat. B\u00fcszk\u00e9k vagyunk innovat\u00edv k\u00e9pess\u00e9geinkre, \u00e9s c\u00e9lunk, hogy hat\u00e9kony, prec\u00edz \u00e9s kiv\u00e1l\u00f3 min\u0151s\u00e9g\u0171 term\u00e9kekkel el\u00e9g\u00edts\u00fck ki \u00fcgyfeleink v\u00e1ltozatos ig\u00e9nyeit.<\/p>\n<p><img decoding=\"async\" src=\"https:\/\/www.hydraulic-cylinders.net\/wp-content\/uploads\/2025\/01\/songte-company-4.webp\" alt=\"C\u00e9ges im\u00e1zs\" \/><br \/>\n<img decoding=\"async\" src=\"https:\/\/www.hydraulic-cylinders.net\/wp-content\/uploads\/2025\/01\/songte-company-3.webp\" alt=\"C\u00e9ges im\u00e1zs\" \/><\/p>\n<p>C\u00e9gk\u00e9nt nagy hangs\u00falyt fektet\u00fcnk a professzionalizmusra, a nemzetk\u00f6zi tan\u00fas\u00edtv\u00e1nyokra, a szem\u00e9lyre szabott szolg\u00e1ltat\u00e1sokra, a gy\u00e1rt\u00f3berendez\u00e9sekre \u00e9s az \u00e9rt\u00e9kes\u00edt\u00e9s ut\u00e1ni szolg\u00e1ltat\u00e1sokra. Arra t\u00f6reksz\u00fcnk, hogy a legjobb megold\u00e1sokat ny\u00fajtsuk \u00fcgyfeleinknek, \u00e9s hossz\u00fa t\u00e1v\u00fa partners\u00e9geket tartsunk fenn.<\/p>\n<p>Szerz\u0151: lyl<\/p>","protected":false},"excerpt":{"rendered":"<p>Arm Cylinder For Xiniu XN120-L The arm cylinder, also known as the hydraulic cylinder, is a specialized cylinder designed to provide linear motion and power to the arm of various machinery such as excavators, cranes, and robotic arms. In hydraulic systems, the arm cylinder plays a crucial role in enabling the smooth movement and control [&hellip;]<\/p>","protected":false},"featured_media":14759,"comment_status":"open","ping_status":"closed","template":"","meta":{"_et_pb_use_builder":"","_et_pb_old_content":"","_et_gb_content_width":""},"product_brand":[],"product_cat":[1497],"product_tag":[1498,1496],"class_list":{"0":"post-16937","1":"product","2":"type-product","3":"status-publish","4":"has-post-thumbnail","6":"product_cat-arm-cylinders","7":"product_tag-arm-cylinders","8":"product_tag-hydraulic-cylinders","10":"first","11":"instock","12":"shipping-taxable","13":"product-type-simple"},"amp_enabled":true,"_links":{"self":[{"href":"https:\/\/www.hydraulic-cylinders.net\/hu\/wp-json\/wp\/v2\/product\/16937","targetHints":{"allow":["GET"]}}],"collection":[{"href":"https:\/\/www.hydraulic-cylinders.net\/hu\/wp-json\/wp\/v2\/product"}],"about":[{"href":"https:\/\/www.hydraulic-cylinders.net\/hu\/wp-json\/wp\/v2\/types\/product"}],"replies":[{"embeddable":true,"href":"https:\/\/www.hydraulic-cylinders.net\/hu\/wp-json\/wp\/v2\/comments?post=16937"}],"wp:featuredmedia":[{"embeddable":true,"href":"https:\/\/www.hydraulic-cylinders.net\/hu\/wp-json\/wp\/v2\/media\/14759"}],"wp:attachment":[{"href":"https:\/\/www.hydraulic-cylinders.net\/hu\/wp-json\/wp\/v2\/media?parent=16937"}],"wp:term":[{"taxonomy":"product_brand","embeddable":true,"href":"https:\/\/www.hydraulic-cylinders.net\/hu\/wp-json\/wp\/v2\/product_brand?post=16937"},{"taxonomy":"product_cat","embeddable":true,"href":"https:\/\/www.hydraulic-cylinders.net\/hu\/wp-json\/wp\/v2\/product_cat?post=16937"},{"taxonomy":"product_tag","embeddable":true,"href":"https:\/\/www.hydraulic-cylinders.net\/hu\/wp-json\/wp\/v2\/product_tag?post=16937"}],"curies":[{"name":"munkaf\u00fczet","href":"https:\/\/api.w.org\/{rel}","templated":true}]}}