{"id":16955,"date":"2025-01-21T06:15:29","date_gmt":"2025-01-21T06:15:29","guid":{"rendered":"https:\/\/www.hydraulic-cylinders.net\/product\/arm-cylinder-for-kato-small-excavator-hd820r820v\/"},"modified":"2025-01-21T06:15:31","modified_gmt":"2025-01-21T06:15:31","slug":"arm-cylinder-for-kato-small-excavator-hd820r820v","status":"publish","type":"product","link":"https:\/\/www.hydraulic-cylinders.net\/hu\/termek\/arm-cylinder-for-kato-small-excavator-hd820r820v\/","title":{"rendered":"Karhenger Kato kis kotr\u00f3g\u00e9phez HD820R820V"},"content":{"rendered":"<h2>Karhenger Kato kis kotr\u00f3g\u00e9phez HD820R820V<\/h2>\n<h3>Defin\u00edci\u00f3 \u00e9s magyar\u00e1zat<\/h3>\n<p>A karhenger egy speci\u00e1lisan tervezett hidraulikus henger, amely line\u00e1ris mozg\u00e1st \u00e9s er\u0151t biztos\u00edt k\u00fcl\u00f6nf\u00e9le g\u00e9pek, p\u00e9ld\u00e1ul kotr\u00f3g\u00e9pek, daruk \u00e9s mechanikus karok karj\u00e1nak. A karhenger kritikus szerepet j\u00e1tszik a hidraulikus rendszerben, lehet\u0151v\u00e9 t\u00e9ve a tov\u00e1bbi szersz\u00e1mok vagy tartoz\u00e9kok mozg\u00e1s\u00e1t \u00e9s hat\u00e9kony vez\u00e9rl\u00e9s\u00e9t. Ezek a hengerek nemcsak sima mozg\u00e1st biztos\u00edtanak, hanem nagy terhel\u00e9seket is elviselnek, biztos\u00edtva a g\u00e9p hat\u00e9kony m\u0171k\u00f6d\u00e9s\u00e9t \u00e9s megb\u00edzhat\u00f3s\u00e1g\u00e1t k\u00fcl\u00f6nb\u00f6z\u0151 munkak\u00f6r\u00fclm\u00e9nyek k\u00f6z\u00f6tt.<\/p>\n<p><img decoding=\"async\" src=\"https:\/\/www.hydraulic-cylinders.net\/wp-content\/uploads\/2025\/01\/songte-company-2.webp\" alt=\"Karhenger\"><\/p>\n<h3>Term\u00e9kjellemz\u0151k<\/h3>\n<ul>\n<li><strong>Nagy hat\u00e9konys\u00e1g\u00fa \u00e1tvitel:<\/strong> A karhenger er\u0151teljes line\u00e1ris mozg\u00e1st \u00e9s er\u0151t biztos\u00edt, biztos\u00edtva a nagy hat\u00e9konys\u00e1g\u00fa teljes\u00edtm\u00e9nyt k\u00fcl\u00f6nf\u00e9le m\u0171veletek sor\u00e1n.<\/li>\n<li><strong>Prec\u00edz vez\u00e9rl\u00e9s:<\/strong> A hidraulikus rendszeren kereszt\u00fcl a karhenger prec\u00edz mozg\u00e1svez\u00e9rl\u00e9st \u00e9rhet el, \u00edgy a tov\u00e1bbi szersz\u00e1mok m\u0171k\u00f6dtet\u00e9se rugalmasabb \u00e9s pontosabb.<\/li>\n<li><strong>Er\u0151s tart\u00f3ss\u00e1g:<\/strong> A karhenger \u00e1ltal\u00e1ban nagy szil\u00e1rds\u00e1g\u00fa anyagokb\u00f3l k\u00e9sz\u00fcl, j\u00f3 kop\u00e1s\u00e1ll\u00f3s\u00e1ggal \u00e9s korr\u00f3zi\u00f3\u00e1ll\u00f3s\u00e1ggal, \u00edgy alkalmas hossz\u00fa t\u00e1v\u00fa haszn\u00e1latra zord k\u00f6rnyezetben.<\/li>\n<li><strong>T\u00f6bbfunkci\u00f3s alkalmazkod\u00f3k\u00e9pess\u00e9g:<\/strong> Ezek a hengerek sz\u00e9les k\u00f6rben alkalmazhat\u00f3k k\u00fcl\u00f6nf\u00e9le mechanikus berendez\u00e9sekben, p\u00e9ld\u00e1ul kotr\u00f3g\u00e9pekben, darukban \u00e9s mechanikus karokban, hogy megfeleljenek a k\u00fcl\u00f6nb\u00f6z\u0151 munkak\u00f6vetelm\u00e9nyeknek.<\/li>\n<li><strong>K\u00f6nny\u0171 karbantart\u00e1s:<\/strong> A tervez\u00e9s sor\u00e1n figyelembe vett\u00e9k a karbantart\u00e1s \u00e9s a csere egyszer\u0171s\u00e9g\u00e9t, \u00edgy a rendszeres ellen\u0151rz\u00e9s \u00e9s karbantart\u00e1s k\u00e9nyelmesebb\u00e9 v\u00e1lt, \u00e9s cs\u00f6kkentett\u00e9k a berendez\u00e9sek \u00e1ll\u00e1sidej\u00e9t.<\/li>\n<\/ul>\n<p>Term\u00e9k\u00fcnk t\u00f6k\u00e9letesen helyettes\u00edtheti ezeket a hidraulikus hengereket. <br \/> <img decoding=\"async\" src=\"https:\/\/www.hydraulic-cylinders.net\/wp-content\/uploads\/2025\/01\/songte-oil-pipes-and-spare-parts.webp\" alt=\"Term\u00e9kk\u00e9p\"><\/p>\n<h3>Alkalmaz\u00e1sok<\/h3>\n<p>A karhenger k\u00fcl\u00f6nf\u00e9le ipar\u00e1gakban \u00e9s berendez\u00e9sekben haszn\u00e1lhat\u00f3:<\/p>\n<ul>\n<li><strong>\u00c9p\u00edt\u0151m\u00e9rn\u00f6ki:<\/strong> Kotr\u00f3g\u00e9pekn\u00e9l \u00e9s darukn\u00e1l a karhenger a kan\u00e1l vagy a g\u00e9m mozg\u00e1s\u00e1nak vez\u00e9rl\u00e9s\u00e9re szolg\u00e1l f\u00f6ldmunk\u00e1kn\u00e1l, anyagmozgat\u00e1sn\u00e1l \u00e9s szerkezeti telep\u00edt\u00e9sn\u00e9l.<\/li>\n<li><strong>Gy\u00e1rt\u00e1s:<\/strong> Az automatiz\u00e1lt gy\u00e1rt\u00f3sorokon a karhengert mechanikus karok mozgat\u00e1s\u00e1ra haszn\u00e1lj\u00e1k, p\u00e9ld\u00e1ul \u00f6sszeszerel\u00e9shez, hegeszt\u00e9shez \u00e9s anyagmozgat\u00e1shoz, a termel\u00e9si hat\u00e9konys\u00e1g \u00e9s a pontoss\u00e1g jav\u00edt\u00e1sa \u00e9rdek\u00e9ben.<\/li>\n<li><strong>Mez\u0151gazdas\u00e1gi g\u00e9pek:<\/strong> A mez\u0151gazdas\u00e1gi g\u00e9pekben, p\u00e9ld\u00e1ul a betakar\u00edt\u00f3g\u00e9pekben \u00e9s a vet\u0151g\u00e9pekben a karhenger vez\u00e9rli a m\u0171k\u00f6dtet\u0151 kar mozg\u00e1s\u00e1t olyan feladatok elv\u00e9gz\u00e9s\u00e9hez, mint a vet\u00e9s, a m\u0171tr\u00e1gy\u00e1z\u00e1s \u00e9s a betakar\u00edt\u00e1s.<\/li>\n<li><strong>B\u00e1ny\u00e1szati:<\/strong> B\u00e1ny\u00e1szati \u200b\u200bberendez\u00e9sekben a karhengert az \u00e9rcb\u00e1ny\u00e1szati \u200b\u200b\u00e9s -kezel\u00e9si berendez\u00e9sek karmozg\u00e1s\u00e1nak vez\u00e9rl\u00e9s\u00e9re haszn\u00e1lj\u00e1k.<\/li>\n<li><strong>Logisztika \u00e9s sz\u00e1ll\u00edt\u00e1s:<\/strong> Targonc\u00e1kban \u00e9s anyagmozgat\u00f3 robotokban a karhengert haszn\u00e1lj\u00e1k a rakom\u00e1ny emel\u00e9s\u00e9nek \u00e9s mozgat\u00e1s\u00e1nak vez\u00e9rl\u00e9s\u00e9re, az anyagmozgat\u00e1s \u00e9s a rakod\u00e1s megval\u00f3s\u00edt\u00e1s\u00e1ra.<\/li>\n<\/ul>\n<h3>Tervez\u00e9si szempontok \u00e9s kiv\u00e1laszt\u00e1si szabv\u00e1nyok<\/h3>\n<p>A karhengernek a k\u00f6vetkez\u0151 tervez\u00e9si \u00e9s kiv\u00e1laszt\u00e1si szabv\u00e1nyoknak kell megfelelnie:<\/p>\n<ul>\n<li><strong>Teherb\u00edr\u00e1s:<\/strong> A kar henger\u00e9nek elegend\u0151 teherb\u00edr\u00e1ssal kell rendelkeznie a sz\u00e1ll\u00edtott terhel\u00e9shez.<\/li>\n<li><strong>T\u00f6m\u00edt\u00e9s:<\/strong> A karhengernek k\u00fcl\u00f6nf\u00e9le t\u00f6m\u00edt\u0151elemeket kell haszn\u00e1lnia, p\u00e9ld\u00e1ul dugatty\u00fat\u00f6m\u00edt\u00e9seket \u00e9s r\u00fadt\u00f6m\u00edt\u00e9seket, amelyek kop\u00e1s\u00e1ll\u00f3 anyagokb\u00f3l, p\u00e9ld\u00e1ul poliuret\u00e1nb\u00f3l \u00e9s nitrilgumib\u00f3l k\u00e9sz\u00fclnek, a t\u00f6m\u00edt\u0151teljes\u00edtm\u00e9ny biztos\u00edt\u00e1sa \u00e9rdek\u00e9ben.<\/li>\n<li><strong>Tart\u00f3ss\u00e1g:<\/strong> A karhengernek nagy szil\u00e1rds\u00e1g\u00fa, j\u00f3 kop\u00e1s\u00e1ll\u00f3s\u00e1g\u00fa \u00e9s korr\u00f3zi\u00f3\u00e1ll\u00f3 anyagokat kell haszn\u00e1lnia, hogy hossz\u00fa t\u00e1v\u00fa haszn\u00e1latot biztos\u00edtson zord k\u00f6r\u00fclm\u00e9nyek k\u00f6z\u00f6tt.<\/li>\n<li><strong>Biztons\u00e1g:<\/strong> A karhengert biztons\u00e1gi funkci\u00f3kkal, p\u00e9ld\u00e1ul t\u00falterhel\u00e9s elleni v\u00e9delemmel \u00e9s v\u00e9szle\u00e1ll\u00edt\u00f3val kell ell\u00e1tni a biztons\u00e1gos m\u0171k\u00f6d\u00e9s biztos\u00edt\u00e1sa \u00e9rdek\u00e9ben.<\/li>\n<li><strong>Karbantart\u00e1s:<\/strong> A karhengert \u00fagy kell megtervezni, hogy k\u00f6nnyen karbantarthat\u00f3 \u00e9s cser\u00e9lhet\u0151 legyen, p\u00e9ld\u00e1ul a karbantart\u00e1si pontokhoz \u00e9s a szabv\u00e1nyos alkatr\u00e9szekhez k\u00f6nny\u0171 hozz\u00e1f\u00e9r\u00e9ssel.<\/li>\n<\/ul>\n<p><img decoding=\"async\" src=\"https:\/\/www.hydraulic-cylinders.net\/wp-content\/uploads\/2025\/01\/songte-cylinder-head-with-all-kinds-excavator-models.webp\" alt=\"Tervez\u00e9si szempontok\"><\/p>\n<h3>T\u00f6m\u00edt\u00e9s \u00e9s ken\u00e9s<\/h3>\n<p>A karhengernek k\u00fcl\u00f6nf\u00e9le t\u00f6m\u00edt\u0151elemeket kell haszn\u00e1lnia, p\u00e9ld\u00e1ul dugatty\u00fat\u00f6m\u00edt\u00e9seket \u00e9s r\u00fadt\u00f6m\u00edt\u00e9seket, amelyek kop\u00e1s\u00e1ll\u00f3 anyagokb\u00f3l, p\u00e9ld\u00e1ul poliuret\u00e1nb\u00f3l \u00e9s nitrilgumib\u00f3l k\u00e9sz\u00fclnek, a t\u00f6m\u00edtetts\u00e9g biztos\u00edt\u00e1sa \u00e9rdek\u00e9ben. A hengertest \u00e9s a menetes v\u00e9gfel\u00fclet finom megmunk\u00e1l\u00e1son esik \u00e1t a kop\u00e1s\u00e1ll\u00f3s\u00e1g jav\u00edt\u00e1sa \u00e9rdek\u00e9ben. A karhengert rendszeresen megfelel\u0151 mennyis\u00e9g\u0171 hidraulikaolajjal kell kenni a z\u00f6kken\u0151mentes m\u0171k\u00f6d\u00e9s biztos\u00edt\u00e1sa \u00e9rdek\u00e9ben.<\/p>\n<p><img decoding=\"async\" src=\"https:\/\/www.hydraulic-cylinders.net\/wp-content\/uploads\/2025\/01\/songte-chushion-collar.webp\" alt=\"T\u00f6m\u00edt\u00e9s \u00e9s ken\u00e9s\"><\/p>\n<h3>Megel\u0151z\u0151 karbantart\u00e1s<\/h3>\n<p>A karhenger rendszeres ellen\u0151rz\u00e9st \u00e9s megel\u0151z\u0151 karbantart\u00e1st ig\u00e9nyel a teljes\u00edtm\u00e9ny\u00e9nek biztos\u00edt\u00e1sa \u00e9s \u00e9lettartam\u00e1nak meghosszabb\u00edt\u00e1sa \u00e9rdek\u00e9ben.<\/p>\n<ul>\n<li><strong>Tisztas\u00e1g:<\/strong> A szennyez\u0151d\u00e9s elker\u00fcl\u00e9se \u00e9rdek\u00e9ben tartsa tiszt\u00e1n a kar henger\u00e9t \u00e9s a hidraulikus rendszert.<\/li>\n<li><strong>Kop\u00e1svizsg\u00e1lat:<\/strong> Rendszeresen ellen\u0151rizze a karhengert kop\u00e1s, deform\u00e1ci\u00f3 \u00e9s s\u00e9r\u00fcl\u00e9s szempontj\u00e1b\u00f3l, \u00e9s sz\u00fcks\u00e9g eset\u00e9n cser\u00e9lje ki.<\/li>\n<li><strong>Ken\u00e9s:<\/strong> Rendszeresen kenje meg a kar henger\u00e9t megfelel\u0151 mennyis\u00e9g\u0171 hidraulikaolajjal a z\u00f6kken\u0151mentes m\u0171k\u00f6d\u00e9s biztos\u00edt\u00e1sa \u00e9rdek\u00e9ben.<\/li>\n<li><strong>Sziv\u00e1rg\u00e1svizsg\u00e1lat:<\/strong> Rendszeresen ellen\u0151rizze a karhenger sziv\u00e1rg\u00e1s\u00e1t, \u00e9s sz\u00fcks\u00e9g eset\u00e9n jav\u00edtsa meg.<\/li>\n<\/ul>\n<h3>Telep\u00edt\u00e9si \u00fatmutat\u00f3<\/h3>\n<p>A hengerfej helyes beszerel\u00e9s\u00e9hez k\u00f6vesse az al\u00e1bbi l\u00e9p\u00e9seket:<\/p>\n<ol>\n<li>Ellen\u0151rizze a karhenger kompatibilit\u00e1s\u00e1t a g\u00e9ppel \u00e9s a hidraulikus rendszerrel.<\/li>\n<li>Tiszt\u00edtsa meg a telep\u00edt\u00e9si ter\u00fcletet \u00e9s a hidraulikus rendszer csatlakoz\u00e1sait.<\/li>\n<li>Szerelje fel a karhengert, \u00e9s h\u00fazza meg a r\u00f6gz\u00edt\u0151csavarokat a megadott nyomat\u00e9kkal.<\/li>\n<li>Csatlakoztassa a hidraulikus t\u00f6ml\u0151ket \u00e9s szerelv\u00e9nyeket a kar henger\u00e9hez.<\/li>\n<li>Ellen\u0151rizze a karhenger megfelel\u0151 m\u0171k\u00f6d\u00e9s\u00e9t \u00e9s sziv\u00e1rg\u00e1s\u00e1t.<\/li>\n<\/ol>\n<p><img decoding=\"async\" src=\"https:\/\/www.hydraulic-cylinders.net\/wp-content\/uploads\/2025\/01\/songte-bushings-with-all-kinds-of-excavator-models.webp\" alt=\"Telep\u00edt\u00e9si \u00fatmutat\u00f3\"><\/p>\n<h3>Biztons\u00e1gi szempontok \u00e9s k\u00f6rnyezeti t\u00e9nyez\u0151k<\/h3>\n<p>A karhenger haszn\u00e1latakor fontos betartani a biztons\u00e1gi el\u0151\u00edr\u00e1sokat \u00e9s ir\u00e1nyelveket a balesetek \u00e9s s\u00e9r\u00fcl\u00e9sek megel\u0151z\u00e9se \u00e9rdek\u00e9ben. A k\u00f6rnyezeti t\u00e9nyez\u0151k, mint p\u00e9ld\u00e1ul a h\u0151m\u00e9rs\u00e9klet \u00e9s a p\u00e1ratartalom, befoly\u00e1solhatj\u00e1k a karhenger teljes\u00edtm\u00e9ny\u00e9t \u00e9s \u00e9lettartam\u00e1t, ez\u00e9rt ezeket a t\u00e9nyez\u0151ket figyelembe kell venni a karhenger kiv\u00e1laszt\u00e1sa \u00e9s haszn\u00e1lata sor\u00e1n.<\/p>\n<h3>Hibaelh\u00e1r\u00edt\u00e1s \u00e9s gyakori probl\u00e9m\u00e1k<\/h3>\n<p>A karhenger gyakori probl\u00e9m\u00e1i k\u00f6z\u00e9 tartozik a sziv\u00e1rg\u00e1s, a kop\u00e1s \u00e9s a s\u00e9r\u00fcl\u00e9s. Ezen probl\u00e9m\u00e1k diagnosztiz\u00e1l\u00e1s\u00e1hoz \u00e9s megold\u00e1s\u00e1hoz k\u00f6vesse az al\u00e1bbi l\u00e9p\u00e9seket:<\/p>\n<ol>\n<li>Hat\u00e1rozza meg a probl\u00e9ma t\u00fcneteit \u00e9s okait.<\/li>\n<li>Vizsg\u00e1lja meg a karhengert \u00e9s a hidraulikus rendszert kop\u00e1s, deform\u00e1ci\u00f3 \u00e9s s\u00e9r\u00fcl\u00e9sek szempontj\u00e1b\u00f3l.<\/li>\n<li>Jav\u00edtsa meg vagy cser\u00e9lje ki a s\u00e9r\u00fclt alkatr\u00e9szeket.<\/li>\n<li>Ellen\u0151rizze a karhenger megfelel\u0151 m\u0171k\u00f6d\u00e9s\u00e9t \u00e9s sziv\u00e1rg\u00e1s\u00e1t.<\/li>\n<\/ol>\n<p><img decoding=\"async\" src=\"https:\/\/www.hydraulic-cylinders.net\/wp-content\/uploads\/2025\/01\/songte-company-4.webp\" alt=\"C\u00e9ginform\u00e1ci\u00f3k\"><\/p>\n<p>Professzion\u00e1lis hidraulikus hengergy\u00e1rt\u00f3k vagyunk, sz\u00e9les term\u00e9kv\u00e1laszt\u00e9kkal. A hazai \u00e9s nemzetk\u00f6zi piacok egyik vezet\u0151 hidraulikus hengergy\u00e1rt\u00f3j\u00e1v\u00e1 \u00e9s nagykereskedelmi forgalmaz\u00f3j\u00e1v\u00e1 v\u00e1ltunk. Mindig a kiv\u00e1l\u00f3 min\u0151s\u00e9g elv\u00e9t k\u00f6vetj\u00fck, a finomgy\u00e1rt\u00f3 m\u0171helyek iparos\u00edtott termel\u00e9sir\u00e1ny\u00edt\u00e1si strat\u00e9gi\u00e1j\u00e1ra t\u00e1maszkodunk, folyamatosan fejlesztj\u00fck m\u0171szaki sz\u00ednvonalunkat \u00e9s termel\u00e9si hat\u00e9konys\u00e1gunkat. Cs\u00facskateg\u00f3ri\u00e1s digit\u00e1lis gy\u00e1rt\u00f3berendez\u00e9sek \u00e9s professzion\u00e1lis ellen\u0151rz\u0151 rendszerek bevezet\u00e9s\u00e9vel folyamatosan optimaliz\u00e1ljuk gy\u00e1rt\u00e1si platformunkat, fejlesztj\u00fck term\u00e9kmin\u0151s\u00e9g-ellen\u0151rz\u00e9si folyamatainkat, \u00e9s er\u0151s innov\u00e1ci\u00f3s k\u00e9pess\u00e9gekkel rendelkez\u00fcnk. C\u00e9lunk, hogy a nagy hat\u00e9konys\u00e1g, a pontoss\u00e1g \u00e9s a kiv\u00e1l\u00f3 min\u0151s\u00e9g elveivel el\u00e9g\u00edts\u00fck ki \u00fcgyfeleink sokr\u00e9t\u0171 ig\u00e9nyeit.<\/p>\n<h3>C\u00e9g\u00fcnkr\u0151l<\/h3>\n<p>C\u00e9g\u00fcnk a k\u00f6vetkez\u0151 el\u0151ny\u00f6kkel rendelkezik:<\/p>\n<ul>\n<li><strong>Szakmaiass\u00e1g:<\/strong> C\u00e9g\u00fcnk professzion\u00e1lis csapattal rendelkezik, amely gazdag tapasztalattal rendelkezik a hidraulikus hengerek tervez\u00e9s\u00e9ben, gy\u00e1rt\u00e1s\u00e1ban \u00e9s \u00e9rt\u00e9kes\u00edt\u00e9s\u00e9ben.<\/li>\n<li><strong>Nemzetk\u00f6zi min\u0151s\u00edt\u00e9s:<\/strong> Term\u00e9keink nemzetk\u00f6zi min\u0151s\u00e9gi \u00e9s biztons\u00e1gi tan\u00fas\u00edtv\u00e1nyokkal rendelkeznek, mint p\u00e9ld\u00e1ul az ISO9001, CE \u00e9s SGS.<\/li>\n<li><strong>Testreszab\u00e1si szolg\u00e1ltat\u00e1sok:<\/strong> C\u00e9g\u00fcnk egyedi ig\u00e9nyekre szabott hidraulikus henger szolg\u00e1ltat\u00e1sokat ny\u00fajt.<\/li>\n<li><strong>Gy\u00e1rt\u00f3berendez\u00e9sek:<\/strong> C\u00e9g\u00fcnk fejlett digit\u00e1lis gy\u00e1rt\u00f3berendez\u00e9sekkel, p\u00e9ld\u00e1ul CNC g\u00e9pekkel \u00e9s tesztel\u0151rendszerekkel rendelkezik a term\u00e9kmin\u0151s\u00e9g \u00e9s a hat\u00e9konys\u00e1g biztos\u00edt\u00e1sa \u00e9rdek\u00e9ben.<\/li>\n<li><strong>\u00c9rt\u00e9kes\u00edt\u00e9s ut\u00e1ni szolg\u00e1ltat\u00e1sok:<\/strong> C\u00e9g\u00fcnk professzion\u00e1lis \u00e9rt\u00e9kes\u00edt\u00e9s ut\u00e1ni szervizcsapattal rendelkezik, amely id\u0151ben biztos\u00edt technikai t\u00e1mogat\u00e1st \u00e9s karbantart\u00e1si szolg\u00e1ltat\u00e1sokat.<\/li>\n<\/ul>\n<p><img decoding=\"async\" src=\"https:\/\/www.hydraulic-cylinders.net\/wp-content\/uploads\/2025\/01\/songte-company-3.webp\" alt=\"C\u00e9ginform\u00e1ci\u00f3k\"><\/p>\n<p>Szerz\u0151: lyl.<\/p>","protected":false},"excerpt":{"rendered":"<p>Arm Cylinder For Kato Small Excavator HD820R820V Definition and Explanation The arm cylinder is a specially designed hydraulic cylinder that provides linear motion and power to the arm of various types of machinery, such as excavators, cranes, and mechanical arms. The arm cylinder plays a critical role in the hydraulic system, enabling additional tools or [&hellip;]<\/p>","protected":false},"featured_media":14766,"comment_status":"open","ping_status":"closed","template":"","meta":{"_et_pb_use_builder":"","_et_pb_old_content":"","_et_gb_content_width":""},"product_brand":[],"product_cat":[1497],"product_tag":[1498,1496],"class_list":{"0":"post-16955","1":"product","2":"type-product","3":"status-publish","4":"has-post-thumbnail","6":"product_cat-arm-cylinders","7":"product_tag-arm-cylinders","8":"product_tag-hydraulic-cylinders","10":"first","11":"instock","12":"shipping-taxable","13":"product-type-simple"},"amp_enabled":true,"_links":{"self":[{"href":"https:\/\/www.hydraulic-cylinders.net\/hu\/wp-json\/wp\/v2\/product\/16955","targetHints":{"allow":["GET"]}}],"collection":[{"href":"https:\/\/www.hydraulic-cylinders.net\/hu\/wp-json\/wp\/v2\/product"}],"about":[{"href":"https:\/\/www.hydraulic-cylinders.net\/hu\/wp-json\/wp\/v2\/types\/product"}],"replies":[{"embeddable":true,"href":"https:\/\/www.hydraulic-cylinders.net\/hu\/wp-json\/wp\/v2\/comments?post=16955"}],"wp:featuredmedia":[{"embeddable":true,"href":"https:\/\/www.hydraulic-cylinders.net\/hu\/wp-json\/wp\/v2\/media\/14766"}],"wp:attachment":[{"href":"https:\/\/www.hydraulic-cylinders.net\/hu\/wp-json\/wp\/v2\/media?parent=16955"}],"wp:term":[{"taxonomy":"product_brand","embeddable":true,"href":"https:\/\/www.hydraulic-cylinders.net\/hu\/wp-json\/wp\/v2\/product_brand?post=16955"},{"taxonomy":"product_cat","embeddable":true,"href":"https:\/\/www.hydraulic-cylinders.net\/hu\/wp-json\/wp\/v2\/product_cat?post=16955"},{"taxonomy":"product_tag","embeddable":true,"href":"https:\/\/www.hydraulic-cylinders.net\/hu\/wp-json\/wp\/v2\/product_tag?post=16955"}],"curies":[{"name":"munkaf\u00fczet","href":"https:\/\/api.w.org\/{rel}","templated":true}]}}