{"id":17032,"date":"2025-01-23T08:17:40","date_gmt":"2025-01-23T08:17:40","guid":{"rendered":"https:\/\/www.hydraulic-cylinders.net\/?post_type=product&#038;p=17032"},"modified":"2025-04-15T05:47:52","modified_gmt":"2025-04-15T05:47:52","slug":"hcyy11112014-swing-arm-cylinder-for-environmental-protection","status":"publish","type":"product","link":"https:\/\/www.hydraulic-cylinders.net\/hu\/termek\/hcyy11112014-swing-arm-cylinder-for-environmental-protection\/","title":{"rendered":"HCYY11112014 Leng\u0151karos henger k\u00f6rnyezetv\u00e9delemhez"},"content":{"rendered":"<h1 style=\"text-align: center;\"><strong>HCYY11112014 Leng\u0151karos henger k\u00f6rnyezetv\u00e9delemhez<\/strong><\/h1>\n<h1 style=\"text-align: center;\"><img loading=\"lazy\" decoding=\"async\" class=\"alignnone size-full wp-image-17034\" src=\"https:\/\/www.hydraulic-cylinders.net\/wp-content\/uploads\/2025\/01\/hcyy11112014-swing-arm-cylinder-2.webp\" alt=\"\" width=\"1495\" height=\"516\" srcset=\"https:\/\/www.hydraulic-cylinders.net\/wp-content\/uploads\/2025\/01\/hcyy11112014-swing-arm-cylinder-2.webp 1495w, https:\/\/www.hydraulic-cylinders.net\/wp-content\/uploads\/2025\/01\/hcyy11112014-swing-arm-cylinder-2-1280x442.webp 1280w, https:\/\/www.hydraulic-cylinders.net\/wp-content\/uploads\/2025\/01\/hcyy11112014-swing-arm-cylinder-2-980x338.webp 980w, https:\/\/www.hydraulic-cylinders.net\/wp-content\/uploads\/2025\/01\/hcyy11112014-swing-arm-cylinder-2-480x166.webp 480w\" sizes=\"(min-width: 0px) and (max-width: 480px) 480px, (min-width: 481px) and (max-width: 980px) 980px, (min-width: 981px) and (max-width: 1280px) 1280px, (min-width: 1281px) 1495px, 100vw\" \/><\/h1>\n<p>A HCYY11112014 leng\u0151karos munkahenger egy \u00e9lvonalbeli megold\u00e1s, amely n\u00f6veli a m\u0171k\u00f6d\u00e9si hat\u00e9konys\u00e1got, mik\u00f6zben a k\u00f6rnyezeti fenntarthat\u00f3s\u00e1got helyezi el\u0151t\u00e9rbe. Ez az innovat\u00edv term\u00e9k sz\u00e1mos ipar\u00e1gat kiszolg\u00e1l, megb\u00edzhat\u00f3 teljes\u00edtm\u00e9nyt ny\u00fajt minim\u00e1lis \u00f6kol\u00f3giai hat\u00e1ssal.<\/p>\n<p>A k\u00f6rnyezetbar\u00e1t technol\u00f3gia jelent\u0151s el\u0151rel\u00e9p\u00e9sek\u00e9nt a HCYY11112014 leng\u0151karos munkahenger a tart\u00f3ss\u00e1got \u00e9s a hat\u00e9konys\u00e1got testes\u00edti meg, \u00edgy t\u00f6k\u00e9letes v\u00e1laszt\u00e1s a fenntarthat\u00f3s\u00e1g ir\u00e1nt elk\u00f6telezett v\u00e1llalkoz\u00e1sok sz\u00e1m\u00e1ra. A term\u00e9k be\u00e9p\u00edt\u00e9s\u00e9vel nemcsak a termel\u00e9kenys\u00e9get n\u00f6veli, hanem egy eg\u00e9szs\u00e9gesebb bolyg\u00f3hoz is hozz\u00e1j\u00e1rul. Hozzon okos d\u00f6nt\u00e9st m\u00e9g ma a HCYY11112014-be val\u00f3 befektet\u00e9ssel, \u00e9s tapasztalja meg a k\u00f6rnyezetv\u00e9delemre \u00f6sszpontos\u00edt\u00f3, \u00e9lvonalbeli technol\u00f3gia el\u0151nyeit.<\/p>\n<h2><strong>HCYY11112014 K\u00f6rnyezetv\u00e9delmi param\u00e9terek leng\u0151karos hengere:<\/strong><\/h2>\n<h1 style=\"text-align: center;\"><img loading=\"lazy\" decoding=\"async\" class=\"alignnone size-full wp-image-17033\" src=\"https:\/\/www.hydraulic-cylinders.net\/wp-content\/uploads\/2025\/01\/hcyy11112014-swing-arm-cylinder-1.webp\" alt=\"\" width=\"1515\" height=\"142\" srcset=\"https:\/\/www.hydraulic-cylinders.net\/wp-content\/uploads\/2025\/01\/hcyy11112014-swing-arm-cylinder-1.webp 1515w, https:\/\/www.hydraulic-cylinders.net\/wp-content\/uploads\/2025\/01\/hcyy11112014-swing-arm-cylinder-1-1280x120.webp 1280w, https:\/\/www.hydraulic-cylinders.net\/wp-content\/uploads\/2025\/01\/hcyy11112014-swing-arm-cylinder-1-980x92.webp 980w, https:\/\/www.hydraulic-cylinders.net\/wp-content\/uploads\/2025\/01\/hcyy11112014-swing-arm-cylinder-1-480x45.webp 480w\" sizes=\"(min-width: 0px) and (max-width: 480px) 480px, (min-width: 481px) and (max-width: 980px) 980px, (min-width: 981px) and (max-width: 1280px) 1280px, (min-width: 1281px) 1515px, 100vw\" \/><\/h1>\n<h1 style=\"text-align: center;\"><img loading=\"lazy\" decoding=\"async\" class=\"alignnone size-full wp-image-17035\" src=\"https:\/\/www.hydraulic-cylinders.net\/wp-content\/uploads\/2025\/01\/hcyy11112014-swing-arm-cylinder-3.webp\" alt=\"\" width=\"1480\" height=\"710\" srcset=\"https:\/\/www.hydraulic-cylinders.net\/wp-content\/uploads\/2025\/01\/hcyy11112014-swing-arm-cylinder-3.webp 1480w, https:\/\/www.hydraulic-cylinders.net\/wp-content\/uploads\/2025\/01\/hcyy11112014-swing-arm-cylinder-3-1280x614.webp 1280w, https:\/\/www.hydraulic-cylinders.net\/wp-content\/uploads\/2025\/01\/hcyy11112014-swing-arm-cylinder-3-980x470.webp 980w, https:\/\/www.hydraulic-cylinders.net\/wp-content\/uploads\/2025\/01\/hcyy11112014-swing-arm-cylinder-3-480x230.webp 480w\" sizes=\"(min-width: 0px) and (max-width: 480px) 480px, (min-width: 481px) and (max-width: 980px) 980px, (min-width: 981px) and (max-width: 1280px) 1280px, (min-width: 1281px) 1480px, 100vw\" \/> <img loading=\"lazy\" decoding=\"async\" class=\"alignnone size-full wp-image-17036\" src=\"https:\/\/www.hydraulic-cylinders.net\/wp-content\/uploads\/2025\/01\/hcyy11112014-swing-arm-cylinder-4.webp\" alt=\"\" width=\"1476\" height=\"707\" srcset=\"https:\/\/www.hydraulic-cylinders.net\/wp-content\/uploads\/2025\/01\/hcyy11112014-swing-arm-cylinder-4.webp 1476w, https:\/\/www.hydraulic-cylinders.net\/wp-content\/uploads\/2025\/01\/hcyy11112014-swing-arm-cylinder-4-1280x613.webp 1280w, https:\/\/www.hydraulic-cylinders.net\/wp-content\/uploads\/2025\/01\/hcyy11112014-swing-arm-cylinder-4-980x469.webp 980w, https:\/\/www.hydraulic-cylinders.net\/wp-content\/uploads\/2025\/01\/hcyy11112014-swing-arm-cylinder-4-480x230.webp 480w\" sizes=\"(min-width: 0px) and (max-width: 480px) 480px, (min-width: 481px) and (max-width: 980px) 980px, (min-width: 981px) and (max-width: 1280px) 1280px, (min-width: 1281px) 1476px, 100vw\" \/> <img loading=\"lazy\" decoding=\"async\" class=\"alignnone size-full wp-image-17037\" src=\"https:\/\/www.hydraulic-cylinders.net\/wp-content\/uploads\/2025\/01\/hcyy11112014-swing-arm-cylinder-5.webp\" alt=\"\" width=\"1411\" height=\"704\" srcset=\"https:\/\/www.hydraulic-cylinders.net\/wp-content\/uploads\/2025\/01\/hcyy11112014-swing-arm-cylinder-5.webp 1411w, https:\/\/www.hydraulic-cylinders.net\/wp-content\/uploads\/2025\/01\/hcyy11112014-swing-arm-cylinder-5-1280x639.webp 1280w, https:\/\/www.hydraulic-cylinders.net\/wp-content\/uploads\/2025\/01\/hcyy11112014-swing-arm-cylinder-5-980x489.webp 980w, https:\/\/www.hydraulic-cylinders.net\/wp-content\/uploads\/2025\/01\/hcyy11112014-swing-arm-cylinder-5-480x239.webp 480w\" sizes=\"(min-width: 0px) and (max-width: 480px) 480px, (min-width: 481px) and (max-width: 980px) 980px, (min-width: 981px) and (max-width: 1280px) 1280px, (min-width: 1281px) 1411px, 100vw\" \/><\/h1>\n<h2><strong>Hengersorozat k\u00f6rnyezetv\u00e9delemhez:<\/strong><\/h2>\n<h2><img loading=\"lazy\" decoding=\"async\" class=\"alignnone size-full wp-image-17030\" src=\"https:\/\/www.hydraulic-cylinders.net\/wp-content\/uploads\/2025\/01\/cylinder-series-for-environmental-protection-scaled.webp\" alt=\"\" width=\"2044\" height=\"2560\" srcset=\"https:\/\/www.hydraulic-cylinders.net\/wp-content\/uploads\/2025\/01\/cylinder-series-for-environmental-protection-scaled.webp 2044w, https:\/\/www.hydraulic-cylinders.net\/wp-content\/uploads\/2025\/01\/cylinder-series-for-environmental-protection-1280x1603.webp 1280w, https:\/\/www.hydraulic-cylinders.net\/wp-content\/uploads\/2025\/01\/cylinder-series-for-environmental-protection-980x1227.webp 980w, https:\/\/www.hydraulic-cylinders.net\/wp-content\/uploads\/2025\/01\/cylinder-series-for-environmental-protection-480x601.webp 480w\" sizes=\"(min-width: 0px) and (max-width: 480px) 480px, (min-width: 481px) and (max-width: 980px) 980px, (min-width: 981px) and (max-width: 1280px) 1280px, (min-width: 1281px) 2044px, 100vw\" \/><\/h2>\n<h2><strong>A HCYY11112014 k\u00f6rnyezetbar\u00e1t leng\u0151karos munkahenger f\u0151bb jellemz\u0151i:<\/strong><\/h2>\n<h4><strong>K\u00f6rnyezetbar\u00e1t anyagok<\/strong><\/h4>\n<p>A HCYY11112014 leng\u0151karos munkahenger kiv\u00e1l\u00f3 min\u0151s\u00e9g\u0171, \u00fajrahasznos\u00edthat\u00f3 \u00e9s fenntarthat\u00f3 anyagokb\u00f3l k\u00e9sz\u00fclt. Ez a felel\u0151ss\u00e9gteljes gy\u00e1rt\u00e1s ir\u00e1nti elk\u00f6telezetts\u00e9g minimaliz\u00e1lja a k\u00f6rnyezeti terhel\u00e9st \u00e9s t\u00e1mogatja a k\u00f6rforg\u00e1sos gazdas\u00e1got. E munkahenger kiv\u00e1laszt\u00e1s\u00e1val hozz\u00e1j\u00e1rul egy olyan j\u00f6v\u0151h\u00f6z, ahol cs\u00f6kken a hullad\u00e9k, \u00e9s maximaliz\u00e1l\u00f3dnak az er\u0151forr\u00e1sok.<\/p>\n<h4><strong>Alacsony energiafogyaszt\u00e1s<\/strong><\/h4>\n<p>Az energiahat\u00e9konys\u00e1got szem el\u0151tt tartva tervezett HCYY11112014 jelent\u0151sen cs\u00f6kkenti az \u00fczemeltet\u00e9si k\u00f6lts\u00e9geket. Innovat\u00edv m\u00e9rn\u00f6ki megold\u00e1sai cs\u00f6kkentik az energiafogyaszt\u00e1st, ami a sz\u00e9n-dioxid-kibocs\u00e1t\u00e1s cs\u00f6kken\u00e9s\u00e9hez vezet. Ez azt jelenti, hogy nemcsak k\u00f6lts\u00e9geket takar\u00edt meg, hanem l\u00e9tfontoss\u00e1g\u00fa szerepet j\u00e1tszik az \u00e9ghajlatv\u00e1ltoz\u00e1s elleni k\u00fczdelemben is. Ez mind az \u00d6n v\u00e1llalkoz\u00e1sa, mind a bolyg\u00f3 sz\u00e1m\u00e1ra el\u0151ny\u00f6s.<\/p>\n<h4><strong>Fejlett t\u00f6m\u00edt\u00e9si technol\u00f3gia<\/strong><\/h4>\n<p>A biztons\u00e1g \u00e9s a k\u00f6rnyezetv\u00e9delem kiemelked\u0151 fontoss\u00e1g\u00fa, ez\u00e9rt a HCYY11112014 a legmodernebb t\u00f6m\u00edt\u0151mechanizmusokkal rendelkezik. Ezek a fejlett t\u00f6m\u00edt\u00e9sek hat\u00e9konyan megakad\u00e1lyozz\u00e1k a vesz\u00e9lyes anyagok sziv\u00e1rg\u00e1s\u00e1t, biztos\u00edtva, hogy a m\u0171veletek ne vesz\u00e9lyeztess\u00e9k a k\u00f6rnyez\u0151 \u00f6kosziszt\u00e9m\u00e1t. Ez a technol\u00f3gia fokozza a biztons\u00e1got \u00e9s bizalmat \u00e9p\u00edt az \u00e9rdekelt felek \u00e9s a k\u00f6z\u00f6ss\u00e9g k\u00f6z\u00f6tt.<\/p>\n<h4><strong>Tart\u00f3s konstrukci\u00f3<\/strong><\/h4>\n<p>A legnagyobb kih\u00edv\u00e1st jelent\u0151 k\u00f6r\u00fclm\u00e9nyek elvisel\u00e9s\u00e9re tervezett HCYY11112014 kiv\u00e9teles tart\u00f3ss\u00e1ggal b\u00fcszk\u00e9lkedhet. Robusztus konstrukci\u00f3ja hossz\u00fa \u00e9lettartamot biztos\u00edt, minimaliz\u00e1lva a gyakori cser\u00e9k sz\u00fcks\u00e9gess\u00e9g\u00e9t. Ez a tart\u00f3ss\u00e1g megb\u00edzhat\u00f3s\u00e1got eredm\u00e9nyez, lehet\u0151v\u00e9 t\u00e9ve a m\u0171veletek z\u00f6kken\u0151mentes, megszak\u00edt\u00e1s n\u00e9lk\u00fcli m\u0171k\u00f6d\u00e9s\u00e9t, \u00e9s cs\u00f6kkentve a karbantart\u00e1si k\u00f6lts\u00e9geket.<\/p>\n<h4><strong>Kompakt kialak\u00edt\u00e1s<\/strong><\/h4>\n<p>A HCYY11112014 innovat\u00edv, kompakt kialak\u00edt\u00e1sa sokoldal\u00fa v\u00e1laszt\u00e1ss\u00e1 teszi k\u00fcl\u00f6nf\u00e9le alkalmaz\u00e1sokhoz. Helytakar\u00e9kos profilja lehet\u0151v\u00e9 teszi a z\u00f6kken\u0151mentes integr\u00e1ci\u00f3t a megl\u00e9v\u0151 rendszerekbe a teljes\u00edtm\u00e9ny fel\u00e1ldoz\u00e1sa n\u00e9lk\u00fcl. Ez az alkalmazkod\u00f3k\u00e9pess\u00e9g lehet\u0151v\u00e9 teszi a munkater\u00fclet optimaliz\u00e1l\u00e1s\u00e1t, maximaliz\u00e1lva a m\u0171veletek hat\u00e9konys\u00e1g\u00e1t \u00e9s termel\u00e9kenys\u00e9g\u00e9t.<\/p>\n<p>A HCYY11112014 leng\u0151karos munkahenger kiv\u00e1laszt\u00e1s\u00e1val egy olyan term\u00e9ket v\u00e1laszt, amely a fenntarthat\u00f3s\u00e1got, a hat\u00e9konys\u00e1got \u00e9s az innov\u00e1ci\u00f3t testes\u00edti meg. Tapasztalja meg a k\u00fcl\u00f6nbs\u00e9get, amelyet a k\u00f6rnyezettudatos m\u00e9rn\u00f6ki munka jelenthet v\u00e1llalkoz\u00e1sa \u00e9s bolyg\u00f3nk j\u00f6v\u0151je sz\u00e1m\u00e1ra.<\/p>\n<h2><strong>Mi teszi a Hcyy11112014 leng\u0151karos hengert k\u00f6rnyezetbar\u00e1tt\u00e1?<\/strong><\/h2>\n<p>A HCYY11112014 leng\u0151karos munkahenger sz\u00e1mos meggy\u0151z\u0151 okb\u00f3l kiemelkedik k\u00f6rnyezetbar\u00e1t v\u00e1laszt\u00e1sk\u00e9nt:<\/p>\n<h4><strong>1. Fenntarthat\u00f3 anyagok<\/strong><\/h4>\n<p>\u00dajrahasznos\u00edthat\u00f3 \u00e9s fenntarthat\u00f3 anyagokb\u00f3l k\u00e9sz\u00fclt, ez a palack a felel\u0151s gy\u00e1rt\u00e1s ir\u00e1nti elk\u00f6telezetts\u00e9get t\u00fckr\u00f6zi. A term\u00e9k kiv\u00e1laszt\u00e1s\u00e1val \u00d6n is t\u00e1mogatja a k\u00f6rforg\u00e1sos gazdas\u00e1got, amely az er\u0151forr\u00e1sok meg\u0151rz\u00e9s\u00e9t \u00e9s a hullad\u00e9k cs\u00f6kkent\u00e9s\u00e9t helyezi el\u0151t\u00e9rbe.<\/p>\n<h4><strong>2. Energiahat\u00e9konys\u00e1g<\/strong><\/h4>\n<p>Az alacsony energiafogyaszt\u00e1s\u00fa HCYY11112014 jelent\u0151sen cs\u00f6kkenti az \u00fczemeltet\u00e9si k\u00f6lts\u00e9geket. Energiahat\u00e9kony technol\u00f3gi\u00e1ja p\u00e9nzt takar\u00edt meg \u00e9s cs\u00f6kkenti a sz\u00e9n-dioxid-kibocs\u00e1t\u00e1st, \u00edgy kulcsszerepet j\u00e1tszik az \u00e9ghajlatv\u00e1ltoz\u00e1s elleni k\u00fczdelemben. Ez azt jelenti, hogy n\u00f6velheti a termel\u00e9kenys\u00e9get, mik\u00f6zben k\u00edm\u00e9li a bolyg\u00f3t.<\/p>\n<h4><strong>3. Fejlett t\u00f6m\u00edt\u00e9si technol\u00f3gia<\/strong><\/h4>\n<p>A biztons\u00e1g mindenn\u00e9l fontosabb, \u00e9s a HCYY11112014 ezen a t\u00e9ren kiemelked\u0151. Korszer\u0171 t\u00f6m\u00edt\u0151mechanizmusai hat\u00e9konyan megakad\u00e1lyozz\u00e1k a vesz\u00e9lyes anyagok sziv\u00e1rg\u00e1s\u00e1t, v\u00e9dik a k\u00f6rnyezetet \u00e9s biztos\u00edtj\u00e1k a biztons\u00e1gi el\u0151\u00edr\u00e1sok betart\u00e1s\u00e1t. Ez a technol\u00f3gia bizalmat \u00e9p\u00edt az \u00e9rdekelt felek k\u00f6z\u00f6tt, \u00e9s a k\u00f6rnyezetv\u00e9delem ir\u00e1nti elk\u00f6telezetts\u00e9get mutatja.<\/p>\n<h4><strong>4. Kiv\u00e9teles tart\u00f3ss\u00e1g<\/strong><\/h4>\n<p>A zord k\u00f6r\u00fclm\u00e9nyekre tervezett HCYY11112014 hossz\u00fa \u00e9lettartamot k\u00edn\u00e1l. Ez a tart\u00f3ss\u00e1g cs\u00f6kkenti a gyakori cser\u00e9k sz\u00fcks\u00e9gess\u00e9g\u00e9t, minimaliz\u00e1lja a hullad\u00e9kot \u00e9s hozz\u00e1j\u00e1rul egy fenntarthat\u00f3bb m\u0171k\u00f6d\u00e9si modellhez. Ezzel a munkahengerrel a megb\u00edzhat\u00f3s\u00e1g \u00e9s a nyugalom el\u0151nyeit \u00e9lvezheti.<\/p>\n<h4><strong>5. Helytakar\u00e9kos kialak\u00edt\u00e1s<\/strong><\/h4>\n<p>Kompakt kialak\u00edt\u00e1s\u00e1nak k\u00f6sz\u00f6nhet\u0151en k\u00f6nnyen integr\u00e1lhat\u00f3 a megl\u00e9v\u0151 rendszerekbe a teljes\u00edtm\u00e9ny fel\u00e1ldoz\u00e1sa n\u00e9lk\u00fcl. Ez az alkalmazkod\u00f3k\u00e9pess\u00e9g optimaliz\u00e1lja a munkater\u00fcletet \u00e9s n\u00f6veli az \u00e1ltal\u00e1nos hat\u00e9konys\u00e1got, \u00edgy sokoldal\u00fa megold\u00e1st k\u00edn\u00e1l k\u00fcl\u00f6nf\u00e9le alkalmaz\u00e1sokhoz.<\/p>\n<p>\u00d6sszefoglalva, a HCYY11112014 leng\u0151karos munkahenger t\u00f6bb mint egy funkcion\u00e1lis alkatr\u00e9sz; ez egy el\u0151remutat\u00f3 befektet\u00e9s a fenntarthat\u00f3s\u00e1gba. Ennek a k\u00f6rnyezetbar\u00e1t opci\u00f3nak a kiv\u00e1laszt\u00e1s\u00e1val pozit\u00edv hat\u00e1st gyakorol mind a m\u0171k\u00f6d\u00e9s\u00e9re, mind a k\u00f6rnyezetre, utat nyitva egy z\u00f6ldebb j\u00f6v\u0151nek.<\/p>\n<h2><strong>Targoncahenger gy\u00e1rt\u00e1si ter\u00fclet:<\/strong><\/h2>\n<h2><img loading=\"lazy\" decoding=\"async\" class=\"alignnone size-full wp-image-16972\" src=\"https:\/\/www.hydraulic-cylinders.net\/wp-content\/uploads\/2025\/01\/hydraulic-cylinder-factory-1-scaled.webp\" alt=\"\" width=\"2016\" height=\"2560\" srcset=\"https:\/\/www.hydraulic-cylinders.net\/wp-content\/uploads\/2025\/01\/hydraulic-cylinder-factory-1-scaled.webp 2016w, https:\/\/www.hydraulic-cylinders.net\/wp-content\/uploads\/2025\/01\/hydraulic-cylinder-factory-1-1280x1625.webp 1280w, https:\/\/www.hydraulic-cylinders.net\/wp-content\/uploads\/2025\/01\/hydraulic-cylinder-factory-1-980x1244.webp 980w, https:\/\/www.hydraulic-cylinders.net\/wp-content\/uploads\/2025\/01\/hydraulic-cylinder-factory-1-480x610.webp 480w\" sizes=\"(min-width: 0px) and (max-width: 480px) 480px, (min-width: 481px) and (max-width: 980px) 980px, (min-width: 981px) and (max-width: 1280px) 1280px, (min-width: 1281px) 2016px, 100vw\" \/><\/h2>\n<p>Korszer\u0171, f\u00fcggetlen, \u00f6sszeszerel\u00e9sre szakosodott K+F platformmal b\u00fcszk\u00e9lkedhet\u00fcnk, amely biztos\u00edtja a gy\u00e1rt\u00e1si folyamatainkban a legmagasabb szint\u0171 innov\u00e1ci\u00f3t \u00e9s min\u0151s\u00e9get. Targoncahenger-gy\u00e1rt\u00f3 m\u0171hely\u00fcnkben n\u00e9gy f\u00e9lautomata emel\u0151henger-\u00f6sszeszerel\u0151 sor \u00e9s egy teljesen automatikus billen\u0151henger-\u00f6sszeszerel\u0151 sor tal\u00e1lhat\u00f3, amelyeket egy\u00fcttesen \u00e9vi ak\u00e1r egymilli\u00f3 egys\u00e9g gy\u00e1rt\u00e1s\u00e1ra tervezt\u00fcnk.<\/p>\n<p>Ezenk\u00edv\u00fcl specializ\u00e1lt hengerm\u0171hely\u00fcnk k\u00fcl\u00f6nf\u00e9le specifik\u00e1ci\u00f3khoz igaz\u00edtott f\u00e9lautomata tiszt\u00edt\u00f3- \u00e9s \u00f6sszeszerel\u0151 rendszerekkel van felszerelve, \u00e9vi 200 000 darabos termel\u00e9si kapacit\u00e1ssal. Elismert CNC-berendez\u00e9seket, megmunk\u00e1l\u00f3k\u00f6zpontokat \u00e9s speci\u00e1lis szersz\u00e1mokat haszn\u00e1lunk a nagy pontoss\u00e1g\u00fa hengermegmunk\u00e1l\u00e1shoz. L\u00e9tes\u00edtm\u00e9ny\u00fcnkben fejlett robothegeszt\u0151g\u00e9pek, automatikus tiszt\u00edt\u00f3rendszerek, valamint teljesen automatiz\u00e1lt henger\u00f6sszeszerel\u0151 \u00e9s fest\u0151sorok is tal\u00e1lhat\u00f3k. T\u00f6bb mint 300 m\u0171k\u00f6d\u0151 kulcsfontoss\u00e1g\u00fa berendez\u00e9ssel optimaliz\u00e1ljuk az er\u0151forr\u00e1sok eloszt\u00e1s\u00e1t \u00e9s biztos\u00edtjuk a hat\u00e9kony kihaszn\u00e1l\u00e1st, megfelelve a szigor\u00fa pontoss\u00e1gi \u00e9s min\u0151s\u00e9gi el\u0151\u00edr\u00e1soknak.<\/p>\n<p>Megmunk\u00e1l\u00f3 m\u0171hely\u00fcnk egyedi d\u00f6nthet\u0151 vezet\u0151s\u00ednes eszterg\u00e1l\u00f3 k\u00f6zpontokkal, megmunk\u00e1l\u00f3k\u00f6zpontokkal, nagysebess\u00e9g\u0171 h\u00f3nol\u00f3g\u00e9pekkel, hegeszt\u0151robotokkal \u00e9s egy\u00e9b n\u00e9lk\u00fcl\u00f6zhetetlen berendez\u00e9sekkel rendelkezik. Ez a be\u00e1ll\u00edt\u00e1s lehet\u0151v\u00e9 teszi sz\u00e1munkra, hogy legfeljebb 400 mm bels\u0151 \u00e1tm\u00e9r\u0151j\u0171 \u00e9s ak\u00e1r 6 m\u00e9ter hossz\u00fa hengeres cs\u00f6veket is megmunk\u00e1ljunk, tov\u00e1bb n\u00f6velve termel\u00e9si kapacit\u00e1sunkat.<\/p>\n<h2><img loading=\"lazy\" decoding=\"async\" class=\"alignnone size-full wp-image-16973\" src=\"https:\/\/www.hydraulic-cylinders.net\/wp-content\/uploads\/2025\/01\/hydraulic-cylinder-factory-2-scaled.webp\" alt=\"\" width=\"2011\" height=\"2560\" srcset=\"https:\/\/www.hydraulic-cylinders.net\/wp-content\/uploads\/2025\/01\/hydraulic-cylinder-factory-2-scaled.webp 2011w, https:\/\/www.hydraulic-cylinders.net\/wp-content\/uploads\/2025\/01\/hydraulic-cylinder-factory-2-1280x1629.webp 1280w, https:\/\/www.hydraulic-cylinders.net\/wp-content\/uploads\/2025\/01\/hydraulic-cylinder-factory-2-980x1248.webp 980w, https:\/\/www.hydraulic-cylinders.net\/wp-content\/uploads\/2025\/01\/hydraulic-cylinder-factory-2-480x611.webp 480w\" sizes=\"(min-width: 0px) and (max-width: 480px) 480px, (min-width: 481px) and (max-width: 980px) 980px, (min-width: 981px) and (max-width: 1280px) 1280px, (min-width: 1281px) 2011px, 100vw\" \/><\/h2>\n<p>Egy teljesen automatikus, v\u00edzb\u00e1zis\u00fa fest\u00e9kbevon\u00f3 sort \u00fczemeltet\u00fcnk, amelyet kifejezetten kis \u00e9s k\u00f6zepes palackokhoz tervezt\u00fcnk, automatiz\u00e1lt be-, kirakod\u00f3- \u00e9s permetez\u0151robotokkal. Ez a korszer\u0171 rendszer m\u0171szakonk\u00e9nt 4000 egys\u00e9g gy\u00e1rt\u00e1si kapacit\u00e1ssal b\u00fcszk\u00e9lkedhet. Ezenk\u00edv\u00fcl egy f\u00e9lautomata fest\u0151sorral rendelkez\u00fcnk nagym\u00e9ret\u0171 palackokhoz, l\u00e1nchajt\u00e1ssal, m\u0171szakonk\u00e9nt 60 l\u00e1da tervez\u00e9si kapacit\u00e1ssal.<\/p>\n<p>A term\u00e9kteljes\u00edtm\u00e9ny fokoz\u00e1sa \u00e9s a hidraulikus hengerek ipar\u00e1g\u00e1ban bet\u00f6lt\u00f6tt vezet\u0151 szerep\u00fcnk megszil\u00e1rd\u00edt\u00e1sa \u00e9rdek\u00e9ben partners\u00e9gre l\u00e9pt\u00fcnk a ZJIMEE-vel egy \u00e1tfog\u00f3 teljes\u00edtm\u00e9nyvizsg\u00e1l\u00f3 laborat\u00f3rium l\u00e9trehoz\u00e1sa \u00e9rdek\u00e9ben, amely a hidraulikus hengerek, szelepek \u00e9s szivatty\u00fak vizsg\u00e1lat\u00e1ra specializ\u00e1l\u00f3dott. Ez a fejlett laborat\u00f3rium sz\u00e1m\u00edt\u00f3g\u00e9ppel seg\u00edtett tesztel\u00e9st alkalmaz elektrohidraulikus technol\u00f3gi\u00e1val, lehet\u0151v\u00e9 t\u00e9ve az el\u0151re be\u00e1ll\u00edtott vizsg\u00e1lati felt\u00e9teleket, amelyek jav\u00edtj\u00e1k a pontoss\u00e1got \u00e9s a rendszer sokoldal\u00fas\u00e1g\u00e1t. Az automatiz\u00e1lt adatgy\u0171jt\u00e9si folyamat \u00e9rz\u00e9kel\u0151ket haszn\u00e1l a kimeneti adatok, p\u00e9ld\u00e1ul a bels\u0151 sziv\u00e1rg\u00e1s \u00e9s a terhel\u00e9si hat\u00e9konys\u00e1g gy\u0171jt\u00e9s\u00e9re, amelyeket ezut\u00e1n egy sz\u00e1m\u00edt\u00f3g\u00e9p dolgoz fel, \u00e9s szabv\u00e1nyos m\u00e9rt\u00e9kegys\u00e9gekbe (ml\/perc%) konvert\u00e1l.<\/p>\n<p>Tov\u00e1bb\u00e1, hidraulikus rendszereink biztons\u00e1g\u00e1nak garant\u00e1l\u00e1sa \u00e9rdek\u00e9ben \u00e1llapotfel\u00fcgyeletet alkalmazunk a kulcsfontoss\u00e1g\u00fa teljes\u00edtm\u00e9nyparam\u00e9terek, t\u00f6bbek k\u00f6z\u00f6tt az olajh\u0151m\u00e9rs\u00e9klet, a folyad\u00e9kszint \u00e9s a sz\u0171r\u0151berendez\u00e9s \u00e1llapota tekintet\u00e9ben. Hidraulikus henger teszt\u00e1llv\u00e1nyunk k\u00e9pes pontos leolvas\u00e1sokkal felm\u00e9rni a \u201eterhel\u00e9si hat\u00e9konys\u00e1got\u201d \u00e9s a \u201ebels\u0151 sziv\u00e1rg\u00e1st\u201d. Emellett egy r\u00e1csos vonalz\u00f3val ell\u00e1tott m\u00e9r\u0151m\u0171szerrel is fel van szerelve, amely megfelel a nemzeti szabv\u00e1nyoknak, biztos\u00edtva a hidraulikus hengerterm\u00e9kekre vonatkoz\u00f3 \u00f6sszes vizsg\u00e1lati k\u00f6vetelm\u00e9ny betart\u00e1s\u00e1t.<\/p>\n<p>&nbsp;<\/p>","protected":false},"excerpt":{"rendered":"<p>HCYY11112014 Swing Arm Cylinder For Environmental Protection The HCYY11112014 Swing Arm Cylinder is a state-of-the-art solution that boosts operational efficiency while prioritizing environmental sustainability. This innovative product serves various industries, delivering reliable performance with minimal ecological impact. As a significant advancement in eco-friendly technology, the HCYY11112014 Swing Arm Cylinder embodies durability and efficiency, making it [&hellip;]<\/p>","protected":false},"featured_media":17044,"comment_status":"open","ping_status":"closed","template":"","meta":{"_et_pb_use_builder":"","_et_pb_old_content":"","_et_gb_content_width":""},"product_brand":[],"product_cat":[1550,1486,1552,1376],"product_tag":[],"class_list":{"0":"post-17032","1":"product","2":"type-product","3":"status-publish","4":"has-post-thumbnail","6":"product_cat-double-acting-hydraulic-cylinder","7":"product_cat-sanitation-machinery-hydraulic-cylinders","8":"product_cat-stainless-steel-hydraulic-cylinder","9":"product_cat-hydraulic-cylinder","11":"first","12":"instock","13":"shipping-taxable","14":"product-type-simple"},"amp_enabled":true,"_links":{"self":[{"href":"https:\/\/www.hydraulic-cylinders.net\/hu\/wp-json\/wp\/v2\/product\/17032","targetHints":{"allow":["GET"]}}],"collection":[{"href":"https:\/\/www.hydraulic-cylinders.net\/hu\/wp-json\/wp\/v2\/product"}],"about":[{"href":"https:\/\/www.hydraulic-cylinders.net\/hu\/wp-json\/wp\/v2\/types\/product"}],"replies":[{"embeddable":true,"href":"https:\/\/www.hydraulic-cylinders.net\/hu\/wp-json\/wp\/v2\/comments?post=17032"}],"wp:featuredmedia":[{"embeddable":true,"href":"https:\/\/www.hydraulic-cylinders.net\/hu\/wp-json\/wp\/v2\/media\/17044"}],"wp:attachment":[{"href":"https:\/\/www.hydraulic-cylinders.net\/hu\/wp-json\/wp\/v2\/media?parent=17032"}],"wp:term":[{"taxonomy":"product_brand","embeddable":true,"href":"https:\/\/www.hydraulic-cylinders.net\/hu\/wp-json\/wp\/v2\/product_brand?post=17032"},{"taxonomy":"product_cat","embeddable":true,"href":"https:\/\/www.hydraulic-cylinders.net\/hu\/wp-json\/wp\/v2\/product_cat?post=17032"},{"taxonomy":"product_tag","embeddable":true,"href":"https:\/\/www.hydraulic-cylinders.net\/hu\/wp-json\/wp\/v2\/product_tag?post=17032"}],"curies":[{"name":"munkaf\u00fczet","href":"https:\/\/api.w.org\/{rel}","templated":true}]}}