{"id":17084,"date":"2025-02-05T08:51:31","date_gmt":"2025-02-05T08:51:31","guid":{"rendered":"https:\/\/www.hydraulic-cylinders.net\/?post_type=product&#038;p=17084"},"modified":"2025-04-11T05:30:22","modified_gmt":"2025-04-11T05:30:22","slug":"hcyy11112017-towing-and-lifting-cylinder-for-agricultural-machinery","status":"publish","type":"product","link":"https:\/\/www.hydraulic-cylinders.net\/hu\/termek\/hcyy11112017-towing-and-lifting-cylinder-for-agricultural-machinery\/","title":{"rendered":"HCYY11112017 Vontat\u00f3 \u00e9s emel\u0151 henger mez\u0151gazdas\u00e1gi g\u00e9pekhez"},"content":{"rendered":"<h1 style=\"text-align: center;\"><strong>HCYY11112017 Vontat\u00f3 \u00e9s emel\u0151 henger mez\u0151gazdas\u00e1gi g\u00e9pekhez<\/strong><\/h1>\n<h1 style=\"text-align: center;\"><img loading=\"lazy\" decoding=\"async\" class=\"alignnone size-full wp-image-17086\" src=\"https:\/\/www.hydraulic-cylinders.net\/wp-content\/uploads\/2025\/02\/hcyy11112017-towing-and-lifting-cylinder-2.webp\" alt=\"\" width=\"1495\" height=\"517\" srcset=\"https:\/\/www.hydraulic-cylinders.net\/wp-content\/uploads\/2025\/02\/hcyy11112017-towing-and-lifting-cylinder-2.webp 1495w, https:\/\/www.hydraulic-cylinders.net\/wp-content\/uploads\/2025\/02\/hcyy11112017-towing-and-lifting-cylinder-2-1280x443.webp 1280w, https:\/\/www.hydraulic-cylinders.net\/wp-content\/uploads\/2025\/02\/hcyy11112017-towing-and-lifting-cylinder-2-980x339.webp 980w, https:\/\/www.hydraulic-cylinders.net\/wp-content\/uploads\/2025\/02\/hcyy11112017-towing-and-lifting-cylinder-2-480x166.webp 480w\" sizes=\"(min-width: 0px) and (max-width: 480px) 480px, (min-width: 481px) and (max-width: 980px) 980px, (min-width: 981px) and (max-width: 1280px) 1280px, (min-width: 1281px) 1495px, 100vw\" \/><\/h1>\n<p>A <strong>HCYY11112017 Vontat\u00f3 \u00e9s emel\u0151 henger<\/strong> A mez\u0151gazdas\u00e1gi \u00e9s ipari alkalmaz\u00e1sok kulcsfontoss\u00e1g\u00fa eleme, amelyet kiv\u00e9teles teljes\u00edtm\u00e9nyre terveztek neh\u00e9z terhek vontat\u00e1sa \u00e9s emel\u0151berendez\u00e9sek ter\u00e9n. Sokoldal\u00fas\u00e1ga n\u00e9lk\u00fcl\u00f6zhetetlen eszk\u00f6zz\u00e9 teszi a terepen dolgoz\u00f3 szakemberek sz\u00e1m\u00e1ra.<\/p>\n<p>Ez a munkahenger megb\u00edzhat\u00f3 \u00e9s hat\u00e9kony megold\u00e1st k\u00edn\u00e1l k\u00fcl\u00f6nf\u00e9le vontat\u00e1si \u00e9s emel\u00e9si feladatokhoz. Nagy teherb\u00edr\u00e1s\u00e1val, tart\u00f3s konstrukci\u00f3j\u00e1val \u00e9s kompakt kialak\u00edt\u00e1s\u00e1val b\u00e1rmilyen g\u00e9ppark k\u00e9pess\u00e9geit jav\u00edtja. Az aj\u00e1nlott haszn\u00e1lati \u00e9s karbantart\u00e1si ir\u00e1nyelvek betart\u00e1s\u00e1val a felhaszn\u00e1l\u00f3k optimaliz\u00e1lhatj\u00e1k a munkahenger teljes\u00edtm\u00e9ny\u00e9t \u00e9s meghosszabb\u00edthatj\u00e1k \u00e9lettartam\u00e1t, biztos\u00edtva a maxim\u00e1lis hat\u00e9konys\u00e1got a m\u0171k\u00f6d\u00e9s sor\u00e1n.<\/p>\n<p>Fektessen be a HCYY11112017-be egy megb\u00edzhat\u00f3 megold\u00e1s\u00e9rt, amely hat\u00e9konyan kiel\u00e9g\u00edti minden vontat\u00e1si \u00e9s emel\u00e9si ig\u00e9ny\u00e9t.<\/p>\n<h2><strong>HCYY11112017 Vontat\u00f3 \u00e9s emel\u0151 henger param\u00e9tere:<\/strong><\/h2>\n<h1 style=\"text-align: center;\"><img loading=\"lazy\" decoding=\"async\" class=\"alignnone size-full wp-image-17085\" src=\"https:\/\/www.hydraulic-cylinders.net\/wp-content\/uploads\/2025\/02\/hcyy11112017-towing-and-lifting-cylinder-1.webp\" alt=\"\" width=\"1519\" height=\"151\" srcset=\"https:\/\/www.hydraulic-cylinders.net\/wp-content\/uploads\/2025\/02\/hcyy11112017-towing-and-lifting-cylinder-1.webp 1519w, https:\/\/www.hydraulic-cylinders.net\/wp-content\/uploads\/2025\/02\/hcyy11112017-towing-and-lifting-cylinder-1-1280x127.webp 1280w, https:\/\/www.hydraulic-cylinders.net\/wp-content\/uploads\/2025\/02\/hcyy11112017-towing-and-lifting-cylinder-1-980x97.webp 980w, https:\/\/www.hydraulic-cylinders.net\/wp-content\/uploads\/2025\/02\/hcyy11112017-towing-and-lifting-cylinder-1-480x48.webp 480w\" sizes=\"(min-width: 0px) and (max-width: 480px) 480px, (min-width: 481px) and (max-width: 980px) 980px, (min-width: 981px) and (max-width: 1280px) 1280px, (min-width: 1281px) 1519px, 100vw\" \/><img loading=\"lazy\" decoding=\"async\" class=\"alignnone size-full wp-image-17087\" src=\"https:\/\/www.hydraulic-cylinders.net\/wp-content\/uploads\/2025\/02\/hcyy11112017-towing-and-lifting-cylinder-3.webp\" alt=\"\" width=\"1474\" height=\"710\" srcset=\"https:\/\/www.hydraulic-cylinders.net\/wp-content\/uploads\/2025\/02\/hcyy11112017-towing-and-lifting-cylinder-3.webp 1474w, https:\/\/www.hydraulic-cylinders.net\/wp-content\/uploads\/2025\/02\/hcyy11112017-towing-and-lifting-cylinder-3-1280x617.webp 1280w, https:\/\/www.hydraulic-cylinders.net\/wp-content\/uploads\/2025\/02\/hcyy11112017-towing-and-lifting-cylinder-3-980x472.webp 980w, https:\/\/www.hydraulic-cylinders.net\/wp-content\/uploads\/2025\/02\/hcyy11112017-towing-and-lifting-cylinder-3-480x231.webp 480w\" sizes=\"(min-width: 0px) and (max-width: 480px) 480px, (min-width: 481px) and (max-width: 980px) 980px, (min-width: 981px) and (max-width: 1280px) 1280px, (min-width: 1281px) 1474px, 100vw\" \/> <img loading=\"lazy\" decoding=\"async\" class=\"alignnone size-full wp-image-17088\" src=\"https:\/\/www.hydraulic-cylinders.net\/wp-content\/uploads\/2025\/02\/hcyy11112017-towing-and-lifting-cylinder-4.webp\" alt=\"\" width=\"1480\" height=\"705\" srcset=\"https:\/\/www.hydraulic-cylinders.net\/wp-content\/uploads\/2025\/02\/hcyy11112017-towing-and-lifting-cylinder-4.webp 1480w, https:\/\/www.hydraulic-cylinders.net\/wp-content\/uploads\/2025\/02\/hcyy11112017-towing-and-lifting-cylinder-4-1280x610.webp 1280w, https:\/\/www.hydraulic-cylinders.net\/wp-content\/uploads\/2025\/02\/hcyy11112017-towing-and-lifting-cylinder-4-980x467.webp 980w, https:\/\/www.hydraulic-cylinders.net\/wp-content\/uploads\/2025\/02\/hcyy11112017-towing-and-lifting-cylinder-4-480x229.webp 480w\" sizes=\"(min-width: 0px) and (max-width: 480px) 480px, (min-width: 481px) and (max-width: 980px) 980px, (min-width: 981px) and (max-width: 1280px) 1280px, (min-width: 1281px) 1480px, 100vw\" \/> <img loading=\"lazy\" decoding=\"async\" class=\"alignnone size-full wp-image-17089\" src=\"https:\/\/www.hydraulic-cylinders.net\/wp-content\/uploads\/2025\/02\/hcyy11112017-towing-and-lifting-cylinder-5.webp\" alt=\"\" width=\"1394\" height=\"691\" srcset=\"https:\/\/www.hydraulic-cylinders.net\/wp-content\/uploads\/2025\/02\/hcyy11112017-towing-and-lifting-cylinder-5.webp 1394w, https:\/\/www.hydraulic-cylinders.net\/wp-content\/uploads\/2025\/02\/hcyy11112017-towing-and-lifting-cylinder-5-1280x634.webp 1280w, https:\/\/www.hydraulic-cylinders.net\/wp-content\/uploads\/2025\/02\/hcyy11112017-towing-and-lifting-cylinder-5-980x486.webp 980w, https:\/\/www.hydraulic-cylinders.net\/wp-content\/uploads\/2025\/02\/hcyy11112017-towing-and-lifting-cylinder-5-480x238.webp 480w\" sizes=\"(min-width: 0px) and (max-width: 480px) 480px, (min-width: 481px) and (max-width: 980px) 980px, (min-width: 981px) and (max-width: 1280px) 1280px, (min-width: 1281px) 1394px, 100vw\" \/><\/h1>\n<h2><strong>L\u00e1nctalpas daru hengersorozata:<\/strong><\/h2>\n<h2><img loading=\"lazy\" decoding=\"async\" class=\"alignnone size-full wp-image-17082\" src=\"https:\/\/www.hydraulic-cylinders.net\/wp-content\/uploads\/2025\/02\/cylinder-series-for-agricultural-machinery-1-1-scaled.webp\" alt=\"\" width=\"2066\" height=\"2560\" srcset=\"https:\/\/www.hydraulic-cylinders.net\/wp-content\/uploads\/2025\/02\/cylinder-series-for-agricultural-machinery-1-1-scaled.webp 2066w, https:\/\/www.hydraulic-cylinders.net\/wp-content\/uploads\/2025\/02\/cylinder-series-for-agricultural-machinery-1-1-1280x1586.webp 1280w, https:\/\/www.hydraulic-cylinders.net\/wp-content\/uploads\/2025\/02\/cylinder-series-for-agricultural-machinery-1-1-980x1214.webp 980w, https:\/\/www.hydraulic-cylinders.net\/wp-content\/uploads\/2025\/02\/cylinder-series-for-agricultural-machinery-1-1-480x595.webp 480w\" sizes=\"(min-width: 0px) and (max-width: 480px) 480px, (min-width: 481px) and (max-width: 980px) 980px, (min-width: 981px) and (max-width: 1280px) 1280px, (min-width: 1281px) 2066px, 100vw\" \/><\/h2>\n<h2><strong>A HCYY11112017 vontat\u00f3- \u00e9s emel\u0151henger f\u0151bb jellemz\u0151i:<\/strong><\/h2>\n<p>A <strong>HCYY11112017 Vontat\u00f3 \u00e9s emel\u0151 henger<\/strong> Sz\u00e1mos olyan kulcsfontoss\u00e1g\u00fa funkci\u00f3val rendelkezik, amelyek jelent\u0151sen n\u00f6velik funkcionalit\u00e1s\u00e1t \u00e9s vonzerej\u00e9t:<\/p>\n<h4><strong>Nagy teherb\u00edr\u00e1s<\/strong><\/h4>\n<p>Ez a munkahenger \u00fagy lett kialak\u00edtva, hogy jelent\u0151s s\u00falyokat is k\u00f6nnyed\u00e9n kezeljen, \u00edgy ide\u00e1lis nagy ig\u00e9nybev\u00e9tel\u0171 alkalmaz\u00e1sokhoz. Leny\u0171g\u00f6z\u0151 teherb\u00edr\u00e1sa biztons\u00e1gos \u00e9s hat\u00e9kony vontat\u00e1si \u00e9s emel\u00e9si m\u0171veleteket biztos\u00edt, lehet\u0151v\u00e9 t\u00e9ve a felhaszn\u00e1l\u00f3k sz\u00e1m\u00e1ra, hogy haboz\u00e1s n\u00e9lk\u00fcl megbirk\u00f3zzanak a neh\u00e9z feladatokkal. Ak\u00e1r nagy mez\u0151gazdas\u00e1gi berendez\u00e9seket emel, ak\u00e1r neh\u00e9z p\u00f3tkocsikat vontat, ez a munkahenger biztos\u00edtja a munka hat\u00e9kony elv\u00e9gz\u00e9s\u00e9hez sz\u00fcks\u00e9ges er\u0151t.<\/p>\n<h4><strong>Tart\u00f3s konstrukci\u00f3<\/strong><\/h4>\n<p>A nagy szil\u00e1rds\u00e1g\u00fa anyagokb\u00f3l k\u00e9sz\u00fclt HCYY11112017 \u00fagy lett kialak\u00edtva, hogy m\u00e9g a legnagyobb kih\u00edv\u00e1st jelent\u0151 k\u00f6rnyezetben is ellen\u00e1lljon a kop\u00e1snak \u00e9s elhaszn\u00e1l\u00f3d\u00e1snak. Robusztus fel\u00e9p\u00edt\u00e9se v\u00e9delmet ny\u00fajt a mindennapi haszn\u00e1lat viszontags\u00e1gaival szemben, biztos\u00edtva a hossz\u00fa \u00e9lettartamot. Ez a tart\u00f3ss\u00e1g kevesebb cser\u00e9t \u00e9s jav\u00edt\u00e1st jelent, \u00edgy a felhaszn\u00e1l\u00f3k nyugodtak \u00e9s hossz\u00fa t\u00e1von k\u00f6lts\u00e9geket takar\u00edtanak meg.<\/p>\n<h4><strong>Korr\u00f3zi\u00f3\u00e1ll\u00f3s\u00e1g<\/strong><\/h4>\n<p>A henger fejlett fel\u00fcletkezel\u00e9sekkel rendelkezik, amelyek v\u00e9dik a rozsda \u00e9s a korr\u00f3zi\u00f3 ellen. Ez a kritikus tulajdons\u00e1g k\u00fcl\u00f6n\u00f6sen el\u0151ny\u00f6s mez\u0151gazdas\u00e1gi \u00e9s ipari k\u00f6rnyezetben, ahol gyakori a nedvess\u00e9gnek \u00e9s a durva vegyszereknek val\u00f3 kitetts\u00e9g. A henger \u00e9lettartam\u00e1nak meghosszabb\u00edt\u00e1s\u00e1val \u00e9s a megb\u00edzhat\u00f3s\u00e1g fenntart\u00e1s\u00e1val ez a korr\u00f3zi\u00f3\u00e1ll\u00f3s\u00e1g biztos\u00edtja, hogy a HCYY11112017 id\u0151vel is megb\u00edzhat\u00f3 eszk\u00f6z maradjon.<\/p>\n<h4><strong>Kompakt kialak\u00edt\u00e1s<\/strong><\/h4>\n<p>Helytakar\u00e9kos fel\u00e9p\u00edt\u00e9se lehet\u0151v\u00e9 teszi a megl\u00e9v\u0151 g\u00e9pekbe val\u00f3 egyszer\u0171 integr\u00e1l\u00e1st a teljes\u00edtm\u00e9ny fel\u00e1ldoz\u00e1sa n\u00e9lk\u00fcl. Ez a kompakt kialak\u00edt\u00e1s k\u00fcl\u00f6n\u00f6sen el\u0151ny\u00f6s a korl\u00e1tozott hely\u0171 m\u0171veletekn\u00e9l, lehet\u0151v\u00e9 t\u00e9ve a felhaszn\u00e1l\u00f3k sz\u00e1m\u00e1ra, hogy maximaliz\u00e1lj\u00e1k berendez\u00e9seik k\u00e9pess\u00e9geit. A henger kis helyig\u00e9nye nem menti meg a teljes\u00edtm\u00e9nyt, \u00edgy praktikus v\u00e1laszt\u00e1s a k\u00fcl\u00f6nf\u00e9le alkalmaz\u00e1sokhoz.<\/p>\n<h4><strong>Prec\u00edzi\u00f3s m\u00e9rn\u00f6ki munka<\/strong><\/h4>\n<p>A sz\u0171k t\u0171r\u00e9shat\u00e1rokkal gy\u00e1rtott HCYY11112017 garant\u00e1lja a sima m\u0171k\u00f6d\u00e9st \u00e9s a pontos teherpozicion\u00e1l\u00e1st. Ez a prec\u00edzi\u00f3s m\u00e9rn\u00f6ki munka n\u00f6veli az \u00f6sszteljes\u00edtm\u00e9nyt, biztos\u00edtva, hogy a teher emel\u00e9se \u00e9s vontat\u00e1sa kiv\u00e9teles kontrollal t\u00f6rt\u00e9njen. A felhaszn\u00e1l\u00f3k erre a pontoss\u00e1gra t\u00e1maszkodhatnak feladataik optim\u00e1lis eredm\u00e9nyeinek el\u00e9r\u00e9se \u00e9rdek\u00e9ben, el\u0151seg\u00edtve a hat\u00e9konys\u00e1got \u00e9s a biztons\u00e1got a m\u0171k\u00f6d\u00e9s sor\u00e1n.<\/p>\n<p>\u00d6sszefoglalva, a HCYY11112017 vontat\u00f3- \u00e9s emel\u0151henger nagy teherb\u00edr\u00e1st, tart\u00f3s konstrukci\u00f3t, korr\u00f3zi\u00f3\u00e1ll\u00f3s\u00e1got, kompakt kialak\u00edt\u00e1st \u00e9s prec\u00edzi\u00f3s m\u00e9rn\u00f6ki munk\u00e1t \u00f6tv\u00f6z. Ezek a jellemz\u0151k nemcsak a funkcionalit\u00e1st fokozz\u00e1k, hanem megb\u00edzhat\u00f3 eszk\u00f6zz\u00e9 is teszik b\u00e1rmilyen mez\u0151gazdas\u00e1gi vagy ipari alkalmaz\u00e1shoz, biztos\u00edtva, hogy a felhaszn\u00e1l\u00f3k magabiztosan kezelhess\u00e9k a legnehezebb kih\u00edv\u00e1sokat is.<\/p>\n<h2><strong>Hogyan jav\u00edtja a HCYY11112017 vontat\u00f3- \u00e9s emel\u0151henger kompakt kialak\u00edt\u00e1sa a haszn\u00e1lhat\u00f3s\u00e1g\u00e1t sz\u0171k helyeken?<\/strong><\/h2>\n<p>A <strong>kompakt kialak\u00edt\u00e1s<\/strong> a <strong>HCYY11112017 Vontat\u00f3 \u00e9s emel\u0151 henger<\/strong> Jelent\u0151sen jav\u00edtja a sz\u0171k helyeken val\u00f3 haszn\u00e1lhat\u00f3s\u00e1g\u00e1t, sz\u00e1mos kulcsfontoss\u00e1g\u00fa el\u0151nnyel:<\/p>\n<h4><strong>Helyhat\u00e9konys\u00e1g<\/strong><\/h4>\n<ul>\n<li><strong>Minim\u00e1lis l\u00e1bnyom<\/strong>A henger kisebb m\u00e9retei lehet\u0151v\u00e9 teszik, hogy olyan sz\u0171k helyekre is elf\u00e9rjen, ahol a nagyobb modellek nem lenn\u00e9nek praktikusak. Ez a helyhat\u00e9konys\u00e1g maximaliz\u00e1lja a rendelkez\u00e9sre \u00e1ll\u00f3 ter\u00fclet kihaszn\u00e1l\u00e1s\u00e1t a g\u00e9pkonfigur\u00e1ci\u00f3kban, \u00edgy kiv\u00e1l\u00f3 v\u00e1laszt\u00e1s kompakt berendez\u00e9sekhez.<\/li>\n<\/ul>\n<h4><strong>Jav\u00edtott man\u0151verezhet\u0151s\u00e9g<\/strong><\/h4>\n<ul>\n<li><strong>Agilit\u00e1s a m\u0171k\u00f6d\u00e9sben<\/strong>K\u00f6nny\u0171 \u00e9s kompakt fel\u00e9p\u00edt\u00e9se megk\u00f6nny\u00edti a mozg\u00e1st \u00e9s a be\u00e1ll\u00edt\u00e1sokat sz\u0171k helyeken. A kezel\u0151k k\u00f6nnyebben kiker\u00fclhetik az akad\u00e1lyokat, ami rugalmasabb m\u0171k\u00f6d\u00e9st tesz lehet\u0151v\u00e9 zs\u00fafolt vagy korl\u00e1tozott helyeken.<\/li>\n<\/ul>\n<h4><strong>Sokoldal\u00fa integr\u00e1ci\u00f3<\/strong><\/h4>\n<ul>\n<li><strong>Z\u00f6kken\u0151mentes kompatibilit\u00e1s<\/strong>A HCYY11112017 \u00fagy lett kialak\u00edtva, hogy k\u00f6nnyed\u00e9n integr\u00e1lhat\u00f3 legyen k\u00fcl\u00f6nf\u00e9le berendez\u00e9sekbe. Ez a sokoldal\u00fas\u00e1g lehet\u0151v\u00e9 teszi a felhaszn\u00e1l\u00f3k sz\u00e1m\u00e1ra, hogy a hengert megl\u00e9v\u0151 g\u00e9pbe\u00e1ll\u00edt\u00e1sokba \u00e9p\u00edts\u00e9k be jelent\u0151s m\u00f3dos\u00edt\u00e1sok n\u00e9lk\u00fcl, \u00edgy id\u0151t \u00e9s energi\u00e1t takar\u00edtanak meg a telep\u00edt\u00e9s sor\u00e1n.<\/li>\n<\/ul>\n<h4><strong>Fokozott stabilit\u00e1s<\/strong><\/h4>\n<ul>\n<li><strong>Als\u00f3 s\u00falypont<\/strong>A kompakt kialak\u00edt\u00e1s alacsonyabb s\u00falypontot eredm\u00e9nyez, ami n\u00f6veli a stabilit\u00e1st m\u0171k\u00f6d\u00e9s k\u00f6zben. Ez k\u00fcl\u00f6n\u00f6sen el\u0151ny\u00f6s sz\u0171k vagy egyenetlen terepen, cs\u00f6kkentve a borul\u00e1s kock\u00e1zat\u00e1t \u00e9s biztos\u00edtva a biztons\u00e1gosabb emel\u00e9si \u00e9s vontat\u00e1si folyamatokat.<\/li>\n<\/ul>\n<h4><strong>Egyszer\u0171s\u00edtett m\u0171k\u00f6d\u00e9s<\/strong><\/h4>\n<ul>\n<li><strong>K\u00f6nny\u0171 hozz\u00e1f\u00e9r\u00e9s<\/strong>A kezel\u0151k k\u00f6nnyen el\u00e9rhetik \u00e9s kezelhetik a hengert m\u00e9g sz\u0171k munkak\u00f6r\u00fclm\u00e9nyek k\u00f6z\u00f6tt is. Ez a hozz\u00e1f\u00e9rhet\u0151s\u00e9g el\u0151seg\u00edti a biztons\u00e1got \u00e9s a hat\u00e9konys\u00e1got, lehet\u0151v\u00e9 t\u00e9ve a felhaszn\u00e1l\u00f3k sz\u00e1m\u00e1ra, hogy felesleges megterhel\u00e9s vagy neh\u00e9zs\u00e9g n\u00e9lk\u00fcl v\u00e9gezz\u00e9k el a feladataikat.<\/li>\n<\/ul>\n<h4><strong>Megn\u00f6vekedett termel\u00e9kenys\u00e9g<\/strong><\/h4>\n<ul>\n<li><strong>Gyorsabb \u00e1tfut\u00e1si id\u0151<\/strong>A man\u0151verezhet\u0151s\u00e9g, a stabilit\u00e1s \u00e9s a k\u00f6nny\u0171 hozz\u00e1f\u00e9r\u00e9s kombin\u00e1ci\u00f3ja lehet\u0151v\u00e9 teszi a feladatok gyorsabb be\u00e1ll\u00edt\u00e1s\u00e1t \u00e9s v\u00e9grehajt\u00e1s\u00e1t. Ez a megn\u00f6vekedett termel\u00e9kenys\u00e9g elengedhetetlen a forgalmas k\u00f6rnyezetben, ahol az id\u0151 a l\u00e9nyeg.<\/li>\n<\/ul>\n<h4><strong>Alkalmazkod\u00f3k\u00e9pess\u00e9g k\u00fcl\u00f6nf\u00e9le alkalmaz\u00e1sokhoz<\/strong><\/h4>\n<ul>\n<li><strong>T\u00f6bbfunkci\u00f3s haszn\u00e1lat<\/strong>Kompakt kialak\u00edt\u00e1s\u00e1nak k\u00f6sz\u00f6nhet\u0151en sz\u00e9les k\u00f6rben alkalmazhat\u00f3, a mez\u0151gazdas\u00e1gi k\u00f6rnyezett\u0151l az ipari k\u00f6rnyezetig. Ez az alkalmazkod\u00f3k\u00e9pess\u00e9g azt jelenti, hogy a HCYY11112017 k\u00fcl\u00f6nb\u00f6z\u0151 projektekben haszn\u00e1lhat\u00f3 a teljes\u00edtm\u00e9ny fel\u00e1ldoz\u00e1sa n\u00e9lk\u00fcl.<\/li>\n<\/ul>\n<p>\u00d6sszefoglalva, a HCYY11112017 vontat\u00f3- \u00e9s emel\u0151henger kompakt kialak\u00edt\u00e1sa nemcsak a sz\u0171k helyeken val\u00f3 haszn\u00e1lhat\u00f3s\u00e1got jav\u00edtja, hanem hozz\u00e1j\u00e1rul az \u00e1ltal\u00e1nos m\u0171k\u00f6d\u00e9si hat\u00e9konys\u00e1ghoz is. A helykihaszn\u00e1l\u00e1s hat\u00e9konys\u00e1g\u00e1nak, a jobb man\u0151verezhet\u0151s\u00e9gnek, a sokoldal\u00fa integr\u00e1ci\u00f3nak, a fokozott stabilit\u00e1snak \u00e9s a k\u00f6nny\u0171 hozz\u00e1f\u00e9r\u00e9snek k\u00f6sz\u00f6nhet\u0151en ez a henger felbecs\u00fclhetetlen \u00e9rt\u00e9k\u0171 eszk\u00f6z a sz\u0171k k\u00f6rnyezetben dolgoz\u00f3 szakemberek sz\u00e1m\u00e1ra.<\/p>\n<h2><strong>Targoncahenger gy\u00e1rt\u00e1si ter\u00fclet:<\/strong><\/h2>\n<h2><img loading=\"lazy\" decoding=\"async\" class=\"alignnone size-full wp-image-16972\" src=\"https:\/\/www.hydraulic-cylinders.net\/wp-content\/uploads\/2025\/01\/hydraulic-cylinder-factory-1-scaled.webp\" alt=\"\" width=\"2016\" height=\"2560\" srcset=\"https:\/\/www.hydraulic-cylinders.net\/wp-content\/uploads\/2025\/01\/hydraulic-cylinder-factory-1-scaled.webp 2016w, https:\/\/www.hydraulic-cylinders.net\/wp-content\/uploads\/2025\/01\/hydraulic-cylinder-factory-1-1280x1625.webp 1280w, https:\/\/www.hydraulic-cylinders.net\/wp-content\/uploads\/2025\/01\/hydraulic-cylinder-factory-1-980x1244.webp 980w, https:\/\/www.hydraulic-cylinders.net\/wp-content\/uploads\/2025\/01\/hydraulic-cylinder-factory-1-480x610.webp 480w\" sizes=\"(min-width: 0px) and (max-width: 480px) 480px, (min-width: 481px) and (max-width: 980px) 980px, (min-width: 981px) and (max-width: 1280px) 1280px, (min-width: 1281px) 2016px, 100vw\" \/><\/h2>\n<p>Korszer\u0171, f\u00fcggetlen, \u00f6sszeszerel\u00e9sre szakosodott K+F platformmal b\u00fcszk\u00e9lkedhet\u00fcnk, amely biztos\u00edtja a gy\u00e1rt\u00e1si folyamatainkban a legmagasabb szint\u0171 innov\u00e1ci\u00f3t \u00e9s min\u0151s\u00e9get. Targoncahenger-gy\u00e1rt\u00f3 m\u0171hely\u00fcnkben n\u00e9gy f\u00e9lautomata emel\u0151henger-\u00f6sszeszerel\u0151 sor \u00e9s egy teljesen automatikus billen\u0151henger-\u00f6sszeszerel\u0151 sor tal\u00e1lhat\u00f3, amelyeket egy\u00fcttesen \u00e9vi ak\u00e1r egymilli\u00f3 egys\u00e9g gy\u00e1rt\u00e1s\u00e1ra tervezt\u00fcnk.<\/p>\n<p>Ezenk\u00edv\u00fcl specializ\u00e1lt hengerm\u0171hely\u00fcnk k\u00fcl\u00f6nf\u00e9le specifik\u00e1ci\u00f3khoz igaz\u00edtott f\u00e9lautomata tiszt\u00edt\u00f3- \u00e9s \u00f6sszeszerel\u0151 rendszerekkel van felszerelve, \u00e9vi 200 000 darabos termel\u00e9si kapacit\u00e1ssal. Elismert CNC-berendez\u00e9seket, megmunk\u00e1l\u00f3k\u00f6zpontokat \u00e9s speci\u00e1lis szersz\u00e1mokat haszn\u00e1lunk a nagy pontoss\u00e1g\u00fa hengermegmunk\u00e1l\u00e1shoz. L\u00e9tes\u00edtm\u00e9ny\u00fcnkben fejlett robothegeszt\u0151g\u00e9pek, automatikus tiszt\u00edt\u00f3rendszerek, valamint teljesen automatiz\u00e1lt henger\u00f6sszeszerel\u0151 \u00e9s fest\u0151sorok is tal\u00e1lhat\u00f3k. T\u00f6bb mint 300 m\u0171k\u00f6d\u0151 kulcsfontoss\u00e1g\u00fa berendez\u00e9ssel optimaliz\u00e1ljuk az er\u0151forr\u00e1sok eloszt\u00e1s\u00e1t \u00e9s biztos\u00edtjuk a hat\u00e9kony kihaszn\u00e1l\u00e1st, megfelelve a szigor\u00fa pontoss\u00e1gi \u00e9s min\u0151s\u00e9gi el\u0151\u00edr\u00e1soknak.<\/p>\n<p>Megmunk\u00e1l\u00f3 m\u0171hely\u00fcnk egyedi d\u00f6nthet\u0151 vezet\u0151s\u00ednes eszterg\u00e1l\u00f3 k\u00f6zpontokkal, megmunk\u00e1l\u00f3k\u00f6zpontokkal, nagysebess\u00e9g\u0171 h\u00f3nol\u00f3g\u00e9pekkel, hegeszt\u0151robotokkal \u00e9s egy\u00e9b n\u00e9lk\u00fcl\u00f6zhetetlen berendez\u00e9sekkel rendelkezik. Ez a be\u00e1ll\u00edt\u00e1s lehet\u0151v\u00e9 teszi sz\u00e1munkra, hogy legfeljebb 400 mm bels\u0151 \u00e1tm\u00e9r\u0151j\u0171 \u00e9s ak\u00e1r 6 m\u00e9ter hossz\u00fa hengeres cs\u00f6veket is megmunk\u00e1ljunk, tov\u00e1bb n\u00f6velve termel\u00e9si kapacit\u00e1sunkat.<\/p>\n<h2><img loading=\"lazy\" decoding=\"async\" class=\"alignnone size-full wp-image-16973\" src=\"https:\/\/www.hydraulic-cylinders.net\/wp-content\/uploads\/2025\/01\/hydraulic-cylinder-factory-2-scaled.webp\" alt=\"\" width=\"2011\" height=\"2560\" srcset=\"https:\/\/www.hydraulic-cylinders.net\/wp-content\/uploads\/2025\/01\/hydraulic-cylinder-factory-2-scaled.webp 2011w, https:\/\/www.hydraulic-cylinders.net\/wp-content\/uploads\/2025\/01\/hydraulic-cylinder-factory-2-1280x1629.webp 1280w, https:\/\/www.hydraulic-cylinders.net\/wp-content\/uploads\/2025\/01\/hydraulic-cylinder-factory-2-980x1248.webp 980w, https:\/\/www.hydraulic-cylinders.net\/wp-content\/uploads\/2025\/01\/hydraulic-cylinder-factory-2-480x611.webp 480w\" sizes=\"(min-width: 0px) and (max-width: 480px) 480px, (min-width: 481px) and (max-width: 980px) 980px, (min-width: 981px) and (max-width: 1280px) 1280px, (min-width: 1281px) 2011px, 100vw\" \/><\/h2>\n<p>Egy teljesen automatikus, v\u00edzb\u00e1zis\u00fa fest\u00e9kbevon\u00f3 sort \u00fczemeltet\u00fcnk, amelyet kifejezetten kis \u00e9s k\u00f6zepes palackokhoz tervezt\u00fcnk, automatiz\u00e1lt be-, kirakod\u00f3- \u00e9s permetez\u0151robotokkal. Ez a korszer\u0171 rendszer m\u0171szakonk\u00e9nt 4000 egys\u00e9g gy\u00e1rt\u00e1si kapacit\u00e1ssal b\u00fcszk\u00e9lkedhet. Ezenk\u00edv\u00fcl egy f\u00e9lautomata fest\u0151sorral rendelkez\u00fcnk nagym\u00e9ret\u0171 palackokhoz, l\u00e1nchajt\u00e1ssal, m\u0171szakonk\u00e9nt 60 l\u00e1da tervez\u00e9si kapacit\u00e1ssal.<\/p>\n<p>A term\u00e9kteljes\u00edtm\u00e9ny fokoz\u00e1sa \u00e9s a hidraulikus hengerek ipar\u00e1g\u00e1ban bet\u00f6lt\u00f6tt vezet\u0151 szerep\u00fcnk megszil\u00e1rd\u00edt\u00e1sa \u00e9rdek\u00e9ben partners\u00e9gre l\u00e9pt\u00fcnk a ZJIMEE-vel egy \u00e1tfog\u00f3 teljes\u00edtm\u00e9nyvizsg\u00e1l\u00f3 laborat\u00f3rium l\u00e9trehoz\u00e1sa \u00e9rdek\u00e9ben, amely a hidraulikus hengerek, szelepek \u00e9s szivatty\u00fak vizsg\u00e1lat\u00e1ra specializ\u00e1l\u00f3dott. Ez a fejlett laborat\u00f3rium sz\u00e1m\u00edt\u00f3g\u00e9ppel seg\u00edtett tesztel\u00e9st alkalmaz elektrohidraulikus technol\u00f3gi\u00e1val, lehet\u0151v\u00e9 t\u00e9ve az el\u0151re be\u00e1ll\u00edtott vizsg\u00e1lati felt\u00e9teleket, amelyek jav\u00edtj\u00e1k a pontoss\u00e1got \u00e9s a rendszer sokoldal\u00fas\u00e1g\u00e1t. Az automatiz\u00e1lt adatgy\u0171jt\u00e9si folyamat \u00e9rz\u00e9kel\u0151ket haszn\u00e1l a kimeneti adatok, p\u00e9ld\u00e1ul a bels\u0151 sziv\u00e1rg\u00e1s \u00e9s a terhel\u00e9si hat\u00e9konys\u00e1g gy\u0171jt\u00e9s\u00e9re, amelyeket ezut\u00e1n egy sz\u00e1m\u00edt\u00f3g\u00e9p dolgoz fel, \u00e9s szabv\u00e1nyos m\u00e9rt\u00e9kegys\u00e9gekbe (ml\/perc%) konvert\u00e1l.<\/p>\n<p>Tov\u00e1bb\u00e1, hidraulikus rendszereink biztons\u00e1g\u00e1nak garant\u00e1l\u00e1sa \u00e9rdek\u00e9ben \u00e1llapotfel\u00fcgyeletet alkalmazunk a kulcsfontoss\u00e1g\u00fa teljes\u00edtm\u00e9nyparam\u00e9terek, t\u00f6bbek k\u00f6z\u00f6tt az olajh\u0151m\u00e9rs\u00e9klet, a folyad\u00e9kszint \u00e9s a sz\u0171r\u0151berendez\u00e9s \u00e1llapota tekintet\u00e9ben. Hidraulikus henger teszt\u00e1llv\u00e1nyunk k\u00e9pes pontos leolvas\u00e1sokkal felm\u00e9rni a \u201eterhel\u00e9si hat\u00e9konys\u00e1got\u201d \u00e9s a \u201ebels\u0151 sziv\u00e1rg\u00e1st\u201d. Emellett egy r\u00e1csos vonalz\u00f3val ell\u00e1tott m\u00e9r\u0151m\u0171szerrel is fel van szerelve, amely megfelel a nemzeti szabv\u00e1nyoknak, biztos\u00edtva a hidraulikus hengerterm\u00e9kekre vonatkoz\u00f3 \u00f6sszes vizsg\u00e1lati k\u00f6vetelm\u00e9ny betart\u00e1s\u00e1t.<\/p>\n<p>&nbsp;<\/p>","protected":false},"excerpt":{"rendered":"<p>HCYY11112017 Towing And Lifting Cylinder For Agricultural Machinery The HCYY11112017 Towing and Lifting Cylinder is a crucial component for agricultural and industrial applications, designed for exceptional performance in towing heavy loads and lifting equipment. Its versatility makes it an indispensable tool for professionals in the field. This cylinder excels as a reliable and efficient solution [&hellip;]<\/p>","protected":false},"featured_media":17090,"comment_status":"open","ping_status":"closed","template":"","meta":{"_et_pb_use_builder":"","_et_pb_old_content":"","_et_gb_content_width":""},"product_brand":[],"product_cat":[1550,1529],"product_tag":[],"class_list":{"0":"post-17084","1":"product","2":"type-product","3":"status-publish","4":"has-post-thumbnail","6":"product_cat-double-acting-hydraulic-cylinder","7":"product_cat-tractor-hydraulic-cylinders","9":"first","10":"instock","11":"shipping-taxable","12":"product-type-simple"},"amp_enabled":true,"_links":{"self":[{"href":"https:\/\/www.hydraulic-cylinders.net\/hu\/wp-json\/wp\/v2\/product\/17084","targetHints":{"allow":["GET"]}}],"collection":[{"href":"https:\/\/www.hydraulic-cylinders.net\/hu\/wp-json\/wp\/v2\/product"}],"about":[{"href":"https:\/\/www.hydraulic-cylinders.net\/hu\/wp-json\/wp\/v2\/types\/product"}],"replies":[{"embeddable":true,"href":"https:\/\/www.hydraulic-cylinders.net\/hu\/wp-json\/wp\/v2\/comments?post=17084"}],"wp:featuredmedia":[{"embeddable":true,"href":"https:\/\/www.hydraulic-cylinders.net\/hu\/wp-json\/wp\/v2\/media\/17090"}],"wp:attachment":[{"href":"https:\/\/www.hydraulic-cylinders.net\/hu\/wp-json\/wp\/v2\/media?parent=17084"}],"wp:term":[{"taxonomy":"product_brand","embeddable":true,"href":"https:\/\/www.hydraulic-cylinders.net\/hu\/wp-json\/wp\/v2\/product_brand?post=17084"},{"taxonomy":"product_cat","embeddable":true,"href":"https:\/\/www.hydraulic-cylinders.net\/hu\/wp-json\/wp\/v2\/product_cat?post=17084"},{"taxonomy":"product_tag","embeddable":true,"href":"https:\/\/www.hydraulic-cylinders.net\/hu\/wp-json\/wp\/v2\/product_tag?post=17084"}],"curies":[{"name":"munkaf\u00fczet","href":"https:\/\/api.w.org\/{rel}","templated":true}]}}