{"id":17140,"date":"2025-02-07T02:31:10","date_gmt":"2025-02-07T02:31:10","guid":{"rendered":"https:\/\/www.hydraulic-cylinders.net\/?post_type=product&#038;p=17140"},"modified":"2025-04-11T01:52:02","modified_gmt":"2025-04-11T01:52:02","slug":"hcyy11112027-behind-cylinder-for-frame-support-for-truck-cranes","status":"publish","type":"product","link":"https:\/\/www.hydraulic-cylinders.net\/hu\/termek\/hcyy11112027-behind-cylinder-for-frame-support-for-truck-cranes\/","title":{"rendered":"HCYY11112027 Henger m\u00f6g\u00f6tti v\u00e1ztart\u00f3 teheraut\u00f3-darukhoz"},"content":{"rendered":"<h1 style=\"text-align: center;\"><strong>HCYY11112027 Henger m\u00f6g\u00f6tti v\u00e1ztart\u00f3 teheraut\u00f3-darukhoz<\/strong><\/h1>\n<h1 style=\"text-align: center;\"><img loading=\"lazy\" decoding=\"async\" class=\"alignnone size-full wp-image-17142\" src=\"https:\/\/www.hydraulic-cylinders.net\/wp-content\/uploads\/2025\/02\/hcyy11112027-behind-cylinder-for-frame-support-2.webp\" alt=\"\" width=\"1496\" height=\"517\" srcset=\"https:\/\/www.hydraulic-cylinders.net\/wp-content\/uploads\/2025\/02\/hcyy11112027-behind-cylinder-for-frame-support-2.webp 1496w, https:\/\/www.hydraulic-cylinders.net\/wp-content\/uploads\/2025\/02\/hcyy11112027-behind-cylinder-for-frame-support-2-1280x442.webp 1280w, https:\/\/www.hydraulic-cylinders.net\/wp-content\/uploads\/2025\/02\/hcyy11112027-behind-cylinder-for-frame-support-2-980x339.webp 980w, https:\/\/www.hydraulic-cylinders.net\/wp-content\/uploads\/2025\/02\/hcyy11112027-behind-cylinder-for-frame-support-2-480x166.webp 480w\" sizes=\"(min-width: 0px) and (max-width: 480px) 480px, (min-width: 481px) and (max-width: 980px) 980px, (min-width: 981px) and (max-width: 1280px) 1280px, (min-width: 1281px) 1496px, 100vw\" \/><\/h1>\n<p>A <strong>Daruk v\u00e1zszerkezet\u00e9nek h\u00e1ts\u00f3 hengere<\/strong> egy kritikus fontoss\u00e1g\u00fa alkatr\u00e9sz, amely jelent\u0151sen jav\u00edtja az aut\u00f3daruk stabilit\u00e1s\u00e1t \u00e9s m\u0171k\u00f6d\u00e9si hat\u00e9konys\u00e1g\u00e1t. Ez a robusztus henger l\u00e9tfontoss\u00e1g\u00fa a daru v\u00e1z\u00e1nak megt\u00e1maszt\u00e1s\u00e1hoz, lehet\u0151v\u00e9 t\u00e9ve a neh\u00e9z terhek biztons\u00e1gos \u00e9s hat\u00e9kony kezel\u00e9s\u00e9t.<\/p>\n<p>Nagy teherb\u00edr\u00e1s\u00e1nak, tart\u00f3s konstrukci\u00f3j\u00e1nak \u00e9s egyszer\u0171 telep\u00edt\u00e9s\u00e9nek k\u00f6sz\u00f6nhet\u0151en a H\u00e1ts\u00f3 henger n\u00f6veli a daru stabilit\u00e1s\u00e1t \u00e9s biztons\u00e1g\u00e1t emel\u00e9si m\u0171veletek k\u00f6zben. A megfelel\u0151 haszn\u00e1lati \u00e9s karbantart\u00e1si protokollok betart\u00e1sa biztos\u00edtja a megb\u00edzhat\u00f3 teljes\u00edtm\u00e9nyt \u00e9s meghosszabb\u00edtja ennek a n\u00e9lk\u00fcl\u00f6zhetetlen berendez\u00e9snek az \u00e9lettartam\u00e1t.<\/p>\n<p>Ebbe a munkahengerbe val\u00f3 befektet\u00e9s nemcsak a m\u0171k\u00f6d\u00e9si hat\u00e9konys\u00e1got n\u00f6veli, hanem a munkahelyi biztons\u00e1got is fokozza, \u00edgy n\u00e9lk\u00fcl\u00f6zhetetlen v\u00e1laszt\u00e1ss\u00e1 v\u00e1lik b\u00e1rmilyen darum\u0171velethez.<\/p>\n<h2><strong>HCYY11112027 Henger m\u00f6g\u00f6tti kerettart\u00f3 teheraut\u00f3-darukhoz Param\u00e9ter:<\/strong><\/h2>\n<h1 style=\"text-align: center;\"><img loading=\"lazy\" decoding=\"async\" class=\"alignnone size-full wp-image-17141\" src=\"https:\/\/www.hydraulic-cylinders.net\/wp-content\/uploads\/2025\/02\/hcyy11112027-behind-cylinder-for-frame-support-1.webp\" alt=\"\" width=\"1514\" height=\"145\" srcset=\"https:\/\/www.hydraulic-cylinders.net\/wp-content\/uploads\/2025\/02\/hcyy11112027-behind-cylinder-for-frame-support-1.webp 1514w, https:\/\/www.hydraulic-cylinders.net\/wp-content\/uploads\/2025\/02\/hcyy11112027-behind-cylinder-for-frame-support-1-1280x123.webp 1280w, https:\/\/www.hydraulic-cylinders.net\/wp-content\/uploads\/2025\/02\/hcyy11112027-behind-cylinder-for-frame-support-1-980x94.webp 980w, https:\/\/www.hydraulic-cylinders.net\/wp-content\/uploads\/2025\/02\/hcyy11112027-behind-cylinder-for-frame-support-1-480x46.webp 480w\" sizes=\"(min-width: 0px) and (max-width: 480px) 480px, (min-width: 481px) and (max-width: 980px) 980px, (min-width: 981px) and (max-width: 1280px) 1280px, (min-width: 1281px) 1514px, 100vw\" \/><\/h1>\n<h1 style=\"text-align: center;\"><img loading=\"lazy\" decoding=\"async\" class=\"alignnone size-full wp-image-17143\" src=\"https:\/\/www.hydraulic-cylinders.net\/wp-content\/uploads\/2025\/02\/hcyy11112027-behind-cylinder-for-frame-support-3.webp\" alt=\"\" width=\"1476\" height=\"710\" srcset=\"https:\/\/www.hydraulic-cylinders.net\/wp-content\/uploads\/2025\/02\/hcyy11112027-behind-cylinder-for-frame-support-3.webp 1476w, https:\/\/www.hydraulic-cylinders.net\/wp-content\/uploads\/2025\/02\/hcyy11112027-behind-cylinder-for-frame-support-3-1280x616.webp 1280w, https:\/\/www.hydraulic-cylinders.net\/wp-content\/uploads\/2025\/02\/hcyy11112027-behind-cylinder-for-frame-support-3-980x471.webp 980w, https:\/\/www.hydraulic-cylinders.net\/wp-content\/uploads\/2025\/02\/hcyy11112027-behind-cylinder-for-frame-support-3-480x231.webp 480w\" sizes=\"(min-width: 0px) and (max-width: 480px) 480px, (min-width: 481px) and (max-width: 980px) 980px, (min-width: 981px) and (max-width: 1280px) 1280px, (min-width: 1281px) 1476px, 100vw\" \/> <img loading=\"lazy\" decoding=\"async\" class=\"alignnone size-full wp-image-17144\" src=\"https:\/\/www.hydraulic-cylinders.net\/wp-content\/uploads\/2025\/02\/hcyy11112027-behind-cylinder-for-frame-support-4.webp\" alt=\"\" width=\"1472\" height=\"706\" srcset=\"https:\/\/www.hydraulic-cylinders.net\/wp-content\/uploads\/2025\/02\/hcyy11112027-behind-cylinder-for-frame-support-4.webp 1472w, https:\/\/www.hydraulic-cylinders.net\/wp-content\/uploads\/2025\/02\/hcyy11112027-behind-cylinder-for-frame-support-4-1280x614.webp 1280w, https:\/\/www.hydraulic-cylinders.net\/wp-content\/uploads\/2025\/02\/hcyy11112027-behind-cylinder-for-frame-support-4-980x470.webp 980w, https:\/\/www.hydraulic-cylinders.net\/wp-content\/uploads\/2025\/02\/hcyy11112027-behind-cylinder-for-frame-support-4-480x230.webp 480w\" sizes=\"(min-width: 0px) and (max-width: 480px) 480px, (min-width: 481px) and (max-width: 980px) 980px, (min-width: 981px) and (max-width: 1280px) 1280px, (min-width: 1281px) 1472px, 100vw\" \/> <img loading=\"lazy\" decoding=\"async\" class=\"alignnone size-full wp-image-17145\" src=\"https:\/\/www.hydraulic-cylinders.net\/wp-content\/uploads\/2025\/02\/hcyy11112027-behind-cylinder-for-frame-support-5.webp\" alt=\"\" width=\"1371\" height=\"712\" srcset=\"https:\/\/www.hydraulic-cylinders.net\/wp-content\/uploads\/2025\/02\/hcyy11112027-behind-cylinder-for-frame-support-5.webp 1371w, https:\/\/www.hydraulic-cylinders.net\/wp-content\/uploads\/2025\/02\/hcyy11112027-behind-cylinder-for-frame-support-5-1280x665.webp 1280w, https:\/\/www.hydraulic-cylinders.net\/wp-content\/uploads\/2025\/02\/hcyy11112027-behind-cylinder-for-frame-support-5-980x509.webp 980w, https:\/\/www.hydraulic-cylinders.net\/wp-content\/uploads\/2025\/02\/hcyy11112027-behind-cylinder-for-frame-support-5-480x249.webp 480w\" sizes=\"(min-width: 0px) and (max-width: 480px) 480px, (min-width: 481px) and (max-width: 980px) 980px, (min-width: 981px) and (max-width: 1280px) 1280px, (min-width: 1281px) 1371px, 100vw\" \/><\/h1>\n<h2><strong>Hengersorozat teheraut\u00f3 darukhoz:<\/strong><\/h2>\n<h2><img loading=\"lazy\" decoding=\"async\" class=\"alignnone size-full wp-image-17123\" src=\"https:\/\/www.hydraulic-cylinders.net\/wp-content\/uploads\/2025\/02\/cylinder-series-for-truck-cranes-2.webp\" alt=\"\" width=\"1240\" height=\"825\" srcset=\"https:\/\/www.hydraulic-cylinders.net\/wp-content\/uploads\/2025\/02\/cylinder-series-for-truck-cranes-2.webp 1240w, https:\/\/www.hydraulic-cylinders.net\/wp-content\/uploads\/2025\/02\/cylinder-series-for-truck-cranes-2-980x652.webp 980w, https:\/\/www.hydraulic-cylinders.net\/wp-content\/uploads\/2025\/02\/cylinder-series-for-truck-cranes-2-480x319.webp 480w\" sizes=\"(min-width: 0px) and (max-width: 480px) 480px, (min-width: 481px) and (max-width: 980px) 980px, (min-width: 981px) 1240px, 100vw\" \/><\/h2>\n<h2><strong>A HCYY11112027 daruk v\u00e1zszerkezet\u00e9nek henger m\u00f6g\u00f6tti tart\u00f3j\u00e1nak f\u0151bb jellemz\u0151i:<\/strong><\/h2>\n<h4><strong>Nagy teherb\u00edr\u00e1s<\/strong><\/h4>\n<p>A jelent\u0151s s\u00falyok elb\u00edr\u00e1s\u00e1ra tervezett Behind Cylinder emel\u0151 kiv\u00e1l\u00f3an alkalmas ig\u00e9nyes emel\u00e9si helyzetekre. Robusztus kialak\u00edt\u00e1s\u00e1nak k\u00f6sz\u00f6nhet\u0151en a biztons\u00e1g fel\u00e1ldoz\u00e1sa n\u00e9lk\u00fcl is k\u00e9pes nagy terheket elb\u00edrni. Ez a k\u00e9pess\u00e9g k\u00fcl\u00f6n\u00f6sen fontos az \u00e9p\u00edt\u0151iparban \u00e9s az ipari k\u00f6rnyezetben, ahol a nagym\u00e9ret\u0171 anyagok hat\u00e9kony emel\u00e9s\u00e9nek \u00e9s mozgat\u00e1s\u00e1nak k\u00e9pess\u00e9ge k\u00f6zvetlen\u00fcl befoly\u00e1solhatja a termel\u00e9kenys\u00e9get \u00e9s a projektek \u00fctemterv\u00e9t.<\/p>\n<h4><strong>Tart\u00f3s konstrukci\u00f3<\/strong><\/h4>\n<p>Kiv\u00e1l\u00f3 min\u0151s\u00e9g\u0171 anyagokb\u00f3l k\u00e9sz\u00fclt, ez a henger ellen\u00e1ll a kop\u00e1snak \u00e9s elhaszn\u00e1l\u00f3d\u00e1snak, \u00edgy hossz\u00fa \u00e9lettartamot biztos\u00edt m\u00e9g zord k\u00f6r\u00fclm\u00e9nyek k\u00f6z\u00f6tt is. Tart\u00f3ss\u00e1g\u00e1nak k\u00f6sz\u00f6nhet\u0151en kevesebb cser\u00e9re \u00e9s jav\u00edt\u00e1sra van sz\u00fcks\u00e9g, ami id\u0151vel alacsonyabb \u00fczemeltet\u00e9si k\u00f6lts\u00e9geket eredm\u00e9nyez. A kezel\u0151k megb\u00edzhatnak a henger k\u00f6vetkezetes teljes\u00edtm\u00e9ny\u00e9ben, m\u00e9g kih\u00edv\u00e1st jelent\u0151 k\u00f6rnyezetben is, ahol m\u00e1s alkatr\u00e9szek meghib\u00e1sodhatnak.<\/p>\n<h4><strong>Korr\u00f3zi\u00f3\u00e1ll\u00f3s\u00e1g<\/strong><\/h4>\n<p>A henger m\u00f6g\u00f6tti speci\u00e1lis bevonattal rendelkezik, amely v\u00e9delmet ny\u00fajt a rozsda \u00e9s a korr\u00f3zi\u00f3 ellen, \u00edgy ide\u00e1lis a zord k\u00f6rnyezetben val\u00f3 haszn\u00e1latra. Ez a korr\u00f3zi\u00f3\u00e1ll\u00f3s\u00e1g l\u00e9tfontoss\u00e1g\u00fa az olyan teheraut\u00f3-daruk eset\u00e9ben, amelyeket gyakran a szabadban vagy nedvess\u00e9gnek \u00e9s vegyszereknek kitett ter\u00fcleteken \u00fczemeltetnek. A rozsda megel\u0151z\u00e9s\u00e9vel a bevonat n\u00f6veli a henger \u00e9lettartam\u00e1t \u00e9s meg\u0151rzi teljes\u00edtm\u00e9ny\u00e9t, biztos\u00edtva, hogy az \u00e9vekig megb\u00edzhat\u00f3 eszk\u00f6z maradjon.<\/p>\n<h4><strong>Prec\u00edzi\u00f3s m\u00e9rn\u00f6ki munka<\/strong><\/h4>\n<p>A pontos specifik\u00e1ci\u00f3k szerint gy\u00e1rtott Behind Cylinder garant\u00e1lja a kompatibilit\u00e1st a k\u00fcl\u00f6nf\u00e9le darumodellekkel. Ez a prec\u00edzi\u00f3s m\u00e9rn\u00f6ki munka biztos\u00edtja, hogy a henger z\u00f6kken\u0151mentesen illeszkedjen a megl\u00e9v\u0151 darurendszerekbe, kik\u00fcsz\u00f6b\u00f6lve a jelent\u0151s m\u00f3dos\u00edt\u00e1sok sz\u00fcks\u00e9gess\u00e9g\u00e9t. A kezel\u0151k \u00e9lvezhetik az egyszer\u0171 integr\u00e1ci\u00f3s folyamat el\u0151nyeit, amely lehet\u0151v\u00e9 teszi az azonnali haszn\u00e1latot k\u00e9sedelmek vagy komplik\u00e1ci\u00f3k n\u00e9lk\u00fcl.<\/p>\n<h4><strong>K\u00f6nny\u0171 telep\u00edt\u00e9s<\/strong><\/h4>\n<p>A gyors \u00e9s egyszer\u0171 integr\u00e1ci\u00f3ra tervezett Behind Cylinder minimaliz\u00e1lja az \u00e1ll\u00e1sid\u0151t a be\u00e1ll\u00edt\u00e1s sor\u00e1n. Felhaszn\u00e1l\u00f3bar\u00e1t kialak\u00edt\u00e1s\u00e1nak k\u00f6sz\u00f6nhet\u0151en a kezel\u0151k minim\u00e1lis er\u0151fesz\u00edt\u00e9ssel telep\u00edthetik, biztos\u00edtva, hogy a daruk a lehet\u0151 leghamarabb \u00fczembe helyezhet\u0151k legyenek. Ez az egyszer\u0171 telep\u00edt\u00e9s k\u00fcl\u00f6n\u00f6sen el\u0151ny\u00f6s a gyors temp\u00f3j\u00fa k\u00f6rnyezetben, ahol az id\u0151 l\u00e9tfontoss\u00e1g\u00fa, lehet\u0151v\u00e9 t\u00e9ve a csapatok sz\u00e1m\u00e1ra, hogy sz\u00fcks\u00e9gtelen megszak\u00edt\u00e1sok n\u00e9lk\u00fcl az emel\u00e9si feladataikra koncentr\u00e1lhassanak.<\/p>\n<p>A daruk v\u00e1zszerkezet\u00e9nek h\u00e1ts\u00f3 tart\u00f3hengere leny\u0171g\u00f6z\u0151 tulajdons\u00e1gaival t\u0171nik ki, amelyek fokozz\u00e1k a stabilit\u00e1st \u00e9s a teljes\u00edtm\u00e9nyt. Minden egyes jellemz\u0151 \u2013 a nagy teherb\u00edr\u00e1st\u00f3l a korr\u00f3zi\u00f3\u00e1ll\u00f3s\u00e1gig \u2013 hozz\u00e1j\u00e1rul ahhoz, hogy ez a henger n\u00e9lk\u00fcl\u00f6zhetetlen alkatr\u00e9sz legyen minden darum\u0171veletben. Ezen el\u0151ny\u00f6k meg\u00e9rt\u00e9s\u00e9vel a kezel\u0151k \u00e9rt\u00e9kelni tudj\u00e1k, hogy ez a berendez\u00e9s milyen \u00e9rt\u00e9ket k\u00e9pvisel az emel\u00e9si m\u0171veletekben \u00e9s az \u00e1ltal\u00e1nos biztons\u00e1gban.<\/p>\n<h2><strong>Hogyan jav\u00edtja a h\u00e1ts\u00f3 henger a stabilit\u00e1st neh\u00e9z emel\u00e9si m\u0171veletek sor\u00e1n teheraut\u00f3-darukban?<\/strong><\/h2>\n<p>A <strong>Henger m\u00f6g\u00f6tt<\/strong> Jelent\u0151sen jav\u00edtja a stabilit\u00e1st neh\u00e9z emel\u00e9si m\u0171veletek sor\u00e1n aut\u00f3darukban sz\u00e1mos kritikus mechanizmus r\u00e9v\u00e9n:<\/p>\n<h4><strong>1. S\u00falyeloszl\u00e1s<\/strong><\/h4>\n<p>A h\u00e1ts\u00f3 henger l\u00e9tfontoss\u00e1g\u00fa szerepet j\u00e1tszik a daru v\u00e1z\u00e1n bel\u00fcli egyenletes s\u00falyeloszl\u00e1s biztos\u00edt\u00e1s\u00e1ban. A teher egyenletes eloszt\u00e1s\u00e1val megakad\u00e1lyozza a t\u00falzott terhel\u00e9st egyetlen ponton sem, ez\u00e1ltal cs\u00f6kkentve a felborul\u00e1s vagy a szerkezeti meghib\u00e1sod\u00e1s kock\u00e1zat\u00e1t. Ez a kiegyens\u00falyozott megk\u00f6zel\u00edt\u00e9s elengedhetetlen, k\u00fcl\u00f6n\u00f6sen nagy vagy szokatlan alak\u00fa terhek emel\u00e9sekor, mivel seg\u00edt fenntartani a daru s\u00falypontj\u00e1t.<\/p>\n<h4><strong>2. Szerkezeti t\u00e1mogat\u00e1s<\/strong><\/h4>\n<p>Ez a henger robusztus szerkezeti t\u00e1maszt ny\u00fajt a daru v\u00e1z\u00e1nak, minimaliz\u00e1lva a hajl\u00e1st \u00e9s elhajl\u00e1st m\u0171k\u00f6d\u00e9s k\u00f6zben. A kulcsfontoss\u00e1g\u00fa ter\u00fcletek meger\u0151s\u00edt\u00e9s\u00e9vel n\u00f6veli a daru \u00e1ltal\u00e1nos merevs\u00e9g\u00e9t, ami kulcsfontoss\u00e1g\u00fa a stabilit\u00e1s fenntart\u00e1s\u00e1hoz neh\u00e9z s\u00falyok emel\u00e9sekor. Ez a plusz szil\u00e1rds\u00e1g lehet\u0151v\u00e9 teszi a daru sz\u00e1m\u00e1ra, hogy magabiztosabban m\u0171k\u00f6dj\u00f6n kih\u00edv\u00e1st jelent\u0151 k\u00f6r\u00fclm\u00e9nyek k\u00f6z\u00f6tt, biztos\u00edtva, hogy dinamikus mozg\u00e1sok k\u00f6zben is stabil maradjon.<\/p>\n<h4><strong>3. Leng\u00e9scsillap\u00edt\u00e1s<\/strong><\/h4>\n<p>A daru m\u00f6g\u00f6tti henger kialak\u00edt\u00e1sa olyan jellemz\u0151ket tartalmaz, amelyek elnyelik az emel\u00e9si m\u0171veletek sor\u00e1n fell\u00e9p\u0151 l\u00f6k\u00e9seket \u00e9s rezg\u00e9seket. Ezen er\u0151k csillap\u00edt\u00e1s\u00e1val a henger sim\u00e1bb, kontroll\u00e1ltabb mozg\u00e1sokat tesz lehet\u0151v\u00e9. Ez az \u00fct\u00e9scsillap\u00edt\u00e1s k\u00fcl\u00f6n\u00f6sen fontos neh\u00e9z terhek mozgat\u00e1sakor, mivel cs\u00f6kkenti a hirtelen r\u00e1zk\u00f3d\u00e1s val\u00f3sz\u00edn\u0171s\u00e9g\u00e9t, amelyek vesz\u00e9lyeztethetik a daru stabilit\u00e1s\u00e1t \u00e9s biztons\u00e1g\u00e1t.<\/p>\n<h4><strong>4. Fokozott vez\u00e9rl\u00e9s<\/strong><\/h4>\n<p>Megb\u00edzhat\u00f3 t\u00e1masz\u00e1nak k\u00f6sz\u00f6nhet\u0151en a H\u00e1ts\u00f3 Henger lehet\u0151v\u00e9 teszi a kezel\u0151k sz\u00e1m\u00e1ra, hogy magabiztosan hajtsanak v\u00e9gre prec\u00edz man\u0151vereket. A fokozott stabilit\u00e1s azt jelenti, hogy a daruk m\u00e9g neh\u00e9z terhek \u00e1thelyez\u00e9sekor vagy sz\u0171k helyeken val\u00f3 navig\u00e1l\u00e1skor is meg tudj\u00e1k tartani az egyens\u00falyukat. Ez a pontoss\u00e1g kulcsfontoss\u00e1g\u00fa az \u00f6sszetett emel\u00e9si feladatokn\u00e1l, ahol pontos mozg\u00e1sokra van sz\u00fcks\u00e9g az akad\u00e1lyok elker\u00fcl\u00e9se \u00e9s az anyagok biztons\u00e1gos elhelyez\u00e9se \u00e9rdek\u00e9ben.<\/p>\n<h4><strong>5. Biztons\u00e1gi garancia<\/strong><\/h4>\n<p>A stabilit\u00e1s jelent\u0151s n\u00f6vel\u00e9s\u00e9vel a h\u00e1ts\u00f3 henger kritikus szerepet j\u00e1tszik az emel\u00e9si m\u0171veletek biztons\u00e1g\u00e1nak jav\u00edt\u00e1s\u00e1ban. A stabil daru cs\u00f6kkenti a balesetek, p\u00e9ld\u00e1ul a felborul\u00e1s vagy a teher lees\u00e9s\u00e9nek kock\u00e1zat\u00e1t, amelyek vesz\u00e9lyeztethetik a kezel\u0151ket \u00e9s a k\u00f6zelben tart\u00f3zkod\u00f3kat egyar\u00e1nt. A stabilit\u00e1s biztos\u00edt\u00e1sa biztons\u00e1gosabb munkak\u00f6rnyezetet teremt, lehet\u0151v\u00e9 t\u00e9ve a csapatok sz\u00e1m\u00e1ra, hogy a feladataikra \u00f6sszpontos\u00edtsanak an\u00e9lk\u00fcl, hogy folyamatosan agg\u00f3dniuk kellene a lehets\u00e9ges vesz\u00e9lyek miatt.<\/p>\n<p>\u00d6sszefoglalva, a h\u00e1ts\u00f3 henger egy alapvet\u0151 elem, amely jelent\u0151sen jav\u00edtja az aut\u00f3daruk stabilit\u00e1s\u00e1t neh\u00e9z emel\u00e9si m\u0171veletek sor\u00e1n. A hat\u00e9kony s\u00falyeloszt\u00e1s, a szerkezeti al\u00e1t\u00e1maszt\u00e1s, az \u00fct\u00e9scsillap\u00edt\u00e1s, a fokozott kontroll \u00e9s a biztons\u00e1g garant\u00e1l\u00e1sa r\u00e9v\u00e9n biztos\u00edtja, hogy a darukezel\u0151k hat\u00e9konyan \u00e9s biztons\u00e1gosan v\u00e9gezhess\u00e9k feladataikat. Az ebbe a l\u00e9tfontoss\u00e1g\u00fa elembe val\u00f3 befektet\u00e9s nemcsak a m\u0171k\u00f6d\u00e9si teljes\u00edtm\u00e9nyt n\u00f6veli, hanem hozz\u00e1j\u00e1rul a biztons\u00e1gosabb munkahelyhez is, \u00edgy n\u00e9lk\u00fcl\u00f6zhetetlen eszk\u00f6zz\u00e9 v\u00e1lik minden emel\u00e9si m\u0171veletben.<\/p>\n<h2><strong>Targoncahenger gy\u00e1rt\u00e1si ter\u00fclet:<\/strong><\/h2>\n<h2><img loading=\"lazy\" decoding=\"async\" class=\"alignnone size-full wp-image-16972\" src=\"https:\/\/www.hydraulic-cylinders.net\/wp-content\/uploads\/2025\/01\/hydraulic-cylinder-factory-1-scaled.webp\" alt=\"\" width=\"2016\" height=\"2560\" srcset=\"https:\/\/www.hydraulic-cylinders.net\/wp-content\/uploads\/2025\/01\/hydraulic-cylinder-factory-1-scaled.webp 2016w, https:\/\/www.hydraulic-cylinders.net\/wp-content\/uploads\/2025\/01\/hydraulic-cylinder-factory-1-1280x1625.webp 1280w, https:\/\/www.hydraulic-cylinders.net\/wp-content\/uploads\/2025\/01\/hydraulic-cylinder-factory-1-980x1244.webp 980w, https:\/\/www.hydraulic-cylinders.net\/wp-content\/uploads\/2025\/01\/hydraulic-cylinder-factory-1-480x610.webp 480w\" sizes=\"(min-width: 0px) and (max-width: 480px) 480px, (min-width: 481px) and (max-width: 980px) 980px, (min-width: 981px) and (max-width: 1280px) 1280px, (min-width: 1281px) 2016px, 100vw\" \/><\/h2>\n<p>Korszer\u0171, f\u00fcggetlen, \u00f6sszeszerel\u00e9sre szakosodott K+F platformmal b\u00fcszk\u00e9lkedhet\u00fcnk, amely biztos\u00edtja a gy\u00e1rt\u00e1si folyamatainkban a legmagasabb szint\u0171 innov\u00e1ci\u00f3t \u00e9s min\u0151s\u00e9get. Targoncahenger-gy\u00e1rt\u00f3 m\u0171hely\u00fcnkben n\u00e9gy f\u00e9lautomata emel\u0151henger-\u00f6sszeszerel\u0151 sor \u00e9s egy teljesen automatikus billen\u0151henger-\u00f6sszeszerel\u0151 sor tal\u00e1lhat\u00f3, amelyeket egy\u00fcttesen \u00e9vi ak\u00e1r egymilli\u00f3 egys\u00e9g gy\u00e1rt\u00e1s\u00e1ra tervezt\u00fcnk.<\/p>\n<p>Ezenk\u00edv\u00fcl specializ\u00e1lt hengerm\u0171hely\u00fcnk k\u00fcl\u00f6nf\u00e9le specifik\u00e1ci\u00f3khoz igaz\u00edtott f\u00e9lautomata tiszt\u00edt\u00f3- \u00e9s \u00f6sszeszerel\u0151 rendszerekkel van felszerelve, \u00e9vi 200 000 darabos termel\u00e9si kapacit\u00e1ssal. Elismert CNC-berendez\u00e9seket, megmunk\u00e1l\u00f3k\u00f6zpontokat \u00e9s speci\u00e1lis szersz\u00e1mokat haszn\u00e1lunk a nagy pontoss\u00e1g\u00fa hengermegmunk\u00e1l\u00e1shoz. L\u00e9tes\u00edtm\u00e9ny\u00fcnkben fejlett robothegeszt\u0151g\u00e9pek, automatikus tiszt\u00edt\u00f3rendszerek, valamint teljesen automatiz\u00e1lt henger\u00f6sszeszerel\u0151 \u00e9s fest\u0151sorok is tal\u00e1lhat\u00f3k. T\u00f6bb mint 300 m\u0171k\u00f6d\u0151 kulcsfontoss\u00e1g\u00fa berendez\u00e9ssel optimaliz\u00e1ljuk az er\u0151forr\u00e1sok eloszt\u00e1s\u00e1t \u00e9s biztos\u00edtjuk a hat\u00e9kony kihaszn\u00e1l\u00e1st, megfelelve a szigor\u00fa pontoss\u00e1gi \u00e9s min\u0151s\u00e9gi el\u0151\u00edr\u00e1soknak.<\/p>\n<p>Megmunk\u00e1l\u00f3 m\u0171hely\u00fcnk egyedi d\u00f6nthet\u0151 vezet\u0151s\u00ednes eszterg\u00e1l\u00f3 k\u00f6zpontokkal, megmunk\u00e1l\u00f3k\u00f6zpontokkal, nagysebess\u00e9g\u0171 h\u00f3nol\u00f3g\u00e9pekkel, hegeszt\u0151robotokkal \u00e9s egy\u00e9b n\u00e9lk\u00fcl\u00f6zhetetlen berendez\u00e9sekkel rendelkezik. Ez a be\u00e1ll\u00edt\u00e1s lehet\u0151v\u00e9 teszi sz\u00e1munkra, hogy legfeljebb 400 mm bels\u0151 \u00e1tm\u00e9r\u0151j\u0171 \u00e9s ak\u00e1r 6 m\u00e9ter hossz\u00fa hengeres cs\u00f6veket is megmunk\u00e1ljunk, tov\u00e1bb n\u00f6velve termel\u00e9si kapacit\u00e1sunkat.<\/p>\n<h2><img loading=\"lazy\" decoding=\"async\" class=\"alignnone size-full wp-image-16973\" src=\"https:\/\/www.hydraulic-cylinders.net\/wp-content\/uploads\/2025\/01\/hydraulic-cylinder-factory-2-scaled.webp\" alt=\"\" width=\"2011\" height=\"2560\" srcset=\"https:\/\/www.hydraulic-cylinders.net\/wp-content\/uploads\/2025\/01\/hydraulic-cylinder-factory-2-scaled.webp 2011w, https:\/\/www.hydraulic-cylinders.net\/wp-content\/uploads\/2025\/01\/hydraulic-cylinder-factory-2-1280x1629.webp 1280w, https:\/\/www.hydraulic-cylinders.net\/wp-content\/uploads\/2025\/01\/hydraulic-cylinder-factory-2-980x1248.webp 980w, https:\/\/www.hydraulic-cylinders.net\/wp-content\/uploads\/2025\/01\/hydraulic-cylinder-factory-2-480x611.webp 480w\" sizes=\"(min-width: 0px) and (max-width: 480px) 480px, (min-width: 481px) and (max-width: 980px) 980px, (min-width: 981px) and (max-width: 1280px) 1280px, (min-width: 1281px) 2011px, 100vw\" \/><\/h2>\n<p>Egy teljesen automatikus, v\u00edzb\u00e1zis\u00fa fest\u00e9kbevon\u00f3 sort \u00fczemeltet\u00fcnk, amelyet kifejezetten kis \u00e9s k\u00f6zepes palackokhoz tervezt\u00fcnk, automatiz\u00e1lt be-, kirakod\u00f3- \u00e9s permetez\u0151robotokkal. Ez a korszer\u0171 rendszer m\u0171szakonk\u00e9nt 4000 egys\u00e9g gy\u00e1rt\u00e1si kapacit\u00e1ssal b\u00fcszk\u00e9lkedhet. Ezenk\u00edv\u00fcl egy f\u00e9lautomata fest\u0151sorral rendelkez\u00fcnk nagym\u00e9ret\u0171 palackokhoz, l\u00e1nchajt\u00e1ssal, m\u0171szakonk\u00e9nt 60 l\u00e1da tervez\u00e9si kapacit\u00e1ssal.<\/p>\n<p>A term\u00e9kteljes\u00edtm\u00e9ny fokoz\u00e1sa \u00e9s a hidraulikus hengerek ipar\u00e1g\u00e1ban bet\u00f6lt\u00f6tt vezet\u0151 szerep\u00fcnk megszil\u00e1rd\u00edt\u00e1sa \u00e9rdek\u00e9ben partners\u00e9gre l\u00e9pt\u00fcnk a ZJIMEE-vel egy \u00e1tfog\u00f3 teljes\u00edtm\u00e9nyvizsg\u00e1l\u00f3 laborat\u00f3rium l\u00e9trehoz\u00e1sa \u00e9rdek\u00e9ben, amely a hidraulikus hengerek, szelepek \u00e9s szivatty\u00fak vizsg\u00e1lat\u00e1ra specializ\u00e1l\u00f3dott. Ez a fejlett laborat\u00f3rium sz\u00e1m\u00edt\u00f3g\u00e9ppel seg\u00edtett tesztel\u00e9st alkalmaz elektrohidraulikus technol\u00f3gi\u00e1val, lehet\u0151v\u00e9 t\u00e9ve az el\u0151re be\u00e1ll\u00edtott vizsg\u00e1lati felt\u00e9teleket, amelyek jav\u00edtj\u00e1k a pontoss\u00e1got \u00e9s a rendszer sokoldal\u00fas\u00e1g\u00e1t. Az automatiz\u00e1lt adatgy\u0171jt\u00e9si folyamat \u00e9rz\u00e9kel\u0151ket haszn\u00e1l a kimeneti adatok, p\u00e9ld\u00e1ul a bels\u0151 sziv\u00e1rg\u00e1s \u00e9s a terhel\u00e9si hat\u00e9konys\u00e1g gy\u0171jt\u00e9s\u00e9re, amelyeket ezut\u00e1n egy sz\u00e1m\u00edt\u00f3g\u00e9p dolgoz fel, \u00e9s szabv\u00e1nyos m\u00e9rt\u00e9kegys\u00e9gekbe (ml\/perc%) konvert\u00e1l.<\/p>\n<p>Tov\u00e1bb\u00e1, hidraulikus rendszereink biztons\u00e1g\u00e1nak garant\u00e1l\u00e1sa \u00e9rdek\u00e9ben \u00e1llapotfel\u00fcgyeletet alkalmazunk a kulcsfontoss\u00e1g\u00fa teljes\u00edtm\u00e9nyparam\u00e9terek, t\u00f6bbek k\u00f6z\u00f6tt az olajh\u0151m\u00e9rs\u00e9klet, a folyad\u00e9kszint \u00e9s a sz\u0171r\u0151berendez\u00e9s \u00e1llapota tekintet\u00e9ben. Hidraulikus henger teszt\u00e1llv\u00e1nyunk k\u00e9pes pontos leolvas\u00e1sokkal felm\u00e9rni a \u201eterhel\u00e9si hat\u00e9konys\u00e1got\u201d \u00e9s a \u201ebels\u0151 sziv\u00e1rg\u00e1st\u201d. Emellett egy r\u00e1csos vonalz\u00f3val ell\u00e1tott m\u00e9r\u0151m\u0171szerrel is fel van szerelve, amely megfelel a nemzeti szabv\u00e1nyoknak, biztos\u00edtva a hidraulikus hengerterm\u00e9kekre vonatkoz\u00f3 \u00f6sszes vizsg\u00e1lati k\u00f6vetelm\u00e9ny betart\u00e1s\u00e1t.<\/p>\n<p>&nbsp;<\/p>","protected":false},"excerpt":{"rendered":"<p>HCYY11112027 Behind Cylinder For Frame Support For Truck Cranes The Behind Cylinder for Frame Support for Truck Cranes is a critical component that significantly improves the stability and operational efficiency of truck cranes. This robust cylinder is vital for supporting the crane\u2019s frame, allowing for the safe and effective management of heavy loads. With its [&hellip;]<\/p>","protected":false},"featured_media":17146,"comment_status":"open","ping_status":"closed","template":"","meta":{"_et_pb_use_builder":"","_et_pb_old_content":"","_et_gb_content_width":""},"product_brand":[],"product_cat":[1514,1549,1376],"product_tag":[],"class_list":{"0":"post-17140","1":"product","2":"type-product","3":"status-publish","4":"has-post-thumbnail","6":"product_cat-mobile-crane-hydraulic-cylinders","7":"product_cat-single-acting-hydraulic-cylinder","8":"product_cat-hydraulic-cylinder","10":"first","11":"instock","12":"shipping-taxable","13":"product-type-simple"},"amp_enabled":true,"_links":{"self":[{"href":"https:\/\/www.hydraulic-cylinders.net\/hu\/wp-json\/wp\/v2\/product\/17140","targetHints":{"allow":["GET"]}}],"collection":[{"href":"https:\/\/www.hydraulic-cylinders.net\/hu\/wp-json\/wp\/v2\/product"}],"about":[{"href":"https:\/\/www.hydraulic-cylinders.net\/hu\/wp-json\/wp\/v2\/types\/product"}],"replies":[{"embeddable":true,"href":"https:\/\/www.hydraulic-cylinders.net\/hu\/wp-json\/wp\/v2\/comments?post=17140"}],"wp:featuredmedia":[{"embeddable":true,"href":"https:\/\/www.hydraulic-cylinders.net\/hu\/wp-json\/wp\/v2\/media\/17146"}],"wp:attachment":[{"href":"https:\/\/www.hydraulic-cylinders.net\/hu\/wp-json\/wp\/v2\/media?parent=17140"}],"wp:term":[{"taxonomy":"product_brand","embeddable":true,"href":"https:\/\/www.hydraulic-cylinders.net\/hu\/wp-json\/wp\/v2\/product_brand?post=17140"},{"taxonomy":"product_cat","embeddable":true,"href":"https:\/\/www.hydraulic-cylinders.net\/hu\/wp-json\/wp\/v2\/product_cat?post=17140"},{"taxonomy":"product_tag","embeddable":true,"href":"https:\/\/www.hydraulic-cylinders.net\/hu\/wp-json\/wp\/v2\/product_tag?post=17140"}],"curies":[{"name":"munkaf\u00fczet","href":"https:\/\/api.w.org\/{rel}","templated":true}]}}