{"id":17208,"date":"2025-02-23T08:12:19","date_gmt":"2025-02-23T08:12:19","guid":{"rendered":"https:\/\/www.hydraulic-cylinders.net\/?post_type=product&#038;p=17208"},"modified":"2025-04-30T08:43:42","modified_gmt":"2025-04-30T08:43:42","slug":"leveling-oil-cylinder-for-arm-type-aerial-work-vehicles","status":"publish","type":"product","link":"https:\/\/www.hydraulic-cylinders.net\/hu\/termek\/leveling-oil-cylinder-for-arm-type-aerial-work-vehicles\/","title":{"rendered":"Szintez\u0151 olajhenger karos munkag\u00e9pekhez"},"content":{"rendered":"<h1 style=\"text-align: center;\"><strong>Szintez\u0151 olajhenger karos munkag\u00e9pekhez<\/strong><\/h1>\n<h1 style=\"text-align: center;\"><img loading=\"lazy\" decoding=\"async\" class=\"alignnone size-full wp-image-17224\" src=\"https:\/\/www.hydraulic-cylinders.net\/wp-content\/uploads\/2025\/02\/hcyy11112008-upper-leveling-cylinder-for-aerial-work-vehicles-2.webp\" alt=\"\" width=\"1500\" height=\"520\" srcset=\"https:\/\/www.hydraulic-cylinders.net\/wp-content\/uploads\/2025\/02\/hcyy11112008-upper-leveling-cylinder-for-aerial-work-vehicles-2.webp 1500w, https:\/\/www.hydraulic-cylinders.net\/wp-content\/uploads\/2025\/02\/hcyy11112008-upper-leveling-cylinder-for-aerial-work-vehicles-2-1280x444.webp 1280w, https:\/\/www.hydraulic-cylinders.net\/wp-content\/uploads\/2025\/02\/hcyy11112008-upper-leveling-cylinder-for-aerial-work-vehicles-2-980x340.webp 980w, https:\/\/www.hydraulic-cylinders.net\/wp-content\/uploads\/2025\/02\/hcyy11112008-upper-leveling-cylinder-for-aerial-work-vehicles-2-480x166.webp 480w\" sizes=\"(min-width: 0px) and (max-width: 480px) 480px, (min-width: 481px) and (max-width: 980px) 980px, (min-width: 981px) and (max-width: 1280px) 1280px, (min-width: 1281px) 1500px, 100vw\" \/><\/h1>\n<p>A karos l\u00e9gi munkag\u00e9pekhez val\u00f3 szintez\u0151 olajhenger l\u00e9tfontoss\u00e1g\u00fa alkatr\u00e9sze a l\u00e9gi munkag\u00e9peknek, mivel alapvet\u0151 stabilit\u00e1st \u00e9s pontoss\u00e1got biztos\u00edt a magasban v\u00e9gzett m\u0171veletek sor\u00e1n. A m\u0171k\u00f6d\u00e9si hat\u00e9konys\u00e1g n\u00f6vel\u00e9se \u00e9rdek\u00e9ben tervezett henger hat\u00e9kony szintez\u00e9st \u00e9s man\u0151verez\u00e9st tesz lehet\u0151v\u00e9, \u00edgy n\u00e9lk\u00fcl\u00f6zhetetlen az \u00e9p\u00edt\u00e9si, karbantart\u00e1si \u00e9s k\u00fcl\u00f6nf\u00e9le l\u00e9gi feladatokhoz.<\/p>\n<p>Robusztus kialak\u00edt\u00e1s\u00e1nak \u00e9s prec\u00edzi\u00f3s m\u00e9rn\u00f6ki munk\u00e1j\u00e1nak k\u00f6sz\u00f6nhet\u0151en a szintez\u0151 olajhenger n\u00e9lk\u00fcl\u00f6zhetetlen eszk\u00f6z minden l\u00e9gi munkag\u00e9p sz\u00e1m\u00e1ra. Felhaszn\u00e1l\u00f3bar\u00e1t tulajdons\u00e1gai biztos\u00edtj\u00e1k a megb\u00edzhat\u00f3s\u00e1got, \u00edgy a szakemberek k\u00f6r\u00e9ben kedvelt v\u00e1laszt\u00e1s. A henger munkafolyamatba val\u00f3 integr\u00e1l\u00e1s\u00e1val jelent\u0151sen n\u00f6velheti a biztons\u00e1got \u00e9s a m\u0171k\u00f6d\u00e9si hat\u00e9konys\u00e1got, lehet\u0151v\u00e9 t\u00e9ve csapata sz\u00e1m\u00e1ra, hogy a f\u0151 feladataira koncentr\u00e1lhasson.<\/p>\n<p>Fektessen be a karos emel\u0151g\u00e9pekhez val\u00f3 szintez\u0151 olajhengerbe, \u00e9s n\u00f6velje emel\u0151g\u00e9p-k\u00e9pess\u00e9geit, biztos\u00edtva, hogy m\u0171veletei \u00faj sikereket \u00e9rjenek el.<\/p>\n<h2><strong>Szintez\u0151 olajhenger karos t\u00edpus\u00fa l\u00e9gi j\u00e1rm\u0171vekhez Param\u00e9ter:<\/strong><\/h2>\n<h1 style=\"text-align: center;\"><img loading=\"lazy\" decoding=\"async\" class=\"alignnone size-full wp-image-17223\" src=\"https:\/\/www.hydraulic-cylinders.net\/wp-content\/uploads\/2025\/02\/hcyy11112008-upper-leveling-cylinder-for-aerial-work-vehicles-1.webp\" alt=\"\" width=\"1506\" height=\"138\" srcset=\"https:\/\/www.hydraulic-cylinders.net\/wp-content\/uploads\/2025\/02\/hcyy11112008-upper-leveling-cylinder-for-aerial-work-vehicles-1.webp 1506w, https:\/\/www.hydraulic-cylinders.net\/wp-content\/uploads\/2025\/02\/hcyy11112008-upper-leveling-cylinder-for-aerial-work-vehicles-1-1280x117.webp 1280w, https:\/\/www.hydraulic-cylinders.net\/wp-content\/uploads\/2025\/02\/hcyy11112008-upper-leveling-cylinder-for-aerial-work-vehicles-1-980x90.webp 980w, https:\/\/www.hydraulic-cylinders.net\/wp-content\/uploads\/2025\/02\/hcyy11112008-upper-leveling-cylinder-for-aerial-work-vehicles-1-480x44.webp 480w\" sizes=\"(min-width: 0px) and (max-width: 480px) 480px, (min-width: 481px) and (max-width: 980px) 980px, (min-width: 981px) and (max-width: 1280px) 1280px, (min-width: 1281px) 1506px, 100vw\" \/> \u00a0<img loading=\"lazy\" decoding=\"async\" class=\"alignnone size-full wp-image-17225\" src=\"https:\/\/www.hydraulic-cylinders.net\/wp-content\/uploads\/2025\/02\/hcyy11112008-upper-leveling-cylinder-for-aerial-work-vehicles-3.webp\" alt=\"\" width=\"1481\" height=\"709\" srcset=\"https:\/\/www.hydraulic-cylinders.net\/wp-content\/uploads\/2025\/02\/hcyy11112008-upper-leveling-cylinder-for-aerial-work-vehicles-3.webp 1481w, https:\/\/www.hydraulic-cylinders.net\/wp-content\/uploads\/2025\/02\/hcyy11112008-upper-leveling-cylinder-for-aerial-work-vehicles-3-1280x613.webp 1280w, https:\/\/www.hydraulic-cylinders.net\/wp-content\/uploads\/2025\/02\/hcyy11112008-upper-leveling-cylinder-for-aerial-work-vehicles-3-980x469.webp 980w, https:\/\/www.hydraulic-cylinders.net\/wp-content\/uploads\/2025\/02\/hcyy11112008-upper-leveling-cylinder-for-aerial-work-vehicles-3-480x230.webp 480w\" sizes=\"(min-width: 0px) and (max-width: 480px) 480px, (min-width: 481px) and (max-width: 980px) 980px, (min-width: 981px) and (max-width: 1280px) 1280px, (min-width: 1281px) 1481px, 100vw\" \/> <img loading=\"lazy\" decoding=\"async\" class=\"alignnone size-full wp-image-17226\" src=\"https:\/\/www.hydraulic-cylinders.net\/wp-content\/uploads\/2025\/02\/hcyy11112008-upper-leveling-cylinder-for-aerial-work-vehicles-4.webp\" alt=\"\" width=\"1479\" height=\"712\" srcset=\"https:\/\/www.hydraulic-cylinders.net\/wp-content\/uploads\/2025\/02\/hcyy11112008-upper-leveling-cylinder-for-aerial-work-vehicles-4.webp 1479w, https:\/\/www.hydraulic-cylinders.net\/wp-content\/uploads\/2025\/02\/hcyy11112008-upper-leveling-cylinder-for-aerial-work-vehicles-4-1280x616.webp 1280w, https:\/\/www.hydraulic-cylinders.net\/wp-content\/uploads\/2025\/02\/hcyy11112008-upper-leveling-cylinder-for-aerial-work-vehicles-4-980x472.webp 980w, https:\/\/www.hydraulic-cylinders.net\/wp-content\/uploads\/2025\/02\/hcyy11112008-upper-leveling-cylinder-for-aerial-work-vehicles-4-480x231.webp 480w\" sizes=\"(min-width: 0px) and (max-width: 480px) 480px, (min-width: 481px) and (max-width: 980px) 980px, (min-width: 981px) and (max-width: 1280px) 1280px, (min-width: 1281px) 1479px, 100vw\" \/> <img loading=\"lazy\" decoding=\"async\" class=\"alignnone size-full wp-image-17227\" src=\"https:\/\/www.hydraulic-cylinders.net\/wp-content\/uploads\/2025\/02\/hcyy11112008-upper-leveling-cylinder-for-aerial-work-vehicles-5.webp\" alt=\"\" width=\"1499\" height=\"774\" srcset=\"https:\/\/www.hydraulic-cylinders.net\/wp-content\/uploads\/2025\/02\/hcyy11112008-upper-leveling-cylinder-for-aerial-work-vehicles-5.webp 1499w, https:\/\/www.hydraulic-cylinders.net\/wp-content\/uploads\/2025\/02\/hcyy11112008-upper-leveling-cylinder-for-aerial-work-vehicles-5-1280x661.webp 1280w, https:\/\/www.hydraulic-cylinders.net\/wp-content\/uploads\/2025\/02\/hcyy11112008-upper-leveling-cylinder-for-aerial-work-vehicles-5-980x506.webp 980w, https:\/\/www.hydraulic-cylinders.net\/wp-content\/uploads\/2025\/02\/hcyy11112008-upper-leveling-cylinder-for-aerial-work-vehicles-5-480x248.webp 480w\" sizes=\"(min-width: 0px) and (max-width: 480px) 480px, (min-width: 481px) and (max-width: 980px) 980px, (min-width: 981px) and (max-width: 1280px) 1280px, (min-width: 1281px) 1499px, 100vw\" \/><\/h1>\n<h2><strong>Hengersorozat l\u00e9gi munkag\u00e9pekhez:<\/strong><\/h2>\n<h2><img loading=\"lazy\" decoding=\"async\" class=\"wp-image-1044652 size-full aligncenter\" src=\"https:\/\/images.hzpt.com\/2025\/02\/cylinder-series-for-aerial-work-vehicles.webp\" alt=\"\" width=\"751\" height=\"850\" \/><\/h2>\n<h2><strong>A karos munkag\u00e9pekhez val\u00f3 szintez\u0151 olajhenger f\u0151bb jellemz\u0151i:<\/strong><\/h2>\n<h4><strong>Robusztus konstrukci\u00f3<\/strong><\/h4>\n<p>A karos l\u00e9gi munkag\u00e9pekhez val\u00f3 szintez\u0151 olajhenger nagy szil\u00e1rds\u00e1g\u00fa, korr\u00f3zi\u00f3\u00e1ll\u00f3 anyagokb\u00f3l k\u00e9sz\u00fclt, amelyek biztos\u00edtj\u00e1k, hogy m\u00e9g a legnehezebb k\u00f6rnyezeti felt\u00e9teleknek is ellen\u00e1lljon. Ez a tart\u00f3ss\u00e1g hossz\u00fa t\u00e1v\u00fa teljes\u00edtm\u00e9nyt jelent, jelent\u0151sen cs\u00f6kkentve a gyakori cser\u00e9k sz\u00fcks\u00e9gess\u00e9g\u00e9t. Ak\u00e1r sz\u00e9ls\u0151s\u00e9ges h\u0151m\u00e9rs\u00e9kleteknek, nedvess\u00e9gnek vagy koptat\u00f3 elemeknek van kit\u00e9ve, ez a henger meg\u0151rzi integrit\u00e1s\u00e1t, \u00edgy megb\u00edzhat\u00f3 v\u00e1laszt\u00e1s a nagy ig\u00e9nybev\u00e9telt jelent\u0151 l\u00e9gi m\u0171veletekhez.<\/p>\n<h4><strong>Prec\u00edzi\u00f3s m\u00e9rn\u00f6ki munka<\/strong><\/h4>\n<p>A prec\u00edzi\u00f3s tervez\u00e9snek k\u00f6sz\u00f6nhet\u0151en a karos munkag\u00e9pekhez val\u00f3 szintez\u0151 olajhenger sima \u00e9s pontos szintez\u00e9st tesz lehet\u0151v\u00e9, ami kritikus fontoss\u00e1g\u00fa a biztons\u00e1gos l\u00e9gi m\u0171veletekhez. Fejlett kialak\u00edt\u00e1sa minimaliz\u00e1lja az instabilit\u00e1s kock\u00e1zat\u00e1t, biztos\u00edtva, hogy a kezel\u0151k magabiztosan v\u00e9gezhessenek feladatokat magasban. Ez a pontoss\u00e1gi szint nemcsak a biztons\u00e1got n\u00f6veli, hanem az \u00e1ltal\u00e1nos termel\u00e9kenys\u00e9get is jav\u00edtja, mivel a dolgoz\u00f3k a feladataikra koncentr\u00e1lhatnak an\u00e9lk\u00fcl, hogy a berendez\u00e9sek meghib\u00e1sod\u00e1sa miatt kellene agg\u00f3dniuk.<\/p>\n<h4><strong>K\u00f6nny\u0171 telep\u00edt\u00e9s<\/strong><\/h4>\n<p>A szintez\u0151 olajhenger egyszer\u0171 telep\u00edt\u00e9st tesz lehet\u0151v\u00e9, ami minimaliz\u00e1lja az \u00e1ll\u00e1sid\u0151t, \u00e9s lehet\u0151v\u00e9 teszi a kezel\u0151k sz\u00e1m\u00e1ra, hogy gyorsan folytathass\u00e1k munk\u00e1jukat. A vil\u00e1gos utas\u00edt\u00e1sok \u00e9s az intuit\u00edv kialak\u00edt\u00e1s k\u00fcl\u00f6nb\u00f6z\u0151 k\u00e9pzetts\u00e9gi szintek sz\u00e1m\u00e1ra is k\u00f6nnyen haszn\u00e1lhat\u00f3, ami azt jelenti, hogy a csapatok hat\u00e9konyan integr\u00e1lhatj\u00e1k ezt az alkatr\u00e9szt a megl\u00e9v\u0151 rendszereikbe. Ez az egyszer\u0171 telep\u00edt\u00e9s seg\u00edt a m\u0171veletek egyszer\u0171s\u00edt\u00e9s\u00e9ben, \u00edgy t\u00f6bb id\u0151t lehet a produkt\u00edv tev\u00e9kenys\u00e9gekre ford\u00edtani a be\u00e1ll\u00edt\u00e1s helyett.<\/p>\n<h4><strong>Nagy teherb\u00edr\u00e1s<\/strong><\/h4>\n<p>A karos l\u00e9gi munkag\u00e9pekhez val\u00f3 szintez\u0151 olajhenger egyik kiemelked\u0151 tulajdons\u00e1ga a leny\u0171g\u00f6z\u0151 teherb\u00edr\u00e1sa. Ez a henger jelent\u0151s s\u00falyt is elb\u00edr, \u00edgy sz\u00e9les k\u00f6r\u0171 l\u00e9gi munkaalkalmaz\u00e1sokhoz alkalmas. Ak\u00e1r neh\u00e9z berendez\u00e9seket emel, ak\u00e1r t\u00f6bb munk\u00e1st t\u00e1mogat, a HCYY11112008 biztos\u00edtja, hogy a biztons\u00e1g soha ne fogyjon. Robusztus teljes\u00edtm\u00e9nye bizalmat kelt a kezel\u0151kben, tudv\u00e1n, hogy az ig\u00e9nyes feladatok sor\u00e1n is sz\u00e1m\u00edthatnak r\u00e1.<\/p>\n<h4><strong>Sokoldal\u00fa kompatibilit\u00e1s<\/strong><\/h4>\n<p>A karos munkag\u00e9pekhez val\u00f3 szintez\u0151 olajhenger sokoldal\u00faan kompatibilis a k\u00fcl\u00f6nf\u00e9le munkag\u00e9pekkel. Ez a rugalmass\u00e1g jav\u00edtja a funkcionalit\u00e1st a k\u00fcl\u00f6nb\u00f6z\u0151 modellek k\u00f6z\u00f6tt, \u00edgy ide\u00e1lis v\u00e1laszt\u00e1s flottam\u0171veletekhez. Ak\u00e1r oll\u00f3s emel\u0151t, g\u00e9memel\u0151t vagy m\u00e1s munkag\u00e9peket \u00fczemeltet, ez a henger z\u00f6kken\u0151mentesen integr\u00e1l\u00f3dik, jav\u00edtva g\u00e9pei \u00e1ltal\u00e1nos hat\u00e9konys\u00e1g\u00e1t \u00e9s b\u0151v\u00edtve m\u0171k\u00f6d\u00e9si lehet\u0151s\u00e9geit.<\/p>\n<h2><strong>Hogyan m\u0171k\u00f6dik a karos l\u00e9gi j\u00e1rm\u0171vekhez val\u00f3 szintez\u0151 olajhenger?<\/strong><\/h2>\n<p>A karos munkag\u00e9pekhez val\u00f3 szintez\u0151 olajhenger sz\u00e1mos kulcsfontoss\u00e1g\u00fa m\u00f3don n\u00f6veli a munkag\u00e9pek biztons\u00e1g\u00e1t \u00e9s hat\u00e9konys\u00e1g\u00e1t:<\/p>\n<h4><strong>Fokozott stabilit\u00e1s<\/strong><\/h4>\n<p>A prec\u00edz szintez\u00e9s biztos\u00edt\u00e1s\u00e1val a henger biztos\u00edtja, hogy a l\u00e9gi munkag\u00e9pek stabilak maradjanak a magasban v\u00e9gzett m\u0171veletek sor\u00e1n. Ez a stabilit\u00e1s cs\u00f6kkenti a felborul\u00e1s vagy egyenetlen fel\u00fcletek okozta balesetek kock\u00e1zat\u00e1t.<\/p>\n<h4><strong>Tov\u00e1bbfejlesztett terhel\u00e9skezel\u00e9s<\/strong><\/h4>\n<p>Nagy teherb\u00edr\u00e1s\u00e1nak k\u00f6sz\u00f6nhet\u0151en a karos munkag\u00e9pekhez val\u00f3 szintez\u0151 olajhenger hat\u00e9konyan kezel jelent\u0151s s\u00falyokat, lehet\u0151v\u00e9 t\u00e9ve a kezel\u0151k sz\u00e1m\u00e1ra, hogy biztons\u00e1gosan emeljenek neh\u00e9z berendez\u00e9seket \u00e9s szem\u00e9lyzetet a biztons\u00e1g vesz\u00e9lyeztet\u00e9se n\u00e9lk\u00fcl.<\/p>\n<h4><strong>Gyors telep\u00edt\u00e9s \u00e9s \u00e1ll\u00e1sid\u0151 cs\u00f6kkent\u00e9se<\/strong><\/h4>\n<p>Az egyszer\u0171 telep\u00edt\u00e9si folyamat minimaliz\u00e1lja az \u00e1ll\u00e1sid\u0151t, lehet\u0151v\u00e9 t\u00e9ve a kezel\u0151k sz\u00e1m\u00e1ra, hogy gyorsan visszat\u00e9rjenek a munk\u00e1hoz. A kevesebb \u00e1ll\u00e1sid\u0151 fokozott termel\u00e9kenys\u00e9get \u00e9s hat\u00e9konyabb er\u0151forr\u00e1s-felhaszn\u00e1l\u00e1st eredm\u00e9nyez.<\/p>\n<h4><strong>Megb\u00edzhat\u00f3 teljes\u00edtm\u00e9ny zord k\u00f6r\u00fclm\u00e9nyek k\u00f6z\u00f6tt<\/strong><\/h4>\n<p>A robusztus, korr\u00f3zi\u00f3\u00e1ll\u00f3 anyagokb\u00f3l k\u00e9sz\u00fclt, karos munkag\u00e9pekhez val\u00f3 szintez\u0151 olajhenger ellen\u00e1ll a kih\u00edv\u00e1st jelent\u0151 k\u00f6rnyezeti felt\u00e9teleknek, biztos\u00edtva az \u00e1lland\u00f3 teljes\u00edtm\u00e9nyt \u00e9s cs\u00f6kkentve a biztons\u00e1gi kock\u00e1zatokat jelent\u0151 mechanikai hib\u00e1k val\u00f3sz\u00edn\u0171s\u00e9g\u00e9t.<\/p>\n<h4><strong>Sokoldal\u00fa kompatibilit\u00e1s<\/strong><\/h4>\n<p>A k\u00fcl\u00f6nf\u00e9le l\u00e9gi munkag\u00e9p-modellekkel val\u00f3 kompatibilit\u00e1sa n\u00f6veli a m\u0171k\u00f6d\u00e9si rugalmass\u00e1got, lehet\u0151v\u00e9 t\u00e9ve a csapatok sz\u00e1m\u00e1ra, hogy gyorsan alkalmazkodjanak a k\u00fcl\u00f6nb\u00f6z\u0151 feladatokhoz an\u00e9lk\u00fcl, hogy jelent\u0151s berendez\u00e9scser\u00e9re lenne sz\u00fcks\u00e9g.<\/p>\n<p>\u00d6sszess\u00e9g\u00e9ben a karos l\u00e9gi munkag\u00e9pekhez val\u00f3 szintez\u0151 olajhenger nemcsak a l\u00e9gi m\u0171veletek biztons\u00e1g\u00e1t jav\u00edtja, hanem jelent\u0151sen n\u00f6veli a m\u0171k\u00f6d\u00e9si hat\u00e9konys\u00e1got is, lehet\u0151v\u00e9 t\u00e9ve a csapatok sz\u00e1m\u00e1ra, hogy magabiztosan \u00e9s megb\u00edzhat\u00f3an v\u00e9gezz\u00e9k munk\u00e1jukat.<\/p>\n<h2><strong>L\u00e9gi munkag\u00e9pek hengergy\u00e1rt\u00e1si ter\u00fclete:<\/strong><\/h2>\n<h2><img loading=\"lazy\" decoding=\"async\" class=\"alignnone size-full wp-image-16972\" src=\"https:\/\/www.hydraulic-cylinders.net\/wp-content\/uploads\/2025\/01\/hydraulic-cylinder-factory-1-scaled.webp\" alt=\"\" width=\"2016\" height=\"2560\" srcset=\"https:\/\/www.hydraulic-cylinders.net\/wp-content\/uploads\/2025\/01\/hydraulic-cylinder-factory-1-scaled.webp 2016w, https:\/\/www.hydraulic-cylinders.net\/wp-content\/uploads\/2025\/01\/hydraulic-cylinder-factory-1-1280x1625.webp 1280w, https:\/\/www.hydraulic-cylinders.net\/wp-content\/uploads\/2025\/01\/hydraulic-cylinder-factory-1-980x1244.webp 980w, https:\/\/www.hydraulic-cylinders.net\/wp-content\/uploads\/2025\/01\/hydraulic-cylinder-factory-1-480x610.webp 480w\" sizes=\"(min-width: 0px) and (max-width: 480px) 480px, (min-width: 481px) and (max-width: 980px) 980px, (min-width: 981px) and (max-width: 1280px) 1280px, (min-width: 1281px) 2016px, 100vw\" \/><\/h2>\n<p>Korszer\u0171, f\u00fcggetlen, \u00f6sszeszerel\u00e9sre szakosodott K+F platformmal b\u00fcszk\u00e9lkedhet\u00fcnk, amely biztos\u00edtja a gy\u00e1rt\u00e1si folyamatainkban a legmagasabb szint\u0171 innov\u00e1ci\u00f3t \u00e9s min\u0151s\u00e9get. Targoncahenger-gy\u00e1rt\u00f3 m\u0171hely\u00fcnkben n\u00e9gy f\u00e9lautomata emel\u0151henger-\u00f6sszeszerel\u0151 sor \u00e9s egy teljesen automatikus billen\u0151henger-\u00f6sszeszerel\u0151 sor tal\u00e1lhat\u00f3, amelyeket egy\u00fcttesen \u00e9vi ak\u00e1r egymilli\u00f3 egys\u00e9g gy\u00e1rt\u00e1s\u00e1ra tervezt\u00fcnk.<\/p>\n<p>Ezenk\u00edv\u00fcl specializ\u00e1lt hengerm\u0171hely\u00fcnk k\u00fcl\u00f6nf\u00e9le specifik\u00e1ci\u00f3khoz igaz\u00edtott f\u00e9lautomata tiszt\u00edt\u00f3- \u00e9s \u00f6sszeszerel\u0151 rendszerekkel van felszerelve, \u00e9vi 200 000 darabos termel\u00e9si kapacit\u00e1ssal. Elismert CNC-berendez\u00e9seket, megmunk\u00e1l\u00f3k\u00f6zpontokat \u00e9s speci\u00e1lis szersz\u00e1mokat haszn\u00e1lunk a nagy pontoss\u00e1g\u00fa hengermegmunk\u00e1l\u00e1shoz. L\u00e9tes\u00edtm\u00e9ny\u00fcnkben fejlett robothegeszt\u0151g\u00e9pek, automatikus tiszt\u00edt\u00f3rendszerek, valamint teljesen automatiz\u00e1lt henger\u00f6sszeszerel\u0151 \u00e9s fest\u0151sorok is tal\u00e1lhat\u00f3k. T\u00f6bb mint 300 m\u0171k\u00f6d\u0151 kulcsfontoss\u00e1g\u00fa berendez\u00e9ssel optimaliz\u00e1ljuk az er\u0151forr\u00e1sok eloszt\u00e1s\u00e1t \u00e9s biztos\u00edtjuk a hat\u00e9kony kihaszn\u00e1l\u00e1st, megfelelve a szigor\u00fa pontoss\u00e1gi \u00e9s min\u0151s\u00e9gi el\u0151\u00edr\u00e1soknak.<\/p>\n<p>Megmunk\u00e1l\u00f3 m\u0171hely\u00fcnk egyedi d\u00f6nthet\u0151 vezet\u0151s\u00ednes eszterg\u00e1l\u00f3 k\u00f6zpontokkal, megmunk\u00e1l\u00f3k\u00f6zpontokkal, nagysebess\u00e9g\u0171 h\u00f3nol\u00f3g\u00e9pekkel, hegeszt\u0151robotokkal \u00e9s egy\u00e9b n\u00e9lk\u00fcl\u00f6zhetetlen berendez\u00e9sekkel rendelkezik. Ez a be\u00e1ll\u00edt\u00e1s lehet\u0151v\u00e9 teszi sz\u00e1munkra, hogy legfeljebb 400 mm bels\u0151 \u00e1tm\u00e9r\u0151j\u0171 \u00e9s ak\u00e1r 6 m\u00e9ter hossz\u00fa hengeres cs\u00f6veket is megmunk\u00e1ljunk, tov\u00e1bb n\u00f6velve termel\u00e9si kapacit\u00e1sunkat.<\/p>\n<h2><img loading=\"lazy\" decoding=\"async\" class=\"alignnone size-full wp-image-16973\" src=\"https:\/\/www.hydraulic-cylinders.net\/wp-content\/uploads\/2025\/01\/hydraulic-cylinder-factory-2-scaled.webp\" alt=\"\" width=\"2011\" height=\"2560\" srcset=\"https:\/\/www.hydraulic-cylinders.net\/wp-content\/uploads\/2025\/01\/hydraulic-cylinder-factory-2-scaled.webp 2011w, https:\/\/www.hydraulic-cylinders.net\/wp-content\/uploads\/2025\/01\/hydraulic-cylinder-factory-2-1280x1629.webp 1280w, https:\/\/www.hydraulic-cylinders.net\/wp-content\/uploads\/2025\/01\/hydraulic-cylinder-factory-2-980x1248.webp 980w, https:\/\/www.hydraulic-cylinders.net\/wp-content\/uploads\/2025\/01\/hydraulic-cylinder-factory-2-480x611.webp 480w\" sizes=\"(min-width: 0px) and (max-width: 480px) 480px, (min-width: 481px) and (max-width: 980px) 980px, (min-width: 981px) and (max-width: 1280px) 1280px, (min-width: 1281px) 2011px, 100vw\" \/><\/h2>\n<p>Egy teljesen automatikus, v\u00edzb\u00e1zis\u00fa fest\u00e9kbevon\u00f3 sort \u00fczemeltet\u00fcnk, amelyet kifejezetten kis \u00e9s k\u00f6zepes palackokhoz tervezt\u00fcnk, automatiz\u00e1lt be-, kirakod\u00f3- \u00e9s permetez\u0151robotokkal. Ez a korszer\u0171 rendszer m\u0171szakonk\u00e9nt 4000 egys\u00e9g gy\u00e1rt\u00e1si kapacit\u00e1ssal b\u00fcszk\u00e9lkedhet. Ezenk\u00edv\u00fcl egy f\u00e9lautomata fest\u0151sorral rendelkez\u00fcnk nagym\u00e9ret\u0171 palackokhoz, l\u00e1nchajt\u00e1ssal, m\u0171szakonk\u00e9nt 60 l\u00e1da tervez\u00e9si kapacit\u00e1ssal.<\/p>\n<p>A term\u00e9kteljes\u00edtm\u00e9ny fokoz\u00e1sa \u00e9s a hidraulikus hengerek ipar\u00e1g\u00e1ban bet\u00f6lt\u00f6tt vezet\u0151 szerep\u00fcnk megszil\u00e1rd\u00edt\u00e1sa \u00e9rdek\u00e9ben partners\u00e9gre l\u00e9pt\u00fcnk a ZJIMEE-vel egy \u00e1tfog\u00f3 teljes\u00edtm\u00e9nyvizsg\u00e1l\u00f3 laborat\u00f3rium l\u00e9trehoz\u00e1sa \u00e9rdek\u00e9ben, amely a hidraulikus hengerek, szelepek \u00e9s szivatty\u00fak vizsg\u00e1lat\u00e1ra specializ\u00e1l\u00f3dott. Ez a fejlett laborat\u00f3rium sz\u00e1m\u00edt\u00f3g\u00e9ppel seg\u00edtett tesztel\u00e9st alkalmaz elektrohidraulikus technol\u00f3gi\u00e1val, lehet\u0151v\u00e9 t\u00e9ve az el\u0151re be\u00e1ll\u00edtott vizsg\u00e1lati felt\u00e9teleket, amelyek jav\u00edtj\u00e1k a pontoss\u00e1got \u00e9s a rendszer sokoldal\u00fas\u00e1g\u00e1t. Az automatiz\u00e1lt adatgy\u0171jt\u00e9si folyamat \u00e9rz\u00e9kel\u0151ket haszn\u00e1l a kimeneti adatok, p\u00e9ld\u00e1ul a bels\u0151 sziv\u00e1rg\u00e1s \u00e9s a terhel\u00e9si hat\u00e9konys\u00e1g gy\u0171jt\u00e9s\u00e9re, amelyeket ezut\u00e1n egy sz\u00e1m\u00edt\u00f3g\u00e9p dolgoz fel, \u00e9s szabv\u00e1nyos m\u00e9rt\u00e9kegys\u00e9gekbe (ml\/perc%) konvert\u00e1l.<\/p>\n<p>Tov\u00e1bb\u00e1, hidraulikus rendszereink biztons\u00e1g\u00e1nak garant\u00e1l\u00e1sa \u00e9rdek\u00e9ben \u00e1llapotfel\u00fcgyeletet alkalmazunk a kulcsfontoss\u00e1g\u00fa teljes\u00edtm\u00e9nyparam\u00e9terek, t\u00f6bbek k\u00f6z\u00f6tt az olajh\u0151m\u00e9rs\u00e9klet, a folyad\u00e9kszint \u00e9s a sz\u0171r\u0151berendez\u00e9s \u00e1llapota tekintet\u00e9ben. Hidraulikus henger teszt\u00e1llv\u00e1nyunk k\u00e9pes pontos leolvas\u00e1sokkal felm\u00e9rni a \u201eterhel\u00e9si hat\u00e9konys\u00e1got\u201d \u00e9s a \u201ebels\u0151 sziv\u00e1rg\u00e1st\u201d. Emellett egy r\u00e1csos vonalz\u00f3val ell\u00e1tott m\u00e9r\u0151m\u0171szerrel is fel van szerelve, amely megfelel a nemzeti szabv\u00e1nyoknak, biztos\u00edtva a hidraulikus hengerterm\u00e9kekre vonatkoz\u00f3 \u00f6sszes vizsg\u00e1lati k\u00f6vetelm\u00e9ny betart\u00e1s\u00e1t.<\/p>\n<p>&nbsp;<\/p>","protected":false},"excerpt":{"rendered":"<p>Leveling Oil Cylinder For Arm Type Aerial Work Vehicles The leveling oil cylinder for arm type aerial work vehicles is a vital component for aerial work vehicles, providing essential stability and precision during elevated operations. Engineered to boost operational efficiency, this cylinder supports effective leveling and maneuvering, making it indispensable for construction, maintenance, and a [&hellip;]<\/p>","protected":false},"featured_media":17494,"comment_status":"open","ping_status":"closed","template":"","meta":{"_et_pb_use_builder":"","_et_pb_old_content":"","_et_gb_content_width":""},"product_brand":[],"product_cat":[1500,1550,1376],"product_tag":[],"class_list":{"0":"post-17208","1":"product","2":"type-product","3":"status-publish","4":"has-post-thumbnail","6":"product_cat-aerial-work-vehicle-hydraulic-cylinder","7":"product_cat-double-acting-hydraulic-cylinder","8":"product_cat-hydraulic-cylinder","10":"first","11":"instock","12":"shipping-taxable","13":"product-type-simple"},"amp_enabled":true,"_links":{"self":[{"href":"https:\/\/www.hydraulic-cylinders.net\/hu\/wp-json\/wp\/v2\/product\/17208","targetHints":{"allow":["GET"]}}],"collection":[{"href":"https:\/\/www.hydraulic-cylinders.net\/hu\/wp-json\/wp\/v2\/product"}],"about":[{"href":"https:\/\/www.hydraulic-cylinders.net\/hu\/wp-json\/wp\/v2\/types\/product"}],"replies":[{"embeddable":true,"href":"https:\/\/www.hydraulic-cylinders.net\/hu\/wp-json\/wp\/v2\/comments?post=17208"}],"wp:featuredmedia":[{"embeddable":true,"href":"https:\/\/www.hydraulic-cylinders.net\/hu\/wp-json\/wp\/v2\/media\/17494"}],"wp:attachment":[{"href":"https:\/\/www.hydraulic-cylinders.net\/hu\/wp-json\/wp\/v2\/media?parent=17208"}],"wp:term":[{"taxonomy":"product_brand","embeddable":true,"href":"https:\/\/www.hydraulic-cylinders.net\/hu\/wp-json\/wp\/v2\/product_brand?post=17208"},{"taxonomy":"product_cat","embeddable":true,"href":"https:\/\/www.hydraulic-cylinders.net\/hu\/wp-json\/wp\/v2\/product_cat?post=17208"},{"taxonomy":"product_tag","embeddable":true,"href":"https:\/\/www.hydraulic-cylinders.net\/hu\/wp-json\/wp\/v2\/product_tag?post=17208"}],"curies":[{"name":"munkaf\u00fczet","href":"https:\/\/api.w.org\/{rel}","templated":true}]}}