{"id":17210,"date":"2025-02-23T07:51:23","date_gmt":"2025-02-23T07:51:23","guid":{"rendered":"https:\/\/www.hydraulic-cylinders.net\/?post_type=product&#038;p=17210"},"modified":"2025-04-30T08:48:08","modified_gmt":"2025-04-30T08:48:08","slug":"lifting-cylinder-for-mast-type-aerial-work-vehicles","status":"publish","type":"product","link":"https:\/\/www.hydraulic-cylinders.net\/hu\/termek\/lifting-cylinder-for-mast-type-aerial-work-vehicles\/","title":{"rendered":"Emel\u0151henger \u00e1rboc t\u00edpus\u00fa l\u00e9gi munkag\u00e9pekhez"},"content":{"rendered":"<h1 style=\"text-align: center;\"><strong>Emel\u0151henger \u00e1rboc t\u00edpus\u00fa l\u00e9gi munkag\u00e9pekhez<\/strong><\/h1>\n<h1 style=\"text-align: center;\"><img loading=\"lazy\" decoding=\"async\" class=\"alignnone size-full wp-image-17212\" src=\"https:\/\/www.hydraulic-cylinders.net\/wp-content\/uploads\/2025\/02\/hcyy11112006-lift-cylinder-2.webp\" alt=\"\" width=\"1499\" height=\"519\" srcset=\"https:\/\/www.hydraulic-cylinders.net\/wp-content\/uploads\/2025\/02\/hcyy11112006-lift-cylinder-2.webp 1499w, https:\/\/www.hydraulic-cylinders.net\/wp-content\/uploads\/2025\/02\/hcyy11112006-lift-cylinder-2-1280x443.webp 1280w, https:\/\/www.hydraulic-cylinders.net\/wp-content\/uploads\/2025\/02\/hcyy11112006-lift-cylinder-2-980x339.webp 980w, https:\/\/www.hydraulic-cylinders.net\/wp-content\/uploads\/2025\/02\/hcyy11112006-lift-cylinder-2-480x166.webp 480w\" sizes=\"(min-width: 0px) and (max-width: 480px) 480px, (min-width: 481px) and (max-width: 980px) 980px, (min-width: 981px) and (max-width: 1280px) 1280px, (min-width: 1281px) 1499px, 100vw\" \/><\/h1>\n<p>Az \u00e1rboc t\u00edpus\u00fa l\u00e9gi munkag\u00e9pek emel\u0151hengere l\u00e9tfontoss\u00e1g\u00fa alkatr\u00e9sze a l\u00e9gi munkag\u00e9peknek, amelyet \u00fagy terveztek, hogy megb\u00edzhat\u00f3 emel\u0151er\u0151t biztos\u00edtson sz\u00e1mos alkalmaz\u00e1si ter\u00fcleten. A teljes\u00edtm\u00e9nyre \u00e9s biztons\u00e1gra \u00f6sszpontos\u00edtva tervezett munkahenger lehet\u0151v\u00e9 teszi a kezel\u0151k sz\u00e1m\u00e1ra, hogy magabiztosan \u00e9s hat\u00e9konyan v\u00e9gezzenek feladatokat magasban.<\/p>\n<p>A kiv\u00e9teles tart\u00f3ss\u00e1got, pontoss\u00e1got \u00e9s sz\u00e9lesk\u00f6r\u0171 kompatibilit\u00e1st \u00f6tv\u00f6z\u0151 emel\u0151henger elengedhetetlen minden l\u00e9gi munkav\u00e9gz\u00e9shez. Leny\u0171g\u00f6z\u0151 teherb\u00edr\u00e1sa \u00e9s korr\u00f3zi\u00f3\u00e1ll\u00f3 kialak\u00edt\u00e1sa jelent\u0151sen n\u00f6veli a biztons\u00e1got \u00e9s a m\u0171k\u00f6d\u00e9si hat\u00e9konys\u00e1got. A megfelel\u0151 haszn\u00e1lati \u00e9s karbantart\u00e1si ir\u00e1nyelvek betart\u00e1s\u00e1val a kezel\u0151k optimaliz\u00e1lhatj\u00e1k a teljes\u00edtm\u00e9nyt \u00e9s meghosszabb\u00edthatj\u00e1k ennek a kritikus fontoss\u00e1g\u00fa berendez\u00e9snek az \u00e9lettartam\u00e1t. Emeld magasabb szintre a l\u00e9gi m\u0171veleteket azzal a biztoss\u00e1ggal, hogy egy megb\u00edzhat\u00f3 emel\u00e9si megold\u00e1s \u00e1ll rendelkez\u00e9sedre.<\/p>\n<h2><strong>Emel\u0151henger \u00e1rboc t\u00edpus\u00fa l\u00e9gi munkag\u00e9pekhez Param\u00e9ter:<\/strong><\/h2>\n<h1 style=\"text-align: center;\"><img loading=\"lazy\" decoding=\"async\" class=\"alignnone size-full wp-image-17211\" src=\"https:\/\/www.hydraulic-cylinders.net\/wp-content\/uploads\/2025\/02\/hcyy11112006-lift-cylinder-1.webp\" alt=\"\" width=\"1516\" height=\"146\" srcset=\"https:\/\/www.hydraulic-cylinders.net\/wp-content\/uploads\/2025\/02\/hcyy11112006-lift-cylinder-1.webp 1516w, https:\/\/www.hydraulic-cylinders.net\/wp-content\/uploads\/2025\/02\/hcyy11112006-lift-cylinder-1-1280x123.webp 1280w, https:\/\/www.hydraulic-cylinders.net\/wp-content\/uploads\/2025\/02\/hcyy11112006-lift-cylinder-1-980x94.webp 980w, https:\/\/www.hydraulic-cylinders.net\/wp-content\/uploads\/2025\/02\/hcyy11112006-lift-cylinder-1-480x46.webp 480w\" sizes=\"(min-width: 0px) and (max-width: 480px) 480px, (min-width: 481px) and (max-width: 980px) 980px, (min-width: 981px) and (max-width: 1280px) 1280px, (min-width: 1281px) 1516px, 100vw\" \/><img loading=\"lazy\" decoding=\"async\" class=\"alignnone size-full wp-image-17213\" src=\"https:\/\/www.hydraulic-cylinders.net\/wp-content\/uploads\/2025\/02\/hcyy11112006-lift-cylinder-3.webp\" alt=\"\" width=\"1477\" height=\"709\" srcset=\"https:\/\/www.hydraulic-cylinders.net\/wp-content\/uploads\/2025\/02\/hcyy11112006-lift-cylinder-3.webp 1477w, https:\/\/www.hydraulic-cylinders.net\/wp-content\/uploads\/2025\/02\/hcyy11112006-lift-cylinder-3-1280x614.webp 1280w, https:\/\/www.hydraulic-cylinders.net\/wp-content\/uploads\/2025\/02\/hcyy11112006-lift-cylinder-3-980x470.webp 980w, https:\/\/www.hydraulic-cylinders.net\/wp-content\/uploads\/2025\/02\/hcyy11112006-lift-cylinder-3-480x230.webp 480w\" sizes=\"(min-width: 0px) and (max-width: 480px) 480px, (min-width: 481px) and (max-width: 980px) 980px, (min-width: 981px) and (max-width: 1280px) 1280px, (min-width: 1281px) 1477px, 100vw\" \/> <img loading=\"lazy\" decoding=\"async\" class=\"alignnone size-full wp-image-17214\" src=\"https:\/\/www.hydraulic-cylinders.net\/wp-content\/uploads\/2025\/02\/hcyy11112006-lift-cylinder-4.webp\" alt=\"\" width=\"1476\" height=\"702\" srcset=\"https:\/\/www.hydraulic-cylinders.net\/wp-content\/uploads\/2025\/02\/hcyy11112006-lift-cylinder-4.webp 1476w, https:\/\/www.hydraulic-cylinders.net\/wp-content\/uploads\/2025\/02\/hcyy11112006-lift-cylinder-4-1280x609.webp 1280w, https:\/\/www.hydraulic-cylinders.net\/wp-content\/uploads\/2025\/02\/hcyy11112006-lift-cylinder-4-980x466.webp 980w, https:\/\/www.hydraulic-cylinders.net\/wp-content\/uploads\/2025\/02\/hcyy11112006-lift-cylinder-4-480x228.webp 480w\" sizes=\"(min-width: 0px) and (max-width: 480px) 480px, (min-width: 481px) and (max-width: 980px) 980px, (min-width: 981px) and (max-width: 1280px) 1280px, (min-width: 1281px) 1476px, 100vw\" \/> <img loading=\"lazy\" decoding=\"async\" class=\"alignnone size-full wp-image-17215\" src=\"https:\/\/www.hydraulic-cylinders.net\/wp-content\/uploads\/2025\/02\/hcyy11112006-lift-cylinder-5.webp\" alt=\"\" width=\"1476\" height=\"724\" srcset=\"https:\/\/www.hydraulic-cylinders.net\/wp-content\/uploads\/2025\/02\/hcyy11112006-lift-cylinder-5.webp 1476w, https:\/\/www.hydraulic-cylinders.net\/wp-content\/uploads\/2025\/02\/hcyy11112006-lift-cylinder-5-1280x628.webp 1280w, https:\/\/www.hydraulic-cylinders.net\/wp-content\/uploads\/2025\/02\/hcyy11112006-lift-cylinder-5-980x481.webp 980w, https:\/\/www.hydraulic-cylinders.net\/wp-content\/uploads\/2025\/02\/hcyy11112006-lift-cylinder-5-480x235.webp 480w\" sizes=\"(min-width: 0px) and (max-width: 480px) 480px, (min-width: 481px) and (max-width: 980px) 980px, (min-width: 981px) and (max-width: 1280px) 1280px, (min-width: 1281px) 1476px, 100vw\" \/><\/h1>\n<h2><strong>Hengersorozat l\u00e9gi munkag\u00e9pekhez:<\/strong><\/h2>\n<h2><img loading=\"lazy\" decoding=\"async\" class=\"wp-image-1044652 size-full aligncenter\" src=\"https:\/\/images.hzpt.com\/2025\/02\/cylinder-series-for-aerial-work-vehicles.webp\" alt=\"\" width=\"751\" height=\"850\" \/><\/h2>\n<h2><strong>Az \u00e1rboc t\u00edpus\u00fa l\u00e9gi munkag\u00e9pekhez haszn\u00e1lt emel\u0151henger f\u0151bb jellemz\u0151i:<\/strong><\/h2>\n<h4><strong>Nagy teherb\u00edr\u00e1s<\/strong><\/h4>\n<p>Az emel\u0151henger leny\u0171g\u00f6z\u0151 teherb\u00edr\u00e1ssal b\u00fcszk\u00e9lkedhet, amelyet szak\u00e9rt\u0151k terveztek jelent\u0151s s\u00falyok elvisel\u00e9s\u00e9re. Ez a k\u00e9pess\u00e9g ide\u00e1liss\u00e1 teszi ig\u00e9nyes l\u00e9gi alkalmaz\u00e1sokhoz, ahol a megb\u00edzhat\u00f3s\u00e1g \u00e9s a szil\u00e1rds\u00e1g kiemelked\u0151 fontoss\u00e1g\u00fa. Ak\u00e1r neh\u00e9z berendez\u00e9seket, ak\u00e1r szem\u00e9lyzetet emel, ez a henger biztons\u00e1gos \u00e9s hat\u00e9kony m\u0171k\u00f6d\u00e9st biztos\u00edt, nyugalmat adva a kezel\u0151knek a magasban v\u00e9gzett munka sor\u00e1n.<\/p>\n<h4><strong>Tart\u00f3s konstrukci\u00f3<\/strong><\/h4>\n<p>A pr\u00e9mium min\u0151s\u00e9g\u0171 anyagokb\u00f3l k\u00e9sz\u00fclt emel\u0151henger zord k\u00f6rnyezeti k\u00f6r\u00fclm\u00e9nyek \u00e9s nagy ig\u00e9nybev\u00e9tel elvisel\u00e9s\u00e9re k\u00e9sz\u00fclt. Robusztus konstrukci\u00f3ja minimaliz\u00e1lja a kop\u00e1st, \u00edgy hossz\u00fa \u00e9lettartamot biztos\u00edt, ami cs\u00f6kkenti a cser\u00e9k gyakoris\u00e1g\u00e1t. Ez a tart\u00f3ss\u00e1g garant\u00e1lja, hogy a henger hossz\u00fa t\u00e1von is cs\u00facsteljes\u00edtm\u00e9nyt ny\u00fajt, m\u00e9g a legnehezebb k\u00f6r\u00fclm\u00e9nyek k\u00f6z\u00f6tt is, ez\u00e1ltal n\u00f6velve a l\u00e9gi munkag\u00e9p \u00e1ltal\u00e1nos megb\u00edzhat\u00f3s\u00e1g\u00e1t.<\/p>\n<h4><strong>Prec\u00edzi\u00f3s m\u00e9rn\u00f6ki munka<\/strong><\/h4>\n<p>A z\u00f6kken\u0151mentes \u00e9s megb\u00edzhat\u00f3 m\u0171k\u00f6d\u00e9sre tervezett emel\u0151henger fejlett prec\u00edzi\u00f3s m\u00e9rn\u00f6ki megold\u00e1sokkal rendelkezik. Ez a kialak\u00edt\u00e1s kiv\u00e1l\u00f3 reag\u00e1l\u00f3k\u00e9pess\u00e9get biztos\u00edt, lehet\u0151v\u00e9 t\u00e9ve a sima be\u00e1ll\u00edt\u00e1sokat m\u0171k\u00f6d\u00e9s k\u00f6zben. A fokozott hat\u00e9konys\u00e1g gyorsabb emel\u00e9si id\u0151ket eredm\u00e9nyez, lehet\u0151v\u00e9 t\u00e9ve a kezel\u0151k sz\u00e1m\u00e1ra a feladatok hat\u00e9konyabb elv\u00e9gz\u00e9s\u00e9t. A henger prec\u00edz teljes\u00edtm\u00e9nye seg\u00edt fenntartani a stabilit\u00e1st \u00e9s a biztons\u00e1got, ami elengedhetetlen a l\u00e9gi munkav\u00e9gz\u00e9shez.<\/p>\n<h4><strong>Korr\u00f3zi\u00f3\u00e1ll\u00f3s\u00e1g<\/strong><\/h4>\n<p>A fejlett v\u00e9d\u0151bevonatokkal ell\u00e1tott emel\u0151henger hat\u00e9konyan ellen\u00e1ll a rozsd\u00e1nak \u00e9s a korr\u00f3zi\u00f3nak. Ez a tulajdons\u00e1g k\u00fcl\u00f6n\u00f6sen el\u0151ny\u00f6s k\u00fclt\u00e9ri \u00e9s kih\u00edv\u00e1st jelent\u0151 k\u00f6rnyezetben, ahol a nedvess\u00e9g \u00e9s a zord id\u0151j\u00e1r\u00e1si viszonyok roml\u00e1shoz vezethetnek. A korr\u00f3zi\u00f3 elleni v\u00e9delemmel ez a henger nemcsak meghosszabb\u00edtja \u00e9lettartam\u00e1t, hanem biztos\u00edtja az optim\u00e1lis teljes\u00edtm\u00e9nyt is, cs\u00f6kkentve a karbantart\u00e1si k\u00f6lts\u00e9geket az id\u0151 m\u00fal\u00e1s\u00e1val.<\/p>\n<h4><strong>Kompatibilit\u00e1s<\/strong><\/h4>\n<p>Az emel\u0151henger \u00fagy lett kialak\u00edtva, hogy a legk\u00fcl\u00f6nf\u00e9l\u00e9bb l\u00e9gi munkag\u00e9pekkel kompatibilis legyen, \u00edgy sokoldal\u00fa megold\u00e1st k\u00edn\u00e1l a k\u00fcl\u00f6nb\u00f6z\u0151 gy\u00e1rt\u00f3k \u00e9s modellek sz\u00e1m\u00e1ra. Ez az alkalmazkod\u00f3k\u00e9pess\u00e9g leegyszer\u0171s\u00edti a k\u00e9szletgazd\u00e1lkod\u00e1st a flotta\u00fczemeltet\u0151k sz\u00e1m\u00e1ra, mivel egyetlen henger t\u00f6bb berendez\u00e9st\u00edpuson is haszn\u00e1lhat\u00f3. A k\u00f6nny\u0171 kompatibilit\u00e1s lehet\u0151v\u00e9 teszi a z\u00f6kken\u0151mentes integr\u00e1ci\u00f3t a megl\u00e9v\u0151 rendszerekbe, maximaliz\u00e1lva a m\u0171k\u00f6d\u00e9si hat\u00e9konys\u00e1got \u00e9s minimaliz\u00e1lva az \u00e1ll\u00e1sid\u0151t a cser\u00e9k sor\u00e1n.<\/p>\n<h2><strong>Milyen karbantart\u00e1si gyakorlatok aj\u00e1nlottak az emel\u0151hengerhez az optim\u00e1lis teljes\u00edtm\u00e9ny biztos\u00edt\u00e1sa \u00e9rdek\u00e9ben?<\/strong><\/h2>\n<p>Az emel\u0151henger optim\u00e1lis teljes\u00edtm\u00e9ny\u00e9nek biztos\u00edt\u00e1sa \u00e9rdek\u00e9ben a k\u00f6vetkez\u0151 karbantart\u00e1si gyakorlatok aj\u00e1nlottak:<\/p>\n<h3><strong>Rendszeres ellen\u0151rz\u00e9sek<\/strong><\/h3>\n<p>Rendszeresen ellen\u0151rizze a palackot kop\u00e1s, s\u00e9r\u00fcl\u00e9s vagy sziv\u00e1rg\u00e1s jelei szempontj\u00e1b\u00f3l. Ellen\u0151rizze a t\u00f6m\u00edt\u00e9sek, t\u00f6ml\u0151k \u00e9s szerelv\u00e9nyek \u00e9ps\u00e9g\u00e9t. A probl\u00e9m\u00e1k korai felismer\u00e9se megel\u0151zheti a s\u00falyosabb probl\u00e9m\u00e1kat \u00e9s biztos\u00edthatja a biztons\u00e1gos \u00fczemeltet\u00e9st.<\/p>\n<h3><strong>Tiszt\u00edt\u00e1s<\/strong><\/h3>\n<p>Tartsa tiszt\u00e1n a hengert, mentesen a szennyez\u0151d\u00e9sekt\u0151l, t\u00f6rmel\u00e9kekt\u0151l \u00e9s korroz\u00edv anyagokt\u00f3l. Rendszeresen t\u00f6r\u00f6lje \u00e1t a k\u00fcls\u0151 r\u00e9sz\u00e9t puha ruh\u00e1val \u00e9s enyhe mos\u00f3szerrel, k\u00fcl\u00f6n\u00f6sen zord k\u00f6rnyezeti hat\u00e1sok ut\u00e1n. Ez seg\u00edt megel\u0151zni a korr\u00f3zi\u00f3t \u00e9s meg\u0151rzi az alkatr\u00e9szek \u00e9ps\u00e9g\u00e9t.<\/p>\n<h3><strong>Ken\u00e9s<\/strong><\/h3>\n<p>Gy\u0151z\u0151dj\u00f6n meg arr\u00f3l, hogy minden mozg\u00f3 alkatr\u00e9sz megfelel\u0151en kenve van a gy\u00e1rt\u00f3 ir\u00e1nyelveinek megfelel\u0151en. A megfelel\u0151 ken\u00e9s cs\u00f6kkenti a s\u00farl\u00f3d\u00e1st, minimaliz\u00e1lja a kop\u00e1st \u00e9s jav\u00edtja a henger m\u0171k\u00f6d\u00e9si hat\u00e9konys\u00e1g\u00e1t.<\/p>\n<h3><strong>Hidraulikafolyad\u00e9k-ellen\u0151rz\u00e9sek<\/strong><\/h3>\n<p>Rendszeresen ellen\u0151rizze a hidraulikafolyad\u00e9k szintj\u00e9t \u00e9s min\u0151s\u00e9g\u00e9t. Tartsa be az aj\u00e1nlott folyad\u00e9kt\u00edpust, \u00e9s sz\u00fcks\u00e9g szerint cser\u00e9lje ki, hogy elker\u00fclje a teljes\u00edtm\u00e9nyt ront\u00f3 szennyez\u0151d\u00e9seket.<\/p>\n<h3><strong>Nyomat\u00e9kellen\u0151rz\u00e9sek<\/strong><\/h3>\n<p>Rendszeresen ellen\u0151rizze, hogy minden csavar \u00e9s csatlakoz\u00e1s megfelel\u0151en meg van-e h\u00fazva, \u00e9s a gy\u00e1rt\u00f3 el\u0151\u00edr\u00e1sainak megfelel\u0151en van-e megh\u00fazva. A laza csatlakoz\u00e1sok sziv\u00e1rg\u00e1st \u00e9s m\u0171k\u00f6d\u00e9si hib\u00e1kat okozhatnak.<\/p>\n<h3><strong>Funkcionalit\u00e1s tesztel\u00e9se<\/strong><\/h3>\n<p>V\u00e9gezzen m\u0171k\u00f6d\u00e9si teszteket a henger zavartalan m\u0171k\u00f6d\u00e9s\u00e9nek biztos\u00edt\u00e1sa \u00e9rdek\u00e9ben. Ellen\u0151rizze, hogy nincs-e szokatlan zaj, rezg\u00e9s vagy teljes\u00edtm\u00e9nyv\u00e1ltoz\u00e1s m\u0171k\u00f6d\u00e9s k\u00f6zben, ami a m\u00f6g\u00f6ttes probl\u00e9m\u00e1kra utalhat.<\/p>\n<h3><strong>Dokument\u00e1ci\u00f3<\/strong><\/h3>\n<p>Vezessen r\u00e9szletes karbantart\u00e1si napl\u00f3t, amely r\u00f6gz\u00edti az ellen\u0151rz\u00e9seket, jav\u00edt\u00e1sokat \u00e9s minden incidenst. Ez a dokument\u00e1ci\u00f3 seg\u00edt a teljes\u00edtm\u00e9nytrendek nyomon k\u00f6vet\u00e9s\u00e9ben \u00e9s a j\u00f6v\u0151beni karbantart\u00e1s megtervez\u00e9s\u00e9ben.<\/p>\n<h4><strong>Professzion\u00e1lis szervizel\u00e9s<\/strong><\/h4>\n<p>\u00dctemezzen be rendszeres szakmai szervizel\u00e9st vagy felm\u00e9r\u00e9st k\u00e9pzett szakemberek \u00e1ltal. Szak\u00e9rtelm\u00fcket \u0151k biztos\u00edtj\u00e1k a lehets\u00e9ges probl\u00e9m\u00e1k azonos\u00edt\u00e1s\u00e1ban \u00e9s a biztons\u00e1gi el\u0151\u00edr\u00e1sok betart\u00e1s\u00e1nak biztos\u00edt\u00e1s\u00e1ban.<\/p>\n<p>Ezen karbantart\u00e1si gyakorlatok betart\u00e1s\u00e1val a kezel\u0151k biztos\u00edthatj\u00e1k, hogy az emel\u0151henger cs\u00facsform\u00e1ban maradjon, n\u00f6velve a biztons\u00e1got \u00e9s a megb\u00edzhat\u00f3s\u00e1got a l\u00e9gi m\u0171veletek sor\u00e1n.<\/p>\n<h2><strong>Targoncahenger gy\u00e1rt\u00e1si ter\u00fclet:<\/strong><\/h2>\n<h2><img loading=\"lazy\" decoding=\"async\" class=\"alignnone size-full wp-image-16972\" src=\"https:\/\/www.hydraulic-cylinders.net\/wp-content\/uploads\/2025\/01\/hydraulic-cylinder-factory-1-scaled.webp\" alt=\"\" width=\"2016\" height=\"2560\" srcset=\"https:\/\/www.hydraulic-cylinders.net\/wp-content\/uploads\/2025\/01\/hydraulic-cylinder-factory-1-scaled.webp 2016w, https:\/\/www.hydraulic-cylinders.net\/wp-content\/uploads\/2025\/01\/hydraulic-cylinder-factory-1-1280x1625.webp 1280w, https:\/\/www.hydraulic-cylinders.net\/wp-content\/uploads\/2025\/01\/hydraulic-cylinder-factory-1-980x1244.webp 980w, https:\/\/www.hydraulic-cylinders.net\/wp-content\/uploads\/2025\/01\/hydraulic-cylinder-factory-1-480x610.webp 480w\" sizes=\"(min-width: 0px) and (max-width: 480px) 480px, (min-width: 481px) and (max-width: 980px) 980px, (min-width: 981px) and (max-width: 1280px) 1280px, (min-width: 1281px) 2016px, 100vw\" \/><\/h2>\n<p>Korszer\u0171, f\u00fcggetlen, \u00f6sszeszerel\u00e9sre szakosodott K+F platformmal b\u00fcszk\u00e9lkedhet\u00fcnk, amely biztos\u00edtja a gy\u00e1rt\u00e1si folyamatainkban a legmagasabb szint\u0171 innov\u00e1ci\u00f3t \u00e9s min\u0151s\u00e9get. Targoncahenger-gy\u00e1rt\u00f3 m\u0171hely\u00fcnkben n\u00e9gy f\u00e9lautomata emel\u0151henger-\u00f6sszeszerel\u0151 sor \u00e9s egy teljesen automatikus billen\u0151henger-\u00f6sszeszerel\u0151 sor tal\u00e1lhat\u00f3, amelyeket egy\u00fcttesen \u00e9vi ak\u00e1r egymilli\u00f3 egys\u00e9g gy\u00e1rt\u00e1s\u00e1ra tervezt\u00fcnk.<\/p>\n<p>Ezenk\u00edv\u00fcl specializ\u00e1lt hengerm\u0171hely\u00fcnk k\u00fcl\u00f6nf\u00e9le specifik\u00e1ci\u00f3khoz igaz\u00edtott f\u00e9lautomata tiszt\u00edt\u00f3- \u00e9s \u00f6sszeszerel\u0151 rendszerekkel van felszerelve, \u00e9vi 200 000 darabos termel\u00e9si kapacit\u00e1ssal. Elismert CNC-berendez\u00e9seket, megmunk\u00e1l\u00f3k\u00f6zpontokat \u00e9s speci\u00e1lis szersz\u00e1mokat haszn\u00e1lunk a nagy pontoss\u00e1g\u00fa hengermegmunk\u00e1l\u00e1shoz. L\u00e9tes\u00edtm\u00e9ny\u00fcnkben fejlett robothegeszt\u0151g\u00e9pek, automatikus tiszt\u00edt\u00f3rendszerek, valamint teljesen automatiz\u00e1lt henger\u00f6sszeszerel\u0151 \u00e9s fest\u0151sorok is tal\u00e1lhat\u00f3k. T\u00f6bb mint 300 m\u0171k\u00f6d\u0151 kulcsfontoss\u00e1g\u00fa berendez\u00e9ssel optimaliz\u00e1ljuk az er\u0151forr\u00e1sok eloszt\u00e1s\u00e1t \u00e9s biztos\u00edtjuk a hat\u00e9kony kihaszn\u00e1l\u00e1st, megfelelve a szigor\u00fa pontoss\u00e1gi \u00e9s min\u0151s\u00e9gi el\u0151\u00edr\u00e1soknak.<\/p>\n<p>Megmunk\u00e1l\u00f3 m\u0171hely\u00fcnk egyedi d\u00f6nthet\u0151 vezet\u0151s\u00ednes eszterg\u00e1l\u00f3 k\u00f6zpontokkal, megmunk\u00e1l\u00f3k\u00f6zpontokkal, nagysebess\u00e9g\u0171 h\u00f3nol\u00f3g\u00e9pekkel, hegeszt\u0151robotokkal \u00e9s egy\u00e9b n\u00e9lk\u00fcl\u00f6zhetetlen berendez\u00e9sekkel rendelkezik. Ez a be\u00e1ll\u00edt\u00e1s lehet\u0151v\u00e9 teszi sz\u00e1munkra, hogy legfeljebb 400 mm bels\u0151 \u00e1tm\u00e9r\u0151j\u0171 \u00e9s ak\u00e1r 6 m\u00e9ter hossz\u00fa hengeres cs\u00f6veket is megmunk\u00e1ljunk, tov\u00e1bb n\u00f6velve termel\u00e9si kapacit\u00e1sunkat.<\/p>\n<h2><img loading=\"lazy\" decoding=\"async\" class=\"alignnone size-full wp-image-16973\" src=\"https:\/\/www.hydraulic-cylinders.net\/wp-content\/uploads\/2025\/01\/hydraulic-cylinder-factory-2-scaled.webp\" alt=\"\" width=\"2011\" height=\"2560\" srcset=\"https:\/\/www.hydraulic-cylinders.net\/wp-content\/uploads\/2025\/01\/hydraulic-cylinder-factory-2-scaled.webp 2011w, https:\/\/www.hydraulic-cylinders.net\/wp-content\/uploads\/2025\/01\/hydraulic-cylinder-factory-2-1280x1629.webp 1280w, https:\/\/www.hydraulic-cylinders.net\/wp-content\/uploads\/2025\/01\/hydraulic-cylinder-factory-2-980x1248.webp 980w, https:\/\/www.hydraulic-cylinders.net\/wp-content\/uploads\/2025\/01\/hydraulic-cylinder-factory-2-480x611.webp 480w\" sizes=\"(min-width: 0px) and (max-width: 480px) 480px, (min-width: 481px) and (max-width: 980px) 980px, (min-width: 981px) and (max-width: 1280px) 1280px, (min-width: 1281px) 2011px, 100vw\" \/><\/h2>\n<p>Egy teljesen automatikus, v\u00edzb\u00e1zis\u00fa fest\u00e9kbevon\u00f3 sort \u00fczemeltet\u00fcnk, amelyet kifejezetten kis \u00e9s k\u00f6zepes palackokhoz tervezt\u00fcnk, automatiz\u00e1lt be-, kirakod\u00f3- \u00e9s permetez\u0151robotokkal. Ez a korszer\u0171 rendszer m\u0171szakonk\u00e9nt 4000 egys\u00e9g gy\u00e1rt\u00e1si kapacit\u00e1ssal b\u00fcszk\u00e9lkedhet. Ezenk\u00edv\u00fcl egy f\u00e9lautomata fest\u0151sorral rendelkez\u00fcnk nagym\u00e9ret\u0171 palackokhoz, l\u00e1nchajt\u00e1ssal, m\u0171szakonk\u00e9nt 60 l\u00e1da tervez\u00e9si kapacit\u00e1ssal.<\/p>\n<p>A term\u00e9kteljes\u00edtm\u00e9ny fokoz\u00e1sa \u00e9s a hidraulikus hengerek ipar\u00e1g\u00e1ban bet\u00f6lt\u00f6tt vezet\u0151 szerep\u00fcnk megszil\u00e1rd\u00edt\u00e1sa \u00e9rdek\u00e9ben partners\u00e9gre l\u00e9pt\u00fcnk a ZJIMEE-vel egy \u00e1tfog\u00f3 teljes\u00edtm\u00e9nyvizsg\u00e1l\u00f3 laborat\u00f3rium l\u00e9trehoz\u00e1sa \u00e9rdek\u00e9ben, amely a hidraulikus hengerek, szelepek \u00e9s szivatty\u00fak vizsg\u00e1lat\u00e1ra specializ\u00e1l\u00f3dott. Ez a fejlett laborat\u00f3rium sz\u00e1m\u00edt\u00f3g\u00e9ppel seg\u00edtett tesztel\u00e9st alkalmaz elektrohidraulikus technol\u00f3gi\u00e1val, lehet\u0151v\u00e9 t\u00e9ve az el\u0151re be\u00e1ll\u00edtott vizsg\u00e1lati felt\u00e9teleket, amelyek jav\u00edtj\u00e1k a pontoss\u00e1got \u00e9s a rendszer sokoldal\u00fas\u00e1g\u00e1t. Az automatiz\u00e1lt adatgy\u0171jt\u00e9si folyamat \u00e9rz\u00e9kel\u0151ket haszn\u00e1l a kimeneti adatok, p\u00e9ld\u00e1ul a bels\u0151 sziv\u00e1rg\u00e1s \u00e9s a terhel\u00e9si hat\u00e9konys\u00e1g gy\u0171jt\u00e9s\u00e9re, amelyeket ezut\u00e1n egy sz\u00e1m\u00edt\u00f3g\u00e9p dolgoz fel, \u00e9s szabv\u00e1nyos m\u00e9rt\u00e9kegys\u00e9gekbe (ml\/perc%) konvert\u00e1l.<\/p>\n<p>Tov\u00e1bb\u00e1, hidraulikus rendszereink biztons\u00e1g\u00e1nak garant\u00e1l\u00e1sa \u00e9rdek\u00e9ben \u00e1llapotfel\u00fcgyeletet alkalmazunk a kulcsfontoss\u00e1g\u00fa teljes\u00edtm\u00e9nyparam\u00e9terek, t\u00f6bbek k\u00f6z\u00f6tt az olajh\u0151m\u00e9rs\u00e9klet, a folyad\u00e9kszint \u00e9s a sz\u0171r\u0151berendez\u00e9s \u00e1llapota tekintet\u00e9ben. Hidraulikus henger teszt\u00e1llv\u00e1nyunk k\u00e9pes pontos leolvas\u00e1sokkal felm\u00e9rni a \u201eterhel\u00e9si hat\u00e9konys\u00e1got\u201d \u00e9s a \u201ebels\u0151 sziv\u00e1rg\u00e1st\u201d. Emellett egy r\u00e1csos vonalz\u00f3val ell\u00e1tott m\u00e9r\u0151m\u0171szerrel is fel van szerelve, amely megfelel a nemzeti szabv\u00e1nyoknak, biztos\u00edtva a hidraulikus hengerterm\u00e9kekre vonatkoz\u00f3 \u00f6sszes vizsg\u00e1lati k\u00f6vetelm\u00e9ny betart\u00e1s\u00e1t.<\/p>\n<p>&nbsp;<\/p>","protected":false},"excerpt":{"rendered":"<p>Lifting Cylinder For Mast Type Aerial Work Vehicles The lifting cylinder for mast type aerial work vehicles is a vital component for aerial work vehicles, engineered to deliver reliable lifting power across a range of applications. Designed with a focus on performance and safety, this cylinder empowers operators to carry out tasks at height with [&hellip;]<\/p>","protected":false},"featured_media":17492,"comment_status":"open","ping_status":"closed","template":"","meta":{"_et_pb_use_builder":"","_et_pb_old_content":"","_et_gb_content_width":""},"product_brand":[],"product_cat":[1500,1549,1376],"product_tag":[],"class_list":{"0":"post-17210","1":"product","2":"type-product","3":"status-publish","4":"has-post-thumbnail","6":"product_cat-aerial-work-vehicle-hydraulic-cylinder","7":"product_cat-single-acting-hydraulic-cylinder","8":"product_cat-hydraulic-cylinder","10":"first","11":"instock","12":"shipping-taxable","13":"product-type-simple"},"amp_enabled":true,"_links":{"self":[{"href":"https:\/\/www.hydraulic-cylinders.net\/hu\/wp-json\/wp\/v2\/product\/17210","targetHints":{"allow":["GET"]}}],"collection":[{"href":"https:\/\/www.hydraulic-cylinders.net\/hu\/wp-json\/wp\/v2\/product"}],"about":[{"href":"https:\/\/www.hydraulic-cylinders.net\/hu\/wp-json\/wp\/v2\/types\/product"}],"replies":[{"embeddable":true,"href":"https:\/\/www.hydraulic-cylinders.net\/hu\/wp-json\/wp\/v2\/comments?post=17210"}],"wp:featuredmedia":[{"embeddable":true,"href":"https:\/\/www.hydraulic-cylinders.net\/hu\/wp-json\/wp\/v2\/media\/17492"}],"wp:attachment":[{"href":"https:\/\/www.hydraulic-cylinders.net\/hu\/wp-json\/wp\/v2\/media?parent=17210"}],"wp:term":[{"taxonomy":"product_brand","embeddable":true,"href":"https:\/\/www.hydraulic-cylinders.net\/hu\/wp-json\/wp\/v2\/product_brand?post=17210"},{"taxonomy":"product_cat","embeddable":true,"href":"https:\/\/www.hydraulic-cylinders.net\/hu\/wp-json\/wp\/v2\/product_cat?post=17210"},{"taxonomy":"product_tag","embeddable":true,"href":"https:\/\/www.hydraulic-cylinders.net\/hu\/wp-json\/wp\/v2\/product_tag?post=17210"}],"curies":[{"name":"munkaf\u00fczet","href":"https:\/\/api.w.org\/{rel}","templated":true}]}}