{"id":17237,"date":"2025-02-23T08:26:58","date_gmt":"2025-02-23T08:26:58","guid":{"rendered":"https:\/\/www.hydraulic-cylinders.net\/?post_type=product&#038;p=17237"},"modified":"2025-04-30T08:37:43","modified_gmt":"2025-04-30T08:37:43","slug":"luffing-cylinder-for-arm-type-aerial-work-vehicles","status":"publish","type":"product","link":"https:\/\/www.hydraulic-cylinders.net\/hu\/termek\/luffing-cylinder-for-arm-type-aerial-work-vehicles\/","title":{"rendered":"D\u00f6nthet\u0151 henger karos munkag\u00e9pekhez"},"content":{"rendered":"<h1 style=\"text-align: center;\"><strong>D\u00f6nthet\u0151 henger karos munkag\u00e9pekhez<\/strong><\/h1>\n<h1 style=\"text-align: center;\"><img loading=\"lazy\" decoding=\"async\" class=\"alignnone size-full wp-image-17240\" src=\"https:\/\/www.hydraulic-cylinders.net\/wp-content\/uploads\/2025\/02\/hcyy11112010-main-boom-angle-cylinder-2.webp\" alt=\"\" width=\"1500\" height=\"520\" srcset=\"https:\/\/www.hydraulic-cylinders.net\/wp-content\/uploads\/2025\/02\/hcyy11112010-main-boom-angle-cylinder-2.webp 1500w, https:\/\/www.hydraulic-cylinders.net\/wp-content\/uploads\/2025\/02\/hcyy11112010-main-boom-angle-cylinder-2-1280x444.webp 1280w, https:\/\/www.hydraulic-cylinders.net\/wp-content\/uploads\/2025\/02\/hcyy11112010-main-boom-angle-cylinder-2-980x340.webp 980w, https:\/\/www.hydraulic-cylinders.net\/wp-content\/uploads\/2025\/02\/hcyy11112010-main-boom-angle-cylinder-2-480x166.webp 480w\" sizes=\"(min-width: 0px) and (max-width: 480px) 480px, (min-width: 481px) and (max-width: 980px) 980px, (min-width: 981px) and (max-width: 1280px) 1280px, (min-width: 1281px) 1500px, 100vw\" \/><\/h1>\n<p>A karos munkag\u00e9pekhez val\u00f3 emel\u0151henger egy fejlett alkatr\u00e9sz, amelyet kifejezetten munkag\u00e9pekhez terveztek. Ez a henger jelent\u0151sen jav\u00edtja a munkag\u00e9pek man\u0151verezhet\u0151s\u00e9g\u00e9t \u00e9s funkcionalit\u00e1s\u00e1t, \u00edgy n\u00e9lk\u00fcl\u00f6zhetetlenn\u00e9 teszi sz\u00e1mos ipar\u00e1gban, bele\u00e9rtve az \u00e9p\u00edt\u0151ipar, a karbantart\u00e1s \u00e9s a telekommunik\u00e1ci\u00f3 ter\u00fclet\u00e9n. Robusztus kialak\u00edt\u00e1s\u00e1nak \u00e9s \u00e9lvonalbeli m\u00e9rn\u00f6ki munk\u00e1j\u00e1nak k\u00f6sz\u00f6nhet\u0151en a HCYY11112010 biztons\u00e1gos \u00e9s hat\u00e9kony m\u0171k\u00f6d\u00e9st garant\u00e1l nagy magass\u00e1gokban.<\/p>\n<p>Ez a munkahenger kulcsfontoss\u00e1g\u00fa a l\u00e9gi munkav\u00e9gz\u00e9s biztons\u00e1g\u00e1nak \u00e9s hat\u00e9konys\u00e1g\u00e1nak jav\u00edt\u00e1s\u00e1ban. Tart\u00f3s konstrukci\u00f3ja, felhaszn\u00e1l\u00f3bar\u00e1t kialak\u00edt\u00e1sa \u00e9s prec\u00edz m\u0171k\u00f6d\u00e9se megfelel a k\u00fcl\u00f6nb\u00f6z\u0151 ter\u00fcleteken dolgoz\u00f3 szakemberek ig\u00e9nyes ig\u00e9nyeinek. A megfelel\u0151 haszn\u00e1lati \u00e9s karbantart\u00e1si ir\u00e1nyelvek betart\u00e1s\u00e1val a kezel\u0151k biztos\u00edthatj\u00e1k, hogy a billen\u0151henger k\u00f6vetkezetesen megb\u00edzhat\u00f3 teljes\u00edtm\u00e9nyt ny\u00fajtson, korszer\u0171s\u00edtve a l\u00e9gi m\u0171veleteket \u00e9s n\u00f6velve a hat\u00e9konys\u00e1got.<\/p>\n<p>A karos l\u00e9gi munkag\u00e9pekhez val\u00f3 emel\u0151henger beszerz\u00e9se nemcsak a l\u00e9gi munkav\u00e9gz\u00e9si k\u00e9pess\u00e9geit n\u00f6veli, hanem a berendez\u00e9s \u00e1ltal\u00e1nos teljes\u00edtm\u00e9ny\u00e9t is, lehet\u0151v\u00e9 t\u00e9ve a feladatok magabiztos \u00e9s prec\u00edz elv\u00e9gz\u00e9s\u00e9t.<\/p>\n<h2><strong>Leng\u0151karos munkag\u00e9pekhez val\u00f3 emel\u0151henger Param\u00e9ter:<\/strong><\/h2>\n<h1 style=\"text-align: center;\"><img loading=\"lazy\" decoding=\"async\" class=\"alignnone size-full wp-image-17239\" src=\"https:\/\/www.hydraulic-cylinders.net\/wp-content\/uploads\/2025\/02\/hcyy11112010-main-boom-angle-cylinder-1.webp\" alt=\"\" width=\"1512\" height=\"146\" srcset=\"https:\/\/www.hydraulic-cylinders.net\/wp-content\/uploads\/2025\/02\/hcyy11112010-main-boom-angle-cylinder-1.webp 1512w, https:\/\/www.hydraulic-cylinders.net\/wp-content\/uploads\/2025\/02\/hcyy11112010-main-boom-angle-cylinder-1-1280x124.webp 1280w, https:\/\/www.hydraulic-cylinders.net\/wp-content\/uploads\/2025\/02\/hcyy11112010-main-boom-angle-cylinder-1-980x95.webp 980w, https:\/\/www.hydraulic-cylinders.net\/wp-content\/uploads\/2025\/02\/hcyy11112010-main-boom-angle-cylinder-1-480x46.webp 480w\" sizes=\"(min-width: 0px) and (max-width: 480px) 480px, (min-width: 481px) and (max-width: 980px) 980px, (min-width: 981px) and (max-width: 1280px) 1280px, (min-width: 1281px) 1512px, 100vw\" \/> \u00a0<img loading=\"lazy\" decoding=\"async\" class=\"alignnone size-full wp-image-17241\" src=\"https:\/\/www.hydraulic-cylinders.net\/wp-content\/uploads\/2025\/02\/hcyy11112010-main-boom-angle-cylinder-3.webp\" alt=\"\" width=\"1479\" height=\"710\" srcset=\"https:\/\/www.hydraulic-cylinders.net\/wp-content\/uploads\/2025\/02\/hcyy11112010-main-boom-angle-cylinder-3.webp 1479w, https:\/\/www.hydraulic-cylinders.net\/wp-content\/uploads\/2025\/02\/hcyy11112010-main-boom-angle-cylinder-3-1280x614.webp 1280w, https:\/\/www.hydraulic-cylinders.net\/wp-content\/uploads\/2025\/02\/hcyy11112010-main-boom-angle-cylinder-3-980x470.webp 980w, https:\/\/www.hydraulic-cylinders.net\/wp-content\/uploads\/2025\/02\/hcyy11112010-main-boom-angle-cylinder-3-480x230.webp 480w\" sizes=\"(min-width: 0px) and (max-width: 480px) 480px, (min-width: 481px) and (max-width: 980px) 980px, (min-width: 981px) and (max-width: 1280px) 1280px, (min-width: 1281px) 1479px, 100vw\" \/> <img loading=\"lazy\" decoding=\"async\" class=\"alignnone size-full wp-image-17242\" src=\"https:\/\/www.hydraulic-cylinders.net\/wp-content\/uploads\/2025\/02\/hcyy11112010-main-boom-angle-cylinder-4.webp\" alt=\"\" width=\"1471\" height=\"710\" srcset=\"https:\/\/www.hydraulic-cylinders.net\/wp-content\/uploads\/2025\/02\/hcyy11112010-main-boom-angle-cylinder-4.webp 1471w, https:\/\/www.hydraulic-cylinders.net\/wp-content\/uploads\/2025\/02\/hcyy11112010-main-boom-angle-cylinder-4-1280x618.webp 1280w, https:\/\/www.hydraulic-cylinders.net\/wp-content\/uploads\/2025\/02\/hcyy11112010-main-boom-angle-cylinder-4-980x473.webp 980w, https:\/\/www.hydraulic-cylinders.net\/wp-content\/uploads\/2025\/02\/hcyy11112010-main-boom-angle-cylinder-4-480x232.webp 480w\" sizes=\"(min-width: 0px) and (max-width: 480px) 480px, (min-width: 481px) and (max-width: 980px) 980px, (min-width: 981px) and (max-width: 1280px) 1280px, (min-width: 1281px) 1471px, 100vw\" \/> <img loading=\"lazy\" decoding=\"async\" class=\"alignnone size-full wp-image-17243\" src=\"https:\/\/www.hydraulic-cylinders.net\/wp-content\/uploads\/2025\/02\/hcyy11112010-main-boom-angle-cylinder-5.webp\" alt=\"\" width=\"1497\" height=\"764\" srcset=\"https:\/\/www.hydraulic-cylinders.net\/wp-content\/uploads\/2025\/02\/hcyy11112010-main-boom-angle-cylinder-5.webp 1497w, https:\/\/www.hydraulic-cylinders.net\/wp-content\/uploads\/2025\/02\/hcyy11112010-main-boom-angle-cylinder-5-1280x653.webp 1280w, https:\/\/www.hydraulic-cylinders.net\/wp-content\/uploads\/2025\/02\/hcyy11112010-main-boom-angle-cylinder-5-980x500.webp 980w, https:\/\/www.hydraulic-cylinders.net\/wp-content\/uploads\/2025\/02\/hcyy11112010-main-boom-angle-cylinder-5-480x245.webp 480w\" sizes=\"(min-width: 0px) and (max-width: 480px) 480px, (min-width: 481px) and (max-width: 980px) 980px, (min-width: 981px) and (max-width: 1280px) 1280px, (min-width: 1281px) 1497px, 100vw\" \/><\/h1>\n<h2><strong>Hengersorozat l\u00e9gi munkag\u00e9pekhez:<\/strong><\/h2>\n<h2><img loading=\"lazy\" decoding=\"async\" class=\"wp-image-1044652 size-full aligncenter\" src=\"https:\/\/images.hzpt.com\/2025\/02\/cylinder-series-for-aerial-work-vehicles.webp\" alt=\"\" width=\"751\" height=\"850\" \/><\/h2>\n<h2><strong>A karos munkag\u00e9pekhez val\u00f3 emel\u0151henger f\u0151bb jellemz\u0151i:<\/strong><\/h2>\n<h4><strong>Rendszeres ellen\u0151rz\u00e9sek<\/strong><\/h4>\n<p>A rutinszer\u0171 ellen\u0151rz\u00e9sek elv\u00e9gz\u00e9se elengedhetetlen a karos l\u00e9gi munkag\u00e9pekhez val\u00f3 emel\u0151henger teljes\u00edtm\u00e9ny\u00e9nek \u00e9s biztons\u00e1g\u00e1nak fenntart\u00e1s\u00e1hoz. Ellen\u0151rizze a t\u00f6m\u00edt\u00e9sek \u00e9s t\u00f6ml\u0151k l\u00e1that\u00f3 kop\u00e1s\u00e1t, vizsg\u00e1lja meg a hidraulikus sziv\u00e1rg\u00e1sokat, \u00e9s keressen b\u00e1rmilyen s\u00e9r\u00fcl\u00e9sre utal\u00f3 jelet, p\u00e9ld\u00e1ul horpad\u00e1sokat vagy korr\u00f3zi\u00f3t. Ezen probl\u00e9m\u00e1k korai felismer\u00e9se lehet\u0151v\u00e9 teszi az id\u0151ben t\u00f6rt\u00e9n\u0151 jav\u00edt\u00e1sokat, megel\u0151zi a tov\u00e1bbi k\u00e1rokat \u00e9s biztos\u00edtja a henger hat\u00e9kony m\u0171k\u00f6d\u00e9s\u00e9t.<\/p>\n<h4><strong>Ken\u00e9s<\/strong><\/h4>\n<p>A megfelel\u0151 ken\u00e9s elengedhetetlen a billen\u0151henger hossz\u00fa \u00e9lettartam\u00e1hoz. Rendszeresen vigye fel az aj\u00e1nlott ken\u0151anyagokat a mozg\u00f3 alkatr\u00e9szekre, a gy\u00e1rt\u00f3 utas\u00edt\u00e1sainak megfelel\u0151en. Ez a gyakorlat cs\u00f6kkenti a s\u00farl\u00f3d\u00e1st, minimaliz\u00e1lja a kop\u00e1st, \u00e9s jav\u00edtja a henger z\u00f6kken\u0151mentes m\u0171k\u00f6d\u00e9s\u00e9t. Gy\u0151z\u0151dj\u00f6n meg arr\u00f3l, hogy a ken\u00e9si pontok k\u00f6nnyen hozz\u00e1f\u00e9rhet\u0151k, \u00e9s a felesleges ken\u0151anyagot let\u00f6r\u00f6lje a szennyez\u0151d\u00e9s elker\u00fcl\u00e9se \u00e9rdek\u00e9ben.<\/p>\n<h4><strong>Hidraulikafolyad\u00e9k-szintek<\/strong><\/h4>\n<p>A hidraulikafolyad\u00e9k szintj\u00e9nek ellen\u0151rz\u00e9se elengedhetetlen az optim\u00e1lis m\u0171k\u00f6d\u00e9shez. Rendszeresen ellen\u0151rizze a folyad\u00e9ktart\u00e1lyt, hogy megbizonyosodjon arr\u00f3l, hogy az aj\u00e1nlott szinten van. Az alacsony hidraulikafolyad\u00e9k-szint cs\u00f6kkent teljes\u00edtm\u00e9nyhez, cs\u00f6kkent emel\u0151kapacit\u00e1shoz \u00e9s potenci\u00e1lis t\u00falmeleged\u00e9shez vezethet. Ha a folyad\u00e9kszint alacsony, azonnal t\u00f6ltse fel a megfelel\u0151 t\u00edpus\u00fa hidraulikafolyad\u00e9kkal a hat\u00e9konys\u00e1g fenntart\u00e1sa \u00e9s a k\u00e1rosod\u00e1s megel\u0151z\u00e9se \u00e9rdek\u00e9ben.<\/p>\n<h4><strong>Tiszt\u00edt\u00e1s<\/strong><\/h4>\n<p>A karos l\u00e9gi j\u00e1rm\u0171vek billen\u0151henger\u00e9nek tiszt\u00e1n tart\u00e1sa elengedhetetlen a hat\u00e9kony m\u0171k\u00f6d\u00e9s\u00e9hez. Rendszeresen tiszt\u00edtsa meg a hengert a t\u00f6rmel\u00e9k, a szennyez\u0151d\u00e9sek \u00e9s a szennyez\u0151d\u00e9sek elt\u00e1vol\u00edt\u00e1sa \u00e9rdek\u00e9ben, amelyek zavarhatj\u00e1k a m\u0171k\u00f6d\u00e9s\u00e9t. Nedves ruh\u00e1val t\u00f6r\u00f6lje \u00e1t a fel\u00fcleteket, k\u00fcl\u00f6n\u00f6s figyelmet ford\u00edtva a t\u00f6m\u00edt\u00e9sekre \u00e9s az illeszt\u00e9sekre, hogy megakad\u00e1lyozza a szennyez\u0151d\u00e9s bejut\u00e1s\u00e1t a hidraulikus rendszerbe. A tiszta henger nemcsak jobban m\u0171k\u00f6dik, hanem meghosszabb\u00edtja az \u00e9lettartam\u00e1t is.<\/p>\n<h4><strong>Professzion\u00e1lis szervizel\u00e9s<\/strong><\/h4>\n<p>Az \u00e1tfog\u00f3 karbantart\u00e1shoz elengedhetetlen a rendszeres szervizel\u00e9s \u00fctemez\u00e9se egy k\u00e9pzett szakember \u00e1ltal. Egy szakember alapos ellen\u0151rz\u00e9seket v\u00e9gezhet, elh\u00e1r\u00edthatja a probl\u00e9m\u00e1kat, \u00e9s biztos\u00edthatja, hogy minden alkatr\u00e9sz megfelel\u0151en m\u0171k\u00f6dj\u00f6n. Ez a proakt\u00edv megk\u00f6zel\u00edt\u00e9s seg\u00edt azonos\u00edtani a potenci\u00e1lis probl\u00e9m\u00e1kat, miel\u0151tt azok s\u00falyosbodn\u00e1nak, biztos\u00edtva, hogy a HCYY11112010 a teljes \u00e9lettartama alatt cs\u00facsteljes\u00edtm\u00e9nyt \u00e9s megb\u00edzhat\u00f3s\u00e1got biztos\u00edtson. A rendszeres szakmai ellen\u0151rz\u00e9sek szint\u00e9n nyugalmat biztos\u00edtanak, tudv\u00e1n, hogy a berendez\u00e9s megfelel a biztons\u00e1gi el\u0151\u00edr\u00e1soknak \u00e9s az \u00fczemeltet\u00e9si ir\u00e1nyelveknek.<\/p>\n<h2><strong>Milyen gyakran kell ellen\u0151rizni a billen\u0151hengert a karos munkag\u00e9pekn\u00e9l?<\/strong><\/h2>\n<p>A karos munkag\u00e9pek emel\u0151henger\u00e9nek optim\u00e1lis teljes\u00edtm\u00e9ny\u00e9nek \u00e9s biztons\u00e1g\u00e1nak garant\u00e1l\u00e1s\u00e1hoz elengedhetetlen egy rendszeres ellen\u0151rz\u00e9si \u00fctemterv l\u00e9trehoz\u00e1sa. T\u00f6rekedjen arra, hogy legal\u00e1bb havonta egyszer alapos ellen\u0151rz\u00e9seket v\u00e9gezzen. Ha azonban a hengert gyakran haszn\u00e1lja, vagy ig\u00e9nyes k\u00f6r\u00fclm\u00e9nyek k\u00f6z\u00f6tt, p\u00e9ld\u00e1ul sz\u00e9ls\u0151s\u00e9ges h\u0151m\u00e9rs\u00e9kleten, er\u0151s porban vagy nedvess\u00e9gben \u00fczemel, \u00e9rdemes a gyakoris\u00e1got heti ellen\u0151rz\u00e9sre n\u00f6velni.<\/p>\n<p>A rendszeres ellen\u0151rz\u00e9sek jelentik az els\u0151 v\u00e9delmi vonalat a karbantart\u00e1s sor\u00e1n. Lehet\u0151s\u00e9get adnak a kop\u00e1s, a hidraulikus sziv\u00e1rg\u00e1sok vagy a s\u00e9r\u00fcl\u00e9sek korai jeleinek azonos\u00edt\u00e1s\u00e1ra, miel\u0151tt azok komolyabb probl\u00e9m\u00e1kk\u00e1 fajuln\u00e1nak. Ez a proakt\u00edv megk\u00f6zel\u00edt\u00e9s nemcsak a k\u00f6lts\u00e9ges jav\u00edt\u00e1sokt\u00f3l k\u00edm\u00e9li meg \u00d6nt, hanem n\u00f6veli a l\u00e9gi m\u0171veletek biztons\u00e1g\u00e1t is. K\u00e9pzelje el azt a nyugalmat, amelyet az ad, hogy tudja, berendez\u00e9se hib\u00e1tlanul m\u0171k\u00f6dik, \u00e9s magabiztosan k\u00e9szen \u00e1ll b\u00e1rmilyen kih\u00edv\u00e1s megv\u00e1laszol\u00e1s\u00e1ra.<\/p>\n<p>A rendszeres ellen\u0151rz\u00e9sek be\u00e9p\u00edt\u00e9se a rutinba nemcsak azt biztos\u00edtja, hogy a karos emel\u0151g\u00e9pek emel\u0151hengere cs\u00facsform\u00e1ban maradjon, hanem meghosszabb\u00edtja \u00e9lettartam\u00e1t is, v\u00e9gs\u0151 soron maximaliz\u00e1lva a befektet\u00e9s\u00e9t. A rendszeres ellen\u0151rz\u00e9sek elv\u00e9gz\u00e9s\u00e9vel k\u00e9pess\u00e9 teszi csapat\u00e1t a hat\u00e9konyabb \u00e9s biztons\u00e1gosabb munkav\u00e9gz\u00e9sre, \u00edgy \u00d6n arra koncentr\u00e1lhat, ami igaz\u00e1n sz\u00e1m\u00edt \u2013 a munka megfelel\u0151 elv\u00e9gz\u00e9s\u00e9re. Tegye priorit\u00e1ss\u00e1 az ellen\u0151rz\u00e9seket, \u00e9s n\u00e9zze, ahogy a m\u0171k\u00f6d\u00e9si hat\u00e9konys\u00e1ga sz\u00e1rnyal!<\/p>\n<h2><strong>L\u00e9gi munkag\u00e9pek hengergy\u00e1rt\u00e1si ter\u00fclete:<\/strong><\/h2>\n<h2><img loading=\"lazy\" decoding=\"async\" class=\"alignnone size-full wp-image-16972\" src=\"https:\/\/www.hydraulic-cylinders.net\/wp-content\/uploads\/2025\/01\/hydraulic-cylinder-factory-1-scaled.webp\" alt=\"\" width=\"2016\" height=\"2560\" srcset=\"https:\/\/www.hydraulic-cylinders.net\/wp-content\/uploads\/2025\/01\/hydraulic-cylinder-factory-1-scaled.webp 2016w, https:\/\/www.hydraulic-cylinders.net\/wp-content\/uploads\/2025\/01\/hydraulic-cylinder-factory-1-1280x1625.webp 1280w, https:\/\/www.hydraulic-cylinders.net\/wp-content\/uploads\/2025\/01\/hydraulic-cylinder-factory-1-980x1244.webp 980w, https:\/\/www.hydraulic-cylinders.net\/wp-content\/uploads\/2025\/01\/hydraulic-cylinder-factory-1-480x610.webp 480w\" sizes=\"(min-width: 0px) and (max-width: 480px) 480px, (min-width: 481px) and (max-width: 980px) 980px, (min-width: 981px) and (max-width: 1280px) 1280px, (min-width: 1281px) 2016px, 100vw\" \/><\/h2>\n<p>Korszer\u0171, f\u00fcggetlen, \u00f6sszeszerel\u00e9sre szakosodott K+F platformmal b\u00fcszk\u00e9lkedhet\u00fcnk, amely biztos\u00edtja a gy\u00e1rt\u00e1si folyamatainkban a legmagasabb szint\u0171 innov\u00e1ci\u00f3t \u00e9s min\u0151s\u00e9get. Targoncahenger-gy\u00e1rt\u00f3 m\u0171hely\u00fcnkben n\u00e9gy f\u00e9lautomata emel\u0151henger-\u00f6sszeszerel\u0151 sor \u00e9s egy teljesen automatikus billen\u0151henger-\u00f6sszeszerel\u0151 sor tal\u00e1lhat\u00f3, amelyeket egy\u00fcttesen \u00e9vi ak\u00e1r egymilli\u00f3 egys\u00e9g gy\u00e1rt\u00e1s\u00e1ra tervezt\u00fcnk.<\/p>\n<p>Ezenk\u00edv\u00fcl specializ\u00e1lt hengerm\u0171hely\u00fcnk k\u00fcl\u00f6nf\u00e9le specifik\u00e1ci\u00f3khoz igaz\u00edtott f\u00e9lautomata tiszt\u00edt\u00f3- \u00e9s \u00f6sszeszerel\u0151 rendszerekkel van felszerelve, \u00e9vi 200 000 darabos termel\u00e9si kapacit\u00e1ssal. Elismert CNC-berendez\u00e9seket, megmunk\u00e1l\u00f3k\u00f6zpontokat \u00e9s speci\u00e1lis szersz\u00e1mokat haszn\u00e1lunk a nagy pontoss\u00e1g\u00fa hengermegmunk\u00e1l\u00e1shoz. L\u00e9tes\u00edtm\u00e9ny\u00fcnkben fejlett robothegeszt\u0151g\u00e9pek, automatikus tiszt\u00edt\u00f3rendszerek, valamint teljesen automatiz\u00e1lt henger\u00f6sszeszerel\u0151 \u00e9s fest\u0151sorok is tal\u00e1lhat\u00f3k. T\u00f6bb mint 300 m\u0171k\u00f6d\u0151 kulcsfontoss\u00e1g\u00fa berendez\u00e9ssel optimaliz\u00e1ljuk az er\u0151forr\u00e1sok eloszt\u00e1s\u00e1t \u00e9s biztos\u00edtjuk a hat\u00e9kony kihaszn\u00e1l\u00e1st, megfelelve a szigor\u00fa pontoss\u00e1gi \u00e9s min\u0151s\u00e9gi el\u0151\u00edr\u00e1soknak.<\/p>\n<p>Megmunk\u00e1l\u00f3 m\u0171hely\u00fcnk egyedi d\u00f6nthet\u0151 vezet\u0151s\u00ednes eszterg\u00e1l\u00f3 k\u00f6zpontokkal, megmunk\u00e1l\u00f3k\u00f6zpontokkal, nagysebess\u00e9g\u0171 h\u00f3nol\u00f3g\u00e9pekkel, hegeszt\u0151robotokkal \u00e9s egy\u00e9b n\u00e9lk\u00fcl\u00f6zhetetlen berendez\u00e9sekkel rendelkezik. Ez a be\u00e1ll\u00edt\u00e1s lehet\u0151v\u00e9 teszi sz\u00e1munkra, hogy legfeljebb 400 mm bels\u0151 \u00e1tm\u00e9r\u0151j\u0171 \u00e9s ak\u00e1r 6 m\u00e9ter hossz\u00fa hengeres cs\u00f6veket is megmunk\u00e1ljunk, tov\u00e1bb n\u00f6velve termel\u00e9si kapacit\u00e1sunkat.<\/p>\n<h2><img loading=\"lazy\" decoding=\"async\" class=\"alignnone size-full wp-image-16973\" src=\"https:\/\/www.hydraulic-cylinders.net\/wp-content\/uploads\/2025\/01\/hydraulic-cylinder-factory-2-scaled.webp\" alt=\"\" width=\"2011\" height=\"2560\" srcset=\"https:\/\/www.hydraulic-cylinders.net\/wp-content\/uploads\/2025\/01\/hydraulic-cylinder-factory-2-scaled.webp 2011w, https:\/\/www.hydraulic-cylinders.net\/wp-content\/uploads\/2025\/01\/hydraulic-cylinder-factory-2-1280x1629.webp 1280w, https:\/\/www.hydraulic-cylinders.net\/wp-content\/uploads\/2025\/01\/hydraulic-cylinder-factory-2-980x1248.webp 980w, https:\/\/www.hydraulic-cylinders.net\/wp-content\/uploads\/2025\/01\/hydraulic-cylinder-factory-2-480x611.webp 480w\" sizes=\"(min-width: 0px) and (max-width: 480px) 480px, (min-width: 481px) and (max-width: 980px) 980px, (min-width: 981px) and (max-width: 1280px) 1280px, (min-width: 1281px) 2011px, 100vw\" \/><\/h2>\n<p>Egy teljesen automatikus, v\u00edzb\u00e1zis\u00fa fest\u00e9kbevon\u00f3 sort \u00fczemeltet\u00fcnk, amelyet kifejezetten kis \u00e9s k\u00f6zepes palackokhoz tervezt\u00fcnk, automatiz\u00e1lt be-, kirakod\u00f3- \u00e9s permetez\u0151robotokkal. Ez a korszer\u0171 rendszer m\u0171szakonk\u00e9nt 4000 egys\u00e9g gy\u00e1rt\u00e1si kapacit\u00e1ssal b\u00fcszk\u00e9lkedhet. Ezenk\u00edv\u00fcl egy f\u00e9lautomata fest\u0151sorral rendelkez\u00fcnk nagym\u00e9ret\u0171 palackokhoz, l\u00e1nchajt\u00e1ssal, m\u0171szakonk\u00e9nt 60 l\u00e1da tervez\u00e9si kapacit\u00e1ssal.<\/p>\n<p>A term\u00e9kteljes\u00edtm\u00e9ny fokoz\u00e1sa \u00e9s a hidraulikus hengerek ipar\u00e1g\u00e1ban bet\u00f6lt\u00f6tt vezet\u0151 szerep\u00fcnk megszil\u00e1rd\u00edt\u00e1sa \u00e9rdek\u00e9ben partners\u00e9gre l\u00e9pt\u00fcnk a ZJIMEE-vel egy \u00e1tfog\u00f3 teljes\u00edtm\u00e9nyvizsg\u00e1l\u00f3 laborat\u00f3rium l\u00e9trehoz\u00e1sa \u00e9rdek\u00e9ben, amely a hidraulikus hengerek, szelepek \u00e9s szivatty\u00fak vizsg\u00e1lat\u00e1ra specializ\u00e1l\u00f3dott. Ez a fejlett laborat\u00f3rium sz\u00e1m\u00edt\u00f3g\u00e9ppel seg\u00edtett tesztel\u00e9st alkalmaz elektrohidraulikus technol\u00f3gi\u00e1val, lehet\u0151v\u00e9 t\u00e9ve az el\u0151re be\u00e1ll\u00edtott vizsg\u00e1lati felt\u00e9teleket, amelyek jav\u00edtj\u00e1k a pontoss\u00e1got \u00e9s a rendszer sokoldal\u00fas\u00e1g\u00e1t. Az automatiz\u00e1lt adatgy\u0171jt\u00e9si folyamat \u00e9rz\u00e9kel\u0151ket haszn\u00e1l a kimeneti adatok, p\u00e9ld\u00e1ul a bels\u0151 sziv\u00e1rg\u00e1s \u00e9s a terhel\u00e9si hat\u00e9konys\u00e1g gy\u0171jt\u00e9s\u00e9re, amelyeket ezut\u00e1n egy sz\u00e1m\u00edt\u00f3g\u00e9p dolgoz fel, \u00e9s szabv\u00e1nyos m\u00e9rt\u00e9kegys\u00e9gekbe (ml\/perc%) konvert\u00e1l.<\/p>\n<p>Tov\u00e1bb\u00e1, hidraulikus rendszereink biztons\u00e1g\u00e1nak garant\u00e1l\u00e1sa \u00e9rdek\u00e9ben \u00e1llapotfel\u00fcgyeletet alkalmazunk a kulcsfontoss\u00e1g\u00fa teljes\u00edtm\u00e9nyparam\u00e9terek, t\u00f6bbek k\u00f6z\u00f6tt az olajh\u0151m\u00e9rs\u00e9klet, a folyad\u00e9kszint \u00e9s a sz\u0171r\u0151berendez\u00e9s \u00e1llapota tekintet\u00e9ben. Hidraulikus henger teszt\u00e1llv\u00e1nyunk k\u00e9pes pontos leolvas\u00e1sokkal felm\u00e9rni a \u201eterhel\u00e9si hat\u00e9konys\u00e1got\u201d \u00e9s a \u201ebels\u0151 sziv\u00e1rg\u00e1st\u201d. Emellett egy r\u00e1csos vonalz\u00f3val ell\u00e1tott m\u00e9r\u0151m\u0171szerrel is fel van szerelve, amely megfelel a nemzeti szabv\u00e1nyoknak, biztos\u00edtva a hidraulikus hengerterm\u00e9kekre vonatkoz\u00f3 \u00f6sszes vizsg\u00e1lati k\u00f6vetelm\u00e9ny betart\u00e1s\u00e1t.<\/p>\n<p>&nbsp;<\/p>","protected":false},"excerpt":{"rendered":"<p>Luffing Cylinder For Arm Type Aerial Work Vehicles The Luffing Cylinder For Arm Type Aerial Work Vehicles is an advanced component specifically engineered for aerial work vehicles. This cylinder significantly enhances the maneuverability and functionality of aerial platforms, making it indispensable across various industries, including construction, maintenance, and telecommunications. With its robust design and cutting-edge [&hellip;]<\/p>","protected":false},"featured_media":17496,"comment_status":"open","ping_status":"closed","template":"","meta":{"_et_pb_use_builder":"","_et_pb_old_content":"","_et_gb_content_width":""},"product_brand":[],"product_cat":[1500,1550,1376],"product_tag":[],"class_list":{"0":"post-17237","1":"product","2":"type-product","3":"status-publish","4":"has-post-thumbnail","6":"product_cat-aerial-work-vehicle-hydraulic-cylinder","7":"product_cat-double-acting-hydraulic-cylinder","8":"product_cat-hydraulic-cylinder","10":"first","11":"instock","12":"shipping-taxable","13":"product-type-simple"},"amp_enabled":true,"_links":{"self":[{"href":"https:\/\/www.hydraulic-cylinders.net\/hu\/wp-json\/wp\/v2\/product\/17237","targetHints":{"allow":["GET"]}}],"collection":[{"href":"https:\/\/www.hydraulic-cylinders.net\/hu\/wp-json\/wp\/v2\/product"}],"about":[{"href":"https:\/\/www.hydraulic-cylinders.net\/hu\/wp-json\/wp\/v2\/types\/product"}],"replies":[{"embeddable":true,"href":"https:\/\/www.hydraulic-cylinders.net\/hu\/wp-json\/wp\/v2\/comments?post=17237"}],"wp:featuredmedia":[{"embeddable":true,"href":"https:\/\/www.hydraulic-cylinders.net\/hu\/wp-json\/wp\/v2\/media\/17496"}],"wp:attachment":[{"href":"https:\/\/www.hydraulic-cylinders.net\/hu\/wp-json\/wp\/v2\/media?parent=17237"}],"wp:term":[{"taxonomy":"product_brand","embeddable":true,"href":"https:\/\/www.hydraulic-cylinders.net\/hu\/wp-json\/wp\/v2\/product_brand?post=17237"},{"taxonomy":"product_cat","embeddable":true,"href":"https:\/\/www.hydraulic-cylinders.net\/hu\/wp-json\/wp\/v2\/product_cat?post=17237"},{"taxonomy":"product_tag","embeddable":true,"href":"https:\/\/www.hydraulic-cylinders.net\/hu\/wp-json\/wp\/v2\/product_tag?post=17237"}],"curies":[{"name":"munkaf\u00fczet","href":"https:\/\/api.w.org\/{rel}","templated":true}]}}