{"id":17254,"date":"2025-02-23T09:01:12","date_gmt":"2025-02-23T09:01:12","guid":{"rendered":"https:\/\/www.hydraulic-cylinders.net\/?post_type=product&#038;p=17254"},"modified":"2025-04-30T08:31:10","modified_gmt":"2025-04-30T08:31:10","slug":"steering-cylinder-for-arm-type-aerial-work-vehicles","status":"publish","type":"product","link":"https:\/\/www.hydraulic-cylinders.net\/hu\/termek\/steering-cylinder-for-arm-type-aerial-work-vehicles\/","title":{"rendered":"Korm\u00e1nyhenger karos munkag\u00e9pekhez"},"content":{"rendered":"<h1 style=\"text-align: center;\"><strong>Korm\u00e1nyhenger karos munkag\u00e9pekhez<\/strong><\/h1>\n<h1 style=\"text-align: center;\"><img loading=\"lazy\" decoding=\"async\" class=\"alignnone size-full wp-image-17256\" src=\"https:\/\/www.hydraulic-cylinders.net\/wp-content\/uploads\/2025\/02\/hcyy11112012-steering-cylinder-2.webp\" alt=\"\" width=\"1495\" height=\"516\" srcset=\"https:\/\/www.hydraulic-cylinders.net\/wp-content\/uploads\/2025\/02\/hcyy11112012-steering-cylinder-2.webp 1495w, https:\/\/www.hydraulic-cylinders.net\/wp-content\/uploads\/2025\/02\/hcyy11112012-steering-cylinder-2-1280x442.webp 1280w, https:\/\/www.hydraulic-cylinders.net\/wp-content\/uploads\/2025\/02\/hcyy11112012-steering-cylinder-2-980x338.webp 980w, https:\/\/www.hydraulic-cylinders.net\/wp-content\/uploads\/2025\/02\/hcyy11112012-steering-cylinder-2-480x166.webp 480w\" sizes=\"(min-width: 0px) and (max-width: 480px) 480px, (min-width: 481px) and (max-width: 980px) 980px, (min-width: 981px) and (max-width: 1280px) 1280px, (min-width: 1281px) 1495px, 100vw\" \/><\/h1>\n<div id=\"message-349701841669\" class=\"ChatMessage_chatMessage__xkgHx\" data-complete=\"true\">\n<div class=\"ChatMessage_messageRow__DHlnq\">\n<div class=\"ChatMessage_messageWrapper__4Ugd6\">\n<div class=\"Message_rowWithFooter__FShU6\">\n<div class=\"Message_row__ug_UU\">\n<div class=\"Message_messageBubbleWrapper__sEq8z\">\n<div class=\"Message_leftSideMessageBubble__VPdk6\">\n<div class=\"Message_messageTextContainer__w64Sc\">\n<div>\n<div class=\"Markdown_markdownContainer__Tz3HQ\">\n<p>A karos l\u00e9gi munkag\u00e9pek korm\u00e1nyhengere egy alapvet\u0151 alkatr\u00e9sz, amelyet kifejezetten l\u00e9gi munkag\u00e9pekhez terveztek, \u00e9s amely jav\u00edtja azok man\u0151verezhet\u0151s\u00e9g\u00e9t \u00e9s ir\u00e1ny\u00edthat\u00f3s\u00e1g\u00e1t. Ez a legmodernebb korm\u00e1nyszerkezet lehet\u0151v\u00e9 teszi a kezel\u0151k sz\u00e1m\u00e1ra, hogy sz\u0171k helyeken navig\u00e1ljanak, \u00e9s figyelemre m\u00e9lt\u00f3 pontoss\u00e1ggal \u00e9s k\u00f6nnyeds\u00e9ggel v\u00e9gezzenek l\u00e9gi feladatokat.<\/p>\n<p>Jelent\u0151s fejleszt\u00e9sk\u00e9nt a karos munkag\u00e9pekhez val\u00f3 korm\u00e1nyhenger n\u00f6veli a korm\u00e1nyz\u00e1si pontoss\u00e1got \u00e9s biztons\u00e1got, biztos\u00edtva, hogy a kezel\u0151k hat\u00e9konyan reag\u00e1lhassanak a dinamikus munkak\u00f6rnyezetekre. Robusztus konstrukci\u00f3ja tart\u00f3ss\u00e1got biztos\u00edt, m\u00edg az egyszer\u0171 telep\u00edt\u00e9si folyamat leegyszer\u0171s\u00edti a megl\u00e9v\u0151 rendszerekbe val\u00f3 integr\u00e1ci\u00f3t. A karbantart\u00e1s is probl\u00e9mamentes, \u00edgy a kezel\u0151k felesleges megszak\u00edt\u00e1sok n\u00e9lk\u00fcl a munk\u00e1jukra koncentr\u00e1lhatnak.<\/p>\n<p>A karos munkag\u00e9pekhez val\u00f3 korm\u00e1nyhenger be\u00e9p\u00edt\u00e9s\u00e9vel a munkag\u00e9p\u00e9be n\u00f6velheti az \u00fczembiztons\u00e1got \u00e9s a hat\u00e9konys\u00e1got, \u00edgy ide\u00e1lis megold\u00e1st jelenthet b\u00e1rmilyen munkater\u00fclet v\u00e1ltozatos ig\u00e9nyeinek kiel\u00e9g\u00edt\u00e9s\u00e9re.<\/p>\n<\/div>\n<\/div>\n<\/div>\n<\/div>\n<\/div>\n<\/div>\n<\/div>\n<\/div>\n<\/div>\n<\/div>\n<h2><strong>Korm\u00e1nyhenger karos t\u00edpus\u00fa l\u00e9gi j\u00e1rm\u0171vekhez Param\u00e9ter:<\/strong><\/h2>\n<h1 style=\"text-align: center;\"><img loading=\"lazy\" decoding=\"async\" class=\"alignnone size-full wp-image-17255\" src=\"https:\/\/www.hydraulic-cylinders.net\/wp-content\/uploads\/2025\/02\/hcyy11112012-steering-cylinder-1.webp\" alt=\"\" width=\"1520\" height=\"147\" srcset=\"https:\/\/www.hydraulic-cylinders.net\/wp-content\/uploads\/2025\/02\/hcyy11112012-steering-cylinder-1.webp 1520w, https:\/\/www.hydraulic-cylinders.net\/wp-content\/uploads\/2025\/02\/hcyy11112012-steering-cylinder-1-1280x124.webp 1280w, https:\/\/www.hydraulic-cylinders.net\/wp-content\/uploads\/2025\/02\/hcyy11112012-steering-cylinder-1-980x95.webp 980w, https:\/\/www.hydraulic-cylinders.net\/wp-content\/uploads\/2025\/02\/hcyy11112012-steering-cylinder-1-480x46.webp 480w\" sizes=\"(min-width: 0px) and (max-width: 480px) 480px, (min-width: 481px) and (max-width: 980px) 980px, (min-width: 981px) and (max-width: 1280px) 1280px, (min-width: 1281px) 1520px, 100vw\" \/> \u00a0<img loading=\"lazy\" decoding=\"async\" class=\"alignnone size-full wp-image-17257\" src=\"https:\/\/www.hydraulic-cylinders.net\/wp-content\/uploads\/2025\/02\/hcyy11112012-steering-cylinder-3.webp\" alt=\"\" width=\"1471\" height=\"696\" srcset=\"https:\/\/www.hydraulic-cylinders.net\/wp-content\/uploads\/2025\/02\/hcyy11112012-steering-cylinder-3.webp 1471w, https:\/\/www.hydraulic-cylinders.net\/wp-content\/uploads\/2025\/02\/hcyy11112012-steering-cylinder-3-1280x606.webp 1280w, https:\/\/www.hydraulic-cylinders.net\/wp-content\/uploads\/2025\/02\/hcyy11112012-steering-cylinder-3-980x464.webp 980w, https:\/\/www.hydraulic-cylinders.net\/wp-content\/uploads\/2025\/02\/hcyy11112012-steering-cylinder-3-480x227.webp 480w\" sizes=\"(min-width: 0px) and (max-width: 480px) 480px, (min-width: 481px) and (max-width: 980px) 980px, (min-width: 981px) and (max-width: 1280px) 1280px, (min-width: 1281px) 1471px, 100vw\" \/> <img loading=\"lazy\" decoding=\"async\" class=\"alignnone size-full wp-image-17258\" src=\"https:\/\/www.hydraulic-cylinders.net\/wp-content\/uploads\/2025\/02\/hcyy11112012-steering-cylinder-4.webp\" alt=\"\" width=\"1476\" height=\"709\" srcset=\"https:\/\/www.hydraulic-cylinders.net\/wp-content\/uploads\/2025\/02\/hcyy11112012-steering-cylinder-4.webp 1476w, https:\/\/www.hydraulic-cylinders.net\/wp-content\/uploads\/2025\/02\/hcyy11112012-steering-cylinder-4-1280x615.webp 1280w, https:\/\/www.hydraulic-cylinders.net\/wp-content\/uploads\/2025\/02\/hcyy11112012-steering-cylinder-4-980x471.webp 980w, https:\/\/www.hydraulic-cylinders.net\/wp-content\/uploads\/2025\/02\/hcyy11112012-steering-cylinder-4-480x231.webp 480w\" sizes=\"(min-width: 0px) and (max-width: 480px) 480px, (min-width: 481px) and (max-width: 980px) 980px, (min-width: 981px) and (max-width: 1280px) 1280px, (min-width: 1281px) 1476px, 100vw\" \/> <img loading=\"lazy\" decoding=\"async\" class=\"alignnone size-full wp-image-17259\" src=\"https:\/\/www.hydraulic-cylinders.net\/wp-content\/uploads\/2025\/02\/hcyy11112012-steering-cylinder-5.webp\" alt=\"\" width=\"1481\" height=\"742\" srcset=\"https:\/\/www.hydraulic-cylinders.net\/wp-content\/uploads\/2025\/02\/hcyy11112012-steering-cylinder-5.webp 1481w, https:\/\/www.hydraulic-cylinders.net\/wp-content\/uploads\/2025\/02\/hcyy11112012-steering-cylinder-5-1280x641.webp 1280w, https:\/\/www.hydraulic-cylinders.net\/wp-content\/uploads\/2025\/02\/hcyy11112012-steering-cylinder-5-980x491.webp 980w, https:\/\/www.hydraulic-cylinders.net\/wp-content\/uploads\/2025\/02\/hcyy11112012-steering-cylinder-5-480x240.webp 480w\" sizes=\"(min-width: 0px) and (max-width: 480px) 480px, (min-width: 481px) and (max-width: 980px) 980px, (min-width: 981px) and (max-width: 1280px) 1280px, (min-width: 1281px) 1481px, 100vw\" \/><\/h1>\n<h2><strong>Hengersorozat l\u00e9gi munkag\u00e9pekhez:<\/strong><\/h2>\n<h2><img loading=\"lazy\" decoding=\"async\" class=\"wp-image-1044652 size-full aligncenter\" src=\"https:\/\/images.hzpt.com\/2025\/02\/cylinder-series-for-aerial-work-vehicles.webp\" alt=\"\" width=\"751\" height=\"850\" \/><\/h2>\n<h2><strong>A karos munkag\u00e9pekhez haszn\u00e1lt korm\u00e1nyhenger f\u0151bb jellemz\u0151i:<\/strong><\/h2>\n<h4><strong>Robusztus konstrukci\u00f3<\/strong><\/h4>\n<p>A karos munkag\u00e9pekhez val\u00f3 korm\u00e1nyhenger pr\u00e9mium min\u0151s\u00e9g\u0171 anyagokb\u00f3l k\u00e9sz\u00fclt, \u00edgy kiv\u00e9teles tart\u00f3ss\u00e1got biztos\u00edt kih\u00edv\u00e1st jelent\u0151 k\u00f6r\u00fclm\u00e9nyek k\u00f6z\u00f6tt is. Strapab\u00edr\u00f3 kialak\u00edt\u00e1sa ellen\u00e1ll a sz\u00e9ls\u0151s\u00e9ges h\u0151m\u00e9rs\u00e9kleteknek, a nagy terhel\u00e9seknek \u00e9s a koptat\u00f3 k\u00f6rnyezetnek a teljes\u00edtm\u00e9ny fel\u00e1ldoz\u00e1sa n\u00e9lk\u00fcl. Ez a robusztus konstrukci\u00f3 minimaliz\u00e1lja a kop\u00e1st, jelent\u0151sen cs\u00f6kkentve a cser\u00e9k gyakoris\u00e1g\u00e1t. A v\u00e1llalkoz\u00e1sok alacsonyabb \u00fczemeltet\u00e9si k\u00f6lts\u00e9gekb\u0151l \u00e9s fokozott megb\u00edzhat\u00f3s\u00e1gb\u00f3l profit\u00e1lhatnak, \u00edgy ez a henger okos befektet\u00e9s a hossz\u00fa t\u00e1v\u00fa haszn\u00e1latra.<\/p>\n<h4><strong>Tov\u00e1bbfejlesztett prec\u00edzi\u00f3s vez\u00e9rl\u00e9s<\/strong><\/h4>\n<p>A precizit\u00e1s l\u00e9tfontoss\u00e1g\u00fa a l\u00e9gi m\u0171veletek sor\u00e1n, \u00e9s a karos l\u00e9gi munkag\u00e9pek korm\u00e1nyhengere kiv\u00e9teles korm\u00e1nyz\u00e1si pontoss\u00e1got biztos\u00edt. Ez a korm\u00e1nyhenger z\u00f6kken\u0151mentes \u00e9s prec\u00edz be\u00e1ll\u00edt\u00e1sokat tesz lehet\u0151v\u00e9, lehet\u0151v\u00e9 t\u00e9ve a kezel\u0151k sz\u00e1m\u00e1ra, hogy magabiztosan pozicion\u00e1lj\u00e1k j\u00e1rm\u0171veiket. Ak\u00e1r sz\u0171k helyeken navig\u00e1lnak, ak\u00e1r finom l\u00e9gi man\u0151vereket hajtanak v\u00e9gre, a henger reag\u00e1l\u00f3k\u00e9pess\u00e9ge cs\u00f6kkenti a hib\u00e1k kock\u00e1zat\u00e1t. Ez a pontoss\u00e1g nemcsak a biztons\u00e1got n\u00f6veli, hanem az \u00e1ltal\u00e1nos hat\u00e9konys\u00e1got is n\u00f6veli, lehet\u0151v\u00e9 t\u00e9ve a csapatok sz\u00e1m\u00e1ra, hogy hat\u00e9konyabban v\u00e9gezz\u00e9k el a feladatokat.<\/p>\n<h4><strong>Helytakar\u00e9kos kialak\u00edt\u00e1s<\/strong><\/h4>\n<p>A korm\u00e1nyhenger innovat\u00edv, kompakt kialak\u00edt\u00e1ssal b\u00fcszk\u00e9lkedhet, amely megk\u00f6nny\u00edti a telep\u00edt\u00e9st \u00e9s t\u00e1rol\u00e1st. Helytakar\u00e9kos tulajdons\u00e1gai lehet\u0151v\u00e9 teszik, hogy sz\u0171k rekeszekbe is elf\u00e9rjen, \u00edgy k\u00fcl\u00f6n\u00f6sen el\u0151ny\u00f6s a mobil m\u0171veletek sor\u00e1n, ahol a hely gyakran sz\u0171k\u00f6s. Haszn\u00e1laton k\u00edv\u00fcl a henger sz\u00e9pen \u00f6sszehajthat\u00f3, \u00edgy hat\u00e9konyan t\u00e1rolhat\u00f3 \u00e9s sz\u00e1ll\u00edthat\u00f3. Ez a kialak\u00edt\u00e1s biztos\u00edtja, hogy a kezel\u0151k maximaliz\u00e1lhass\u00e1k munkater\u00fclet\u00fcket, \u00e9s rendszerezhess\u00e9k berendez\u00e9seiket.<\/p>\n<h4><strong>Leny\u0171g\u00f6z\u0151 teherb\u00edr\u00e1s<\/strong><\/h4>\n<p>A nagy ig\u00e9nybev\u00e9telt jelent\u0151 alkalmaz\u00e1sokhoz tervezett korm\u00e1nyhenger figyelemre m\u00e9lt\u00f3 teherb\u00edr\u00e1ssal rendelkezik. Robusztus konstrukci\u00f3ja megb\u00edzhat\u00f3 teljes\u00edtm\u00e9nyt biztos\u00edt m\u00e9g jelent\u0151s s\u00faly alatt is, \u00edgy ide\u00e1lis olyan feladatokhoz, amelyek neh\u00e9z berendez\u00e9sek vagy anyagok emel\u00e9s\u00e9vel j\u00e1rnak. Ez a leny\u0171g\u00f6z\u0151 szil\u00e1rds\u00e1g bizalmat kelt a kezel\u0151kben, mivel sz\u00e1m\u00edthatnak a henger hat\u00e9kony m\u0171k\u00f6d\u00e9s\u00e9re nyom\u00e1s alatt, garant\u00e1lva a biztons\u00e1got \u00e9s a stabilit\u00e1st a kritikus m\u0171veletek sor\u00e1n.<\/p>\n<h4><strong>Kiv\u00e1l\u00f3 korr\u00f3zi\u00f3\u00e1ll\u00f3s\u00e1g<\/strong><\/h4>\n<p>A karos l\u00e9gi j\u00e1rm\u0171vek korm\u00e1nyhengere fejlett v\u00e9d\u0151bevonatokkal van ell\u00e1tva, amelyek v\u00e9delmet ny\u00fajtanak a rozsda \u00e9s a korr\u00f3zi\u00f3 ellen. Ez a tulajdons\u00e1g kulcsfontoss\u00e1g\u00fa a henger \u00e9lettartam\u00e1nak meghosszabb\u00edt\u00e1s\u00e1hoz, k\u00fcl\u00f6n\u00f6sen zord id\u0151j\u00e1r\u00e1si k\u00f6r\u00fclm\u00e9nyek k\u00f6z\u00f6tt. A speci\u00e1lis bevonatok tov\u00e1bbi v\u00e9delmet ny\u00fajtanak az es\u0151, a h\u00f3 \u00e9s az UV-sug\u00e1rz\u00e1s ellen, jelent\u0151sen cs\u00f6kkentve a karbantart\u00e1si k\u00f6lts\u00e9geket. A kezel\u0151k a feladataikra koncentr\u00e1lhatnak an\u00e9lk\u00fcl, hogy a k\u00f6rnyezeti kop\u00e1s miatti gyakori jav\u00edt\u00e1sok vagy cser\u00e9k miatt kellene agg\u00f3dniuk.<\/p>\n<h4><strong>K\u00f6nny\u0171 telep\u00edt\u00e9s<\/strong><\/h4>\n<p>A sokoldal\u00fas\u00e1got szem el\u0151tt tartva tervezett, karos munkag\u00e9pekhez val\u00f3 korm\u00e1nyhenger sz\u00e1mos munkag\u00e9ppel kompatibilis. Felhaszn\u00e1l\u00f3bar\u00e1t telep\u00edt\u00e9si folyamat\u00e1nak k\u00f6sz\u00f6nhet\u0151en a kezel\u0151k gyorsan \u00e9s hat\u00e9konyan \u00e1ll\u00edthatj\u00e1k be, gyakran an\u00e9lk\u00fcl, hogy sz\u00e9lesk\u00f6r\u0171 k\u00e9pz\u00e9sre lenne sz\u00fcks\u00e9g\u00fck. Ez az egyszer\u0171 telep\u00edt\u00e9s minimaliz\u00e1lja az \u00e1ll\u00e1sid\u0151t, lehet\u0151v\u00e9 t\u00e9ve a v\u00e1llalkoz\u00e1sok sz\u00e1m\u00e1ra, hogy berendez\u00e9seiket gyorsan a k\u00fcl\u00f6nb\u00f6z\u0151 m\u0171k\u00f6d\u00e9si k\u00f6vetelm\u00e9nyekhez igaz\u00edts\u00e1k. Az egyszer\u0171 integr\u00e1ci\u00f3 biztos\u00edtja, hogy a csapatok gyorsan visszat\u00e9rhessenek a munk\u00e1hoz, maximaliz\u00e1lva a termel\u00e9kenys\u00e9get.<\/p>\n<p>A korm\u00e1nyhenger l\u00e9tfontoss\u00e1g\u00fa alkatr\u00e9szk\u00e9nt t\u0171nik ki a l\u00e9gi munkag\u00e9pek k\u00f6z\u00fcl, mivel a tart\u00f3ss\u00e1g, a precizit\u00e1s \u00e9s a hat\u00e9konys\u00e1g kombin\u00e1ci\u00f3j\u00e1t k\u00edn\u00e1lja. Robusztus konstrukci\u00f3ja, fokozott vez\u00e9rl\u00e9si k\u00e9pess\u00e9gei \u00e9s helytakar\u00e9kos kialak\u00edt\u00e1sa ide\u00e1lis v\u00e1laszt\u00e1ss\u00e1 teszi a megb\u00edzhat\u00f3s\u00e1got \u00e9s teljes\u00edtm\u00e9nyt keres\u0151 \u00fczemeltet\u0151k sz\u00e1m\u00e1ra. A HCYY11112012-be val\u00f3 befektet\u00e9ssel a v\u00e1llalkoz\u00e1sok n\u00f6velhetik m\u0171k\u00f6d\u00e9si k\u00e9pess\u00e9geiket, biztos\u00edtva a biztons\u00e1gosabb \u00e9s hat\u00e9konyabb l\u00e9gi munk\u00e1t.<\/p>\n<h2><strong>Hogyan seg\u00edti a korm\u00e1nyhenger prec\u00edzi\u00f3s vez\u00e9rl\u00e9se a l\u00e9gi munkav\u00e9gz\u00e9st?<\/strong><\/h2>\n<p>Term\u00e9szetesen! \u00cdme az egyes pontok kib\u0151v\u00edtett \u00e9s optimaliz\u00e1lt v\u00e1ltozata arr\u00f3l, hogy a karos l\u00e9gi j\u00e1rm\u0171vek korm\u00e1nyhenger\u00e9nek prec\u00edzi\u00f3s vez\u00e9rl\u00e9se hogyan jav\u00edtja a l\u00e9gi munkav\u00e9gz\u00e9si feladatokat:<\/p>\n<h4><strong>Pontos pozicion\u00e1l\u00e1s<\/strong><\/h4>\n<p>A korm\u00e1nyhenger lehet\u0151v\u00e9 teszi a kezel\u0151k sz\u00e1m\u00e1ra a finombe\u00e1ll\u00edt\u00e1sok elv\u00e9gz\u00e9s\u00e9t, biztos\u00edtva a j\u00e1rm\u0171 hajsz\u00e1lpontos pozicion\u00e1l\u00e1s\u00e1t. Ez a k\u00e9pess\u00e9g kulcsfontoss\u00e1g\u00fa a magasban vagy sz\u0171k helyeken v\u00e9gzett munkav\u00e9gz\u00e9s sor\u00e1n, ahol m\u00e9g a kisebb sz\u00e1m\u00edt\u00e1si hib\u00e1k is jelent\u0151s probl\u00e9m\u00e1khoz vezethetnek. Azzal, hogy a kezel\u0151k pontosan a munkater\u00fclethez igaz\u00edthatj\u00e1k j\u00e1rm\u0171veiket, a henger minimaliz\u00e1lja a hib\u00e1k kock\u00e1zat\u00e1t, biztos\u00edtva, hogy a feladatok a tervek szerint ker\u00fcljenek v\u00e9grehajt\u00e1sra.<\/p>\n<h4><strong>Fokozott biztons\u00e1g<\/strong><\/h4>\n<p>A korm\u00e1nyz\u00e1s fokozott pontoss\u00e1ga k\u00f6zvetlen\u00fcl a kezel\u0151k \u00e9s a f\u00f6ld\u00f6n dolgoz\u00f3 szem\u00e9lyzet tagjainak fokozott biztons\u00e1g\u00e1hoz vezet. A pontos navig\u00e1ci\u00f3 k\u00e9pess\u00e9g\u00e9vel a kezel\u0151k elker\u00fclhetik az akad\u00e1lyokat \u00e9s a vesz\u00e9lyes helyzeteket, cs\u00f6kkentve a balesetek val\u00f3sz\u00edn\u0171s\u00e9g\u00e9t. Ez a fokozott biztons\u00e1gtudatoss\u00e1g nemcsak a szem\u00e9lyzetet v\u00e9di, hanem a berendez\u00e9seket \u00e9s az anyagokat is, biztons\u00e1gos munkak\u00f6rnyezetet teremtve, ahol mindenki magabiztosan v\u00e9gezheti feladatait.<\/p>\n<h4><strong>Fokozott hat\u00e9konys\u00e1g<\/strong><\/h4>\n<p>A gyors \u00e9s prec\u00edz korm\u00e1nyz\u00e1si be\u00e1ll\u00edt\u00e1sok jelent\u0151sen leegyszer\u0171s\u00edtik a m\u0171k\u00f6d\u00e9st. A kezel\u0151k gyorsan reag\u00e1lhatnak a v\u00e1ltoz\u00f3 k\u00f6r\u00fclm\u00e9nyekre vagy utas\u00edt\u00e1sokra, ami dinamikusabb munkafolyamatot tesz lehet\u0151v\u00e9. Ez a hat\u00e9konys\u00e1g azt jelenti, hogy a feladatok gyorsabban elv\u00e9gezhet\u0151k, cs\u00f6kkentve az \u00e1ll\u00e1sid\u0151t \u00e9s n\u00f6velve az \u00e1ltal\u00e1nos termel\u00e9kenys\u00e9get. A csapatok t\u00f6bbet \u00e9rhetnek el a rendelkez\u00e9sre \u00e1ll\u00f3 id\u0151kereten bel\u00fcl, maximaliz\u00e1lva er\u0151forr\u00e1saik \u00e9s idej\u00fck felhaszn\u00e1l\u00e1s\u00e1t.<\/p>\n<h4><strong>Jobb kezelhet\u0151s\u00e9g<\/strong><\/h4>\n<p>The responsive nature of the steering cylinder for arm type aerial work vehicles&#8217; steering control improves the handling of aerial work vehicles, especially in challenging terrains or confined spaces. Operators experience greater confidence while maneuvering, as the cylinder&#8217;s precision allows for smoother transitions and turns. This enhanced handling capability not only makes operations easier but also contributes to a more stable platform for any tasks being performed, such as lifting or positioning equipment.<\/p>\n<p>\u00d6sszess\u00e9g\u00e9ben a korm\u00e1nyhenger prec\u00edzi\u00f3s vez\u00e9rl\u00e9se jelent\u0151sen jav\u00edtja a l\u00e9gi munkav\u00e9gz\u00e9st a pontoss\u00e1g, a biztons\u00e1g, a hat\u00e9konys\u00e1g \u00e9s a kezelhet\u0151s\u00e9g el\u0151seg\u00edt\u00e9s\u00e9vel. Ez produkt\u00edvabb munkak\u00f6rnyezetet eredm\u00e9nyez, ahol a kezel\u0151k magabiztosan \u00e9s k\u00f6nnyed\u00e9n a feladataikra \u00f6sszpontos\u00edthatnak.<\/p>\n<h2><strong>L\u00e9gi munkag\u00e9pek hengergy\u00e1rt\u00e1si ter\u00fclete:<\/strong><\/h2>\n<h2><img loading=\"lazy\" decoding=\"async\" class=\"alignnone size-full wp-image-16972\" src=\"https:\/\/www.hydraulic-cylinders.net\/wp-content\/uploads\/2025\/01\/hydraulic-cylinder-factory-1-scaled.webp\" sizes=\"(min-width: 0px) and (max-width: 480px) 480px, (min-width: 481px) and (max-width: 980px) 980px, (min-width: 981px) and (max-width: 1280px) 1280px, (min-width: 1281px) 2016px, 100vw\" srcset=\"https:\/\/www.hydraulic-cylinders.net\/wp-content\/uploads\/2025\/01\/hydraulic-cylinder-factory-1-scaled.webp 2016w, https:\/\/www.hydraulic-cylinders.net\/wp-content\/uploads\/2025\/01\/hydraulic-cylinder-factory-1-1280x1625.webp 1280w, https:\/\/www.hydraulic-cylinders.net\/wp-content\/uploads\/2025\/01\/hydraulic-cylinder-factory-1-980x1244.webp 980w, https:\/\/www.hydraulic-cylinders.net\/wp-content\/uploads\/2025\/01\/hydraulic-cylinder-factory-1-480x610.webp 480w\" alt=\"\" width=\"2016\" height=\"2560\" \/><\/h2>\n<p>Korszer\u0171, f\u00fcggetlen, \u00f6sszeszerel\u00e9sre szakosodott K+F platformmal b\u00fcszk\u00e9lkedhet\u00fcnk, amely biztos\u00edtja a gy\u00e1rt\u00e1si folyamatainkban a legmagasabb szint\u0171 innov\u00e1ci\u00f3t \u00e9s min\u0151s\u00e9get. Targoncahenger-gy\u00e1rt\u00f3 m\u0171hely\u00fcnkben n\u00e9gy f\u00e9lautomata emel\u0151henger-\u00f6sszeszerel\u0151 sor \u00e9s egy teljesen automatikus billen\u0151henger-\u00f6sszeszerel\u0151 sor tal\u00e1lhat\u00f3, amelyeket egy\u00fcttesen \u00e9vi ak\u00e1r egymilli\u00f3 egys\u00e9g gy\u00e1rt\u00e1s\u00e1ra tervezt\u00fcnk.<\/p>\n<p>Ezenk\u00edv\u00fcl specializ\u00e1lt hengerm\u0171hely\u00fcnk k\u00fcl\u00f6nf\u00e9le specifik\u00e1ci\u00f3khoz igaz\u00edtott f\u00e9lautomata tiszt\u00edt\u00f3- \u00e9s \u00f6sszeszerel\u0151 rendszerekkel van felszerelve, \u00e9vi 200 000 darabos termel\u00e9si kapacit\u00e1ssal. Elismert CNC-berendez\u00e9seket, megmunk\u00e1l\u00f3k\u00f6zpontokat \u00e9s speci\u00e1lis szersz\u00e1mokat haszn\u00e1lunk a nagy pontoss\u00e1g\u00fa hengermegmunk\u00e1l\u00e1shoz. L\u00e9tes\u00edtm\u00e9ny\u00fcnkben fejlett robothegeszt\u0151g\u00e9pek, automatikus tiszt\u00edt\u00f3rendszerek, valamint teljesen automatiz\u00e1lt henger\u00f6sszeszerel\u0151 \u00e9s fest\u0151sorok is tal\u00e1lhat\u00f3k. T\u00f6bb mint 300 m\u0171k\u00f6d\u0151 kulcsfontoss\u00e1g\u00fa berendez\u00e9ssel optimaliz\u00e1ljuk az er\u0151forr\u00e1sok eloszt\u00e1s\u00e1t \u00e9s biztos\u00edtjuk a hat\u00e9kony kihaszn\u00e1l\u00e1st, megfelelve a szigor\u00fa pontoss\u00e1gi \u00e9s min\u0151s\u00e9gi el\u0151\u00edr\u00e1soknak.<\/p>\n<p>Megmunk\u00e1l\u00f3 m\u0171hely\u00fcnk egyedi d\u00f6nthet\u0151 vezet\u0151s\u00ednes eszterg\u00e1l\u00f3 k\u00f6zpontokkal, megmunk\u00e1l\u00f3k\u00f6zpontokkal, nagysebess\u00e9g\u0171 h\u00f3nol\u00f3g\u00e9pekkel, hegeszt\u0151robotokkal \u00e9s egy\u00e9b n\u00e9lk\u00fcl\u00f6zhetetlen berendez\u00e9sekkel rendelkezik. Ez a be\u00e1ll\u00edt\u00e1s lehet\u0151v\u00e9 teszi sz\u00e1munkra, hogy legfeljebb 400 mm bels\u0151 \u00e1tm\u00e9r\u0151j\u0171 \u00e9s ak\u00e1r 6 m\u00e9ter hossz\u00fa hengeres cs\u00f6veket is megmunk\u00e1ljunk, tov\u00e1bb n\u00f6velve termel\u00e9si kapacit\u00e1sunkat.<\/p>\n<h2><img loading=\"lazy\" decoding=\"async\" class=\"alignnone size-full wp-image-16973\" src=\"https:\/\/www.hydraulic-cylinders.net\/wp-content\/uploads\/2025\/01\/hydraulic-cylinder-factory-2-scaled.webp\" sizes=\"(min-width: 0px) and (max-width: 480px) 480px, (min-width: 481px) and (max-width: 980px) 980px, (min-width: 981px) and (max-width: 1280px) 1280px, (min-width: 1281px) 2011px, 100vw\" srcset=\"https:\/\/www.hydraulic-cylinders.net\/wp-content\/uploads\/2025\/01\/hydraulic-cylinder-factory-2-scaled.webp 2011w, https:\/\/www.hydraulic-cylinders.net\/wp-content\/uploads\/2025\/01\/hydraulic-cylinder-factory-2-1280x1629.webp 1280w, https:\/\/www.hydraulic-cylinders.net\/wp-content\/uploads\/2025\/01\/hydraulic-cylinder-factory-2-980x1248.webp 980w, https:\/\/www.hydraulic-cylinders.net\/wp-content\/uploads\/2025\/01\/hydraulic-cylinder-factory-2-480x611.webp 480w\" alt=\"\" width=\"2011\" height=\"2560\" \/><\/h2>\n<p>Egy teljesen automatikus, v\u00edzb\u00e1zis\u00fa fest\u00e9kbevon\u00f3 sort \u00fczemeltet\u00fcnk, amelyet kifejezetten kis \u00e9s k\u00f6zepes palackokhoz tervezt\u00fcnk, automatiz\u00e1lt be-, kirakod\u00f3- \u00e9s permetez\u0151robotokkal. Ez a korszer\u0171 rendszer m\u0171szakonk\u00e9nt 4000 egys\u00e9g gy\u00e1rt\u00e1si kapacit\u00e1ssal b\u00fcszk\u00e9lkedhet. Ezenk\u00edv\u00fcl egy f\u00e9lautomata fest\u0151sorral rendelkez\u00fcnk nagym\u00e9ret\u0171 palackokhoz, l\u00e1nchajt\u00e1ssal, m\u0171szakonk\u00e9nt 60 l\u00e1da tervez\u00e9si kapacit\u00e1ssal.<\/p>\n<p>A term\u00e9kteljes\u00edtm\u00e9ny fokoz\u00e1sa \u00e9s a hidraulikus hengerek ipar\u00e1g\u00e1ban bet\u00f6lt\u00f6tt vezet\u0151 szerep\u00fcnk megszil\u00e1rd\u00edt\u00e1sa \u00e9rdek\u00e9ben partners\u00e9gre l\u00e9pt\u00fcnk a ZJIMEE-vel egy \u00e1tfog\u00f3 teljes\u00edtm\u00e9nyvizsg\u00e1l\u00f3 laborat\u00f3rium l\u00e9trehoz\u00e1sa \u00e9rdek\u00e9ben, amely a hidraulikus hengerek, szelepek \u00e9s szivatty\u00fak vizsg\u00e1lat\u00e1ra specializ\u00e1l\u00f3dott. Ez a fejlett laborat\u00f3rium sz\u00e1m\u00edt\u00f3g\u00e9ppel seg\u00edtett tesztel\u00e9st alkalmaz elektrohidraulikus technol\u00f3gi\u00e1val, lehet\u0151v\u00e9 t\u00e9ve az el\u0151re be\u00e1ll\u00edtott vizsg\u00e1lati felt\u00e9teleket, amelyek jav\u00edtj\u00e1k a pontoss\u00e1got \u00e9s a rendszer sokoldal\u00fas\u00e1g\u00e1t. Az automatiz\u00e1lt adatgy\u0171jt\u00e9si folyamat \u00e9rz\u00e9kel\u0151ket haszn\u00e1l a kimeneti adatok, p\u00e9ld\u00e1ul a bels\u0151 sziv\u00e1rg\u00e1s \u00e9s a terhel\u00e9si hat\u00e9konys\u00e1g gy\u0171jt\u00e9s\u00e9re, amelyeket ezut\u00e1n egy sz\u00e1m\u00edt\u00f3g\u00e9p dolgoz fel, \u00e9s szabv\u00e1nyos m\u00e9rt\u00e9kegys\u00e9gekbe (ml\/perc%) konvert\u00e1l.<\/p>\n<p>Tov\u00e1bb\u00e1, hidraulikus rendszereink biztons\u00e1g\u00e1nak garant\u00e1l\u00e1sa \u00e9rdek\u00e9ben \u00e1llapotfel\u00fcgyeletet alkalmazunk a kulcsfontoss\u00e1g\u00fa teljes\u00edtm\u00e9nyparam\u00e9terek, t\u00f6bbek k\u00f6z\u00f6tt az olajh\u0151m\u00e9rs\u00e9klet, a folyad\u00e9kszint \u00e9s a sz\u0171r\u0151berendez\u00e9s \u00e1llapota tekintet\u00e9ben. Hidraulikus henger teszt\u00e1llv\u00e1nyunk k\u00e9pes pontos leolvas\u00e1sokkal felm\u00e9rni a \u201eterhel\u00e9si hat\u00e9konys\u00e1got\u201d \u00e9s a \u201ebels\u0151 sziv\u00e1rg\u00e1st\u201d. Emellett egy r\u00e1csos vonalz\u00f3val ell\u00e1tott m\u00e9r\u0151m\u0171szerrel is fel van szerelve, amely megfelel a nemzeti szabv\u00e1nyoknak, biztos\u00edtva a hidraulikus hengerterm\u00e9kekre vonatkoz\u00f3 \u00f6sszes vizsg\u00e1lati k\u00f6vetelm\u00e9ny betart\u00e1s\u00e1t.<\/p>\n<p>&nbsp;<\/p>","protected":false},"excerpt":{"rendered":"<p>Steering Cylinder For Arm Type Aerial Work Vehicles The steering cylinder for arm type aerial work vehicles is an essential component specifically designed for aerial work vehicles, enhancing their maneuverability and control. This state-of-the-art steering mechanism allows operators to navigate confined spaces and execute aerial tasks with remarkable precision and ease. As a significant upgrade, [&hellip;]<\/p>","protected":false},"featured_media":17498,"comment_status":"open","ping_status":"closed","template":"","meta":{"_et_pb_use_builder":"","_et_pb_old_content":"","_et_gb_content_width":""},"product_brand":[],"product_cat":[1500,1550,1376],"product_tag":[],"class_list":{"0":"post-17254","1":"product","2":"type-product","3":"status-publish","4":"has-post-thumbnail","6":"product_cat-aerial-work-vehicle-hydraulic-cylinder","7":"product_cat-double-acting-hydraulic-cylinder","8":"product_cat-hydraulic-cylinder","10":"first","11":"instock","12":"shipping-taxable","13":"product-type-simple"},"amp_enabled":true,"_links":{"self":[{"href":"https:\/\/www.hydraulic-cylinders.net\/hu\/wp-json\/wp\/v2\/product\/17254","targetHints":{"allow":["GET"]}}],"collection":[{"href":"https:\/\/www.hydraulic-cylinders.net\/hu\/wp-json\/wp\/v2\/product"}],"about":[{"href":"https:\/\/www.hydraulic-cylinders.net\/hu\/wp-json\/wp\/v2\/types\/product"}],"replies":[{"embeddable":true,"href":"https:\/\/www.hydraulic-cylinders.net\/hu\/wp-json\/wp\/v2\/comments?post=17254"}],"wp:featuredmedia":[{"embeddable":true,"href":"https:\/\/www.hydraulic-cylinders.net\/hu\/wp-json\/wp\/v2\/media\/17498"}],"wp:attachment":[{"href":"https:\/\/www.hydraulic-cylinders.net\/hu\/wp-json\/wp\/v2\/media?parent=17254"}],"wp:term":[{"taxonomy":"product_brand","embeddable":true,"href":"https:\/\/www.hydraulic-cylinders.net\/hu\/wp-json\/wp\/v2\/product_brand?post=17254"},{"taxonomy":"product_cat","embeddable":true,"href":"https:\/\/www.hydraulic-cylinders.net\/hu\/wp-json\/wp\/v2\/product_cat?post=17254"},{"taxonomy":"product_tag","embeddable":true,"href":"https:\/\/www.hydraulic-cylinders.net\/hu\/wp-json\/wp\/v2\/product_tag?post=17254"}],"curies":[{"name":"munkaf\u00fczet","href":"https:\/\/api.w.org\/{rel}","templated":true}]}}