{"id":17320,"date":"2025-03-06T08:23:45","date_gmt":"2025-03-06T08:23:45","guid":{"rendered":"https:\/\/www.hydraulic-cylinders.net\/?post_type=product&#038;p=17320"},"modified":"2025-04-11T05:27:14","modified_gmt":"2025-04-11T05:27:14","slug":"zg-series-hydraulic-cylinders-for-harvesting-machinery","status":"publish","type":"product","link":"https:\/\/www.hydraulic-cylinders.net\/hu\/termek\/zg-series-hydraulic-cylinders-for-harvesting-machinery\/","title":{"rendered":"ZG sorozat\u00fa hidraulikus hengerek betakar\u00edt\u00f3 g\u00e9pekhez"},"content":{"rendered":"<h1 style=\"text-align: center;\"><strong>ZG sorozat\u00fa hidraulikus hengerek betakar\u00edt\u00f3 g\u00e9pekhez\u00a0<img loading=\"lazy\" decoding=\"async\" class=\"alignnone wp-image-17302\" src=\"https:\/\/www.hydraulic-cylinders.net\/wp-content\/uploads\/2025\/03\/Zg-And-Hsg-Series-Hydraulic-Cylinders-For-Harvesting-Machinery-2.webp\" alt=\"\" width=\"500\" height=\"500\" \/><br \/>\n<\/strong><\/h1>\n<p>A ZG sorozat\u00fa hidraulikus hengereket kifejezetten a betakar\u00edt\u00f3 g\u00e9pek hat\u00e9konys\u00e1g\u00e1nak \u00e9s teljes\u00edtm\u00e9ny\u00e9nek n\u00f6vel\u00e9s\u00e9re tervezt\u00e9k. Ezek a hengerek l\u00e9tfontoss\u00e1g\u00fa szerepet j\u00e1tszanak a k\u00fcl\u00f6nf\u00e9le mez\u0151gazdas\u00e1gi alkalmaz\u00e1sokban, lehet\u0151v\u00e9 t\u00e9ve a modern gazd\u00e1lkod\u00e1shoz elengedhetetlen prec\u00edz vez\u00e9rl\u00e9st \u00e9s hat\u00e9kony m\u0171k\u00f6d\u00e9st. A megb\u00edzhat\u00f3s\u00e1gra \u00e9s tart\u00f3ss\u00e1gra \u00f6sszpontos\u00edtva a ZG sorozat megfelel a mez\u0151gazdas\u00e1gi \u00e1gazat ig\u00e9nyes ig\u00e9nyeinek, biztos\u00edtva a betakar\u00edt\u00f3g\u00e9pek z\u00f6kken\u0151mentes \u00e9s hat\u00e9kony m\u0171k\u00f6d\u00e9s\u00e9t.<\/p>\n<p>A ZG sorozat\u00fa hidraulikus hengerek betakar\u00edt\u00f3 g\u00e9pekhez megb\u00edzhat\u00f3 \u00e9s hat\u00e9kony megold\u00e1st k\u00edn\u00e1lnak a modern mez\u0151gazdas\u00e1gi ig\u00e9nyekre. Nagy teherb\u00edr\u00e1suknak, robusztus konstrukci\u00f3juknak \u00e9s fejlett t\u00f6m\u00edt\u00e9stechnol\u00f3gi\u00e1juknak k\u00f6sz\u00f6nhet\u0151en ezek a hengerek fokozz\u00e1k a betakar\u00edt\u00f3 berendez\u00e9sek teljes\u00edtm\u00e9ny\u00e9t. Az aj\u00e1nlott haszn\u00e1lati \u00e9s karbantart\u00e1si gyakorlatok betart\u00e1s\u00e1val a kezel\u0151k biztos\u00edthatj\u00e1k, hogy g\u00e9peik a lehet\u0151 legjobban m\u0171k\u00f6djenek, hozz\u00e1j\u00e1rulva a sikeres betakar\u00edt\u00e1shoz \u00e9s a jobb termel\u00e9kenys\u00e9ghez a sz\u00e1nt\u00f3f\u00f6ld\u00f6n. A ZG sorozat\u00fa hidraulikus hengerekbe val\u00f3 befektet\u00e9s azt jelenti, hogy a tart\u00f3ss\u00e1got, a hat\u00e9konys\u00e1got \u00e9s a pontoss\u00e1got v\u00e1lasztja mez\u0151gazdas\u00e1gi m\u0171veleteihez.<\/p>\n<h2><strong>ZG sorozat\u00fa hidraulikus hengerek betakar\u00edt\u00f3g\u00e9pekhez Param\u00e9terek:<\/strong><\/h2>\n<h1 style=\"text-align: center;\"><strong><img loading=\"lazy\" decoding=\"async\" class=\"alignnone size-full wp-image-17300\" src=\"https:\/\/www.hydraulic-cylinders.net\/wp-content\/uploads\/2025\/03\/Zg-And-Hsg-Series-Hydraulic-Cylinders-For-Harvesting-Machinery-parameter.webp\" alt=\"\" width=\"2265\" height=\"607\" srcset=\"https:\/\/www.hydraulic-cylinders.net\/wp-content\/uploads\/2025\/03\/Zg-And-Hsg-Series-Hydraulic-Cylinders-For-Harvesting-Machinery-parameter.webp 2265w, https:\/\/www.hydraulic-cylinders.net\/wp-content\/uploads\/2025\/03\/Zg-And-Hsg-Series-Hydraulic-Cylinders-For-Harvesting-Machinery-parameter-1280x343.webp 1280w, https:\/\/www.hydraulic-cylinders.net\/wp-content\/uploads\/2025\/03\/Zg-And-Hsg-Series-Hydraulic-Cylinders-For-Harvesting-Machinery-parameter-980x263.webp 980w, https:\/\/www.hydraulic-cylinders.net\/wp-content\/uploads\/2025\/03\/Zg-And-Hsg-Series-Hydraulic-Cylinders-For-Harvesting-Machinery-parameter-480x129.webp 480w\" sizes=\"(min-width: 0px) and (max-width: 480px) 480px, (min-width: 481px) and (max-width: 980px) 980px, (min-width: 981px) and (max-width: 1280px) 1280px, (min-width: 1281px) 2265px, 100vw\" \/><\/strong><\/h1>\n<h2><strong>ZG sorozat\u00fa hidraulikus hengerek betakar\u00edt\u00f3 g\u00e9pekhez, f\u0151bb jellemz\u0151k:<\/strong><\/h2>\n<h4><strong>Nagy teherb\u00edr\u00e1s<\/strong><\/h4>\n<p>A ZG sorozat\u00fa hidraulikus hengerek apr\u00f3l\u00e9kosan \u00fagy lettek tervezve, hogy jelent\u0151s terhel\u00e9seket kezeljenek, \u00edgy elengedhetetlenek a betakar\u00edt\u00f3 g\u00e9pekhez. Ez a leny\u0171g\u00f6z\u0151 teherb\u00edr\u00e1s lehet\u0151v\u00e9 teszi a kezel\u0151k sz\u00e1m\u00e1ra, hogy k\u00f6nnyed\u00e9n emelj\u00e9k \u00e9s mozgass\u00e1k a neh\u00e9z alkatr\u00e9szeket, jelent\u0151sen n\u00f6velve a m\u0171k\u00f6d\u00e9si hat\u00e9konys\u00e1got. Ennek eredm\u00e9nyek\u00e9nt a kor\u00e1bban jelent\u0151s id\u0151t \u00e9s er\u0151fesz\u00edt\u00e9st ig\u00e9nyl\u0151 feladatok most gyorsan \u00e9s hat\u00e9konyan elv\u00e9gezhet\u0151k. Ak\u00e1r nagy term\u00e9nyekkel, ak\u00e1r kiterjedt betakar\u00edt\u00f3 berendez\u00e9sekkel van dolguk, ezek a hengerek lehet\u0151v\u00e9 teszik a kezel\u0151k sz\u00e1m\u00e1ra, hogy maximaliz\u00e1lj\u00e1k a termel\u00e9kenys\u00e9get \u00e9s egyszer\u0171s\u00edts\u00e9k munkafolyamataikat.<\/p>\n<h4><strong>Robusztus konstrukci\u00f3<\/strong><\/h4>\n<p>A kiv\u00e1l\u00f3 min\u0151s\u00e9g\u0171 anyagokb\u00f3l k\u00e9sz\u00fclt ZG sorozat\u00fa hengerek kiv\u00e9teles tart\u00f3ss\u00e1ggal b\u00fcszk\u00e9lkedhetnek, \u00edgy ellen\u00e1llnak a kih\u00edv\u00e1st jelent\u0151 mez\u0151gazdas\u00e1gi k\u00f6rnyezet viszontags\u00e1gainak. Robusztus kialak\u00edt\u00e1suk ellen\u00e1ll a kop\u00e1snak \u00e9s elhaszn\u00e1l\u00f3d\u00e1snak, \u00edgy m\u00e9g nagy ig\u00e9nybev\u00e9tel eset\u00e9n is hossz\u00fa \u00e9lettartamot biztos\u00edt. Ez a rugalmass\u00e1g cs\u00f6kkent karbantart\u00e1si ig\u00e9nyt eredm\u00e9nyez, lehet\u0151v\u00e9 t\u00e9ve a kezel\u0151k sz\u00e1m\u00e1ra, hogy a gyakori jav\u00edt\u00e1sok helyett a munk\u00e1jukra koncentr\u00e1ljanak. Ezekbe a tart\u00f3s hengerekbe val\u00f3 befektet\u00e9ssel a felhaszn\u00e1l\u00f3k hossz\u00fa \u00e9lettartamra sz\u00e1m\u00edthatnak betakar\u00edt\u00f3 berendez\u00e9seik sz\u00e1m\u00e1ra, ami v\u00e9gs\u0151 soron alacsonyabb \u00fczemeltet\u00e9si k\u00f6lts\u00e9gekhez \u00e9s nagyobb megb\u00edzhat\u00f3s\u00e1ghoz vezet a sz\u00e1nt\u00f3f\u00f6ld\u00f6n.<\/p>\n<h4><strong>Prec\u00edzi\u00f3s m\u00e9rn\u00f6ki munka<\/strong><\/h4>\n<p>A ZG sorozat minden egyes hidraulikus hengere apr\u00f3l\u00e9kos gy\u00e1rt\u00e1si folyamaton megy kereszt\u00fcl, amely a precizit\u00e1st helyezi el\u0151t\u00e9rbe. Ez a r\u00e9szletekre val\u00f3 odafigyel\u00e9s pontos m\u00e9reteket \u00e9s optim\u00e1lis hidraulikus teljes\u00edtm\u00e9nyt eredm\u00e9nyez, amelyek elengedhetetlenek a hat\u00e9kony m\u0171k\u00f6d\u00e9shez. A prec\u00edz m\u00e9rn\u00f6ki munk\u00e1nak k\u00f6sz\u00f6nhet\u0151en ezek a hengerek sim\u00e1bb mozg\u00e1sokat \u00e9s jobb ir\u00e1ny\u00edthat\u00f3s\u00e1got tesznek lehet\u0151v\u00e9 a betakar\u00edt\u00e1si feladatok sor\u00e1n. A kezel\u0151k magabiztosan hajthatnak v\u00e9gre bonyolult man\u0151vereket, \u00edgy a betakar\u00edt\u00e1si folyamat nemcsak hat\u00e9konyabb, hanem eredm\u00e9nyesebb is. Ez a precizit\u00e1si szint n\u00f6veli az \u00e1ltal\u00e1nos termel\u00e9kenys\u00e9get, \u00e9s biztos\u00edtja, hogy minden feladat a legmagasabb sz\u00ednvonalon ker\u00fclj\u00f6n v\u00e9grehajt\u00e1sra.<\/p>\n<h4><strong>Sokoldal\u00fa kompatibilit\u00e1s<\/strong><\/h4>\n<p>A ZG sorozat\u00fa hengereket a sokoldal\u00fas\u00e1g szem el\u0151tt tart\u00e1s\u00e1val tervezt\u00e9k, \u00edgy a betakar\u00edt\u00f3g\u00e9pek sz\u00e9les sk\u00e1l\u00e1j\u00e1hoz illeszkednek. Ez a kompatibilit\u00e1s z\u00f6kken\u0151mentes \u00e9s egyszer\u0171 integr\u00e1ci\u00f3t tesz lehet\u0151v\u00e9 a megl\u00e9v\u0151 berendez\u00e9sekbe. A kezel\u0151k nagyra \u00e9rt\u00e9kelik, hogy ezeket a hengereket k\u00fcl\u00f6nf\u00e9le mez\u0151gazdas\u00e1gi alkalmaz\u00e1sokban is rugalmasan haszn\u00e1lhatj\u00e1k, jelent\u0151s m\u00f3dos\u00edt\u00e1sok n\u00e9lk\u00fcl. Ez az alkalmazkod\u00f3k\u00e9pess\u00e9g nemcsak leegyszer\u0171s\u00edti a m\u0171veleteket, hanem jav\u00edtja a betakar\u00edt\u00f3g\u00e9pek \u00e1ltal\u00e1nos funkcionalit\u00e1s\u00e1t is, \u00edgy a ZG sorozat ide\u00e1lis v\u00e1laszt\u00e1s a v\u00e1ltozatos mez\u0151gazdas\u00e1gi ig\u00e9nyekhez.<\/p>\n<h4><strong>Fejlett t\u00f6m\u00edt\u00e9si technol\u00f3gia<\/strong><\/h4>\n<p>A legmodernebb t\u00f6m\u00edt\u00e9stechnol\u00f3gi\u00e1val felszerelt ZG sorozat\u00fa hidraulikus hengerek hat\u00e9konyan minimaliz\u00e1lj\u00e1k a sziv\u00e1rg\u00e1sokat \u00e9s cs\u00f6kkentik a hidraulikafolyad\u00e9k-vesztes\u00e9g kock\u00e1zat\u00e1t. Ez az innovat\u00edv funkci\u00f3 nemcsak n\u00f6veli a hat\u00e9konys\u00e1got, hanem jelent\u0151sen cs\u00f6kkenti a karbantart\u00e1si k\u00f6lts\u00e9geket is. A sziv\u00e1rg\u00e1sok megel\u0151z\u00e9s\u00e9vel ezek a hengerek biztos\u00edtj\u00e1k, hogy a hidraulikus rendszer cs\u00facsteljes\u00edtm\u00e9nyen m\u0171k\u00f6dj\u00f6n, lehet\u0151v\u00e9 t\u00e9ve a kezel\u0151k sz\u00e1m\u00e1ra, hogy a feladataikra \u00f6sszpontos\u00edtsanak an\u00e9lk\u00fcl, hogy a potenci\u00e1lis meghib\u00e1sod\u00e1sok elvonn\u00e1k a figyelm\u00fcket. A fejlett t\u00f6m\u00edt\u00e9stechnol\u00f3gia megb\u00edzhat\u00f3bb \u00e9s produkt\u00edvabb munkak\u00f6rnyezetet teremt, ami v\u00e9gs\u0151 soron az \u00e1ltal\u00e1nos mez\u0151gazdas\u00e1gi m\u0171veletek jav\u00e1t szolg\u00e1lja.<\/p>\n<p>A ZG sorozat\u00fa hidraulikus hengerek kiemelkednek a mez\u0151gazdas\u00e1gi szektorban, mivel \u00f6tv\u00f6zik a nagy teherb\u00edr\u00e1st, a robusztus konstrukci\u00f3t, a prec\u00edzi\u00f3s m\u00e9rn\u00f6ki munk\u00e1t, a sokoldal\u00fa kompatibilit\u00e1st \u00e9s a fejlett t\u00f6m\u00edt\u00e9si technol\u00f3gi\u00e1t. Ezek a tulajdons\u00e1gok nemcsak a betakar\u00edt\u00f3 g\u00e9pek teljes\u00edtm\u00e9ny\u00e9t n\u00f6velik, hanem hat\u00e9konyabb \u00e9s megb\u00edzhat\u00f3bb gazd\u00e1lkod\u00e1si \u00e9lm\u00e9nyhez is hozz\u00e1j\u00e1rulnak. A ZG sorozat\u00fa hengerek v\u00e1laszt\u00e1s\u00e1val a kezel\u0151k felv\u00e9rtezik magukat a mai ig\u00e9nyes mez\u0151gazdas\u00e1gi k\u00f6rnyezetben val\u00f3 sikerhez sz\u00fcks\u00e9ges eszk\u00f6z\u00f6kkel.<\/p>\n<h2><strong>ZG sorozat\u00fa hidraulikus hengerek betakar\u00edt\u00f3g\u00e9pekhez:<\/strong><\/h2>\n<h1 style=\"text-align: center;\"><strong><img loading=\"lazy\" decoding=\"async\" class=\"alignnone size-full wp-image-17301\" src=\"https:\/\/www.hydraulic-cylinders.net\/wp-content\/uploads\/2025\/03\/Zg-And-Hsg-Series-Hydraulic-Cylinders-For-Harvesting-Machinery-1.webp\" alt=\"\" width=\"2481\" height=\"685\" srcset=\"https:\/\/www.hydraulic-cylinders.net\/wp-content\/uploads\/2025\/03\/Zg-And-Hsg-Series-Hydraulic-Cylinders-For-Harvesting-Machinery-1.webp 2481w, https:\/\/www.hydraulic-cylinders.net\/wp-content\/uploads\/2025\/03\/Zg-And-Hsg-Series-Hydraulic-Cylinders-For-Harvesting-Machinery-1-1280x353.webp 1280w, https:\/\/www.hydraulic-cylinders.net\/wp-content\/uploads\/2025\/03\/Zg-And-Hsg-Series-Hydraulic-Cylinders-For-Harvesting-Machinery-1-980x271.webp 980w, https:\/\/www.hydraulic-cylinders.net\/wp-content\/uploads\/2025\/03\/Zg-And-Hsg-Series-Hydraulic-Cylinders-For-Harvesting-Machinery-1-480x133.webp 480w\" sizes=\"(min-width: 0px) and (max-width: 480px) 480px, (min-width: 481px) and (max-width: 980px) 980px, (min-width: 981px) and (max-width: 1280px) 1280px, (min-width: 1281px) 2481px, 100vw\" \/><\/strong><\/h1>\n<h2><strong>ZG sorozat\u00fa hidraulikus hengerek betakar\u00edt\u00f3g\u00e9pekhez Haszn\u00e1lati m\u00f3dszer:<\/strong><\/h2>\n<p>A HSG sorozat\u00fa hidraulikus hengerek haszn\u00e1lata egyszer\u0171 folyamat, \u00edgy azok k\u00f6nnyen hozz\u00e1f\u00e9rhet\u0151ek \u00e9s felhaszn\u00e1l\u00f3bar\u00e1tak az \u00e9p\u00edt\u0151iparban dolgoz\u00f3 kezel\u0151k sz\u00e1m\u00e1ra. \u00cdme a l\u00e9p\u00e9sek r\u00e9szletes \u00e1ttekint\u00e9se:<\/p>\n<h4><strong>Telep\u00edt\u00e9s<\/strong><\/h4>\n<p>A HSG sorozat\u00fa hidraulikus hengerek telep\u00edt\u00e9se probl\u00e9mamentes. Minden henger szabv\u00e1nyos szerelv\u00e9nyekkel rendelkezik, amelyek lehet\u0151v\u00e9 teszik a gyors \u00e9s biztons\u00e1gos felszerel\u00e9st k\u00fcl\u00f6nf\u00e9le \u00e9p\u00edt\u0151ipari g\u00e9pekre. A kezel\u0151k k\u00f6nnyen be\u00e1ll\u00edthatj\u00e1k \u00e9s r\u00f6gz\u00edthetik a hengereket speci\u00e1lis szersz\u00e1mok vagy \u00e1tfog\u00f3 k\u00e9pz\u00e9s n\u00e9lk\u00fcl. Ez az egyszer\u0171 telep\u00edt\u00e9s minimaliz\u00e1lja az \u00e1ll\u00e1sid\u0151t, lehet\u0151v\u00e9 t\u00e9ve a g\u00e9pek gyors \u00e9s hat\u00e9kony \u00fajraind\u00edt\u00e1s\u00e1t.<\/p>\n<h4><strong>Hidraulikus csatlakoz\u00e1s<\/strong><\/h4>\n<p>A telep\u00edt\u00e9s ut\u00e1n a k\u00f6vetkez\u0151 l\u00e9p\u00e9s a hidraulikus vezet\u00e9kek csatlakoztat\u00e1sa a hengerhez. Elengedhetetlen annak biztos\u00edt\u00e1sa, hogy a hidraulikus folyad\u00e9k a k\u00edv\u00e1nt mozg\u00e1sok el\u00e9r\u00e9s\u00e9hez a megfelel\u0151 ir\u00e1nyba \u00e1ramoljon. Az egy\u00e9rtelm\u0171 c\u00edmk\u00e9z\u00e9s \u00e9s a sz\u00ednk\u00f3dolt csatlakoz\u00e1sok leegyszer\u0171s\u00edtik ezt a folyamatot, lehet\u0151v\u00e9 t\u00e9ve a kezel\u0151k sz\u00e1m\u00e1ra a magabiztos csatlakoz\u00e1sok elv\u00e9gz\u00e9s\u00e9t. A megfelel\u0151 hidraulikus csatlakoz\u00e1s maximaliz\u00e1lja a teljes\u00edtm\u00e9nyt, biztos\u00edtva a hengerek sim\u00e1n \u00e9s reag\u00e1l\u00f3k\u00e9pess\u00e9g\u00e9t, ami elengedhetetlen a pontos vez\u00e9rl\u00e9shez m\u0171k\u00f6d\u00e9s k\u00f6zben.<\/p>\n<h4><strong>M\u0171velet<\/strong><\/h4>\n<p>A HSG sorozat\u00fa hidraulikus hengerek biztons\u00e1gos beszerel\u00e9s\u00e9vel \u00e9s csatlakoztat\u00e1s\u00e1val a kezel\u0151k mostant\u00f3l \u00e1tvehetik az ir\u00e1ny\u00edt\u00e1st a g\u00e9pek felett. A hidraulikus rendszer seg\u00edts\u00e9g\u00e9vel sz\u00e9les mozg\u00e1startom\u00e1nyt hajthatnak v\u00e9gre, a neh\u00e9z terhek emel\u00e9s\u00e9t\u0151l az \u00f6sszetett man\u0151verekig. Az intuit\u00edv kezel\u0151szervek finombe\u00e1ll\u00edt\u00e1sokat tesznek lehet\u0151v\u00e9, \u00edgy a kezel\u0151k prec\u00edzen \u00e9s hat\u00e9konyan v\u00e9gezhetik el a feladatokat. Ak\u00e1r emel\u00e9sr\u0151l, s\u00fcllyeszt\u00e9sr\u0151l vagy billent\u00e9sr\u0151l van sz\u00f3, ezek a hengerek biztos\u00edtj\u00e1k a sz\u00fcks\u00e9ges reag\u00e1l\u00f3k\u00e9pess\u00e9get az \u00e9p\u00edt\u0151ipari munk\u00e1k kih\u00edv\u00e1sainak hat\u00e9kony kezel\u00e9s\u00e9hez.<\/p>\n<h4><strong>Monitoring<\/strong><\/h4>\n<p>Az optim\u00e1lis teljes\u00edtm\u00e9ny biztos\u00edt\u00e1sa \u00e9rdek\u00e9ben elengedhetetlen a hidraulikus rendszer rendszeres ellen\u0151rz\u00e9se. A kezel\u0151knek rendszeresen ellen\u0151rizni\u00fck kell a hidraulikafolyad\u00e9k szintj\u00e9t \u00e9s nyom\u00e1s\u00e1t. Ez a proakt\u00edv megk\u00f6zel\u00edt\u00e9s seg\u00edt azonos\u00edtani a potenci\u00e1lis probl\u00e9m\u00e1kat, miel\u0151tt azok s\u00falyosbodn\u00e1nak, biztos\u00edtva, hogy a g\u00e9p cs\u00facshat\u00e9konys\u00e1ggal m\u0171k\u00f6dj\u00f6n. Ezen param\u00e9terek figyel\u00e9se nemcsak a hidraulikus hengerek \u00e9lettartam\u00e1t hosszabb\u00edtja meg, hanem a munkahelyi \u00e1ltal\u00e1nos biztons\u00e1got is n\u00f6veli. Az \u00e9bers\u00e9g fenntart\u00e1s\u00e1val a kezel\u0151k biztos\u00edthatj\u00e1k, hogy berendez\u00e9seik mindig megb\u00edzhat\u00f3ak \u00e9s bevet\u00e9sre k\u00e9szek maradjanak.<\/p>\n<p>A HSG sorozat\u00fa hidraulikus munkahengerek felhaszn\u00e1l\u00f3bar\u00e1t \u00e9lm\u00e9nyt ny\u00fajtanak a telep\u00edt\u00e9st\u0151l az \u00fczemeltet\u00e9sen \u00e1t a karbantart\u00e1sig. Egyszer\u0171 haszn\u00e1lati m\u00f3dszer\u00fck lehet\u0151v\u00e9 teszi az \u00e9p\u00edt\u0151ipari szakemberek sz\u00e1m\u00e1ra a termel\u00e9kenys\u00e9g \u00e9s a hat\u00e9konys\u00e1g maximaliz\u00e1l\u00e1s\u00e1t, biztos\u00edtva, hogy b\u00e1rmilyen projektet magabiztosan kezelhessenek. A HSG v\u00e1laszt\u00e1s\u00e1val a kezel\u0151k egy megb\u00edzhat\u00f3 hidraulikus megold\u00e1sba fektetnek be, amely leegyszer\u0171s\u00edti a munkafolyamatukat, mik\u00f6zben kiemelked\u0151 teljes\u00edtm\u00e9nyt ny\u00fajt.<\/p>\n<h2><strong>Tesztfelszerel\u00e9s:<\/strong><\/h2>\n<p><strong><img loading=\"lazy\" decoding=\"async\" class=\"alignnone size-full wp-image-17293\" src=\"https:\/\/www.hydraulic-cylinders.net\/wp-content\/uploads\/2025\/03\/test-equipment.webp-2.webp\" alt=\"\" width=\"1932\" height=\"1741\" srcset=\"https:\/\/www.hydraulic-cylinders.net\/wp-content\/uploads\/2025\/03\/test-equipment.webp-2.webp 1932w, https:\/\/www.hydraulic-cylinders.net\/wp-content\/uploads\/2025\/03\/test-equipment.webp-2-1280x1153.webp 1280w, https:\/\/www.hydraulic-cylinders.net\/wp-content\/uploads\/2025\/03\/test-equipment.webp-2-980x883.webp 980w, https:\/\/www.hydraulic-cylinders.net\/wp-content\/uploads\/2025\/03\/test-equipment.webp-2-480x433.webp 480w\" sizes=\"(min-width: 0px) and (max-width: 480px) 480px, (min-width: 481px) and (max-width: 980px) 980px, (min-width: 981px) and (max-width: 1280px) 1280px, (min-width: 1281px) 1932px, 100vw\" \/><\/strong><\/p>\n<ul>\n<li>1: S\u00f3permet-tesztkamra<\/li>\n<li>2: K\u00e9miai elemz\u00e9s<\/li>\n<li>3: Szak\u00edt\u00f3vizsg\u00e1l\u00f3 g\u00e9p<\/li>\n<li>4: Rockwell kem\u00e9nys\u00e9gm\u00e9r\u0151<\/li>\n<li>5: Tisztas\u00e1gvizsg\u00e1l\u00f3 g\u00e9p<\/li>\n<li>6: TH110 Visszapattan\u00f3 kem\u00e9nys\u00e9gm\u00e9r\u0151<\/li>\n<li>7: Bevonatvastags\u00e1g-m\u00e9r\u0151<\/li>\n<li>8: Inga\u00fct\u00e9si teszt<\/li>\n<\/ul>\n<p><img loading=\"lazy\" decoding=\"async\" class=\"alignnone size-full wp-image-17292\" src=\"https:\/\/www.hydraulic-cylinders.net\/wp-content\/uploads\/2025\/03\/test-equipment.webp-1.webp\" alt=\"\" width=\"1600\" height=\"1216\" srcset=\"https:\/\/www.hydraulic-cylinders.net\/wp-content\/uploads\/2025\/03\/test-equipment.webp-1.webp 1600w, https:\/\/www.hydraulic-cylinders.net\/wp-content\/uploads\/2025\/03\/test-equipment.webp-1-1280x973.webp 1280w, https:\/\/www.hydraulic-cylinders.net\/wp-content\/uploads\/2025\/03\/test-equipment.webp-1-980x745.webp 980w, https:\/\/www.hydraulic-cylinders.net\/wp-content\/uploads\/2025\/03\/test-equipment.webp-1-480x365.webp 480w\" sizes=\"(min-width: 0px) and (max-width: 480px) 480px, (min-width: 481px) and (max-width: 980px) 980px, (min-width: 981px) and (max-width: 1280px) 1280px, (min-width: 1281px) 1600px, 100vw\" \/><\/p>\n<p>C\u00e9g\u00fcnk a min\u0151s\u00e9get tekinti sikere alapj\u00e1nak. Ennek az elk\u00f6telezetts\u00e9gnek a fenntart\u00e1sa \u00e9rdek\u00e9ben a legmodernebb hazai tesztel\u0151 \u00e9s laborat\u00f3riumi berendez\u00e9sekbe fektett\u00fcnk be, amelyeket magasan k\u00e9pzett tudom\u00e1nyos \u00e9s technol\u00f3giai szakemberekb\u0151l \u00e1ll\u00f3 csapat t\u00e1mogat.<\/p>\n<p>Szigor\u00fa min\u0151s\u00e9gir\u00e1ny\u00edt\u00e1si rendszert tartunk fenn, amely megfelel az ipar\u00e1gi szabv\u00e1nyoknak, biztos\u00edtva, hogy minden \u00e1ltalunk gy\u00e1rtott term\u00e9kt\u00e9tel megfeleljen a legmagasabb min\u0151s\u00e9gi krit\u00e9riumoknak. M\u0171k\u00f6d\u00e9s\u00fcnk szabv\u00e1nyos\u00edt\u00e1s\u00e1val \u00e9s folyamataink folyamatos ellen\u0151rz\u00e9s\u00e9vel biztos\u00edtjuk, hogy \u00fcgyfeleink csak a legjobbat kapj\u00e1k.<\/p>\n<p>Ez a min\u0151s\u00e9g ir\u00e1nti rend\u00edthetetlen elk\u00f6telezetts\u00e9g nemcsak term\u00e9keink megb\u00edzhat\u00f3s\u00e1g\u00e1t n\u00f6veli, hanem bizalmat \u00e9s el\u00e9gedetts\u00e9get is \u00e9p\u00edt \u00fcgyfeleink k\u00f6r\u00e9ben. Hissz\u00fck, hogy a kiv\u00e1l\u00f3s\u00e1g el\u0151t\u00e9rbe helyez\u00e9s\u00e9vel termel\u00e9s\u00fcnk minden aspektus\u00e1ban hozz\u00e1j\u00e1rulunk partnereink \u00e9s az eg\u00e9sz ipar\u00e1g siker\u00e9hez. Egy\u00fcttesen az innov\u00e1ci\u00f3ra \u00e9s az id\u0151k sor\u00e1n is kitart\u00f3 min\u0151s\u00e9gre t\u00f6reksz\u00fcnk.<\/p>\n<h2><strong>Hidraulikus henger gy\u00e1rt\u00e1si telephelye:<\/strong><\/h2>\n<p>C\u00e9g\u00fcnk a hidraulikus hengerek vezet\u0151 gy\u00e1rt\u00f3ja, saj\u00e1t f\u00fcggetlen kutat\u00e1si, fejleszt\u00e9si \u00e9s tervez\u00e9si k\u00e9pess\u00e9geinkkel t\u00e1mogatva. Korszer\u0171 l\u00e9tes\u00edtm\u00e9ny\u00fcnkben t\u00f6bb mint 170 \u00e1ltal\u00e1nos szersz\u00e1mg\u00e9p, CNC-g\u00e9p, megmunk\u00e1l\u00f3k\u00f6zpont, hegeszt\u0151berendez\u00e9s \u00e9s speci\u00e1lis vizsg\u00e1l\u00f3- \u00e9s ellen\u0151rz\u0151eszk\u00f6z tal\u00e1lhat\u00f3, \u00edgy j\u00f3l felszereltek vagyunk a v\u00e1ltozatos ipari ig\u00e9nyek kiel\u00e9g\u00edt\u00e9s\u00e9re.<\/p>\n<p>Az \u00e9vek sor\u00e1n felhalmozott technol\u00f3giai szak\u00e9rtelem \u00e9s a folyamatok finom\u00edt\u00e1sa r\u00e9v\u00e9n kiforrott gy\u00e1rt\u00e1si folyamatot hoztunk l\u00e9tre, amely z\u00f6kken\u0151mentesen integr\u00e1lja a kutat\u00e1s-fejleszt\u00e9st a gy\u00e1rt\u00e1ssal. Ez az integr\u00e1ci\u00f3 v\u00e1lt a legf\u0151bb versenyel\u0151ny\u00fcnkk\u00e9, lehet\u0151v\u00e9 t\u00e9ve sz\u00e1munkra, hogy a hidraulikus hengerek sz\u00e9les v\u00e1laszt\u00e9k\u00e1t tervezz\u00fck \u00e9s gy\u00e1rtsuk, amelyeket az \u00fcgyfelek egyedi ig\u00e9nyeinek megfelel\u0151en testre szabunk.<\/p>\n<p>Term\u00e9keinket sz\u00e9les k\u00f6rben haszn\u00e1lj\u00e1k k\u00fcl\u00f6nf\u00e9le \u00e1gazatokban, bele\u00e9rtve a mez\u0151gazdas\u00e1gi g\u00e9peket, \u00e9p\u00edt\u0151ipari berendez\u00e9seket, j\u00e1rm\u0171veket, \u00fat\u00e9p\u00edt\u00e9st \u00e9s speci\u00e1lis g\u00e9peket. B\u00fcszk\u00e9n t\u00e1mogatunk sz\u00e1mos OEM-t, t\u00f6bbek k\u00f6z\u00f6tt a Bonong Xingda, Bojin Hummer, Jilin Ruifeng, Debang Dawei, Shandong Yineng Heavy Industry, Tai'an Modern Heavy Industry \u00e9s Shifeng Group v\u00e1llalatokat.<\/p>\n<p><img loading=\"lazy\" decoding=\"async\" class=\"alignnone size-full wp-image-17290\" src=\"https:\/\/www.hydraulic-cylinders.net\/wp-content\/uploads\/2025\/03\/production-site-1.webp\" alt=\"\" width=\"1971\" height=\"2253\" srcset=\"https:\/\/www.hydraulic-cylinders.net\/wp-content\/uploads\/2025\/03\/production-site-1.webp 1971w, https:\/\/www.hydraulic-cylinders.net\/wp-content\/uploads\/2025\/03\/production-site-1-1280x1463.webp 1280w, https:\/\/www.hydraulic-cylinders.net\/wp-content\/uploads\/2025\/03\/production-site-1-980x1120.webp 980w, https:\/\/www.hydraulic-cylinders.net\/wp-content\/uploads\/2025\/03\/production-site-1-480x549.webp 480w\" sizes=\"(min-width: 0px) and (max-width: 480px) 480px, (min-width: 481px) and (max-width: 980px) 980px, (min-width: 981px) and (max-width: 1280px) 1280px, (min-width: 1281px) 1971px, 100vw\" \/><\/p>\n<p>Elk\u00f6telezettek vagyunk a kiv\u00e9teles szolg\u00e1ltat\u00e1s ny\u00fajt\u00e1sa ir\u00e1nt egy szigor\u00fa min\u0151s\u00e9gpolitik\u00e1n kereszt\u00fcl, amely el\u0151t\u00e9rbe helyezi a folyamatos innov\u00e1ci\u00f3t a kutat\u00e1s-fejleszt\u00e9s, az ir\u00e1ny\u00edt\u00e1s, a min\u0151s\u00e9gellen\u0151rz\u00e9s \u00e9s az \u00fcgyf\u00e9lszolg\u00e1lat ter\u00fclet\u00e9n. A min\u0151s\u00e9g ir\u00e1nti elk\u00f6telezetts\u00e9g\u00fcnket ISO\/TS16949 tan\u00fas\u00edtv\u00e1nnyal ismerj\u00fck el, amely biztos\u00edtja, hogy ne csak megfelelj\u00fcnk, hanem folyamatosan t\u00fal is sz\u00e1rnyaljuk \u00fcgyfeleink elv\u00e1r\u00e1sait.<\/p>\n<p>A j\u00f6v\u0151re n\u00e9zve tov\u00e1bbra is fejleszteni fogjuk technol\u00f3gi\u00e1nkat \u00e9s b\u0151v\u00edteni k\u00e9pess\u00e9geinket, mindig arra t\u00f6rekedve, hogy a legmagasabb min\u0151s\u00e9g\u0171 term\u00e9keket \u00e9s szolg\u00e1ltat\u00e1sokat ny\u00fajtsuk \u00fcgyfeleinknek. Egy\u00fcttesen a kiv\u00e1l\u00f3s\u00e1g \u00f6r\u00f6ks\u00e9g\u00e9t \u00e9p\u00edtj\u00fck a hidraulikus hengerek ipar\u00e1g\u00e1ban.<\/p>\n<p><strong>\u00a0<\/strong><\/p>","protected":false},"excerpt":{"rendered":"<p>ZG Series Hydraulic Cylinders For Harvesting Machinery\u00a0 The ZG Series Hydraulic Cylinders are specifically designed to enhance the efficiency and performance of harvesting machinery. These cylinders play a vital role in various agricultural applications, enabling precise control and powerful operation essential for modern farming. With a focus on reliability and durability, the ZG Series meets [&hellip;]<\/p>","protected":false},"featured_media":17312,"comment_status":"open","ping_status":"closed","template":"","meta":{"_et_pb_use_builder":"","_et_pb_old_content":"","_et_gb_content_width":""},"product_brand":[],"product_cat":[1550,1528,1376],"product_tag":[],"class_list":{"0":"post-17320","1":"product","2":"type-product","3":"status-publish","4":"has-post-thumbnail","6":"product_cat-double-acting-hydraulic-cylinder","7":"product_cat-harvesting-machinery-hydraulic-cylinders","8":"product_cat-hydraulic-cylinder","10":"first","11":"instock","12":"shipping-taxable","13":"product-type-simple"},"amp_enabled":true,"_links":{"self":[{"href":"https:\/\/www.hydraulic-cylinders.net\/hu\/wp-json\/wp\/v2\/product\/17320","targetHints":{"allow":["GET"]}}],"collection":[{"href":"https:\/\/www.hydraulic-cylinders.net\/hu\/wp-json\/wp\/v2\/product"}],"about":[{"href":"https:\/\/www.hydraulic-cylinders.net\/hu\/wp-json\/wp\/v2\/types\/product"}],"replies":[{"embeddable":true,"href":"https:\/\/www.hydraulic-cylinders.net\/hu\/wp-json\/wp\/v2\/comments?post=17320"}],"wp:featuredmedia":[{"embeddable":true,"href":"https:\/\/www.hydraulic-cylinders.net\/hu\/wp-json\/wp\/v2\/media\/17312"}],"wp:attachment":[{"href":"https:\/\/www.hydraulic-cylinders.net\/hu\/wp-json\/wp\/v2\/media?parent=17320"}],"wp:term":[{"taxonomy":"product_brand","embeddable":true,"href":"https:\/\/www.hydraulic-cylinders.net\/hu\/wp-json\/wp\/v2\/product_brand?post=17320"},{"taxonomy":"product_cat","embeddable":true,"href":"https:\/\/www.hydraulic-cylinders.net\/hu\/wp-json\/wp\/v2\/product_cat?post=17320"},{"taxonomy":"product_tag","embeddable":true,"href":"https:\/\/www.hydraulic-cylinders.net\/hu\/wp-json\/wp\/v2\/product_tag?post=17320"}],"curies":[{"name":"munkaf\u00fczet","href":"https:\/\/api.w.org\/{rel}","templated":true}]}}