{"id":17332,"date":"2025-03-07T07:58:20","date_gmt":"2025-03-07T07:58:20","guid":{"rendered":"https:\/\/www.hydraulic-cylinders.net\/?post_type=product&#038;p=17332"},"modified":"2025-04-11T05:31:12","modified_gmt":"2025-04-11T05:31:12","slug":"bi-directional-scriber-cylinder-for-no-tillage-machines","status":"publish","type":"product","link":"https:\/\/www.hydraulic-cylinders.net\/hu\/termek\/bi-directional-scriber-cylinder-for-no-tillage-machines\/","title":{"rendered":"K\u00e9tir\u00e1ny\u00fa el\u0151rajzol\u00f3 henger talajm\u0171vel\u00e9s n\u00e9lk\u00fcli g\u00e9pekhez"},"content":{"rendered":"<h1 style=\"text-align: center;\"><strong>K\u00e9tir\u00e1ny\u00fa el\u0151rajzol\u00f3 henger talajm\u0171vel\u00e9s n\u00e9lk\u00fcli g\u00e9pekhez<br \/>\n<img loading=\"lazy\" decoding=\"async\" class=\"alignnone wp-image-17269\" src=\"https:\/\/www.hydraulic-cylinders.net\/wp-content\/uploads\/2025\/03\/bi-directional-scriber-cylinder-1.webp\" alt=\"\" width=\"500\" height=\"499\" srcset=\"https:\/\/www.hydraulic-cylinders.net\/wp-content\/uploads\/2025\/03\/bi-directional-scriber-cylinder-1.webp 500w, https:\/\/www.hydraulic-cylinders.net\/wp-content\/uploads\/2025\/03\/bi-directional-scriber-cylinder-1-480x479.webp 480w\" sizes=\"(min-width: 0px) and (max-width: 480px) 480px, (min-width: 481px) 500px, 100vw\" \/><br \/>\n<\/strong><\/h1>\n<p>A k\u00e9tir\u00e1ny\u00fa el\u0151t\u0171z\u0151 henger kulcsfontoss\u00e1g\u00fa eleme a m\u0171vel\u00e9s n\u00e9lk\u00fcli g\u00e9peknek, mivel jelent\u0151sen n\u00f6veli azok hat\u00e9konys\u00e1g\u00e1t a talaj-el\u0151k\u00e9sz\u00edt\u00e9s \u00e9s -vet\u00e9s sor\u00e1n. Ez az innovat\u00edv henger prec\u00edz \u00e9s sokoldal\u00fa talajm\u0171vel\u00e9st tesz lehet\u0151v\u00e9, lehet\u0151v\u00e9 t\u00e9ve a gazd\u00e1lkod\u00f3k sz\u00e1m\u00e1ra, hogy optim\u00e1lis vet\u00e9si felt\u00e9teleket teremtsenek, mik\u00f6zben meg\u0151rzik a talaj szerkezet\u00e9t. A fejlett hidraulikus technol\u00f3gia kihaszn\u00e1l\u00e1s\u00e1val a k\u00e9tir\u00e1ny\u00fa el\u0151t\u0171z\u0151 henger jav\u00edtja a m\u0171k\u00f6d\u00e9si hat\u00e9konys\u00e1got \u00e9s maximaliz\u00e1lja a term\u00e9shozamot.<\/p>\n<p>A modern m\u0171vel\u00e9s n\u00e9lk\u00fcli gyakorlatok n\u00e9lk\u00fcl\u00f6zhetetlen eszk\u00f6zek\u00e9nt a k\u00e9tir\u00e1ny\u00fa el\u0151rajzol\u00f3 henger fokozza a talajm\u0171vel\u00e9s pontoss\u00e1g\u00e1t \u00e9s hat\u00e9konys\u00e1g\u00e1t. Massz\u00edv konstrukci\u00f3ja, k\u00e9tir\u00e1ny\u00fa funkcionalit\u00e1sa \u00e9s egyszer\u0171 telep\u00edt\u00e9se lehet\u0151v\u00e9 teszi a gazd\u00e1lkod\u00f3k sz\u00e1m\u00e1ra, hogy ide\u00e1lis vet\u00e9si felt\u00e9teleket tartsanak fenn minim\u00e1lis talajfelbor\u00edt\u00e1ssal. A megfelel\u0151 haszn\u00e1lati \u00e9s karbantart\u00e1si ir\u00e1nyelvek betart\u00e1s\u00e1val a felhaszn\u00e1l\u00f3k megb\u00edzhat\u00f3 teljes\u00edtm\u00e9nyt biztos\u00edthatnak, ami magasabb term\u00e9shozamot \u00e9s sikeres gazd\u00e1lkod\u00e1si eredm\u00e9nyeket eredm\u00e9nyez. A k\u00e9tir\u00e1ny\u00fa el\u0151rajzol\u00f3 hengerbe val\u00f3 befektet\u00e9s okos d\u00f6nt\u00e9s minden olyan mez\u0151gazdas\u00e1gi v\u00e1llalkoz\u00e1s sz\u00e1m\u00e1ra, amely a termel\u00e9kenys\u00e9g n\u00f6vel\u00e9s\u00e9re \u00e9s a fenntarthat\u00f3 gyakorlatok el\u0151mozd\u00edt\u00e1s\u00e1ra t\u00f6rekszik.<\/p>\n<h2><strong>K\u00e9tir\u00e1ny\u00fa el\u0151rajzol\u00f3 henger talajm\u0171vel\u00e9s n\u00e9lk\u00fcli g\u00e9pekhez Param\u00e9ter:<\/strong><\/h2>\n<h1 style=\"text-align: center;\"><strong><img loading=\"lazy\" decoding=\"async\" class=\"alignnone size-full wp-image-17283\" src=\"https:\/\/www.hydraulic-cylinders.net\/wp-content\/uploads\/2025\/03\/hydraulic-cylinders-for-no-tillage-machines-parameter-1.webp\" alt=\"\" width=\"2237\" height=\"1271\" srcset=\"https:\/\/www.hydraulic-cylinders.net\/wp-content\/uploads\/2025\/03\/hydraulic-cylinders-for-no-tillage-machines-parameter-1.webp 2237w, https:\/\/www.hydraulic-cylinders.net\/wp-content\/uploads\/2025\/03\/hydraulic-cylinders-for-no-tillage-machines-parameter-1-1280x727.webp 1280w, https:\/\/www.hydraulic-cylinders.net\/wp-content\/uploads\/2025\/03\/hydraulic-cylinders-for-no-tillage-machines-parameter-1-980x557.webp 980w, https:\/\/www.hydraulic-cylinders.net\/wp-content\/uploads\/2025\/03\/hydraulic-cylinders-for-no-tillage-machines-parameter-1-480x273.webp 480w\" sizes=\"(min-width: 0px) and (max-width: 480px) 480px, (min-width: 481px) and (max-width: 980px) 980px, (min-width: 981px) and (max-width: 1280px) 1280px, (min-width: 1281px) 2237px, 100vw\" \/><\/strong><\/h1>\n<h2><strong>K\u00e9tir\u00e1ny\u00fa el\u0151rajzol\u00f3 henger talajm\u0171vel\u00e9s n\u00e9lk\u00fcli g\u00e9pekhez:<\/strong><\/h2>\n<p><img loading=\"lazy\" decoding=\"async\" class=\"alignnone size-full wp-image-17282\" src=\"https:\/\/www.hydraulic-cylinders.net\/wp-content\/uploads\/2025\/03\/hydraulic-cylinders-for-no-tillage-machines-application-1.webp\" alt=\"\" width=\"2273\" height=\"976\" srcset=\"https:\/\/www.hydraulic-cylinders.net\/wp-content\/uploads\/2025\/03\/hydraulic-cylinders-for-no-tillage-machines-application-1.webp 2273w, https:\/\/www.hydraulic-cylinders.net\/wp-content\/uploads\/2025\/03\/hydraulic-cylinders-for-no-tillage-machines-application-1-1280x550.webp 1280w, https:\/\/www.hydraulic-cylinders.net\/wp-content\/uploads\/2025\/03\/hydraulic-cylinders-for-no-tillage-machines-application-1-980x421.webp 980w, https:\/\/www.hydraulic-cylinders.net\/wp-content\/uploads\/2025\/03\/hydraulic-cylinders-for-no-tillage-machines-application-1-480x206.webp 480w\" sizes=\"(min-width: 0px) and (max-width: 480px) 480px, (min-width: 481px) and (max-width: 980px) 980px, (min-width: 981px) and (max-width: 1280px) 1280px, (min-width: 1281px) 2273px, 100vw\" \/><\/p>\n<h2><strong>K\u00e9tir\u00e1ny\u00fa el\u0151t\u0171z\u0151 henger talajm\u0171vel\u00e9s n\u00e9lk\u00fcli g\u00e9pekhez, f\u0151bb jellemz\u0151k:<\/strong><\/h2>\n<h4><strong>Sokoldal\u00fa, k\u00e9tir\u00e1ny\u00fa m\u0171k\u00f6d\u00e9s<\/strong><\/h4>\n<p>A k\u00e9tir\u00e1ny\u00fa el\u0151rajzol\u00f3 henger hat\u00e9kony mozg\u00e1sra lett tervezve mindk\u00e9t ir\u00e1nyban, lehet\u0151v\u00e9 t\u00e9ve a kezel\u0151k sz\u00e1m\u00e1ra, hogy k\u00f6nnyen alkalmazkodjanak a v\u00e1ltozatos terepviszonyokhoz. Ak\u00e1r lejt\u0151n, egyenetlen terepen vagy sz\u0171k helyeken k\u00f6zlekednek, ez a k\u00e9tir\u00e1ny\u00fa k\u00e9pess\u00e9g n\u00f6veli a man\u0151verezhet\u0151s\u00e9get \u00e9s az \u00e1ltal\u00e1nos hat\u00e9konys\u00e1got. Ennek eredm\u00e9nyek\u00e9nt a gazd\u00e1lkod\u00f3k kevesebb id\u0151 alatt nagyobb ter\u00fcletet tudnak lefedni, \u00edgy m\u00e9g a kih\u00edv\u00e1st jelent\u0151 mez\u0151gazdas\u00e1gi k\u00f6rnyezetben is magas termel\u00e9kenys\u00e9gi szintet tudnak fenntartani.<\/p>\n<h4><strong>Kiv\u00e9teles pontoss\u00e1g<\/strong><\/h4>\n<p>A fejlett hidraulikus rendszerrel felszerelt k\u00e9tir\u00e1ny\u00fa el\u0151tol\u00f3henger figyelemre m\u00e9lt\u00f3 pontoss\u00e1got biztos\u00edt mind a m\u00e9lys\u00e9g, mind a sz\u00f6g szab\u00e1lyoz\u00e1s\u00e1ban. Ez a pontoss\u00e1g kulcsfontoss\u00e1g\u00fa a hat\u00e9kony maglehelyez\u00e9shez, biztos\u00edtva, hogy a magok a cs\u00edr\u00e1z\u00e1shoz optim\u00e1lis m\u00e9lys\u00e9gben ker\u00fcljenek elvet\u00e9sre. Ezenk\u00edv\u00fcl a prec\u00edz be\u00e1ll\u00edt\u00e1sok jav\u00edtj\u00e1k a talaj leveg\u0151ztet\u00e9s\u00e9t, ami elengedhetetlen az eg\u00e9szs\u00e9ges gy\u00f6k\u00e9rfejl\u0151d\u00e9shez. Ez a r\u00e9szletekre val\u00f3 odafigyel\u00e9s jav\u00edtja a vet\u00e9si folyamat \u00e1ltal\u00e1nos min\u0151s\u00e9g\u00e9t, ami jobb term\u00e9nyeredm\u00e9nyekhez \u00e9s nagyobb hozamokhoz vezet.<\/p>\n<h4><strong>Tart\u00f3s konstrukci\u00f3<\/strong><\/h4>\n<p>A kiv\u00e1l\u00f3 min\u0151s\u00e9g\u0171 anyagokb\u00f3l k\u00e9sz\u00fclt, k\u00e9tir\u00e1ny\u00fa rajzhenger \u00fagy lett kialak\u00edtva, hogy ellen\u00e1lljon a zord mez\u0151gazdas\u00e1gi k\u00f6r\u00fclm\u00e9nyeknek. Robusztus kialak\u00edt\u00e1sa ellen\u00e1ll a kop\u00e1snak \u00e9s a szakad\u00e1snak, megb\u00edzhat\u00f3 teljes\u00edtm\u00e9nyt ny\u00fajtva a teljes mez\u0151gazdas\u00e1gi szezonban. Ez a tart\u00f3ss\u00e1g cs\u00f6kkenti a gyakori cser\u00e9k sz\u00fcks\u00e9gess\u00e9g\u00e9t, \u00edgy id\u0151t \u00e9s p\u00e9nzt takar\u00edt meg a gazd\u00e1lkod\u00f3knak. A hossz\u00fa \u00e9lettartamra \u00f6sszpontos\u00edtva a henger lehet\u0151v\u00e9 teszi a termel\u0151k sz\u00e1m\u00e1ra, hogy a n\u00f6v\u00e9nyeikre koncentr\u00e1ljanak an\u00e9lk\u00fcl, hogy agg\u00f3dniuk kellene a berendez\u00e9sek meghib\u00e1sod\u00e1sa miatt.<\/p>\n<h4><strong>Felhaszn\u00e1l\u00f3bar\u00e1t telep\u00edt\u00e9s<\/strong><\/h4>\n<p>A k\u00e9nyelmet szem el\u0151tt tartva tervezett k\u00e9tir\u00e1ny\u00fa el\u0151rajzol\u00f3 henger egyszer\u0171en telep\u00edthet\u0151. A gazd\u00e1lkod\u00f3k k\u00f6nnyen integr\u00e1lhatj\u00e1k megl\u00e9v\u0151 m\u0171vel\u00e9s n\u00e9lk\u00fcli g\u00e9peikbe jelent\u0151s m\u00f3dos\u00edt\u00e1sok n\u00e9lk\u00fcl. Ez az egyszer\u0171 telep\u00edt\u00e9s minimaliz\u00e1lja az \u00e1ll\u00e1sid\u0151t, lehet\u0151v\u00e9 t\u00e9ve a gazd\u00e1lkod\u00f3k sz\u00e1m\u00e1ra, hogy gyorsan \u00fajraind\u00edts\u00e1k a tev\u00e9kenys\u00e9g\u00fcket. A be\u00e1ll\u00edt\u00e1sra ford\u00edtott kevesebb id\u0151nek k\u00f6sz\u00f6nhet\u0151en a termel\u0151k a termel\u00e9kenys\u00e9g maximaliz\u00e1l\u00e1s\u00e1ra \u00e9s a gazd\u00e1lkod\u00e1si \u00fctemterv\u00fck betart\u00e1s\u00e1ra koncentr\u00e1lhatnak.<\/p>\n<h4><strong>Minim\u00e1lis talajzavar<\/strong><\/h4>\n<p>A k\u00e9tir\u00e1ny\u00fa rajzhenger kialak\u00edt\u00e1sa jelent\u0151sen cs\u00f6kkenti a talaj bolygat\u00e1s\u00e1t m\u0171k\u00f6d\u00e9s k\u00f6zben. A talajszerkezet \u00e9s a nedvess\u00e9gszint meg\u0151rz\u00e9s\u00e9vel ez a funkci\u00f3 el\u0151seg\u00edti a jobb gy\u00f6k\u00e9rfejl\u0151d\u00e9st \u00e9s az \u00e1ltal\u00e1nos n\u00f6v\u00e9nyeg\u00e9szs\u00e9get. Ezenk\u00edv\u00fcl a cs\u00f6kkent talajbolygat\u00e1s seg\u00edt fenntartani a hasznos mikroorganizmusokat, hozz\u00e1j\u00e1rulva a talaj term\u00e9kenys\u00e9g\u00e9nek javul\u00e1s\u00e1hoz. A talajgazd\u00e1lkod\u00e1snak ez a gondos megk\u00f6zel\u00edt\u00e9se t\u00e1mogatja a fenntarthat\u00f3 gazd\u00e1lkod\u00e1si gyakorlatokat, \u00e9s biztos\u00edtja a f\u00f6ld hossz\u00fa t\u00e1v\u00fa \u00e9letk\u00e9pess\u00e9g\u00e9t.<\/p>\n<p>\u00d6sszefoglalva, a k\u00e9tir\u00e1ny\u00fa rajzhenger sokoldal\u00fa, k\u00e9tir\u00e1ny\u00fa m\u0171k\u00f6d\u00e9s\u00e9vel, kiv\u00e9teles pontoss\u00e1g\u00e1val, tart\u00f3s konstrukci\u00f3j\u00e1val, felhaszn\u00e1l\u00f3bar\u00e1t telep\u00edt\u00e9s\u00e9vel \u00e9s minim\u00e1lis talajbolygat\u00e1s\u00e1val t\u0171nik ki. Ezen tulajdons\u00e1gok mindegyike fokozza a gazd\u00e1lkod\u00e1si \u00e9lm\u00e9nyt, n\u00e9lk\u00fcl\u00f6zhetetlen eszk\u00f6zz\u00e9 t\u00e9ve a modern mez\u0151gazdas\u00e1gi gyakorlatban.<\/p>\n<h2><strong>K\u00e9tir\u00e1ny\u00fa el\u0151rajzol\u00f3 henger talajm\u0171vel\u00e9s n\u00e9lk\u00fcli g\u00e9pekhez Alkalmazhat\u00f3 modell:<\/strong><\/h2>\n<h1 style=\"text-align: center;\"><strong><img loading=\"lazy\" decoding=\"async\" class=\"alignnone size-full wp-image-17284\" src=\"https:\/\/www.hydraulic-cylinders.net\/wp-content\/uploads\/2025\/03\/hydraulic-cylinders-for-no-tillage-machines-2.webp\" alt=\"\" width=\"2312\" height=\"600\" srcset=\"https:\/\/www.hydraulic-cylinders.net\/wp-content\/uploads\/2025\/03\/hydraulic-cylinders-for-no-tillage-machines-2.webp 2312w, https:\/\/www.hydraulic-cylinders.net\/wp-content\/uploads\/2025\/03\/hydraulic-cylinders-for-no-tillage-machines-2-1280x332.webp 1280w, https:\/\/www.hydraulic-cylinders.net\/wp-content\/uploads\/2025\/03\/hydraulic-cylinders-for-no-tillage-machines-2-980x254.webp 980w, https:\/\/www.hydraulic-cylinders.net\/wp-content\/uploads\/2025\/03\/hydraulic-cylinders-for-no-tillage-machines-2-480x125.webp 480w\" sizes=\"(min-width: 0px) and (max-width: 480px) 480px, (min-width: 481px) and (max-width: 980px) 980px, (min-width: 981px) and (max-width: 1280px) 1280px, (min-width: 1281px) 2312px, 100vw\" \/><\/strong><\/h1>\n<h2><strong>Hogyan jav\u00edtja a k\u00e9tir\u00e1ny\u00fa el\u0151rajzol\u00f3 henger k\u00e9tir\u00e1ny\u00fa m\u0171k\u00f6d\u00e9se a mez\u0151gazdas\u00e1gi hat\u00e9konys\u00e1got?<\/strong><\/h2>\n<p>A k\u00e9tir\u00e1ny\u00fa el\u0151rajzol\u00f3 henger k\u00e9tir\u00e1ny\u00fa m\u0171k\u00f6d\u00e9se sz\u00e1mos kulcsfontoss\u00e1g\u00fa el\u0151ny r\u00e9v\u00e9n jelent\u0151sen n\u00f6veli a mez\u0151gazdas\u00e1gi hat\u00e9konys\u00e1got:<\/p>\n<h4><strong>Fokozott man\u0151verezhet\u0151s\u00e9g<\/strong>:<\/h4>\n<p>Az el\u0151re- \u00e9s h\u00e1trameneti k\u00e9pess\u00e9g lehet\u0151v\u00e9 teszi a kezel\u0151k sz\u00e1m\u00e1ra, hogy k\u00f6nnyed\u00e9n navig\u00e1ljanak a k\u00fcl\u00f6nb\u00f6z\u0151 terepeken. Ez a rugalmass\u00e1g k\u00fcl\u00f6n\u00f6sen el\u0151ny\u00f6s a lejt\u0151s, egyenetlen fel\u00fclet\u0171 vagy sz\u0171k helyeken, ahol a hagyom\u00e1nyos, egyir\u00e1ny\u00fa berendez\u00e9sek nehezen boldogulnak. Az\u00e1ltal, hogy cs\u00f6kkentik az \u00e1lland\u00f3 \u00e1thelyez\u00e9s sz\u00fcks\u00e9gess\u00e9g\u00e9t, a gazd\u00e1lkod\u00f3k \u00e1lland\u00f3 munkafolyamatot tarthatnak fenn, biztos\u00edtva, hogy a ter\u00fclet minden n\u00e9gyzetcentim\u00e9ter\u00e9t hat\u00e9konyan kezelj\u00e9k.<\/p>\n<h4><strong>Id\u0151megtakar\u00edt\u00e1s<\/strong>:<\/h4>\n<p>A k\u00e9tir\u00e1ny\u00fa k\u00e9pess\u00e9gnek k\u00f6sz\u00f6nhet\u0151en a gazd\u00e1k kevesebb id\u0151 alatt nagyobb ter\u00fcletet tudnak lefedni. Ez a funkci\u00f3 minimaliz\u00e1lja a fordul\u00f3kra \u00e9s be\u00e1ll\u00edt\u00e1sokra ford\u00edtott id\u0151t, lehet\u0151v\u00e9 t\u00e9ve a folyamatos m\u0171k\u00f6d\u00e9st. Ennek eredm\u00e9nyek\u00e9nt a talaj-el\u0151k\u00e9sz\u00edt\u00e9si \u00e9s vet\u00e9si feladatok teljes id\u0151tartama jelent\u0151sen cs\u00f6kken, lehet\u0151v\u00e9 t\u00e9ve a gazd\u00e1k sz\u00e1m\u00e1ra, hogy hat\u00e9konyabban v\u00e9gezz\u00e9k munk\u00e1jukat, \u00e9s id\u0151t szak\u00edtsanak m\u00e1s alapvet\u0151 mez\u0151gazdas\u00e1gi tev\u00e9kenys\u00e9gekre.<\/p>\n<h4><strong>Fokozott termel\u00e9kenys\u00e9g<\/strong>:<\/h4>\n<p>Az ir\u00e1nyok k\u00f6z\u00f6tti z\u00f6kken\u0151mentes \u00e1tmenet g\u00f6rd\u00fcl\u00e9kenyebb munkafolyamatokat tesz lehet\u0151v\u00e9 \u00e9s cs\u00f6kkenti a megszak\u00edt\u00e1sokat. Ez a hat\u00e9konys\u00e1g kulcsfontoss\u00e1g\u00fa a cs\u00facsid\u0151szakokban, amikor minden pillanat sz\u00e1m\u00edt. Azzal, hogy maximaliz\u00e1lj\u00e1k a sz\u00e1nt\u00f3f\u00f6ld\u00f6n val\u00f3 minden egyes \u00e1thalad\u00e1s hat\u00e9konys\u00e1g\u00e1t, a gazd\u00e1lkod\u00f3k magasabb hozamszintet \u00e9rhetnek el, biztos\u00edtva a vet\u00e9si hat\u00e1rid\u0151k betart\u00e1s\u00e1t \u00e9s az optim\u00e1lis term\u00e9shozamot.<\/p>\n<h4><strong>Jobb talajgazd\u00e1lkod\u00e1s<\/strong>:<\/h4>\n<p>A k\u00e9tir\u00e1ny\u00fa rajzhenger kialak\u00edt\u00e1sa minimaliz\u00e1lja a talaj bolygat\u00e1s\u00e1t m\u0171k\u00f6d\u00e9s k\u00f6zben, ami l\u00e9tfontoss\u00e1g\u00fa a talaj eg\u00e9szs\u00e9g\u00e9nek meg\u0151rz\u00e9se szempontj\u00e1b\u00f3l. A talaj szerkezet\u00e9nek \u00e9s nedvess\u00e9gtartalm\u00e1nak meg\u0151rz\u00e9s\u00e9vel ez a tulajdons\u00e1g el\u0151seg\u00edti a jobb gy\u00f6k\u00e9rfejl\u0151d\u00e9st \u00e9s a n\u00f6v\u00e9nyek vitalit\u00e1s\u00e1t. Ezenk\u00edv\u00fcl a cs\u00f6kkent talajbolygat\u00e1s seg\u00edt fenntartani a hasznos mikroorganizmusokat a talajban, hozz\u00e1j\u00e1rulva a fokozott term\u00e9kenys\u00e9ghez \u00e9s a fenntarthat\u00f3 gazd\u00e1lkod\u00e1si gyakorlatokhoz.<\/p>\n<p>\u00d6sszefoglalva, a k\u00e9tir\u00e1ny\u00fa el\u0151rajzol\u00f3 henger kett\u0151s ir\u00e1ny\u00fa m\u0171k\u00f6d\u00e9se nemcsak korszer\u0171s\u00edti a mez\u0151gazdas\u00e1gi folyamatokat, hanem a jobb talajgazd\u00e1lkod\u00e1st is t\u00e1mogatja, ami jobb termel\u00e9kenys\u00e9ghez \u00e9s a gazd\u00e1lkod\u00e1si gyakorlatok hossz\u00fa t\u00e1v\u00fa fenntarthat\u00f3s\u00e1g\u00e1hoz vezet.<\/p>\n<h2><strong>Tesztfelszerel\u00e9s:<\/strong><\/h2>\n<p><strong><img loading=\"lazy\" decoding=\"async\" class=\"alignnone size-full wp-image-17293\" src=\"https:\/\/www.hydraulic-cylinders.net\/wp-content\/uploads\/2025\/03\/test-equipment.webp-2.webp\" alt=\"\" width=\"1932\" height=\"1741\" srcset=\"https:\/\/www.hydraulic-cylinders.net\/wp-content\/uploads\/2025\/03\/test-equipment.webp-2.webp 1932w, https:\/\/www.hydraulic-cylinders.net\/wp-content\/uploads\/2025\/03\/test-equipment.webp-2-1280x1153.webp 1280w, https:\/\/www.hydraulic-cylinders.net\/wp-content\/uploads\/2025\/03\/test-equipment.webp-2-980x883.webp 980w, https:\/\/www.hydraulic-cylinders.net\/wp-content\/uploads\/2025\/03\/test-equipment.webp-2-480x433.webp 480w\" sizes=\"(min-width: 0px) and (max-width: 480px) 480px, (min-width: 481px) and (max-width: 980px) 980px, (min-width: 981px) and (max-width: 1280px) 1280px, (min-width: 1281px) 1932px, 100vw\" \/><\/strong><\/p>\n<ul>\n<li>1: S\u00f3permet-tesztkamra<\/li>\n<li>2: K\u00e9miai elemz\u00e9s<\/li>\n<li>3: Szak\u00edt\u00f3vizsg\u00e1l\u00f3 g\u00e9p<\/li>\n<li>4: Rockwell kem\u00e9nys\u00e9gm\u00e9r\u0151<\/li>\n<li>5: Tisztas\u00e1gvizsg\u00e1l\u00f3 g\u00e9p<\/li>\n<li>6: TH110 Visszapattan\u00f3 kem\u00e9nys\u00e9gm\u00e9r\u0151<\/li>\n<li>7: Bevonatvastags\u00e1g-m\u00e9r\u0151<\/li>\n<li>8: Inga\u00fct\u00e9si teszt<\/li>\n<\/ul>\n<p><img loading=\"lazy\" decoding=\"async\" class=\"alignnone size-full wp-image-17292\" src=\"https:\/\/www.hydraulic-cylinders.net\/wp-content\/uploads\/2025\/03\/test-equipment.webp-1.webp\" alt=\"\" width=\"1600\" height=\"1216\" srcset=\"https:\/\/www.hydraulic-cylinders.net\/wp-content\/uploads\/2025\/03\/test-equipment.webp-1.webp 1600w, https:\/\/www.hydraulic-cylinders.net\/wp-content\/uploads\/2025\/03\/test-equipment.webp-1-1280x973.webp 1280w, https:\/\/www.hydraulic-cylinders.net\/wp-content\/uploads\/2025\/03\/test-equipment.webp-1-980x745.webp 980w, https:\/\/www.hydraulic-cylinders.net\/wp-content\/uploads\/2025\/03\/test-equipment.webp-1-480x365.webp 480w\" sizes=\"(min-width: 0px) and (max-width: 480px) 480px, (min-width: 481px) and (max-width: 980px) 980px, (min-width: 981px) and (max-width: 1280px) 1280px, (min-width: 1281px) 1600px, 100vw\" \/><\/p>\n<p>C\u00e9g\u00fcnk a min\u0151s\u00e9get tekinti sikere alapj\u00e1nak. Ennek az elk\u00f6telezetts\u00e9gnek a fenntart\u00e1sa \u00e9rdek\u00e9ben a legmodernebb hazai tesztel\u0151 \u00e9s laborat\u00f3riumi berendez\u00e9sekbe fektett\u00fcnk be, amelyeket magasan k\u00e9pzett tudom\u00e1nyos \u00e9s technol\u00f3giai szakemberekb\u0151l \u00e1ll\u00f3 csapat t\u00e1mogat.<\/p>\n<p>Szigor\u00fa min\u0151s\u00e9gir\u00e1ny\u00edt\u00e1si rendszert tartunk fenn, amely megfelel az ipar\u00e1gi szabv\u00e1nyoknak, biztos\u00edtva, hogy minden \u00e1ltalunk gy\u00e1rtott term\u00e9kt\u00e9tel megfeleljen a legmagasabb min\u0151s\u00e9gi krit\u00e9riumoknak. M\u0171k\u00f6d\u00e9s\u00fcnk szabv\u00e1nyos\u00edt\u00e1s\u00e1val \u00e9s folyamataink folyamatos ellen\u0151rz\u00e9s\u00e9vel biztos\u00edtjuk, hogy \u00fcgyfeleink csak a legjobbat kapj\u00e1k.<\/p>\n<p>Ez a min\u0151s\u00e9g ir\u00e1nti rend\u00edthetetlen elk\u00f6telezetts\u00e9g nemcsak term\u00e9keink megb\u00edzhat\u00f3s\u00e1g\u00e1t n\u00f6veli, hanem bizalmat \u00e9s el\u00e9gedetts\u00e9get is \u00e9p\u00edt \u00fcgyfeleink k\u00f6r\u00e9ben. Hissz\u00fck, hogy a kiv\u00e1l\u00f3s\u00e1g el\u0151t\u00e9rbe helyez\u00e9s\u00e9vel termel\u00e9s\u00fcnk minden aspektus\u00e1ban hozz\u00e1j\u00e1rulunk partnereink \u00e9s az eg\u00e9sz ipar\u00e1g siker\u00e9hez. Egy\u00fcttesen az innov\u00e1ci\u00f3ra \u00e9s az id\u0151k sor\u00e1n is kitart\u00f3 min\u0151s\u00e9gre t\u00f6reksz\u00fcnk.<\/p>\n<h2><strong>Hidraulikus henger gy\u00e1rt\u00e1si telephelye:<\/strong><\/h2>\n<p>C\u00e9g\u00fcnk a hidraulikus hengerek vezet\u0151 gy\u00e1rt\u00f3ja, saj\u00e1t f\u00fcggetlen kutat\u00e1si, fejleszt\u00e9si \u00e9s tervez\u00e9si k\u00e9pess\u00e9geinkkel t\u00e1mogatva. Korszer\u0171 l\u00e9tes\u00edtm\u00e9ny\u00fcnkben t\u00f6bb mint 170 \u00e1ltal\u00e1nos szersz\u00e1mg\u00e9p, CNC-g\u00e9p, megmunk\u00e1l\u00f3k\u00f6zpont, hegeszt\u0151berendez\u00e9s \u00e9s speci\u00e1lis vizsg\u00e1l\u00f3- \u00e9s ellen\u0151rz\u0151eszk\u00f6z tal\u00e1lhat\u00f3, \u00edgy j\u00f3l felszereltek vagyunk a v\u00e1ltozatos ipari ig\u00e9nyek kiel\u00e9g\u00edt\u00e9s\u00e9re.<\/p>\n<p>Az \u00e9vek sor\u00e1n felhalmozott technol\u00f3giai szak\u00e9rtelem \u00e9s a folyamatok finom\u00edt\u00e1sa r\u00e9v\u00e9n kiforrott gy\u00e1rt\u00e1si folyamatot hoztunk l\u00e9tre, amely z\u00f6kken\u0151mentesen integr\u00e1lja a kutat\u00e1s-fejleszt\u00e9st a gy\u00e1rt\u00e1ssal. Ez az integr\u00e1ci\u00f3 v\u00e1lt a legf\u0151bb versenyel\u0151ny\u00fcnkk\u00e9, lehet\u0151v\u00e9 t\u00e9ve sz\u00e1munkra, hogy a hidraulikus hengerek sz\u00e9les v\u00e1laszt\u00e9k\u00e1t tervezz\u00fck \u00e9s gy\u00e1rtsuk, amelyeket az \u00fcgyfelek egyedi ig\u00e9nyeinek megfelel\u0151en testre szabunk.<\/p>\n<p>Term\u00e9keinket sz\u00e9les k\u00f6rben haszn\u00e1lj\u00e1k k\u00fcl\u00f6nf\u00e9le \u00e1gazatokban, bele\u00e9rtve a mez\u0151gazdas\u00e1gi g\u00e9peket, \u00e9p\u00edt\u0151ipari berendez\u00e9seket, j\u00e1rm\u0171veket, \u00fat\u00e9p\u00edt\u00e9st \u00e9s speci\u00e1lis g\u00e9peket. B\u00fcszk\u00e9n t\u00e1mogatunk sz\u00e1mos OEM-t, t\u00f6bbek k\u00f6z\u00f6tt a Bonong Xingda, Bojin Hummer, Jilin Ruifeng, Debang Dawei, Shandong Yineng Heavy Industry, Tai'an Modern Heavy Industry \u00e9s Shifeng Group v\u00e1llalatokat.<\/p>\n<p><img loading=\"lazy\" decoding=\"async\" class=\"alignnone size-full wp-image-17290\" src=\"https:\/\/www.hydraulic-cylinders.net\/wp-content\/uploads\/2025\/03\/production-site-1.webp\" alt=\"\" width=\"1971\" height=\"2253\" srcset=\"https:\/\/www.hydraulic-cylinders.net\/wp-content\/uploads\/2025\/03\/production-site-1.webp 1971w, https:\/\/www.hydraulic-cylinders.net\/wp-content\/uploads\/2025\/03\/production-site-1-1280x1463.webp 1280w, https:\/\/www.hydraulic-cylinders.net\/wp-content\/uploads\/2025\/03\/production-site-1-980x1120.webp 980w, https:\/\/www.hydraulic-cylinders.net\/wp-content\/uploads\/2025\/03\/production-site-1-480x549.webp 480w\" sizes=\"(min-width: 0px) and (max-width: 480px) 480px, (min-width: 481px) and (max-width: 980px) 980px, (min-width: 981px) and (max-width: 1280px) 1280px, (min-width: 1281px) 1971px, 100vw\" \/><\/p>\n<p>Elk\u00f6telezettek vagyunk a kiv\u00e9teles szolg\u00e1ltat\u00e1s ny\u00fajt\u00e1sa ir\u00e1nt egy szigor\u00fa min\u0151s\u00e9gpolitik\u00e1n kereszt\u00fcl, amely el\u0151t\u00e9rbe helyezi a folyamatos innov\u00e1ci\u00f3t a kutat\u00e1s-fejleszt\u00e9s, az ir\u00e1ny\u00edt\u00e1s, a min\u0151s\u00e9gellen\u0151rz\u00e9s \u00e9s az \u00fcgyf\u00e9lszolg\u00e1lat ter\u00fclet\u00e9n. A min\u0151s\u00e9g ir\u00e1nti elk\u00f6telezetts\u00e9g\u00fcnket ISO\/TS16949 tan\u00fas\u00edtv\u00e1nnyal ismerj\u00fck el, amely biztos\u00edtja, hogy ne csak megfelelj\u00fcnk, hanem folyamatosan t\u00fal is sz\u00e1rnyaljuk \u00fcgyfeleink elv\u00e1r\u00e1sait.<\/p>\n<p>A j\u00f6v\u0151re n\u00e9zve tov\u00e1bbra is fejleszteni fogjuk technol\u00f3gi\u00e1nkat \u00e9s b\u0151v\u00edteni k\u00e9pess\u00e9geinket, mindig arra t\u00f6rekedve, hogy a legmagasabb min\u0151s\u00e9g\u0171 term\u00e9keket \u00e9s szolg\u00e1ltat\u00e1sokat ny\u00fajtsuk \u00fcgyfeleinknek. Egy\u00fcttesen a kiv\u00e1l\u00f3s\u00e1g \u00f6r\u00f6ks\u00e9g\u00e9t \u00e9p\u00edtj\u00fck a hidraulikus hengerek ipar\u00e1g\u00e1ban.<\/p>\n<p><strong>\u00a0<\/strong><\/p>","protected":false},"excerpt":{"rendered":"<p>BI-Directional Scriber Cylinder For No Tillage Machines The BI-Directional Scriber Cylinder is a crucial component for no-tillage machines, significantly enhancing their effectiveness in soil preparation and planting. This innovative cylinder allows for precise and versatile soil management, enabling farmers to create optimal planting conditions while preserving the soil structure. By leveraging advanced hydraulic technology, the [&hellip;]<\/p>","protected":false},"featured_media":17303,"comment_status":"open","ping_status":"closed","template":"","meta":{"_et_pb_use_builder":"","_et_pb_old_content":"","_et_gb_content_width":""},"product_brand":[],"product_cat":[1550,1530,1376],"product_tag":[],"class_list":{"0":"post-17332","1":"product","2":"type-product","3":"status-publish","4":"has-post-thumbnail","6":"product_cat-double-acting-hydraulic-cylinder","7":"product_cat-no-tillage-machinery-hydraulic-cylinders","8":"product_cat-hydraulic-cylinder","10":"first","11":"instock","12":"shipping-taxable","13":"product-type-simple"},"amp_enabled":true,"_links":{"self":[{"href":"https:\/\/www.hydraulic-cylinders.net\/hu\/wp-json\/wp\/v2\/product\/17332","targetHints":{"allow":["GET"]}}],"collection":[{"href":"https:\/\/www.hydraulic-cylinders.net\/hu\/wp-json\/wp\/v2\/product"}],"about":[{"href":"https:\/\/www.hydraulic-cylinders.net\/hu\/wp-json\/wp\/v2\/types\/product"}],"replies":[{"embeddable":true,"href":"https:\/\/www.hydraulic-cylinders.net\/hu\/wp-json\/wp\/v2\/comments?post=17332"}],"wp:featuredmedia":[{"embeddable":true,"href":"https:\/\/www.hydraulic-cylinders.net\/hu\/wp-json\/wp\/v2\/media\/17303"}],"wp:attachment":[{"href":"https:\/\/www.hydraulic-cylinders.net\/hu\/wp-json\/wp\/v2\/media?parent=17332"}],"wp:term":[{"taxonomy":"product_brand","embeddable":true,"href":"https:\/\/www.hydraulic-cylinders.net\/hu\/wp-json\/wp\/v2\/product_brand?post=17332"},{"taxonomy":"product_cat","embeddable":true,"href":"https:\/\/www.hydraulic-cylinders.net\/hu\/wp-json\/wp\/v2\/product_cat?post=17332"},{"taxonomy":"product_tag","embeddable":true,"href":"https:\/\/www.hydraulic-cylinders.net\/hu\/wp-json\/wp\/v2\/product_tag?post=17332"}],"curies":[{"name":"munkaf\u00fczet","href":"https:\/\/api.w.org\/{rel}","templated":true}]}}