{"id":1735,"date":"2023-10-12T05:49:25","date_gmt":"2023-10-12T05:49:25","guid":{"rendered":"https:\/\/hydraulic-cylinders.net\/?post_type=product&#038;p=1735"},"modified":"2025-04-11T02:53:40","modified_gmt":"2025-04-11T02:53:40","slug":"cement-equipment-feeding-cylinder","status":"publish","type":"product","link":"https:\/\/www.hydraulic-cylinders.net\/hu\/termek\/cement-equipment-feeding-cylinder\/","title":{"rendered":"Cementberendez\u00e9sek adagol\u00f3hengere"},"content":{"rendered":"<h1 style=\"text-align: center;\"><strong>Cementberendez\u00e9sek adagol\u00f3hengere<\/strong><\/h1>\n<p><img loading=\"lazy\" decoding=\"async\" class=\"aligncenter wp-image-1738\" src=\"https:\/\/hydraulic-cylinders.net\/wp-content\/uploads\/2023\/10\/feeding-cylinder-1-1-300x300.webp\" alt=\"\" width=\"400\" height=\"400\" \/><\/p>\n<p>A cementgy\u00e1rt\u00f3 berendez\u00e9sek adagol\u00f3hengere l\u00e9tfontoss\u00e1g\u00fa eleme a cementgy\u00e1rt\u00e1snak, amelyet kifejezetten a hat\u00e9konys\u00e1g \u00e9s a pontoss\u00e1g fokoz\u00e1s\u00e1ra terveztek az adagol\u00e1si folyamat sor\u00e1n. Ez a speci\u00e1lis henger kulcsfontoss\u00e1g\u00fa szerepet j\u00e1tszik a cementgy\u00e1rakban, lehet\u0151v\u00e9 t\u00e9ve a nyersanyagok ellen\u0151rz\u00f6tt \u00e9s pontos adagol\u00e1s\u00e1t a cementgy\u00e1rt\u00f3 g\u00e9pekbe.<\/p>\n<p>A cementgy\u00e1rt\u00f3 berendez\u00e9s adagol\u00f3hengere n\u00e9lk\u00fcl\u00f6zhetetlen eleme a cementgy\u00e1rt\u00e1snak, n\u00f6veli a hat\u00e9konys\u00e1got \u00e9s a pontoss\u00e1got az adagol\u00e1si folyamat sor\u00e1n. Robusztus fel\u00e9p\u00edt\u00e9s\u00e9nek, prec\u00edz vez\u00e9rl\u00e9s\u00e9nek, \u00e1ll\u00edthat\u00f3 l\u00f6kethossz\u00e1nak \u00e9s megb\u00edzhat\u00f3 t\u00f6m\u00edt\u0151mechanizmus\u00e1nak k\u00f6sz\u00f6nhet\u0151en ez a henger pontos \u00e9s egyenletes anyag\u00e1raml\u00e1st biztos\u00edt, hozz\u00e1j\u00e1rulva az optimaliz\u00e1lt cementgy\u00e1rt\u00e1si m\u0171veletekhez. Az aj\u00e1nlott haszn\u00e1lati m\u00f3dszerek \u00e9s karbantart\u00e1si gyakorlatok betart\u00e1s\u00e1val a kezel\u0151k maximaliz\u00e1lhatj\u00e1k a cementgy\u00e1rt\u00f3 berendez\u00e9s adagol\u00f3henger\u00e9nek teljes\u00edtm\u00e9ny\u00e9t \u00e9s \u00e9lettartam\u00e1t, v\u00e9gs\u0151 soron jav\u00edtva a cementgy\u00e1rt\u00e1s hat\u00e9konys\u00e1g\u00e1t, termel\u00e9kenys\u00e9g\u00e9t \u00e9s min\u0151s\u00e9g\u00e9t.<\/p>\n<p>Cementberendez\u00e9sek adagol\u00f3henger\u00e9nek f\u0151bb jellemz\u0151i:<\/p>\n<ol>\n<li>Robusztus konstrukci\u00f3:<\/li>\n<\/ol>\n<ul>\n<li>A cementgy\u00e1ri adagol\u00f3henger kiv\u00e1l\u00f3 min\u0151s\u00e9g\u0171 anyagokb\u00f3l k\u00e9sz\u00fclt, hogy tart\u00f3ss\u00e1got \u00e9s hossz\u00fa \u00e9lettartamot biztos\u00edtson a neh\u00e9z cementgy\u00e1ri k\u00f6rnyezetben.<\/li>\n<li>K\u00e9pes ellen\u00e1llni a nagy terhel\u00e9seknek \u00e9s a folyamatos m\u0171k\u00f6d\u00e9s viszontags\u00e1gainak an\u00e9lk\u00fcl, hogy a teljes\u00edtm\u00e9nye romlana.<\/li>\n<\/ul>\n<ol start=\"2\">\n<li>Prec\u00edz vez\u00e9rl\u00e9s:<\/li>\n<\/ol>\n<ul>\n<li>Ez a henger \u00fagy van kialak\u00edtva, hogy prec\u00edz vez\u00e9rl\u00e9st biztos\u00edtson az adagol\u00e1si folyamat felett, lehet\u0151v\u00e9 t\u00e9ve a pontos \u00e9s egyenletes anyag\u00e1raml\u00e1st.<\/li>\n<li>Lehet\u0151v\u00e9 teszi a kezel\u0151k sz\u00e1m\u00e1ra az optim\u00e1lis adagol\u00e1si sebess\u00e9g fenntart\u00e1s\u00e1t, jav\u00edtva a hat\u00e9konys\u00e1got \u00e9s a term\u00e9kmin\u0151s\u00e9get.<\/li>\n<\/ul>\n<ol start=\"3\">\n<li>\u00c1ll\u00edthat\u00f3 l\u00f6kethossz:<\/li>\n<\/ol>\n<ul>\n<li>A cementbevon\u00f3 berendez\u00e9s adagol\u00f3hengere \u00e1ll\u00edthat\u00f3 l\u00f6kethosszal rendelkezik, ami rugalmass\u00e1got biztos\u00edt az egyes adagol\u00e1si ciklusok sor\u00e1n sz\u00e1ll\u00edtott anyag mennyis\u00e9g\u00e9ben.<\/li>\n<li>A kezel\u0151k finomhangolhatj\u00e1k a l\u00f6kethosszt az adott gy\u00e1rt\u00e1si k\u00f6vetelm\u00e9nyek \u00e9s az anyagjellemz\u0151k alapj\u00e1n.<\/li>\n<\/ul>\n<ol start=\"4\">\n<li>Megb\u00edzhat\u00f3 t\u00f6m\u00edt\u0151 mechanizmus:<\/li>\n<\/ol>\n<ul>\n<li>A henger megb\u00edzhat\u00f3 t\u00f6m\u00edt\u0151mechanizmussal rendelkezik, amely megakad\u00e1lyozza a sziv\u00e1rg\u00e1st \u00e9s biztos\u00edtja az egyenletes adagol\u00e1si folyamatot.<\/li>\n<li>Minimaliz\u00e1lja az anyagpazarl\u00e1st, \u00e9s el\u0151seg\u00edti a tiszta \u00e9s hat\u00e9kony termel\u00e9si k\u00f6rnyezetet.<\/li>\n<\/ul>\n<h2><strong>Cementberendez\u00e9s etet\u0151henger param\u00e9tere:<\/strong><\/h2>\n<table border=\"1\" cellspacing=\"0\" cellpadding=\"0\">\n<tbody>\n<tr>\n<td>Term\u00e9k neve<\/td>\n<td>Cementberendez\u00e9sek adagol\u00f3hengere<\/td>\n<\/tr>\n<tr>\n<td>Jellemz\u0151k:<\/td>\n<td>A rost\u00e9lyh\u0171t\u0151 rost\u00e9ly\u00e1gy\u00e1nak oda-vissza mozg\u00e1s\u00e1nak el\u0151seg\u00edt\u00e9se<\/td>\n<\/tr>\n<tr>\n<td>Furat\u00e1tm\u00e9r\u0151:<\/td>\n<td>80 mm\uff5e140 mm<\/td>\n<\/tr>\n<tr>\n<td>R\u00fad \u00e1tm\u00e9r\u0151je:<\/td>\n<td>45 mm\uff5e80 mm<br \/>\nL\u00f6ket: \u22641200 mm<\/td>\n<\/tr>\n<tr>\n<td>Tol\u00f3er\u0151:<\/td>\n<td>Max. 385 kN<br \/>\n(Henger\u00e1tm\u00e9r\u0151 140 mm\/nyom\u00e1s 25 MPa)<\/td>\n<\/tr>\n<tr>\n<td>Cementberendez\u00e9sek etet\u0151hengeres alkalmaz\u00e1sai:<\/td>\n<td>Cementberendez\u00e9sek<\/td>\n<\/tr>\n<\/tbody>\n<\/table>\n<div><\/div>\n<div>\n<div class=\"txtboxL\">\n<div class=\"txtboxL\">\n<div class=\"txtboxL\">Jellemz\u0151k:<\/div>\n<div class=\"txtboxR\">A rost\u00e9lyh\u0171t\u0151 rost\u00e9ly\u00e1gy\u00e1nak oda-vissza mozg\u00e1s\u00e1nak el\u0151seg\u00edt\u00e9se<\/div>\n<div class=\"txtboxL\">Specifik\u00e1ci\u00f3:<\/div>\n<div class=\"txtboxR\">Furat\u00e1tm\u00e9r\u0151: 80mm\uff5e140mm<br \/>\nR\u00fad \u00e1tm\u00e9r\u0151je: 45mm\uff5e80mm<br \/>\nL\u00f6ket: \u22641200 mm<\/div>\n<div class=\"txtboxL\">Tol\u00f3er\u0151:<\/div>\n<div class=\"txtboxR\">Max. 385 kN<br \/>\n(Henger\u00e1tm\u00e9r\u0151 140 mm\/nyom\u00e1s 25 MPa)<\/div>\n<\/div>\n<\/div>\n<\/div>\n<h2><strong>Cementberendez\u00e9sek <\/strong><strong>Hengergy\u00e1r:<\/strong><\/h2>\n<p><img loading=\"lazy\" decoding=\"async\" class=\"alignnone wp-image-1734 size-full\" src=\"https:\/\/hydraulic-cylinders.net\/wp-content\/uploads\/2023\/10\/cement-equipment-cylinder-1.webp\" alt=\"\" width=\"1418\" height=\"946\" srcset=\"https:\/\/hydraulic-cylinders.net\/wp-content\/uploads\/2023\/10\/cement-equipment-cylinder-1.webp 1418w, https:\/\/hydraulic-cylinders.net\/wp-content\/uploads\/2023\/10\/cement-equipment-cylinder-1-1280x854.webp 1280w, https:\/\/hydraulic-cylinders.net\/wp-content\/uploads\/2023\/10\/cement-equipment-cylinder-1-980x654.webp 980w, https:\/\/hydraulic-cylinders.net\/wp-content\/uploads\/2023\/10\/cement-equipment-cylinder-1-480x320.webp 480w\" sizes=\"(min-width: 0px) and (max-width: 480px) 480px, (min-width: 481px) and (max-width: 980px) 980px, (min-width: 981px) and (max-width: 1280px) 1280px, (min-width: 1281px) 1418px, 100vw\" \/><\/p>\n<h2><strong>A cementberendez\u00e9sek etet\u0151henger\u00e9nek haszn\u00e1lati m\u00f3dja<\/strong><strong>:<\/strong><\/h2>\n<ol>\n<li><strong>Telep\u00edt\u00e9s:<\/strong><\/li>\n<\/ol>\n<ul>\n<li>A cementgy\u00e1rt\u00f3 berendez\u00e9s adagol\u00f3henger\u00e9nek cementgy\u00e1rt\u00f3 g\u00e9pbe t\u00f6rt\u00e9n\u0151 biztons\u00e1gos beszerel\u00e9s\u00e9hez k\u00f6vesse a gy\u00e1rt\u00f3 utas\u00edt\u00e1sait.<\/li>\n<li>Biztos\u00edtsa a megfelel\u0151 illeszked\u00e9st, r\u00f6gz\u00edt\u00e9st \u00e9s integr\u00e1ci\u00f3t az etet\u0151rendszerrel.<\/li>\n<\/ul>\n<ol start=\"2\">\n<li><strong>Be\u00e1ll\u00edt\u00e1s:<\/strong><\/li>\n<\/ol>\n<ul>\n<li>\u00c1ll\u00edtsa be a henger l\u00f6kethossz\u00e1t a k\u00edv\u00e1nt adagol\u00e1si mennyis\u00e9gnek \u00e9s sebess\u00e9gnek megfelel\u0151en.<\/li>\n<li>A konkr\u00e9t be\u00e1ll\u00edt\u00e1si mechanizmusokkal \u00e9s be\u00e1ll\u00edt\u00e1sokkal kapcsolatban l\u00e1sd a gy\u00e1rt\u00f3 utas\u00edt\u00e1sait.<\/li>\n<\/ul>\n<ol start=\"3\">\n<li><strong>Anyag bet\u00f6lt\u00e9se:<\/strong><\/li>\n<\/ol>\n<ul>\n<li>T\u00f6ltse be a k\u00edv\u00e1nt nyersanyagokat az adagol\u00f3rendszerbe, \u00fcgyelve arra, hogy azok megfelel\u0151en legyenek elhelyezve a z\u00f6kken\u0151mentes \u00e9s megszak\u00edt\u00e1s n\u00e9lk\u00fcli adagol\u00e1s \u00e9rdek\u00e9ben.<\/li>\n<li>Ker\u00fclje a rendszer t\u00falterhel\u00e9s\u00e9t, mivel az h\u00e1tr\u00e1nyosan befoly\u00e1solhatja a cementberendez\u00e9s adagol\u00f3henger\u00e9nek teljes\u00edtm\u00e9ny\u00e9t \u00e9s hat\u00e9konys\u00e1g\u00e1t.<\/li>\n<\/ul>\n<ol start=\"4\">\n<li><strong>Aktiv\u00e1l\u00e1s \u00e9s vez\u00e9rl\u00e9s:<\/strong><\/li>\n<\/ol>\n<ul>\n<li>Aktiv\u00e1ld az adagol\u00f3rendszert, a cementgy\u00e1r adagol\u00f3henger\u00e9t bekapcsolva ind\u00edtsd el az anyag\u00e1raml\u00e1st.<\/li>\n<li>A vez\u00e9rl\u0151panel vagy a kezel\u0151fel\u00fclet seg\u00edts\u00e9g\u00e9vel szab\u00e1lyozhatja az adagol\u00e1si folyamatot, sz\u00fcks\u00e9g szerint m\u00f3dos\u00edtva a l\u00f6kethosszt \u00e9s a sebess\u00e9get.<\/li>\n<\/ul>\n<h2><strong>Hogyan m\u0171k\u00f6dnek a hidraulikus hengerek?<\/strong><\/h2>\n<p>A hidraulikus hengerek olyan mechanikus eszk\u00f6z\u00f6k, amelyek a hidraulikus folyad\u00e9k erej\u00e9t haszn\u00e1lj\u00e1k er\u0151 l\u00e9trehoz\u00e1s\u00e1ra \u00e9s line\u00e1ris mozg\u00e1s el\u0151seg\u00edt\u00e9s\u00e9re. Ezeket \u00e1ltal\u00e1ban k\u00fcl\u00f6nf\u00e9le alkalmaz\u00e1sokban haszn\u00e1lj\u00e1k, az \u00e9p\u00edt\u0151ipari berendez\u00e9sekt\u0151l az ipari g\u00e9pekig. \u00cdme egy egyszer\u0171s\u00edtett magyar\u00e1zat a hidraulikus hengerek m\u0171k\u00f6d\u00e9s\u00e9r\u0151l:<\/p>\n<ol>\n<li><strong>Alapvet\u0151 \u00f6sszetev\u0151k:<\/strong>\n<ul>\n<li>Hengercs\u0151: Ez a hidraulikus henger f\u0151 teste, amelyben a dugatty\u00fa \u00e9s m\u00e1s bels\u0151 alkatr\u00e9szek tal\u00e1lhat\u00f3k.<\/li>\n<li>Dugatty\u00fa: Hengeres alkatr\u00e9sz, amely a hengertestet k\u00e9t kamr\u00e1ra osztja.<\/li>\n<li>Dugatty\u00far\u00fad: A dugatty\u00fahoz csatlakoztatva, a hengertesten k\u00edv\u00fclre ny\u00falik, \u00e9s tov\u00e1bb\u00edtja a keletkez\u0151 er\u0151t.<\/li>\n<li>T\u00f6m\u00edt\u00e9sek: Ezek megakad\u00e1lyozz\u00e1k a hidraulikafolyad\u00e9k sziv\u00e1rg\u00e1s\u00e1t a dugatty\u00fa \u00e9s a hengercs\u0151 k\u00f6z\u00f6tt, biztos\u00edtva a hat\u00e9kony m\u0171k\u00f6d\u00e9st.<\/li>\n<\/ul>\n<\/li>\n<li><strong>Hidraulikus rendszer:<\/strong>\n<ul>\n<li>A hidraulikus rendszer hidraulikus szivatty\u00fab\u00f3l, vez\u00e9rl\u0151szelepekb\u0151l \u00e9s hidraulikafolyad\u00e9kb\u00f3l (\u00e1ltal\u00e1ban olajb\u00f3l) \u00e1ll.<\/li>\n<li>A hidraulikus szivatty\u00fa nyom\u00e1s al\u00e1 helyezi a folyad\u00e9kot, hidraulikus energi\u00e1t hozva l\u00e9tre, amely er\u0151 el\u0151\u00e1ll\u00edt\u00e1s\u00e1ra haszn\u00e1lhat\u00f3.<\/li>\n<\/ul>\n<\/li>\n<li><strong>K\u00e9t Kamara:<\/strong>\n<ul>\n<li>A hidraulikus hengernek k\u00e9t kamr\u00e1ja van: a r\u00fad oldala (vagy nyom\u00f3 oldala) \u00e9s az ellenkez\u0151 oldala (vagy visszat\u00e9r\u0151 oldala).<\/li>\n<li>A r\u00fad oldala a hidraulikus szivatty\u00fahoz, m\u00edg az ellenkez\u0151 oldal egy tart\u00e1lyhoz vagy visszat\u00e9r\u0151 vezet\u00e9khez van csatlakoztatva.<\/li>\n<\/ul>\n<\/li>\n<li><strong>M\u0171velet:<\/strong>\n<ul>\n<li>Amikor hidraulikafolyad\u00e9kot pump\u00e1lnak a r\u00fad oldals\u00f3 kamr\u00e1j\u00e1ba, nyom\u00e1st gyakorol a dugatty\u00fara, ami kifel\u00e9 mozdul\u00e1st okoz.<\/li>\n<li>Ahogy a dugatty\u00fa mozog, nyomja a dugatty\u00farudat, line\u00e1ris er\u0151t gener\u00e1lva.<\/li>\n<li>Ezzel egyidej\u0171leg a hidraulikafolyad\u00e9k az ellenkez\u0151 oldali kamr\u00e1b\u00f3l visszat\u00e9r a tart\u00e1lyba vagy a visszat\u00e9r\u0151 vezet\u00e9ken kereszt\u00fcl.<\/li>\n<\/ul>\n<\/li>\n<li><strong>Ir\u00e1ny\u00edtott vez\u00e9rl\u00e9s:<\/strong>\n<ul>\n<li>A hidraulikus henger mozg\u00e1sir\u00e1nya ir\u00e1nyszab\u00e1lyoz\u00f3 szelepekkel szab\u00e1lyozhat\u00f3.<\/li>\n<li>Ezek a szelepek szab\u00e1lyozz\u00e1k a hidraulikafolyad\u00e9k \u00e1raml\u00e1s\u00e1t a megfelel\u0151 kamr\u00e1ba, meghat\u00e1rozva a dugatty\u00fa mozg\u00e1s\u00e1nak ir\u00e1ny\u00e1t.<\/li>\n<\/ul>\n<\/li>\n<li><strong>Er\u0151- \u00e9s sebess\u00e9gszab\u00e1lyoz\u00e1s:<\/strong>\n<ul>\n<li>A hidraulikus henger \u00e1ltal l\u00e9trehozott er\u0151 a hidraulikus nyom\u00e1st\u00f3l \u00e9s a dugatty\u00fa effekt\u00edv fel\u00fclet\u00e9t\u0151l f\u00fcgg.<\/li>\n<li>A hidraulikus nyom\u00e1s be\u00e1ll\u00edt\u00e1s\u00e1val szab\u00e1lyozhat\u00f3 az er\u0151kifejt\u00e9s.<\/li>\n<li>A henger mozg\u00e1s\u00e1nak sebess\u00e9g\u00e9t a hengerbe be- vagy onnan ki\u00e1raml\u00f3 hidraulikafolyad\u00e9k \u00e1raml\u00e1si sebess\u00e9g\u00e9nek be\u00e1ll\u00edt\u00e1s\u00e1val lehet szab\u00e1lyozni.<\/li>\n<\/ul>\n<\/li>\n<li><strong>Alkalmaz\u00e1sok:<\/strong>\n<ul>\n<li>A hidraulikus hengereket k\u00fcl\u00f6nf\u00e9le alkalmaz\u00e1sokban haszn\u00e1lj\u00e1k, amelyek line\u00e1ris er\u0151t \u00e9s mozg\u00e1st ig\u00e9nyelnek, p\u00e9ld\u00e1ul emel\u00e9sn\u00e9l, tol\u00e1sn\u00e1l, h\u00faz\u00e1sn\u00e1l \u00e9s hajl\u00edt\u00e1sn\u00e1l.<\/li>\n<li>\u00c1ltal\u00e1ban \u00e9p\u00edt\u0151ipari berendez\u00e9sekben, anyagmozgat\u00f3 g\u00e9pekben, gy\u00e1rt\u00f3rendszerekben \u00e9s aut\u00f3ipari alkalmaz\u00e1sokban tal\u00e1lhat\u00f3k.<\/li>\n<\/ul>\n<\/li>\n<\/ol>\n<h2><strong>A gy\u00e1r kapacit\u00e1sa \u00e9s kapacit\u00e1sa:<\/strong><\/h2>\n<h3>(1) \u00d6sszeszerel\u00e9s<\/h3>\n<p>Els\u0151 oszt\u00e1ly\u00fa f\u00fcggetlen kutat\u00e1si \u00e9s fejleszt\u00e9si \u00f6sszeszerel\u00e9si platformmal rendelkez\u00fcnk. A hidraulikus hengergy\u00e1rt\u00f3 m\u0171hely n\u00e9gy f\u00e9lautomata emel\u0151henger-\u00f6sszeszerel\u0151 sorral \u00e9s egy automata billen\u0151henger-\u00f6sszeszerel\u0151 sorral rendelkezik, tervezett \u00e9ves gy\u00e1rt\u00e1si kapacit\u00e1sa 1 milli\u00f3 darab. A speci\u00e1lis henger m\u0171hely k\u00fcl\u00f6nb\u00f6z\u0151 specifik\u00e1ci\u00f3j\u00fa f\u00e9lautomata tiszt\u00edt\u00f3 \u00f6sszeszerel\u0151 rendszerrel van felszerelve, amelynek tervezett \u00e9ves termel\u00e9si kapacit\u00e1sa 200.000, \u00e9s h\u00edres CNC megmunk\u00e1l\u00f3 berendez\u00e9ssel, megmunk\u00e1l\u00f3 k\u00f6zponttal, nagy pontoss\u00e1g\u00fa hengerfeldolgoz\u00f3 speci\u00e1lis berendez\u00e9ssel, robothegeszt\u0151 g\u00e9ppel, automatikus tiszt\u00edt\u00f3g\u00e9ppel, automatikus henger \u00f6sszeszerel\u0151 g\u00e9ppel \u00e9s automatikus fest\u00e9si gy\u00e1rt\u00f3sorral van felszerelve. A megl\u00e9v\u0151 kritikus berendez\u00e9sek t\u00f6bb mint 300 k\u00e9szlet (k\u00e9szlet). A berendez\u00e9sek er\u0151forr\u00e1sainak optim\u00e1lis eloszt\u00e1sa \u00e9s hat\u00e9kony felhaszn\u00e1l\u00e1sa biztos\u00edtja a term\u00e9kek pontoss\u00e1gi k\u00f6vetelm\u00e9nyeit \u00e9s megfelel a term\u00e9kek min\u0151s\u00e9gi ig\u00e9nyeinek.<\/p>\n<p><img loading=\"lazy\" decoding=\"async\" class=\"alignnone wp-image-626\" src=\"https:\/\/hydraulic-cylinders.net\/wp-content\/uploads\/2023\/08\/hydraulic-cylinder-product-1-300x158.webp\" alt=\"\" width=\"495\" height=\"260\" srcset=\"https:\/\/hydraulic-cylinders.net\/wp-content\/uploads\/2023\/08\/hydraulic-cylinder-product-1-300x158.webp 495w, https:\/\/hydraulic-cylinders.net\/wp-content\/uploads\/2023\/08\/hydraulic-cylinder-product-1-480x252.webp 480w\" sizes=\"(min-width: 0px) and (max-width: 480px) 480px, (min-width: 481px) 495px, 100vw\" \/> <img loading=\"lazy\" decoding=\"async\" class=\"alignnone wp-image-627\" src=\"https:\/\/hydraulic-cylinders.net\/wp-content\/uploads\/2023\/08\/hydraulic-cylinder-product-2-300x189.webp\" alt=\"\" width=\"413\" height=\"260\" \/><\/p>\n<h3>(2) Megmunk\u00e1l\u00e1s<\/h3>\n<p>A megmunk\u00e1l\u00f3m\u0171hely egyedi, ferde s\u00edneszterg\u00e1l\u00f3 k\u00f6zponttal, megmunk\u00e1l\u00f3k\u00f6zponttal, nagysebess\u00e9g\u0171 h\u00f3nol\u00f3g\u00e9ppel, hegeszt\u0151robottal \u00e9s egy\u00e9b kapcsol\u00f3d\u00f3 berendez\u00e9sekkel van felszerelve, amelyek legfeljebb 400 mm bels\u0151 \u00e1tm\u00e9r\u0151j\u0171 \u00e9s legfeljebb 6 m\u00e9ter hossz\u00fa hengercs\u00f6vek megmunk\u00e1l\u00e1s\u00e1ra k\u00e9pesek.<\/p>\n<p><img loading=\"lazy\" decoding=\"async\" class=\"alignnone wp-image-628 size-large\" src=\"https:\/\/hydraulic-cylinders.net\/wp-content\/uploads\/2023\/08\/hydraulic-cylinder-product-3-1024x391.webp\" alt=\"\" width=\"1024\" height=\"391\" srcset=\"https:\/\/hydraulic-cylinders.net\/wp-content\/uploads\/2023\/08\/hydraulic-cylinder-product-3-980x374.webp 980w, https:\/\/hydraulic-cylinders.net\/wp-content\/uploads\/2023\/08\/hydraulic-cylinder-product-3-480x183.webp 480w\" sizes=\"(min-width: 0px) and (max-width: 480px) 480px, (min-width: 481px) and (max-width: 980px) 980px, (min-width: 981px) 1024px, 100vw\" \/><\/p>\n<h3>(3) Hegeszt\u00e9s<\/h3>\n<p><img loading=\"lazy\" decoding=\"async\" class=\"alignnone wp-image-629 size-large\" src=\"https:\/\/hydraulic-cylinders.net\/wp-content\/uploads\/2023\/08\/hydraulic-cylinder-product-4-1024x510.webp\" alt=\"\" width=\"1024\" height=\"510\" srcset=\"https:\/\/hydraulic-cylinders.net\/wp-content\/uploads\/2023\/08\/hydraulic-cylinder-product-4-980x488.webp 980w, https:\/\/hydraulic-cylinders.net\/wp-content\/uploads\/2023\/08\/hydraulic-cylinder-product-4-480x239.webp 480w\" sizes=\"(min-width: 0px) and (max-width: 480px) 480px, (min-width: 481px) and (max-width: 980px) 980px, (min-width: 981px) 1024px, 100vw\" \/><\/p>\n<h3>(4) Fest\u00e9s \u00e9s bevonatol\u00e1s<\/h3>\n<p>Kis \u00e9s k\u00f6zepes m\u00e9ret\u0171 hengeres automatikus v\u00edzb\u00e1zis\u00fa fest\u00e9kbevon\u00f3 sorokkal, az automatikus robot be- \u00e9s kirakod\u00e1s, valamint az automatikus permetez\u00e9s megval\u00f3s\u00edt\u00e1s\u00e1hoz, a tervez\u00e9si kapacit\u00e1s m\u0171szakonk\u00e9nt 4000 darab;<br \/>\nRendelkez\u00fcnk egy f\u00e9lautomata fest\u00e9kgy\u00e1rt\u00f3sorral is nagym\u00e9ret\u0171 palackokhoz, amelyet egy er\u0151\u00e1tviteli l\u00e1nc hajt, m\u0171szakonk\u00e9nt 60 doboz tervez\u00e9si kapacit\u00e1ssal.<\/p>\n<p><img loading=\"lazy\" decoding=\"async\" class=\"alignnone wp-image-630\" src=\"https:\/\/hydraulic-cylinders.net\/wp-content\/uploads\/2023\/08\/hydraulic-cylinder-product-5-300x213.webp\" alt=\"\" width=\"366\" height=\"260\" \/> <img loading=\"lazy\" decoding=\"async\" class=\"alignnone wp-image-631\" src=\"https:\/\/hydraulic-cylinders.net\/wp-content\/uploads\/2023\/08\/hydraulic-cylinder-product-6-300x225.webp\" alt=\"\" width=\"347\" height=\"260\" \/><\/p>\n<h3>(5) Tesztel\u00e9s<\/h3>\n<p>Els\u0151 oszt\u00e1ly\u00fa ellen\u0151rz\u0151 l\u00e9tes\u00edtm\u00e9nyekkel \u00e9s tesztpadokkal rendelkez\u00fcnk annak biztos\u00edt\u00e1s\u00e1ra, hogy a palack teljes\u00edtm\u00e9nye megfeleljen a k\u00f6vetelm\u00e9nyeknek.<\/p>\n<p><img loading=\"lazy\" decoding=\"async\" class=\"alignnone wp-image-632\" src=\"https:\/\/hydraulic-cylinders.net\/wp-content\/uploads\/2023\/08\/hydraulic-cylinder-product-8-300x200.webp\" alt=\"\" width=\"389\" height=\"260\" \/><\/p>\n<p>&nbsp;<\/p>\n<p>&nbsp;<\/p>\n<p>Mi vagyunk az egyik legjobb hidraulikus henger gy\u00e1rt\u00f3. \u00c1tfog\u00f3 hidraulikus hengereket k\u00edn\u00e1lunk. Megfelel\u0151 szolg\u00e1ltat\u00e1sokat is biztos\u00edtunk. <a href=\"https:\/\/hzpt.com\/agricultural-pto-gearbox\/\" target=\"_blank\" rel=\"noopener\">mez\u0151gazdas\u00e1gi sebess\u00e9gv\u00e1lt\u00f3k<\/a>Term\u00e9keinket vil\u00e1gszerte export\u00e1ltuk \u00fcgyfeleinknek, \u00e9s kiv\u00e1l\u00f3 term\u00e9kmin\u0151s\u00e9g\u00fcnknek \u00e9s \u00e9rt\u00e9kes\u00edt\u00e9s ut\u00e1ni szolg\u00e1ltat\u00e1sunknak k\u00f6sz\u00f6nhet\u0151en j\u00f3 h\u00edrnevet szerezt\u00fcnk. Szeretettel v\u00e1rjuk belf\u00f6ldi \u00e9s k\u00fclf\u00f6ldi \u00fcgyfeleinket, hogy \u00fczleti t\u00e1rgyal\u00e1sok, inform\u00e1ci\u00f3csere \u00e9s egy\u00e9b lehet\u0151s\u00e9gek c\u00e9lj\u00e1b\u00f3l kapcsolatba l\u00e9pjenek vel\u00fcnk. <a href=\"https:\/\/www.hydraulic-cylinders.net\/hu\/contact-us\/\">egy\u00fcttm\u0171k\u00f6dni vel\u00fcnk<\/a>!<\/p>","protected":false},"excerpt":{"rendered":"<p>Cement Equipment Feeding Cylinder The cement equipment feeding cylinder is a vital component in cement production, specifically designed to enhance efficiency and precision during the feeding process. This specialized cylinder plays a crucial role in cement plants, enabling controlled and accurate feeding of raw materials into the cement manufacturing machinery. The cement equipment feeding cylinder [&hellip;]<\/p>","protected":false},"featured_media":1736,"comment_status":"open","ping_status":"closed","template":"","meta":{"_et_pb_use_builder":"","_et_pb_old_content":"","_et_gb_content_width":""},"product_brand":[],"product_cat":[1520,1549],"product_tag":[1380],"class_list":{"0":"post-1735","1":"product","2":"type-product","3":"status-publish","4":"has-post-thumbnail","6":"product_cat-concrete-equipment-hydraulic-cylinders","7":"product_cat-single-acting-hydraulic-cylinder","8":"product_tag-hydraulic-cylinder","10":"first","11":"instock","12":"shipping-taxable","13":"product-type-simple"},"amp_enabled":true,"_links":{"self":[{"href":"https:\/\/www.hydraulic-cylinders.net\/hu\/wp-json\/wp\/v2\/product\/1735","targetHints":{"allow":["GET"]}}],"collection":[{"href":"https:\/\/www.hydraulic-cylinders.net\/hu\/wp-json\/wp\/v2\/product"}],"about":[{"href":"https:\/\/www.hydraulic-cylinders.net\/hu\/wp-json\/wp\/v2\/types\/product"}],"replies":[{"embeddable":true,"href":"https:\/\/www.hydraulic-cylinders.net\/hu\/wp-json\/wp\/v2\/comments?post=1735"}],"wp:featuredmedia":[{"embeddable":true,"href":"https:\/\/www.hydraulic-cylinders.net\/hu\/wp-json\/wp\/v2\/media\/1736"}],"wp:attachment":[{"href":"https:\/\/www.hydraulic-cylinders.net\/hu\/wp-json\/wp\/v2\/media?parent=1735"}],"wp:term":[{"taxonomy":"product_brand","embeddable":true,"href":"https:\/\/www.hydraulic-cylinders.net\/hu\/wp-json\/wp\/v2\/product_brand?post=1735"},{"taxonomy":"product_cat","embeddable":true,"href":"https:\/\/www.hydraulic-cylinders.net\/hu\/wp-json\/wp\/v2\/product_cat?post=1735"},{"taxonomy":"product_tag","embeddable":true,"href":"https:\/\/www.hydraulic-cylinders.net\/hu\/wp-json\/wp\/v2\/product_tag?post=1735"}],"curies":[{"name":"munkaf\u00fczet","href":"https:\/\/api.w.org\/{rel}","templated":true}]}}