{"id":1749,"date":"2023-10-12T08:32:32","date_gmt":"2023-10-12T08:32:32","guid":{"rendered":"https:\/\/hydraulic-cylinders.net\/?post_type=product&#038;p=1749"},"modified":"2025-04-11T03:49:34","modified_gmt":"2025-04-11T03:49:34","slug":"injection-molding-machine-reciprocating-cylinder","status":"publish","type":"product","link":"https:\/\/www.hydraulic-cylinders.net\/hu\/termek\/injection-molding-machine-reciprocating-cylinder\/","title":{"rendered":"Fr\u00f6ccs\u00f6nt\u0151 g\u00e9p dugatty\u00fas henger"},"content":{"rendered":"<h1 style=\"text-align: center;\"><strong>Fr\u00f6ccs\u00f6nt\u0151 g\u00e9p dugatty\u00fas henger<\/strong><\/h1>\n<p><img loading=\"lazy\" decoding=\"async\" class=\"aligncenter wp-image-1750\" src=\"https:\/\/hydraulic-cylinders.net\/wp-content\/uploads\/2023\/10\/reciprocating-cylinder-1-300x300.webp\" alt=\"\" width=\"400\" height=\"400\" \/><\/p>\n<p>A fr\u00f6ccs\u00f6nt\u0151g\u00e9p dugatty\u00fas hengere kulcsfontoss\u00e1g\u00fa eleme a m\u0171anyag fr\u00f6ccs\u00f6nt\u00e9si folyamatnak. Ez a speci\u00e1lis henger a fr\u00f6ccs\u00f6nt\u0151 egys\u00e9g dugatty\u00fas mozg\u00e1s\u00e1nak megk\u00f6nny\u00edt\u00e9s\u00e9re szolg\u00e1l, ami l\u00e9tfontoss\u00e1g\u00fa a prec\u00edz \u00e9s hat\u00e9kony gy\u00e1rt\u00e1s biztos\u00edt\u00e1s\u00e1hoz.<\/p>\n<p>A fr\u00f6ccs\u00f6nt\u0151g\u00e9p dugatty\u00fas hengere kritikus fontoss\u00e1g\u00fa alkatr\u00e9sz a m\u0171anyag fr\u00f6ccs\u00f6nt\u00e9sben, amely lehet\u0151v\u00e9 teszi a fr\u00f6ccs\u00f6nt\u0151 egys\u00e9g prec\u00edz \u00e9s hat\u00e9kony dugatty\u00fas mozg\u00e1s\u00e1t. Ez a henger robusztus konstrukci\u00f3j\u00e1val, k\u00fcl\u00f6nleges dugatty\u00fas mozg\u00e1s\u00e1val, gyors m\u0171k\u00f6d\u00e9s\u00e9vel, valamint \u00e1ll\u00edthat\u00f3 l\u00f6kethossz\u00e1val \u00e9s erej\u00e9vel biztos\u00edtja a fr\u00f6ccs\u00f6nt\u0151 egys\u00e9g megb\u00edzhat\u00f3 \u00e9s optimaliz\u00e1lt mozg\u00e1s\u00e1t. Az aj\u00e1nlott haszn\u00e1lati m\u00f3dszerek \u00e9s karbantart\u00e1si gyakorlatok betart\u00e1s\u00e1val a gy\u00e1rt\u00f3k maximaliz\u00e1lhatj\u00e1k a fr\u00f6ccs\u00f6nt\u0151g\u00e9p dugatty\u00fas henger\u00e9nek teljes\u00edtm\u00e9ny\u00e9t \u00e9s \u00e9lettartam\u00e1t, v\u00e9gs\u0151 soron jav\u00edtva a m\u0171anyag fr\u00f6ccs\u00f6nt\u00e9si m\u0171veletek pontoss\u00e1g\u00e1t, hat\u00e9konys\u00e1g\u00e1t \u00e9s \u00e1ltal\u00e1nos min\u0151s\u00e9g\u00e9t.<\/p>\n<p>Fr\u00f6ccs\u00f6nt\u0151 g\u00e9p dugatty\u00fas henger\u00e9nek f\u0151bb jellemz\u0151i:<\/p>\n<ol>\n<li>Robusztus konstrukci\u00f3:<\/li>\n<\/ol>\n<ul>\n<li>A fr\u00f6ccs\u00f6nt\u0151g\u00e9p dugatty\u00fas hengere kiv\u00e1l\u00f3 min\u0151s\u00e9g\u0171 anyagokb\u00f3l k\u00e9sz\u00fclt, \u00edgy tart\u00f3s \u00e9s hossz\u00fa \u00e9lettartam\u00fa m\u00e9g ig\u00e9nyes gy\u00e1rt\u00e1si k\u00f6rnyezetben is.<\/li>\n<li>\u00dagy tervezt\u00e9k, hogy ellen\u00e1lljon a nagy er\u0151knek \u00e9s az ism\u00e9tl\u0151d\u0151 mozg\u00e1soknak, mik\u00f6zben hosszabb haszn\u00e1lati id\u0151szakokon kereszt\u00fcl is \u00e1lland\u00f3 teljes\u00edtm\u00e9nyt ny\u00fajt.<\/li>\n<\/ul>\n<ol start=\"2\">\n<li>Prec\u00edz oda-vissza mozg\u00e1s:<\/li>\n<\/ol>\n<ul>\n<li>Ez a henger prec\u00edz vez\u00e9rl\u00e9st biztos\u00edt a befecskendez\u0151 egys\u00e9g oda-vissza mozg\u00e1sa felett, biztos\u00edtva a pontos pozicion\u00e1l\u00e1st \u00e9s be\u00e1ll\u00edt\u00e1st.<\/li>\n<li>Lehet\u0151v\u00e9 teszi a v\u00e1ltakoz\u00f3 mozg\u00e1s sebess\u00e9g\u00e9nek testreszab\u00e1s\u00e1t, ami optimaliz\u00e1lt gy\u00e1rt\u00e1si ciklusokat \u00e9s minimaliz\u00e1lja az alkatr\u00e9szhib\u00e1kat.<\/li>\n<\/ul>\n<ol start=\"3\">\n<li>Gyors \u00e9s hat\u00e9kony m\u0171k\u00f6d\u00e9s:<\/li>\n<\/ol>\n<ul>\n<li>A fr\u00f6ccs\u00f6nt\u0151g\u00e9p dugatty\u00fas hengere gyors dugatty\u00fas mozg\u00e1sokat tesz lehet\u0151v\u00e9, cs\u00f6kkentve a gy\u00e1rt\u00e1si id\u0151t \u00e9s n\u00f6velve az \u00f6ssztermel\u00e9kenys\u00e9get.<\/li>\n<li>Gyors \u00e9s megb\u00edzhat\u00f3 fr\u00f6ccs\u00f6nt\u00e9si mozg\u00e1st biztos\u00edt, lehet\u0151v\u00e9 t\u00e9ve a gyorsabb fr\u00f6ccs\u00f6nt\u00e9si ciklusokat \u00e9s a termel\u00e9si teljes\u00edtm\u00e9ny maximaliz\u00e1l\u00e1s\u00e1t.<\/li>\n<\/ul>\n<ol start=\"4\">\n<li>\u00c1ll\u00edthat\u00f3 l\u00f6kethossz \u00e9s er\u0151:<\/li>\n<\/ol>\n<ul>\n<li>Ez a henger \u00e1ll\u00edthat\u00f3 l\u00f6kethosszal \u00e9s er\u0151vel rendelkezik, hogy a k\u00fcl\u00f6nb\u00f6z\u0151 befecskendez\u0151egys\u00e9g-m\u00e9retekhez \u00e9s alkatr\u00e9szig\u00e9nyekhez igazodjon.<\/li>\n<li>Rugalmass\u00e1got biztos\u00edt a fr\u00f6ccs\u00f6nt\u0151 egys\u00e9g m\u0171k\u00f6d\u00e9s\u00e9ben, biztos\u00edtva az optim\u00e1lis l\u00e1gyul\u00e1st \u00e9s fr\u00f6ccs\u00f6nt\u00e9st k\u00e1rosod\u00e1s n\u00e9lk\u00fcl.<\/li>\n<\/ul>\n<h2><strong>Fr\u00f6ccs\u00f6nt\u0151 g\u00e9p dugatty\u00fas henger param\u00e9tere:<\/strong><\/h2>\n<table border=\"1\" cellspacing=\"0\" cellpadding=\"0\">\n<tbody>\n<tr>\n<td>Term\u00e9k neve<\/td>\n<td>Fr\u00f6ccs\u00f6nt\u0151 g\u00e9p dugatty\u00fas henger<\/td>\n<\/tr>\n<tr>\n<td>Jellemz\u0151k:<\/td>\n<td>Gyors forma\u00e1thelyez\u00e9s, m\u00e1s n\u00e9ven forma\u00e1thelyez\u0151 henger<\/td>\n<\/tr>\n<tr>\n<td>Furat\u00e1tm\u00e9r\u0151:<\/td>\n<td>\u00a063 mm\uff5e180 mm<\/td>\n<\/tr>\n<tr>\n<td>R\u00fad \u00e1tm\u00e9r\u0151je:<\/td>\n<td>\u00a045 mm\uff5e125 mm<br \/>\nL\u00f6ket \u22644000 mm<\/td>\n<\/tr>\n<tr>\n<td>Tol\u00f3er\u0151:<\/td>\n<td>Maximum 407 kN<br \/>\n(F\u00far\u00f3\u00e1tm\u00e9r\u0151: 180 mm\/nyom\u00e1s 16 MPa)<\/td>\n<\/tr>\n<tr>\n<td>Alkalmaz\u00e1sok:<\/td>\n<td>Fr\u00f6ccs\u00f6nt\u0151 g\u00e9p<\/td>\n<\/tr>\n<\/tbody>\n<\/table>\n<div><\/div>\n<div>\n<div class=\"txtboxL\">\n<div class=\"txtboxL\">\n<div class=\"txtboxL\">\n<div class=\"txtboxL\">\n<div class=\"txtboxL\">\n<div class=\"txtboxL\">\n<div class=\"txtboxL\">Jellemz\u0151k:<\/div>\n<div class=\"txtboxR\">Gyors forma\u00e1thelyez\u00e9s, m\u00e1s n\u00e9ven forma\u00e1thelyez\u0151 henger<\/div>\n<div class=\"txtboxL\">Specifik\u00e1ci\u00f3:<\/div>\n<div class=\"txtboxR\">Furat\u00e1tm\u00e9r\u0151: 63 mm - 180 mm<br \/>\nR\u00fad \u00e1tm\u00e9r\u0151je: 45mm\uff5e125mm<br \/>\nL\u00f6ket \u22644000 mm<\/div>\n<div class=\"txtboxL\">Tol\u00f3er\u0151:<\/div>\n<div class=\"txtboxR\">Maximum 407 kN<br \/>\n(F\u00far\u00f3\u00e1tm\u00e9r\u0151: 180 mm\/nyom\u00e1s 16 MPa)<\/div>\n<\/div>\n<\/div>\n<\/div>\n<\/div>\n<\/div>\n<\/div>\n<\/div>\n<h2><strong>Cementberendez\u00e9sek <\/strong><strong>Hengergy\u00e1r:<\/strong><\/h2>\n<p><img loading=\"lazy\" decoding=\"async\" class=\"alignnone wp-image-1734 size-full\" src=\"https:\/\/hydraulic-cylinders.net\/wp-content\/uploads\/2023\/10\/cement-equipment-cylinder-1.webp\" alt=\"\" width=\"1418\" height=\"946\" srcset=\"https:\/\/hydraulic-cylinders.net\/wp-content\/uploads\/2023\/10\/cement-equipment-cylinder-1.webp 1418w, https:\/\/hydraulic-cylinders.net\/wp-content\/uploads\/2023\/10\/cement-equipment-cylinder-1-1280x854.webp 1280w, https:\/\/hydraulic-cylinders.net\/wp-content\/uploads\/2023\/10\/cement-equipment-cylinder-1-980x654.webp 980w, https:\/\/hydraulic-cylinders.net\/wp-content\/uploads\/2023\/10\/cement-equipment-cylinder-1-480x320.webp 480w\" sizes=\"(min-width: 0px) and (max-width: 480px) 480px, (min-width: 481px) and (max-width: 980px) 980px, (min-width: 981px) and (max-width: 1280px) 1280px, (min-width: 1281px) 1418px, 100vw\" \/><\/p>\n<h2><strong>A fr\u00f6ccs\u00f6nt\u0151 g\u00e9p dugatty\u00fas henger\u00e9nek haszn\u00e1lati m\u00f3dja<\/strong><strong>:<\/strong><\/h2>\n<ol>\n<li><strong>Telep\u00edt\u00e9s:<\/strong><\/li>\n<\/ol>\n<ul>\n<li>K\u00f6vesse a gy\u00e1rt\u00f3 utas\u00edt\u00e1sait a fr\u00f6ccs\u00f6nt\u0151g\u00e9p dugatty\u00fas henger\u00e9nek a g\u00e9pre val\u00f3 biztons\u00e1gos felszerel\u00e9s\u00e9hez.<\/li>\n<li>Biztos\u00edtsa a megfelel\u0151 be\u00e1ll\u00edt\u00e1st \u00e9s r\u00f6gz\u00edt\u00e9st a g\u00e9p dugatty\u00fas mechanizmus\u00e1hoz, lehet\u0151v\u00e9 t\u00e9ve a z\u00f6kken\u0151mentes m\u0171k\u00f6d\u00e9st a fr\u00f6ccs\u00f6nt\u00e9s sor\u00e1n.<\/li>\n<\/ul>\n<ol start=\"2\">\n<li><strong>Altern\u00e1l\u00f3 param\u00e9terek be\u00e1ll\u00edt\u00e1sa:<\/strong><\/li>\n<\/ol>\n<ul>\n<li>A g\u00e9p kezel\u0151panelj\u00e9nek vagy kezel\u0151fel\u00fclet\u00e9nek seg\u00edts\u00e9g\u00e9vel \u00e1ll\u00edtsa be a dugatty\u00fas mozg\u00e1s param\u00e9tereit, p\u00e9ld\u00e1ul a sebess\u00e9get, a l\u00f6kethosszt \u00e9s az er\u0151t.<\/li>\n<li>A megfelel\u0151 param\u00e9terek be\u00e1ll\u00edt\u00e1s\u00e1val kapcsolatos konkr\u00e9t \u00fatmutat\u00e1s\u00e9rt l\u00e1sd a g\u00e9p kezel\u00e9si k\u00e9zik\u00f6nyv\u00e9t, a befecskendez\u0151 egys\u00e9g kialak\u00edt\u00e1sa \u00e9s az alkatr\u00e9sz specifik\u00e1ci\u00f3i alapj\u00e1n.<\/li>\n<\/ul>\n<ol start=\"3\">\n<li><strong>Forma el\u0151k\u00e9sz\u00edt\u00e9se:<\/strong><\/li>\n<\/ol>\n<ul>\n<li>Helyezze a form\u00e1t a fr\u00f6ccs\u00f6nt\u0151g\u00e9pbe, \u00fcgyelve a megfelel\u0151 illeszt\u00e9sre \u00e9s r\u00f6gz\u00edt\u00e9sre.<\/li>\n<li>Csatlakoztassa a fr\u00f6ccs\u00f6nt\u0151 egys\u00e9get a form\u00e1hoz, biztos\u00edtva a biztons\u00e1gos \u00e9s megb\u00edzhat\u00f3 csatlakoz\u00e1st, lehet\u0151v\u00e9 t\u00e9ve a prec\u00edz l\u00e1gy\u00edt\u00e1st \u00e9s befecskendez\u00e9st.<\/li>\n<\/ul>\n<ol start=\"4\">\n<li><strong>Altern\u00e1l\u00f3 mozg\u00e1s:<\/strong><\/li>\n<\/ol>\n<ul>\n<li>Ind\u00edtsa el a fr\u00f6ccs\u00f6nt\u0151g\u00e9p aktiv\u00e1l\u00e1s\u00e1val a fr\u00f6ccs\u00f6nt\u00e9si folyamatot.<\/li>\n<li>A fr\u00f6ccs\u00f6nt\u0151g\u00e9p dugatty\u00fas hengere vez\u00e9rli a fr\u00f6ccs\u00f6nt\u0151 egys\u00e9g dugatty\u00fas mozg\u00e1s\u00e1t, biztos\u00edtva a prec\u00edz \u00e9s sima mozg\u00e1sokat.<\/li>\n<li>Gy\u0151z\u0151dj\u00f6n meg arr\u00f3l, hogy a l\u00f6kethossz \u00e9s az er\u0151 \u00fagy van be\u00e1ll\u00edtva, hogy a k\u00edv\u00e1nt oda-vissza mozg\u00e1st k\u00e1rosod\u00e1s n\u00e9lk\u00fcl \u00e9rje el.<\/li>\n<\/ul>\n<h2><strong>Hogyan lehet \u00fajra\u00e9p\u00edteni a hidraulikus henger diagramj\u00e1t?<\/strong><\/h2>\n<ol>\n<li><strong>Sz\u00e9tszerel\u00e9s:<\/strong>\n<ul>\n<li>Kezdje a hidraulikus henger elt\u00e1vol\u00edt\u00e1s\u00e1val a berendez\u00e9sb\u0151l vagy g\u00e9pb\u0151l.<\/li>\n<li>\u00d3vatosan v\u00e1lassza le a hengerhez csatlakoztatott hidraulikavezet\u00e9keket vagy szerelv\u00e9nyeket.<\/li>\n<li>Jegyezze fel a henger t\u00e1jol\u00e1s\u00e1t \u00e9s helyzet\u00e9t az \u00f6sszeszerel\u00e9shez.<\/li>\n<\/ul>\n<\/li>\n<li><strong>Folyad\u00e9k leereszt\u00e9se:<\/strong>\n<ul>\n<li>Helyezzen egy megfelel\u0151 tart\u00e1lyt a henger al\u00e1 a marad\u00e9k hidraulikafolyad\u00e9k felfog\u00e1s\u00e1hoz.<\/li>\n<li>Teljesen h\u00fazza ki vagy h\u00fazza be a hengert, hogy a folyad\u00e9k teljesen kifolyhasson.<\/li>\n<\/ul>\n<\/li>\n<li><strong>Z\u00e1r\u00f3sapk\u00e1k elt\u00e1vol\u00edt\u00e1sa:<\/strong>\n<ul>\n<li>Keresse meg a henger v\u00e9gz\u00e1r\u00f3it.<\/li>\n<li>A henger kialak\u00edt\u00e1s\u00e1t\u00f3l f\u00fcgg\u0151en el\u0151fordulhat, hogy el kell t\u00e1vol\u00edtani a r\u00f6gz\u00edt\u0151csavarokat, r\u00f6gz\u00edt\u0151gy\u0171r\u0171ket vagy egy\u00e9b r\u00f6gz\u00edt\u0151elemeket a v\u00e9gz\u00e1r\u00f3k kiold\u00e1s\u00e1hoz.<\/li>\n<li>\u00d3vatosan kocogtassa meg a v\u00e9gz\u00e1r\u00f3 kupakokat egy gumikalap\u00e1ccsal, ha beragadtak, \u00fcgyelve arra, hogy ne s\u00e9rtse meg az alkatr\u00e9szeket.<\/li>\n<\/ul>\n<\/li>\n<li><strong>Dugatty\u00fa \u00e9s r\u00fad kih\u00faz\u00e1sa:<\/strong>\n<ul>\n<li>Miut\u00e1n a v\u00e9gz\u00e1r\u00f3 kupakokat elt\u00e1vol\u00edtotta, \u00f3vatosan h\u00fazza ki a dugatty\u00fa \u00e9s a r\u00fad egys\u00e9get.<\/li>\n<li>Figyeljen a t\u00f6m\u00edt\u00e9sek, csap\u00e1gyak \u00e9s egy\u00e9b alkatr\u00e9szek t\u00e1jol\u00e1s\u00e1ra \u00e9s elrendez\u00e9s\u00e9re.<\/li>\n<\/ul>\n<\/li>\n<li><strong>Alkatr\u00e9szek ellen\u0151rz\u00e9se:<\/strong>\n<ul>\n<li>Alaposan ellen\u0151rizze az \u00f6sszes alkatr\u00e9szt kop\u00e1s, s\u00e9r\u00fcl\u00e9s vagy sziv\u00e1rg\u00e1s jelei szempontj\u00e1b\u00f3l.<\/li>\n<li>Ellen\u0151rizze a dugatty\u00fat, a rudat, a henger furat\u00e1t, a t\u00f6m\u00edt\u00e9seket, a csap\u00e1gyakat \u00e9s m\u00e1s alkatr\u00e9szeket, hogy nincs-e rajtuk csere sz\u00fcks\u00e9gess\u00e9 v\u00e1l\u00f3 probl\u00e9ma.<\/li>\n<\/ul>\n<\/li>\n<li><strong>T\u00f6m\u00edt\u00e9sek \u00e9s alkatr\u00e9szek cser\u00e9je:<\/strong>\n<ul>\n<li>Cser\u00e9lje ki a kopott vagy s\u00e9r\u00fclt t\u00f6m\u00edt\u00e9seket, csap\u00e1gyakat vagy egy\u00e9b alkatr\u00e9szeket \u00faj, a hengerrel kompatibilis alkatr\u00e9szekre.<\/li>\n<li>A beszerel\u00e9s el\u0151tt gondoskodjon a t\u00f6m\u00edt\u00e9sek \u00e9s alkatr\u00e9szek megfelel\u0151 ken\u00e9s\u00e9r\u0151l.<\/li>\n<\/ul>\n<\/li>\n<li><strong>\u00dajb\u00f3li \u00f6sszeszerel\u00e9s:<\/strong>\n<ul>\n<li>\u00d3vatosan helyezze vissza a dugatty\u00fa \u00e9s a r\u00fad egys\u00e9get a henger furat\u00e1ba.<\/li>\n<li>Vigyen fel megfelel\u0151 \u00f6sszeszerel\u00e9si ken\u0151anyagot az \u00f6sszeszerel\u00e9si folyamat el\u0151seg\u00edt\u00e9s\u00e9re.<\/li>\n<li>Igaz\u00edtsa egym\u00e1shoz a v\u00e9gz\u00e1r\u00f3 kupakokat, \u00e9s szerelje fel a sz\u00fcks\u00e9ges r\u00f6gz\u00edt\u0151elemeket, \u00fcgyelve a megfelel\u0151 nyomat\u00e9kadatok betart\u00e1s\u00e1ra.<\/li>\n<\/ul>\n<\/li>\n<li><strong>Tesztel\u00e9s \u00e9s \u00fajratelep\u00edt\u00e9s:<\/strong>\n<ul>\n<li>Miut\u00e1n a hengert \u00f6sszeszerelte, alapos ellen\u0151rz\u00e9st kell v\u00e9gezni annak \u00e9rdek\u00e9ben, hogy minden alkatr\u00e9sz megfelel\u0151en legyen felszerelve \u00e9s be\u00e1ll\u00edtva.<\/li>\n<li>Csatlakoztassa \u00fajra az \u00f6sszes olyan hidraulikus vezet\u00e9ket vagy szerelv\u00e9nyt, amelyet a sz\u00e9tszerel\u00e9si folyamat sor\u00e1n lev\u00e1lasztottak.<\/li>\n<li>Ellen\u0151rizze az \u00fajj\u00e1\u00e9p\u00edtett hidraulikus henger megfelel\u0151 m\u0171k\u00f6d\u00e9s\u00e9t \u00e9s sziv\u00e1rg\u00e1s\u00e1t.<\/li>\n<li>Ha a henger megfelel\u0151en m\u0171k\u00f6dik, szerelje vissza a berendez\u00e9sbe vagy g\u00e9pbe.<\/li>\n<\/ul>\n<\/li>\n<\/ol>\n<h2><strong>A gy\u00e1r kapacit\u00e1sa \u00e9s kapacit\u00e1sa:<\/strong><\/h2>\n<h3>(1) \u00d6sszeszerel\u00e9s<\/h3>\n<p>Els\u0151 oszt\u00e1ly\u00fa f\u00fcggetlen kutat\u00e1si \u00e9s fejleszt\u00e9si \u00f6sszeszerel\u00e9si platformmal rendelkez\u00fcnk. A hidraulikus hengergy\u00e1rt\u00f3 m\u0171hely n\u00e9gy f\u00e9lautomata emel\u0151henger-\u00f6sszeszerel\u0151 sorral \u00e9s egy automata billen\u0151henger-\u00f6sszeszerel\u0151 sorral rendelkezik, tervezett \u00e9ves gy\u00e1rt\u00e1si kapacit\u00e1sa 1 milli\u00f3 darab. A speci\u00e1lis henger m\u0171hely k\u00fcl\u00f6nb\u00f6z\u0151 specifik\u00e1ci\u00f3j\u00fa f\u00e9lautomata tiszt\u00edt\u00f3 \u00f6sszeszerel\u0151 rendszerrel van felszerelve, amelynek tervezett \u00e9ves termel\u00e9si kapacit\u00e1sa 200.000, \u00e9s h\u00edres CNC megmunk\u00e1l\u00f3 berendez\u00e9ssel, megmunk\u00e1l\u00f3 k\u00f6zponttal, nagy pontoss\u00e1g\u00fa hengerfeldolgoz\u00f3 speci\u00e1lis berendez\u00e9ssel, robothegeszt\u0151 g\u00e9ppel, automatikus tiszt\u00edt\u00f3g\u00e9ppel, automatikus henger \u00f6sszeszerel\u0151 g\u00e9ppel \u00e9s automatikus fest\u00e9si gy\u00e1rt\u00f3sorral van felszerelve. A megl\u00e9v\u0151 kritikus berendez\u00e9sek t\u00f6bb mint 300 k\u00e9szlet (k\u00e9szlet). A berendez\u00e9sek er\u0151forr\u00e1sainak optim\u00e1lis eloszt\u00e1sa \u00e9s hat\u00e9kony felhaszn\u00e1l\u00e1sa biztos\u00edtja a term\u00e9kek pontoss\u00e1gi k\u00f6vetelm\u00e9nyeit \u00e9s megfelel a term\u00e9kek min\u0151s\u00e9gi ig\u00e9nyeinek.<\/p>\n<p><img loading=\"lazy\" decoding=\"async\" class=\"alignnone wp-image-626\" src=\"https:\/\/hydraulic-cylinders.net\/wp-content\/uploads\/2023\/08\/hydraulic-cylinder-product-1-300x158.webp\" alt=\"\" width=\"495\" height=\"260\" srcset=\"https:\/\/hydraulic-cylinders.net\/wp-content\/uploads\/2023\/08\/hydraulic-cylinder-product-1-300x158.webp 495w, https:\/\/hydraulic-cylinders.net\/wp-content\/uploads\/2023\/08\/hydraulic-cylinder-product-1-480x252.webp 480w\" sizes=\"(min-width: 0px) and (max-width: 480px) 480px, (min-width: 481px) 495px, 100vw\" \/> <img loading=\"lazy\" decoding=\"async\" class=\"alignnone wp-image-627\" src=\"https:\/\/hydraulic-cylinders.net\/wp-content\/uploads\/2023\/08\/hydraulic-cylinder-product-2-300x189.webp\" alt=\"\" width=\"413\" height=\"260\" \/><\/p>\n<h3>(2) Megmunk\u00e1l\u00e1s<\/h3>\n<p>A megmunk\u00e1l\u00f3m\u0171hely egyedi, ferde s\u00edneszterg\u00e1l\u00f3 k\u00f6zponttal, megmunk\u00e1l\u00f3k\u00f6zponttal, nagysebess\u00e9g\u0171 h\u00f3nol\u00f3g\u00e9ppel, hegeszt\u0151robottal \u00e9s egy\u00e9b kapcsol\u00f3d\u00f3 berendez\u00e9sekkel van felszerelve, amelyek legfeljebb 400 mm bels\u0151 \u00e1tm\u00e9r\u0151j\u0171 \u00e9s legfeljebb 6 m\u00e9ter hossz\u00fa hengercs\u00f6vek megmunk\u00e1l\u00e1s\u00e1ra k\u00e9pesek.<\/p>\n<p><img loading=\"lazy\" decoding=\"async\" class=\"alignnone wp-image-628 size-large\" src=\"https:\/\/hydraulic-cylinders.net\/wp-content\/uploads\/2023\/08\/hydraulic-cylinder-product-3-1024x391.webp\" alt=\"\" width=\"1024\" height=\"391\" srcset=\"https:\/\/hydraulic-cylinders.net\/wp-content\/uploads\/2023\/08\/hydraulic-cylinder-product-3-980x374.webp 980w, https:\/\/hydraulic-cylinders.net\/wp-content\/uploads\/2023\/08\/hydraulic-cylinder-product-3-480x183.webp 480w\" sizes=\"(min-width: 0px) and (max-width: 480px) 480px, (min-width: 481px) and (max-width: 980px) 980px, (min-width: 981px) 1024px, 100vw\" \/><\/p>\n<h3>(3) Hegeszt\u00e9s<\/h3>\n<p><img loading=\"lazy\" decoding=\"async\" class=\"alignnone wp-image-629 size-large\" src=\"https:\/\/hydraulic-cylinders.net\/wp-content\/uploads\/2023\/08\/hydraulic-cylinder-product-4-1024x510.webp\" alt=\"\" width=\"1024\" height=\"510\" srcset=\"https:\/\/hydraulic-cylinders.net\/wp-content\/uploads\/2023\/08\/hydraulic-cylinder-product-4-980x488.webp 980w, https:\/\/hydraulic-cylinders.net\/wp-content\/uploads\/2023\/08\/hydraulic-cylinder-product-4-480x239.webp 480w\" sizes=\"(min-width: 0px) and (max-width: 480px) 480px, (min-width: 481px) and (max-width: 980px) 980px, (min-width: 981px) 1024px, 100vw\" \/><\/p>\n<h3>(4) Fest\u00e9s \u00e9s bevonatol\u00e1s<\/h3>\n<p>Kis \u00e9s k\u00f6zepes m\u00e9ret\u0171 hengeres automatikus v\u00edzb\u00e1zis\u00fa fest\u00e9kbevon\u00f3 sorokkal, az automatikus robot be- \u00e9s kirakod\u00e1s, valamint az automatikus permetez\u00e9s megval\u00f3s\u00edt\u00e1s\u00e1hoz, a tervez\u00e9si kapacit\u00e1s m\u0171szakonk\u00e9nt 4000 darab;<br \/>\nRendelkez\u00fcnk egy f\u00e9lautomata fest\u00e9kgy\u00e1rt\u00f3sorral is nagym\u00e9ret\u0171 palackokhoz, amelyet egy er\u0151\u00e1tviteli l\u00e1nc hajt, m\u0171szakonk\u00e9nt 60 doboz tervez\u00e9si kapacit\u00e1ssal.<\/p>\n<p><img loading=\"lazy\" decoding=\"async\" class=\"alignnone wp-image-630\" src=\"https:\/\/hydraulic-cylinders.net\/wp-content\/uploads\/2023\/08\/hydraulic-cylinder-product-5-300x213.webp\" alt=\"\" width=\"366\" height=\"260\" \/> <img loading=\"lazy\" decoding=\"async\" class=\"alignnone wp-image-631\" src=\"https:\/\/hydraulic-cylinders.net\/wp-content\/uploads\/2023\/08\/hydraulic-cylinder-product-6-300x225.webp\" alt=\"\" width=\"347\" height=\"260\" \/><\/p>\n<h3>(5) Tesztel\u00e9s<\/h3>\n<p>Els\u0151 oszt\u00e1ly\u00fa ellen\u0151rz\u0151 l\u00e9tes\u00edtm\u00e9nyekkel \u00e9s tesztpadokkal rendelkez\u00fcnk annak biztos\u00edt\u00e1s\u00e1ra, hogy a palack teljes\u00edtm\u00e9nye megfeleljen a k\u00f6vetelm\u00e9nyeknek.<\/p>\n<p><img loading=\"lazy\" decoding=\"async\" class=\"alignnone wp-image-632\" src=\"https:\/\/hydraulic-cylinders.net\/wp-content\/uploads\/2023\/08\/hydraulic-cylinder-product-8-300x200.webp\" alt=\"\" width=\"389\" height=\"260\" \/><\/p>\n<p>&nbsp;<\/p>\n<p>&nbsp;<\/p>\n<p>Mi vagyunk az egyik legjobb hidraulikus henger gy\u00e1rt\u00f3. \u00c1tfog\u00f3 hidraulikus hengereket k\u00edn\u00e1lunk. Megfelel\u0151 szolg\u00e1ltat\u00e1sokat is biztos\u00edtunk. <a href=\"https:\/\/hzpt.com\/agricultural-pto-gearbox\/\" target=\"_blank\" rel=\"noopener\">mez\u0151gazdas\u00e1gi sebess\u00e9gv\u00e1lt\u00f3k<\/a>Term\u00e9keinket vil\u00e1gszerte export\u00e1ltuk \u00fcgyfeleinknek, \u00e9s kiv\u00e1l\u00f3 term\u00e9kmin\u0151s\u00e9g\u00fcnknek \u00e9s \u00e9rt\u00e9kes\u00edt\u00e9s ut\u00e1ni szolg\u00e1ltat\u00e1sunknak k\u00f6sz\u00f6nhet\u0151en j\u00f3 h\u00edrnevet szerezt\u00fcnk. Szeretettel v\u00e1rjuk belf\u00f6ldi \u00e9s k\u00fclf\u00f6ldi \u00fcgyfeleinket, hogy \u00fczleti t\u00e1rgyal\u00e1sok, inform\u00e1ci\u00f3csere \u00e9s egy\u00e9b lehet\u0151s\u00e9gek c\u00e9lj\u00e1b\u00f3l kapcsolatba l\u00e9pjenek vel\u00fcnk. <a href=\"https:\/\/www.hydraulic-cylinders.net\/hu\/contact-us\/\">egy\u00fcttm\u0171k\u00f6dni vel\u00fcnk<\/a>!<\/p>","protected":false},"excerpt":{"rendered":"<p>Injection Molding Machine Reciprocating Cylinder The injection molding machine reciprocating cylinder is a crucial component in the plastic injection molding process. This specialized cylinder is designed to facilitate the reciprocating movement of the injection unit, which is vital in ensuring precise and efficient production. The injection molding machine reciprocating cylinder is a critical component in [&hellip;]<\/p>","protected":false},"featured_media":1751,"comment_status":"open","ping_status":"closed","template":"","meta":{"_et_pb_use_builder":"","_et_pb_old_content":"","_et_gb_content_width":""},"product_brand":[],"product_cat":[1550,1523,1376],"product_tag":[1380],"class_list":{"0":"post-1749","1":"product","2":"type-product","3":"status-publish","4":"has-post-thumbnail","6":"product_cat-double-acting-hydraulic-cylinder","7":"product_cat-injection-molding-hydraulic-cylinders","8":"product_cat-hydraulic-cylinder","9":"product_tag-hydraulic-cylinder","11":"first","12":"instock","13":"shipping-taxable","14":"product-type-simple"},"amp_enabled":true,"_links":{"self":[{"href":"https:\/\/www.hydraulic-cylinders.net\/hu\/wp-json\/wp\/v2\/product\/1749","targetHints":{"allow":["GET"]}}],"collection":[{"href":"https:\/\/www.hydraulic-cylinders.net\/hu\/wp-json\/wp\/v2\/product"}],"about":[{"href":"https:\/\/www.hydraulic-cylinders.net\/hu\/wp-json\/wp\/v2\/types\/product"}],"replies":[{"embeddable":true,"href":"https:\/\/www.hydraulic-cylinders.net\/hu\/wp-json\/wp\/v2\/comments?post=1749"}],"wp:featuredmedia":[{"embeddable":true,"href":"https:\/\/www.hydraulic-cylinders.net\/hu\/wp-json\/wp\/v2\/media\/1751"}],"wp:attachment":[{"href":"https:\/\/www.hydraulic-cylinders.net\/hu\/wp-json\/wp\/v2\/media?parent=1749"}],"wp:term":[{"taxonomy":"product_brand","embeddable":true,"href":"https:\/\/www.hydraulic-cylinders.net\/hu\/wp-json\/wp\/v2\/product_brand?post=1749"},{"taxonomy":"product_cat","embeddable":true,"href":"https:\/\/www.hydraulic-cylinders.net\/hu\/wp-json\/wp\/v2\/product_cat?post=1749"},{"taxonomy":"product_tag","embeddable":true,"href":"https:\/\/www.hydraulic-cylinders.net\/hu\/wp-json\/wp\/v2\/product_tag?post=1749"}],"curies":[{"name":"munkaf\u00fczet","href":"https:\/\/api.w.org\/{rel}","templated":true}]}}