{"id":17579,"date":"2025-03-18T05:32:03","date_gmt":"2025-03-18T05:32:03","guid":{"rendered":"https:\/\/www.hydraulic-cylinders.net\/?post_type=product&#038;p=17579"},"modified":"2025-04-11T03:15:32","modified_gmt":"2025-04-11T03:15:32","slug":"side-shift-hydraulic-cylinders-large-forklift","status":"publish","type":"product","link":"https:\/\/www.hydraulic-cylinders.net\/hu\/termek\/side-shift-hydraulic-cylinders-large-forklift\/","title":{"rendered":"Oldalir\u00e1ny\u00fa eltol\u00f3d\u00e1s\u00fa hidraulikus hengerek nagy targonc\u00e1hoz"},"content":{"rendered":"<h1 style=\"text-align: center;\"><strong>Oldalir\u00e1ny\u00fa eltol\u00f3d\u00e1s\u00fa hidraulikus hengerek nagy targonc\u00e1hoz<\/strong><\/h1>\n<p>Megb\u00edzhat\u00f3 \u00e9s hat\u00e9kony megold\u00e1st keresek\u00a0<strong>Oldalir\u00e1ny\u00fa eltol\u00e1ssal m\u0171k\u00f6d\u0151 hidraulikus hengerek nagy targonc\u00e1khoz<\/strong>? Nagy teljes\u00edtm\u00e9ny\u0171\u00a0<strong>Hidraulikus hengerek targonca oldalir\u00e1ny\u00fa eltol\u00e1s\u00e1hoz<\/strong>\u00a0kompakt targonc\u00e1k ig\u00e9nyeinek kiel\u00e9g\u00edt\u00e9s\u00e9re tervezt\u00e9k, prec\u00edz oldalir\u00e1ny\u00fa eltol\u00e1ssal a sz\u0171k helyeken val\u00f3 fokozott man\u0151verezhet\u0151s\u00e9g \u00e9rdek\u00e9ben.\u00a0<strong>tart\u00f3s konstrukci\u00f3<\/strong>Ezek a hengerek tart\u00f3s teljes\u00edtm\u00e9nyt biztos\u00edtanak m\u00e9g a legnehezebb munkak\u00f6r\u00fclm\u00e9nyek k\u00f6z\u00f6tt is.<\/p>\n<p>Ak\u00e1r sz\u00fcks\u00e9ged van r\u00e1\u00a0<strong>Kompakt targonca oldalir\u00e1ny\u00fa eltol\u00f3d\u00e1s\u00fa hengerek<\/strong>\u00a0K\u00f6nny\u0171 teherb\u00edr\u00e1s\u00fa m\u0171veletekhez vagy megfizethet\u0151 megold\u00e1sokhoz flott\u00e1ja sz\u00e1m\u00e1ra, term\u00e9keink\u00a0<strong>k\u00f6nnyen telep\u00edthet\u0151 \u00e9s karbantarthat\u00f3<\/strong>, jelent\u0151sen cs\u00f6kkentve az \u00e1ll\u00e1sid\u0151t \u00e9s n\u00f6velve a termel\u00e9kenys\u00e9get. V\u00e1lasszon a k\u00f6vetkez\u0151k k\u00f6z\u00fcl\u00a0<strong>A legjobb hidraulikus hengerek nagy targonc\u00e1khoz<\/strong>\u00a0amelyek \u00f6tv\u00f6zik a min\u0151s\u00e9get, a tart\u00f3ss\u00e1got \u00e9s a megfizethet\u0151s\u00e9get.<\/p>\n<p>Friss\u00edtse targonc\u00e1j\u00e1t m\u00e9g ma a mi\u00e9nkkel\u00a0<strong>Tart\u00f3s oldalir\u00e1ny\u00fa eltol\u00e1ssal m\u0171k\u00f6d\u0151 hidraulikus munkahengerek k\u00f6nny\u0171 targonc\u00e1khoz<\/strong>\u00a0\u00e9s tapasztalja meg a p\u00e1ratlan hat\u00e9konys\u00e1got \u00e9s megb\u00edzhat\u00f3s\u00e1got!<\/p>\n<h1 style=\"text-align: center;\"><img loading=\"lazy\" decoding=\"async\" class=\"alignnone wp-image-17586\" src=\"https:\/\/www.hydraulic-cylinders.net\/wp-content\/uploads\/2025\/03\/Side-shift-hydraulic-cylinders-for-large-forklift-1.webp\" alt=\"Oldalir\u00e1ny\u00fa eltol\u00f3d\u00e1s\u00fa hidraulikus henger kis targonc\u00e1hoz\" width=\"500\" height=\"500\" srcset=\"https:\/\/www.hydraulic-cylinders.net\/wp-content\/uploads\/2025\/03\/Side-shift-hydraulic-cylinders-for-large-forklift-1.webp 500w, https:\/\/www.hydraulic-cylinders.net\/wp-content\/uploads\/2025\/03\/Side-shift-hydraulic-cylinders-for-large-forklift-1-480x480.webp 480w\" sizes=\"(min-width: 0px) and (max-width: 480px) 480px, (min-width: 481px) 500px, 100vw\" \/><\/h1>\n<p style=\"text-align: center;\"><strong>Oldalir\u00e1ny\u00fa eltol\u00f3d\u00e1s\u00fa henger nagy targonc\u00e1hoz<\/strong><\/p>\n<h2><strong>Oldalir\u00e1ny\u00fa eltol\u00f3d\u00e1s\u00fa hidraulikus hengerek nagy targonc\u00e1hoz <\/strong><strong>M\u0171szaki adatok<\/strong><strong>:<\/strong><\/h2>\n<p><strong>Funkci\u00f3:<\/strong> A villa teljes balra \u00e9s jobbra mozg\u00e1s\u00e1nak el\u00e9r\u00e9s\u00e9re szolg\u00e1l<br \/>\n<strong>Henger \u00e1tm\u00e9r\u0151je:<\/strong> 70 mm-120 mm<br \/>\n<strong>R\u00fad \u00e1tm\u00e9r\u0151je:<\/strong> 30 mm-60 mm<br \/>\n<strong>Utaz\u00e1si:<\/strong> 300 mm-1025 mm<br \/>\n<strong>Maxim\u00e1lis nyom\u00e1s:<\/strong> 21MPa<br \/>\n<strong>Maxim\u00e1lis tol\u00f3er\u0151:<\/strong> 238KN<\/p>\n<h2><strong>Nagy targonca hidraulikus henger sorozat:\u00a0<\/strong><\/h2>\n<h2><img loading=\"lazy\" decoding=\"async\" class=\"alignnone size-full wp-image-17582\" src=\"https:\/\/www.hydraulic-cylinders.net\/wp-content\/uploads\/2025\/03\/large-forklift-hydraulic-cylinder-construction.webp\" alt=\"\" width=\"1100\" height=\"615\" srcset=\"https:\/\/www.hydraulic-cylinders.net\/wp-content\/uploads\/2025\/03\/large-forklift-hydraulic-cylinder-construction.webp 1100w, https:\/\/www.hydraulic-cylinders.net\/wp-content\/uploads\/2025\/03\/large-forklift-hydraulic-cylinder-construction-980x548.webp 980w, https:\/\/www.hydraulic-cylinders.net\/wp-content\/uploads\/2025\/03\/large-forklift-hydraulic-cylinder-construction-480x268.webp 480w\" sizes=\"(min-width: 0px) and (max-width: 480px) 480px, (min-width: 481px) and (max-width: 980px) 980px, (min-width: 981px) 1100px, 100vw\" \/><\/h2>\n<h2><strong>A f\u0151bb jellemz\u0151k\u00a0<\/strong><strong>Oldalir\u00e1ny\u00fa eltol\u00e1ssal m\u0171k\u00f6d\u0151 hidraulikus hengerek <\/strong><strong>Nagy <\/strong><strong>Targonca<\/strong><strong>:<\/strong><\/h2>\n<p>A mi\u00e9nk\u00a0<strong>Oldalir\u00e1ny\u00fa eltol\u00e1ssal m\u0171k\u00f6d\u0151 hidraulikus hengerek nagy targonc\u00e1khoz<\/strong>\u00a0\u00fagy lettek tervezve, hogy kiv\u00e9teles teljes\u00edtm\u00e9nyt \u00e9s megb\u00edzhat\u00f3s\u00e1got ny\u00fajtsanak a legig\u00e9nyesebb ipari k\u00f6rnyezetben is. \u00cdme, ami kiemeli \u0151ket:<\/p>\n<ul>\n<li><strong>Prec\u00edz oldalir\u00e1ny\u00fa eltol\u00e1s<\/strong>A kifejezetten nagy targonc\u00e1khoz tervezett munkahengerek pontos \u00e9s sima oldalir\u00e1ny\u00fa eltol\u00e1st biztos\u00edtanak, n\u00f6velve a man\u0151verezhet\u0151s\u00e9get \u00e9s a hat\u00e9konys\u00e1got a neh\u00e9z \u00fczemi k\u00f6r\u00fclm\u00e9nyek k\u00f6z\u00f6tt.<\/li>\n<li><strong>Tart\u00f3s konstrukci\u00f3<\/strong>Kiv\u00e1l\u00f3 min\u0151s\u00e9g\u0171 anyagokb\u00f3l k\u00e9sz\u00fclt, a mi\u00a0<strong>Hidraulikus hengerek nagy targonca oldalir\u00e1ny\u00fa eltol\u00e1s\u00e1hoz<\/strong>\u00a0\u00dagy tervezt\u00e9k, hogy ellen\u00e1lljanak a sz\u00e9ls\u0151s\u00e9ges k\u00f6r\u00fclm\u00e9nyeknek, biztos\u00edtva a hossz\u00fa t\u00e1v\u00fa teljes\u00edtm\u00e9nyt \u00e9s a minim\u00e1lis kop\u00e1st.<\/li>\n<li><strong>K\u00f6nny\u0171 telep\u00edt\u00e9s \u00e9s karbantart\u00e1s<\/strong>Felhaszn\u00e1l\u00f3bar\u00e1t kialak\u00edt\u00e1suknak k\u00f6sz\u00f6nhet\u0151en ezek\u00a0<strong>Nagy teherb\u00edr\u00e1s\u00fa targonca oldalir\u00e1ny\u00fa eltol\u00f3d\u00e1s\u00fa hengerek<\/strong>\u00a0gyorsan telep\u00edthet\u0151k \u00e9s k\u00f6nnyen karbantarthat\u00f3k, cs\u00f6kkentve az \u00e1ll\u00e1sid\u0151t \u00e9s maximaliz\u00e1lva a termel\u00e9kenys\u00e9get.<\/li>\n<li><strong>Nagy ig\u00e9nybev\u00e9telre optimaliz\u00e1lva<\/strong>Nagy targonc\u00e1khoz igaz\u00edtva, ezek a munkahengerek t\u00f6k\u00e9letesek ipari alkalmaz\u00e1sokhoz, p\u00e1ratlan szil\u00e1rds\u00e1got \u00e9s megb\u00edzhat\u00f3s\u00e1got k\u00edn\u00e1lva.<\/li>\n<li><strong>K\u00f6lts\u00e9ghat\u00e9kony megold\u00e1s<\/strong>: Az egyik legfontosabbk\u00e9nt\u00a0<strong>megfizethet\u0151 oldalir\u00e1ny\u00fa eltol\u00e1ssal m\u0171k\u00f6d\u0151 munkahengerek neh\u00e9z targonc\u00e1khoz<\/strong>term\u00e9keink kiv\u00e9teles \u00e9rt\u00e9ket k\u00e9pviselnek a min\u0151s\u00e9g fel\u00e1ldoz\u00e1sa n\u00e9lk\u00fcl.<\/li>\n<\/ul>\n<p>Friss\u00edtse nagym\u00e9ret\u0171 targonc\u00e1j\u00e1t a mi\u00e9nkkel\u00a0<strong>Oldalir\u00e1ny\u00fa eltol\u00e1ssal m\u0171k\u00f6d\u0151 hidraulikus hengerek nagy targonc\u00e1khoz<\/strong>\u00a0\u00e9s tapasztalja meg a kiv\u00e1l\u00f3 teljes\u00edtm\u00e9nyt, tart\u00f3ss\u00e1got \u00e9s k\u00f6nny\u0171 haszn\u00e1latot!<\/p>\n<h2><strong>Haszn\u00e1lati esetek: Oldalir\u00e1ny\u00fa eltol\u00e1ssal m\u0171k\u00f6d\u0151 hidraulikus munkahengerek nagy targonc\u00e1khoz:<\/strong><\/h2>\n<p>A mi\u00e9nk\u00a0<strong>Oldalir\u00e1ny\u00fa eltol\u00e1ssal m\u0171k\u00f6d\u0151 hidraulikus hengerek nagy targonc\u00e1khoz<\/strong>\u00a0\u00fagy tervezt\u00e9k, hogy megfeleljenek a nagy ig\u00e9nybev\u00e9tel\u0171 ipari alkalmaz\u00e1sok ig\u00e9nyeinek. \u00cdme n\u00e9h\u00e1ny kulcsfontoss\u00e1g\u00fa felhaszn\u00e1l\u00e1si eset, ahol ezek a palackok kiemelked\u0151en teljes\u00edtenek:<\/p>\n<h3><strong>1. Rakt\u00e1ri m\u0171veletek<\/strong><\/h3>\n<p><img loading=\"lazy\" decoding=\"async\" class=\"alignnone size-full wp-image-17583\" src=\"https:\/\/www.hydraulic-cylinders.net\/wp-content\/uploads\/2025\/03\/heavy-duty-forklift-side-shift-cylinder-application.webp\" alt=\"Oldalir\u00e1ny\u00fa eltol\u00f3d\u00e1s\u00fa hidraulikus henger nagy targonc\u00e1hoz rakt\u00e1rban\" width=\"2320\" height=\"1340\" srcset=\"https:\/\/www.hydraulic-cylinders.net\/wp-content\/uploads\/2025\/03\/heavy-duty-forklift-side-shift-cylinder-application.webp 2320w, https:\/\/www.hydraulic-cylinders.net\/wp-content\/uploads\/2025\/03\/heavy-duty-forklift-side-shift-cylinder-application-1280x739.webp 1280w, https:\/\/www.hydraulic-cylinders.net\/wp-content\/uploads\/2025\/03\/heavy-duty-forklift-side-shift-cylinder-application-980x566.webp 980w, https:\/\/www.hydraulic-cylinders.net\/wp-content\/uploads\/2025\/03\/heavy-duty-forklift-side-shift-cylinder-application-480x277.webp 480w\" sizes=\"(min-width: 0px) and (max-width: 480px) 480px, (min-width: 481px) and (max-width: 980px) 980px, (min-width: 981px) and (max-width: 1280px) 1280px, (min-width: 1281px) 2320px, 100vw\" \/><\/p>\n<ul>\n<li><strong>Prec\u00edz oldalir\u00e1ny\u00fa eltol\u00e1s<\/strong>Forgalmas rakt\u00e1rakban a mi\u00a0<strong>Hidraulikus hengerek nagy targonca oldalir\u00e1ny\u00fa eltol\u00e1s\u00e1hoz<\/strong>\u00a0lehet\u0151v\u00e9 teszik a kezel\u0151k sz\u00e1m\u00e1ra, hogy neh\u00e9z terheket prec\u00edzen mozgathassanak, m\u00e9g keskeny folyos\u00f3kon \u00e9s sz\u0171k helyeken is.<\/li>\n<li><strong>Fokozott hat\u00e9konys\u00e1g<\/strong>A targonca mozg\u00e9konys\u00e1g\u00e1nak n\u00f6vel\u00e9s\u00e9vel ezek a munkahengerek seg\u00edtenek a be- \u00e9s kirakod\u00e1si folyamatok egyszer\u0171s\u00edt\u00e9s\u00e9ben, cs\u00f6kkentve az \u00fczemi \u00e1ll\u00e1sid\u0151t.<\/li>\n<\/ul>\n<h3><strong>2. \u00c9p\u00edt\u00e9si ter\u00fcletek<\/strong><\/h3>\n<ul>\n<li><strong>Tart\u00f3s konstrukci\u00f3<\/strong>: A zord k\u00f6r\u00fclm\u00e9nyekre tervezve, a mi\u00a0<strong>Nagy teherb\u00edr\u00e1s\u00fa targonca oldalir\u00e1ny\u00fa eltol\u00f3d\u00e1s\u00fa hengerek<\/strong>\u00a0t\u00f6k\u00e9letesek \u00e9p\u00edtkez\u00e9sekre, ahol a berendez\u00e9sek pornak, t\u00f6rmel\u00e9knek \u00e9s neh\u00e9z terheknek vannak kit\u00e9ve.<\/li>\n<li><strong>Megb\u00edzhat\u00f3 teljes\u00edtm\u00e9ny<\/strong>Ezek a munkahengerek biztos\u00edtj\u00e1k az \u00e1lland\u00f3 teljes\u00edtm\u00e9nyt, m\u00e9g nagym\u00e9ret\u0171 anyagok, p\u00e9ld\u00e1ul ac\u00e9lgerend\u00e1k vagy betonblokkok kezel\u00e9sekor is.<\/li>\n<\/ul>\n<h3><strong>3. Gy\u00e1rt\u00f3\u00fczemek<\/strong><\/h3>\n<ul>\n<li><strong>K\u00f6nny\u0171 telep\u00edt\u00e9s \u00e9s karbantart\u00e1s<\/strong>Gy\u00e1rt\u00e1si k\u00f6rnyezetben, ahol az \u00e1ll\u00e1sid\u0151 k\u00f6lts\u00e9ges lehet, oldalra eltolhat\u00f3 munkahengereink gyorsan telep\u00edthet\u0151k \u00e9s k\u00f6nnyen karbantarthat\u00f3k, \u00edgy minim\u00e1lis zavart okoznak a termel\u00e9si \u00fctemtervben.<\/li>\n<li><strong>Fokozott biztons\u00e1g<\/strong>A hengerek \u00e1ltal k\u00edn\u00e1lt prec\u00edz vez\u00e9rl\u00e9s cs\u00f6kkenti a balesetek kock\u00e1zat\u00e1t neh\u00e9zg\u00e9pek vagy anyagok mozgat\u00e1sa sor\u00e1n.<\/li>\n<\/ul>\n<h3><strong>4. Logisztikai \u00e9s eloszt\u00f3k\u00f6zpontok<\/strong><\/h3>\n<ul>\n<li><strong>Nagy teherb\u00edr\u00e1s\u00fa<\/strong>A mi\u00e9nk\u00a0<strong>Oldalir\u00e1ny\u00fa eltol\u00e1ssal m\u0171k\u00f6d\u0151 hidraulikus hengerek nagy targonc\u00e1khoz<\/strong>\u00a0ide\u00e1lisak raklapok, kont\u00e9nerek \u00e9s t\u00falm\u00e9retes rakom\u00e1nyok kezel\u00e9s\u00e9re nagy volumen\u0171 eloszt\u00f3k\u00f6zpontokban.<\/li>\n<li><strong>K\u00f6lts\u00e9ghat\u00e9kony megold\u00e1s<\/strong>A targonca hat\u00e9konys\u00e1g\u00e1nak jav\u00edt\u00e1s\u00e1val \u00e9s a karbantart\u00e1si ig\u00e9nyek cs\u00f6kkent\u00e9s\u00e9vel ezek a munkahengerek id\u0151vel hozz\u00e1j\u00e1rulnak az \u00fczemeltet\u00e9si k\u00f6lts\u00e9gek cs\u00f6kkent\u00e9s\u00e9hez.<\/li>\n<\/ul>\n<h4><strong>5. Kik\u00f6t\u0151k \u00e9s haj\u00f3gy\u00e1rak<\/strong><\/h4>\n<ul>\n<li><strong>Hosszan tart\u00f3 teljes\u00edtm\u00e9ny<\/strong>: Nagy ig\u00e9nybev\u00e9telre tervezt\u00e9k ezeket a palackokat, amelyek t\u00f6k\u00e9letesek kik\u00f6t\u0151i m\u0171veletekhez, ahol a targonc\u00e1k folyamatosan nagy kont\u00e9nereket \u00e9s neh\u00e9z rakom\u00e1nyt mozgatnak.<\/li>\n<li><strong>Id\u0151j\u00e1r\u00e1s\u00e1ll\u00f3 kialak\u00edt\u00e1s<\/strong>A tart\u00f3s konstrukci\u00f3 megb\u00edzhat\u00f3 teljes\u00edtm\u00e9nyt biztos\u00edt k\u00fclt\u00e9ri k\u00f6rnyezetben, m\u00e9g kih\u00edv\u00e1st jelent\u0151 id\u0151j\u00e1r\u00e1si k\u00f6r\u00fclm\u00e9nyek k\u00f6z\u00f6tt is.<\/li>\n<\/ul>\n<h4><strong>6. \u00dajrahasznos\u00edt\u00e1s \u00e9s hullad\u00e9kgazd\u00e1lkod\u00e1s<\/strong><\/h4>\n<ul>\n<li><strong>Robusztus \u00e9s megb\u00edzhat\u00f3<\/strong>A mi\u00e9nk\u00a0<strong>Nagy teherb\u00edr\u00e1s\u00fa targonca oldalir\u00e1ny\u00fa eltol\u00f3d\u00e1s\u00fa hengerek<\/strong>\u00a0\u00fagy tervezt\u00e9k, hogy elb\u00edrj\u00e1k az \u00fajrahasznos\u00edt\u00f3 l\u00e9tes\u00edtm\u00e9nyek megpr\u00f3b\u00e1ltat\u00e1sait, ahol targonc\u00e1k mozgatj\u00e1k a neh\u00e9z b\u00e1l\u00e1kat az \u00fajrahasznos\u00edthat\u00f3 anyagokb\u00f3l.<\/li>\n<li><strong>Cs\u00f6kkentett \u00e1ll\u00e1sid\u0151<\/strong>Az egyszer\u0171 karbantart\u00e1si \u00e9s jav\u00edt\u00e1si funkci\u00f3k biztos\u00edtj\u00e1k, hogy a berendez\u00e9sek m\u00e9g ig\u00e9nyes hullad\u00e9kkezel\u00e9si k\u00f6rnyezetben is m\u0171k\u00f6d\u0151k\u00e9pesek maradjanak.<\/li>\n<\/ul>\n<h2><strong>Mi\u00e9rt v\u00e1lassza oldalra tolhat\u00f3 hidraulikus hengereinket?<\/strong><\/h2>\n<p>Amikor arr\u00f3l van sz\u00f3\u00a0<strong>targonca tartoz\u00e9kok<\/strong>, a mi\u00e9nk\u00a0<strong>Oldalir\u00e1ny\u00fa eltol\u00e1ssal m\u0171k\u00f6d\u0151 hidraulikus hengerek nagy targonc\u00e1khoz<\/strong>\u00a0forradalmas\u00edtj\u00e1k a j\u00e1t\u00e9kszab\u00e1lyokat. A teljes\u00edtm\u00e9ny \u00e9s a hat\u00e9konys\u00e1g optimaliz\u00e1l\u00e1s\u00e1ra tervezett munkahengerek t\u00f6k\u00e9letes kieg\u00e9sz\u00edt\u0151i a nagy teherb\u00edr\u00e1s\u00fa berendez\u00e9seinek.<\/p>\n<ul>\n<li><strong>Prec\u00edz oldalir\u00e1ny\u00fa eltol\u00e1s<\/strong>Nagy targonc\u00e1khoz tervezt\u00e9k ezeket a munkahengereket, amelyek sima \u00e9s pontos oldalir\u00e1ny\u00fa eltol\u00e1st biztos\u00edtanak, \u00edgy ide\u00e1lisak neh\u00e9z terhek kezel\u00e9s\u00e9re sz\u0171k helyeken.<\/li>\n<li><strong>Tart\u00f3s konstrukci\u00f3<\/strong>Tart\u00f3sra tervezve, a mi\u00a0<strong>Hidraulikus hengerek nagy targonca oldalir\u00e1ny\u00fa eltol\u00e1s\u00e1hoz<\/strong>\u00a0kiv\u00e1l\u00f3 min\u0151s\u00e9g\u0171 anyagokb\u00f3l k\u00e9sz\u00fclnek, \u00edgy biztos\u00edtva a megb\u00edzhat\u00f3 teljes\u00edtm\u00e9nyt m\u00e9g a legmostoh\u00e1bb ipari k\u00f6rnyezetben is.<\/li>\n<li><strong>K\u00f6nny\u0171 telep\u00edt\u00e9s \u00e9s karbantart\u00e1s<\/strong>A felhaszn\u00e1l\u00f3i k\u00e9nyelmet szem el\u0151tt tartva tervezt\u00e9k ezeket\u00a0<strong>Nagy teherb\u00edr\u00e1s\u00fa targonca oldalir\u00e1ny\u00fa eltol\u00f3d\u00e1s\u00fa hengerek<\/strong>\u00a0gyorsan telep\u00edthet\u0151k \u00e9s k\u00f6nnyen karbantarthat\u00f3k, cs\u00f6kkentve az \u00e1ll\u00e1sid\u0151t \u00e9s biztos\u00edtva a m\u0171k\u00f6d\u00e9s z\u00f6kken\u0151mentes lebonyol\u00edt\u00e1s\u00e1t.<\/li>\n<\/ul>\n<p>Nagy teherb\u00edr\u00e1s\u00fa targonca munkahengereket keres? Tekintse meg a mi aj\u00e1nlatunkat <a href=\"https:\/\/www.hydraulic-cylinders.net\/hu\/forklift-hydraulic-cylinder\/\">Nagy teherb\u00edr\u00e1s\u00fa hidraulikus hengerek<\/a>.<\/p>\n<h3><strong>T\u00f6k\u00e9letes targonca karbantart\u00e1shoz \u00e9s jav\u00edt\u00e1shoz<\/strong><\/h3>\n<p>Ak\u00e1r rutinszer\u0171en v\u00e9gzel edz\u00e9st,\u00a0<strong>targonca karbantart\u00e1s<\/strong>\u00a0vagy megb\u00edzhat\u00f3 megold\u00e1sra van sz\u00fcks\u00e9ge\u00a0<strong>hidraulikus henger jav\u00edt\u00e1s<\/strong>Oldalir\u00e1ny\u00fa eltol\u00e1ssal m\u0171k\u00f6d\u0151 munkahengereinket \u00fagy tervezt\u00fck, hogy minimaliz\u00e1lj\u00e1k a zavarokat \u00e9s meghosszabb\u00edts\u00e1k berendez\u00e9se \u00e9lettartam\u00e1t. Robusztus kialak\u00edt\u00e1suk biztos\u00edtja, hogy k\u00e9pesek legyenek kezelni a nagy ig\u00e9nybev\u00e9tel\u0171 alkalmaz\u00e1sok ig\u00e9nyeit, \u00edgy k\u00f6lts\u00e9ghat\u00e9kony v\u00e1laszt\u00e1st jelentenek az ipari m\u0171veletekhez.<\/p>\n<h2><strong>Targoncahenger gy\u00e1rt\u00e1si ter\u00fclet:<\/strong><\/h2>\n<h2><img loading=\"lazy\" decoding=\"async\" class=\"alignnone size-full wp-image-16972\" src=\"https:\/\/www.hydraulic-cylinders.net\/wp-content\/uploads\/2025\/01\/hydraulic-cylinder-factory-1-scaled.webp\" sizes=\"(min-width: 0px) and (max-width: 480px) 480px, (min-width: 481px) and (max-width: 980px) 980px, (min-width: 981px) and (max-width: 1280px) 1280px, (min-width: 1281px) 2016px, 100vw\" srcset=\"https:\/\/www.hydraulic-cylinders.net\/wp-content\/uploads\/2025\/01\/hydraulic-cylinder-factory-1-scaled.webp 2016w, https:\/\/www.hydraulic-cylinders.net\/wp-content\/uploads\/2025\/01\/hydraulic-cylinder-factory-1-1280x1625.webp 1280w, https:\/\/www.hydraulic-cylinders.net\/wp-content\/uploads\/2025\/01\/hydraulic-cylinder-factory-1-980x1244.webp 980w, https:\/\/www.hydraulic-cylinders.net\/wp-content\/uploads\/2025\/01\/hydraulic-cylinder-factory-1-480x610.webp 480w\" alt=\"\" width=\"2016\" height=\"2560\" \/><\/h2>\n<p>Els\u0151 oszt\u00e1ly\u00fa, f\u00fcggetlen K+F platformmal rendelkez\u00fcnk az \u00f6sszeszerel\u00e9shez. A targoncahenger-gy\u00e1rt\u00f3 m\u0171hely\u00fcnk n\u00e9gy f\u00e9lautomata emel\u0151henger-\u00f6sszeszerel\u0151 sorral \u00e9s egy teljesen automatikus billen\u0151henger-\u00f6sszeszerel\u0151 sorral rendelkezik, amelyek tervezett \u00e9ves termel\u00e9si kapacit\u00e1sa milli\u00f3 darab. A speci\u00e1lis hengerm\u0171hely k\u00fcl\u00f6nf\u00e9le specifik\u00e1ci\u00f3j\u00fa f\u00e9lautomata tiszt\u00edt\u00f3- \u00e9s \u00f6sszeszerel\u0151 rendszerekkel rendelkezik, amelyek tervezett \u00e9ves termel\u00e9si kapacit\u00e1sa 200 000 darab. Fel van szerelve h\u00edres m\u00e1rk\u00e1j\u00fa CNC megmunk\u00e1l\u00f3 berendez\u00e9sekkel, megmunk\u00e1l\u00f3 k\u00f6zpontokkal, nagy pontoss\u00e1g\u00fa hengermegmunk\u00e1l\u00f3 speci\u00e1lis berendez\u00e9sekkel, robothegeszt\u0151 g\u00e9pekkel, automata tiszt\u00edt\u00f3g\u00e9pekkel, automata henger\u00f6sszeszerel\u0151 g\u00e9pekkel \u00e9s automata fest\u00e9kgy\u00e1rt\u00f3 sorokkal. T\u00f6bb mint 300 kulcsfontoss\u00e1g\u00fa berendez\u00e9s \u00fczemel. A berendez\u00e9si er\u0151forr\u00e1sok optimaliz\u00e1lt eloszt\u00e1sa \u00e9s hat\u00e9kony kihaszn\u00e1l\u00e1sa biztos\u00edtja a term\u00e9kek prec\u00edzi\u00f3s k\u00f6vetelm\u00e9nyeit \u00e9s a term\u00e9kek magas min\u0151s\u00e9gi k\u00f6vetelm\u00e9nyeinek val\u00f3 megfelel\u00e9st.<\/p>\n<p>A megmunk\u00e1l\u00f3 m\u0171hely egyedi gy\u00e1rt\u00e1s\u00fa d\u00f6nthet\u0151 vezet\u0151s\u00edn-eszterg\u00e1l\u00f3 k\u00f6zpontokkal, megmunk\u00e1l\u00f3k\u00f6zpontokkal, nagysebess\u00e9g\u0171 h\u00f3nol\u00f3g\u00e9pekkel, hegeszt\u0151robotokkal \u00e9s egy\u00e9b relev\u00e1ns berendez\u00e9sekkel van felszerelve, amelyek k\u00e9pesek kezelni a 400 mm-es maxim\u00e1lis bels\u0151 \u00e1tm\u00e9r\u0151j\u0171 \u00e9s 6 m\u00e9ter maxim\u00e1lis hossz\u00fas\u00e1g\u00fa hengercs\u00f6vek megmunk\u00e1l\u00e1si munk\u00e1it.<\/p>\n<h2><img loading=\"lazy\" decoding=\"async\" class=\"alignnone size-full wp-image-16973\" src=\"https:\/\/www.hydraulic-cylinders.net\/wp-content\/uploads\/2025\/01\/hydraulic-cylinder-factory-2-scaled.webp\" sizes=\"(min-width: 0px) and (max-width: 480px) 480px, (min-width: 481px) and (max-width: 980px) 980px, (min-width: 981px) and (max-width: 1280px) 1280px, (min-width: 1281px) 2011px, 100vw\" srcset=\"https:\/\/www.hydraulic-cylinders.net\/wp-content\/uploads\/2025\/01\/hydraulic-cylinder-factory-2-scaled.webp 2011w, https:\/\/www.hydraulic-cylinders.net\/wp-content\/uploads\/2025\/01\/hydraulic-cylinder-factory-2-1280x1629.webp 1280w, https:\/\/www.hydraulic-cylinders.net\/wp-content\/uploads\/2025\/01\/hydraulic-cylinder-factory-2-980x1248.webp 980w, https:\/\/www.hydraulic-cylinders.net\/wp-content\/uploads\/2025\/01\/hydraulic-cylinder-factory-2-480x611.webp 480w\" alt=\"\" width=\"2011\" height=\"2560\" \/><\/h2>\n<p>Rendelkez\u00fcnk egy teljesen automatikus, v\u00edzb\u00e1zis\u00fa fest\u00e9kbevon\u00f3 sorral kis \u00e9s k\u00f6zepes palackokhoz, amely automatikus be- \u00e9s kirakod\u00f3, valamint automatikus permetez\u0151 robotokat val\u00f3s\u00edt meg, 4000 f\u00e9r\u0151helyes tervezett gy\u00e1rt\u00e1si kapacit\u00e1ssal m\u0171szakonk\u00e9nt. Van egy m\u00e1sik f\u00e9lautomata fest\u0151sorunk nagym\u00e9ret\u0171 palackokhoz, amelyet er\u0151\u00e1tviteli l\u00e1nc hajt, \u00e9s amelynek tervezett kapacit\u00e1sa 60 l\u00e1da m\u0171szakonk\u00e9nt.<\/p>\n<p>A term\u00e9kteljes\u00edtm\u00e9ny tov\u00e1bbi jav\u00edt\u00e1sa \u00e9s hidraulikus hengereink ipar\u00e1gi vezet\u0151 poz\u00edci\u00f3j\u00e1nak megszil\u00e1rd\u00edt\u00e1sa \u00e9rdek\u00e9ben v\u00e1llalatunk \u00e9s a zjimee k\u00f6z\u00f6sen l\u00e9trehoztak egy \u00e1tfog\u00f3 teljes\u00edtm\u00e9nylaborat\u00f3riumot hidraulikus hengerek, hidraulikus szelepek \u00e9s hidraulikus szivatty\u00fak sz\u00e1m\u00e1ra; a laborat\u00f3riumban sz\u00e1m\u00edt\u00f3g\u00e9ppel seg\u00edtett tesztel\u00e9st v\u00e9geznek elektrohidraulikus technol\u00f3gi\u00e1val, a vizsg\u00e1lati felt\u00e9teleket egy sz\u00e1m\u00edt\u00f3g\u00e9p \u00e1ll\u00edtja be, ami jav\u00edtja a vizsg\u00e1lat pontoss\u00e1g\u00e1t \u00e9s a rendszer sokoldal\u00fas\u00e1g\u00e1t, valamint a k\u00eds\u00e9rleti adatokat.<\/p>\n<p>Az automatikus adatgy\u0171jt\u00e9s \u00e9rz\u00e9kel\u0151k alkalmaz\u00e1s\u00e1val val\u00f3sul meg, \u00e9s a kimeneti adatokat, p\u00e9ld\u00e1ul a henger vagy a szelep bels\u0151 sziv\u00e1rg\u00e1s\u00e1t \u00e9s terhel\u00e9si hat\u00e1sfok\u00e1t, a sz\u00e1m\u00edt\u00f3g\u00e9p k\u00f6zvetlen\u00fcl feldolgozza \u00e9s szabv\u00e1nyos m\u00e9rt\u00e9kegys\u00e9gre (ml\/min%) konvert\u00e1lja. Ugyanakkor a hidraulikus rendszer \u00fczembiztons\u00e1g\u00e1nak biztos\u00edt\u00e1sa \u00e9rdek\u00e9ben \u00e1llapotfel\u00fcgyeleti funkci\u00f3t is v\u00e9geznek olyan kulcsfontoss\u00e1g\u00fa teljes\u00edtm\u00e9nyparam\u00e9terek eset\u00e9ben, mint az \u201eolajh\u0151m\u00e9rs\u00e9klet-fel\u00fcgyelet, folyad\u00e9kszint-fel\u00fcgyelet, sz\u0171r\u0151berendez\u00e9s-fel\u00fcgyelet\u201d stb. A hidraulikus henger teszt\u00e1llv\u00e1ny t\u00f6bbek k\u00f6z\u00f6tt a \u201eterhel\u00e9s\u201d teljes\u00edtm\u00e9ny\u00e9t is tesztelheti.<br \/>\nhat\u00e9konys\u00e1g \u201e\u00e9s\u201d bels\u0151 sziv\u00e1rg\u00e1s\u201d leolvas\u00e1sokkal. Ugyanakkor egy r\u00e1csos vonalz\u00f3s m\u00e9r\u0151m\u0171szerrel van felszerelve, amely megfelel a hidraulikus hengerterm\u00e9kek \u00f6sszes vizsg\u00e1lati t\u00e9tel\u00e9re vonatkoz\u00f3 k\u00f6vetelm\u00e9nyeknek a nemzeti szabv\u00e1ny szerint.<\/p>\n<h3><strong>GYIK szekci\u00f3:<\/strong><\/h3>\n<p><strong>K: Melyek a nagy targonc\u00e1khoz val\u00f3 oldalir\u00e1ny\u00fa eltol\u00e1ssal m\u0171k\u00f6d\u0151 hidraulikus hengerek f\u0151bb jellemz\u0151i?<\/strong><br \/>\nV: Oldalir\u00e1ny\u00fa eltol\u00e1ssal rendelkez\u0151 hidraulikus munkahengereinket nagy targonc\u00e1khoz tervezt\u00fck, prec\u00edz oldalir\u00e1ny\u00fa eltol\u00e1ssal, tart\u00f3s konstrukci\u00f3val a hossz\u00fa t\u00e1v\u00fa teljes\u00edtm\u00e9ny \u00e9rdek\u00e9ben, valamint egyszer\u0171 telep\u00edt\u00e9ssel az \u00e1ll\u00e1sid\u0151 cs\u00f6kkent\u00e9se \u00e9rdek\u00e9ben.<\/p>\n<p><strong>K: Ezek a hengerek nagy ig\u00e9nybev\u00e9tel\u0171 alkalmaz\u00e1sokhoz is haszn\u00e1lhat\u00f3k?<\/strong><br \/>\nV: Igen, ezeket a palackokat kifejezetten nagy ig\u00e9nybev\u00e9telre tervezt\u00e9k, \u00edgy ide\u00e1lisak ipari k\u00f6rnyezetbe, p\u00e9ld\u00e1ul \u00e9p\u00edtkez\u00e9sekre, rakt\u00e1rakba \u00e9s kik\u00f6t\u0151kbe.<\/p>\n<p><strong>K: K\u00f6nnyen telep\u00edthet\u0151k ezek a hidraulikus hengerek?<\/strong><br \/>\nV: Term\u00e9szetesen! Oldalra tolhat\u00f3 munkahengereinket gyors \u00e9s probl\u00e9mamentes telep\u00edt\u00e9sre tervezt\u00fck, minimaliz\u00e1lva az \u00e1ll\u00e1sid\u0151t, \u00e9s biztos\u00edtva, hogy a targonc\u00e1ja gyorsan \u00fajra \u00fczembe helyezhet\u0151 legyen.<\/p>\n<p>&nbsp;<\/p>","protected":false},"excerpt":{"rendered":"<p>Side Shift Hydraulic Cylinders For Large Forklift Looking for reliable and efficient\u00a0Side Shift Hydraulic Cylinders for Large Forklifts? Our high-performance\u00a0Hydraulic Cylinders for Forklift Side Shifting\u00a0are designed to meet the demands of compact forklifts, offering precise side shifting for enhanced maneuverability in tight spaces. Built with\u00a0durable construction, these cylinders ensure long-lasting performance even in the toughest [&hellip;]<\/p>","protected":false},"featured_media":17581,"comment_status":"open","ping_status":"closed","template":"","meta":{"_et_pb_use_builder":"","_et_pb_old_content":"","_et_gb_content_width":""},"product_brand":[],"product_cat":[1550,1484,1376],"product_tag":[],"class_list":{"0":"post-17579","1":"product","2":"type-product","3":"status-publish","4":"has-post-thumbnail","6":"product_cat-double-acting-hydraulic-cylinder","7":"product_cat-forklift-hydraulic-cylinders","8":"product_cat-hydraulic-cylinder","10":"first","11":"instock","12":"shipping-taxable","13":"product-type-simple"},"amp_enabled":true,"_links":{"self":[{"href":"https:\/\/www.hydraulic-cylinders.net\/hu\/wp-json\/wp\/v2\/product\/17579","targetHints":{"allow":["GET"]}}],"collection":[{"href":"https:\/\/www.hydraulic-cylinders.net\/hu\/wp-json\/wp\/v2\/product"}],"about":[{"href":"https:\/\/www.hydraulic-cylinders.net\/hu\/wp-json\/wp\/v2\/types\/product"}],"replies":[{"embeddable":true,"href":"https:\/\/www.hydraulic-cylinders.net\/hu\/wp-json\/wp\/v2\/comments?post=17579"}],"wp:featuredmedia":[{"embeddable":true,"href":"https:\/\/www.hydraulic-cylinders.net\/hu\/wp-json\/wp\/v2\/media\/17581"}],"wp:attachment":[{"href":"https:\/\/www.hydraulic-cylinders.net\/hu\/wp-json\/wp\/v2\/media?parent=17579"}],"wp:term":[{"taxonomy":"product_brand","embeddable":true,"href":"https:\/\/www.hydraulic-cylinders.net\/hu\/wp-json\/wp\/v2\/product_brand?post=17579"},{"taxonomy":"product_cat","embeddable":true,"href":"https:\/\/www.hydraulic-cylinders.net\/hu\/wp-json\/wp\/v2\/product_cat?post=17579"},{"taxonomy":"product_tag","embeddable":true,"href":"https:\/\/www.hydraulic-cylinders.net\/hu\/wp-json\/wp\/v2\/product_tag?post=17579"}],"curies":[{"name":"munkaf\u00fczet","href":"https:\/\/api.w.org\/{rel}","templated":true}]}}