{"id":1758,"date":"2023-10-13T03:29:58","date_gmt":"2023-10-13T03:29:58","guid":{"rendered":"https:\/\/hydraulic-cylinders.net\/?post_type=product&#038;p=1758"},"modified":"2025-04-15T05:55:27","modified_gmt":"2025-04-15T05:55:27","slug":"cutter-suction-dredger-piling-cylinder","status":"publish","type":"product","link":"https:\/\/www.hydraulic-cylinders.net\/hu\/termek\/cutter-suction-dredger-piling-cylinder\/","title":{"rendered":"V\u00e1g\u00f3sz\u00edv\u00f3 kotr\u00f3g\u00e9p c\u00f6l\u00f6phenger"},"content":{"rendered":"<h1 style=\"text-align: center;\"><strong>V\u00e1g\u00f3sz\u00edv\u00f3 kotr\u00f3g\u00e9p c\u00f6l\u00f6phenger<\/strong><\/h1>\n<p><img loading=\"lazy\" decoding=\"async\" class=\"aligncenter wp-image-1759\" src=\"https:\/\/hydraulic-cylinders.net\/wp-content\/uploads\/2023\/10\/cutter-suction-dredger-piling-cylinder-1-300x300.webp\" alt=\"\" width=\"400\" height=\"400\" \/><\/p>\n<p>A v\u00e1g\u00f3-sz\u00edv\u00f3 kotr\u00f3 c\u00f6l\u00f6phenger egy nagy teljes\u00edtm\u00e9ny\u0171 \u00e9s sokoldal\u00fa hidraulikus eszk\u00f6z, amelyet kifejezetten tengeri \u00e9p\u00edt\u00e9si projektekhez terveztek. Robusztus fel\u00e9p\u00edt\u00e9s\u00e9nek \u00e9s nagy teljes\u00edtm\u00e9ny\u00e9nek k\u00f6sz\u00f6nhet\u0151en ez a c\u00f6l\u00f6phenger kulcsfontoss\u00e1g\u00fa eleme a modern kotr\u00e1si m\u0171veleteknek.<\/p>\n<p>A v\u00e1g\u00f3-sz\u00edv\u00f3 kotr\u00f3 c\u00f6l\u00f6pf\u00far\u00f3 henger egy megb\u00edzhat\u00f3 \u00e9s sokoldal\u00fa hidraulikus eszk\u00f6z, amely jelent\u0151sen jav\u00edtja a tengeri \u00e9p\u00edt\u00e9si projektek hat\u00e9konys\u00e1g\u00e1t. Robusztus fel\u00e9p\u00edt\u00e9s\u00e9nek, \u00e1ll\u00edthat\u00f3 l\u00f6kethossz\u00e1nak \u00e9s nagy teljes\u00edtm\u00e9ny\u0171 hidraulikus rendszer\u00e9nek k\u00f6sz\u00f6nhet\u0151en prec\u00edz \u00e9s hat\u00e9kony c\u00f6l\u00f6pf\u00far\u00e1si m\u0171veleteket biztos\u00edt. A megfelel\u0151 haszn\u00e1lati m\u00f3dszerek betart\u00e1s\u00e1val \u00e9s a rendszeres karbantart\u00e1s elv\u00e9gz\u00e9s\u00e9vel a felhaszn\u00e1l\u00f3k maximaliz\u00e1lhatj\u00e1k a v\u00e1g\u00f3-sz\u00edv\u00f3 kotr\u00f3haj\u00f3k ezen alapvet\u0151 alkatr\u00e9sz\u00e9nek \u00e9lettartam\u00e1t \u00e9s teljes\u00edtm\u00e9ny\u00e9t. Fektessen be a v\u00e1g\u00f3-sz\u00edv\u00f3 kotr\u00f3 c\u00f6l\u00f6pf\u00far\u00f3 hengerbe, \u00e9s tapasztalja meg a fokozott termel\u00e9kenys\u00e9get \u00e9s pontoss\u00e1got tengeri \u00e9p\u00edt\u00e9si projektjei sor\u00e1n.<\/p>\n<p>V\u00e1g\u00f3sz\u00edv\u00f3 kotr\u00f3g\u00e9p c\u00f6l\u00f6phenger f\u0151bb jellemz\u0151i:<\/p>\n<ol>\n<li>Robusztus konstrukci\u00f3: A kotr\u00f3fej\u0171 v\u00e1g\u00f3henger \u00fagy lett kialak\u00edtva, hogy ellen\u00e1lljon a tengeri k\u00f6rnyezet neh\u00e9z k\u00f6r\u00fclm\u00e9nyeinek. Kiv\u00e1l\u00f3 min\u0151s\u00e9g\u0171 anyagokb\u00f3l k\u00e9sz\u00fclt, kiv\u00e1l\u00f3 korr\u00f3zi\u00f3\u00e1ll\u00f3s\u00e1ggal, kop\u00e1ssal \u00e9s \u00fct\u00e9sekkel szemben, \u00edgy hossz\u00fa t\u00e1v\u00fa tart\u00f3ss\u00e1got biztos\u00edt.<\/li>\n<li>Hidraulikus teljes\u00edtm\u00e9ny: Nagy teljes\u00edtm\u00e9ny\u0171 hidraulikus rendszerrel felszerelve, ez a c\u00f6l\u00f6pver\u0151 henger leny\u0171g\u00f6z\u0151 teljes\u00edtm\u00e9nyt \u00e9s pontoss\u00e1got biztos\u00edt. Hat\u00e9konyan tov\u00e1bb\u00edtja a hidraulikus energi\u00e1t a c\u00f6l\u00f6pver\u00e9si m\u0171velet meghajt\u00e1s\u00e1hoz, ami fokozott termel\u00e9kenys\u00e9get \u00e9s pontoss\u00e1got eredm\u00e9nyez.<\/li>\n<li>\u00c1ll\u00edthat\u00f3 l\u00f6kethossz: A c\u00f6l\u00f6phenger rugalmass\u00e1got k\u00edn\u00e1l a l\u00f6kethossz be\u00e1ll\u00edt\u00e1s\u00e1hoz a projekt konkr\u00e9t k\u00f6vetelm\u00e9nyeinek megfelel\u0151en. Ez az alkalmazkod\u00f3k\u00e9pess\u00e9g lehet\u0151v\u00e9 teszi a c\u00f6l\u00f6pm\u00e9lys\u00e9g pontos szab\u00e1lyoz\u00e1s\u00e1t, figyelembe v\u00e9ve a k\u00fcl\u00f6nf\u00e9le tengeri \u00e9p\u00edt\u00e9si ig\u00e9nyeket.<\/li>\n<\/ol>\n<h2><strong>V\u00e1g\u00f3sz\u00edv\u00f3 kotr\u00f3g\u00e9p c\u00f6l\u00f6phenger param\u00e9tere:<\/strong><\/h2>\n<table border=\"1\" cellspacing=\"0\" cellpadding=\"0\">\n<tbody>\n<tr>\n<td>Term\u00e9k neve<\/td>\n<td>V\u00e1g\u00f3sz\u00edv\u00f3 kotr\u00f3g\u00e9p utaz\u00f3henger<\/td>\n<\/tr>\n<tr>\n<td>Jellemz\u0151k:<\/td>\n<td>A v\u00e1g\u00f3-sz\u00edv\u00f3 kotr\u00f3g\u00e9p halad\u00f3 mechanizmus\u00e1nak f\u0151 v\u00e9grehajt\u00f3 eleme<\/td>\n<\/tr>\n<tr>\n<td>Furat\u00e1tm\u00e9r\u0151:<\/td>\n<td>Ak\u00e1r 480 mm<\/td>\n<\/tr>\n<tr>\n<td>R\u00fad \u00e1tm\u00e9r\u0151je:<\/td>\n<td>Ak\u00e1r 360 mm<br \/>\nL\u00f6ket ak\u00e1r 9400 mm<\/td>\n<\/tr>\n<tr>\n<td>Nyom\u00e1s:<\/td>\n<td>ak\u00e1r 32 MPa<\/td>\n<\/tr>\n<tr>\n<td>Tol\u00f3er\u0151:<\/td>\n<td>Maximum 2900 kN<\/td>\n<\/tr>\n<tr>\n<td>Alkalmaz\u00e1sok:<\/td>\n<td>V\u00e1g\u00f3 sz\u00edv\u00f3 kotr\u00f3g\u00e9p<\/td>\n<\/tr>\n<\/tbody>\n<\/table>\n<div><\/div>\n<div>\n<div class=\"txtboxL\">\n<div class=\"txtboxL\">\n<div class=\"txtboxL\">\n<div class=\"txtboxL\">\n<div class=\"txtboxL\">\n<div class=\"txtboxL\">\n<div class=\"txtboxL\">\n<div class=\"txtboxL\">Jellemz\u0151k:<\/div>\n<div class=\"txtboxR\">A v\u00e1g\u00f3-sz\u00edv\u00f3 kotr\u00f3g\u00e9p halad\u00f3 mechanizmus\u00e1nak f\u0151 v\u00e9grehajt\u00f3 eleme<\/div>\n<div class=\"txtboxL\">Specifik\u00e1ci\u00f3:<\/div>\n<div class=\"txtboxR\">Furat\u00e1tm\u00e9r\u0151: ak\u00e1r 480 mm<br \/>\nR\u00fad \u00e1tm\u00e9r\u0151je: ak\u00e1r 360 mm<br \/>\nL\u00f6ket ak\u00e1r 9400 mm<\/div>\n<div class=\"txtboxL\">Nyom\u00e1s:<\/div>\n<div class=\"txtboxR\">ak\u00e1r 32 MPa<\/div>\n<div class=\"txtboxL\">Tol\u00f3er\u0151:<\/div>\n<div class=\"txtboxR\">Maximum 2900 kN<\/div>\n<\/div>\n<\/div>\n<\/div>\n<\/div>\n<\/div>\n<\/div>\n<\/div>\n<\/div>\n<h2><strong>Kotr\u00f3g\u00e9p tart\u00e1lyv\u00e1g\u00f3-sz\u00edv\u00f3hengerek alkalmaz\u00e1sa:<\/strong><\/h2>\n<p><img loading=\"lazy\" decoding=\"async\" class=\"alignnone wp-image-1757 size-full\" src=\"https:\/\/hydraulic-cylinders.net\/wp-content\/uploads\/2023\/10\/dredger-tank-cylinder-1.webp\" alt=\"\" width=\"600\" height=\"400\" srcset=\"https:\/\/hydraulic-cylinders.net\/wp-content\/uploads\/2023\/10\/dredger-tank-cylinder-1.webp 600w, https:\/\/hydraulic-cylinders.net\/wp-content\/uploads\/2023\/10\/dredger-tank-cylinder-1-480x320.webp 480w\" sizes=\"(min-width: 0px) and (max-width: 480px) 480px, (min-width: 481px) 600px, 100vw\" \/><\/p>\n<h2><strong>A v\u00e1g\u00f3sz\u00edv\u00f3 kotr\u00f3g\u00e9p c\u00f6l\u00f6phenger\u00e9nek haszn\u00e1lati m\u00f3dja<\/strong><strong>:<\/strong><\/h2>\n<ul>\n<li><strong>K\u00e9sz\u00edtm\u00e9ny:<\/strong> A c\u00f6l\u00f6pver\u00e9si m\u0171velet megkezd\u00e9se el\u0151tt gy\u0151z\u0151dj\u00f6n meg arr\u00f3l, hogy betartotta az \u00f6sszes biztons\u00e1gi el\u0151\u00edr\u00e1st. Ellen\u0151rizze a c\u00f6l\u00f6pver\u0151 hengert, annak csatlakoz\u00e1sait \u00e9s a hidraulikus rendszert s\u00e9r\u00fcl\u00e9s vagy sziv\u00e1rg\u00e1s jelei szempontj\u00e1b\u00f3l. Gy\u0151z\u0151dj\u00f6n meg arr\u00f3l, hogy a hidraulikus \u00e1ramforr\u00e1s megfelel\u0151en van csatlakoztatva \u00e9s m\u0171k\u00f6dik.<\/li>\n<li><strong>Elhelyezked\u00e9s:<\/strong> Helyezze a kotr\u00f3g\u00e9p c\u00f6l\u00f6pver\u0151 henger\u00e9t a k\u00edv\u00e1nt c\u00f6l\u00f6pver\u00e9si helyre. Igaz\u00edtsa a c\u00e9lter\u00fclethez, biztos\u00edtva a megfelel\u0151 stabilit\u00e1st \u00e9s al\u00e1t\u00e1maszt\u00e1st.<\/li>\n<li><strong>Kapcsolat:<\/strong> Csatlakoztassa a c\u00f6l\u00f6phengert a hidraulikus \u00e1ramforr\u00e1shoz kompatibilis csatlakoz\u00f3kkal \u00e9s t\u00f6ml\u0151kkel. Gy\u0151z\u0151dj\u00f6n meg arr\u00f3l, hogy a csatlakoz\u00e1sok biztons\u00e1gosak \u00e9s sziv\u00e1rg\u00e1smentesek.<\/li>\n<li><strong>L\u00f6kethossz be\u00e1ll\u00edt\u00e1sa:<\/strong> \u00c1ll\u00edtsa be a k\u00edv\u00e1nt l\u00f6kethosszt a c\u00f6l\u00f6pver\u0151 hengeren, figyelembe v\u00e9ve a c\u00f6l\u00f6pver\u00e9shez sz\u00fcks\u00e9ges m\u00e9lys\u00e9get. \u00c1ll\u00edtsa be a l\u00f6kethosszt a mell\u00e9kelt vez\u00e9rl\u0151k vagy mechanizmusok seg\u00edts\u00e9g\u00e9vel, a gy\u00e1rt\u00f3 utas\u00edt\u00e1sait k\u00f6vetve.<\/li>\n<li><strong>C\u00f6l\u00f6pver\u00e9s m\u0171velet:<\/strong> Aktiv\u00e1lja a hidraulikus er\u0151forr\u00e1st a c\u00f6l\u00f6pver\u00e9s megkezd\u00e9s\u00e9hez. A kotr\u00f3henger a c\u00f6l\u00f6p\u00f6ket a tengerfen\u00e9kbe vagy a foly\u00f3mederbe k\u00e9nyszer\u00edti. Figyelje szorosan a folyamatot, \u00fcgyelve a k\u00edv\u00e1nt m\u00e9lys\u00e9g \u00e9s pontoss\u00e1g el\u00e9r\u00e9s\u00e9re.<\/li>\n<\/ul>\n<h2><strong>Hogyan kell \u00fajracsomagolni a hidraulikus hengert?<\/strong><\/h2>\n<p>A hidraulikus henger \u00fajracsomagol\u00e1sa mag\u00e1ban foglalja a t\u00f6m\u00edt\u00e9sek \u00e9s egy\u00e9b alkatr\u00e9szek cser\u00e9j\u00e9t a m\u0171k\u00f6d\u00e9s helyre\u00e1ll\u00edt\u00e1sa \u00e9s a sziv\u00e1rg\u00e1sok megel\u0151z\u00e9se \u00e9rdek\u00e9ben. \u00cdme egy \u00e1ltal\u00e1nos \u00fatmutat\u00f3 a hidraulikus henger \u00fajracsomagol\u00e1s\u00e1hoz:<\/p>\n<ol>\n<li><strong>Biztons\u00e1gi \u00f3vint\u00e9zked\u00e9sek:<\/strong>\n<ul>\n<li>Gy\u0151z\u0151dj\u00f6n meg arr\u00f3l, hogy a hidraulikus rendszer nyom\u00e1smentes, \u00e9s a henger teljesen ki van h\u00fazva.<\/li>\n<li>A rendszer v\u00e9letlen aktiv\u00e1l\u00e1s\u00e1nak elker\u00fcl\u00e9se \u00e9rdek\u00e9ben k\u00f6vesse a megfelel\u0151 kiz\u00e1r\u00e1si\/kijel\u00f6l\u00e9si elj\u00e1r\u00e1sokat.<\/li>\n<\/ul>\n<\/li>\n<li><strong>Henger elt\u00e1vol\u00edt\u00e1sa:<\/strong>\n<ul>\n<li>V\u00e1lasszon le minden, a hengerhez csatlakoztatott hidraulikus t\u00f6ml\u0151t vagy szerelv\u00e9nyt.<\/li>\n<li>T\u00e1vol\u00edtsa el a hengert a berendez\u00e9shez r\u00f6gz\u00edt\u0151 r\u00f6gz\u00edt\u0151csapokat vagy csavarokat.<\/li>\n<li>\u00d3vatosan cs\u00fasztassa vagy mozgassa a hengert a r\u00f6gz\u00edt\u0151konzolokb\u00f3l vagy csatlakoz\u00e1sokb\u00f3l.<\/li>\n<\/ul>\n<\/li>\n<li><strong>Sz\u00e9tszerel\u00e9s:<\/strong>\n<ul>\n<li>Helyezze a hengert egy tiszta munkafel\u00fcletre.<\/li>\n<li>T\u00e1vol\u00edtsa el a henger z\u00e1r\u00f3sapk\u00e1j\u00e1t (z\u00e1r\u00f3sapk\u00e1it) megfelel\u0151 szersz\u00e1mokkal, p\u00e9ld\u00e1ul vill\u00e1skulcsokkal vagy dug\u00f3kulcsk\u00e9szletekkel.<\/li>\n<li>A sz\u00e9tszerel\u00e9s sor\u00e1n \u00fcgyeljen az alkatr\u00e9szek sorrendj\u00e9re \u00e9s ir\u00e1ny\u00e1ra.<\/li>\n<li>T\u00e1vol\u00edtsa el a dugatty\u00fat, a rudat \u00e9s a t\u00f6m\u00edt\u00e9seket a hengerfejb\u0151l.<\/li>\n<\/ul>\n<\/li>\n<li><strong>T\u00f6m\u00edt\u00e9scsere:<\/strong>\n<ul>\n<li>Vizsg\u00e1lja meg a r\u00e9gi t\u00f6m\u00edt\u00e9seket s\u00e9r\u00fcl\u00e9s vagy kop\u00e1s szempontj\u00e1b\u00f3l, \u00e9s cser\u00e9lje ki \u0151ket azonos m\u00e9ret\u0171 \u00e9s t\u00edpus\u00fa \u00fajakra.<\/li>\n<li>Az \u00faj t\u00f6m\u00edt\u00e9seket beszerel\u00e9s el\u0151tt kenje be hidraulikaolajjal.<\/li>\n<li>\u00d3vatosan helyezze be az \u00faj t\u00f6m\u00edt\u00e9seket a hornyokba, \u00fcgyelve a megfelel\u0151 illeszked\u00e9sre.<\/li>\n<\/ul>\n<\/li>\n<li><strong>Alkatr\u00e9szek ellen\u0151rz\u00e9se \u00e9s tiszt\u00edt\u00e1sa:<\/strong>\n<ul>\n<li>Vizsg\u00e1lja meg a dugatty\u00fat, a rudat \u00e9s az egy\u00e9b alkatr\u00e9szeket s\u00e9r\u00fcl\u00e9s vagy kop\u00e1s jelei szempontj\u00e1b\u00f3l.<\/li>\n<li>Alaposan tiszt\u00edtsa meg az \u00f6sszes alkatr\u00e9szt megfelel\u0151 tiszt\u00edt\u00f3szerrel a szennyez\u0151d\u00e9sek, t\u00f6rmel\u00e9kek \u00e9s hidraulikafolyad\u00e9k maradv\u00e1nyok elt\u00e1vol\u00edt\u00e1sa \u00e9rdek\u00e9ben.<\/li>\n<li>\u00d6sszeszerel\u00e9s el\u0151tt gy\u0151z\u0151dj\u00f6n meg r\u00f3la, hogy minden fel\u00fclet sz\u00e1raz.<\/li>\n<\/ul>\n<\/li>\n<li><strong>\u00dajb\u00f3li \u00f6sszeszerel\u00e9s:<\/strong>\n<ul>\n<li>Szerelje vissza a dugatty\u00fat, a rudat \u00e9s a t\u00f6m\u00edt\u00e9seket a hengerbe, a helyes sorrendet \u00e9s ir\u00e1nyt betartva.<\/li>\n<li>Vigyen fel egy v\u00e9kony r\u00e9teg hidraulikaolajat a t\u00f6m\u00edt\u00e9sekre \u00e9s m\u00e1s \u00e9rintkez\u0151 fel\u00fcletekre.<\/li>\n<li>\u00d3vatosan helyezze vissza a z\u00e1r\u00f3sapk\u00e1t (z\u00e1r\u00f3sapk\u00e1kat), \u00e9s h\u00fazza meg azokat biztons\u00e1gosan a gy\u00e1rt\u00f3 el\u0151\u00edr\u00e1sainak megfelel\u0151en.<\/li>\n<li>Gy\u0151z\u0151dj\u00f6n meg arr\u00f3l, hogy minden menetes csatlakoz\u00e1s megfelel\u0151en illeszkedik \u00e9s meg van h\u00fazva.<\/li>\n<\/ul>\n<\/li>\n<li><strong>Henger \u00fajratelep\u00edt\u00e9se:<\/strong>\n<ul>\n<li>Cs\u00fasztassa vagy mozgassa az \u00f6sszeszerelt hengert vissza a r\u00f6gz\u00edt\u0151konzolokba vagy csatlakoz\u00f3kba.<\/li>\n<li>Szerelje vissza a r\u00f6gz\u00edt\u0151csapokat vagy csavarokat a henger r\u00f6gz\u00edt\u00e9s\u00e9hez.<\/li>\n<li>Csatlakoztassa \u00fajra a hidraulikus t\u00f6ml\u0151ket vagy szerelv\u00e9nyeket a hengerhez, \u00fcgyelve a megfelel\u0151 illeszt\u00e9sre \u00e9s szoross\u00e1gra.<\/li>\n<\/ul>\n<\/li>\n<li><strong>Vizsg\u00e1lat \u00e9s ellen\u0151rz\u00e9s:<\/strong>\n<ul>\n<li>Nyom\u00e1st kell vissza\u00e1ll\u00edtani a hidraulikus rendszerben, \u00e9s ellen\u0151rizni kell, hogy nincs-e sziv\u00e1rg\u00e1s vagy rendellenes m\u0171k\u00f6d\u00e9s.<\/li>\n<li>A hengert teljesen ki kell h\u00fazni \u00e9s be kell h\u00fazni a sima mozg\u00e1s \u00e9s a megfelel\u0151 m\u0171k\u00f6d\u00e9s biztos\u00edt\u00e1sa \u00e9rdek\u00e9ben.<\/li>\n<li>Vizsg\u00e1lja meg a hengert \u00e9s a csatlakoz\u00e1sait sziv\u00e1rg\u00e1s vagy egy\u00e9b probl\u00e9m\u00e1k szempontj\u00e1b\u00f3l.<\/li>\n<\/ul>\n<\/li>\n<\/ol>\n<h2><strong>A gy\u00e1r kapacit\u00e1sa \u00e9s kapacit\u00e1sa:<\/strong><\/h2>\n<h3>(1) \u00d6sszeszerel\u00e9s<\/h3>\n<p>Els\u0151 oszt\u00e1ly\u00fa f\u00fcggetlen kutat\u00e1si \u00e9s fejleszt\u00e9si \u00f6sszeszerel\u00e9si platformmal rendelkez\u00fcnk. A hidraulikus hengergy\u00e1rt\u00f3 m\u0171hely n\u00e9gy f\u00e9lautomata emel\u0151henger-\u00f6sszeszerel\u0151 sorral \u00e9s egy automata billen\u0151henger-\u00f6sszeszerel\u0151 sorral rendelkezik, tervezett \u00e9ves gy\u00e1rt\u00e1si kapacit\u00e1sa 1 milli\u00f3 darab. A speci\u00e1lis henger m\u0171hely k\u00fcl\u00f6nb\u00f6z\u0151 specifik\u00e1ci\u00f3j\u00fa f\u00e9lautomata tiszt\u00edt\u00f3 \u00f6sszeszerel\u0151 rendszerrel van felszerelve, amelynek tervezett \u00e9ves termel\u00e9si kapacit\u00e1sa 200.000, \u00e9s h\u00edres CNC megmunk\u00e1l\u00f3 berendez\u00e9ssel, megmunk\u00e1l\u00f3 k\u00f6zponttal, nagy pontoss\u00e1g\u00fa hengerfeldolgoz\u00f3 speci\u00e1lis berendez\u00e9ssel, robothegeszt\u0151 g\u00e9ppel, automatikus tiszt\u00edt\u00f3g\u00e9ppel, automatikus henger \u00f6sszeszerel\u0151 g\u00e9ppel \u00e9s automatikus fest\u00e9si gy\u00e1rt\u00f3sorral van felszerelve. A megl\u00e9v\u0151 kritikus berendez\u00e9sek t\u00f6bb mint 300 k\u00e9szlet (k\u00e9szlet). A berendez\u00e9sek er\u0151forr\u00e1sainak optim\u00e1lis eloszt\u00e1sa \u00e9s hat\u00e9kony felhaszn\u00e1l\u00e1sa biztos\u00edtja a term\u00e9kek pontoss\u00e1gi k\u00f6vetelm\u00e9nyeit \u00e9s megfelel a term\u00e9kek min\u0151s\u00e9gi ig\u00e9nyeinek.<\/p>\n<p><img loading=\"lazy\" decoding=\"async\" class=\"alignnone wp-image-626\" src=\"https:\/\/hydraulic-cylinders.net\/wp-content\/uploads\/2023\/08\/hydraulic-cylinder-product-1-300x158.webp\" alt=\"\" width=\"495\" height=\"260\" srcset=\"https:\/\/hydraulic-cylinders.net\/wp-content\/uploads\/2023\/08\/hydraulic-cylinder-product-1-300x158.webp 495w, https:\/\/hydraulic-cylinders.net\/wp-content\/uploads\/2023\/08\/hydraulic-cylinder-product-1-480x252.webp 480w\" sizes=\"(min-width: 0px) and (max-width: 480px) 480px, (min-width: 481px) 495px, 100vw\" \/> <img loading=\"lazy\" decoding=\"async\" class=\"alignnone wp-image-627\" src=\"https:\/\/hydraulic-cylinders.net\/wp-content\/uploads\/2023\/08\/hydraulic-cylinder-product-2-300x189.webp\" alt=\"\" width=\"413\" height=\"260\" \/><\/p>\n<h3>(2) Megmunk\u00e1l\u00e1s<\/h3>\n<p>A megmunk\u00e1l\u00f3m\u0171hely egyedi, ferde s\u00edneszterg\u00e1l\u00f3 k\u00f6zponttal, megmunk\u00e1l\u00f3k\u00f6zponttal, nagysebess\u00e9g\u0171 h\u00f3nol\u00f3g\u00e9ppel, hegeszt\u0151robottal \u00e9s egy\u00e9b kapcsol\u00f3d\u00f3 berendez\u00e9sekkel van felszerelve, amelyek legfeljebb 400 mm bels\u0151 \u00e1tm\u00e9r\u0151j\u0171 \u00e9s legfeljebb 6 m\u00e9ter hossz\u00fa hengercs\u00f6vek megmunk\u00e1l\u00e1s\u00e1ra k\u00e9pesek.<\/p>\n<p><img loading=\"lazy\" decoding=\"async\" class=\"alignnone wp-image-628 size-large\" src=\"https:\/\/hydraulic-cylinders.net\/wp-content\/uploads\/2023\/08\/hydraulic-cylinder-product-3-1024x391.webp\" alt=\"\" width=\"1024\" height=\"391\" srcset=\"https:\/\/hydraulic-cylinders.net\/wp-content\/uploads\/2023\/08\/hydraulic-cylinder-product-3-980x374.webp 980w, https:\/\/hydraulic-cylinders.net\/wp-content\/uploads\/2023\/08\/hydraulic-cylinder-product-3-480x183.webp 480w\" sizes=\"(min-width: 0px) and (max-width: 480px) 480px, (min-width: 481px) and (max-width: 980px) 980px, (min-width: 981px) 1024px, 100vw\" \/><\/p>\n<h3>(3) Hegeszt\u00e9s<\/h3>\n<p><img loading=\"lazy\" decoding=\"async\" class=\"alignnone wp-image-629 size-large\" src=\"https:\/\/hydraulic-cylinders.net\/wp-content\/uploads\/2023\/08\/hydraulic-cylinder-product-4-1024x510.webp\" alt=\"\" width=\"1024\" height=\"510\" srcset=\"https:\/\/hydraulic-cylinders.net\/wp-content\/uploads\/2023\/08\/hydraulic-cylinder-product-4-980x488.webp 980w, https:\/\/hydraulic-cylinders.net\/wp-content\/uploads\/2023\/08\/hydraulic-cylinder-product-4-480x239.webp 480w\" sizes=\"(min-width: 0px) and (max-width: 480px) 480px, (min-width: 481px) and (max-width: 980px) 980px, (min-width: 981px) 1024px, 100vw\" \/><\/p>\n<h3>(4) Fest\u00e9s \u00e9s bevonatol\u00e1s<\/h3>\n<p>Kis \u00e9s k\u00f6zepes m\u00e9ret\u0171 hengeres automatikus v\u00edzb\u00e1zis\u00fa fest\u00e9kbevon\u00f3 sorokkal, az automatikus robot be- \u00e9s kirakod\u00e1s, valamint az automatikus permetez\u00e9s megval\u00f3s\u00edt\u00e1s\u00e1hoz, a tervez\u00e9si kapacit\u00e1s m\u0171szakonk\u00e9nt 4000 darab;<br \/>\nRendelkez\u00fcnk egy f\u00e9lautomata fest\u00e9kgy\u00e1rt\u00f3sorral is nagym\u00e9ret\u0171 palackokhoz, amelyet egy er\u0151\u00e1tviteli l\u00e1nc hajt, m\u0171szakonk\u00e9nt 60 doboz tervez\u00e9si kapacit\u00e1ssal.<\/p>\n<p><img loading=\"lazy\" decoding=\"async\" class=\"alignnone wp-image-630\" src=\"https:\/\/hydraulic-cylinders.net\/wp-content\/uploads\/2023\/08\/hydraulic-cylinder-product-5-300x213.webp\" alt=\"\" width=\"366\" height=\"260\" \/> <img loading=\"lazy\" decoding=\"async\" class=\"alignnone wp-image-631\" src=\"https:\/\/hydraulic-cylinders.net\/wp-content\/uploads\/2023\/08\/hydraulic-cylinder-product-6-300x225.webp\" alt=\"\" width=\"347\" height=\"260\" \/><\/p>\n<h3>(5) Tesztel\u00e9s<\/h3>\n<p>Els\u0151 oszt\u00e1ly\u00fa ellen\u0151rz\u0151 l\u00e9tes\u00edtm\u00e9nyekkel \u00e9s tesztpadokkal rendelkez\u00fcnk annak biztos\u00edt\u00e1s\u00e1ra, hogy a palack teljes\u00edtm\u00e9nye megfeleljen a k\u00f6vetelm\u00e9nyeknek.<\/p>\n<p><img loading=\"lazy\" decoding=\"async\" class=\"alignnone wp-image-632\" src=\"https:\/\/hydraulic-cylinders.net\/wp-content\/uploads\/2023\/08\/hydraulic-cylinder-product-8-300x200.webp\" alt=\"\" width=\"389\" height=\"260\" \/><\/p>\n<p>&nbsp;<\/p>\n<p>&nbsp;<\/p>\n<p>Mi vagyunk az egyik legjobb hidraulikus henger gy\u00e1rt\u00f3. \u00c1tfog\u00f3 hidraulikus hengereket k\u00edn\u00e1lunk. Megfelel\u0151 szolg\u00e1ltat\u00e1sokat is biztos\u00edtunk. <a href=\"https:\/\/hzpt.com\/agricultural-pto-gearbox\/\" target=\"_blank\" rel=\"noopener\">mez\u0151gazdas\u00e1gi sebess\u00e9gv\u00e1lt\u00f3k<\/a>Term\u00e9keinket vil\u00e1gszerte export\u00e1ltuk \u00fcgyfeleinknek, \u00e9s kiv\u00e1l\u00f3 term\u00e9kmin\u0151s\u00e9g\u00fcnknek \u00e9s \u00e9rt\u00e9kes\u00edt\u00e9s ut\u00e1ni szolg\u00e1ltat\u00e1sunknak k\u00f6sz\u00f6nhet\u0151en j\u00f3 h\u00edrnevet szerezt\u00fcnk. Szeretettel v\u00e1rjuk belf\u00f6ldi \u00e9s k\u00fclf\u00f6ldi \u00fcgyfeleinket, hogy \u00fczleti t\u00e1rgyal\u00e1sok, inform\u00e1ci\u00f3csere \u00e9s egy\u00e9b lehet\u0151s\u00e9gek c\u00e9lj\u00e1b\u00f3l kapcsolatba l\u00e9pjenek vel\u00fcnk. <a href=\"https:\/\/www.hydraulic-cylinders.net\/hu\/contact-us\/\">egy\u00fcttm\u0171k\u00f6dni vel\u00fcnk<\/a>!<\/p>","protected":false},"excerpt":{"rendered":"<p>Cutter Suction Dredger Piling Cylinder The cutter suction dredger piling cylinder is a powerful and versatile hydraulic device designed specifically for marine construction projects. With its robust construction and high-performance capabilities, this piling cylinder is a key component in modern dredging operations. The cutter suction dredger piling cylinder is a reliable and versatile hydraulic device [&hellip;]<\/p>","protected":false},"featured_media":1760,"comment_status":"open","ping_status":"closed","template":"","meta":{"_et_pb_use_builder":"","_et_pb_old_content":"","_et_gb_content_width":""},"product_brand":[],"product_cat":[1535,1549,1552,1376],"product_tag":[1380],"class_list":{"0":"post-1758","1":"product","2":"type-product","3":"status-publish","4":"has-post-thumbnail","6":"product_cat-dredger-hydraulic-cylinders","7":"product_cat-single-acting-hydraulic-cylinder","8":"product_cat-stainless-steel-hydraulic-cylinder","9":"product_cat-hydraulic-cylinder","10":"product_tag-hydraulic-cylinder","12":"first","13":"instock","14":"shipping-taxable","15":"product-type-simple"},"amp_enabled":true,"_links":{"self":[{"href":"https:\/\/www.hydraulic-cylinders.net\/hu\/wp-json\/wp\/v2\/product\/1758","targetHints":{"allow":["GET"]}}],"collection":[{"href":"https:\/\/www.hydraulic-cylinders.net\/hu\/wp-json\/wp\/v2\/product"}],"about":[{"href":"https:\/\/www.hydraulic-cylinders.net\/hu\/wp-json\/wp\/v2\/types\/product"}],"replies":[{"embeddable":true,"href":"https:\/\/www.hydraulic-cylinders.net\/hu\/wp-json\/wp\/v2\/comments?post=1758"}],"wp:featuredmedia":[{"embeddable":true,"href":"https:\/\/www.hydraulic-cylinders.net\/hu\/wp-json\/wp\/v2\/media\/1760"}],"wp:attachment":[{"href":"https:\/\/www.hydraulic-cylinders.net\/hu\/wp-json\/wp\/v2\/media?parent=1758"}],"wp:term":[{"taxonomy":"product_brand","embeddable":true,"href":"https:\/\/www.hydraulic-cylinders.net\/hu\/wp-json\/wp\/v2\/product_brand?post=1758"},{"taxonomy":"product_cat","embeddable":true,"href":"https:\/\/www.hydraulic-cylinders.net\/hu\/wp-json\/wp\/v2\/product_cat?post=1758"},{"taxonomy":"product_tag","embeddable":true,"href":"https:\/\/www.hydraulic-cylinders.net\/hu\/wp-json\/wp\/v2\/product_tag?post=1758"}],"curies":[{"name":"munkaf\u00fczet","href":"https:\/\/api.w.org\/{rel}","templated":true}]}}