{"id":17589,"date":"2025-03-18T06:09:41","date_gmt":"2025-03-18T06:09:41","guid":{"rendered":"https:\/\/www.hydraulic-cylinders.net\/?post_type=product&#038;p=17589"},"modified":"2025-04-11T01:44:55","modified_gmt":"2025-04-11T01:44:55","slug":"lift-hydraulic-cylinders-for-large-forklift","status":"publish","type":"product","link":"https:\/\/www.hydraulic-cylinders.net\/hu\/termek\/lift-hydraulic-cylinders-for-large-forklift\/","title":{"rendered":"Emelje fel a hidraulikus hengereket nagy targonc\u00e1hoz"},"content":{"rendered":"<h1 style=\"text-align: center;\"><strong>Emelje fel a hidraulikus hengereket nagy targonc\u00e1hoz<\/strong><\/h1>\n<p>Az emel\u0151hidraulikus munkahengerek kulcsfontoss\u00e1g\u00fa alkatr\u00e9szek a nagy targonc\u00e1kban, mivel lehet\u0151v\u00e9 teszik sz\u00e1mukra az alapvet\u0151 emel\u00e9si \u00e9s s\u00fcllyeszt\u00e9si funkci\u00f3k ell\u00e1t\u00e1s\u00e1t. Ezek a munkahengerek biztos\u00edtj\u00e1k a sz\u00fcks\u00e9ges teljes\u00edtm\u00e9nyt a neh\u00e9z terhek hat\u00e9kony kezel\u00e9s\u00e9hez, biztos\u00edtva a z\u00f6kken\u0151mentes m\u0171k\u00f6d\u00e9st k\u00fcl\u00f6nf\u00e9le ipari k\u00f6rnyezetben. Robusztus kialak\u00edt\u00e1suknak \u00e9s nagy teljes\u00edtm\u00e9ny\u00fcknek k\u00f6sz\u00f6nhet\u0151en az emel\u0151hidraulikus munkahengerek n\u00f6velik a termel\u00e9kenys\u00e9get \u00e9s a biztons\u00e1got az anyagmozgat\u00e1s sor\u00e1n.<\/p>\n<p>A nagy targonc\u00e1khoz val\u00f3 kiv\u00e1l\u00f3 min\u0151s\u00e9g\u0171 emel\u0151hidraulikus munkahengerekbe val\u00f3 befektet\u00e9s jelent\u0151sen n\u00f6veli a m\u0171k\u00f6d\u00e9si hat\u00e9konys\u00e1got \u00e9s a biztons\u00e1got. A jellemz\u0151k, a megfelel\u0151 haszn\u00e1lat \u00e9s a karbantart\u00e1si k\u00f6vetelm\u00e9nyek meg\u00e9rt\u00e9s\u00e9vel a kezel\u0151k biztos\u00edthatj\u00e1k, hogy ezek a munkahengerek \u00e1lland\u00f3 teljes\u00edtm\u00e9nyt \u00e9s hossz\u00fa \u00e9lettartamot biztos\u00edtsanak. A megfelel\u0151 emel\u0151hidraulikus munkahengerekkel a v\u00e1llalkoz\u00e1sok optimaliz\u00e1lhatj\u00e1k anyagmozgat\u00e1si folyamataikat, ami a termel\u00e9kenys\u00e9g n\u00f6veked\u00e9s\u00e9hez \u00e9s az \u00e1ll\u00e1sid\u0151 cs\u00f6kken\u00e9s\u00e9hez vezet.<\/p>\n<h1 style=\"text-align: center;\"><img loading=\"lazy\" decoding=\"async\" class=\"alignnone wp-image-17590\" src=\"https:\/\/www.hydraulic-cylinders.net\/wp-content\/uploads\/2025\/03\/Lift-hydraulic-cylinders-for-large-forklift.jpg\" alt=\"\" width=\"500\" height=\"500\" srcset=\"https:\/\/www.hydraulic-cylinders.net\/wp-content\/uploads\/2025\/03\/Lift-hydraulic-cylinders-for-large-forklift.jpg 500w, https:\/\/www.hydraulic-cylinders.net\/wp-content\/uploads\/2025\/03\/Lift-hydraulic-cylinders-for-large-forklift-480x480.jpg 480w\" sizes=\"(min-width: 0px) and (max-width: 480px) 480px, (min-width: 481px) 500px, 100vw\" \/><\/h1>\n<p style=\"text-align: center;\"><strong>Emelje fel a hidraulikus hengereket nagy targonc\u00e1hoz<\/strong><\/p>\n<h2><strong>Nagy targonca hidraulikus henger sorozat:\u00a0<\/strong><\/h2>\n<h2><img loading=\"lazy\" decoding=\"async\" class=\"alignnone size-full wp-image-17582\" src=\"https:\/\/www.hydraulic-cylinders.net\/wp-content\/uploads\/2025\/03\/large-forklift-hydraulic-cylinder-construction.webp\" alt=\"\" width=\"1100\" height=\"615\" srcset=\"https:\/\/www.hydraulic-cylinders.net\/wp-content\/uploads\/2025\/03\/large-forklift-hydraulic-cylinder-construction.webp 1100w, https:\/\/www.hydraulic-cylinders.net\/wp-content\/uploads\/2025\/03\/large-forklift-hydraulic-cylinder-construction-980x548.webp 980w, https:\/\/www.hydraulic-cylinders.net\/wp-content\/uploads\/2025\/03\/large-forklift-hydraulic-cylinder-construction-480x268.webp 480w\" sizes=\"(min-width: 0px) and (max-width: 480px) 480px, (min-width: 481px) and (max-width: 980px) 980px, (min-width: 981px) 1100px, 100vw\" \/><\/h2>\n<h2><strong>Emel\u0151 hidraulikus hengerek nagy targonc\u00e1hoz nagy targonc\u00e1hoz <\/strong><strong>M\u0171szaki adatok<\/strong><strong>:<\/strong><\/h2>\n<p><strong>Funkci\u00f3:<\/strong> A port\u00e1l emel\u0151 \u00e9s s\u00fcllyeszt\u0151 m\u0171k\u00f6d\u00e9s\u00e9nek el\u00e9r\u00e9s\u00e9hez<br \/>\n<strong>Henger \u00e1tm\u00e9r\u0151je:<\/strong> 65 mm-190 mm<br \/>\n<strong>R\u00fad \u00e1tm\u00e9r\u0151je:<\/strong> 50 mm-160 mm<br \/>\n<strong>Utaz\u00e1si:<\/strong> 100 mm-3490 mm<br \/>\n<strong>Maxim\u00e1lis nyom\u00e1s:<\/strong> 21MPa<br \/>\n<strong>Maxim\u00e1lis tol\u00f3er\u0151:<\/strong> 596KN<\/p>\n<h2><strong>A nagy targonc\u00e1k hidraulikus hengereinek f\u0151bb jellemz\u0151i<\/strong><strong>:<\/strong><\/h2>\n<ul>\n<li><strong>Nagy teherb\u00edr\u00e1s<\/strong>Ezek az emel\u0151hidraulikus munkahengerek jelent\u0151s s\u00falyok elvisel\u00e9s\u00e9re lettek tervezve, \u00edgy ide\u00e1lisak nagy ig\u00e9nybev\u00e9tel\u0171 alkalmaz\u00e1sokhoz. Robusztus kialak\u00edt\u00e1suk biztos\u00edtja a megb\u00edzhat\u00f3 m\u0171k\u00f6d\u00e9st m\u00e9g extr\u00e9m terhel\u00e9sek eset\u00e9n is, lehet\u0151v\u00e9 t\u00e9ve a targonc\u00e1k sz\u00e1m\u00e1ra, hogy nagy raklapokat \u00e9s anyagokat magabiztosan kezeljenek. Ez a k\u00e9pess\u00e9g jelent\u0151sen n\u00f6veli a munkahelyi hat\u00e9konys\u00e1got az\u00e1ltal, hogy minimaliz\u00e1lja a m\u0171k\u00f6d\u00e9si hib\u00e1k kock\u00e1zat\u00e1t a neh\u00e9z feladatok sor\u00e1n.<\/li>\n<li><strong>Tart\u00f3s konstrukci\u00f3<\/strong>Pr\u00e9mium min\u0151s\u00e9g\u0171 anyagokb\u00f3l k\u00e9sz\u00fclt, ezek a hidraulikus munkahengerek zord munkak\u00f6rnyezetek elvisel\u00e9s\u00e9re k\u00e9sz\u00fcltek. Kop\u00e1s-, korr\u00f3zi\u00f3- \u00e9s f\u00e1rad\u00e1s\u00e1ll\u00f3s\u00e1guk meghosszabb\u00edtja a henger \u00e9lettartam\u00e1t, cs\u00f6kkentve a gyakori cser\u00e9k sz\u00fcks\u00e9gess\u00e9g\u00e9t. Ez a tart\u00f3ss\u00e1g alacsonyabb karbantart\u00e1si k\u00f6lts\u00e9geket \u00e9s megn\u00f6vekedett \u00fczemid\u0151t eredm\u00e9nyez, \u00edgy intelligens befektet\u00e9snek sz\u00e1m\u00edtanak b\u00e1rmilyen ipari tev\u00e9kenys\u00e9g sz\u00e1m\u00e1ra.<\/li>\n<li><strong>Sokoldal\u00fa m\u00e9retek<\/strong>Ezek az emel\u0151hidraulikus munkahengerek sz\u00e9les \u00e1tm\u00e9r\u0151- \u00e9s l\u00f6kethossz-v\u00e1laszt\u00e9kban kaphat\u00f3k, \u00e9s a k\u00fcl\u00f6nb\u00f6z\u0151 targoncamodellek \u00e9s alkalmaz\u00e1sok speci\u00e1lis ig\u00e9nyeihez igaz\u00edthat\u00f3k. Ez a sokoldal\u00fas\u00e1g biztos\u00edtja, hogy z\u00f6kken\u0151mentesen integr\u00e1lhat\u00f3k legyenek k\u00fcl\u00f6nf\u00e9le rendszerekbe, rugalmass\u00e1got biztos\u00edtva a k\u00fcl\u00f6nf\u00e9le rakom\u00e1nyokat \u00e9s anyagokat kezel\u0151 v\u00e1llalkoz\u00e1sok sz\u00e1m\u00e1ra.<\/li>\n<li><strong>Hat\u00e9kony teljes\u00edtm\u00e9ny<\/strong>Az optim\u00e1lis funkcionalit\u00e1sra tervezett hidraulikus munkahengerek gyors emel\u00e9si \u00e9s s\u00fcllyeszt\u00e9si m\u0171veleteket tesznek lehet\u0151v\u00e9. Ez a hat\u00e9konys\u00e1g minimaliz\u00e1lja a ciklusid\u0151ket, lehet\u0151v\u00e9 t\u00e9ve a kezel\u0151k sz\u00e1m\u00e1ra, hogy gyorsabban \u00e9s hat\u00e9konyabban v\u00e9gezz\u00e9k el a feladatokat. A jobb munkafolyamat nemcsak n\u00f6veli a termel\u00e9kenys\u00e9get, hanem jav\u00edtja a targonca \u00e1ltal\u00e1nos m\u0171k\u00f6d\u00e9si hat\u00e9konys\u00e1g\u00e1t is, \u00edgy l\u00e9tfontoss\u00e1g\u00fa eszk\u00f6zz\u00e9 v\u00e1lik az anyagmozgat\u00e1sban.<\/li>\n<li><strong>Nagy nyom\u00e1sbesorol\u00e1s<\/strong>Ezek a munkahengerek k\u00e9pesek magas nyom\u00e1son m\u0171k\u00f6dni, \u00edgy hat\u00e9kony tol\u00f3er\u0151t \u00e9s stabilit\u00e1st biztos\u00edtanak emel\u00e9si m\u0171veletek sor\u00e1n. Nagy nyom\u00e1sbesorol\u00e1suk lehet\u0151v\u00e9 teszi a neh\u00e9z terhek biztons\u00e1gos kezel\u00e9s\u00e9t a teljes\u00edtm\u00e9ny fel\u00e1ldoz\u00e1sa n\u00e9lk\u00fcl. Ez a megb\u00edzhat\u00f3s\u00e1g elengedhetetlen a munkahelyi biztons\u00e1gi el\u0151\u00edr\u00e1sok betart\u00e1s\u00e1hoz, nyugalmat biztos\u00edtva a kezel\u0151knek, mik\u00f6zben nagy mennyis\u00e9g\u0171 anyaggal dolgoznak.<\/li>\n<\/ul>\n<h2><strong>Haszn\u00e1lati esetek nagy targonca emel\u0151hidraulikus hengereihez:<\/strong><\/h2>\n<h3><strong>1. Rakt\u00e1roz\u00e1s \u00e9s disztrib\u00faci\u00f3<\/strong><\/h3>\n<p>A rakt\u00e1rakban a hidraulikus emel\u0151hengerekkel felszerelt nagym\u00e9ret\u0171 targonc\u00e1k elengedhetetlenek a neh\u00e9z raklapok egym\u00e1sra rak\u00e1s\u00e1hoz \u00e9s visszakeres\u00e9s\u00e9hez. Ezek a hengerek lehet\u0151v\u00e9 teszik a gyors emel\u00e9st \u00e9s s\u00fcllyeszt\u00e9st, \u00edgy a kezel\u0151k hat\u00e9konyan kezelhetik a k\u00e9szleteket \u00e9s optimaliz\u00e1lhatj\u00e1k a t\u00e1rol\u00f3helyet. Megk\u00f6nny\u00edtik a gyors be- \u00e9s kirakod\u00e1si folyamatokat, jelent\u0151sen jav\u00edtva az \u00f6ssztermel\u00e9kenys\u00e9get.<\/p>\n<h3><strong>2. \u00c9p\u00edt\u00e9si ter\u00fcletek<\/strong><\/h3>\n<p>Az \u00e9p\u00edtkez\u00e9seken az emel\u0151hidraulikus munkahengerek kritikus szerepet j\u00e1tszanak a neh\u00e9z anyagok, p\u00e9ld\u00e1ul ac\u00e9lgerend\u00e1k, betonblokkok \u00e9s berendez\u00e9sek mozgat\u00e1s\u00e1ban. Nagy teherb\u00edr\u00e1suk lehet\u0151v\u00e9 teszi a targonc\u00e1k sz\u00e1m\u00e1ra, hogy jelent\u0151s s\u00falyokat emeljenek biztons\u00e1gosan, biztos\u00edtva, hogy az anyagok k\u00e9sedelem n\u00e9lk\u00fcl a megfelel\u0151 helyre ker\u00fcljenek. Ez a k\u00e9pess\u00e9g jav\u00edtja a munkafolyamatot \u00e9s t\u00e1mogatja a projektek id\u0151ben t\u00f6rt\u00e9n\u0151 befejez\u00e9s\u00e9t.<\/p>\n<h3><strong>3. Gy\u00e1rt\u00f3\u00fczemek<\/strong><\/h3>\n<p>Gy\u00e1rt\u00e1si k\u00f6rnyezetben a nagym\u00e9ret\u0171, emel\u0151hidraulikus hengerekkel ell\u00e1tott targonc\u00e1k seg\u00edtik a nyersanyagok \u00e9s a k\u00e9szterm\u00e9kek sz\u00e1ll\u00edt\u00e1s\u00e1t a l\u00e9tes\u00edtm\u00e9ny k\u00fcl\u00f6nb\u00f6z\u0151 ter\u00fcletei k\u00f6z\u00f6tt. Ezek a hengerek lehet\u0151v\u00e9 teszik a rakom\u00e1ny pontos pozicion\u00e1l\u00e1s\u00e1t, ami l\u00e9tfontoss\u00e1g\u00fa az \u00f6sszeszerel\u0151 sorok \u00e9s a min\u0151s\u00e9gellen\u0151rz\u00e9si folyamatok szempontj\u00e1b\u00f3l. Hat\u00e9kony teljes\u00edtm\u00e9ny\u00fck cs\u00f6kkenti a ciklusid\u0151ket, n\u00f6velve az \u00e1ltal\u00e1nos gy\u00e1rt\u00e1si hat\u00e9konys\u00e1got.<\/p>\n<h3><strong>4. \u00dajrahasznos\u00edt\u00e1s \u00e9s hullad\u00e9kgazd\u00e1lkod\u00e1s<\/strong><\/h3>\n<p>Az emel\u0151hidraulikus munkahengerek kulcsfontoss\u00e1g\u00faak az \u00fajrahasznos\u00edt\u00e1si \u00e9s hullad\u00e9kgazd\u00e1lkod\u00e1si m\u0171veletekben, ahol nagy targonc\u00e1kat haszn\u00e1lnak a neh\u00e9z kuk\u00e1k \u00e9s kont\u00e9nerek mozgat\u00e1s\u00e1hoz. Ezek a munkahengerek lehet\u0151v\u00e9 teszik a kezel\u0151k sz\u00e1m\u00e1ra, hogy biztons\u00e1gosan emelj\u00e9k \u00e9s mozgass\u00e1k a nagym\u00e9ret\u0171 hullad\u00e9kokat, egyszer\u0171s\u00edtve az \u00fajrahasznos\u00edthat\u00f3 anyagok v\u00e1logat\u00e1s\u00e1t \u00e9s feldolgoz\u00e1s\u00e1t. Ez a hat\u00e9konys\u00e1g hozz\u00e1j\u00e1rul egy szervezettebb \u00e9s hat\u00e9konyabb hullad\u00e9kgazd\u00e1lkod\u00e1si rendszerhez.<\/p>\n<h3><strong>5. Mez\u0151gazdas\u00e1g<\/strong><\/h3>\n<p>Mez\u0151gazdas\u00e1gi k\u00f6rnyezetben nagy, emel\u0151hidraulikus hengerekkel ell\u00e1tott targonc\u00e1kat haszn\u00e1lnak neh\u00e9z terhek, p\u00e9ld\u00e1ul sz\u00e9nab\u00e1l\u00e1k, takarm\u00e1ny \u00e9s berendez\u00e9sek sz\u00e1ll\u00edt\u00e1s\u00e1ra. Az ilyen terhek k\u00f6nny\u0171 emel\u00e9s\u00e9nek \u00e9s s\u00fcllyeszt\u00e9s\u00e9nek k\u00e9pess\u00e9ge lehet\u0151v\u00e9 teszi a gazd\u00e1lkod\u00f3k sz\u00e1m\u00e1ra, hogy hat\u00e9konyabban ir\u00e1ny\u00edts\u00e1k tev\u00e9kenys\u00e9geiket, biztos\u00edtva az id\u0151ben t\u00f6rt\u00e9n\u0151 sz\u00e1ll\u00edt\u00e1st \u00e9s az er\u0151forr\u00e1sok hat\u00e9kony felhaszn\u00e1l\u00e1s\u00e1t.<\/p>\n<p>Nagy teherb\u00edr\u00e1s\u00fa targonca munkahengereket keres? Tekintse meg a mi aj\u00e1nlatunkat <a href=\"https:\/\/www.hydraulic-cylinders.net\/hu\/forklift-hydraulic-cylinder\/\">Nagy teherb\u00edr\u00e1s\u00fa hidraulikus hengerek<\/a>.<\/p>\n<h2><strong>Targoncahenger gy\u00e1rt\u00e1si ter\u00fclet:<\/strong><\/h2>\n<h2><img loading=\"lazy\" decoding=\"async\" class=\"alignnone size-full wp-image-16972\" src=\"https:\/\/www.hydraulic-cylinders.net\/wp-content\/uploads\/2025\/01\/hydraulic-cylinder-factory-1-scaled.webp\" sizes=\"(min-width: 0px) and (max-width: 480px) 480px, (min-width: 481px) and (max-width: 980px) 980px, (min-width: 981px) and (max-width: 1280px) 1280px, (min-width: 1281px) 2016px, 100vw\" srcset=\"https:\/\/www.hydraulic-cylinders.net\/wp-content\/uploads\/2025\/01\/hydraulic-cylinder-factory-1-scaled.webp 2016w, https:\/\/www.hydraulic-cylinders.net\/wp-content\/uploads\/2025\/01\/hydraulic-cylinder-factory-1-1280x1625.webp 1280w, https:\/\/www.hydraulic-cylinders.net\/wp-content\/uploads\/2025\/01\/hydraulic-cylinder-factory-1-980x1244.webp 980w, https:\/\/www.hydraulic-cylinders.net\/wp-content\/uploads\/2025\/01\/hydraulic-cylinder-factory-1-480x610.webp 480w\" alt=\"\" width=\"2016\" height=\"2560\" \/><\/h2>\n<p>Els\u0151 oszt\u00e1ly\u00fa, f\u00fcggetlen K+F platformmal rendelkez\u00fcnk az \u00f6sszeszerel\u00e9shez. A targoncahenger-gy\u00e1rt\u00f3 m\u0171hely\u00fcnk n\u00e9gy f\u00e9lautomata emel\u0151henger-\u00f6sszeszerel\u0151 sorral \u00e9s egy teljesen automatikus billen\u0151henger-\u00f6sszeszerel\u0151 sorral rendelkezik, amelyek tervezett \u00e9ves termel\u00e9si kapacit\u00e1sa milli\u00f3 darab. A speci\u00e1lis hengerm\u0171hely k\u00fcl\u00f6nf\u00e9le specifik\u00e1ci\u00f3j\u00fa f\u00e9lautomata tiszt\u00edt\u00f3- \u00e9s \u00f6sszeszerel\u0151 rendszerekkel rendelkezik, amelyek tervezett \u00e9ves termel\u00e9si kapacit\u00e1sa 200 000 darab. Fel van szerelve h\u00edres m\u00e1rk\u00e1j\u00fa CNC megmunk\u00e1l\u00f3 berendez\u00e9sekkel, megmunk\u00e1l\u00f3 k\u00f6zpontokkal, nagy pontoss\u00e1g\u00fa hengermegmunk\u00e1l\u00f3 speci\u00e1lis berendez\u00e9sekkel, robothegeszt\u0151 g\u00e9pekkel, automata tiszt\u00edt\u00f3g\u00e9pekkel, automata henger\u00f6sszeszerel\u0151 g\u00e9pekkel \u00e9s automata fest\u00e9kgy\u00e1rt\u00f3 sorokkal. T\u00f6bb mint 300 kulcsfontoss\u00e1g\u00fa berendez\u00e9s \u00fczemel. A berendez\u00e9si er\u0151forr\u00e1sok optimaliz\u00e1lt eloszt\u00e1sa \u00e9s hat\u00e9kony kihaszn\u00e1l\u00e1sa biztos\u00edtja a term\u00e9kek prec\u00edzi\u00f3s k\u00f6vetelm\u00e9nyeit \u00e9s a term\u00e9kek magas min\u0151s\u00e9gi k\u00f6vetelm\u00e9nyeinek val\u00f3 megfelel\u00e9st.<\/p>\n<p>A megmunk\u00e1l\u00f3 m\u0171hely egyedi gy\u00e1rt\u00e1s\u00fa d\u00f6nthet\u0151 vezet\u0151s\u00edn-eszterg\u00e1l\u00f3 k\u00f6zpontokkal, megmunk\u00e1l\u00f3k\u00f6zpontokkal, nagysebess\u00e9g\u0171 h\u00f3nol\u00f3g\u00e9pekkel, hegeszt\u0151robotokkal \u00e9s egy\u00e9b relev\u00e1ns berendez\u00e9sekkel van felszerelve, amelyek k\u00e9pesek kezelni a 400 mm-es maxim\u00e1lis bels\u0151 \u00e1tm\u00e9r\u0151j\u0171 \u00e9s 6 m\u00e9ter maxim\u00e1lis hossz\u00fas\u00e1g\u00fa hengercs\u00f6vek megmunk\u00e1l\u00e1si munk\u00e1it.<\/p>\n<h2><img loading=\"lazy\" decoding=\"async\" class=\"alignnone size-full wp-image-16973\" src=\"https:\/\/www.hydraulic-cylinders.net\/wp-content\/uploads\/2025\/01\/hydraulic-cylinder-factory-2-scaled.webp\" sizes=\"(min-width: 0px) and (max-width: 480px) 480px, (min-width: 481px) and (max-width: 980px) 980px, (min-width: 981px) and (max-width: 1280px) 1280px, (min-width: 1281px) 2011px, 100vw\" srcset=\"https:\/\/www.hydraulic-cylinders.net\/wp-content\/uploads\/2025\/01\/hydraulic-cylinder-factory-2-scaled.webp 2011w, https:\/\/www.hydraulic-cylinders.net\/wp-content\/uploads\/2025\/01\/hydraulic-cylinder-factory-2-1280x1629.webp 1280w, https:\/\/www.hydraulic-cylinders.net\/wp-content\/uploads\/2025\/01\/hydraulic-cylinder-factory-2-980x1248.webp 980w, https:\/\/www.hydraulic-cylinders.net\/wp-content\/uploads\/2025\/01\/hydraulic-cylinder-factory-2-480x611.webp 480w\" alt=\"\" width=\"2011\" height=\"2560\" \/><\/h2>\n<p>Rendelkez\u00fcnk egy teljesen automatikus, v\u00edzb\u00e1zis\u00fa fest\u00e9kbevon\u00f3 sorral kis \u00e9s k\u00f6zepes palackokhoz, amely automatikus be- \u00e9s kirakod\u00f3, valamint automatikus permetez\u0151 robotokat val\u00f3s\u00edt meg, 4000 f\u00e9r\u0151helyes tervezett gy\u00e1rt\u00e1si kapacit\u00e1ssal m\u0171szakonk\u00e9nt. Van egy m\u00e1sik f\u00e9lautomata fest\u0151sorunk nagym\u00e9ret\u0171 palackokhoz, amelyet er\u0151\u00e1tviteli l\u00e1nc hajt, \u00e9s amelynek tervezett kapacit\u00e1sa 60 l\u00e1da m\u0171szakonk\u00e9nt.<\/p>\n<p>A term\u00e9kteljes\u00edtm\u00e9ny tov\u00e1bbi jav\u00edt\u00e1sa \u00e9s hidraulikus hengereink ipar\u00e1gi vezet\u0151 poz\u00edci\u00f3j\u00e1nak megszil\u00e1rd\u00edt\u00e1sa \u00e9rdek\u00e9ben v\u00e1llalatunk \u00e9s a zjimee k\u00f6z\u00f6sen l\u00e9trehoztak egy \u00e1tfog\u00f3 teljes\u00edtm\u00e9nylaborat\u00f3riumot hidraulikus hengerek, hidraulikus szelepek \u00e9s hidraulikus szivatty\u00fak sz\u00e1m\u00e1ra; a laborat\u00f3riumban sz\u00e1m\u00edt\u00f3g\u00e9ppel seg\u00edtett tesztel\u00e9st v\u00e9geznek elektrohidraulikus technol\u00f3gi\u00e1val, a vizsg\u00e1lati felt\u00e9teleket egy sz\u00e1m\u00edt\u00f3g\u00e9p \u00e1ll\u00edtja be, ami jav\u00edtja a vizsg\u00e1lat pontoss\u00e1g\u00e1t \u00e9s a rendszer sokoldal\u00fas\u00e1g\u00e1t, valamint a k\u00eds\u00e9rleti adatokat.<\/p>\n<p>Az automatikus adatgy\u0171jt\u00e9s \u00e9rz\u00e9kel\u0151k alkalmaz\u00e1s\u00e1val val\u00f3sul meg, \u00e9s a kimeneti adatokat, p\u00e9ld\u00e1ul a henger vagy a szelep bels\u0151 sziv\u00e1rg\u00e1s\u00e1t \u00e9s terhel\u00e9si hat\u00e1sfok\u00e1t, a sz\u00e1m\u00edt\u00f3g\u00e9p k\u00f6zvetlen\u00fcl feldolgozza \u00e9s szabv\u00e1nyos m\u00e9rt\u00e9kegys\u00e9gre (ml\/min%) konvert\u00e1lja. Ugyanakkor a hidraulikus rendszer \u00fczembiztons\u00e1g\u00e1nak biztos\u00edt\u00e1sa \u00e9rdek\u00e9ben \u00e1llapotfel\u00fcgyeleti funkci\u00f3t is v\u00e9geznek olyan kulcsfontoss\u00e1g\u00fa teljes\u00edtm\u00e9nyparam\u00e9terek eset\u00e9ben, mint az \u201eolajh\u0151m\u00e9rs\u00e9klet-fel\u00fcgyelet, folyad\u00e9kszint-fel\u00fcgyelet, sz\u0171r\u0151berendez\u00e9s-fel\u00fcgyelet\u201d stb. A hidraulikus henger teszt\u00e1llv\u00e1ny t\u00f6bbek k\u00f6z\u00f6tt a \u201eterhel\u00e9s\u201d teljes\u00edtm\u00e9ny\u00e9t is tesztelheti.<br \/>\nhat\u00e9konys\u00e1g \u201e\u00e9s\u201d bels\u0151 sziv\u00e1rg\u00e1s\u201d leolvas\u00e1sokkal. Ugyanakkor egy r\u00e1csos vonalz\u00f3s m\u00e9r\u0151m\u0171szerrel van felszerelve, amely megfelel a hidraulikus hengerterm\u00e9kek \u00f6sszes vizsg\u00e1lati t\u00e9tel\u00e9re vonatkoz\u00f3 k\u00f6vetelm\u00e9nyeknek a nemzeti szabv\u00e1ny szerint.<\/p>\n<p>&nbsp;<\/p>","protected":false},"excerpt":{"rendered":"<p>Lift Hydraulic Cylinders For Large Forklift Lift hydraulic cylinders are crucial components in large forklifts, enabling them to perform essential lifting and lowering functions. These cylinders provide the necessary power to handle heavy loads efficiently, ensuring smooth operations in various industrial settings. With robust design and high performance, lift hydraulic cylinders enhance productivity and safety [&hellip;]<\/p>","protected":false},"featured_media":17591,"comment_status":"open","ping_status":"closed","template":"","meta":{"_et_pb_use_builder":"","_et_pb_old_content":"","_et_gb_content_width":""},"product_brand":[],"product_cat":[1484,1549],"product_tag":[],"class_list":{"0":"post-17589","1":"product","2":"type-product","3":"status-publish","4":"has-post-thumbnail","6":"product_cat-forklift-hydraulic-cylinders","7":"product_cat-single-acting-hydraulic-cylinder","9":"first","10":"instock","11":"shipping-taxable","12":"product-type-simple"},"amp_enabled":true,"_links":{"self":[{"href":"https:\/\/www.hydraulic-cylinders.net\/hu\/wp-json\/wp\/v2\/product\/17589","targetHints":{"allow":["GET"]}}],"collection":[{"href":"https:\/\/www.hydraulic-cylinders.net\/hu\/wp-json\/wp\/v2\/product"}],"about":[{"href":"https:\/\/www.hydraulic-cylinders.net\/hu\/wp-json\/wp\/v2\/types\/product"}],"replies":[{"embeddable":true,"href":"https:\/\/www.hydraulic-cylinders.net\/hu\/wp-json\/wp\/v2\/comments?post=17589"}],"wp:featuredmedia":[{"embeddable":true,"href":"https:\/\/www.hydraulic-cylinders.net\/hu\/wp-json\/wp\/v2\/media\/17591"}],"wp:attachment":[{"href":"https:\/\/www.hydraulic-cylinders.net\/hu\/wp-json\/wp\/v2\/media?parent=17589"}],"wp:term":[{"taxonomy":"product_brand","embeddable":true,"href":"https:\/\/www.hydraulic-cylinders.net\/hu\/wp-json\/wp\/v2\/product_brand?post=17589"},{"taxonomy":"product_cat","embeddable":true,"href":"https:\/\/www.hydraulic-cylinders.net\/hu\/wp-json\/wp\/v2\/product_cat?post=17589"},{"taxonomy":"product_tag","embeddable":true,"href":"https:\/\/www.hydraulic-cylinders.net\/hu\/wp-json\/wp\/v2\/product_tag?post=17589"}],"curies":[{"name":"munkaf\u00fczet","href":"https:\/\/api.w.org\/{rel}","templated":true}]}}