{"id":17593,"date":"2025-03-18T06:19:55","date_gmt":"2025-03-18T06:19:55","guid":{"rendered":"https:\/\/www.hydraulic-cylinders.net\/?post_type=product&#038;p=17593"},"modified":"2025-04-11T03:15:26","modified_gmt":"2025-04-11T03:15:26","slug":"steering-hydraulic-cylinders-for-large-forklift","status":"publish","type":"product","link":"https:\/\/www.hydraulic-cylinders.net\/hu\/termek\/steering-hydraulic-cylinders-for-large-forklift\/","title":{"rendered":"Korm\u00e1nym\u0171 hidraulikus hengerek nagy targonc\u00e1hoz"},"content":{"rendered":"<h1 style=\"text-align: center;\"><strong>Korm\u00e1nym\u0171 hidraulikus hengerek nagy targonc\u00e1hoz<\/strong><\/h1>\n<p>A korm\u00e1nym\u0171 hidraulikus hengerei l\u00e9tfontoss\u00e1g\u00fa alkatr\u00e9szek a nagy targonc\u00e1kban, mivel biztos\u00edtj\u00e1k a korm\u00e1nyz\u00e1shoz sz\u00fcks\u00e9ges teljes\u00edtm\u00e9nyt \u00e9s pontoss\u00e1got. Ezek a hengerek lehet\u0151v\u00e9 teszik a sima man\u0151verezhet\u0151s\u00e9get, ami elengedhetetlen a sz\u0171k helyeken val\u00f3 navig\u00e1l\u00e1shoz \u00e9s az \u00f6sszetett feladatok elv\u00e9gz\u00e9s\u00e9hez. A hidraulikus nyom\u00e1s mechanikai er\u0151v\u00e9 alak\u00edt\u00e1s\u00e1val a korm\u00e1nym\u0171 hidraulikus hengerei n\u00f6velik a targonca m\u0171k\u00f6d\u00e9s\u00e9nek \u00e1ltal\u00e1nos hat\u00e9konys\u00e1g\u00e1t \u00e9s biztons\u00e1g\u00e1t.<\/p>\n<p>A korm\u00e1nym\u0171 hidraulikus hengerei elengedhetetlenek a nagy targonc\u00e1k hat\u00e9kony m\u0171k\u00f6d\u00e9s\u00e9hez. Robusztus kialak\u00edt\u00e1suk, hat\u00e9konys\u00e1guk \u00e9s alkalmazkod\u00f3k\u00e9pess\u00e9g\u00fck kritikus alkatr\u00e9sz\u00e9v\u00e9 teszik \u0151ket a k\u00fcl\u00f6nf\u00e9le ipari alkalmaz\u00e1sokban. Jellemz\u0151ik, megfelel\u0151 haszn\u00e1lati m\u00f3dszereik \u00e9s karbantart\u00e1si k\u00f6vetelm\u00e9nyeik meg\u00e9rt\u00e9s\u00e9vel a kezel\u0151k maximaliz\u00e1lhatj\u00e1k targonc\u00e1ik teljes\u00edtm\u00e9ny\u00e9t \u00e9s biztons\u00e1g\u00e1t, v\u00e9gs\u0151 soron n\u00f6velve a munkahelyi termel\u00e9kenys\u00e9get. A kiv\u00e1l\u00f3 min\u0151s\u00e9g\u0171 korm\u00e1nym\u0171 hidraulikus hengerekbe val\u00f3 befektet\u00e9s megb\u00edzhat\u00f3 \u00e9s prec\u00edz korm\u00e1nyvez\u00e9rl\u00e9st biztos\u00edt, ami elengedhetetlen a kih\u00edv\u00e1st jelent\u0151 k\u00f6rnyezetben val\u00f3 navig\u00e1l\u00e1shoz.<\/p>\n<h1 style=\"text-align: center;\"><img loading=\"lazy\" decoding=\"async\" class=\"alignnone wp-image-17590\" src=\"https:\/\/www.hydraulic-cylinders.net\/wp-content\/uploads\/2025\/03\/Lift-hydraulic-cylinders-for-large-forklift.jpg\" alt=\"\" width=\"500\" height=\"500\" srcset=\"https:\/\/www.hydraulic-cylinders.net\/wp-content\/uploads\/2025\/03\/Lift-hydraulic-cylinders-for-large-forklift.jpg 500w, https:\/\/www.hydraulic-cylinders.net\/wp-content\/uploads\/2025\/03\/Lift-hydraulic-cylinders-for-large-forklift-480x480.jpg 480w\" sizes=\"(min-width: 0px) and (max-width: 480px) 480px, (min-width: 481px) 500px, 100vw\" \/><\/h1>\n<p style=\"text-align: center;\"><strong>Korm\u00e1nym\u0171 hidraulikus hengerek nagy targonc\u00e1hoz<\/strong><\/p>\n<h2><strong>Korm\u00e1nym\u0171 hidraulikus hengerek nagy targonc\u00e1hoz <\/strong><strong>M\u0171szaki adatok<\/strong><strong>:<\/strong><\/h2>\n<p><strong>Funkci\u00f3:<\/strong> Targonca korm\u00e1nytengely\u00e9nek m\u0171k\u00f6dtet\u00e9se \u00e9s targonca kerekek korm\u00e1nyz\u00e1s\u00e1nak enged\u00e9lyez\u00e9se<br \/>\n<strong>Henger \u00e1tm\u00e9r\u0151je:<\/strong> 80 mm-160 mm<br \/>\n<strong>R\u00fad \u00e1tm\u00e9r\u0151je:<\/strong> 50 mm-110 mm<br \/>\n<strong>Utaz\u00e1si:<\/strong> 71 mm \u00d7 2 \u2013 235 mm \u00d7 2<br \/>\n<strong>Maxim\u00e1lis nyom\u00e1s:<\/strong> 18MPa<br \/>\n<strong>Maxim\u00e1lis tol\u00f3er\u0151:<\/strong> 362KN<\/p>\n<h2><strong>Nagy targonca hidraulikus henger sorozat:\u00a0<\/strong><\/h2>\n<h2><img loading=\"lazy\" decoding=\"async\" class=\"alignnone size-full wp-image-17582\" src=\"https:\/\/www.hydraulic-cylinders.net\/wp-content\/uploads\/2025\/03\/large-forklift-hydraulic-cylinder-construction.webp\" alt=\"\" width=\"1100\" height=\"615\" srcset=\"https:\/\/www.hydraulic-cylinders.net\/wp-content\/uploads\/2025\/03\/large-forklift-hydraulic-cylinder-construction.webp 1100w, https:\/\/www.hydraulic-cylinders.net\/wp-content\/uploads\/2025\/03\/large-forklift-hydraulic-cylinder-construction-980x548.webp 980w, https:\/\/www.hydraulic-cylinders.net\/wp-content\/uploads\/2025\/03\/large-forklift-hydraulic-cylinder-construction-480x268.webp 480w\" sizes=\"(min-width: 0px) and (max-width: 480px) 480px, (min-width: 481px) and (max-width: 980px) 980px, (min-width: 981px) 1100px, 100vw\" \/><\/h2>\n<h2><strong>A nagy targonca korm\u00e1nym\u0171 hidraulikus hengereinek f\u0151bb jellemz\u0151i<\/strong><strong>:<\/strong><\/h2>\n<ul>\n<li><strong>Robusztus konstrukci\u00f3:<\/strong> A korm\u00e1nym\u0171 hidraulikus munkahengerei kiv\u00e1l\u00f3 min\u0151s\u00e9g\u0171 ac\u00e9lb\u00f3l \u00e9s meger\u0151s\u00edtett anyagokb\u00f3l k\u00e9sz\u00fclnek, \u00edgy biztos\u00edtva, hogy ellen\u00e1lljanak a neh\u00e9z ig\u00e9nybev\u00e9tel\u0171 alkalmaz\u00e1sok ig\u00e9nyes k\u00f6r\u00fclm\u00e9nyeinek. Ez a tart\u00f3ss\u00e1g hossz\u00fa t\u00e1v\u00fa teljes\u00edtm\u00e9nyt eredm\u00e9nyez, cs\u00f6kkentve a gyakori cser\u00e9k sz\u00fcks\u00e9gess\u00e9g\u00e9t \u00e9s a karbantart\u00e1si k\u00f6lts\u00e9geket.<\/li>\n<li><strong>Nagy hat\u00e9konys\u00e1g:<\/strong> Ezeket a hengereket gyors \u00e9s \u00e9rz\u00e9keny korm\u00e1nyz\u00e1si m\u0171veletekre tervezt\u00e9k. Ez a kialak\u00edt\u00e1s fokozza a kezel\u0151 ir\u00e1ny\u00edt\u00e1s\u00e1t a targonca felett, megk\u00f6nny\u00edtve a prec\u00edz man\u0151vereket. Ak\u00e1r sz\u0171k helyeken navig\u00e1l, ak\u00e1r \u00e9les fordulatokat hajt v\u00e9gre, a kezel\u0151k sz\u00e1m\u00edthatnak a hidraulikus rendszer azonnali reag\u00e1l\u00e1s\u00e1ra, ami jav\u00edtja az \u00e1ltal\u00e1nos termel\u00e9kenys\u00e9get.<\/li>\n<li><strong>Kompakt kialak\u00edt\u00e1s:<\/strong> A korm\u00e1nym\u0171 hidraulikus munkahengereinek kompakt m\u00e9rete lehet\u0151v\u00e9 teszi a k\u00f6nny\u0171 telep\u00edt\u00e9st a k\u00fcl\u00f6nf\u00e9le targonca modellekhez. Ez a funkci\u00f3 maximaliz\u00e1lja a helykihaszn\u00e1l\u00e1st a targonca kialak\u00edt\u00e1s\u00e1n bel\u00fcl, lehet\u0151v\u00e9 t\u00e9ve a gy\u00e1rt\u00f3k sz\u00e1m\u00e1ra, hogy optimaliz\u00e1lj\u00e1k a teljes\u00edtm\u00e9nyt a funkcionalit\u00e1s fel\u00e1ldoz\u00e1sa n\u00e9lk\u00fcl. A kezel\u0151k egy leegyszer\u0171s\u00edtett be\u00e1ll\u00edt\u00e1s el\u0151nyeit \u00e9lvezhetik, amely fokozza a mozg\u00e9konys\u00e1got z\u00e1rt k\u00f6rnyezetben.<\/li>\n<li><strong>V\u00e9delem \u00e9rdek\u00e9ben lez\u00e1rva:<\/strong> Ezeknek a hengereknek a lez\u00e1rt hidraulikus rendszerei kulcsfontoss\u00e1g\u00fa v\u00e9delmet ny\u00fajtanak a szennyez\u0151d\u00e9sek \u00e9s a nedvess\u00e9g ellen. Ez a t\u00f6m\u00edt\u00e9s seg\u00edt meg\u0151rizni a hidraulikafolyad\u00e9k \u00e9ps\u00e9g\u00e9t, biztos\u00edtva az \u00e1lland\u00f3 teljes\u00edtm\u00e9nyt m\u00e9g kih\u00edv\u00e1st jelent\u0151 k\u00f6r\u00fclm\u00e9nyek k\u00f6z\u00f6tt is. Azzal, hogy megakad\u00e1lyozza a szennyez\u0151d\u00e9sek bejut\u00e1s\u00e1t a rendszerbe, ezek a hengerek cs\u00f6kkentik a kop\u00e1st, ez\u00e1ltal meghosszabb\u00edtva \u00e9lettartamukat.<\/li>\n<li><strong>Sokoldal\u00fa kompatibilit\u00e1s:<\/strong> A korm\u00e1nym\u0171 hidraulikus munkahengereit \u00fagy tervezt\u00e9k, hogy a targoncamodellek sz\u00e9les sk\u00e1l\u00e1j\u00e1val kompatibilisek legyenek. Ez a sokoldal\u00fas\u00e1g ide\u00e1lis v\u00e1laszt\u00e1ss\u00e1 teszi \u0151ket a flotta karbantart\u00e1s\u00e1hoz \u00e9s korszer\u0171s\u00edt\u00e9s\u00e9hez, lehet\u0151v\u00e9 t\u00e9ve a v\u00e1llalkoz\u00e1sok sz\u00e1m\u00e1ra az alkatr\u00e9szek szabv\u00e1nyos\u00edt\u00e1s\u00e1t a k\u00fcl\u00f6nb\u00f6z\u0151 g\u00e9pek k\u00f6z\u00f6tt. A kezel\u0151k k\u00f6nnyen cser\u00e9lhetik vagy friss\u00edthetik a hengereket an\u00e9lk\u00fcl, hogy a kompatibilit\u00e1si probl\u00e9m\u00e1k miatt agg\u00f3dniuk kellene, \u00edgy egyszer\u0171s\u00edtve a karbantart\u00e1si folyamatokat.<\/li>\n<\/ul>\n<h2><strong>Haszn\u00e1lati esetek nagy targonca korm\u00e1nym\u0171 hidraulikus hengereihez:<\/strong><\/h2>\n<p>A korm\u00e1nym\u0171 hidraulikus munkahengerei kulcsfontoss\u00e1g\u00fa szerepet j\u00e1tszanak a nagym\u00e9ret\u0171 targonc\u00e1k funkcionalit\u00e1s\u00e1nak \u00e9s hat\u00e9konys\u00e1g\u00e1nak jav\u00edt\u00e1s\u00e1ban a k\u00fcl\u00f6nb\u00f6z\u0151 ipar\u00e1gakban. \u00cdme n\u00e9h\u00e1ny kulcsfontoss\u00e1g\u00fa felhaszn\u00e1l\u00e1si eset:<\/p>\n<h4>1. <strong>Rakt\u00e1ri m\u0171veletek<\/strong><\/h4>\n<p>A rakt\u00e1rakban a korm\u00e1nyhengerekkel felszerelt nagy targonc\u00e1k keskeny folyos\u00f3kon k\u00f6zlekednek \u00e9s neh\u00e9z raklapokat mozgatnak. A prec\u00edz korm\u00e1nyz\u00e1si k\u00e9pess\u00e9gek lehet\u0151v\u00e9 teszik a kezel\u0151k sz\u00e1m\u00e1ra az \u00e1ruk hat\u00e9kony egym\u00e1sra rak\u00e1s\u00e1t \u00e9s kiemel\u00e9s\u00e9t, optimaliz\u00e1lva a helyet \u00e9s jav\u00edtva a k\u00e9szletgazd\u00e1lkod\u00e1st.<\/p>\n<h4>2. <strong>\u00c9p\u00edt\u00e9si ter\u00fcletek<\/strong><\/h4>\n<p>\u00c9p\u00edt\u00e9si helysz\u00edneken ezek a munkahengerek biztos\u00edtj\u00e1k a sz\u00fcks\u00e9ges ir\u00e1ny\u00edt\u00e1st neh\u00e9z anyagok, p\u00e9ld\u00e1ul ac\u00e9lgerend\u00e1k \u00e9s betonblokkok mozgat\u00e1s\u00e1hoz. A kezel\u0151k k\u00f6nnyen ir\u00e1ny\u00edthatj\u00e1k a targonc\u00e1t sz\u0171k helyeken, biztos\u00edtva az anyagok biztons\u00e1gos \u00e9s pontos elhelyez\u00e9s\u00e9t, ami kritikus fontoss\u00e1g\u00fa a projekt \u00fctemterve szempontj\u00e1b\u00f3l.<\/p>\n<h4>3. <strong>Gy\u00e1rt\u00f3\u00fczemek<\/strong><\/h4>\n<p>A gy\u00e1rt\u00e1s sor\u00e1n a korm\u00e1nym\u0171 hidraulikus hengerei megk\u00f6nny\u00edtik az alkatr\u00e9szek \u00e9s komponensek sz\u00e1ll\u00edt\u00e1s\u00e1t a k\u00fcl\u00f6nb\u00f6z\u0151 gy\u00e1rt\u00e1si f\u00e1zisok k\u00f6z\u00f6tt. A gyors \u00e9s \u00e9rz\u00e9keny korm\u00e1nyz\u00e1s lehet\u0151v\u00e9 teszi a kezel\u0151k sz\u00e1m\u00e1ra, hogy hat\u00e9konyan mozgass\u00e1k az alkatr\u00e9szeket, cs\u00f6kkentve az \u00e1ll\u00e1sid\u0151t \u00e9s jav\u00edtva a munkafolyamatot az eg\u00e9sz l\u00e9tes\u00edtm\u00e9nyben.<\/p>\n<h4>4. <strong>Mez\u0151gazdas\u00e1gi alkalmaz\u00e1sok<\/strong><\/h4>\n<p>A mez\u0151gazdas\u00e1gban haszn\u00e1lt nagy targonc\u00e1k hidraulikus korm\u00e1nyhengereket haszn\u00e1lnak a b\u00e1l\u00e1k, l\u00e1d\u00e1k \u00e9s egy\u00e9b mez\u0151gazdas\u00e1gi term\u00e9kek mozgat\u00e1s\u00e1hoz. A megn\u00f6velt man\u0151verezhet\u0151s\u00e9g lehet\u0151v\u00e9 teszi a gazd\u00e1lkod\u00f3k sz\u00e1m\u00e1ra az anyagok gyors be- \u00e9s kirakod\u00e1s\u00e1t, \u00edgy a cs\u00facsid\u0151szakokban hat\u00e9konyabb\u00e1 v\u00e1lik a m\u0171k\u00f6d\u00e9s.<\/p>\n<h4>5. <strong>\u00dajrahasznos\u00edt\u00e1s \u00e9s hullad\u00e9kgazd\u00e1lkod\u00e1s<\/strong><\/h4>\n<p>Az \u00fajrahasznos\u00edt\u00f3 l\u00e9tes\u00edtm\u00e9nyekben a targonc\u00e1k korm\u00e1nyzott hidraulikus hengerei seg\u00edtik az \u00fajrahasznos\u00edthat\u00f3 anyagok sz\u00e1ll\u00edt\u00e1s\u00e1t \u00e9s egym\u00e1sra rak\u00e1s\u00e1t. A zs\u00fafolt k\u00f6rnyezetben val\u00f3 mozg\u00e1sk\u00e9pess\u00e9g\u00fck biztos\u00edtja a m\u0171veletek z\u00f6kken\u0151mentes lebonyol\u00edt\u00e1s\u00e1t, jav\u00edtva a v\u00e1logat\u00e1si folyamatokat \u00e9s az \u00e1ltal\u00e1nos hat\u00e9konys\u00e1got.<\/p>\n<h3><span style=\"color: #666666; font-size: 14px;\">Nagy teherb\u00edr\u00e1s\u00fa targonca munkahengereket keres? Tekintse meg a mi aj\u00e1nlatunkat <\/span><a style=\"font-size: 14px;\" href=\"https:\/\/www.hydraulic-cylinders.net\/hu\/forklift-hydraulic-cylinder\/\">Nagy teherb\u00edr\u00e1s\u00fa hidraulikus hengerek<\/a><span style=\"color: #666666; font-size: 14px;\">.<\/span><\/h3>\n<h2><strong>Targoncahenger gy\u00e1rt\u00e1si ter\u00fclet:<\/strong><\/h2>\n<h2><img loading=\"lazy\" decoding=\"async\" class=\"alignnone size-full wp-image-16972\" src=\"https:\/\/www.hydraulic-cylinders.net\/wp-content\/uploads\/2025\/01\/hydraulic-cylinder-factory-1-scaled.webp\" sizes=\"(min-width: 0px) and (max-width: 480px) 480px, (min-width: 481px) and (max-width: 980px) 980px, (min-width: 981px) and (max-width: 1280px) 1280px, (min-width: 1281px) 2016px, 100vw\" srcset=\"https:\/\/www.hydraulic-cylinders.net\/wp-content\/uploads\/2025\/01\/hydraulic-cylinder-factory-1-scaled.webp 2016w, https:\/\/www.hydraulic-cylinders.net\/wp-content\/uploads\/2025\/01\/hydraulic-cylinder-factory-1-1280x1625.webp 1280w, https:\/\/www.hydraulic-cylinders.net\/wp-content\/uploads\/2025\/01\/hydraulic-cylinder-factory-1-980x1244.webp 980w, https:\/\/www.hydraulic-cylinders.net\/wp-content\/uploads\/2025\/01\/hydraulic-cylinder-factory-1-480x610.webp 480w\" alt=\"\" width=\"2016\" height=\"2560\" \/><\/h2>\n<p>Els\u0151 oszt\u00e1ly\u00fa, f\u00fcggetlen K+F platformmal rendelkez\u00fcnk az \u00f6sszeszerel\u00e9shez. A targoncahenger-gy\u00e1rt\u00f3 m\u0171hely\u00fcnk n\u00e9gy f\u00e9lautomata emel\u0151henger-\u00f6sszeszerel\u0151 sorral \u00e9s egy teljesen automatikus billen\u0151henger-\u00f6sszeszerel\u0151 sorral rendelkezik, amelyek tervezett \u00e9ves termel\u00e9si kapacit\u00e1sa milli\u00f3 darab. A speci\u00e1lis hengerm\u0171hely k\u00fcl\u00f6nf\u00e9le specifik\u00e1ci\u00f3j\u00fa f\u00e9lautomata tiszt\u00edt\u00f3- \u00e9s \u00f6sszeszerel\u0151 rendszerekkel rendelkezik, amelyek tervezett \u00e9ves termel\u00e9si kapacit\u00e1sa 200 000 darab. Fel van szerelve h\u00edres m\u00e1rk\u00e1j\u00fa CNC megmunk\u00e1l\u00f3 berendez\u00e9sekkel, megmunk\u00e1l\u00f3 k\u00f6zpontokkal, nagy pontoss\u00e1g\u00fa hengermegmunk\u00e1l\u00f3 speci\u00e1lis berendez\u00e9sekkel, robothegeszt\u0151 g\u00e9pekkel, automata tiszt\u00edt\u00f3g\u00e9pekkel, automata henger\u00f6sszeszerel\u0151 g\u00e9pekkel \u00e9s automata fest\u00e9kgy\u00e1rt\u00f3 sorokkal. T\u00f6bb mint 300 kulcsfontoss\u00e1g\u00fa berendez\u00e9s \u00fczemel. A berendez\u00e9si er\u0151forr\u00e1sok optimaliz\u00e1lt eloszt\u00e1sa \u00e9s hat\u00e9kony kihaszn\u00e1l\u00e1sa biztos\u00edtja a term\u00e9kek prec\u00edzi\u00f3s k\u00f6vetelm\u00e9nyeit \u00e9s a term\u00e9kek magas min\u0151s\u00e9gi k\u00f6vetelm\u00e9nyeinek val\u00f3 megfelel\u00e9st.<\/p>\n<p>A megmunk\u00e1l\u00f3 m\u0171hely egyedi gy\u00e1rt\u00e1s\u00fa d\u00f6nthet\u0151 vezet\u0151s\u00edn-eszterg\u00e1l\u00f3 k\u00f6zpontokkal, megmunk\u00e1l\u00f3k\u00f6zpontokkal, nagysebess\u00e9g\u0171 h\u00f3nol\u00f3g\u00e9pekkel, hegeszt\u0151robotokkal \u00e9s egy\u00e9b relev\u00e1ns berendez\u00e9sekkel van felszerelve, amelyek k\u00e9pesek kezelni a 400 mm-es maxim\u00e1lis bels\u0151 \u00e1tm\u00e9r\u0151j\u0171 \u00e9s 6 m\u00e9ter maxim\u00e1lis hossz\u00fas\u00e1g\u00fa hengercs\u00f6vek megmunk\u00e1l\u00e1si munk\u00e1it.<\/p>\n<h2><img loading=\"lazy\" decoding=\"async\" class=\"alignnone size-full wp-image-16973\" src=\"https:\/\/www.hydraulic-cylinders.net\/wp-content\/uploads\/2025\/01\/hydraulic-cylinder-factory-2-scaled.webp\" sizes=\"(min-width: 0px) and (max-width: 480px) 480px, (min-width: 481px) and (max-width: 980px) 980px, (min-width: 981px) and (max-width: 1280px) 1280px, (min-width: 1281px) 2011px, 100vw\" srcset=\"https:\/\/www.hydraulic-cylinders.net\/wp-content\/uploads\/2025\/01\/hydraulic-cylinder-factory-2-scaled.webp 2011w, https:\/\/www.hydraulic-cylinders.net\/wp-content\/uploads\/2025\/01\/hydraulic-cylinder-factory-2-1280x1629.webp 1280w, https:\/\/www.hydraulic-cylinders.net\/wp-content\/uploads\/2025\/01\/hydraulic-cylinder-factory-2-980x1248.webp 980w, https:\/\/www.hydraulic-cylinders.net\/wp-content\/uploads\/2025\/01\/hydraulic-cylinder-factory-2-480x611.webp 480w\" alt=\"\" width=\"2011\" height=\"2560\" \/><\/h2>\n<p>Rendelkez\u00fcnk egy teljesen automatikus, v\u00edzb\u00e1zis\u00fa fest\u00e9kbevon\u00f3 sorral kis \u00e9s k\u00f6zepes palackokhoz, amely automatikus be- \u00e9s kirakod\u00f3, valamint automatikus permetez\u0151 robotokat val\u00f3s\u00edt meg, 4000 f\u00e9r\u0151helyes tervezett gy\u00e1rt\u00e1si kapacit\u00e1ssal m\u0171szakonk\u00e9nt. Van egy m\u00e1sik f\u00e9lautomata fest\u0151sorunk nagym\u00e9ret\u0171 palackokhoz, amelyet er\u0151\u00e1tviteli l\u00e1nc hajt, \u00e9s amelynek tervezett kapacit\u00e1sa 60 l\u00e1da m\u0171szakonk\u00e9nt.<\/p>\n<p>A term\u00e9kteljes\u00edtm\u00e9ny tov\u00e1bbi jav\u00edt\u00e1sa \u00e9s hidraulikus hengereink ipar\u00e1gi vezet\u0151 poz\u00edci\u00f3j\u00e1nak megszil\u00e1rd\u00edt\u00e1sa \u00e9rdek\u00e9ben v\u00e1llalatunk \u00e9s a zjimee k\u00f6z\u00f6sen l\u00e9trehoztak egy \u00e1tfog\u00f3 teljes\u00edtm\u00e9nylaborat\u00f3riumot hidraulikus hengerek, hidraulikus szelepek \u00e9s hidraulikus szivatty\u00fak sz\u00e1m\u00e1ra; a laborat\u00f3riumban sz\u00e1m\u00edt\u00f3g\u00e9ppel seg\u00edtett tesztel\u00e9st v\u00e9geznek elektrohidraulikus technol\u00f3gi\u00e1val, a vizsg\u00e1lati felt\u00e9teleket egy sz\u00e1m\u00edt\u00f3g\u00e9p \u00e1ll\u00edtja be, ami jav\u00edtja a vizsg\u00e1lat pontoss\u00e1g\u00e1t \u00e9s a rendszer sokoldal\u00fas\u00e1g\u00e1t, valamint a k\u00eds\u00e9rleti adatokat.<\/p>\n<p>Az automatikus adatgy\u0171jt\u00e9s \u00e9rz\u00e9kel\u0151k alkalmaz\u00e1s\u00e1val val\u00f3sul meg, \u00e9s a kimeneti adatokat, p\u00e9ld\u00e1ul a henger vagy a szelep bels\u0151 sziv\u00e1rg\u00e1s\u00e1t \u00e9s terhel\u00e9si hat\u00e1sfok\u00e1t, a sz\u00e1m\u00edt\u00f3g\u00e9p k\u00f6zvetlen\u00fcl feldolgozza \u00e9s szabv\u00e1nyos m\u00e9rt\u00e9kegys\u00e9gre (ml\/min%) konvert\u00e1lja. Ugyanakkor a hidraulikus rendszer \u00fczembiztons\u00e1g\u00e1nak biztos\u00edt\u00e1sa \u00e9rdek\u00e9ben \u00e1llapotfel\u00fcgyeleti funkci\u00f3t is v\u00e9geznek olyan kulcsfontoss\u00e1g\u00fa teljes\u00edtm\u00e9nyparam\u00e9terek eset\u00e9ben, mint az \u201eolajh\u0151m\u00e9rs\u00e9klet-fel\u00fcgyelet, folyad\u00e9kszint-fel\u00fcgyelet, sz\u0171r\u0151berendez\u00e9s-fel\u00fcgyelet\u201d stb. A hidraulikus henger teszt\u00e1llv\u00e1ny t\u00f6bbek k\u00f6z\u00f6tt a \u201eterhel\u00e9s\u201d teljes\u00edtm\u00e9ny\u00e9t is tesztelheti.<br \/>\nhat\u00e9konys\u00e1g \u201e\u00e9s\u201d bels\u0151 sziv\u00e1rg\u00e1s\u201d leolvas\u00e1sokkal. Ugyanakkor egy r\u00e1csos vonalz\u00f3s m\u00e9r\u0151m\u0171szerrel van felszerelve, amely megfelel a hidraulikus hengerterm\u00e9kek \u00f6sszes vizsg\u00e1lati t\u00e9tel\u00e9re vonatkoz\u00f3 k\u00f6vetelm\u00e9nyeknek a nemzeti szabv\u00e1ny szerint.<\/p>\n<p>&nbsp;<\/p>","protected":false},"excerpt":{"rendered":"<p>Steering Hydraulic Cylinders For Large Forklift Steering hydraulic cylinders are vital components in large forklifts, providing the necessary power and precision for steering control. These cylinders enable smooth maneuverability, essential for navigating tight spaces and performing complex tasks. By converting hydraulic pressure into mechanical force, steering hydraulic cylinders enhance the overall efficiency and safety of [&hellip;]<\/p>","protected":false},"featured_media":17595,"comment_status":"open","ping_status":"closed","template":"","meta":{"_et_pb_use_builder":"","_et_pb_old_content":"","_et_gb_content_width":""},"product_brand":[],"product_cat":[1484,1550],"product_tag":[],"class_list":{"0":"post-17593","1":"product","2":"type-product","3":"status-publish","4":"has-post-thumbnail","6":"product_cat-forklift-hydraulic-cylinders","7":"product_cat-double-acting-hydraulic-cylinder","9":"first","10":"instock","11":"shipping-taxable","12":"product-type-simple"},"amp_enabled":true,"_links":{"self":[{"href":"https:\/\/www.hydraulic-cylinders.net\/hu\/wp-json\/wp\/v2\/product\/17593","targetHints":{"allow":["GET"]}}],"collection":[{"href":"https:\/\/www.hydraulic-cylinders.net\/hu\/wp-json\/wp\/v2\/product"}],"about":[{"href":"https:\/\/www.hydraulic-cylinders.net\/hu\/wp-json\/wp\/v2\/types\/product"}],"replies":[{"embeddable":true,"href":"https:\/\/www.hydraulic-cylinders.net\/hu\/wp-json\/wp\/v2\/comments?post=17593"}],"wp:featuredmedia":[{"embeddable":true,"href":"https:\/\/www.hydraulic-cylinders.net\/hu\/wp-json\/wp\/v2\/media\/17595"}],"wp:attachment":[{"href":"https:\/\/www.hydraulic-cylinders.net\/hu\/wp-json\/wp\/v2\/media?parent=17593"}],"wp:term":[{"taxonomy":"product_brand","embeddable":true,"href":"https:\/\/www.hydraulic-cylinders.net\/hu\/wp-json\/wp\/v2\/product_brand?post=17593"},{"taxonomy":"product_cat","embeddable":true,"href":"https:\/\/www.hydraulic-cylinders.net\/hu\/wp-json\/wp\/v2\/product_cat?post=17593"},{"taxonomy":"product_tag","embeddable":true,"href":"https:\/\/www.hydraulic-cylinders.net\/hu\/wp-json\/wp\/v2\/product_tag?post=17593"}],"curies":[{"name":"munkaf\u00fczet","href":"https:\/\/api.w.org\/{rel}","templated":true}]}}