{"id":17596,"date":"2025-03-18T06:28:26","date_gmt":"2025-03-18T06:28:26","guid":{"rendered":"https:\/\/www.hydraulic-cylinders.net\/?post_type=product&#038;p=17596"},"modified":"2025-04-11T01:44:52","modified_gmt":"2025-04-11T01:44:52","slug":"lifting-hydraulic-cylinders-storage-handling-vehicles","status":"publish","type":"product","link":"https:\/\/www.hydraulic-cylinders.net\/hu\/termek\/lifting-hydraulic-cylinders-storage-handling-vehicles\/","title":{"rendered":"Hidraulikus emel\u0151hengerek t\u00e1rol\u00f3- \u00e9s anyagmozgat\u00f3 j\u00e1rm\u0171vekhez"},"content":{"rendered":"<h1 style=\"text-align: center;\"><strong>Hidraulikus emel\u0151hengerek t\u00e1rol\u00f3- \u00e9s anyagmozgat\u00f3 j\u00e1rm\u0171vekhez<\/strong><\/h1>\n<p>Az emel\u0151hidraulikus munkahengerek alapvet\u0151 alkatr\u00e9szek a t\u00e1rol\u00f3- \u00e9s anyagmozgat\u00f3 j\u00e1rm\u0171vekben, lehet\u0151v\u00e9 t\u00e9ve a neh\u00e9z terhek hat\u00e9kony emel\u00e9s\u00e9t \u00e9s s\u00fcllyeszt\u00e9s\u00e9t. Ezek a munkahengerek a hidraulikus nyom\u00e1st mechanikai er\u0151v\u00e9 alak\u00edtj\u00e1k, biztos\u00edtva a sz\u00fcks\u00e9ges teljes\u00edtm\u00e9nyt a rakt\u00e1rakban, eloszt\u00f3k\u00f6zpontokban \u00e9s gy\u00e1rt\u00f3\u00fczemekben v\u00e9gzett k\u00fcl\u00f6nf\u00e9le feladatok elv\u00e9gz\u00e9s\u00e9hez. Megb\u00edzhat\u00f3s\u00e1guk \u00e9s hat\u00e9konys\u00e1guk miatt kritikus fontoss\u00e1g\u00faak az anyagmozgat\u00e1si m\u0171veletek optimaliz\u00e1l\u00e1sa szempontj\u00e1b\u00f3l.<\/p>\n<p>Az emel\u0151hidraulikus hengerek l\u00e9tfontoss\u00e1g\u00faak a t\u00e1rol\u00f3- \u00e9s anyagmozgat\u00f3 j\u00e1rm\u0171vek hat\u00e9kony m\u0171k\u00f6d\u00e9s\u00e9hez. Robusztus konstrukci\u00f3juk, nagy teherb\u00edr\u00e1suk \u00e9s sima m\u0171k\u00f6d\u00e9s\u00fck n\u00e9lk\u00fcl\u00f6zhetetlenn\u00e9 teszi \u0151ket k\u00fcl\u00f6nf\u00e9le ipari alkalmaz\u00e1sokban. Jellemz\u0151ik, megfelel\u0151 haszn\u00e1lati m\u00f3dszereik \u00e9s karbantart\u00e1si k\u00f6vetelm\u00e9nyeik meg\u00e9rt\u00e9s\u00e9vel a kezel\u0151k maximaliz\u00e1lhatj\u00e1k emel\u0151berendez\u00e9seik teljes\u00edtm\u00e9ny\u00e9t \u00e9s biztons\u00e1g\u00e1t, v\u00e9gs\u0151 soron n\u00f6velve az anyagmozgat\u00e1si feladatok termel\u00e9kenys\u00e9g\u00e9t. A kiv\u00e1l\u00f3 min\u0151s\u00e9g\u0171 emel\u0151hidraulikus hengerekbe val\u00f3 befektet\u00e9s biztos\u00edtja a megb\u00edzhat\u00f3 \u00e9s hat\u00e9kony m\u0171k\u00f6d\u00e9st, ami elengedhetetlen minden v\u00e1llalkoz\u00e1s siker\u00e9hez.<\/p>\n<h1 style=\"text-align: center;\"><img loading=\"lazy\" decoding=\"async\" class=\"alignnone wp-image-17598\" src=\"https:\/\/www.hydraulic-cylinders.net\/wp-content\/uploads\/2025\/03\/Lifting-hydraulic-cylinders-for-Storage-and-handling-vehicle.jpg\" alt=\"\" width=\"500\" height=\"500\" srcset=\"https:\/\/www.hydraulic-cylinders.net\/wp-content\/uploads\/2025\/03\/Lifting-hydraulic-cylinders-for-Storage-and-handling-vehicle.jpg 500w, https:\/\/www.hydraulic-cylinders.net\/wp-content\/uploads\/2025\/03\/Lifting-hydraulic-cylinders-for-Storage-and-handling-vehicle-480x480.jpg 480w\" sizes=\"(min-width: 0px) and (max-width: 480px) 480px, (min-width: 481px) 500px, 100vw\" \/><\/h1>\n<p style=\"text-align: center;\"><strong>Hidraulikus emel\u0151hengerek t\u00e1rol\u00f3- \u00e9s anyagmozgat\u00f3 j\u00e1rm\u0171vekhez<\/strong><\/p>\n<h2><strong>Hidraulikus emel\u0151hengerek t\u00e1rol\u00f3- \u00e9s anyagmozgat\u00f3 j\u00e1rm\u0171vekhez <\/strong><strong>M\u0171szaki adatok<\/strong><strong>:<\/strong><\/h2>\n<p><strong>Funkci\u00f3:<\/strong> A villa teljes balra \u00e9s jobbra mozg\u00e1s\u00e1nak el\u00e9r\u00e9s\u00e9re szolg\u00e1l<br \/>\n<strong>Henger \u00e1tm\u00e9r\u0151je:<\/strong> 70 mm-120 mm<br \/>\n<strong>R\u00fad \u00e1tm\u00e9r\u0151je:<\/strong> 30 mm-60 mm<br \/>\n<strong>Utaz\u00e1si:<\/strong> 300 mm-1025 mm<br \/>\n<strong>Maxim\u00e1lis nyom\u00e1s:<\/strong> 21MPa<br \/>\n<strong>Maxim\u00e1lis tol\u00f3er\u0151:<\/strong> 238KN<\/p>\n<h2><strong>T\u00e1rol\u00f3 \u00e9s anyagmozgat\u00f3 j\u00e1rm\u0171vek hidraulikus henger sorozata:\u00a0<\/strong><\/h2>\n<h2><img loading=\"lazy\" decoding=\"async\" class=\"aligncenter wp-image-17600 size-full\" src=\"https:\/\/www.hydraulic-cylinders.net\/wp-content\/uploads\/2025\/03\/Storage-and-handling-vehicle-hydraulic-cylinders-construction.webp\" alt=\"\" width=\"640\" height=\"358\" srcset=\"https:\/\/www.hydraulic-cylinders.net\/wp-content\/uploads\/2025\/03\/Storage-and-handling-vehicle-hydraulic-cylinders-construction.webp 640w, https:\/\/www.hydraulic-cylinders.net\/wp-content\/uploads\/2025\/03\/Storage-and-handling-vehicle-hydraulic-cylinders-construction-480x269.webp 480w\" sizes=\"(min-width: 0px) and (max-width: 480px) 480px, (min-width: 481px) 640px, 100vw\" \/><\/h2>\n<h2><strong>A t\u00e1rol\u00f3- \u00e9s anyagmozgat\u00f3 j\u00e1rm\u0171vekhez haszn\u00e1lt hidraulikus emel\u0151hengerek f\u0151bb jellemz\u0151i<\/strong><strong>:<\/strong><\/h2>\n<ul>\n<li><strong>Nagy teherb\u00edr\u00e1s:<\/strong> Az emel\u0151hidraulikus munkahengerek jelent\u0151s s\u00falyok elvisel\u00e9s\u00e9re vannak tervezve, biztos\u00edtva a biztons\u00e1gos \u00e9s hat\u00e9kony m\u0171k\u00f6d\u00e9st m\u00e9g a legnehezebb k\u00f6r\u00fclm\u00e9nyek k\u00f6z\u00f6tt is. Ez a k\u00e9pess\u00e9g elengedhetetlen a nagy raklapok, kont\u00e9nerek \u00e9s neh\u00e9z berendez\u00e9sek hat\u00e9kony mozgat\u00e1s\u00e1hoz, \u00edgy n\u00e9lk\u00fcl\u00f6zhetetlenek a rakt\u00e1rakban \u00e9s az eloszt\u00f3k\u00f6zpontokban. A megb\u00edzhat\u00f3 emel\u0151er\u0151 biztos\u00edt\u00e1s\u00e1val ezek a munkahengerek n\u00f6velik az \u00e1ltal\u00e1nos termel\u00e9kenys\u00e9get \u00e9s a biztons\u00e1got a munkav\u00e9gz\u00e9s sor\u00e1n.<\/li>\n<li><strong>Tart\u00f3s konstrukci\u00f3:<\/strong> A nagy szil\u00e1rds\u00e1g\u00fa anyagokb\u00f3l k\u00e9sz\u00fclt emel\u0151hidraulikus munkahengerek \u00fagy vannak kialak\u00edtva, hogy ellen\u00e1lljanak a zord haszn\u00e1latnak \u00e9s ellen\u00e1lljanak a kop\u00e1snak. Robusztus fel\u00e9p\u00edt\u00e9s\u00fck nemcsak meghosszabb\u00edtja \u00e9lettartamukat, hanem cs\u00f6kkenti a gyakori cser\u00e9k sz\u00fcks\u00e9gess\u00e9g\u00e9t is, \u00edgy k\u00f6lts\u00e9ghat\u00e9kony megold\u00e1st jelentenek a neh\u00e9z emel\u00e9seket v\u00e9gz\u0151 v\u00e1llalkoz\u00e1sok sz\u00e1m\u00e1ra. A tart\u00f3s munkahengerekbe val\u00f3 befektet\u00e9s kevesebb \u00e1ll\u00e1sid\u0151t \u00e9s alacsonyabb karbantart\u00e1si k\u00f6lts\u00e9geket jelent, ami hozz\u00e1j\u00e1rul a hat\u00e9konyabb m\u0171k\u00f6d\u00e9shez.<\/li>\n<li><strong>Sima m\u0171k\u00f6d\u00e9s:<\/strong> Ezekben a munkahengerekben tal\u00e1lhat\u00f3 hidraulikus rendszer sima \u00e9s egyenletes emel\u00e9si m\u0171veleteket biztos\u00edt, jelent\u0151sen minimaliz\u00e1lva a r\u00e1zk\u00f3d\u00e1st \u00e9s a rezg\u00e9seket m\u0171k\u00f6d\u00e9s k\u00f6zben. Ez a sima fut\u00e1s a jobb rakom\u00e1nystabilit\u00e1s biztos\u00edt\u00e1s\u00e1val fokozza a biztons\u00e1got, cs\u00f6kkentve a balesetek vagy az \u00e1ruk k\u00e1rosod\u00e1s\u00e1nak kock\u00e1zat\u00e1t. A kezel\u0151k ezekre a munkahengerekre t\u00e1maszkodhatnak a feladatok prec\u00edz elv\u00e9gz\u00e9s\u00e9ben, biztos\u00edtva a rakom\u00e1nyok finom \u00e9s hat\u00e9kony kezel\u00e9s\u00e9t.<\/li>\n<li><strong>Kompakt kialak\u00edt\u00e1s:<\/strong> Az emel\u0151hidraulikus munkahengerek kompakt kialak\u00edt\u00e1s\u00faak, amelyek lehet\u0151v\u00e9 teszik a z\u00f6kken\u0151mentes integr\u00e1ci\u00f3t k\u00fcl\u00f6nf\u00e9le t\u00e1rol\u00f3- \u00e9s anyagmozgat\u00f3 j\u00e1rm\u0171vekbe. Ez a helytakar\u00e9kos kialak\u00edt\u00e1s maximaliz\u00e1lja a j\u00e1rm\u0171 mozg\u00e9konys\u00e1g\u00e1t, lehet\u0151v\u00e9 t\u00e9ve a sz\u0171k helyeken val\u00f3 k\u00f6nny\u0171 navig\u00e1l\u00e1st. A kezel\u0151k \u00e9lvezhetik az \u00e1ramvonalas kialak\u00edt\u00e1s el\u0151nyeit, amely n\u00f6veli az \u00e1ltal\u00e1nos hat\u00e9konys\u00e1got, lehet\u0151v\u00e9 t\u00e9ve a gyorsabb reag\u00e1l\u00e1st a gyors temp\u00f3j\u00fa k\u00f6rnyezetben.<\/li>\n<li><strong>Sokoldal\u00fa alkalmaz\u00e1sok:<\/strong> Ezek a hidraulikus munkahengerek sz\u00e1mos j\u00e1rm\u0171t\u00edpussal kompatibilisek, bele\u00e9rtve a targonc\u00e1kat, raklapemel\u0151ket \u00e9s hidraulikus emel\u0151ket. Ez a sokoldal\u00fas\u00e1g alkalmass\u00e1 teszi \u0151ket k\u00fcl\u00f6nf\u00e9le ipar\u00e1gak sz\u00e1m\u00e1ra, a logisztik\u00e1t\u00f3l \u00e9s a gy\u00e1rt\u00e1st\u00f3l kezdve az \u00e9p\u00edt\u0151iparon \u00e1t a mez\u0151gazdas\u00e1gig. A k\u00fcl\u00f6nb\u00f6z\u0151 berendez\u00e9sig\u00e9nyekhez val\u00f3 alkalmazkod\u00f3k\u00e9pess\u00e9g\u00fck azt jelenti, hogy a v\u00e1llalkoz\u00e1sok szabv\u00e1nyos\u00edthatj\u00e1k alkatr\u00e9szeiket, egyszer\u0171s\u00edtve a karbantart\u00e1st \u00e9s jav\u00edtva a m\u0171k\u00f6d\u00e9si hat\u00e9konys\u00e1got.<\/li>\n<\/ul>\n<h2><strong>Haszn\u00e1lati esetek hidraulikus hengerek emel\u00e9s\u00e9hez t\u00e1rol\u00f3 \u00e9s kezel\u0151 j\u00e1rm\u0171vekhez<\/strong><strong>:<\/strong><\/h2>\n<p>Az emel\u0151hidraulikus munkahengerek elengedhetetlenek a t\u00e1rol\u00f3- \u00e9s anyagmozgat\u00f3 j\u00e1rm\u0171vek hat\u00e9kony m\u0171k\u00f6d\u00e9s\u00e9hez. A neh\u00e9z terhek sima \u00e9s biztons\u00e1gos emel\u00e9s\u00e9re \u00e9s s\u00fcllyeszt\u00e9s\u00e9re val\u00f3 k\u00e9pess\u00e9g\u00fck elengedhetetlenn\u00e9 teszi \u0151ket k\u00fcl\u00f6nf\u00e9le ipari alkalmaz\u00e1sokban. \u00cdme n\u00e9h\u00e1ny kulcsfontoss\u00e1g\u00fa felhaszn\u00e1l\u00e1si eset:<\/p>\n<h4>1. <strong>Rakt\u00e1ri m\u0171veletek<\/strong><\/h4>\n<p>A rakt\u00e1rakban az emel\u0151hidraulikus munkahengerek kulcsfontoss\u00e1g\u00faak a raklapok mozgat\u00e1s\u00e1hoz \u00e9s egym\u00e1sra rak\u00e1s\u00e1hoz. Lehet\u0151v\u00e9 teszik a targonc\u00e1k \u00e9s raklapemel\u0151k sz\u00e1m\u00e1ra, hogy neh\u00e9z terheket emeljenek a magas polcokra, optimaliz\u00e1lva a f\u00fcgg\u0151leges t\u00e1rol\u00e1si helyet \u00e9s megk\u00f6nny\u00edtve a k\u00e9szlethez val\u00f3 hozz\u00e1f\u00e9r\u00e9st.<\/p>\n<h4>2. <strong>Be- \u00e9s kirakod\u00e1s<\/strong><\/h4>\n<p>Teheraut\u00f3k be- \u00e9s kirakod\u00e1sakor ezek a hengerek biztos\u00edtj\u00e1k a sz\u00fcks\u00e9ges teljes\u00edtm\u00e9nyt a rakom\u00e1ny hat\u00e9kony emel\u00e9s\u00e9hez \u00e9s s\u00fcllyeszt\u00e9s\u00e9hez. Ez a k\u00e9pess\u00e9g cs\u00f6kkenti az ezekre a feladatokra ford\u00edtott id\u0151t, \u00e9s minimaliz\u00e1lja az \u00e1ruk k\u00e1rosod\u00e1s\u00e1nak kock\u00e1zat\u00e1t.<\/p>\n<h4>3. <strong>Gy\u00e1rt\u00f3\u00fczemek<\/strong><\/h4>\n<p>Gy\u00e1rt\u00e1si k\u00f6rnyezetben az emel\u0151hidraulikus munkahengerek seg\u00edtik az alkatr\u00e9szek sz\u00e1ll\u00edt\u00e1s\u00e1t a gy\u00e1rt\u00e1s k\u00fcl\u00f6nb\u00f6z\u0151 szakaszai k\u00f6z\u00f6tt. Lehet\u0151v\u00e9 teszik az anyagok pontos pozicion\u00e1l\u00e1s\u00e1t, jav\u00edtva a munkafolyamatot \u00e9s a termel\u00e9kenys\u00e9get az \u00f6sszeszerel\u0151 sorokon.<\/p>\n<h4>4. <strong>\u00c9p\u00edt\u00e9si ter\u00fcletek<\/strong><\/h4>\n<p>\u00c9p\u00edt\u00e9si ter\u00fcleteken ezek a munkahengerek elengedhetetlenek neh\u00e9z anyagok, p\u00e9ld\u00e1ul gerend\u00e1k, betonblokkok \u00e9s berendez\u00e9sek emel\u00e9s\u00e9hez. Lehet\u0151v\u00e9 teszik a terhek pontos elhelyez\u00e9s\u00e9t, jav\u00edtva a biztons\u00e1got \u00e9s a hat\u00e9konys\u00e1got az \u00e9p\u00edt\u00e9si feladatok sor\u00e1n.<\/p>\n<h4>5. <strong>Aut\u00f3ipar<\/strong><\/h4>\n<p>Az emel\u0151 hidraulikus hengereket aut\u00f3ipari \u00f6sszeszerel\u0151 sorokban haszn\u00e1lj\u00e1k j\u00e1rm\u0171vek vagy alkatr\u00e9szek emel\u00e9s\u00e9re gy\u00e1rt\u00e1s \u00e9s jav\u00edt\u00e1s sor\u00e1n. A stabil emel\u00e9s k\u00e9pess\u00e9g\u00fck ide\u00e1liss\u00e1 teszi \u0151ket a prec\u00edzi\u00f3t ig\u00e9nyl\u0151 feladatokhoz.<\/p>\n<p>Nagy teherb\u00edr\u00e1s\u00fa targonca munkahengereket keres? Tekintse meg a mi aj\u00e1nlatunkat <a href=\"https:\/\/www.hydraulic-cylinders.net\/hu\/forklift-hydraulic-cylinder\/\">Nagy teherb\u00edr\u00e1s\u00fa hidraulikus hengerek<\/a>.<\/p>\n<h2><strong>Targoncahenger gy\u00e1rt\u00e1si ter\u00fclet:<\/strong><\/h2>\n<h2><img loading=\"lazy\" decoding=\"async\" class=\"alignnone size-full wp-image-16972\" src=\"https:\/\/www.hydraulic-cylinders.net\/wp-content\/uploads\/2025\/01\/hydraulic-cylinder-factory-1-scaled.webp\" sizes=\"(min-width: 0px) and (max-width: 480px) 480px, (min-width: 481px) and (max-width: 980px) 980px, (min-width: 981px) and (max-width: 1280px) 1280px, (min-width: 1281px) 2016px, 100vw\" srcset=\"https:\/\/www.hydraulic-cylinders.net\/wp-content\/uploads\/2025\/01\/hydraulic-cylinder-factory-1-scaled.webp 2016w, https:\/\/www.hydraulic-cylinders.net\/wp-content\/uploads\/2025\/01\/hydraulic-cylinder-factory-1-1280x1625.webp 1280w, https:\/\/www.hydraulic-cylinders.net\/wp-content\/uploads\/2025\/01\/hydraulic-cylinder-factory-1-980x1244.webp 980w, https:\/\/www.hydraulic-cylinders.net\/wp-content\/uploads\/2025\/01\/hydraulic-cylinder-factory-1-480x610.webp 480w\" alt=\"\" width=\"2016\" height=\"2560\" \/><\/h2>\n<p>Els\u0151 oszt\u00e1ly\u00fa, f\u00fcggetlen K+F platformmal rendelkez\u00fcnk az \u00f6sszeszerel\u00e9shez. A targoncahenger-gy\u00e1rt\u00f3 m\u0171hely\u00fcnk n\u00e9gy f\u00e9lautomata emel\u0151henger-\u00f6sszeszerel\u0151 sorral \u00e9s egy teljesen automatikus billen\u0151henger-\u00f6sszeszerel\u0151 sorral rendelkezik, amelyek tervezett \u00e9ves termel\u00e9si kapacit\u00e1sa milli\u00f3 darab. A speci\u00e1lis hengerm\u0171hely k\u00fcl\u00f6nf\u00e9le specifik\u00e1ci\u00f3j\u00fa f\u00e9lautomata tiszt\u00edt\u00f3- \u00e9s \u00f6sszeszerel\u0151 rendszerekkel rendelkezik, amelyek tervezett \u00e9ves termel\u00e9si kapacit\u00e1sa 200 000 darab. Fel van szerelve h\u00edres m\u00e1rk\u00e1j\u00fa CNC megmunk\u00e1l\u00f3 berendez\u00e9sekkel, megmunk\u00e1l\u00f3 k\u00f6zpontokkal, nagy pontoss\u00e1g\u00fa hengermegmunk\u00e1l\u00f3 speci\u00e1lis berendez\u00e9sekkel, robothegeszt\u0151 g\u00e9pekkel, automata tiszt\u00edt\u00f3g\u00e9pekkel, automata henger\u00f6sszeszerel\u0151 g\u00e9pekkel \u00e9s automata fest\u00e9kgy\u00e1rt\u00f3 sorokkal. T\u00f6bb mint 300 kulcsfontoss\u00e1g\u00fa berendez\u00e9s \u00fczemel. A berendez\u00e9si er\u0151forr\u00e1sok optimaliz\u00e1lt eloszt\u00e1sa \u00e9s hat\u00e9kony kihaszn\u00e1l\u00e1sa biztos\u00edtja a term\u00e9kek prec\u00edzi\u00f3s k\u00f6vetelm\u00e9nyeit \u00e9s a term\u00e9kek magas min\u0151s\u00e9gi k\u00f6vetelm\u00e9nyeinek val\u00f3 megfelel\u00e9st.<\/p>\n<p>A megmunk\u00e1l\u00f3 m\u0171hely egyedi gy\u00e1rt\u00e1s\u00fa d\u00f6nthet\u0151 vezet\u0151s\u00edn-eszterg\u00e1l\u00f3 k\u00f6zpontokkal, megmunk\u00e1l\u00f3k\u00f6zpontokkal, nagysebess\u00e9g\u0171 h\u00f3nol\u00f3g\u00e9pekkel, hegeszt\u0151robotokkal \u00e9s egy\u00e9b relev\u00e1ns berendez\u00e9sekkel van felszerelve, amelyek k\u00e9pesek kezelni a 400 mm-es maxim\u00e1lis bels\u0151 \u00e1tm\u00e9r\u0151j\u0171 \u00e9s 6 m\u00e9ter maxim\u00e1lis hossz\u00fas\u00e1g\u00fa hengercs\u00f6vek megmunk\u00e1l\u00e1si munk\u00e1it.<\/p>\n<h2><img loading=\"lazy\" decoding=\"async\" class=\"alignnone size-full wp-image-16973\" src=\"https:\/\/www.hydraulic-cylinders.net\/wp-content\/uploads\/2025\/01\/hydraulic-cylinder-factory-2-scaled.webp\" sizes=\"(min-width: 0px) and (max-width: 480px) 480px, (min-width: 481px) and (max-width: 980px) 980px, (min-width: 981px) and (max-width: 1280px) 1280px, (min-width: 1281px) 2011px, 100vw\" srcset=\"https:\/\/www.hydraulic-cylinders.net\/wp-content\/uploads\/2025\/01\/hydraulic-cylinder-factory-2-scaled.webp 2011w, https:\/\/www.hydraulic-cylinders.net\/wp-content\/uploads\/2025\/01\/hydraulic-cylinder-factory-2-1280x1629.webp 1280w, https:\/\/www.hydraulic-cylinders.net\/wp-content\/uploads\/2025\/01\/hydraulic-cylinder-factory-2-980x1248.webp 980w, https:\/\/www.hydraulic-cylinders.net\/wp-content\/uploads\/2025\/01\/hydraulic-cylinder-factory-2-480x611.webp 480w\" alt=\"\" width=\"2011\" height=\"2560\" \/><\/h2>\n<p>Rendelkez\u00fcnk egy teljesen automatikus, v\u00edzb\u00e1zis\u00fa fest\u00e9kbevon\u00f3 sorral kis \u00e9s k\u00f6zepes palackokhoz, amely automatikus be- \u00e9s kirakod\u00f3, valamint automatikus permetez\u0151 robotokat val\u00f3s\u00edt meg, 4000 f\u00e9r\u0151helyes tervezett gy\u00e1rt\u00e1si kapacit\u00e1ssal m\u0171szakonk\u00e9nt. Van egy m\u00e1sik f\u00e9lautomata fest\u0151sorunk nagym\u00e9ret\u0171 palackokhoz, amelyet er\u0151\u00e1tviteli l\u00e1nc hajt, \u00e9s amelynek tervezett kapacit\u00e1sa 60 l\u00e1da m\u0171szakonk\u00e9nt.<\/p>\n<p>A term\u00e9kteljes\u00edtm\u00e9ny tov\u00e1bbi jav\u00edt\u00e1sa \u00e9s hidraulikus hengereink ipar\u00e1gi vezet\u0151 poz\u00edci\u00f3j\u00e1nak megszil\u00e1rd\u00edt\u00e1sa \u00e9rdek\u00e9ben v\u00e1llalatunk \u00e9s a zjimee k\u00f6z\u00f6sen l\u00e9trehoztak egy \u00e1tfog\u00f3 teljes\u00edtm\u00e9nylaborat\u00f3riumot hidraulikus hengerek, hidraulikus szelepek \u00e9s hidraulikus szivatty\u00fak sz\u00e1m\u00e1ra; a laborat\u00f3riumban sz\u00e1m\u00edt\u00f3g\u00e9ppel seg\u00edtett tesztel\u00e9st v\u00e9geznek elektrohidraulikus technol\u00f3gi\u00e1val, a vizsg\u00e1lati felt\u00e9teleket egy sz\u00e1m\u00edt\u00f3g\u00e9p \u00e1ll\u00edtja be, ami jav\u00edtja a vizsg\u00e1lat pontoss\u00e1g\u00e1t \u00e9s a rendszer sokoldal\u00fas\u00e1g\u00e1t, valamint a k\u00eds\u00e9rleti adatokat.<\/p>\n<p>Az automatikus adatgy\u0171jt\u00e9s \u00e9rz\u00e9kel\u0151k alkalmaz\u00e1s\u00e1val val\u00f3sul meg, \u00e9s a kimeneti adatokat, p\u00e9ld\u00e1ul a henger vagy a szelep bels\u0151 sziv\u00e1rg\u00e1s\u00e1t \u00e9s terhel\u00e9si hat\u00e1sfok\u00e1t, a sz\u00e1m\u00edt\u00f3g\u00e9p k\u00f6zvetlen\u00fcl feldolgozza \u00e9s szabv\u00e1nyos m\u00e9rt\u00e9kegys\u00e9gre (ml\/min%) konvert\u00e1lja. Ugyanakkor a hidraulikus rendszer \u00fczembiztons\u00e1g\u00e1nak biztos\u00edt\u00e1sa \u00e9rdek\u00e9ben \u00e1llapotfel\u00fcgyeleti funkci\u00f3t is v\u00e9geznek olyan kulcsfontoss\u00e1g\u00fa teljes\u00edtm\u00e9nyparam\u00e9terek eset\u00e9ben, mint az \u201eolajh\u0151m\u00e9rs\u00e9klet-fel\u00fcgyelet, folyad\u00e9kszint-fel\u00fcgyelet, sz\u0171r\u0151berendez\u00e9s-fel\u00fcgyelet\u201d stb. A hidraulikus henger teszt\u00e1llv\u00e1ny t\u00f6bbek k\u00f6z\u00f6tt a \u201eterhel\u00e9s\u201d teljes\u00edtm\u00e9ny\u00e9t is tesztelheti.<br \/>\nhat\u00e9konys\u00e1g \u201e\u00e9s\u201d bels\u0151 sziv\u00e1rg\u00e1s\u201d leolvas\u00e1sokkal. Ugyanakkor egy r\u00e1csos vonalz\u00f3s m\u00e9r\u0151m\u0171szerrel van felszerelve, amely megfelel a hidraulikus hengerterm\u00e9kek \u00f6sszes vizsg\u00e1lati t\u00e9tel\u00e9re vonatkoz\u00f3 k\u00f6vetelm\u00e9nyeknek a nemzeti szabv\u00e1ny szerint.<\/p>\n<p>&nbsp;<\/p>","protected":false},"excerpt":{"rendered":"<p>Lifting Hydraulic Cylinders for Storage and Handling Vehicles Lifting hydraulic cylinders are essential components in storage and handling vehicles, enabling efficient lifting and lowering of heavy loads. These cylinders convert hydraulic pressure into mechanical force, providing the power necessary to perform a variety of tasks in warehouses, distribution centers, and manufacturing facilities. Their reliability and [&hellip;]<\/p>","protected":false},"featured_media":17599,"comment_status":"open","ping_status":"closed","template":"","meta":{"_et_pb_use_builder":"","_et_pb_old_content":"","_et_gb_content_width":""},"product_brand":[],"product_cat":[1484,1549],"product_tag":[],"class_list":{"0":"post-17596","1":"product","2":"type-product","3":"status-publish","4":"has-post-thumbnail","6":"product_cat-forklift-hydraulic-cylinders","7":"product_cat-single-acting-hydraulic-cylinder","9":"first","10":"instock","11":"shipping-taxable","12":"product-type-simple"},"amp_enabled":true,"_links":{"self":[{"href":"https:\/\/www.hydraulic-cylinders.net\/hu\/wp-json\/wp\/v2\/product\/17596","targetHints":{"allow":["GET"]}}],"collection":[{"href":"https:\/\/www.hydraulic-cylinders.net\/hu\/wp-json\/wp\/v2\/product"}],"about":[{"href":"https:\/\/www.hydraulic-cylinders.net\/hu\/wp-json\/wp\/v2\/types\/product"}],"replies":[{"embeddable":true,"href":"https:\/\/www.hydraulic-cylinders.net\/hu\/wp-json\/wp\/v2\/comments?post=17596"}],"wp:featuredmedia":[{"embeddable":true,"href":"https:\/\/www.hydraulic-cylinders.net\/hu\/wp-json\/wp\/v2\/media\/17599"}],"wp:attachment":[{"href":"https:\/\/www.hydraulic-cylinders.net\/hu\/wp-json\/wp\/v2\/media?parent=17596"}],"wp:term":[{"taxonomy":"product_brand","embeddable":true,"href":"https:\/\/www.hydraulic-cylinders.net\/hu\/wp-json\/wp\/v2\/product_brand?post=17596"},{"taxonomy":"product_cat","embeddable":true,"href":"https:\/\/www.hydraulic-cylinders.net\/hu\/wp-json\/wp\/v2\/product_cat?post=17596"},{"taxonomy":"product_tag","embeddable":true,"href":"https:\/\/www.hydraulic-cylinders.net\/hu\/wp-json\/wp\/v2\/product_tag?post=17596"}],"curies":[{"name":"munkaf\u00fczet","href":"https:\/\/api.w.org\/{rel}","templated":true}]}}