{"id":17601,"date":"2025-03-18T06:41:02","date_gmt":"2025-03-18T06:41:02","guid":{"rendered":"https:\/\/www.hydraulic-cylinders.net\/?post_type=product&#038;p=17601"},"modified":"2025-04-11T01:44:49","modified_gmt":"2025-04-11T01:44:49","slug":"lifting-hydraulic-cylinders-of-pallet-stacker-truck","status":"publish","type":"product","link":"https:\/\/www.hydraulic-cylinders.net\/hu\/termek\/lifting-hydraulic-cylinders-of-pallet-stacker-truck\/","title":{"rendered":"Raklapemel\u0151 hidraulikus hengerek emel\u00e9se"},"content":{"rendered":"<h1 style=\"text-align: center;\"><strong>Raklapemel\u0151 hidraulikus hengerek emel\u00e9se<\/strong><\/h1>\n<p>Az emel\u0151hidraulikus munkahengerek a raklapemel\u0151k alapvet\u0151 alkatr\u00e9szei, amelyek lehet\u0151v\u00e9 teszik a neh\u00e9z terhek hat\u00e9kony emel\u00e9s\u00e9t \u00e9s s\u00fcllyeszt\u00e9s\u00e9t. Ezek a munkahengerek a hidraulikus nyom\u00e1st mechanikai er\u0151v\u00e9 alak\u00edtj\u00e1k, biztos\u00edtva a raklapok \u00e9s egy\u00e9b anyagok k\u00f6nny\u0171 kezel\u00e9s\u00e9hez sz\u00fcks\u00e9ges teljes\u00edtm\u00e9nyt. Megb\u00edzhat\u00f3s\u00e1guk \u00e9s robusztus kialak\u00edt\u00e1suk elengedhetetlenn\u00e9 teszi \u0151ket a rakt\u00e1ri m\u0171veletek optimaliz\u00e1l\u00e1s\u00e1hoz \u00e9s a termel\u00e9kenys\u00e9g n\u00f6vel\u00e9s\u00e9hez.<\/p>\n<p>Az emel\u0151hidraulikus hengerek elengedhetetlenek a raklapemel\u0151 targonc\u00e1k hat\u00e9kony m\u0171k\u00f6d\u00e9s\u00e9hez. Nagy teherb\u00edr\u00e1suk, tart\u00f3s konstrukci\u00f3juk \u00e9s sima m\u0171k\u00f6d\u00e9s\u00fck n\u00e9lk\u00fcl\u00f6zhetetlenn\u00e9 teszi \u0151ket k\u00fcl\u00f6nf\u00e9le ipari alkalmaz\u00e1sokban. Jellemz\u0151ik, megfelel\u0151 haszn\u00e1lati m\u00f3djaik \u00e9s karbantart\u00e1si k\u00f6vetelm\u00e9nyeik meg\u00e9rt\u00e9s\u00e9vel a kezel\u0151k maximaliz\u00e1lhatj\u00e1k berendez\u00e9seik teljes\u00edtm\u00e9ny\u00e9t \u00e9s biztons\u00e1g\u00e1t, v\u00e9gs\u0151 soron n\u00f6velve az anyagmozgat\u00e1si feladatok termel\u00e9kenys\u00e9g\u00e9t. A kiv\u00e1l\u00f3 min\u0151s\u00e9g\u0171 emel\u0151hidraulikus hengerekbe val\u00f3 befektet\u00e9s biztos\u00edtja a megb\u00edzhat\u00f3 \u00e9s hat\u00e9kony m\u0171k\u00f6d\u00e9st, ami elengedhetetlen minden v\u00e1llalkoz\u00e1s siker\u00e9hez.<\/p>\n<h1 style=\"text-align: center;\"><img loading=\"lazy\" decoding=\"async\" class=\"alignnone wp-image-17603\" src=\"https:\/\/www.hydraulic-cylinders.net\/wp-content\/uploads\/2025\/03\/Lifting-hydraulic-cylinders-of-pallet-stacker-truck-scaled.webp\" alt=\"\" width=\"500\" height=\"500\" \/><\/h1>\n<p style=\"text-align: center;\"><strong>Raklapemel\u0151 hidraulikus hengerek emel\u00e9se<\/strong><\/p>\n<h2><strong>Raklapemel\u0151 hidraulikus hengerek emel\u00e9se\u00a0<\/strong><strong>M\u0171szaki adatok<\/strong><strong>:<\/strong><\/h2>\n<p><strong>Funkci\u00f3:<\/strong> A port\u00e1l emel\u0151 \u00e9s s\u00fcllyeszt\u0151 m\u0171k\u00f6d\u00e9s\u00e9nek el\u00e9r\u00e9s\u00e9hez<br \/>\n<strong>Henger \u00e1tm\u00e9r\u0151je:<\/strong> 45 mm \u2013 56 mm<br \/>\n<strong>R\u00fad \u00e1tm\u00e9r\u0151je:<\/strong> 35 mm \u2013 40 mm<br \/>\n<strong>Utaz\u00e1si:<\/strong> 500 mm \u2013 1950 mm<br \/>\n<strong>Maxim\u00e1lis nyom\u00e1s:<\/strong> 20MPa<br \/>\n<strong>Maxim\u00e1lis tol\u00f3er\u0151:<\/strong> 493KN<\/p>\n<h2><strong>Raklapemel\u0151 hidraulikus henger sorozat:\u00a0<\/strong><\/h2>\n<h2><img loading=\"lazy\" decoding=\"async\" class=\"alignnone size-full wp-image-17605\" src=\"https:\/\/www.hydraulic-cylinders.net\/wp-content\/uploads\/2025\/03\/Hydraulic-cylinders-of-pallet-stacker-truck-construction.webp\" alt=\"Raklapemel\u0151 kocsik hidraulikus hengerei\" width=\"1100\" height=\"615\" srcset=\"https:\/\/www.hydraulic-cylinders.net\/wp-content\/uploads\/2025\/03\/Hydraulic-cylinders-of-pallet-stacker-truck-construction.webp 1100w, https:\/\/www.hydraulic-cylinders.net\/wp-content\/uploads\/2025\/03\/Hydraulic-cylinders-of-pallet-stacker-truck-construction-980x548.webp 980w, https:\/\/www.hydraulic-cylinders.net\/wp-content\/uploads\/2025\/03\/Hydraulic-cylinders-of-pallet-stacker-truck-construction-480x268.webp 480w\" sizes=\"(min-width: 0px) and (max-width: 480px) 480px, (min-width: 481px) and (max-width: 980px) 980px, (min-width: 981px) 1100px, 100vw\" \/><\/h2>\n<h2><strong>A raklapemel\u0151 hidraulikus hengereinek f\u0151bb jellemz\u0151i<\/strong><strong>:<\/strong><\/h2>\n<ul>\n<li><strong>Nagy teherb\u00edr\u00e1s:<\/strong> A jelent\u0151s s\u00falyok megtart\u00e1s\u00e1ra tervezett hidraulikus emel\u0151hengerek biztons\u00e1gos \u00e9s hat\u00e9kony m\u0171k\u00f6d\u00e9st biztos\u00edtanak, m\u00e9g nagy terhel\u00e9s alatt is. Ez a k\u00e9pess\u00e9g elengedhetetlen a munkahelyi balesetek megel\u0151z\u00e9s\u00e9hez \u00e9s az anyagmozgat\u00e1si hat\u00e9konys\u00e1g jav\u00edt\u00e1s\u00e1hoz.<\/li>\n<li><strong>Tart\u00f3s konstrukci\u00f3:<\/strong> Nagy szil\u00e1rds\u00e1g\u00fa anyagokb\u00f3l k\u00e9sz\u00fcltek, ezek a munkahengerek ellen\u00e1llnak a kop\u00e1snak \u00e9s a szakad\u00e1snak, \u00edgy hossz\u00fa t\u00e1v\u00fa teljes\u00edtm\u00e9nyt biztos\u00edtanak. Robusztus kialak\u00edt\u00e1suk minimaliz\u00e1lja a meghib\u00e1sod\u00e1s kock\u00e1zat\u00e1t, \u00edgy k\u00f6lts\u00e9ghat\u00e9kony megold\u00e1st jelentenek a neh\u00e9z emel\u00e9seket v\u00e9gz\u0151 v\u00e1llalkoz\u00e1sok sz\u00e1m\u00e1ra.<\/li>\n<li><strong>Sima m\u0171k\u00f6d\u00e9s:<\/strong> A hidraulikus rendszer sima \u00e9s k\u00f6vetkezetes emel\u00e9si m\u0171veleteket biztos\u00edt, cs\u00f6kkentve a r\u00e1zk\u00f3d\u00e1st \u00e9s a rezg\u00e9seket. Ez a funkci\u00f3 n\u00f6veli a biztons\u00e1got \u00e9s jav\u00edtja a rakom\u00e1ny stabilit\u00e1s\u00e1t m\u0171k\u00f6d\u00e9s k\u00f6zben, lehet\u0151v\u00e9 t\u00e9ve a prec\u00edz kezel\u00e9st.<\/li>\n<li><strong>Kompakt kialak\u00edt\u00e1s:<\/strong> Az emel\u0151hidraulikus munkahengerek kompakt m\u00e9retben kaphat\u00f3k, \u00edgy k\u00f6nnyen integr\u00e1lhat\u00f3k a k\u00fcl\u00f6nf\u00e9le raklapemel\u00e9s\u0171 targonc\u00e1kba. Ez a kialak\u00edt\u00e1s maximaliz\u00e1lja a helykihaszn\u00e1l\u00e1st, mik\u00f6zben meg\u0151rzi a mozg\u00e9konys\u00e1got \u00e9s a man\u0151verezhet\u0151s\u00e9get.<\/li>\n<li><strong>Sokoldal\u00fa alkalmaz\u00e1sok:<\/strong> Ezek a hidraulikus munkahengerek t\u00f6bbf\u00e9le raklapemel\u0151 targonc\u00e1val kompatibilisek, \u00e9s sokf\u00e9le ipar\u00e1gban alkalmazhat\u00f3k, bele\u00e9rtve a logisztik\u00e1t, a gy\u00e1rt\u00e1st \u00e9s a kiskereskedelmet. Ez a sokoldal\u00fas\u00e1g n\u00f6veli hasznoss\u00e1gukat a k\u00fcl\u00f6nf\u00e9le m\u0171k\u00f6d\u00e9si ig\u00e9nyek kiel\u00e9g\u00edt\u00e9s\u00e9ben.<\/li>\n<\/ul>\n<h2><strong>Haszn\u00e1lati esetek raklapemel\u0151 hidraulikus hengereinek emel\u00e9s\u00e9hez<\/strong><strong>:<\/strong><\/h2>\n<p>Az emel\u0151hidraulikus munkahengerek a raklapemel\u0151k kritikus alkatr\u00e9szei, amelyek lehet\u0151v\u00e9 teszik sz\u00e1mukra az anyagmozgat\u00e1s \u00e9s a logisztika sz\u00e1mos alapvet\u0151 feladat\u00e1nak elv\u00e9gz\u00e9s\u00e9t. \u00cdme n\u00e9h\u00e1ny kulcsfontoss\u00e1g\u00fa felhaszn\u00e1l\u00e1si eset:<\/p>\n<h4>1. <strong>Rakt\u00e1ri rakod\u00e1s \u00e9s visszakeres\u00e9s<\/strong><\/h4>\n<p>Az emel\u0151hidraulikus hengerekkel felszerelt raklapemel\u0151k hat\u00e9konyan rakj\u00e1k egym\u00e1sra \u00e9s veszik ki a raklapokat a magas t\u00e1rol\u00f3polcokr\u00f3l. A hengerek lehet\u0151v\u00e9 teszik a sima emel\u00e9st \u00e9s s\u00fcllyeszt\u00e9st, optimaliz\u00e1lj\u00e1k a f\u00fcgg\u0151leges t\u00e1rol\u00e1si helyet \u00e9s megk\u00f6nny\u00edtik a k\u00e9szlethez val\u00f3 gyors hozz\u00e1f\u00e9r\u00e9st.<\/p>\n<h4>2. <strong>Be- \u00e9s kirakod\u00e1si m\u0171veletek<\/strong><\/h4>\n<p>Az eloszt\u00f3k\u00f6zpontokban vagy kiskereskedelmi \u00fczletekben t\u00f6rt\u00e9n\u0151 be- \u00e9s kirakod\u00e1s sor\u00e1n ezek a hidraulikus hengerek lehet\u0151v\u00e9 teszik a raklapok pontos pozicion\u00e1l\u00e1s\u00e1t. Ez a k\u00e9pess\u00e9g cs\u00f6kkenti az \u00e1ruk k\u00e1rosod\u00e1s\u00e1nak kock\u00e1zat\u00e1t \u00e9s minimaliz\u00e1lja az ezekhez a m\u0171veletekhez sz\u00fcks\u00e9ges id\u0151t.<\/p>\n<h4>3. <strong>Rendel\u00e9sek komissi\u00f3z\u00e1sa<\/strong><\/h4>\n<p>Azokban a k\u00f6rnyezetekben, ahol komissi\u00f3z\u00e1sra van sz\u00fcks\u00e9g, az emel\u0151hidraulikus hengerekkel ell\u00e1tott raklapemel\u0151k a vill\u00e1kat a megfelel\u0151 magass\u00e1gba emelhetik az egyes t\u00e9telek el\u00e9r\u00e9s\u00e9hez. Ez a funkci\u00f3 n\u00f6veli a hat\u00e9konys\u00e1got \u00e9s a pontoss\u00e1got az \u00fcgyf\u00e9lrendel\u00e9sek teljes\u00edt\u00e9s\u00e9ben.<\/p>\n<h4>4. <strong>\u00c1trakod\u00e1s<\/strong><\/h4>\n<p>A kereszt-dokkol\u00e1si m\u0171veletek sor\u00e1n, ahol a term\u00e9keket k\u00f6zvetlen\u00fcl a bej\u00f6v\u0151 sz\u00e1ll\u00edt\u00e1si m\u00f3db\u00f3l a kimen\u0151be helyezik \u00e1t, az emel\u0151hidraulikus hengerek lehet\u0151v\u00e9 teszik a raklapok gyors \u00e9s hat\u00e9kony mozgat\u00e1s\u00e1t. Ez cs\u00f6kkenti a kezel\u00e9si id\u0151t \u00e9s jav\u00edtja az \u00e1ltal\u00e1nos logisztikai hat\u00e9konys\u00e1got.<\/p>\n<h4>5. <strong>Anyagmozgat\u00e1s a gy\u00e1rt\u00e1sban<\/strong><\/h4>\n<p>A gy\u00e1rt\u00f3\u00fczemekben a raklapemel\u0151k gyakran sz\u00e1ll\u00edtanak nyersanyagokat \u00e9s k\u00e9szterm\u00e9keket. Az emel\u0151hidraulikus munkahengerek lehet\u0151v\u00e9 teszik a targonc\u00e1k sz\u00e1m\u00e1ra, hogy neh\u00e9z terheket biztons\u00e1gosan mozgassanak a k\u00fcl\u00f6nb\u00f6z\u0151 termel\u00e9si ter\u00fcletek k\u00f6z\u00f6tt, \u00edgy biztos\u00edtva a z\u00f6kken\u0151mentes munkafolyamatot.<\/p>\n<p>Nagy teherb\u00edr\u00e1s\u00fa targonca munkahengereket keres? Tekintse meg a mi aj\u00e1nlatunkat <a href=\"https:\/\/www.hydraulic-cylinders.net\/hu\/forklift-hydraulic-cylinder\/\">Nagy teherb\u00edr\u00e1s\u00fa hidraulikus hengerek<\/a>.<\/p>\n<h2><strong>Targoncahenger gy\u00e1rt\u00e1si ter\u00fclet:<\/strong><\/h2>\n<h2><img loading=\"lazy\" decoding=\"async\" class=\"alignnone size-full wp-image-16972\" src=\"https:\/\/www.hydraulic-cylinders.net\/wp-content\/uploads\/2025\/01\/hydraulic-cylinder-factory-1-scaled.webp\" sizes=\"(min-width: 0px) and (max-width: 480px) 480px, (min-width: 481px) and (max-width: 980px) 980px, (min-width: 981px) and (max-width: 1280px) 1280px, (min-width: 1281px) 2016px, 100vw\" srcset=\"https:\/\/www.hydraulic-cylinders.net\/wp-content\/uploads\/2025\/01\/hydraulic-cylinder-factory-1-scaled.webp 2016w, https:\/\/www.hydraulic-cylinders.net\/wp-content\/uploads\/2025\/01\/hydraulic-cylinder-factory-1-1280x1625.webp 1280w, https:\/\/www.hydraulic-cylinders.net\/wp-content\/uploads\/2025\/01\/hydraulic-cylinder-factory-1-980x1244.webp 980w, https:\/\/www.hydraulic-cylinders.net\/wp-content\/uploads\/2025\/01\/hydraulic-cylinder-factory-1-480x610.webp 480w\" alt=\"\" width=\"2016\" height=\"2560\" \/><\/h2>\n<p>Els\u0151 oszt\u00e1ly\u00fa, f\u00fcggetlen K+F platformmal rendelkez\u00fcnk az \u00f6sszeszerel\u00e9shez. A targoncahenger-gy\u00e1rt\u00f3 m\u0171hely\u00fcnk n\u00e9gy f\u00e9lautomata emel\u0151henger-\u00f6sszeszerel\u0151 sorral \u00e9s egy teljesen automatikus billen\u0151henger-\u00f6sszeszerel\u0151 sorral rendelkezik, amelyek tervezett \u00e9ves termel\u00e9si kapacit\u00e1sa milli\u00f3 darab. A speci\u00e1lis hengerm\u0171hely k\u00fcl\u00f6nf\u00e9le specifik\u00e1ci\u00f3j\u00fa f\u00e9lautomata tiszt\u00edt\u00f3- \u00e9s \u00f6sszeszerel\u0151 rendszerekkel rendelkezik, amelyek tervezett \u00e9ves termel\u00e9si kapacit\u00e1sa 200 000 darab. Fel van szerelve h\u00edres m\u00e1rk\u00e1j\u00fa CNC megmunk\u00e1l\u00f3 berendez\u00e9sekkel, megmunk\u00e1l\u00f3 k\u00f6zpontokkal, nagy pontoss\u00e1g\u00fa hengermegmunk\u00e1l\u00f3 speci\u00e1lis berendez\u00e9sekkel, robothegeszt\u0151 g\u00e9pekkel, automata tiszt\u00edt\u00f3g\u00e9pekkel, automata henger\u00f6sszeszerel\u0151 g\u00e9pekkel \u00e9s automata fest\u00e9kgy\u00e1rt\u00f3 sorokkal. T\u00f6bb mint 300 kulcsfontoss\u00e1g\u00fa berendez\u00e9s \u00fczemel. A berendez\u00e9si er\u0151forr\u00e1sok optimaliz\u00e1lt eloszt\u00e1sa \u00e9s hat\u00e9kony kihaszn\u00e1l\u00e1sa biztos\u00edtja a term\u00e9kek prec\u00edzi\u00f3s k\u00f6vetelm\u00e9nyeit \u00e9s a term\u00e9kek magas min\u0151s\u00e9gi k\u00f6vetelm\u00e9nyeinek val\u00f3 megfelel\u00e9st.<\/p>\n<p>A megmunk\u00e1l\u00f3 m\u0171hely egyedi gy\u00e1rt\u00e1s\u00fa d\u00f6nthet\u0151 vezet\u0151s\u00edn-eszterg\u00e1l\u00f3 k\u00f6zpontokkal, megmunk\u00e1l\u00f3k\u00f6zpontokkal, nagysebess\u00e9g\u0171 h\u00f3nol\u00f3g\u00e9pekkel, hegeszt\u0151robotokkal \u00e9s egy\u00e9b relev\u00e1ns berendez\u00e9sekkel van felszerelve, amelyek k\u00e9pesek kezelni a 400 mm-es maxim\u00e1lis bels\u0151 \u00e1tm\u00e9r\u0151j\u0171 \u00e9s 6 m\u00e9ter maxim\u00e1lis hossz\u00fas\u00e1g\u00fa hengercs\u00f6vek megmunk\u00e1l\u00e1si munk\u00e1it.<\/p>\n<h2><img loading=\"lazy\" decoding=\"async\" class=\"alignnone size-full wp-image-16973\" src=\"https:\/\/www.hydraulic-cylinders.net\/wp-content\/uploads\/2025\/01\/hydraulic-cylinder-factory-2-scaled.webp\" sizes=\"(min-width: 0px) and (max-width: 480px) 480px, (min-width: 481px) and (max-width: 980px) 980px, (min-width: 981px) and (max-width: 1280px) 1280px, (min-width: 1281px) 2011px, 100vw\" srcset=\"https:\/\/www.hydraulic-cylinders.net\/wp-content\/uploads\/2025\/01\/hydraulic-cylinder-factory-2-scaled.webp 2011w, https:\/\/www.hydraulic-cylinders.net\/wp-content\/uploads\/2025\/01\/hydraulic-cylinder-factory-2-1280x1629.webp 1280w, https:\/\/www.hydraulic-cylinders.net\/wp-content\/uploads\/2025\/01\/hydraulic-cylinder-factory-2-980x1248.webp 980w, https:\/\/www.hydraulic-cylinders.net\/wp-content\/uploads\/2025\/01\/hydraulic-cylinder-factory-2-480x611.webp 480w\" alt=\"\" width=\"2011\" height=\"2560\" \/><\/h2>\n<p>Rendelkez\u00fcnk egy teljesen automatikus, v\u00edzb\u00e1zis\u00fa fest\u00e9kbevon\u00f3 sorral kis \u00e9s k\u00f6zepes palackokhoz, amely automatikus be- \u00e9s kirakod\u00f3, valamint automatikus permetez\u0151 robotokat val\u00f3s\u00edt meg, 4000 f\u00e9r\u0151helyes tervezett gy\u00e1rt\u00e1si kapacit\u00e1ssal m\u0171szakonk\u00e9nt. Van egy m\u00e1sik f\u00e9lautomata fest\u0151sorunk nagym\u00e9ret\u0171 palackokhoz, amelyet er\u0151\u00e1tviteli l\u00e1nc hajt, \u00e9s amelynek tervezett kapacit\u00e1sa 60 l\u00e1da m\u0171szakonk\u00e9nt.<\/p>\n<p>A term\u00e9kteljes\u00edtm\u00e9ny tov\u00e1bbi jav\u00edt\u00e1sa \u00e9s hidraulikus hengereink ipar\u00e1gi vezet\u0151 poz\u00edci\u00f3j\u00e1nak megszil\u00e1rd\u00edt\u00e1sa \u00e9rdek\u00e9ben v\u00e1llalatunk \u00e9s a zjimee k\u00f6z\u00f6sen l\u00e9trehoztak egy \u00e1tfog\u00f3 teljes\u00edtm\u00e9nylaborat\u00f3riumot hidraulikus hengerek, hidraulikus szelepek \u00e9s hidraulikus szivatty\u00fak sz\u00e1m\u00e1ra; a laborat\u00f3riumban sz\u00e1m\u00edt\u00f3g\u00e9ppel seg\u00edtett tesztel\u00e9st v\u00e9geznek elektrohidraulikus technol\u00f3gi\u00e1val, a vizsg\u00e1lati felt\u00e9teleket egy sz\u00e1m\u00edt\u00f3g\u00e9p \u00e1ll\u00edtja be, ami jav\u00edtja a vizsg\u00e1lat pontoss\u00e1g\u00e1t \u00e9s a rendszer sokoldal\u00fas\u00e1g\u00e1t, valamint a k\u00eds\u00e9rleti adatokat.<\/p>\n<p>Az automatikus adatgy\u0171jt\u00e9s \u00e9rz\u00e9kel\u0151k alkalmaz\u00e1s\u00e1val val\u00f3sul meg, \u00e9s a kimeneti adatokat, p\u00e9ld\u00e1ul a henger vagy a szelep bels\u0151 sziv\u00e1rg\u00e1s\u00e1t \u00e9s terhel\u00e9si hat\u00e1sfok\u00e1t, a sz\u00e1m\u00edt\u00f3g\u00e9p k\u00f6zvetlen\u00fcl feldolgozza \u00e9s szabv\u00e1nyos m\u00e9rt\u00e9kegys\u00e9gre (ml\/min%) konvert\u00e1lja. Ugyanakkor a hidraulikus rendszer \u00fczembiztons\u00e1g\u00e1nak biztos\u00edt\u00e1sa \u00e9rdek\u00e9ben \u00e1llapotfel\u00fcgyeleti funkci\u00f3t is v\u00e9geznek olyan kulcsfontoss\u00e1g\u00fa teljes\u00edtm\u00e9nyparam\u00e9terek eset\u00e9ben, mint az \u201eolajh\u0151m\u00e9rs\u00e9klet-fel\u00fcgyelet, folyad\u00e9kszint-fel\u00fcgyelet, sz\u0171r\u0151berendez\u00e9s-fel\u00fcgyelet\u201d stb. A hidraulikus henger teszt\u00e1llv\u00e1ny t\u00f6bbek k\u00f6z\u00f6tt a \u201eterhel\u00e9s\u201d teljes\u00edtm\u00e9ny\u00e9t is tesztelheti.<br \/>\nhat\u00e9konys\u00e1g \u201e\u00e9s\u201d bels\u0151 sziv\u00e1rg\u00e1s\u201d leolvas\u00e1sokkal. Ugyanakkor egy r\u00e1csos vonalz\u00f3s m\u00e9r\u0151m\u0171szerrel van felszerelve, amely megfelel a hidraulikus hengerterm\u00e9kek \u00f6sszes vizsg\u00e1lati t\u00e9tel\u00e9re vonatkoz\u00f3 k\u00f6vetelm\u00e9nyeknek a nemzeti szabv\u00e1ny szerint.<\/p>\n<p>&nbsp;<\/p>","protected":false},"excerpt":{"rendered":"<p>Lifting Hydraulic Cylinders of Pallet Stacker Truck Lifting hydraulic cylinders are essential components of pallet stacker trucks, enabling efficient lifting and lowering of heavy loads. These cylinders convert hydraulic pressure into mechanical force, providing the power necessary to handle pallets and other materials with ease. Their reliability and robust design make them crucial for optimizing [&hellip;]<\/p>","protected":false},"featured_media":17604,"comment_status":"open","ping_status":"closed","template":"","meta":{"_et_pb_use_builder":"","_et_pb_old_content":"","_et_gb_content_width":""},"product_brand":[],"product_cat":[1484,1549,1376],"product_tag":[],"class_list":{"0":"post-17601","1":"product","2":"type-product","3":"status-publish","4":"has-post-thumbnail","6":"product_cat-forklift-hydraulic-cylinders","7":"product_cat-single-acting-hydraulic-cylinder","8":"product_cat-hydraulic-cylinder","10":"first","11":"instock","12":"shipping-taxable","13":"product-type-simple"},"amp_enabled":true,"_links":{"self":[{"href":"https:\/\/www.hydraulic-cylinders.net\/hu\/wp-json\/wp\/v2\/product\/17601","targetHints":{"allow":["GET"]}}],"collection":[{"href":"https:\/\/www.hydraulic-cylinders.net\/hu\/wp-json\/wp\/v2\/product"}],"about":[{"href":"https:\/\/www.hydraulic-cylinders.net\/hu\/wp-json\/wp\/v2\/types\/product"}],"replies":[{"embeddable":true,"href":"https:\/\/www.hydraulic-cylinders.net\/hu\/wp-json\/wp\/v2\/comments?post=17601"}],"wp:featuredmedia":[{"embeddable":true,"href":"https:\/\/www.hydraulic-cylinders.net\/hu\/wp-json\/wp\/v2\/media\/17604"}],"wp:attachment":[{"href":"https:\/\/www.hydraulic-cylinders.net\/hu\/wp-json\/wp\/v2\/media?parent=17601"}],"wp:term":[{"taxonomy":"product_brand","embeddable":true,"href":"https:\/\/www.hydraulic-cylinders.net\/hu\/wp-json\/wp\/v2\/product_brand?post=17601"},{"taxonomy":"product_cat","embeddable":true,"href":"https:\/\/www.hydraulic-cylinders.net\/hu\/wp-json\/wp\/v2\/product_cat?post=17601"},{"taxonomy":"product_tag","embeddable":true,"href":"https:\/\/www.hydraulic-cylinders.net\/hu\/wp-json\/wp\/v2\/product_tag?post=17601"}],"curies":[{"name":"munkaf\u00fczet","href":"https:\/\/api.w.org\/{rel}","templated":true}]}}