{"id":17606,"date":"2025-03-18T06:59:19","date_gmt":"2025-03-18T06:59:19","guid":{"rendered":"https:\/\/www.hydraulic-cylinders.net\/?post_type=product&#038;p=17606"},"modified":"2025-04-11T01:44:46","modified_gmt":"2025-04-11T01:44:46","slug":"lift-hydraulic-cylinders-for-forward-moving-forklift","status":"publish","type":"product","link":"https:\/\/www.hydraulic-cylinders.net\/hu\/termek\/lift-hydraulic-cylinders-for-forward-moving-forklift\/","title":{"rendered":"Emelje fel a hidraulikus hengereket az el\u0151re mozg\u00f3 targonc\u00e1hoz"},"content":{"rendered":"<h1 style=\"text-align: center;\"><strong>Emelje fel a hidraulikus hengereket el\u0151re mozg\u00f3 targonc\u00e1hoz<\/strong><\/h1>\n<p>Az emel\u0151hidraulikus munkahengerek az el\u0151re mozg\u00f3 targonc\u00e1k alapvet\u0151 alkatr\u00e9szei, amelyek biztos\u00edtj\u00e1k a sz\u00fcks\u00e9ges emel\u0151er\u0151t a neh\u00e9z terhek hat\u00e9kony kezel\u00e9s\u00e9hez. Ezek a munkahengerek a hidraulikus nyom\u00e1st mechanikai er\u0151v\u00e9 alak\u00edtj\u00e1k, lehet\u0151v\u00e9 t\u00e9ve a targonc\u00e1k sz\u00e1m\u00e1ra a terhek prec\u00edz emel\u00e9s\u00e9t \u00e9s s\u00fcllyeszt\u00e9s\u00e9t. Robusztus kialak\u00edt\u00e1suk \u00e9s megb\u00edzhat\u00f3 teljes\u00edtm\u00e9ny\u00fck n\u00e9lk\u00fcl\u00f6zhetetlenn\u00e9 teszi \u0151ket k\u00fcl\u00f6nf\u00e9le ipari alkalmaz\u00e1sokban, n\u00f6velve a termel\u00e9kenys\u00e9get \u00e9s a biztons\u00e1got.<\/p>\n<p>Az emel\u0151hidraulikus munkahengerek l\u00e9tfontoss\u00e1g\u00faak az el\u0151re mozg\u00f3 targonc\u00e1k hat\u00e9kony m\u0171k\u00f6d\u00e9s\u00e9hez. Nagy teherb\u00edr\u00e1suk, tart\u00f3s konstrukci\u00f3juk \u00e9s sima m\u0171k\u00f6d\u00e9s\u00fck n\u00e9lk\u00fcl\u00f6zhetetlenn\u00e9 teszi \u0151ket k\u00fcl\u00f6nf\u00e9le ipari alkalmaz\u00e1sokban. Jellemz\u0151ik, megfelel\u0151 haszn\u00e1lati m\u00f3dszereik \u00e9s karbantart\u00e1si k\u00f6vetelm\u00e9nyeik meg\u00e9rt\u00e9s\u00e9vel a kezel\u0151k maximaliz\u00e1lhatj\u00e1k berendez\u00e9seik teljes\u00edtm\u00e9ny\u00e9t \u00e9s biztons\u00e1g\u00e1t, v\u00e9gs\u0151 soron n\u00f6velve az anyagmozgat\u00e1si feladatok termel\u00e9kenys\u00e9g\u00e9t. A kiv\u00e1l\u00f3 min\u0151s\u00e9g\u0171 emel\u0151hidraulikus munkahengerekbe val\u00f3 befektet\u00e9s biztos\u00edtja a megb\u00edzhat\u00f3 \u00e9s hat\u00e9kony m\u0171k\u00f6d\u00e9st, ami elengedhetetlen minden v\u00e1llalkoz\u00e1s siker\u00e9hez.<\/p>\n<h1 style=\"text-align: center;\"><img loading=\"lazy\" decoding=\"async\" class=\"alignnone wp-image-17609\" src=\"https:\/\/www.hydraulic-cylinders.net\/wp-content\/uploads\/2025\/03\/Lift-hydraulic-cylinders-for-Forward-moving-forklift--scaled.webp\" alt=\"\" width=\"500\" height=\"500\" \/><\/h1>\n<p style=\"text-align: center;\"><strong>Raklapemel\u0151 hidraulikus hengerek emel\u00e9se<\/strong><\/p>\n<h2><strong>Emelje fel a hidraulikus hengereket az el\u0151re mozg\u00f3 targonc\u00e1hoz <\/strong><strong>M\u0171szaki adatok<\/strong><strong>:<\/strong><\/h2>\n<p><strong>Funkci\u00f3:<\/strong> A port\u00e1l emel\u0151 \u00e9s s\u00fcllyeszt\u0151 m\u0171k\u00f6d\u00e9s\u00e9nek el\u00e9r\u00e9s\u00e9hez<br \/>\n<strong>Henger \u00e1tm\u00e9r\u0151je:<\/strong> 45 mm-75 mm<br \/>\n<strong>R\u00fad \u00e1tm\u00e9r\u0151je:<\/strong> 45 mm-65 mm<br \/>\n<strong>Utaz\u00e1si:<\/strong> 500 mm-3980 mm<br \/>\n<strong>Maxim\u00e1lis nyom\u00e1s:<\/strong> 21MPa<br \/>\n<strong>Maxim\u00e1lis tol\u00f3er\u0151:<\/strong> 93KN<\/p>\n<h2><strong>El\u0151re mozg\u00f3 targonca henger sorozat:\u00a0<\/strong><\/h2>\n<h2><img loading=\"lazy\" decoding=\"async\" class=\"alignnone size-full wp-image-17611\" src=\"https:\/\/www.hydraulic-cylinders.net\/wp-content\/uploads\/2025\/03\/Forward-moving-forklift-hydraulic-cylinders-construction.webp\" alt=\"El\u0151re mozg\u00f3 targonca hidraulikus hengerek \u00e9p\u00edt\u00e9se\" width=\"1100\" height=\"615\" srcset=\"https:\/\/www.hydraulic-cylinders.net\/wp-content\/uploads\/2025\/03\/Forward-moving-forklift-hydraulic-cylinders-construction.webp 1100w, https:\/\/www.hydraulic-cylinders.net\/wp-content\/uploads\/2025\/03\/Forward-moving-forklift-hydraulic-cylinders-construction-980x548.webp 980w, https:\/\/www.hydraulic-cylinders.net\/wp-content\/uploads\/2025\/03\/Forward-moving-forklift-hydraulic-cylinders-construction-480x268.webp 480w\" sizes=\"(min-width: 0px) and (max-width: 480px) 480px, (min-width: 481px) and (max-width: 980px) 980px, (min-width: 981px) 1100px, 100vw\" \/><\/h2>\n<h2><strong>Az emel\u0151hidraulikus hengerek f\u0151bb jellemz\u0151i el\u0151re mozg\u00f3 targonc\u00e1khoz<\/strong><strong>:<\/strong><\/h2>\n<ul>\n<li><strong>Nagy teherb\u00edr\u00e1s:<\/strong> Az emel\u0151hidraulikus munkahengereket kifejezetten jelent\u0151s s\u00falyok kezel\u00e9s\u00e9re tervezt\u00e9k, biztos\u00edtva a sz\u00fcks\u00e9ges szil\u00e1rds\u00e1got a neh\u00e9z terhek biztons\u00e1gos emel\u00e9s\u00e9hez. Ez a k\u00e9pess\u00e9g kulcsfontoss\u00e1g\u00fa a balesetek megel\u0151z\u00e9s\u00e9ben, mivel biztos\u00edtja, hogy a targonca a terhel\u00e9si hat\u00e1rokon bel\u00fcl m\u0171k\u00f6dj\u00f6n. A hat\u00e9kony anyagmozgat\u00e1s el\u0151seg\u00edt\u00e9s\u00e9vel ezek a munkahengerek n\u00f6velik a termel\u00e9kenys\u00e9get \u00e9s cs\u00f6kkentik az emel\u00e9si feladatokhoz sz\u00fcks\u00e9ges id\u0151t, lehet\u0151v\u00e9 t\u00e9ve a kezel\u0151k sz\u00e1m\u00e1ra, hogy m\u00e1s alapvet\u0151 tev\u00e9kenys\u00e9gekre koncentr\u00e1ljanak.<\/li>\n<li><strong>Tart\u00f3s konstrukci\u00f3:<\/strong> A nagy szil\u00e1rds\u00e1g\u00fa anyagokb\u00f3l k\u00e9sz\u00fclt emel\u0151hidraulikus munkahengerek m\u00e9g a legig\u00e9nyesebb k\u00f6rnyezetben is ellen\u00e1llnak a kop\u00e1snak \u00e9s elhaszn\u00e1l\u00f3d\u00e1snak. Robusztus kialak\u00edt\u00e1suk nemcsak a hossz\u00fa \u00e9lettartamot biztos\u00edtja, hanem jelent\u0151sen minimaliz\u00e1lja a mechanikai meghib\u00e1sod\u00e1sok kock\u00e1zat\u00e1t is. Ez a tart\u00f3ss\u00e1g alacsonyabb karbantart\u00e1si k\u00f6lts\u00e9geket \u00e9s kevesebb \u00e1ll\u00e1sid\u0151t eredm\u00e9nyez, \u00edgy ezek a munkahengerek k\u00f6lts\u00e9ghat\u00e9kony v\u00e1laszt\u00e1st jelentenek azoknak a v\u00e1llalkoz\u00e1soknak, amelyek megb\u00edzhat\u00f3, a mindennapi haszn\u00e1lat megpr\u00f3b\u00e1ltat\u00e1sait kib\u00edr\u00f3 berendez\u00e9seket keresnek.<\/li>\n<li><strong>Sima m\u0171k\u00f6d\u00e9s:<\/strong> A hengerekben tal\u00e1lhat\u00f3 hidraulikus rendszer k\u00f6vetkezetes \u00e9s sima emel\u00e9si \u00e9s s\u00fcllyeszt\u00e9si m\u0171veleteket biztos\u00edt, ami l\u00e9tfontoss\u00e1g\u00fa a rakom\u00e1ny stabilit\u00e1s\u00e1nak fenntart\u00e1s\u00e1hoz. A m\u0171k\u00f6d\u00e9s k\u00f6zbeni r\u00e1zk\u00f3d\u00e1sok \u00e9s rezg\u00e9sek minimaliz\u00e1l\u00e1s\u00e1val az emel\u0151hidraulikus hengerek fokozz\u00e1k mind a kezel\u0151, mind a k\u00f6rnyez\u0151 szem\u00e9lyzet biztons\u00e1g\u00e1t. Ez a sima m\u0171k\u00f6d\u00e9s hozz\u00e1j\u00e1rul a jobb ir\u00e1ny\u00edthat\u00f3s\u00e1ghoz is az \u00e9rz\u00e9keny vagy t\u00f6r\u00e9keny anyagok kezel\u00e9sekor, biztos\u00edtva, hogy azok az emel\u00e9si folyamat sor\u00e1n v\u00e9gig biztons\u00e1gban maradjanak.<\/li>\n<li><strong>Kompakt kialak\u00edt\u00e1s:<\/strong> Az emel\u0151hidraulikus munkahengerek t\u00f6bbf\u00e9le m\u00e9retben kaphat\u00f3k, hogy illeszkedjenek a k\u00fcl\u00f6nb\u00f6z\u0151 targonca modellekhez, lehet\u0151v\u00e9 t\u00e9ve a megl\u00e9v\u0151 berendez\u00e9sekbe val\u00f3 z\u00f6kken\u0151mentes integr\u00e1ci\u00f3t. Ez a kompakt kialak\u00edt\u00e1s nem vesz\u00e9lyezteti a j\u00e1rm\u0171 man\u0151verezhet\u0151s\u00e9g\u00e9t, \u00edgy a kezel\u0151k k\u00f6nnyed\u00e9n navig\u00e1lhatnak sz\u0171k helyeken. Ezeknek a munkahengereknek az alkalmazkod\u00f3k\u00e9pess\u00e9ge biztos\u00edtja, hogy k\u00fcl\u00f6nf\u00e9le alkalmaz\u00e1sokban haszn\u00e1lhat\u00f3k legyenek an\u00e9lk\u00fcl, hogy a targonc\u00e1n jelent\u0151s m\u00f3dos\u00edt\u00e1sokat kellene v\u00e9gezni.<\/li>\n<li><strong>Sokoldal\u00fa alkalmaz\u00e1sok:<\/strong> Ezek a hidraulikus munkahengerek sz\u00e1mos ipar\u00e1gban alkalmazhat\u00f3k, bele\u00e9rtve a logisztik\u00e1t, a gy\u00e1rt\u00e1st \u00e9s az \u00e9p\u00edt\u0151ipar. Sokoldal\u00fas\u00e1guk lehet\u0151v\u00e9 teszi sz\u00e1mukra, hogy alkalmazkodjanak a k\u00fcl\u00f6nf\u00e9le m\u0171k\u00f6d\u00e9si ig\u00e9nyekhez, a rakt\u00e1ri rakod\u00e1st\u00f3l \u00e9s visszakeres\u00e9st\u0151l kezdve az \u00e9p\u00edtkez\u00e9seken t\u00f6rt\u00e9n\u0151 neh\u00e9z emel\u00e9sig. Ez a sz\u00e9lesk\u00f6r\u0171 alkalmazhat\u00f3s\u00e1g lehet\u0151v\u00e9 teszi a v\u00e1llalkoz\u00e1sok sz\u00e1m\u00e1ra, hogy az emel\u0151hidraulikus munkahengereket t\u00f6bb k\u00f6rnyezetben is kihaszn\u00e1lj\u00e1k, optimaliz\u00e1lva anyagmozgat\u00e1si folyamataikat \u00e9s jav\u00edtva az \u00e1ltal\u00e1nos hat\u00e9konys\u00e1got.<\/li>\n<\/ul>\n<h2><strong>Haszn\u00e1lati esetek emel\u0151hidraulikus hengerekhez el\u0151re mozg\u00f3 targonc\u00e1hoz<\/strong><strong>:<\/strong><\/h2>\n<p>Az emel\u0151hidraulikus munkahengerek kulcsszerepet j\u00e1tszanak az el\u0151re mozg\u00f3 targonc\u00e1k funkcionalit\u00e1s\u00e1nak \u00e9s hat\u00e9konys\u00e1g\u00e1nak jav\u00edt\u00e1s\u00e1ban. \u00cdme n\u00e9h\u00e1ny kulcsfontoss\u00e1g\u00fa felhaszn\u00e1l\u00e1si eset, amelyek kiemelik fontoss\u00e1gukat a k\u00fcl\u00f6nb\u00f6z\u0151 ipar\u00e1gakban:<\/p>\n<h3>1. <strong>Rakt\u00e1ri m\u0171veletek<\/strong><\/h3>\n<p>Rakt\u00e1ri k\u00f6rnyezetben az emel\u0151hidraulikus munkahengerek lehet\u0151v\u00e9 teszik a targonc\u00e1k sz\u00e1m\u00e1ra, hogy k\u00fcl\u00f6nb\u00f6z\u0151 magass\u00e1gokban halmozz\u00e1k fel \u00e9s vonj\u00e1k ki a raklapokat. Ez a k\u00e9pess\u00e9g optimaliz\u00e1lja a f\u00fcgg\u0151leges t\u00e1rol\u00f3helyet, \u00e9s lehet\u0151v\u00e9 teszi a k\u00e9szletekhez val\u00f3 gyors hozz\u00e1f\u00e9r\u00e9st, egyszer\u0171s\u00edtve a m\u0171veleteket \u00e9s jav\u00edtva az \u00e1ltal\u00e1nos hat\u00e9konys\u00e1got.<\/p>\n<h3>2. <strong>Be- \u00e9s kirakod\u00e1s<\/strong><\/h3>\n<p>Az emel\u0151hidraulikus munkahengerek megk\u00f6nny\u00edtik az \u00e1ruk be- \u00e9s kirakod\u00e1s\u00e1t teheraut\u00f3kb\u00f3l \u00e9s kont\u00e9nerekb\u0151l. Azzal, hogy lehet\u0151v\u00e9 teszik a targonc\u00e1k sz\u00e1m\u00e1ra a rakom\u00e1nyok sima emel\u00e9s\u00e9t \u00e9s s\u00fcllyeszt\u00e9s\u00e9t, minimaliz\u00e1lj\u00e1k a term\u00e9kek k\u00e1rosod\u00e1s\u00e1nak kock\u00e1zat\u00e1t \u00e9s cs\u00f6kkentik az ezekre a feladatokra ford\u00edtott id\u0151t, n\u00f6velve az \u00f6ssztermel\u00e9kenys\u00e9get.<\/p>\n<h3>3. <strong>Rendel\u00e9sek komissi\u00f3z\u00e1sa<\/strong><\/h3>\n<p>Azokban a k\u00f6rnyezetekben, ahol a komissi\u00f3z\u00e1s elengedhetetlen, a hidraulikus hengerek lehet\u0151v\u00e9 teszik a targonc\u00e1k sz\u00e1m\u00e1ra, hogy pontosan a k\u00edv\u00e1nt magass\u00e1gba poz\u00edcion\u00e1lj\u00e1k magukat az adott t\u00e9telek el\u00e9r\u00e9s\u00e9hez. Ez a funkci\u00f3 jav\u00edtja a megrendel\u00e9sek teljes\u00edt\u00e9s\u00e9nek pontoss\u00e1g\u00e1t \u00e9s n\u00f6veli az \u00e1ltal\u00e1nos m\u0171k\u00f6d\u00e9si hat\u00e9konys\u00e1got.<\/p>\n<h3>4. <strong>\u00c1trakod\u00e1s<\/strong><\/h3>\n<p>A kereszt-dokkol\u00e1si m\u0171veletek sor\u00e1n, ahol a term\u00e9keket k\u00f6zvetlen\u00fcl a bej\u00f6v\u0151 sz\u00e1ll\u00edt\u00e1si m\u00f3db\u00f3l a kimen\u0151be helyezik \u00e1t, az emel\u0151hidraulikus munkahengerek seg\u00edtenek a raklapok gyors \u00e9s hat\u00e9kony mozgat\u00e1s\u00e1ban. Ez cs\u00f6kkenti a kezel\u00e9si id\u0151t, \u00e9s biztos\u00edtja az \u00e1ruk z\u00f6kken\u0151mentes \u00e1raml\u00e1s\u00e1t az ell\u00e1t\u00e1si l\u00e1ncban.<\/p>\n<h3>5. <strong>Gy\u00e1rt\u00f3\u00fczemek<\/strong><\/h3>\n<p>Gy\u00e1rt\u00e1si k\u00f6rnyezetben az emel\u0151hidraulikus munkahengerek seg\u00edtik a nyersanyagok \u00e9s a k\u00e9szterm\u00e9kek sz\u00e1ll\u00edt\u00e1s\u00e1t a k\u00fcl\u00f6nb\u00f6z\u0151 gy\u00e1rt\u00e1si szakaszok k\u00f6z\u00f6tt. A neh\u00e9z t\u00e1rgyak biztons\u00e1gos emel\u00e9s\u00e9re val\u00f3 k\u00e9pess\u00e9g\u00fck jav\u00edtja a munkafolyamatot \u00e9s a termel\u00e9kenys\u00e9get az \u00f6sszeszerel\u0151 sorokon.<\/p>\n<p>Nagy teherb\u00edr\u00e1s\u00fa targonca munkahengereket keres? Tekintse meg a mi aj\u00e1nlatunkat <a href=\"https:\/\/www.hydraulic-cylinders.net\/hu\/forklift-hydraulic-cylinder\/\">Nagy teherb\u00edr\u00e1s\u00fa hidraulikus hengerek<\/a>.<\/p>\n<h2><strong>Targoncahenger gy\u00e1rt\u00e1si ter\u00fclet:<\/strong><\/h2>\n<h2><img loading=\"lazy\" decoding=\"async\" class=\"alignnone size-full wp-image-16972\" src=\"https:\/\/www.hydraulic-cylinders.net\/wp-content\/uploads\/2025\/01\/hydraulic-cylinder-factory-1-scaled.webp\" sizes=\"(min-width: 0px) and (max-width: 480px) 480px, (min-width: 481px) and (max-width: 980px) 980px, (min-width: 981px) and (max-width: 1280px) 1280px, (min-width: 1281px) 2016px, 100vw\" srcset=\"https:\/\/www.hydraulic-cylinders.net\/wp-content\/uploads\/2025\/01\/hydraulic-cylinder-factory-1-scaled.webp 2016w, https:\/\/www.hydraulic-cylinders.net\/wp-content\/uploads\/2025\/01\/hydraulic-cylinder-factory-1-1280x1625.webp 1280w, https:\/\/www.hydraulic-cylinders.net\/wp-content\/uploads\/2025\/01\/hydraulic-cylinder-factory-1-980x1244.webp 980w, https:\/\/www.hydraulic-cylinders.net\/wp-content\/uploads\/2025\/01\/hydraulic-cylinder-factory-1-480x610.webp 480w\" alt=\"\" width=\"2016\" height=\"2560\" \/><\/h2>\n<p>Els\u0151 oszt\u00e1ly\u00fa, f\u00fcggetlen K+F platformmal rendelkez\u00fcnk az \u00f6sszeszerel\u00e9shez. A targoncahenger-gy\u00e1rt\u00f3 m\u0171hely\u00fcnk n\u00e9gy f\u00e9lautomata emel\u0151henger-\u00f6sszeszerel\u0151 sorral \u00e9s egy teljesen automatikus billen\u0151henger-\u00f6sszeszerel\u0151 sorral rendelkezik, amelyek tervezett \u00e9ves termel\u00e9si kapacit\u00e1sa milli\u00f3 darab. A speci\u00e1lis hengerm\u0171hely k\u00fcl\u00f6nf\u00e9le specifik\u00e1ci\u00f3j\u00fa f\u00e9lautomata tiszt\u00edt\u00f3- \u00e9s \u00f6sszeszerel\u0151 rendszerekkel rendelkezik, amelyek tervezett \u00e9ves termel\u00e9si kapacit\u00e1sa 200 000 darab. Fel van szerelve h\u00edres m\u00e1rk\u00e1j\u00fa CNC megmunk\u00e1l\u00f3 berendez\u00e9sekkel, megmunk\u00e1l\u00f3 k\u00f6zpontokkal, nagy pontoss\u00e1g\u00fa hengermegmunk\u00e1l\u00f3 speci\u00e1lis berendez\u00e9sekkel, robothegeszt\u0151 g\u00e9pekkel, automata tiszt\u00edt\u00f3g\u00e9pekkel, automata henger\u00f6sszeszerel\u0151 g\u00e9pekkel \u00e9s automata fest\u00e9kgy\u00e1rt\u00f3 sorokkal. T\u00f6bb mint 300 kulcsfontoss\u00e1g\u00fa berendez\u00e9s \u00fczemel. A berendez\u00e9si er\u0151forr\u00e1sok optimaliz\u00e1lt eloszt\u00e1sa \u00e9s hat\u00e9kony kihaszn\u00e1l\u00e1sa biztos\u00edtja a term\u00e9kek prec\u00edzi\u00f3s k\u00f6vetelm\u00e9nyeit \u00e9s a term\u00e9kek magas min\u0151s\u00e9gi k\u00f6vetelm\u00e9nyeinek val\u00f3 megfelel\u00e9st.<\/p>\n<p>A megmunk\u00e1l\u00f3 m\u0171hely egyedi gy\u00e1rt\u00e1s\u00fa d\u00f6nthet\u0151 vezet\u0151s\u00edn-eszterg\u00e1l\u00f3 k\u00f6zpontokkal, megmunk\u00e1l\u00f3k\u00f6zpontokkal, nagysebess\u00e9g\u0171 h\u00f3nol\u00f3g\u00e9pekkel, hegeszt\u0151robotokkal \u00e9s egy\u00e9b relev\u00e1ns berendez\u00e9sekkel van felszerelve, amelyek k\u00e9pesek kezelni a 400 mm-es maxim\u00e1lis bels\u0151 \u00e1tm\u00e9r\u0151j\u0171 \u00e9s 6 m\u00e9ter maxim\u00e1lis hossz\u00fas\u00e1g\u00fa hengercs\u00f6vek megmunk\u00e1l\u00e1si munk\u00e1it.<\/p>\n<h2><img loading=\"lazy\" decoding=\"async\" class=\"alignnone size-full wp-image-16973\" src=\"https:\/\/www.hydraulic-cylinders.net\/wp-content\/uploads\/2025\/01\/hydraulic-cylinder-factory-2-scaled.webp\" sizes=\"(min-width: 0px) and (max-width: 480px) 480px, (min-width: 481px) and (max-width: 980px) 980px, (min-width: 981px) and (max-width: 1280px) 1280px, (min-width: 1281px) 2011px, 100vw\" srcset=\"https:\/\/www.hydraulic-cylinders.net\/wp-content\/uploads\/2025\/01\/hydraulic-cylinder-factory-2-scaled.webp 2011w, https:\/\/www.hydraulic-cylinders.net\/wp-content\/uploads\/2025\/01\/hydraulic-cylinder-factory-2-1280x1629.webp 1280w, https:\/\/www.hydraulic-cylinders.net\/wp-content\/uploads\/2025\/01\/hydraulic-cylinder-factory-2-980x1248.webp 980w, https:\/\/www.hydraulic-cylinders.net\/wp-content\/uploads\/2025\/01\/hydraulic-cylinder-factory-2-480x611.webp 480w\" alt=\"\" width=\"2011\" height=\"2560\" \/><\/h2>\n<p>Rendelkez\u00fcnk egy teljesen automatikus, v\u00edzb\u00e1zis\u00fa fest\u00e9kbevon\u00f3 sorral kis \u00e9s k\u00f6zepes palackokhoz, amely automatikus be- \u00e9s kirakod\u00f3, valamint automatikus permetez\u0151 robotokat val\u00f3s\u00edt meg, 4000 f\u00e9r\u0151helyes tervezett gy\u00e1rt\u00e1si kapacit\u00e1ssal m\u0171szakonk\u00e9nt. Van egy m\u00e1sik f\u00e9lautomata fest\u0151sorunk nagym\u00e9ret\u0171 palackokhoz, amelyet er\u0151\u00e1tviteli l\u00e1nc hajt, \u00e9s amelynek tervezett kapacit\u00e1sa 60 l\u00e1da m\u0171szakonk\u00e9nt.<\/p>\n<p>A term\u00e9kteljes\u00edtm\u00e9ny tov\u00e1bbi jav\u00edt\u00e1sa \u00e9s hidraulikus hengereink ipar\u00e1gi vezet\u0151 poz\u00edci\u00f3j\u00e1nak megszil\u00e1rd\u00edt\u00e1sa \u00e9rdek\u00e9ben v\u00e1llalatunk \u00e9s a zjimee k\u00f6z\u00f6sen l\u00e9trehoztak egy \u00e1tfog\u00f3 teljes\u00edtm\u00e9nylaborat\u00f3riumot hidraulikus hengerek, hidraulikus szelepek \u00e9s hidraulikus szivatty\u00fak sz\u00e1m\u00e1ra; a laborat\u00f3riumban sz\u00e1m\u00edt\u00f3g\u00e9ppel seg\u00edtett tesztel\u00e9st v\u00e9geznek elektrohidraulikus technol\u00f3gi\u00e1val, a vizsg\u00e1lati felt\u00e9teleket egy sz\u00e1m\u00edt\u00f3g\u00e9p \u00e1ll\u00edtja be, ami jav\u00edtja a vizsg\u00e1lat pontoss\u00e1g\u00e1t \u00e9s a rendszer sokoldal\u00fas\u00e1g\u00e1t, valamint a k\u00eds\u00e9rleti adatokat.<\/p>\n<p>Az automatikus adatgy\u0171jt\u00e9s \u00e9rz\u00e9kel\u0151k alkalmaz\u00e1s\u00e1val val\u00f3sul meg, \u00e9s a kimeneti adatokat, p\u00e9ld\u00e1ul a henger vagy a szelep bels\u0151 sziv\u00e1rg\u00e1s\u00e1t \u00e9s terhel\u00e9si hat\u00e1sfok\u00e1t, a sz\u00e1m\u00edt\u00f3g\u00e9p k\u00f6zvetlen\u00fcl feldolgozza \u00e9s szabv\u00e1nyos m\u00e9rt\u00e9kegys\u00e9gre (ml\/min%) konvert\u00e1lja. Ugyanakkor a hidraulikus rendszer \u00fczembiztons\u00e1g\u00e1nak biztos\u00edt\u00e1sa \u00e9rdek\u00e9ben \u00e1llapotfel\u00fcgyeleti funkci\u00f3t is v\u00e9geznek olyan kulcsfontoss\u00e1g\u00fa teljes\u00edtm\u00e9nyparam\u00e9terek eset\u00e9ben, mint az \u201eolajh\u0151m\u00e9rs\u00e9klet-fel\u00fcgyelet, folyad\u00e9kszint-fel\u00fcgyelet, sz\u0171r\u0151berendez\u00e9s-fel\u00fcgyelet\u201d stb. A hidraulikus henger teszt\u00e1llv\u00e1ny t\u00f6bbek k\u00f6z\u00f6tt a \u201eterhel\u00e9s\u201d teljes\u00edtm\u00e9ny\u00e9t is tesztelheti.<br \/>\nhat\u00e9konys\u00e1g \u201e\u00e9s\u201d bels\u0151 sziv\u00e1rg\u00e1s\u201d leolvas\u00e1sokkal. Ugyanakkor egy r\u00e1csos vonalz\u00f3s m\u00e9r\u0151m\u0171szerrel van felszerelve, amely megfelel a hidraulikus hengerterm\u00e9kek \u00f6sszes vizsg\u00e1lati t\u00e9tel\u00e9re vonatkoz\u00f3 k\u00f6vetelm\u00e9nyeknek a nemzeti szabv\u00e1ny szerint.<\/p>","protected":false},"excerpt":{"rendered":"<p>Lift Hydraulic Cylinders For Forward Moving Forklift Lift hydraulic cylinders are essential components of forward moving forklifts, providing the necessary lifting power to handle heavy loads efficiently. These cylinders convert hydraulic pressure into mechanical force, enabling forklifts to raise and lower loads with precision. Their robust design and reliable performance make them indispensable in various [&hellip;]<\/p>","protected":false},"featured_media":17610,"comment_status":"open","ping_status":"closed","template":"","meta":{"_et_pb_use_builder":"","_et_pb_old_content":"","_et_gb_content_width":""},"product_brand":[],"product_cat":[1484,1549],"product_tag":[],"class_list":{"0":"post-17606","1":"product","2":"type-product","3":"status-publish","4":"has-post-thumbnail","6":"product_cat-forklift-hydraulic-cylinders","7":"product_cat-single-acting-hydraulic-cylinder","9":"first","10":"instock","11":"shipping-taxable","12":"product-type-simple"},"amp_enabled":true,"_links":{"self":[{"href":"https:\/\/www.hydraulic-cylinders.net\/hu\/wp-json\/wp\/v2\/product\/17606","targetHints":{"allow":["GET"]}}],"collection":[{"href":"https:\/\/www.hydraulic-cylinders.net\/hu\/wp-json\/wp\/v2\/product"}],"about":[{"href":"https:\/\/www.hydraulic-cylinders.net\/hu\/wp-json\/wp\/v2\/types\/product"}],"replies":[{"embeddable":true,"href":"https:\/\/www.hydraulic-cylinders.net\/hu\/wp-json\/wp\/v2\/comments?post=17606"}],"wp:featuredmedia":[{"embeddable":true,"href":"https:\/\/www.hydraulic-cylinders.net\/hu\/wp-json\/wp\/v2\/media\/17610"}],"wp:attachment":[{"href":"https:\/\/www.hydraulic-cylinders.net\/hu\/wp-json\/wp\/v2\/media?parent=17606"}],"wp:term":[{"taxonomy":"product_brand","embeddable":true,"href":"https:\/\/www.hydraulic-cylinders.net\/hu\/wp-json\/wp\/v2\/product_brand?post=17606"},{"taxonomy":"product_cat","embeddable":true,"href":"https:\/\/www.hydraulic-cylinders.net\/hu\/wp-json\/wp\/v2\/product_cat?post=17606"},{"taxonomy":"product_tag","embeddable":true,"href":"https:\/\/www.hydraulic-cylinders.net\/hu\/wp-json\/wp\/v2\/product_tag?post=17606"}],"curies":[{"name":"munkaf\u00fczet","href":"https:\/\/api.w.org\/{rel}","templated":true}]}}