{"id":1778,"date":"2023-10-13T07:48:25","date_gmt":"2023-10-13T07:48:25","guid":{"rendered":"https:\/\/hydraulic-cylinders.net\/?post_type=product&#038;p=1778"},"modified":"2025-04-15T05:54:51","modified_gmt":"2025-04-15T05:54:51","slug":"barge-split-cylinder","status":"publish","type":"product","link":"https:\/\/www.hydraulic-cylinders.net\/hu\/termek\/barge-split-cylinder\/","title":{"rendered":"Usz\u00e1ly osztott henger"},"content":{"rendered":"<h1 style=\"text-align: center;\"><strong>Usz\u00e1ly osztott henger<\/strong><\/h1>\n<h1 style=\"text-align: center;\"><img loading=\"lazy\" decoding=\"async\" class=\"alignnone size-medium wp-image-1782\" src=\"https:\/\/hydraulic-cylinders.net\/wp-content\/uploads\/2023\/10\/split-cylinder-1-0-300x300.webp\" alt=\"\" width=\"300\" height=\"300\" \/><\/h1>\n<p>Az usz\u00e1lyfelt\u00f6lt\u0151 henger egy forradalmian \u00faj term\u00e9k, amelyet a tengeri m\u0171veletek optimaliz\u00e1l\u00e1s\u00e1ra terveztek, k\u00fcl\u00f6n\u00f6sen az \u00e1ruk \u00e9s anyagok sz\u00e1ll\u00edt\u00e1sa \u00e9s kezel\u00e9se ter\u00e9n. Ez az innovat\u00edv hidraulikus henger sz\u00e1mos olyan funkci\u00f3t \u00e9s el\u0151nyt k\u00edn\u00e1l, amelyek n\u00f6velik a hat\u00e9konys\u00e1got, a biztons\u00e1got \u00e9s a termel\u00e9kenys\u00e9get.<\/p>\n<p>Az usz\u00e1lyos osztott munkahenger sz\u00e1mos olyan funkci\u00f3t \u00e9s el\u0151nyt k\u00edn\u00e1l, amelyek n\u00f6velik a hat\u00e9konys\u00e1got, a biztons\u00e1got \u00e9s a termel\u00e9kenys\u00e9get a tengeri m\u0171veletek sor\u00e1n. Osztott kialak\u00edt\u00e1sa, nagy teherb\u00edr\u00e1sa, prec\u00edz vez\u00e9rl\u00e9se \u00e9s megb\u00edzhat\u00f3 hidraulikus rendszere \u00e9rt\u00e9kess\u00e9 teszi rakom\u00e1nykezel\u00e9shez, kotr\u00e1shoz \u00e9s tengeri \u00e9p\u00edt\u00e9si tev\u00e9kenys\u00e9gekhez. Az aj\u00e1nlott haszn\u00e1lati m\u00f3dszerek \u00e9s karbantart\u00e1si gyakorlatok betart\u00e1s\u00e1val az \u00fczemeltet\u0151k maximaliz\u00e1lhatj\u00e1k az usz\u00e1lyos osztott munkahenger teljes\u00edtm\u00e9ny\u00e9t \u00e9s \u00e9lettartam\u00e1t, v\u00e9gs\u0151 soron jav\u00edtva a tengeri m\u0171veletek hat\u00e9konys\u00e1g\u00e1t \u00e9s eredm\u00e9nyess\u00e9g\u00e9t.<\/p>\n<p>Usz\u00e1ly osztott henger f\u0151bb jellemz\u0151i:<\/p>\n<ol>\n<li>Osztott kialak\u00edt\u00e1s a sokoldal\u00fas\u00e1g \u00e9rdek\u00e9ben:<\/li>\n<\/ol>\n<ul>\n<li>Az usz\u00e1ly osztott henger egyedi osztott kialak\u00edt\u00e1ssal rendelkezik, amely lehet\u0151v\u00e9 teszi a k\u00f6nny\u0171 telep\u00edt\u00e9st \u00e9s elt\u00e1vol\u00edt\u00e1st.<\/li>\n<li>This design enables the cylinder&#8217;s swift and efficient attachment or detachment, ensuring flexibility and adaptability for various marine applications.<\/li>\n<\/ul>\n<ol start=\"2\">\n<li>Nagy teherb\u00edr\u00e1s:<\/li>\n<\/ol>\n<ul>\n<li>A henger robusztus fel\u00e9p\u00edt\u00e9s\u0171, amely k\u00e9pes ellen\u00e1llni a nagy terhel\u00e9seknek \u00e9s a zord tengeri k\u00f6r\u00fclm\u00e9nyeknek.<\/li>\n<li>Nagy teherb\u00edr\u00e1sa alkalmass\u00e1 teszi tengeri m\u0171veletekre, bele\u00e9rtve a rakom\u00e1nykezel\u00e9st, a kotr\u00e1st \u00e9s a tengeri \u00e9p\u00edt\u00e9st.<\/li>\n<\/ul>\n<ol start=\"3\">\n<li>Prec\u00edz vez\u00e9rl\u00e9s \u00e9s pozicion\u00e1l\u00e1s:<\/li>\n<\/ol>\n<ul>\n<li>Az usz\u00e1ly osztott hengere prec\u00edz vez\u00e9rl\u00e9si \u00e9s pozicion\u00e1l\u00e1si k\u00e9pess\u00e9geket k\u00edn\u00e1l, lehet\u0151v\u00e9 t\u00e9ve a rakom\u00e1nyok vagy anyagok pontos kezel\u00e9s\u00e9t.<\/li>\n<li>A kezel\u0151k sima \u00e9s kontroll\u00e1lt mozg\u00e1sokat \u00e9rhetnek el, biztos\u00edtva a prec\u00edz elhelyez\u00e9st \u00e9s be\u00e1ll\u00edt\u00e1st rakom\u00e1nykezel\u00e9s vagy egy\u00e9b tengeri m\u0171veletek sor\u00e1n.<\/li>\n<\/ul>\n<ol start=\"4\">\n<li>Megb\u00edzhat\u00f3 hidraulikus rendszer:<\/li>\n<\/ol>\n<ul>\n<li>Megb\u00edzhat\u00f3 hidraulikus rendszerrel felszerelve, a henger biztos\u00edtja az \u00e1lland\u00f3 teljes\u00edtm\u00e9nyt \u00e9s a sima m\u0171k\u00f6d\u00e9st.<\/li>\n<li>A hidraulikus rendszer elegend\u0151 teljes\u00edtm\u00e9nyt \u00e9s vez\u00e9rl\u00e9st biztos\u00edt, lehet\u0151v\u00e9 t\u00e9ve a henger z\u00f6kken\u0151mentes \u00e9s hat\u00e9kony m\u0171k\u00f6d\u00e9s\u00e9t ig\u00e9nyes tengeri k\u00f6rnyezetben.<\/li>\n<\/ul>\n<h2><strong>Usz\u00e1ly osztott henger param\u00e9tere:<\/strong><\/h2>\n<table border=\"1\" cellspacing=\"0\" cellpadding=\"0\">\n<tbody>\n<tr>\n<td>Term\u00e9k neve<\/td>\n<td>Osztott usz\u00e1ly Osztott henger<\/td>\n<\/tr>\n<tr>\n<td>Jellemz\u0151k:<\/td>\n<td>Z\u00e1rt haj\u00f3test<\/td>\n<\/tr>\n<tr>\n<td>Furat\u00e1tm\u00e9r\u0151:<\/td>\n<td>Ak\u00e1r 550 mm<\/td>\n<\/tr>\n<tr>\n<td>R\u00fad \u00e1tm\u00e9r\u0151je:<\/td>\n<td>Ak\u00e1r 280 mm<br \/>\nL\u00f6ket \u22641000 mm<\/td>\n<\/tr>\n<tr>\n<td>H\u00faz\u00f3er\u0151:<\/td>\n<td>Ak\u00e1r 6000 kN<\/td>\n<\/tr>\n<tr>\n<td>Nyom\u00e1s:<\/td>\n<td>Ak\u00e1r 38 MPa<\/td>\n<\/tr>\n<tr>\n<td>Alkalmaz\u00e1sok:<\/td>\n<td>Split usz\u00e1ly<\/td>\n<\/tr>\n<\/tbody>\n<\/table>\n<div><\/div>\n<div>\n<div class=\"txtboxL\">\n<div class=\"txtboxL\">\n<div class=\"txtboxL\">\n<div class=\"txtboxL\">\n<div class=\"txtboxL\">Jellemz\u0151k:<\/div>\n<div class=\"txtboxR\">Z\u00e1rt haj\u00f3test<\/div>\n<div class=\"txtboxL\">Specifik\u00e1ci\u00f3:<\/div>\n<div class=\"txtboxR\">Furat\u00e1tm\u00e9r\u0151: ak\u00e1r 550 mm<br \/>\nR\u00fad \u00e1tm\u00e9r\u0151je: ak\u00e1r 280 mm<br \/>\nL\u00f6ket \u22641000 mm<\/div>\n<div class=\"txtboxL\">H\u00faz\u00f3er\u0151:<\/div>\n<div class=\"txtboxR\">ak\u00e1r 6000 kN-ig<\/div>\n<div class=\"txtboxL\">nyom\u00e1s:<\/div>\n<div class=\"txtboxR\">ak\u00e1r 38 MPa<\/div>\n<\/div>\n<\/div>\n<\/div>\n<\/div>\n<\/div>\n<h2><strong>Usz\u00e1ly osztott henger alkalmaz\u00e1sa:<\/strong><\/h2>\n<p><img loading=\"lazy\" decoding=\"async\" class=\"alignnone wp-image-1780 size-full\" src=\"https:\/\/hydraulic-cylinders.net\/wp-content\/uploads\/2023\/10\/split-barge-cylinder-1.webp\" alt=\"\" width=\"1418\" height=\"946\" srcset=\"https:\/\/hydraulic-cylinders.net\/wp-content\/uploads\/2023\/10\/split-barge-cylinder-1.webp 1418w, https:\/\/hydraulic-cylinders.net\/wp-content\/uploads\/2023\/10\/split-barge-cylinder-1-1280x854.webp 1280w, https:\/\/hydraulic-cylinders.net\/wp-content\/uploads\/2023\/10\/split-barge-cylinder-1-980x654.webp 980w, https:\/\/hydraulic-cylinders.net\/wp-content\/uploads\/2023\/10\/split-barge-cylinder-1-480x320.webp 480w\" sizes=\"(min-width: 0px) and (max-width: 480px) 480px, (min-width: 481px) and (max-width: 980px) 980px, (min-width: 981px) and (max-width: 1280px) 1280px, (min-width: 1281px) 1418px, 100vw\" \/><\/p>\n<h2><strong>A b\u00e1rka osztott henger\u00e9nek haszn\u00e1lati m\u00f3dja<\/strong><strong>:<\/strong><\/h2>\n<ol>\n<li><strong>Telep\u00edt\u00e9s:<\/strong><\/li>\n<\/ol>\n<ul>\n<li>Kezdje azzal, hogy biztons\u00e1gos \u00e9s stabil alapot biztos\u00edt az usz\u00e1ly vagy haj\u00f3 sz\u00e1m\u00e1ra.<\/li>\n<li>Helyezze az usz\u00e1ly oszt\u00f3henger\u00e9t a k\u00edv\u00e1nt helyre az usz\u00e1lyon, \u00fcgyelve a megfelel\u0151 illeszked\u00e9sre a kezelend\u0151 rakom\u00e1nyhoz vagy anyaghoz.<\/li>\n<li>Securely attach the cylinder using the appropriate mounting hardware and follow the manufacturer&#8217;s guidelines for torque specifications.<\/li>\n<\/ul>\n<ol start=\"2\">\n<li><strong>Hidraulikus csatlakoz\u00e1sok:<\/strong><\/li>\n<\/ol>\n<ul>\n<li>Connect the hydraulic hoses from the barge&#8217;s system to the barge split cylinder.<\/li>\n<li>Gy\u0151z\u0151dj\u00f6n meg arr\u00f3l, hogy a csatlakoz\u00e1sok szorosak \u00e9s sziv\u00e1rg\u00e1smentesek.<\/li>\n<li>Check the hydraulic system&#8217;s pressure and flow settings to ensure compatibility with the cylinder&#8217;s requirements.<\/li>\n<\/ul>\n<ol start=\"3\">\n<li><strong>Teherb\u00edr\u00e1s:<\/strong><\/li>\n<\/ol>\n<ul>\n<li>Activate the barge&#8217;s hydraulic system and operate the controls to extend or retract the Barge Split Cylinder as needed.<\/li>\n<li>Haszn\u00e1lja ki a prec\u00edz vez\u00e9rl\u00e9si funkci\u00f3kat a rakom\u00e1ny vagy az anyag pontos \u00e9s hat\u00e9kony kezel\u00e9s\u00e9hez.<\/li>\n<li>A biztons\u00e1gos \u00e9s megb\u00edzhat\u00f3 m\u0171k\u00f6d\u00e9s biztos\u00edt\u00e1sa \u00e9rdek\u00e9ben a rakom\u00e1ny kezel\u00e9se k\u00f6zben figyelje a terhet.<\/li>\n<\/ul>\n<h2><strong>Hogyan lehet leszerelni a hidraulikus hengert a sz\u00e9kr\u0151l?<\/strong><\/h2>\n<p>A hidraulikus henger sz\u00e9kr\u0151l val\u00f3 elt\u00e1vol\u00edt\u00e1s\u00e1hoz n\u00e9h\u00e1ny alapvet\u0151 szersz\u00e1mra lesz sz\u00fcks\u00e9ge, \u00e9s k\u00f6vesse az al\u00e1bbi l\u00e9p\u00e9senk\u00e9nti utas\u00edt\u00e1sokat:<\/p>\n<ol>\n<li><strong>Gy\u0171jtse \u00f6ssze a sz\u00fcks\u00e9ges eszk\u00f6z\u00f6ket:<\/strong>\n<ul>\n<li>\u00c1ll\u00edthat\u00f3 vill\u00e1skulcs vagy cs\u0151kulcs<\/li>\n<li>Gumikalap\u00e1cs vagy kalap\u00e1cs<\/li>\n<li>Csavarh\u00faz\u00f3 (ha sz\u00fcks\u00e9ges)<\/li>\n<\/ul>\n<\/li>\n<li><strong>K\u00e9sz\u00edtse el\u0151 a munkater\u00fcletet:<\/strong>\n<ul>\n<li>Gondoskodjon tiszta \u00e9s j\u00f3l megvil\u00e1g\u00edtott munkav\u00e9gz\u00e9si hely\u00e9r\u0151l.<\/li>\n<li>Helyezzen egy kend\u0151t vagy v\u00e9d\u0151takar\u00f3t a padl\u00f3ra, hogy elker\u00fclje a sz\u00e9k vagy a k\u00f6rnyez\u0151 ter\u00fclet s\u00e9r\u00fcl\u00e9s\u00e9t.<\/li>\n<\/ul>\n<\/li>\n<li><strong>Keresse meg a r\u00f6gz\u00edt\u00e9si pontokat:<\/strong>\n<ul>\n<li>Vizsg\u00e1lja meg a sz\u00e9ket, hogy azonos\u00edtsa a hidraulikus henger r\u00f6gz\u00edt\u00e9si pontjait. Ezek jellemz\u0151en a sz\u00e9k \u00fcl\u0151r\u00e9sze alatt tal\u00e1lhat\u00f3k.<\/li>\n<li>Keressen minden olyan fedelet vagy v\u00e9d\u0151sapk\u00e1t, amely esetleg eltakarja a r\u00f6gz\u00edt\u00e9si pontokat.<\/li>\n<\/ul>\n<\/li>\n<li><strong>T\u00e1vol\u00edtson el minden fedelet vagy kupakot:<\/strong>\n<ul>\n<li>Ha a r\u00f6gz\u00edt\u00e9si pontokon fedelek vagy kupakok vannak, csavarh\u00faz\u00f3val vagy az ujjaival t\u00e1vol\u00edtsa el azokat.<\/li>\n<li>Tegye f\u00e9lre a fedeleket vagy kupakokat biztons\u00e1gos helyre.<\/li>\n<\/ul>\n<\/li>\n<li><strong>Laz\u00edtsa meg a r\u00f6gz\u00edt\u0151any\u00e1t:<\/strong>\n<ul>\n<li>\u00c1ll\u00edthat\u00f3 vill\u00e1skulccsal vagy cs\u0151kulccsal fogja meg a hidraulikus henger tetej\u00e9n l\u00e9v\u0151 r\u00f6gz\u00edt\u0151any\u00e1t.<\/li>\n<li>Forgassa el a kulcsot az \u00f3ramutat\u00f3 j\u00e1r\u00e1s\u00e1val ellent\u00e9tes ir\u00e1nyba az anya meglaz\u00edt\u00e1s\u00e1hoz.<\/li>\n<li>Vegye figyelembe, hogy egyes sz\u00e9keken anya helyett r\u00f6gz\u00edt\u0151kapocs tal\u00e1lhat\u00f3. Ilyen esetekben el\u0151fordulhat, hogy fog\u00f3val vagy csavarh\u00faz\u00f3val kell elt\u00e1vol\u00edtani a kapcsot.<\/li>\n<\/ul>\n<\/li>\n<li><strong>Vegye le a hengert a sz\u00e9k alapj\u00e1r\u00f3l:<\/strong>\n<ul>\n<li>A r\u00f6gz\u00edt\u0151anya meglaz\u00edt\u00e1sa ut\u00e1n az egyik kez\u00e9vel er\u0151sen fogja meg a sz\u00e9k \u00fcl\u00e9s\u00e9t a stabiliz\u00e1l\u00e1shoz.<\/li>\n<li>A m\u00e1sik kez\u00e9vel er\u0151sen fogja meg a hidraulikus henger fels\u0151 r\u00e9sz\u00e9t.<\/li>\n<li>Felfel\u00e9 ir\u00e1nyul\u00f3 er\u0151t alkalmazva csavarja \u00e9s h\u00fazza a hengert, hogy lev\u00e1lassza a sz\u00e9k alapj\u00e1r\u00f3l.<\/li>\n<li>Ha a henger beszorult, egy gumikalap\u00e1ccsal vagy kalap\u00e1ccsal finoman meg\u00fct\u00f6getheti, hogy meglaz\u00edtsa.<\/li>\n<\/ul>\n<\/li>\n<li><strong>Ellen\u0151rizd \u00e9s tiszt\u00edtsd meg:<\/strong>\n<ul>\n<li>Miut\u00e1n a hidraulikus hengert elt\u00e1vol\u00edtotta, ellen\u0151rizze, hogy nincs-e rajta s\u00e9r\u00fcl\u00e9s vagy kop\u00e1s jele.<\/li>\n<li>Tiszt\u00edtsa meg a hengert \u00e9s a sz\u00e9k talp\u00e1t sz\u00fcks\u00e9g eset\u00e9n ruh\u00e1val vagy enyhe tiszt\u00edt\u00f3szerrel.<\/li>\n<li>Ellen\u0151rizze a sz\u00e9k r\u00f6gz\u00edt\u00e9si pontjait, hogy tiszt\u00e1k \u00e9s t\u00f6rmel\u00e9kmentesek-e.<\/li>\n<\/ul>\n<\/li>\n<li><strong>Csere vagy karbantart\u00e1s:<\/strong>\n<ul>\n<li>If you are removing the hydraulic cylinder for maintenance or replacement purposes, follow the manufacturer&#8217;s instructions for the specific model of the chair.<\/li>\n<li>Ha a henger s\u00e9r\u00fclt vagy hib\u00e1san m\u0171k\u00f6dik, vegye fel a kapcsolatot a gy\u00e1rt\u00f3val vagy egy sz\u00e9kjav\u00edt\u00f3 szakemberrel a megfelel\u0151 csere beszerz\u00e9se \u00e9rdek\u00e9ben.<\/li>\n<\/ul>\n<\/li>\n<\/ol>\n<h2><strong>A gy\u00e1r kapacit\u00e1sa \u00e9s kapacit\u00e1sa:<\/strong><\/h2>\n<h3>(1) \u00d6sszeszerel\u00e9s<\/h3>\n<p>Els\u0151 oszt\u00e1ly\u00fa f\u00fcggetlen kutat\u00e1si \u00e9s fejleszt\u00e9si \u00f6sszeszerel\u00e9si platformmal rendelkez\u00fcnk. A hidraulikus hengergy\u00e1rt\u00f3 m\u0171hely n\u00e9gy f\u00e9lautomata emel\u0151henger-\u00f6sszeszerel\u0151 sorral \u00e9s egy automata billen\u0151henger-\u00f6sszeszerel\u0151 sorral rendelkezik, tervezett \u00e9ves gy\u00e1rt\u00e1si kapacit\u00e1sa 1 milli\u00f3 darab. A speci\u00e1lis henger m\u0171hely k\u00fcl\u00f6nb\u00f6z\u0151 specifik\u00e1ci\u00f3j\u00fa f\u00e9lautomata tiszt\u00edt\u00f3 \u00f6sszeszerel\u0151 rendszerrel van felszerelve, amelynek tervezett \u00e9ves termel\u00e9si kapacit\u00e1sa 200.000, \u00e9s h\u00edres CNC megmunk\u00e1l\u00f3 berendez\u00e9ssel, megmunk\u00e1l\u00f3 k\u00f6zponttal, nagy pontoss\u00e1g\u00fa hengerfeldolgoz\u00f3 speci\u00e1lis berendez\u00e9ssel, robothegeszt\u0151 g\u00e9ppel, automatikus tiszt\u00edt\u00f3g\u00e9ppel, automatikus henger \u00f6sszeszerel\u0151 g\u00e9ppel \u00e9s automatikus fest\u00e9si gy\u00e1rt\u00f3sorral van felszerelve. A megl\u00e9v\u0151 kritikus berendez\u00e9sek t\u00f6bb mint 300 k\u00e9szlet (k\u00e9szlet). A berendez\u00e9sek er\u0151forr\u00e1sainak optim\u00e1lis eloszt\u00e1sa \u00e9s hat\u00e9kony felhaszn\u00e1l\u00e1sa biztos\u00edtja a term\u00e9kek pontoss\u00e1gi k\u00f6vetelm\u00e9nyeit \u00e9s megfelel a term\u00e9kek min\u0151s\u00e9gi ig\u00e9nyeinek.<\/p>\n<p><img loading=\"lazy\" decoding=\"async\" class=\"alignnone wp-image-626\" src=\"https:\/\/hydraulic-cylinders.net\/wp-content\/uploads\/2023\/08\/hydraulic-cylinder-product-1-300x158.webp\" alt=\"\" width=\"495\" height=\"260\" srcset=\"https:\/\/hydraulic-cylinders.net\/wp-content\/uploads\/2023\/08\/hydraulic-cylinder-product-1-300x158.webp 495w, https:\/\/hydraulic-cylinders.net\/wp-content\/uploads\/2023\/08\/hydraulic-cylinder-product-1-480x252.webp 480w\" sizes=\"(min-width: 0px) and (max-width: 480px) 480px, (min-width: 481px) 495px, 100vw\" \/> <img loading=\"lazy\" decoding=\"async\" class=\"alignnone wp-image-627\" src=\"https:\/\/hydraulic-cylinders.net\/wp-content\/uploads\/2023\/08\/hydraulic-cylinder-product-2-300x189.webp\" alt=\"\" width=\"413\" height=\"260\" \/><\/p>\n<h3>(2) Megmunk\u00e1l\u00e1s<\/h3>\n<p>A megmunk\u00e1l\u00f3m\u0171hely egyedi, ferde s\u00edneszterg\u00e1l\u00f3 k\u00f6zponttal, megmunk\u00e1l\u00f3k\u00f6zponttal, nagysebess\u00e9g\u0171 h\u00f3nol\u00f3g\u00e9ppel, hegeszt\u0151robottal \u00e9s egy\u00e9b kapcsol\u00f3d\u00f3 berendez\u00e9sekkel van felszerelve, amelyek legfeljebb 400 mm bels\u0151 \u00e1tm\u00e9r\u0151j\u0171 \u00e9s legfeljebb 6 m\u00e9ter hossz\u00fa hengercs\u00f6vek megmunk\u00e1l\u00e1s\u00e1ra k\u00e9pesek.<\/p>\n<p><img loading=\"lazy\" decoding=\"async\" class=\"alignnone wp-image-628 size-large\" src=\"https:\/\/hydraulic-cylinders.net\/wp-content\/uploads\/2023\/08\/hydraulic-cylinder-product-3-1024x391.webp\" alt=\"\" width=\"1024\" height=\"391\" srcset=\"https:\/\/hydraulic-cylinders.net\/wp-content\/uploads\/2023\/08\/hydraulic-cylinder-product-3-980x374.webp 980w, https:\/\/hydraulic-cylinders.net\/wp-content\/uploads\/2023\/08\/hydraulic-cylinder-product-3-480x183.webp 480w\" sizes=\"(min-width: 0px) and (max-width: 480px) 480px, (min-width: 481px) and (max-width: 980px) 980px, (min-width: 981px) 1024px, 100vw\" \/><\/p>\n<h3>(3) Hegeszt\u00e9s<\/h3>\n<p><img loading=\"lazy\" decoding=\"async\" class=\"alignnone wp-image-629 size-large\" src=\"https:\/\/hydraulic-cylinders.net\/wp-content\/uploads\/2023\/08\/hydraulic-cylinder-product-4-1024x510.webp\" alt=\"\" width=\"1024\" height=\"510\" srcset=\"https:\/\/hydraulic-cylinders.net\/wp-content\/uploads\/2023\/08\/hydraulic-cylinder-product-4-980x488.webp 980w, https:\/\/hydraulic-cylinders.net\/wp-content\/uploads\/2023\/08\/hydraulic-cylinder-product-4-480x239.webp 480w\" sizes=\"(min-width: 0px) and (max-width: 480px) 480px, (min-width: 481px) and (max-width: 980px) 980px, (min-width: 981px) 1024px, 100vw\" \/><\/p>\n<h3>(4) Fest\u00e9s \u00e9s bevonatol\u00e1s<\/h3>\n<p>Kis \u00e9s k\u00f6zepes m\u00e9ret\u0171 hengeres automatikus v\u00edzb\u00e1zis\u00fa fest\u00e9kbevon\u00f3 sorokkal, az automatikus robot be- \u00e9s kirakod\u00e1s, valamint az automatikus permetez\u00e9s megval\u00f3s\u00edt\u00e1s\u00e1hoz, a tervez\u00e9si kapacit\u00e1s m\u0171szakonk\u00e9nt 4000 darab;<br \/>\nRendelkez\u00fcnk egy f\u00e9lautomata fest\u00e9kgy\u00e1rt\u00f3sorral is nagym\u00e9ret\u0171 palackokhoz, amelyet egy er\u0151\u00e1tviteli l\u00e1nc hajt, m\u0171szakonk\u00e9nt 60 doboz tervez\u00e9si kapacit\u00e1ssal.<\/p>\n<p><img loading=\"lazy\" decoding=\"async\" class=\"alignnone wp-image-630\" src=\"https:\/\/hydraulic-cylinders.net\/wp-content\/uploads\/2023\/08\/hydraulic-cylinder-product-5-300x213.webp\" alt=\"\" width=\"366\" height=\"260\" \/> <img loading=\"lazy\" decoding=\"async\" class=\"alignnone wp-image-631\" src=\"https:\/\/hydraulic-cylinders.net\/wp-content\/uploads\/2023\/08\/hydraulic-cylinder-product-6-300x225.webp\" alt=\"\" width=\"347\" height=\"260\" \/><\/p>\n<h3>(5) Tesztel\u00e9s<\/h3>\n<p>Els\u0151 oszt\u00e1ly\u00fa ellen\u0151rz\u0151 l\u00e9tes\u00edtm\u00e9nyekkel \u00e9s tesztpadokkal rendelkez\u00fcnk annak biztos\u00edt\u00e1s\u00e1ra, hogy a palack teljes\u00edtm\u00e9nye megfeleljen a k\u00f6vetelm\u00e9nyeknek.<\/p>\n<p><img loading=\"lazy\" decoding=\"async\" class=\"alignnone wp-image-632\" src=\"https:\/\/hydraulic-cylinders.net\/wp-content\/uploads\/2023\/08\/hydraulic-cylinder-product-8-300x200.webp\" alt=\"\" width=\"389\" height=\"260\" \/><\/p>\n<p>&nbsp;<\/p>\n<p>&nbsp;<\/p>\n<p>Mi vagyunk az egyik legjobb hidraulikus henger gy\u00e1rt\u00f3. \u00c1tfog\u00f3 hidraulikus hengereket k\u00edn\u00e1lunk. Megfelel\u0151 szolg\u00e1ltat\u00e1sokat is biztos\u00edtunk. <a href=\"https:\/\/hzpt.com\/agricultural-pto-gearbox\/\" target=\"_blank\" rel=\"noopener\">mez\u0151gazdas\u00e1gi sebess\u00e9gv\u00e1lt\u00f3k<\/a>Term\u00e9keinket vil\u00e1gszerte export\u00e1ltuk \u00fcgyfeleinknek, \u00e9s kiv\u00e1l\u00f3 term\u00e9kmin\u0151s\u00e9g\u00fcnknek \u00e9s \u00e9rt\u00e9kes\u00edt\u00e9s ut\u00e1ni szolg\u00e1ltat\u00e1sunknak k\u00f6sz\u00f6nhet\u0151en j\u00f3 h\u00edrnevet szerezt\u00fcnk. Szeretettel v\u00e1rjuk belf\u00f6ldi \u00e9s k\u00fclf\u00f6ldi \u00fcgyfeleinket, hogy \u00fczleti t\u00e1rgyal\u00e1sok, inform\u00e1ci\u00f3csere \u00e9s egy\u00e9b lehet\u0151s\u00e9gek c\u00e9lj\u00e1b\u00f3l kapcsolatba l\u00e9pjenek vel\u00fcnk. <a href=\"https:\/\/www.hydraulic-cylinders.net\/hu\/contact-us\/\">egy\u00fcttm\u0171k\u00f6dni vel\u00fcnk<\/a>!<\/p>","protected":false},"excerpt":{"rendered":"<p>Barge Split Cylinder The barge split cylinder is a revolutionary product designed to optimize marine operations, particularly in transporting and handling goods and materials. This innovative hydraulic cylinder offers a range of features and benefits that enhance efficiency, safety, and productivity. The barge split cylinder offers a range of features and benefits that enhance efficiency, [&hellip;]<\/p>","protected":false},"featured_media":1783,"comment_status":"open","ping_status":"closed","template":"","meta":{"_et_pb_use_builder":"","_et_pb_old_content":"","_et_gb_content_width":""},"product_brand":[],"product_cat":[1550,1536,1552,1376],"product_tag":[1380],"class_list":{"0":"post-1778","1":"product","2":"type-product","3":"status-publish","4":"has-post-thumbnail","6":"product_cat-double-acting-hydraulic-cylinder","7":"product_cat-offshore-platform-hydraulic-cylinders","8":"product_cat-stainless-steel-hydraulic-cylinder","9":"product_cat-hydraulic-cylinder","10":"product_tag-hydraulic-cylinder","12":"first","13":"instock","14":"shipping-taxable","15":"product-type-simple"},"amp_enabled":true,"_links":{"self":[{"href":"https:\/\/www.hydraulic-cylinders.net\/hu\/wp-json\/wp\/v2\/product\/1778","targetHints":{"allow":["GET"]}}],"collection":[{"href":"https:\/\/www.hydraulic-cylinders.net\/hu\/wp-json\/wp\/v2\/product"}],"about":[{"href":"https:\/\/www.hydraulic-cylinders.net\/hu\/wp-json\/wp\/v2\/types\/product"}],"replies":[{"embeddable":true,"href":"https:\/\/www.hydraulic-cylinders.net\/hu\/wp-json\/wp\/v2\/comments?post=1778"}],"wp:featuredmedia":[{"embeddable":true,"href":"https:\/\/www.hydraulic-cylinders.net\/hu\/wp-json\/wp\/v2\/media\/1783"}],"wp:attachment":[{"href":"https:\/\/www.hydraulic-cylinders.net\/hu\/wp-json\/wp\/v2\/media?parent=1778"}],"wp:term":[{"taxonomy":"product_brand","embeddable":true,"href":"https:\/\/www.hydraulic-cylinders.net\/hu\/wp-json\/wp\/v2\/product_brand?post=1778"},{"taxonomy":"product_cat","embeddable":true,"href":"https:\/\/www.hydraulic-cylinders.net\/hu\/wp-json\/wp\/v2\/product_cat?post=1778"},{"taxonomy":"product_tag","embeddable":true,"href":"https:\/\/www.hydraulic-cylinders.net\/hu\/wp-json\/wp\/v2\/product_tag?post=1778"}],"curies":[{"name":"munkaf\u00fczet","href":"https:\/\/api.w.org\/{rel}","templated":true}]}}