{"id":1832,"date":"2023-10-17T03:51:20","date_gmt":"2023-10-17T03:51:20","guid":{"rendered":"https:\/\/hydraulic-cylinders.net\/?post_type=product&#038;p=1832"},"modified":"2025-04-15T05:43:04","modified_gmt":"2025-04-15T05:43:04","slug":"empty-container-stacker-oil-lifting-cylinder","status":"publish","type":"product","link":"https:\/\/www.hydraulic-cylinders.net\/hu\/termek\/empty-container-stacker-oil-lifting-cylinder\/","title":{"rendered":"\u00dcres tart\u00e1lyemel\u0151 olajemel\u0151 henger"},"content":{"rendered":"<h1 style=\"text-align: center;\"><strong>\u00dcres tart\u00e1lyemel\u0151 olajemel\u0151 henger<\/strong><\/h1>\n<h1 style=\"text-align: center;\"><img loading=\"lazy\" decoding=\"async\" class=\"alignnone wp-image-1833\" src=\"https:\/\/hydraulic-cylinders.net\/wp-content\/uploads\/2023\/10\/lifting-cylinder-1-4-300x300.webp\" alt=\"\" width=\"400\" height=\"400\" \/><\/h1>\n<p>Az \u00fcres kont\u00e9ner rakod\u00f3 olajemel\u0151 hengere egy nagy teljes\u00edtm\u00e9ny\u0171 hidraulikus alkatr\u00e9sz, amelyet a kont\u00e9nerkezel\u00e9si m\u0171veletek, k\u00fcl\u00f6n\u00f6sen az \u00fcres kont\u00e9nerek egym\u00e1sra rak\u00e1s\u00e1nak jav\u00edt\u00e1s\u00e1ra terveztek. Ez a henger prec\u00edzen \u00fagy lett kialak\u00edtva, hogy megb\u00edzhat\u00f3 \u00e9s hat\u00e9kony emel\u00e9si k\u00e9pess\u00e9get biztos\u00edtson, lehet\u0151v\u00e9 t\u00e9ve a kont\u00e9nerek prec\u00edz vez\u00e9rl\u00e9s\u00e9t \u00e9s biztons\u00e1gos mozgat\u00e1s\u00e1t k\u00fcl\u00f6nf\u00e9le rakod\u00e1si alkalmaz\u00e1sokban. Robusztus fel\u00e9p\u00edt\u00e9s\u00e9nek, fejlett funkci\u00f3inak \u00e9s k\u00f6nny\u0171 integr\u00e1ci\u00f3j\u00e1nak k\u00f6sz\u00f6nhet\u0151en az \u00fcres kont\u00e9ner rakod\u00f3 olajemel\u0151 hengere n\u00e9lk\u00fcl\u00f6zhetetlen eszk\u00f6z azoknak a v\u00e1llalatoknak, amelyek optimaliz\u00e1lni szeretn\u00e9k kont\u00e9nerkezel\u00e9si hat\u00e9konys\u00e1gukat \u00e9s termel\u00e9kenys\u00e9g\u00fcket.<\/p>\n<p>Az \u00fcres kont\u00e9nerrakod\u00f3 olajemel\u0151 hengere l\u00e9tfontoss\u00e1g\u00fa a kont\u00e9nerkezel\u00e9si m\u0171veletek optimaliz\u00e1l\u00e1s\u00e1hoz, k\u00fcl\u00f6n\u00f6sen a csupasz kont\u00e9ner rak\u00e1sol\u00e1si alkalmaz\u00e1sokn\u00e1l. Robusztus fel\u00e9p\u00edt\u00e9s\u00e9nek, prec\u00edz vez\u00e9rl\u00e9s\u00e9nek, nagy emel\u0151kapacit\u00e1s\u00e1nak \u00e9s fejlett biztons\u00e1gi funkci\u00f3inak k\u00f6sz\u00f6nhet\u0151en ez a henger lehet\u0151v\u00e9 teszi a kont\u00e9nerek hat\u00e9kony \u00e9s biztons\u00e1gos emel\u00e9s\u00e9t. Az aj\u00e1nlott haszn\u00e1lati m\u00f3dszerek betart\u00e1s\u00e1val \u00e9s a rendszeres karbantart\u00e1si gyakorlatok bevezet\u00e9s\u00e9vel a v\u00e1llalatok maximaliz\u00e1lhatj\u00e1k kont\u00e9nerkezel\u00e9si m\u0171veleteik teljes\u00edtm\u00e9ny\u00e9t, \u00e9lettartam\u00e1t \u00e9s biztons\u00e1g\u00e1t. Az \u00fcres kont\u00e9nerrakod\u00f3 olajemel\u0151 henger\u00e9vel a v\u00e1llalkoz\u00e1sok n\u00f6velhetik a termel\u00e9kenys\u00e9get, korszer\u0171s\u00edthetik a m\u0171k\u00f6d\u00e9st, \u00e9s biztos\u00edthatj\u00e1k a kont\u00e9nerek hat\u00e9kony mozgat\u00e1s\u00e1t az ig\u00e9nyes kont\u00e9nerkezel\u00e9si ipar\u00e1gban.<\/p>\n<p>\u00dcres tart\u00e1lyemel\u0151 olajemel\u0151 henger f\u0151bb jellemz\u0151i:<\/p>\n<ul>\n<li>Robusztus konstrukci\u00f3: Az olajemel\u0151 henger kiv\u00e1l\u00f3 min\u0151s\u00e9g\u0171 anyagokb\u00f3l \u00e9s prec\u00edzi\u00f3s m\u00e9rn\u00f6ki munk\u00e1val k\u00e9sz\u00fclt, \u00edgy tart\u00f3s \u00e9s hossz\u00fa \u00e9lettartam\u00fa m\u00e9g ig\u00e9nyes kont\u00e9nerkezel\u00e9si k\u00f6rnyezetben is. \u00dagy tervezt\u00e9k, hogy ellen\u00e1lljon a nagy terhel\u00e9seknek \u00e9s a gyakori haszn\u00e1latnak, megb\u00edzhat\u00f3 teljes\u00edtm\u00e9nyt ny\u00fajtva \u00e9s minimaliz\u00e1lva a karbantart\u00e1si ig\u00e9nyeket.<\/li>\n<li>Nagy emel\u0151kapacit\u00e1s: A henger jelent\u0151s emel\u0151kapacit\u00e1ssal b\u00fcszk\u00e9lkedhet, amely lehet\u0151v\u00e9 teszi a kont\u00e9nerek biztons\u00e1gos \u00e9s hat\u00e9kony kezel\u00e9s\u00e9t. Sima \u00e9s ellen\u0151rz\u00f6tt emel\u00e9st biztos\u00edt, lehet\u0151v\u00e9 t\u00e9ve a kezel\u0151k sz\u00e1m\u00e1ra az \u00fcres kont\u00e9nerek egyszer\u0171 egym\u00e1sra rak\u00e1s\u00e1t vagy lerakod\u00e1s\u00e1t.<\/li>\n<li>Prec\u00edz vez\u00e9rl\u00e9s: Az \u00fcres kont\u00e9neremel\u0151k olajemel\u0151 hengere prec\u00edz vez\u00e9rl\u00e9st biztos\u00edt az emel\u00e9si folyamat sor\u00e1n. A kezel\u0151k pontosan be\u00e1ll\u00edthatj\u00e1k a kont\u00e9nerek emel\u00e9si magass\u00e1g\u00e1t \u00e9s poz\u00edci\u00f3j\u00e1t, biztos\u00edtva az optim\u00e1lis rakod\u00e1si \u00e9s lerakod\u00e1si igaz\u00edt\u00e1st, mik\u00f6zben minimaliz\u00e1lj\u00e1k a balesetek vagy s\u00e9r\u00fcl\u00e9sek kock\u00e1zat\u00e1t.<\/li>\n<li>Fokozott biztons\u00e1g: A biztons\u00e1g kiemelt fontoss\u00e1g\u00fa a kont\u00e9nerkezel\u00e9si m\u0171veletek sor\u00e1n. Ez az emel\u0151henger olyan fejlett biztons\u00e1gi funkci\u00f3kkal rendelkezik, mint a t\u00falterhel\u00e9s elleni v\u00e9delem \u00e9s a v\u00e9szle\u00e1ll\u00edt\u00f3 mechanizmusok. Ezek a funkci\u00f3k seg\u00edtenek megel\u0151zni a t\u00falterhel\u00e9st \u00e9s biztos\u00edtj\u00e1k a biztons\u00e1gos emel\u00e9si m\u0171veleteket, cs\u00f6kkentve a balesetek \u00e9s s\u00e9r\u00fcl\u00e9sek kock\u00e1zat\u00e1t.<\/li>\n<\/ul>\n<h2><strong>\u00dcres tart\u00e1lyemel\u0151 olajemel\u0151 henger param\u00e9tere:<\/strong><\/h2>\n<table border=\"1\" cellspacing=\"0\" cellpadding=\"0\">\n<tbody>\n<tr>\n<td>Term\u00e9k neve<\/td>\n<td>\u00dcres kont\u00e9neremel\u0151 emel\u0151henger<\/td>\n<\/tr>\n<tr>\n<td>Jellemz\u0151k:<\/td>\n<td>Ismerje fel a tartoz\u00e9kok fel-le mozg\u00e1s\u00e1t, ami az emel\u00e9s f\u0151 hajt\u00f3ereje<\/td>\n<\/tr>\n<tr>\n<td>Furat\u00e1tm\u00e9r\u0151:<\/td>\n<td>85 mm\uff5e220 mm<\/td>\n<\/tr>\n<tr>\n<td>R\u00fad \u00e1tm\u00e9r\u0151je:<\/td>\n<td>6 mm\uff5e180 mm<br \/>\nL\u00f6ket \u22649500 mm<\/td>\n<\/tr>\n<tr>\n<td>Nyom\u00e1s:<\/td>\n<td>Maximum 25MPa<\/td>\n<\/tr>\n<tr>\n<td>Alkalmaz\u00e1sok:<\/td>\n<td>\u00dcres kont\u00e9nerrakod\u00f3<\/td>\n<\/tr>\n<\/tbody>\n<\/table>\n<h2><strong>\u00dcres tart\u00e1lygy\u0171jt\u0151 olajhenger alkalmaz\u00e1sa:<\/strong><\/h2>\n<p><img loading=\"lazy\" decoding=\"async\" class=\"alignnone wp-image-1831 size-full\" src=\"https:\/\/hydraulic-cylinders.net\/wp-content\/uploads\/2023\/10\/empty-container-stacker-oil-cylinder-1.webp\" alt=\"\" width=\"1418\" height=\"946\" srcset=\"https:\/\/hydraulic-cylinders.net\/wp-content\/uploads\/2023\/10\/empty-container-stacker-oil-cylinder-1.webp 1418w, https:\/\/hydraulic-cylinders.net\/wp-content\/uploads\/2023\/10\/empty-container-stacker-oil-cylinder-1-1280x854.webp 1280w, https:\/\/hydraulic-cylinders.net\/wp-content\/uploads\/2023\/10\/empty-container-stacker-oil-cylinder-1-980x654.webp 980w, https:\/\/hydraulic-cylinders.net\/wp-content\/uploads\/2023\/10\/empty-container-stacker-oil-cylinder-1-480x320.webp 480w\" sizes=\"(min-width: 0px) and (max-width: 480px) 480px, (min-width: 481px) and (max-width: 980px) 980px, (min-width: 981px) and (max-width: 1280px) 1280px, (min-width: 1281px) 1418px, 100vw\" \/><\/p>\n<h2><strong>Az \u00fcres kont\u00e9neremel\u0151 olajemel\u0151 henger haszn\u00e1lati m\u00f3dja<\/strong><strong>:<\/strong><\/h2>\n<ul>\n<li><strong>Telep\u00edt\u00e9s:<\/strong>\u00a0 A gy\u00e1rt\u00f3 ir\u00e1nyelveinek \u00e9s el\u0151\u00edr\u00e1sainak megfelel\u0151en szerelje fel az \u00fcres tart\u00e1lyok rakod\u00f3j\u00e1nak olajemel\u0151 henger\u00e9t a kijel\u00f6lt helyre az \u00fcres tart\u00e1lyok rakod\u00f3j\u00e1n. Gy\u0151z\u0151dj\u00f6n meg a megfelel\u0151 be\u00e1ll\u00edt\u00e1sr\u00f3l, a biztons\u00e1gos r\u00f6gz\u00edt\u00e9sr\u0151l \u00e9s a megfelel\u0151 csatlakoz\u00e1sokr\u00f3l.<\/li>\n<li><strong>Hidraulikus csatlakoz\u00e1sok:<\/strong> Csatlakoztassa a hengert az \u00fcres kont\u00e9nert\u00e1rol\u00f3 hidraulikus rendszer\u00e9hez, \u00fcgyelve a hidraulikus vezet\u00e9kek megfelel\u0151 elvezet\u00e9s\u00e9re \u00e9s a biztons\u00e1gos csatlakoz\u00e1sokra. A biztons\u00e1gos \u00e9s hat\u00e9kony m\u0171k\u00f6d\u00e9s biztos\u00edt\u00e1sa \u00e9rdek\u00e9ben tartsa be a gy\u00e1rt\u00f3 aj\u00e1nl\u00e1sait a t\u00f6ml\u0151m\u00e9retekre, szerelv\u00e9nyekre \u00e9s nyom\u00e1sbesorol\u00e1sokra vonatkoz\u00f3an.<\/li>\n<li><strong>Vez\u00e9rl\u00e9s \u00e9s m\u0171k\u00f6d\u00e9s:<\/strong> Az emel\u0151hengert jellemz\u0151en az \u00fcres kont\u00e9neres rakod\u00f3 megl\u00e9v\u0151 vez\u00e9rl\u0151rendszere vez\u00e9rli. A kezel\u0151k a vez\u00e9rl\u0151konzol vagy a kezel\u0151panel seg\u00edts\u00e9g\u00e9vel aktiv\u00e1lhatj\u00e1k a hidraulikus k\u00f6rt \u00e9s be\u00e1ll\u00edthatj\u00e1k az emel\u0151mechanizmust. A megfelel\u0151 emel\u00e9si elj\u00e1r\u00e1sok \u00e9s biztons\u00e1gi \u00f3vint\u00e9zked\u00e9sek tekintet\u00e9ben k\u00f6vesse a gy\u00e1rt\u00f3 utas\u00edt\u00e1sait.<\/li>\n<\/ul>\n<h2><strong>Hogyan m\u0171k\u00f6dik az egyir\u00e1ny\u00fa hidraulikus henger?<\/strong><\/h2>\n<p>Az egyir\u00e1ny\u00fa hidraulikus henger, m\u00e1s n\u00e9ven egyszeres m\u0171k\u00f6d\u00e9s\u0171 hidraulikus henger, egy olyan hidraulikus m\u0171k\u00f6dtet\u0151, amely egy ir\u00e1nyban hoz l\u00e9tre er\u0151t \u00e9s mozg\u00e1st. Hidraulikus nyom\u00e1st haszn\u00e1l a henger kiny\u00fajt\u00e1s\u00e1hoz, de k\u00fcls\u0151 er\u0151kre, p\u00e9ld\u00e1ul gravit\u00e1ci\u00f3ra vagy rug\u00f3kra t\u00e1maszkodik a visszah\u00faz\u00e1s\u00e1hoz. \u00cdgy m\u0171k\u00f6dik egy egyir\u00e1ny\u00fa hidraulikus henger:<\/p>\n<ol>\n<li><strong>\u00c9p\u00edt\u00e9s:<\/strong> Az egyir\u00e1ny\u00fa hidraulikus henger egy hengeres h\u00e1zb\u00f3l, egy dugatty\u00fab\u00f3l, egy r\u00fadb\u00f3l \u00e9s hidraulikafolyad\u00e9kb\u00f3l \u00e1ll. A dugatty\u00fa a henger belsej\u00e9ben tal\u00e1lhat\u00f3, \u00e9s k\u00e9t kamr\u00e1ra osztja azt: egy nyom\u00f3- vagy munkakamr\u00e1ra \u00e9s egy visszat\u00e9r\u0151 kamr\u00e1ra.<\/li>\n<li><strong>Hidraulikus nyom\u00e1s:<\/strong> A hidraulikus nyom\u00e1st egy hidraulikus szivatty\u00fa hozza l\u00e9tre, amely hidraulikus folyad\u00e9k \u00e1raml\u00e1s\u00e1t hozza l\u00e9tre a henger nyom\u00e1skamr\u00e1j\u00e1ba. A folyad\u00e9kot egy tart\u00e1lyban t\u00e1rolj\u00e1k, \u00e9s hidraulikus vezet\u00e9keken kereszt\u00fcl keringtetik a hengeren kereszt\u00fcl.<\/li>\n<li><strong>Hosszabb\u00edt\u00f3 l\u00f6ket:<\/strong> Amikor hidraulikus nyom\u00e1st alkalmazunk a nyom\u00e1skamr\u00e1ra, az a dugatty\u00fara hat, azt egy ir\u00e1nyba tolva. Ez az er\u0151 kiny\u00fajtja a dugatty\u00farudat, line\u00e1ris mozg\u00e1st gener\u00e1lva. A visszat\u00e9r\u0151 kamr\u00e1ban l\u00e9v\u0151 folyad\u00e9k kiszorul, \u00e9s vissza\u00e1ramlik a tart\u00e1lyba.<\/li>\n<li><strong>Visszah\u00faz\u00e1si l\u00f6ket:<\/strong> A kett\u0151s m\u0171k\u00f6d\u00e9s\u0171 hengerekkel ellent\u00e9tben, amelyek hidraulikus nyom\u00e1st haszn\u00e1lnak a kitol\u00e1shoz \u00e9s visszah\u00faz\u00e1shoz, az egyir\u00e1ny\u00fa hidraulikus henger k\u00fcls\u0151 er\u0151kre t\u00e1maszkodik. Ezek a k\u00fcls\u0151 er\u0151k lehetnek gravit\u00e1ci\u00f3, rug\u00f3k vagy mechanikai terhel\u00e9sek, amelyek a dugatty\u00far\u00fadra hatnak, \u00e9s a hidraulikus nyom\u00e1s felold\u00e1sakor visszah\u00faz\u00f3d\u00e1st okoznak.<\/li>\n<li><strong>Vez\u00e9rl\u00e9s \u00e9s m\u0171k\u00f6d\u00e9s:<\/strong> A hidraulikus nyom\u00e1st \u00e9s \u00e1raml\u00e1si sebess\u00e9get szelepek szab\u00e1lyozz\u00e1k, amelyeket egy vez\u00e9rl\u0151rendszer m\u0171k\u00f6dtet. A szelepbe\u00e1ll\u00edt\u00e1sok m\u00f3dos\u00edt\u00e1s\u00e1val a henger kitol\u00e1si l\u00f6ket\u00e9nek sebess\u00e9ge \u00e9s ereje szab\u00e1lyozhat\u00f3.<\/li>\n<li><strong>Alkalmaz\u00e1sok:<\/strong> Az egyir\u00e1ny\u00fa hidraulikus hengereket \u00e1ltal\u00e1ban olyan alkalmaz\u00e1sokban haszn\u00e1lj\u00e1k, ahol az er\u0151re egy ir\u00e1nyba van sz\u00fcks\u00e9g, p\u00e9ld\u00e1ul emel\u0151alkalmaz\u00e1sokban, d\u00f6mperekben vagy hidraulikus pr\u00e9sekben. Akkor is haszn\u00e1lj\u00e1k \u0151ket, ha hibamentes mechanizmusra van sz\u00fcks\u00e9g, mivel a k\u00fcls\u0151 er\u0151 seg\u00edt a henger visszah\u00faz\u00e1s\u00e1ban a hidraulikus rendszer meghib\u00e1sod\u00e1sa eset\u00e9n.<\/li>\n<li><strong>Karbantart\u00e1s:<\/strong> Az egyir\u00e1ny\u00fa hidraulikus henger rendszeres karbantart\u00e1sa mag\u00e1ban foglalja a sziv\u00e1rg\u00e1sok ellen\u0151rz\u00e9s\u00e9t, a t\u00f6m\u00edt\u00e9sek \u00e9s t\u00f6m\u00edt\u0151gy\u0171r\u0171k vizsg\u00e1lat\u00e1t, valamint a szelepek \u00e9s vez\u00e9rl\u0151rendszerek megfelel\u0151 m\u0171k\u00f6d\u00e9s\u00e9nek biztos\u00edt\u00e1s\u00e1t. A megfelel\u0151 sz\u0171r\u00e9s \u00e9s az id\u0151szakos folyad\u00e9kcsere elengedhetetlen az optim\u00e1lis teljes\u00edtm\u00e9ny fenntart\u00e1s\u00e1hoz \u00e9s a szennyez\u0151d\u00e9s megel\u0151z\u00e9s\u00e9hez.<\/li>\n<\/ol>\n<h2><strong>A gy\u00e1r kapacit\u00e1sa \u00e9s kapacit\u00e1sa:<\/strong><\/h2>\n<h3>(1) \u00d6sszeszerel\u00e9s<\/h3>\n<p>Els\u0151 oszt\u00e1ly\u00fa f\u00fcggetlen kutat\u00e1si \u00e9s fejleszt\u00e9si \u00f6sszeszerel\u00e9si platformmal rendelkez\u00fcnk. A hidraulikus hengergy\u00e1rt\u00f3 m\u0171hely n\u00e9gy f\u00e9lautomata emel\u0151henger-\u00f6sszeszerel\u0151 sorral \u00e9s egy automata billen\u0151henger-\u00f6sszeszerel\u0151 sorral rendelkezik, tervezett \u00e9ves gy\u00e1rt\u00e1si kapacit\u00e1sa 1 milli\u00f3 darab. A speci\u00e1lis henger m\u0171hely k\u00fcl\u00f6nb\u00f6z\u0151 specifik\u00e1ci\u00f3j\u00fa f\u00e9lautomata tiszt\u00edt\u00f3 \u00f6sszeszerel\u0151 rendszerrel van felszerelve, amelynek tervezett \u00e9ves termel\u00e9si kapacit\u00e1sa 200.000, \u00e9s h\u00edres CNC megmunk\u00e1l\u00f3 berendez\u00e9ssel, megmunk\u00e1l\u00f3 k\u00f6zponttal, nagy pontoss\u00e1g\u00fa hengerfeldolgoz\u00f3 speci\u00e1lis berendez\u00e9ssel, robothegeszt\u0151 g\u00e9ppel, automatikus tiszt\u00edt\u00f3g\u00e9ppel, automatikus henger \u00f6sszeszerel\u0151 g\u00e9ppel \u00e9s automatikus fest\u00e9si gy\u00e1rt\u00f3sorral van felszerelve. A megl\u00e9v\u0151 kritikus berendez\u00e9sek t\u00f6bb mint 300 k\u00e9szlet (k\u00e9szlet). A berendez\u00e9sek er\u0151forr\u00e1sainak optim\u00e1lis eloszt\u00e1sa \u00e9s hat\u00e9kony felhaszn\u00e1l\u00e1sa biztos\u00edtja a term\u00e9kek pontoss\u00e1gi k\u00f6vetelm\u00e9nyeit \u00e9s megfelel a term\u00e9kek min\u0151s\u00e9gi ig\u00e9nyeinek.<\/p>\n<p><img loading=\"lazy\" decoding=\"async\" class=\"alignnone wp-image-626\" src=\"https:\/\/hydraulic-cylinders.net\/wp-content\/uploads\/2023\/08\/hydraulic-cylinder-product-1-300x158.webp\" alt=\"\" width=\"495\" height=\"260\" srcset=\"https:\/\/hydraulic-cylinders.net\/wp-content\/uploads\/2023\/08\/hydraulic-cylinder-product-1-300x158.webp 495w, https:\/\/hydraulic-cylinders.net\/wp-content\/uploads\/2023\/08\/hydraulic-cylinder-product-1-480x252.webp 480w\" sizes=\"(min-width: 0px) and (max-width: 480px) 480px, (min-width: 481px) 495px, 100vw\" \/> <img loading=\"lazy\" decoding=\"async\" class=\"alignnone wp-image-627\" src=\"https:\/\/hydraulic-cylinders.net\/wp-content\/uploads\/2023\/08\/hydraulic-cylinder-product-2-300x189.webp\" alt=\"\" width=\"413\" height=\"260\" \/><\/p>\n<h3>(2) Megmunk\u00e1l\u00e1s<\/h3>\n<p>A megmunk\u00e1l\u00f3m\u0171hely egyedi, ferde s\u00edneszterg\u00e1l\u00f3 k\u00f6zponttal, megmunk\u00e1l\u00f3k\u00f6zponttal, nagysebess\u00e9g\u0171 h\u00f3nol\u00f3g\u00e9ppel, hegeszt\u0151robottal \u00e9s egy\u00e9b kapcsol\u00f3d\u00f3 berendez\u00e9sekkel van felszerelve, amelyek legfeljebb 400 mm bels\u0151 \u00e1tm\u00e9r\u0151j\u0171 \u00e9s legfeljebb 6 m\u00e9ter hossz\u00fa hengercs\u00f6vek megmunk\u00e1l\u00e1s\u00e1ra k\u00e9pesek.<\/p>\n<p><img loading=\"lazy\" decoding=\"async\" class=\"alignnone wp-image-628 size-large\" src=\"https:\/\/hydraulic-cylinders.net\/wp-content\/uploads\/2023\/08\/hydraulic-cylinder-product-3-1024x391.webp\" alt=\"\" width=\"1024\" height=\"391\" srcset=\"https:\/\/hydraulic-cylinders.net\/wp-content\/uploads\/2023\/08\/hydraulic-cylinder-product-3-980x374.webp 980w, https:\/\/hydraulic-cylinders.net\/wp-content\/uploads\/2023\/08\/hydraulic-cylinder-product-3-480x183.webp 480w\" sizes=\"(min-width: 0px) and (max-width: 480px) 480px, (min-width: 481px) and (max-width: 980px) 980px, (min-width: 981px) 1024px, 100vw\" \/><\/p>\n<h3>(3) Hegeszt\u00e9s<\/h3>\n<p><img loading=\"lazy\" decoding=\"async\" class=\"alignnone wp-image-629 size-large\" src=\"https:\/\/hydraulic-cylinders.net\/wp-content\/uploads\/2023\/08\/hydraulic-cylinder-product-4-1024x510.webp\" alt=\"\" width=\"1024\" height=\"510\" srcset=\"https:\/\/hydraulic-cylinders.net\/wp-content\/uploads\/2023\/08\/hydraulic-cylinder-product-4-980x488.webp 980w, https:\/\/hydraulic-cylinders.net\/wp-content\/uploads\/2023\/08\/hydraulic-cylinder-product-4-480x239.webp 480w\" sizes=\"(min-width: 0px) and (max-width: 480px) 480px, (min-width: 481px) and (max-width: 980px) 980px, (min-width: 981px) 1024px, 100vw\" \/><\/p>\n<h3>(4) Fest\u00e9s \u00e9s bevonatol\u00e1s<\/h3>\n<p>Kis \u00e9s k\u00f6zepes m\u00e9ret\u0171 hengeres automatikus v\u00edzb\u00e1zis\u00fa fest\u00e9kbevon\u00f3 sorokkal, az automatikus robot be- \u00e9s kirakod\u00e1s, valamint az automatikus permetez\u00e9s megval\u00f3s\u00edt\u00e1s\u00e1hoz, a tervez\u00e9si kapacit\u00e1s m\u0171szakonk\u00e9nt 4000 darab;<br \/>\nRendelkez\u00fcnk egy f\u00e9lautomata fest\u00e9kgy\u00e1rt\u00f3sorral is nagym\u00e9ret\u0171 palackokhoz, amelyet egy er\u0151\u00e1tviteli l\u00e1nc hajt, m\u0171szakonk\u00e9nt 60 doboz tervez\u00e9si kapacit\u00e1ssal.<\/p>\n<p><img loading=\"lazy\" decoding=\"async\" class=\"alignnone wp-image-630\" src=\"https:\/\/hydraulic-cylinders.net\/wp-content\/uploads\/2023\/08\/hydraulic-cylinder-product-5-300x213.webp\" alt=\"\" width=\"366\" height=\"260\" \/> <img loading=\"lazy\" decoding=\"async\" class=\"alignnone wp-image-631\" src=\"https:\/\/hydraulic-cylinders.net\/wp-content\/uploads\/2023\/08\/hydraulic-cylinder-product-6-300x225.webp\" alt=\"\" width=\"347\" height=\"260\" \/><\/p>\n<h3>(5) Tesztel\u00e9s<\/h3>\n<p>Els\u0151 oszt\u00e1ly\u00fa ellen\u0151rz\u0151 l\u00e9tes\u00edtm\u00e9nyekkel \u00e9s tesztpadokkal rendelkez\u00fcnk annak biztos\u00edt\u00e1s\u00e1ra, hogy a palack teljes\u00edtm\u00e9nye megfeleljen a k\u00f6vetelm\u00e9nyeknek.<\/p>\n<p><img loading=\"lazy\" decoding=\"async\" class=\"alignnone wp-image-632\" src=\"https:\/\/hydraulic-cylinders.net\/wp-content\/uploads\/2023\/08\/hydraulic-cylinder-product-8-300x200.webp\" alt=\"\" width=\"389\" height=\"260\" \/><\/p>\n<p>&nbsp;<\/p>\n<p>&nbsp;<\/p>\n<p>Mi vagyunk az egyik legjobb hidraulikus henger gy\u00e1rt\u00f3. \u00c1tfog\u00f3 hidraulikus hengereket k\u00edn\u00e1lunk. Megfelel\u0151 szolg\u00e1ltat\u00e1sokat is biztos\u00edtunk. <a href=\"https:\/\/hzpt.com\/agricultural-pto-gearbox\/\" target=\"_blank\" rel=\"noopener\">mez\u0151gazdas\u00e1gi sebess\u00e9gv\u00e1lt\u00f3k<\/a>Term\u00e9keinket vil\u00e1gszerte export\u00e1ltuk \u00fcgyfeleinknek, \u00e9s kiv\u00e1l\u00f3 term\u00e9kmin\u0151s\u00e9g\u00fcnknek \u00e9s \u00e9rt\u00e9kes\u00edt\u00e9s ut\u00e1ni szolg\u00e1ltat\u00e1sunknak k\u00f6sz\u00f6nhet\u0151en j\u00f3 h\u00edrnevet szerezt\u00fcnk. Szeretettel v\u00e1rjuk belf\u00f6ldi \u00e9s k\u00fclf\u00f6ldi \u00fcgyfeleinket, hogy \u00fczleti t\u00e1rgyal\u00e1sok, inform\u00e1ci\u00f3csere \u00e9s egy\u00e9b lehet\u0151s\u00e9gek c\u00e9lj\u00e1b\u00f3l kapcsolatba l\u00e9pjenek vel\u00fcnk. <a href=\"https:\/\/www.hydraulic-cylinders.net\/hu\/contact-us\/\">egy\u00fcttm\u0171k\u00f6dni vel\u00fcnk<\/a>!<\/p>\n<p>&nbsp;<\/p>","protected":false},"excerpt":{"rendered":"<p>Empty Container Stacker Oil Lifting Cylinder The empty container stacker oil lifting cylinder is a powerful hydraulic component designed to enhance container handling operations, specifically in the empty container stacking process. This cylinder is precisely engineered to provide reliable and efficient lifting capability, allowing precise control and safe movement of containers in various stacking applications. [&hellip;]<\/p>","protected":false},"featured_media":1834,"comment_status":"open","ping_status":"closed","template":"","meta":{"_et_pb_use_builder":"","_et_pb_old_content":"","_et_gb_content_width":""},"product_brand":[],"product_cat":[1549,1516,1552],"product_tag":[1380],"class_list":{"0":"post-1832","1":"product","2":"type-product","3":"status-publish","4":"has-post-thumbnail","6":"product_cat-single-acting-hydraulic-cylinder","7":"product_cat-stacker-reclaimer-hydraulic-cylinders","8":"product_cat-stainless-steel-hydraulic-cylinder","9":"product_tag-hydraulic-cylinder","11":"first","12":"instock","13":"shipping-taxable","14":"product-type-simple"},"amp_enabled":true,"_links":{"self":[{"href":"https:\/\/www.hydraulic-cylinders.net\/hu\/wp-json\/wp\/v2\/product\/1832","targetHints":{"allow":["GET"]}}],"collection":[{"href":"https:\/\/www.hydraulic-cylinders.net\/hu\/wp-json\/wp\/v2\/product"}],"about":[{"href":"https:\/\/www.hydraulic-cylinders.net\/hu\/wp-json\/wp\/v2\/types\/product"}],"replies":[{"embeddable":true,"href":"https:\/\/www.hydraulic-cylinders.net\/hu\/wp-json\/wp\/v2\/comments?post=1832"}],"wp:featuredmedia":[{"embeddable":true,"href":"https:\/\/www.hydraulic-cylinders.net\/hu\/wp-json\/wp\/v2\/media\/1834"}],"wp:attachment":[{"href":"https:\/\/www.hydraulic-cylinders.net\/hu\/wp-json\/wp\/v2\/media?parent=1832"}],"wp:term":[{"taxonomy":"product_brand","embeddable":true,"href":"https:\/\/www.hydraulic-cylinders.net\/hu\/wp-json\/wp\/v2\/product_brand?post=1832"},{"taxonomy":"product_cat","embeddable":true,"href":"https:\/\/www.hydraulic-cylinders.net\/hu\/wp-json\/wp\/v2\/product_cat?post=1832"},{"taxonomy":"product_tag","embeddable":true,"href":"https:\/\/www.hydraulic-cylinders.net\/hu\/wp-json\/wp\/v2\/product_tag?post=1832"}],"curies":[{"name":"munkaf\u00fczet","href":"https:\/\/api.w.org\/{rel}","templated":true}]}}