{"id":1841,"date":"2023-10-17T06:38:00","date_gmt":"2023-10-17T06:38:00","guid":{"rendered":"https:\/\/hydraulic-cylinders.net\/?post_type=product&#038;p=1841"},"modified":"2025-04-15T05:42:55","modified_gmt":"2025-04-15T05:42:55","slug":"reach-stacker-telescopic-cylinder","status":"publish","type":"product","link":"https:\/\/www.hydraulic-cylinders.net\/hu\/termek\/reach-stacker-telescopic-cylinder\/","title":{"rendered":"Kont\u00e9neres rakod\u00f3 teleszk\u00f3pos henger"},"content":{"rendered":"<h1 style=\"text-align: center;\"><strong>Kont\u00e9neres rakod\u00f3 teleszk\u00f3pos henger<\/strong><\/h1>\n<h1 style=\"text-align: center;\"><img loading=\"lazy\" decoding=\"async\" class=\"alignnone wp-image-1842\" src=\"https:\/\/hydraulic-cylinders.net\/wp-content\/uploads\/2023\/10\/reach-stacker-telescopic-cylinder-1-300x300.webp\" alt=\"\" width=\"400\" height=\"400\" \/><\/h1>\n<p>A kont\u00e9nert\u00e1rol\u00f3 teleszk\u00f3pos hengere egy \u00e9lvonalbeli hidraulikus alkatr\u00e9sz, amelyet a kont\u00e9nert\u00e1rol\u00f3k hat\u00f3t\u00e1vols\u00e1g\u00e1nak \u00e9s teljes\u00edtm\u00e9ny\u00e9nek n\u00f6vel\u00e9s\u00e9re terveztek. Ez az innovat\u00edv henger teleszk\u00f3pos kialak\u00edt\u00e1st alkalmaz a l\u00f6kethossz n\u00f6vel\u00e9s\u00e9re, mik\u00f6zben meg\u0151rzi kompakt form\u00e1j\u00e1t. A kont\u00e9nert\u00e1rol\u00f3 teleszk\u00f3pos hengere forradalmi v\u00e1ltoz\u00e1st hoz az anyagmozgat\u00e1si iparban fejlett funkci\u00f3ival, megb\u00edzhat\u00f3 konstrukci\u00f3j\u00e1val \u00e9s kiv\u00e1l\u00f3 funkcionalit\u00e1s\u00e1val.<\/p>\n<p>A kont\u00e9nert\u00e1rol\u00f3 teleszk\u00f3pos hengere forradalmas\u00edtja a kont\u00e9nert\u00e1rol\u00f3 targonc\u00e1k k\u00e9pess\u00e9geit az\u00e1ltal, hogy nagyobb kiny\u00fal\u00e1st, fokozott emel\u0151kapacit\u00e1st \u00e9s kompakt kialak\u00edt\u00e1st biztos\u00edt. Fejlett funkci\u00f3inak, megb\u00edzhat\u00f3 konstrukci\u00f3j\u00e1nak \u00e9s z\u00f6kken\u0151mentes m\u0171k\u00f6d\u00e9s\u00e9nek k\u00f6sz\u00f6nhet\u0151en ez a henger lehet\u0151v\u00e9 teszi az anyagmozgat\u00e1si m\u0171veletek sz\u00e1m\u00e1ra, hogy \u00faj hat\u00e9konys\u00e1gi \u00e9s termel\u00e9kenys\u00e9gi szinteket \u00e9rjenek el. Az aj\u00e1nlott telep\u00edt\u00e9si elj\u00e1r\u00e1sok betart\u00e1s\u00e1val \u00e9s a rendszeres karbantart\u00e1si gyakorlatok bevezet\u00e9s\u00e9vel a v\u00e1llalatok maximaliz\u00e1lhatj\u00e1k kont\u00e9nert\u00e1rol\u00f3 targonc\u00e1ik teljes\u00edtm\u00e9ny\u00e9t, \u00e9lettartam\u00e1t \u00e9s biztons\u00e1g\u00e1t. A kont\u00e9nert\u00e1rol\u00f3 teleszk\u00f3pos henger\u00e9vel a v\u00e1llalkoz\u00e1sok nagyobb rakom\u00e1nyokat kezelhetnek, optimaliz\u00e1lhatj\u00e1k a kont\u00e9nerek egym\u00e1sra rak\u00e1s\u00e1t \u00e9s korszer\u0171s\u00edthetik az anyagmozgat\u00e1si folyamatokat, ami v\u00e9gs\u0151 soron a sikerhez vezet a versenyk\u00e9pes anyagmozgat\u00e1si ipar\u00e1gban.<\/p>\n<p>Kont\u00e9neres rakod\u00f3 teleszk\u00f3pos henger f\u0151bb jellemz\u0151i:<\/p>\n<ul>\n<li>Megn\u00f6velt kiny\u00fal\u00e1s: A kont\u00e9nert\u00e1rol\u00f3 teleszk\u00f3pos henger\u00e9nek teleszk\u00f3pos kialak\u00edt\u00e1sa jelent\u0151sen nagyobb kiny\u00fal\u00e1st tesz lehet\u0151v\u00e9 a hagyom\u00e1nyos hengerekhez k\u00e9pest. A t\u00f6bb egym\u00e1sba \u00e1gyazott fokozat be\u00e9p\u00edt\u00e9se hosszabb l\u00f6kethosszt biztos\u00edt minim\u00e1lis helyig\u00e9ny mellett. Ez a megn\u00f6velt kiny\u00fal\u00e1s lehet\u0151v\u00e9 teszi a kont\u00e9nert\u00e1rol\u00f3k sz\u00e1m\u00e1ra, hogy nagyobb rakom\u00e1nyokat kezeljenek, m\u00e9lyebb kont\u00e9nerhalmokhoz f\u00e9rjenek hozz\u00e1, \u00e9s optimaliz\u00e1lj\u00e1k az anyagmozgat\u00e1si m\u0171veleteket.<\/li>\n<li>Kompakt kialak\u00edt\u00e1s: Kiv\u00e9teles hat\u00f3t\u00e1vols\u00e1ga ellen\u00e9re a teleszk\u00f3pos henger\u0171 kont\u00e9nerfelrak\u00f3 kompakt kialak\u00edt\u00e1s\u00fa. Az egym\u00e1sba illesztett \u00e1llv\u00e1nyok egym\u00e1sba cs\u00fasztathat\u00f3k, cs\u00f6kkentve a teljes hosszt. Ez a kompakt kialak\u00edt\u00e1s biztos\u00edtja, hogy a kont\u00e9nerfelrak\u00f3k hat\u00e9konyan tudjanak man\u0151verezni sz\u0171k helyeken, p\u00e9ld\u00e1ul kont\u00e9nerudvarokban vagy rakt\u00e1rakban, an\u00e9lk\u00fcl, hogy a kiny\u00fal\u00e1suk vesz\u00e9lybe ker\u00fclne.<\/li>\n<li>Megn\u00f6velt emel\u0151kapacit\u00e1s: A teleszk\u00f3pos henger innovat\u00edv kialak\u00edt\u00e1sa \u00e9s robusztus fel\u00e9p\u00edt\u00e9se hozz\u00e1j\u00e1rul a figyelemre m\u00e9lt\u00f3 emel\u0151kapacit\u00e1shoz. A hengert \u00fagy tervezt\u00e9k, hogy ellen\u00e1lljon a neh\u00e9z terheknek, mik\u00f6zben meg\u0151rzi a stabilit\u00e1st \u00e9s a pontoss\u00e1got az emel\u00e9si m\u0171veletek sor\u00e1n. Ez a megn\u00f6velt emel\u0151kapacit\u00e1s lehet\u0151v\u00e9 teszi a kont\u00e9neres rakod\u00f3k sz\u00e1m\u00e1ra, hogy hat\u00e9konyabban kezelj\u00e9k a nagyobb \u00e9s nehezebb kont\u00e9nereket, n\u00f6velve a termel\u00e9kenys\u00e9get \u00e9s a hat\u00e9konys\u00e1got.<\/li>\n<li>Sima m\u0171k\u00f6d\u00e9s: A kont\u00e9nersz\u00e1ll\u00edt\u00f3 teleszk\u00f3pos hengert sima \u00e9s prec\u00edz m\u0171k\u00f6d\u00e9sre tervezt\u00e9k. Kiv\u00e1l\u00f3 min\u0151s\u00e9g\u0171 t\u00f6m\u00edt\u00e9seket, csap\u00e1gyakat \u00e9s hidraulikus alkatr\u00e9szeket haszn\u00e1l a minim\u00e1lis s\u00farl\u00f3d\u00e1s \u00e9s az optim\u00e1lis teljes\u00edtm\u00e9ny biztos\u00edt\u00e1sa \u00e9rdek\u00e9ben. Ez a sima m\u0171k\u00f6d\u00e9s lehet\u0151v\u00e9 teszi a kezel\u0151k sz\u00e1m\u00e1ra a teleszk\u00f3pos henger pontos vez\u00e9rl\u00e9s\u00e9t, megk\u00f6nny\u00edtve a pontos pozicion\u00e1l\u00e1st \u00e9s a biztons\u00e1gos anyagmozgat\u00e1st.<\/li>\n<\/ul>\n<h2><strong>Reach Stacker teleszk\u00f3pos henger param\u00e9tere:<\/strong><\/h2>\n<table border=\"1\" cellspacing=\"0\" cellpadding=\"0\">\n<tbody>\n<tr>\n<td>Term\u00e9k neve<\/td>\n<td>Kont\u00e9neres rakod\u00f3 teleszk\u00f3pos henger<\/td>\n<\/tr>\n<tr>\n<td>Jellemz\u0151k:<\/td>\n<td>A g\u00e9m line\u00e1ris teleszk\u00f3pos mozg\u00e1s\u00e1nak megval\u00f3s\u00edt\u00e1sa<\/td>\n<\/tr>\n<tr>\n<td>Furat\u00e1tm\u00e9r\u0151:<\/td>\n<td>200 mm\uff5e220 mm<\/td>\n<\/tr>\n<tr>\n<td>R\u00fad \u00e1tm\u00e9r\u0151je:<\/td>\n<td>150 mm\uff5e180 mm<br \/>\nL\u00f6ket \u22648000 mm<\/td>\n<\/tr>\n<tr>\n<td>Nyom\u00e1s:<\/td>\n<td>Maximum 30MPa<\/td>\n<\/tr>\n<tr>\n<td>Alkalmaz\u00e1sok:<\/td>\n<td>Kont\u00e9neremel\u0151<\/td>\n<\/tr>\n<\/tbody>\n<\/table>\n<h2><strong>Kont\u00e9nerhenger alkalmaz\u00e1sa:<\/strong><\/h2>\n<p><img loading=\"lazy\" decoding=\"async\" class=\"alignnone wp-image-1844 size-full\" src=\"https:\/\/hydraulic-cylinders.net\/wp-content\/uploads\/2023\/10\/reach-stacker-cylinder.webp\" alt=\"\" width=\"1418\" height=\"946\" srcset=\"https:\/\/hydraulic-cylinders.net\/wp-content\/uploads\/2023\/10\/reach-stacker-cylinder.webp 1418w, https:\/\/hydraulic-cylinders.net\/wp-content\/uploads\/2023\/10\/reach-stacker-cylinder-1280x854.webp 1280w, https:\/\/hydraulic-cylinders.net\/wp-content\/uploads\/2023\/10\/reach-stacker-cylinder-980x654.webp 980w, https:\/\/hydraulic-cylinders.net\/wp-content\/uploads\/2023\/10\/reach-stacker-cylinder-480x320.webp 480w\" sizes=\"(min-width: 0px) and (max-width: 480px) 480px, (min-width: 481px) and (max-width: 980px) 980px, (min-width: 981px) and (max-width: 1280px) 1280px, (min-width: 1281px) 1418px, 100vw\" \/><\/p>\n<h2><strong>A teleszk\u00f3pos hengeres rakod\u00f3 haszn\u00e1lati m\u00f3dja<\/strong><strong>:<\/strong><\/h2>\n<ol>\n<li><strong>Telep\u00edt\u00e9s:<\/strong> A kont\u00e9nerfelrak\u00f3 teleszk\u00f3pos henger\u00e9t a gy\u00e1rt\u00f3 ir\u00e1nyelveinek \u00e9s el\u0151\u00edr\u00e1sainak megfelel\u0151en szerelje fel. Az optim\u00e1lis teljes\u00edtm\u00e9ny garant\u00e1l\u00e1sa \u00e9rdek\u00e9ben \u00fcgyeljen a megfelel\u0151 be\u00e1ll\u00edt\u00e1sra \u00e9s a biztons\u00e1gos r\u00f6gz\u00edt\u00e9sre. K\u00f6vesse az aj\u00e1nlott elj\u00e1r\u00e1sokat a hidraulikus vezet\u00e9kek kont\u00e9nerfelrak\u00f3 hidraulikus rendszer\u00e9hez val\u00f3 csatlakoztat\u00e1s\u00e1hoz.<\/li>\n<li><strong>Vez\u00e9rl\u00e9s \u00e9s m\u0171k\u00f6d\u00e9s:<\/strong> A teleszk\u00f3pos hengert jellemz\u0151en a kont\u00e9nerfelrak\u00f3 megl\u00e9v\u0151 vez\u00e9rl\u0151rendszere vez\u00e9rli. A kezel\u0151k aktiv\u00e1lhatj\u00e1k a hidraulikus k\u00f6rt a henger kiny\u00fajt\u00e1s\u00e1hoz vagy visszah\u00faz\u00e1s\u00e1hoz. A vez\u00e9rl\u0151konzol vagy a kezel\u0151panel seg\u00edts\u00e9g\u00e9vel \u00e1ll\u00edtsa be a kont\u00e9nerfelrak\u00f3 g\u00e9mj\u00e9nek l\u00f6kethossz\u00e1t \u00e9s helyzet\u00e9t. Tartsa be a gy\u00e1rt\u00f3 utas\u00edt\u00e1sait \u00e9s az aj\u00e1nlott biztons\u00e1gos \u00e9s hat\u00e9kony \u00fczemeltet\u00e9si elj\u00e1r\u00e1sokat.<\/li>\n<\/ol>\n<h2><strong>Milyen gyorsan mozoghat egy hidraulikus henger?<\/strong><\/h2>\n<p>A hidraulikus henger mozg\u00e1si sebess\u00e9ge sz\u00e1mos t\u00e9nyez\u0151t\u0151l f\u00fcgg, bele\u00e9rtve a rendszer kialak\u00edt\u00e1s\u00e1t, a hidraulikafolyad\u00e9k \u00e1raml\u00e1si sebess\u00e9g\u00e9t, a henger m\u00e9ret\u00e9t, a terhel\u00e9si viszonyokat \u00e9s az \u00fczemi nyom\u00e1st. \u00cdme n\u00e9h\u00e1ny szempont a hidraulikus henger mozg\u00e1si sebess\u00e9g\u00e9vel kapcsolatban:<\/p>\n<ol>\n<li><strong>\u00c1raml\u00e1si sebess\u00e9g:<\/strong> A hidraulikus henger sebess\u00e9g\u00e9t a hozz\u00e1 sz\u00e1ll\u00edtott hidraulikafolyad\u00e9k \u00e1raml\u00e1si sebess\u00e9ge befoly\u00e1solja. A nagyobb \u00e1raml\u00e1si sebess\u00e9g gyorsabb hengermozg\u00e1st eredm\u00e9nyez, m\u00edg az alacsonyabb \u00e1raml\u00e1si sebess\u00e9g lassabb sebess\u00e9get. Az \u00e1raml\u00e1si sebess\u00e9get a hidraulikus rendszer szivatty\u00fakapacit\u00e1sa \u00e9s a folyad\u00e9k\u00e1raml\u00e1st szab\u00e1lyoz\u00f3 szelepbe\u00e1ll\u00edt\u00e1sok hat\u00e1rozz\u00e1k meg.<\/li>\n<li><strong>Henger m\u00e9rete:<\/strong> A hidraulikus henger m\u00e9rete befoly\u00e1solja a sebess\u00e9g\u00e9t. A nagyobb hengerek jellemz\u0151en nagyobb fel\u00fclettel rendelkeznek, ami t\u00f6bb hidraulikafolyad\u00e9kot ig\u00e9nyel a dugatty\u00fa mozgat\u00e1s\u00e1hoz a hengeren bel\u00fcl. Ez a megn\u00f6vekedett folyad\u00e9kmennyis\u00e9g lassabb mozg\u00e1st eredm\u00e9nyez a kisebb hengerekhez k\u00e9pest.<\/li>\n<li><strong>Terhel\u00e9si felt\u00e9telek:<\/strong> A hidraulikus henger \u00e1ltal emelt vagy mozgatott teher befoly\u00e1solhatja a henger sebess\u00e9g\u00e9t. A nehezebb terhek nagyobb er\u0151t ig\u00e9nyelnek, ami lelass\u00edthatja a henger mozg\u00e1s\u00e1t. Ezzel szemben a k\u00f6nnyebb terhek nagyobb sebess\u00e9get tesznek lehet\u0151v\u00e9.<\/li>\n<li><strong>\u00dczemi nyom\u00e1s:<\/strong> A hidraulikus rendszer \u00fczemi nyom\u00e1sa befoly\u00e1solja a henger sebess\u00e9g\u00e9t. A magasabb \u00fczemi nyom\u00e1s nagyobb er\u0151t gener\u00e1lhat, ami gyorsabb hengermozg\u00e1st eredm\u00e9nyez. A biztons\u00e1gos \u00e9s megb\u00edzhat\u00f3 m\u0171k\u00f6d\u00e9s biztos\u00edt\u00e1sa \u00e9rdek\u00e9ben azonban elengedhetetlen az aj\u00e1nlott nyom\u00e1shat\u00e1rokon bel\u00fcli m\u0171k\u00f6d\u00e9s.<\/li>\n<li><strong>Rendszertervez\u00e9s:<\/strong> A hidraulikus rendszer kialak\u00edt\u00e1sa, bele\u00e9rtve a hidraulikus szivatty\u00fa m\u00e9ret\u00e9t \u00e9s t\u00edpus\u00e1t, a szelepeket \u00e9s a cs\u00f6veket, befoly\u00e1solhatja a henger sebess\u00e9g\u00e9t. A hat\u00e9kony rendszerkialak\u00edt\u00e1s, megfelel\u0151 m\u00e9ret\u0171 alkatr\u00e9szekkel \u00e9s optimaliz\u00e1lt \u00e1raml\u00e1si \u00fatvonalakkal, seg\u00edthet a k\u00edv\u00e1nt hengersebess\u00e9g el\u00e9r\u00e9s\u00e9ben.<\/li>\n<\/ol>\n<h2><strong>A gy\u00e1r kapacit\u00e1sa \u00e9s kapacit\u00e1sa:<\/strong><\/h2>\n<h3>(1) \u00d6sszeszerel\u00e9s<\/h3>\n<p>Els\u0151 oszt\u00e1ly\u00fa f\u00fcggetlen kutat\u00e1si \u00e9s fejleszt\u00e9si \u00f6sszeszerel\u00e9si platformmal rendelkez\u00fcnk. A hidraulikus hengergy\u00e1rt\u00f3 m\u0171hely n\u00e9gy f\u00e9lautomata emel\u0151henger-\u00f6sszeszerel\u0151 sorral \u00e9s egy automata billen\u0151henger-\u00f6sszeszerel\u0151 sorral rendelkezik, tervezett \u00e9ves gy\u00e1rt\u00e1si kapacit\u00e1sa 1 milli\u00f3 darab. A speci\u00e1lis henger m\u0171hely k\u00fcl\u00f6nb\u00f6z\u0151 specifik\u00e1ci\u00f3j\u00fa f\u00e9lautomata tiszt\u00edt\u00f3 \u00f6sszeszerel\u0151 rendszerrel van felszerelve, amelynek tervezett \u00e9ves termel\u00e9si kapacit\u00e1sa 200.000, \u00e9s h\u00edres CNC megmunk\u00e1l\u00f3 berendez\u00e9ssel, megmunk\u00e1l\u00f3 k\u00f6zponttal, nagy pontoss\u00e1g\u00fa hengerfeldolgoz\u00f3 speci\u00e1lis berendez\u00e9ssel, robothegeszt\u0151 g\u00e9ppel, automatikus tiszt\u00edt\u00f3g\u00e9ppel, automatikus henger \u00f6sszeszerel\u0151 g\u00e9ppel \u00e9s automatikus fest\u00e9si gy\u00e1rt\u00f3sorral van felszerelve. A megl\u00e9v\u0151 kritikus berendez\u00e9sek t\u00f6bb mint 300 k\u00e9szlet (k\u00e9szlet). A berendez\u00e9sek er\u0151forr\u00e1sainak optim\u00e1lis eloszt\u00e1sa \u00e9s hat\u00e9kony felhaszn\u00e1l\u00e1sa biztos\u00edtja a term\u00e9kek pontoss\u00e1gi k\u00f6vetelm\u00e9nyeit \u00e9s megfelel a term\u00e9kek min\u0151s\u00e9gi ig\u00e9nyeinek.<\/p>\n<p><img loading=\"lazy\" decoding=\"async\" class=\"alignnone wp-image-626\" src=\"https:\/\/hydraulic-cylinders.net\/wp-content\/uploads\/2023\/08\/hydraulic-cylinder-product-1-300x158.webp\" alt=\"\" width=\"495\" height=\"260\" srcset=\"https:\/\/hydraulic-cylinders.net\/wp-content\/uploads\/2023\/08\/hydraulic-cylinder-product-1-300x158.webp 495w, https:\/\/hydraulic-cylinders.net\/wp-content\/uploads\/2023\/08\/hydraulic-cylinder-product-1-480x252.webp 480w\" sizes=\"(min-width: 0px) and (max-width: 480px) 480px, (min-width: 481px) 495px, 100vw\" \/> <img loading=\"lazy\" decoding=\"async\" class=\"alignnone wp-image-627\" src=\"https:\/\/hydraulic-cylinders.net\/wp-content\/uploads\/2023\/08\/hydraulic-cylinder-product-2-300x189.webp\" alt=\"\" width=\"413\" height=\"260\" \/><\/p>\n<h3>(2) Megmunk\u00e1l\u00e1s<\/h3>\n<p>A megmunk\u00e1l\u00f3m\u0171hely egyedi, ferde s\u00edneszterg\u00e1l\u00f3 k\u00f6zponttal, megmunk\u00e1l\u00f3k\u00f6zponttal, nagysebess\u00e9g\u0171 h\u00f3nol\u00f3g\u00e9ppel, hegeszt\u0151robottal \u00e9s egy\u00e9b kapcsol\u00f3d\u00f3 berendez\u00e9sekkel van felszerelve, amelyek legfeljebb 400 mm bels\u0151 \u00e1tm\u00e9r\u0151j\u0171 \u00e9s legfeljebb 6 m\u00e9ter hossz\u00fa hengercs\u00f6vek megmunk\u00e1l\u00e1s\u00e1ra k\u00e9pesek.<\/p>\n<p><img loading=\"lazy\" decoding=\"async\" class=\"alignnone wp-image-628 size-large\" src=\"https:\/\/hydraulic-cylinders.net\/wp-content\/uploads\/2023\/08\/hydraulic-cylinder-product-3-1024x391.webp\" alt=\"\" width=\"1024\" height=\"391\" srcset=\"https:\/\/hydraulic-cylinders.net\/wp-content\/uploads\/2023\/08\/hydraulic-cylinder-product-3-980x374.webp 980w, https:\/\/hydraulic-cylinders.net\/wp-content\/uploads\/2023\/08\/hydraulic-cylinder-product-3-480x183.webp 480w\" sizes=\"(min-width: 0px) and (max-width: 480px) 480px, (min-width: 481px) and (max-width: 980px) 980px, (min-width: 981px) 1024px, 100vw\" \/><\/p>\n<h3>(3) Hegeszt\u00e9s<\/h3>\n<p><img loading=\"lazy\" decoding=\"async\" class=\"alignnone wp-image-629 size-large\" src=\"https:\/\/hydraulic-cylinders.net\/wp-content\/uploads\/2023\/08\/hydraulic-cylinder-product-4-1024x510.webp\" alt=\"\" width=\"1024\" height=\"510\" srcset=\"https:\/\/hydraulic-cylinders.net\/wp-content\/uploads\/2023\/08\/hydraulic-cylinder-product-4-980x488.webp 980w, https:\/\/hydraulic-cylinders.net\/wp-content\/uploads\/2023\/08\/hydraulic-cylinder-product-4-480x239.webp 480w\" sizes=\"(min-width: 0px) and (max-width: 480px) 480px, (min-width: 481px) and (max-width: 980px) 980px, (min-width: 981px) 1024px, 100vw\" \/><\/p>\n<h3>(4) Fest\u00e9s \u00e9s bevonatol\u00e1s<\/h3>\n<p>Kis \u00e9s k\u00f6zepes m\u00e9ret\u0171 hengeres automatikus v\u00edzb\u00e1zis\u00fa fest\u00e9kbevon\u00f3 sorokkal, az automatikus robot be- \u00e9s kirakod\u00e1s, valamint az automatikus permetez\u00e9s megval\u00f3s\u00edt\u00e1s\u00e1hoz, a tervez\u00e9si kapacit\u00e1s m\u0171szakonk\u00e9nt 4000 darab;<br \/>\nRendelkez\u00fcnk egy f\u00e9lautomata fest\u00e9kgy\u00e1rt\u00f3sorral is nagym\u00e9ret\u0171 palackokhoz, amelyet egy er\u0151\u00e1tviteli l\u00e1nc hajt, m\u0171szakonk\u00e9nt 60 doboz tervez\u00e9si kapacit\u00e1ssal.<\/p>\n<p><img loading=\"lazy\" decoding=\"async\" class=\"alignnone wp-image-630\" src=\"https:\/\/hydraulic-cylinders.net\/wp-content\/uploads\/2023\/08\/hydraulic-cylinder-product-5-300x213.webp\" alt=\"\" width=\"366\" height=\"260\" \/> <img loading=\"lazy\" decoding=\"async\" class=\"alignnone wp-image-631\" src=\"https:\/\/hydraulic-cylinders.net\/wp-content\/uploads\/2023\/08\/hydraulic-cylinder-product-6-300x225.webp\" alt=\"\" width=\"347\" height=\"260\" \/><\/p>\n<h3>(5) Tesztel\u00e9s<\/h3>\n<p>Els\u0151 oszt\u00e1ly\u00fa ellen\u0151rz\u0151 l\u00e9tes\u00edtm\u00e9nyekkel \u00e9s tesztpadokkal rendelkez\u00fcnk annak biztos\u00edt\u00e1s\u00e1ra, hogy a palack teljes\u00edtm\u00e9nye megfeleljen a k\u00f6vetelm\u00e9nyeknek.<\/p>\n<p><img loading=\"lazy\" decoding=\"async\" class=\"alignnone wp-image-632\" src=\"https:\/\/hydraulic-cylinders.net\/wp-content\/uploads\/2023\/08\/hydraulic-cylinder-product-8-300x200.webp\" alt=\"\" width=\"389\" height=\"260\" \/><\/p>\n<p>&nbsp;<\/p>\n<p>&nbsp;<\/p>\n<p>Mi vagyunk az egyik legjobb hidraulikus henger gy\u00e1rt\u00f3. \u00c1tfog\u00f3 hidraulikus hengereket k\u00edn\u00e1lunk. Megfelel\u0151 szolg\u00e1ltat\u00e1sokat is biztos\u00edtunk. <a href=\"https:\/\/hzpt.com\/agricultural-pto-gearbox\/\" target=\"_blank\" rel=\"noopener\">mez\u0151gazdas\u00e1gi sebess\u00e9gv\u00e1lt\u00f3k<\/a>Term\u00e9keinket vil\u00e1gszerte export\u00e1ltuk \u00fcgyfeleinknek, \u00e9s kiv\u00e1l\u00f3 term\u00e9kmin\u0151s\u00e9g\u00fcnknek \u00e9s \u00e9rt\u00e9kes\u00edt\u00e9s ut\u00e1ni szolg\u00e1ltat\u00e1sunknak k\u00f6sz\u00f6nhet\u0151en j\u00f3 h\u00edrnevet szerezt\u00fcnk. Szeretettel v\u00e1rjuk belf\u00f6ldi \u00e9s k\u00fclf\u00f6ldi \u00fcgyfeleinket, hogy \u00fczleti t\u00e1rgyal\u00e1sok, inform\u00e1ci\u00f3csere \u00e9s egy\u00e9b lehet\u0151s\u00e9gek c\u00e9lj\u00e1b\u00f3l kapcsolatba l\u00e9pjenek vel\u00fcnk. <a href=\"https:\/\/www.hydraulic-cylinders.net\/hu\/contact-us\/\">egy\u00fcttm\u0171k\u00f6dni vel\u00fcnk<\/a>!<\/p>\n<p>&nbsp;<\/p>\n<p>&nbsp;<\/p>","protected":false},"excerpt":{"rendered":"<p>Reach Stacker Telescopic Cylinder The reach stacker telescopic cylinder is a cutting-edge hydraulic component designed to enhance the reach and performance of reach stackers. This innovative cylinder utilizes a telescopic design to extend stroke length while maintaining a compact form. The reach stacker telescopic cylinder is a game-changer in the material handling industry with its [&hellip;]<\/p>","protected":false},"featured_media":1843,"comment_status":"open","ping_status":"closed","template":"","meta":{"_et_pb_use_builder":"","_et_pb_old_content":"","_et_gb_content_width":""},"product_brand":[],"product_cat":[1550,1516,1552,1393],"product_tag":[1380],"class_list":{"0":"post-1841","1":"product","2":"type-product","3":"status-publish","4":"has-post-thumbnail","6":"product_cat-double-acting-hydraulic-cylinder","7":"product_cat-stacker-reclaimer-hydraulic-cylinders","8":"product_cat-stainless-steel-hydraulic-cylinder","9":"product_cat-telescopic-hydraulic-cylinder","10":"product_tag-hydraulic-cylinder","12":"first","13":"instock","14":"shipping-taxable","15":"product-type-simple"},"amp_enabled":true,"_links":{"self":[{"href":"https:\/\/www.hydraulic-cylinders.net\/hu\/wp-json\/wp\/v2\/product\/1841","targetHints":{"allow":["GET"]}}],"collection":[{"href":"https:\/\/www.hydraulic-cylinders.net\/hu\/wp-json\/wp\/v2\/product"}],"about":[{"href":"https:\/\/www.hydraulic-cylinders.net\/hu\/wp-json\/wp\/v2\/types\/product"}],"replies":[{"embeddable":true,"href":"https:\/\/www.hydraulic-cylinders.net\/hu\/wp-json\/wp\/v2\/comments?post=1841"}],"wp:featuredmedia":[{"embeddable":true,"href":"https:\/\/www.hydraulic-cylinders.net\/hu\/wp-json\/wp\/v2\/media\/1843"}],"wp:attachment":[{"href":"https:\/\/www.hydraulic-cylinders.net\/hu\/wp-json\/wp\/v2\/media?parent=1841"}],"wp:term":[{"taxonomy":"product_brand","embeddable":true,"href":"https:\/\/www.hydraulic-cylinders.net\/hu\/wp-json\/wp\/v2\/product_brand?post=1841"},{"taxonomy":"product_cat","embeddable":true,"href":"https:\/\/www.hydraulic-cylinders.net\/hu\/wp-json\/wp\/v2\/product_cat?post=1841"},{"taxonomy":"product_tag","embeddable":true,"href":"https:\/\/www.hydraulic-cylinders.net\/hu\/wp-json\/wp\/v2\/product_tag?post=1841"}],"curies":[{"name":"munkaf\u00fczet","href":"https:\/\/api.w.org\/{rel}","templated":true}]}}