{"id":1859,"date":"2023-10-18T02:17:53","date_gmt":"2023-10-18T02:17:53","guid":{"rendered":"https:\/\/hydraulic-cylinders.net\/?post_type=product&#038;p=1859"},"modified":"2025-04-15T05:42:38","modified_gmt":"2025-04-15T05:42:38","slug":"stacker-reclaimer-belt-tensioning-cylinder","status":"publish","type":"product","link":"https:\/\/www.hydraulic-cylinders.net\/hu\/termek\/stacker-reclaimer-belt-tensioning-cylinder\/","title":{"rendered":"Rakod\u00f3-visszanyer\u0151 sz\u00edjfesz\u00edt\u0151 henger"},"content":{"rendered":"<h1 style=\"text-align: center;\"><strong>Rakod\u00f3-visszanyer\u0151 sz\u00edjfesz\u00edt\u0151 henger<\/strong><\/h1>\n<h1 style=\"text-align: center;\"><img loading=\"lazy\" decoding=\"async\" class=\"alignnone wp-image-1860\" src=\"https:\/\/hydraulic-cylinders.net\/wp-content\/uploads\/2023\/10\/belt-tensioning-cylinder-1-300x300.webp\" alt=\"\" width=\"400\" height=\"400\" \/><\/h1>\n<p>A rakod\u00f3szalag-visszanyer\u0151 hevederfesz\u00edt\u0151 hengere kritikus fontoss\u00e1g\u00fa alkatr\u00e9sz az anyagmozgat\u00e1si m\u0171veletek sor\u00e1n haszn\u00e1lt sz\u00e1ll\u00edt\u00f3szalag-rendszerekben. Kulcsfontoss\u00e1g\u00fa szerepet j\u00e1tszik a sz\u00e1ll\u00edt\u00f3szalag megfelel\u0151 feszess\u00e9g\u00e9nek \u00e9s be\u00e1ll\u00edt\u00e1s\u00e1nak fenntart\u00e1s\u00e1ban, biztos\u00edtva az \u00f6mlesztett anyagok hat\u00e9kony \u00e9s megb\u00edzhat\u00f3 sz\u00e1ll\u00edt\u00e1s\u00e1t. Ez a speci\u00e1lis hidraulikus henger kiv\u00e9teles teljes\u00edtm\u00e9nyt \u00e9s tart\u00f3ss\u00e1got k\u00edn\u00e1l, lehet\u0151v\u00e9 t\u00e9ve a kezel\u0151k sz\u00e1m\u00e1ra a sz\u00e1ll\u00edt\u00f3szalag teljes\u00edtm\u00e9ny\u00e9nek optimaliz\u00e1l\u00e1s\u00e1t, mik\u00f6zben meghosszabb\u00edtj\u00e1k a sz\u00e1ll\u00edt\u00f3szalag \u00e9lettartam\u00e1t.<\/p>\n<p>A rakod\u00f3-visszanyer\u0151 sz\u00edjfesz\u00edt\u0151 hengere l\u00e9tfontoss\u00e1g\u00fa eleme a sz\u00e1ll\u00edt\u00f3szalag-rendszereknek, prec\u00edz feszess\u00e9gszab\u00e1lyoz\u00e1st, robusztus fel\u00e9p\u00edt\u00e9st \u00e9s megb\u00edzhat\u00f3 sz\u00edjbe\u00e1ll\u00edt\u00e1st biztos\u00edt. A feszess\u00e9g optimaliz\u00e1l\u00e1s\u00e1ra \u00e9s a megfelel\u0151 sz\u00edjbe\u00e1ll\u00edt\u00e1s fenntart\u00e1s\u00e1ra val\u00f3 k\u00e9pess\u00e9g\u00e9vel jav\u00edtja a sz\u00e1ll\u00edt\u00f3szalag teljes\u00edtm\u00e9ny\u00e9t, minimaliz\u00e1lja az \u00e1ll\u00e1sid\u0151t \u00e9s meghosszabb\u00edtja a sz\u00e1ll\u00edt\u00f3szalag \u00e9lettartam\u00e1t. Az aj\u00e1nlott haszn\u00e1lati m\u00f3dszerek betart\u00e1s\u00e1val \u00e9s a rendszeres karbantart\u00e1si gyakorlatok bevezet\u00e9s\u00e9vel a v\u00e1llalatok maximaliz\u00e1lhatj\u00e1k sz\u00e1ll\u00edt\u00f3szalag-rendszereik teljes\u00edtm\u00e9ny\u00e9t, \u00e9lettartam\u00e1t \u00e9s megb\u00edzhat\u00f3s\u00e1g\u00e1t. A rakod\u00f3-visszanyer\u0151 sz\u00edjfesz\u00edt\u0151 hengere \u00e9rt\u00e9kes befektet\u00e9s az anyagmozgat\u00e1si m\u0171veletekbe, lehet\u0151v\u00e9 t\u00e9ve a kezel\u0151k sz\u00e1m\u00e1ra az optim\u00e1lis hat\u00e9konys\u00e1g, pontoss\u00e1g \u00e9s termel\u00e9kenys\u00e9g el\u00e9r\u00e9s\u00e9t a dinamikus \u00e9s ig\u00e9nyes anyagmozgat\u00e1si k\u00f6rnyezetekben.<\/p>\n<p>Rakod\u00f3-visszanyer\u0151 sz\u00edjfesz\u00edt\u0151 henger f\u0151bb jellemz\u0151i:<\/p>\n<ul>\n<li>Prec\u00edz feszess\u00e9gszab\u00e1lyoz\u00e1s: A szalagfesz\u00edt\u0151 henger prec\u00edzen szab\u00e1lyozza a sz\u00e1ll\u00edt\u00f3szalagra kifejtett fesz\u00fclts\u00e9get. Ez a funkci\u00f3 lehet\u0151v\u00e9 teszi a kezel\u0151k sz\u00e1m\u00e1ra, hogy a fesz\u00fclts\u00e9get a sz\u00e1ll\u00edtott anyag konkr\u00e9t k\u00f6vetelm\u00e9nyeinek megfelel\u0151en \u00e1ll\u00edts\u00e1k be, biztos\u00edtva az optim\u00e1lis teljes\u00edtm\u00e9nyt \u00e9s megakad\u00e1lyozva a szalag megcs\u00fasz\u00e1s\u00e1t vagy s\u00e9r\u00fcl\u00e9s\u00e9t.<\/li>\n<li>Robusztus konstrukci\u00f3: A kiv\u00e1l\u00f3 min\u0151s\u00e9g\u0171 anyagokb\u00f3l \u00e9s robusztus fel\u00e9p\u00edt\u00e9sb\u0151l k\u00e9sz\u00fclt sz\u00edjfesz\u00edt\u0151 hengert \u00fagy tervezt\u00e9k, hogy ellen\u00e1lljon az anyagmozgat\u00e1si m\u0171veletek neh\u00e9z k\u00f6r\u00fclm\u00e9nyeinek. Robusztus kialak\u00edt\u00e1sa megb\u00edzhat\u00f3 teljes\u00edtm\u00e9nyt biztos\u00edt m\u00e9g nagy terhel\u00e9s, rezg\u00e9sek \u00e9s zord k\u00f6rnyezeti k\u00f6r\u00fclm\u00e9nyek k\u00f6z\u00f6tt is.<\/li>\n<li>Megb\u00edzhat\u00f3 sz\u00edjbe\u00e1ll\u00edt\u00e1s: A henger kialak\u00edt\u00e1sa lehet\u0151v\u00e9 teszi a sz\u00edj k\u00f6vetkezetes \u00e9s pontos be\u00e1ll\u00edt\u00e1s\u00e1t. A megfelel\u0151 feszess\u00e9g fenntart\u00e1s\u00e1val seg\u00edt megel\u0151zni a sz\u00edj elmozdul\u00e1s\u00e1t \u00e9s cs\u00f6kkenti az anyagki\u00f6ml\u00e9s kock\u00e1zat\u00e1t, minimaliz\u00e1lva az \u00e1ll\u00e1sid\u0151t \u00e9s jav\u00edtva a m\u0171k\u00f6d\u00e9si hat\u00e9konys\u00e1got.<\/li>\n<\/ul>\n<h2><strong>Rakod\u00f3-visszanyer\u0151 t\u00e1mhenger param\u00e9tere:<\/strong><\/h2>\n<table border=\"1\" cellspacing=\"0\" cellpadding=\"0\">\n<tbody>\n<tr>\n<td>Term\u00e9k neve<\/td>\n<td>Rakod\u00f3-visszanyer\u0151 sz\u00edjfesz\u00edt\u0151 henger<\/td>\n<\/tr>\n<tr>\n<td>Jellemz\u0151k:<\/td>\n<td>Figyelje meg a sz\u00edj feszess\u00e9g\u00e9t \u00e9s lazas\u00e1g\u00e1t<\/td>\n<\/tr>\n<tr>\n<td>Furat\u00e1tm\u00e9r\u0151:<\/td>\n<td>80 mm\uff5e180 m<\/td>\n<\/tr>\n<tr>\n<td>R\u00fad \u00e1tm\u00e9r\u0151je:<\/td>\n<td>45 mm\uff5e120 mm<br \/>\nL\u00f6ket500mm\uff5e1500mm<\/td>\n<\/tr>\n<tr>\n<td>Nyom\u00e1s:<\/td>\n<td>ak\u00e1r 35 MPa<\/td>\n<\/tr>\n<tr>\n<td>Alkalmaz\u00e1sok:<\/td>\n<td>Stack Reclaimer<\/td>\n<\/tr>\n<\/tbody>\n<\/table>\n<h2><strong>Rakod\u00f3-visszanyer\u0151 henger alkalmaz\u00e1sa:<\/strong><\/h2>\n<p><img loading=\"lazy\" decoding=\"async\" class=\"alignnone wp-image-1854 size-full\" src=\"https:\/\/hydraulic-cylinders.net\/wp-content\/uploads\/2023\/10\/stacker-reclaimer-cylinder-1.webp\" alt=\"\" width=\"494\" height=\"330\" srcset=\"https:\/\/hydraulic-cylinders.net\/wp-content\/uploads\/2023\/10\/stacker-reclaimer-cylinder-1.webp 494w, https:\/\/hydraulic-cylinders.net\/wp-content\/uploads\/2023\/10\/stacker-reclaimer-cylinder-1-480x321.webp 480w\" sizes=\"(min-width: 0px) and (max-width: 480px) 480px, (min-width: 481px) 494px, 100vw\" \/><\/p>\n<h2><strong>A rakod\u00f3-visszanyer\u0151 csap\u00e1gyhenger haszn\u00e1lati m\u00f3dja<\/strong><strong>:<\/strong><\/h2>\n<p>Feszess\u00e9g\u00e1ll\u00edt\u00e1s: A t\u00e1rol\u00f3-visszanyer\u0151 sz\u00edjfesz\u00edt\u0151 henger\u00e9nek hat\u00e9kony haszn\u00e1lat\u00e1hoz k\u00f6vesse az al\u00e1bbi l\u00e9p\u00e9seket:<\/p>\n<p>a. Kapcsolja be a sz\u00e1ll\u00edt\u00f3szalagot m\u0171k\u00f6dtet\u0151 hidraulikus rendszert, \u00e9s gy\u0151z\u0151dj\u00f6n meg arr\u00f3l, hogy a hidraulikus nyom\u00e1s az aj\u00e1nlott \u00fczemi tartom\u00e1nyon bel\u00fcl van.<br \/>\nb. A mell\u00e9kelt vez\u00e9rl\u0151fel\u00fclettel vagy be\u00e1ll\u00edt\u00f3 mechanizmussal n\u00f6velheti vagy cs\u00f6kkentheti a sz\u00e1ll\u00edt\u00f3szalagra hat\u00f3 feszess\u00e9get.<br \/>\nc. Figyelje a sz\u00edj teljes\u00edtm\u00e9ny\u00e9t, \u00e9s \u00e1ll\u00edtsa be a feszess\u00e9get az optim\u00e1lis be\u00e1ll\u00edt\u00e1s fenntart\u00e1sa \u00e9s a megcs\u00fasz\u00e1s vagy s\u00e9r\u00fcl\u00e9s megel\u0151z\u00e9se \u00e9rdek\u00e9ben.<\/p>\n<h2><strong>Mennyibe ker\u00fcl egy hidraulikus henger jav\u00edt\u00e1sa?<\/strong><\/h2>\n<p>A hidraulikus henger jav\u00edt\u00e1s\u00e1nak k\u00f6lts\u00e9ge sz\u00e1mos t\u00e9nyez\u0151t\u0151l f\u00fcgg, bele\u00e9rtve a s\u00e9r\u00fcl\u00e9s vagy kop\u00e1s m\u00e9rt\u00e9k\u00e9t, a henger m\u00e9ret\u00e9t, a cserealkatr\u00e9szek el\u00e9rhet\u0151s\u00e9g\u00e9t \u00e9s a munkak\u00f6lts\u00e9geket. A hidraulikus henger jav\u00edt\u00e1sa jellemz\u0151en mag\u00e1ban foglalja a henger sz\u00e9tszerel\u00e9s\u00e9t, a s\u00e9r\u00fclt alkatr\u00e9szek ellen\u0151rz\u00e9s\u00e9t \u00e9s jav\u00edt\u00e1s\u00e1t vagy cser\u00e9j\u00e9t, valamint a henger \u00fajb\u00f3li t\u00f6m\u00edt\u00e9s\u00e9t \u00e9s \u00f6sszeszerel\u00e9s\u00e9t a m\u0171k\u00f6d\u0151k\u00e9pess\u00e9g helyre\u00e1ll\u00edt\u00e1sa \u00e9rdek\u00e9ben.<\/p>\n<p>\u00cdme n\u00e9h\u00e1ny t\u00e9nyez\u0151, amely befoly\u00e1solhatja a hidraulikus henger jav\u00edt\u00e1s\u00e1nak k\u00f6lts\u00e9geit:<\/p>\n<ol>\n<li><strong>S\u00e9r\u00fcl\u00e9s vagy kop\u00e1s:<\/strong> A henger s\u00e9r\u00fcl\u00e9s\u00e9nek vagy kop\u00e1s\u00e1nak m\u00e9rt\u00e9ke befoly\u00e1solhatja a k\u00f6lts\u00e9geket. A kisebb jav\u00edt\u00e1sok vagy t\u00f6m\u00edt\u00e9scser\u00e9k olcs\u00f3bbak lehetnek, mint a f\u0151 alkatr\u00e9szek, p\u00e9ld\u00e1ul a dugatty\u00fa, a r\u00fad vagy a henger jav\u00edt\u00e1sa vagy cser\u00e9je.<\/li>\n<li><strong>Cserealkatr\u00e9szek:<\/strong> A jav\u00edt\u00e1shoz sz\u00fcks\u00e9ges cserealkatr\u00e9szek el\u00e9rhet\u0151s\u00e9ge \u00e9s k\u00f6lts\u00e9ge v\u00e1ltoz\u00f3 lehet. Egyes hengerekhez k\u00f6nnyen beszerezhet\u0151k \u00e9s megfizethet\u0151 darabok, m\u00edg m\u00e1sok egyedi vagy speci\u00e1lis alkatr\u00e9szeket ig\u00e9nyelhetnek, ami n\u00f6velheti a k\u00f6lts\u00e9geket.<\/li>\n<li><strong>Henger m\u00e9rete:<\/strong> A nagyobb palackok jav\u00edt\u00e1sa t\u00f6bb id\u0151t \u00e9s er\u0151fesz\u00edt\u00e9st ig\u00e9nyelhet, ami befoly\u00e1solja az \u00f6sszk\u00f6lts\u00e9get.<\/li>\n<li><strong>Munkaer\u0151k\u00f6lts\u00e9gek:<\/strong> A munkad\u00edjak a jav\u00edt\u00e1s \u00f6sszetetts\u00e9g\u00e9t\u0151l, a sz\u00fcks\u00e9ges szak\u00e9rtelem szintj\u00e9t\u0151l \u00e9s a szolg\u00e1ltat\u00f3 hely\u00e9t\u0151l f\u00fcgg\u0151en v\u00e1ltozhatnak. A munkad\u00edjak magukban foglalhatj\u00e1k a sz\u00e9tszerel\u00e9st, az ellen\u0151rz\u00e9st, a tiszt\u00edt\u00e1st, az alkatr\u00e9szek jav\u00edt\u00e1s\u00e1t vagy cser\u00e9j\u00e9t, az \u00fajraz\u00e1r\u00e1st \u00e9s az \u00fajra\u00f6sszeszerel\u00e9st.<\/li>\n<li><strong>Tov\u00e1bbi szolg\u00e1ltat\u00e1sok:<\/strong> Ha egy\u00e9b szolg\u00e1ltat\u00e1sokra, p\u00e9ld\u00e1ul megmunk\u00e1l\u00e1sra, hegeszt\u00e9sre vagy honol\u00e1sra van sz\u00fcks\u00e9g, azok n\u00f6velhetik a jav\u00edt\u00e1s teljes k\u00f6lts\u00e9g\u00e9t.<\/li>\n<\/ol>\n<h2><strong>A gy\u00e1r kapacit\u00e1sa \u00e9s kapacit\u00e1sa:<\/strong><\/h2>\n<h3>(1) \u00d6sszeszerel\u00e9s<\/h3>\n<p>Els\u0151 oszt\u00e1ly\u00fa f\u00fcggetlen kutat\u00e1si \u00e9s fejleszt\u00e9si \u00f6sszeszerel\u00e9si platformmal rendelkez\u00fcnk. A hidraulikus hengergy\u00e1rt\u00f3 m\u0171hely n\u00e9gy f\u00e9lautomata emel\u0151henger-\u00f6sszeszerel\u0151 sorral \u00e9s egy automata billen\u0151henger-\u00f6sszeszerel\u0151 sorral rendelkezik, tervezett \u00e9ves gy\u00e1rt\u00e1si kapacit\u00e1sa 1 milli\u00f3 darab. A speci\u00e1lis henger m\u0171hely k\u00fcl\u00f6nb\u00f6z\u0151 specifik\u00e1ci\u00f3j\u00fa f\u00e9lautomata tiszt\u00edt\u00f3 \u00f6sszeszerel\u0151 rendszerrel van felszerelve, amelynek tervezett \u00e9ves termel\u00e9si kapacit\u00e1sa 200.000, \u00e9s h\u00edres CNC megmunk\u00e1l\u00f3 berendez\u00e9ssel, megmunk\u00e1l\u00f3 k\u00f6zponttal, nagy pontoss\u00e1g\u00fa hengerfeldolgoz\u00f3 speci\u00e1lis berendez\u00e9ssel, robothegeszt\u0151 g\u00e9ppel, automatikus tiszt\u00edt\u00f3g\u00e9ppel, automatikus henger \u00f6sszeszerel\u0151 g\u00e9ppel \u00e9s automatikus fest\u00e9si gy\u00e1rt\u00f3sorral van felszerelve. A megl\u00e9v\u0151 kritikus berendez\u00e9sek t\u00f6bb mint 300 k\u00e9szlet (k\u00e9szlet). A berendez\u00e9sek er\u0151forr\u00e1sainak optim\u00e1lis eloszt\u00e1sa \u00e9s hat\u00e9kony felhaszn\u00e1l\u00e1sa biztos\u00edtja a term\u00e9kek pontoss\u00e1gi k\u00f6vetelm\u00e9nyeit \u00e9s megfelel a term\u00e9kek min\u0151s\u00e9gi ig\u00e9nyeinek.<\/p>\n<p><img loading=\"lazy\" decoding=\"async\" class=\"alignnone wp-image-626\" src=\"https:\/\/hydraulic-cylinders.net\/wp-content\/uploads\/2023\/08\/hydraulic-cylinder-product-1-300x158.webp\" alt=\"\" width=\"495\" height=\"260\" srcset=\"https:\/\/hydraulic-cylinders.net\/wp-content\/uploads\/2023\/08\/hydraulic-cylinder-product-1-300x158.webp 495w, https:\/\/hydraulic-cylinders.net\/wp-content\/uploads\/2023\/08\/hydraulic-cylinder-product-1-480x252.webp 480w\" sizes=\"(min-width: 0px) and (max-width: 480px) 480px, (min-width: 481px) 495px, 100vw\" \/> <img loading=\"lazy\" decoding=\"async\" class=\"alignnone wp-image-627\" src=\"https:\/\/hydraulic-cylinders.net\/wp-content\/uploads\/2023\/08\/hydraulic-cylinder-product-2-300x189.webp\" alt=\"\" width=\"413\" height=\"260\" \/><\/p>\n<h3>(2) Megmunk\u00e1l\u00e1s<\/h3>\n<p>A megmunk\u00e1l\u00f3m\u0171hely egyedi, ferde s\u00edneszterg\u00e1l\u00f3 k\u00f6zponttal, megmunk\u00e1l\u00f3k\u00f6zponttal, nagysebess\u00e9g\u0171 h\u00f3nol\u00f3g\u00e9ppel, hegeszt\u0151robottal \u00e9s egy\u00e9b kapcsol\u00f3d\u00f3 berendez\u00e9sekkel van felszerelve, amelyek legfeljebb 400 mm bels\u0151 \u00e1tm\u00e9r\u0151j\u0171 \u00e9s legfeljebb 6 m\u00e9ter hossz\u00fa hengercs\u00f6vek megmunk\u00e1l\u00e1s\u00e1ra k\u00e9pesek.<\/p>\n<p><img loading=\"lazy\" decoding=\"async\" class=\"alignnone wp-image-628 size-large\" src=\"https:\/\/hydraulic-cylinders.net\/wp-content\/uploads\/2023\/08\/hydraulic-cylinder-product-3-1024x391.webp\" alt=\"\" width=\"1024\" height=\"391\" srcset=\"https:\/\/hydraulic-cylinders.net\/wp-content\/uploads\/2023\/08\/hydraulic-cylinder-product-3-980x374.webp 980w, https:\/\/hydraulic-cylinders.net\/wp-content\/uploads\/2023\/08\/hydraulic-cylinder-product-3-480x183.webp 480w\" sizes=\"(min-width: 0px) and (max-width: 480px) 480px, (min-width: 481px) and (max-width: 980px) 980px, (min-width: 981px) 1024px, 100vw\" \/><\/p>\n<h3>(3) Hegeszt\u00e9s<\/h3>\n<p><img loading=\"lazy\" decoding=\"async\" class=\"alignnone wp-image-629 size-large\" src=\"https:\/\/hydraulic-cylinders.net\/wp-content\/uploads\/2023\/08\/hydraulic-cylinder-product-4-1024x510.webp\" alt=\"\" width=\"1024\" height=\"510\" srcset=\"https:\/\/hydraulic-cylinders.net\/wp-content\/uploads\/2023\/08\/hydraulic-cylinder-product-4-980x488.webp 980w, https:\/\/hydraulic-cylinders.net\/wp-content\/uploads\/2023\/08\/hydraulic-cylinder-product-4-480x239.webp 480w\" sizes=\"(min-width: 0px) and (max-width: 480px) 480px, (min-width: 481px) and (max-width: 980px) 980px, (min-width: 981px) 1024px, 100vw\" \/><\/p>\n<h3>(4) Fest\u00e9s \u00e9s bevonatol\u00e1s<\/h3>\n<p>Kis \u00e9s k\u00f6zepes m\u00e9ret\u0171 hengeres automatikus v\u00edzb\u00e1zis\u00fa fest\u00e9kbevon\u00f3 sorokkal, az automatikus robot be- \u00e9s kirakod\u00e1s, valamint az automatikus permetez\u00e9s megval\u00f3s\u00edt\u00e1s\u00e1hoz, a tervez\u00e9si kapacit\u00e1s m\u0171szakonk\u00e9nt 4000 darab;<br \/>\nRendelkez\u00fcnk egy f\u00e9lautomata fest\u00e9kgy\u00e1rt\u00f3sorral is nagym\u00e9ret\u0171 palackokhoz, amelyet egy er\u0151\u00e1tviteli l\u00e1nc hajt, m\u0171szakonk\u00e9nt 60 doboz tervez\u00e9si kapacit\u00e1ssal.<\/p>\n<p><img loading=\"lazy\" decoding=\"async\" class=\"alignnone wp-image-630\" src=\"https:\/\/hydraulic-cylinders.net\/wp-content\/uploads\/2023\/08\/hydraulic-cylinder-product-5-300x213.webp\" alt=\"\" width=\"366\" height=\"260\" \/> <img loading=\"lazy\" decoding=\"async\" class=\"alignnone wp-image-631\" src=\"https:\/\/hydraulic-cylinders.net\/wp-content\/uploads\/2023\/08\/hydraulic-cylinder-product-6-300x225.webp\" alt=\"\" width=\"347\" height=\"260\" \/><\/p>\n<h3>(5) Tesztel\u00e9s<\/h3>\n<p>Els\u0151 oszt\u00e1ly\u00fa ellen\u0151rz\u0151 l\u00e9tes\u00edtm\u00e9nyekkel \u00e9s tesztpadokkal rendelkez\u00fcnk annak biztos\u00edt\u00e1s\u00e1ra, hogy a palack teljes\u00edtm\u00e9nye megfeleljen a k\u00f6vetelm\u00e9nyeknek.<\/p>\n<p><img loading=\"lazy\" decoding=\"async\" class=\"alignnone wp-image-632\" src=\"https:\/\/hydraulic-cylinders.net\/wp-content\/uploads\/2023\/08\/hydraulic-cylinder-product-8-300x200.webp\" alt=\"\" width=\"389\" height=\"260\" \/><\/p>\n<p>&nbsp;<\/p>\n<p>&nbsp;<\/p>\n<p>Mi vagyunk az egyik legjobb hidraulikus henger gy\u00e1rt\u00f3. \u00c1tfog\u00f3 hidraulikus hengereket k\u00edn\u00e1lunk. Megfelel\u0151 szolg\u00e1ltat\u00e1sokat is biztos\u00edtunk. <a href=\"https:\/\/hzpt.com\/agricultural-pto-gearbox\/\" target=\"_blank\" rel=\"noopener\">mez\u0151gazdas\u00e1gi sebess\u00e9gv\u00e1lt\u00f3k<\/a>Term\u00e9keinket vil\u00e1gszerte export\u00e1ltuk \u00fcgyfeleinknek, \u00e9s kiv\u00e1l\u00f3 term\u00e9kmin\u0151s\u00e9g\u00fcnknek \u00e9s \u00e9rt\u00e9kes\u00edt\u00e9s ut\u00e1ni szolg\u00e1ltat\u00e1sunknak k\u00f6sz\u00f6nhet\u0151en j\u00f3 h\u00edrnevet szerezt\u00fcnk. Szeretettel v\u00e1rjuk belf\u00f6ldi \u00e9s k\u00fclf\u00f6ldi \u00fcgyfeleinket, hogy \u00fczleti t\u00e1rgyal\u00e1sok, inform\u00e1ci\u00f3csere \u00e9s egy\u00e9b lehet\u0151s\u00e9gek c\u00e9lj\u00e1b\u00f3l kapcsolatba l\u00e9pjenek vel\u00fcnk. <a href=\"https:\/\/www.hydraulic-cylinders.net\/hu\/contact-us\/\">egy\u00fcttm\u0171k\u00f6dni vel\u00fcnk<\/a>!<\/p>\n<p>&nbsp;<\/p>\n<p>&nbsp;<\/p>","protected":false},"excerpt":{"rendered":"<p>Stacker Reclaimer Belt Tensioning Cylinder The stacker reclaimer belt tensioning cylinder is a critical component in conveyor systems used in material handling operations. It plays a crucial role in maintaining proper tension and alignment of the conveyor belt, ensuring efficient and reliable transportation of bulk materials. This specialized hydraulic cylinder offers exceptional performance and durability, [&hellip;]<\/p>","protected":false},"featured_media":1861,"comment_status":"open","ping_status":"closed","template":"","meta":{"_et_pb_use_builder":"","_et_pb_old_content":"","_et_gb_content_width":""},"product_brand":[],"product_cat":[1549,1516,1552],"product_tag":[1380],"class_list":{"0":"post-1859","1":"product","2":"type-product","3":"status-publish","4":"has-post-thumbnail","6":"product_cat-single-acting-hydraulic-cylinder","7":"product_cat-stacker-reclaimer-hydraulic-cylinders","8":"product_cat-stainless-steel-hydraulic-cylinder","9":"product_tag-hydraulic-cylinder","11":"first","12":"instock","13":"shipping-taxable","14":"product-type-simple"},"amp_enabled":true,"_links":{"self":[{"href":"https:\/\/www.hydraulic-cylinders.net\/hu\/wp-json\/wp\/v2\/product\/1859","targetHints":{"allow":["GET"]}}],"collection":[{"href":"https:\/\/www.hydraulic-cylinders.net\/hu\/wp-json\/wp\/v2\/product"}],"about":[{"href":"https:\/\/www.hydraulic-cylinders.net\/hu\/wp-json\/wp\/v2\/types\/product"}],"replies":[{"embeddable":true,"href":"https:\/\/www.hydraulic-cylinders.net\/hu\/wp-json\/wp\/v2\/comments?post=1859"}],"wp:featuredmedia":[{"embeddable":true,"href":"https:\/\/www.hydraulic-cylinders.net\/hu\/wp-json\/wp\/v2\/media\/1861"}],"wp:attachment":[{"href":"https:\/\/www.hydraulic-cylinders.net\/hu\/wp-json\/wp\/v2\/media?parent=1859"}],"wp:term":[{"taxonomy":"product_brand","embeddable":true,"href":"https:\/\/www.hydraulic-cylinders.net\/hu\/wp-json\/wp\/v2\/product_brand?post=1859"},{"taxonomy":"product_cat","embeddable":true,"href":"https:\/\/www.hydraulic-cylinders.net\/hu\/wp-json\/wp\/v2\/product_cat?post=1859"},{"taxonomy":"product_tag","embeddable":true,"href":"https:\/\/www.hydraulic-cylinders.net\/hu\/wp-json\/wp\/v2\/product_tag?post=1859"}],"curies":[{"name":"munkaf\u00fczet","href":"https:\/\/api.w.org\/{rel}","templated":true}]}}