{"id":1882,"date":"2023-10-18T08:18:09","date_gmt":"2023-10-18T08:18:09","guid":{"rendered":"https:\/\/hydraulic-cylinders.net\/?post_type=product&#038;p=1882"},"modified":"2025-04-11T02:52:07","modified_gmt":"2025-04-11T02:52:07","slug":"shield-machine-assembly-lifting-cylinder","status":"publish","type":"product","link":"https:\/\/www.hydraulic-cylinders.net\/hu\/termek\/shield-machine-assembly-lifting-cylinder\/","title":{"rendered":"Pajzsg\u00e9p szerelv\u00e9ny emel\u0151henger"},"content":{"rendered":"<h1 style=\"text-align: center;\"><strong>Pajzsg\u00e9p szerelv\u00e9ny emel\u0151henger<\/strong><\/h1>\n<p><img loading=\"lazy\" decoding=\"async\" class=\"aligncenter wp-image-1884\" src=\"https:\/\/hydraulic-cylinders.net\/wp-content\/uploads\/2023\/10\/assembly-lifting-cylinder-1-300x300.webp\" alt=\"\" width=\"400\" height=\"400\" \/><\/p>\n<p>A pajzsg\u00e9p \u00f6sszeszerel\u00e9si emel\u0151hengere egy fejlett hidraulikus alkatr\u00e9sz, amelyet kifejezetten az alag\u00fat\u00e9p\u00edt\u00e9si projektekben haszn\u00e1lt pajzsg\u00e9pekhez terveztek. Ez a henger kiv\u00e9teles emel\u0151k\u00e9pess\u00e9g\u00e9vel, megb\u00edzhat\u00f3s\u00e1g\u00e1val \u00e9s precizit\u00e1s\u00e1val hat\u00e9kony \u00e9s pontos szerel\u00e9si m\u0171veleteket biztos\u00edt. Ez a cikk bemutatja ennek a figyelemre m\u00e9lt\u00f3 term\u00e9knek a f\u0151bb jellemz\u0151it, haszn\u00e1lati m\u00f3djait \u00e9s karbantart\u00e1si ir\u00e1nyelveit.<\/p>\n<p>A pajzsg\u00e9p szerelv\u00e9nyemel\u0151 hengere egy megb\u00edzhat\u00f3 \u00e9s robusztus hidraulikus alkatr\u00e9sz, amely forradalmas\u00edtja az alag\u00fat\u00e9p\u00edt\u00e9s szerel\u00e9si folyamat\u00e1t. Kiv\u00e9teles emel\u0151kapacit\u00e1s\u00e1val, prec\u00edz vez\u00e9rl\u00e9s\u00e9vel \u00e9s tart\u00f3ss\u00e1g\u00e1val ez a henger n\u00f6veli a hat\u00e9konys\u00e1got \u00e9s a pontoss\u00e1got, ler\u00f6vid\u00edti a projektek id\u0151keret\u00e9t \u00e9s jav\u00edtja a termel\u00e9kenys\u00e9get. Az aj\u00e1nlott haszn\u00e1lati m\u00f3dszerek \u00e9s a rendszeres karbantart\u00e1si gyakorlatok betart\u00e1sa mellett a pajzsg\u00e9p szerelv\u00e9nyemel\u0151 hengere tov\u00e1bbra is kiemelked\u0151 teljes\u00edtm\u00e9nyt ny\u00fajt, biztos\u00edtva a z\u00f6kken\u0151mentes szerel\u00e9si m\u0171veleteket \u00e9s a sikeres alag\u00fat\u00e9p\u00edt\u00e9si t\u00f6rekv\u00e9seket. Emelje \u00e9p\u00edt\u00e9si projektjeit a pajzsg\u00e9p szerelv\u00e9nyemel\u0151 henger\u00e9nek hat\u00e9konys\u00e1g\u00e1val \u00e9s pontoss\u00e1g\u00e1val.<\/p>\n<p>Pajzsg\u00e9p csukl\u00f3s henger\u00e9nek f\u0151bb jellemz\u0151i:<\/p>\n<ul>\n<li>Nagy emel\u0151kapacit\u00e1s: A pajzsg\u00e9p szerelv\u00e9ny emel\u0151hengere robusztus kialak\u00edt\u00e1s\u00fa, amely lehet\u0151v\u00e9 teszi a neh\u00e9z terhek k\u00f6nny\u0171 kezel\u00e9s\u00e9t. Nagy emel\u0151kapacit\u00e1s\u00e1val ez a henger megk\u00f6nny\u00edti a pajzsg\u00e9p alkatr\u00e9szeinek z\u00f6kken\u0151mentes \u00e9s hat\u00e9kony \u00f6sszeszerel\u00e9s\u00e9t, cs\u00f6kkentve az \u00e9p\u00edt\u00e9si id\u0151t \u00e9s n\u00f6velve a termel\u00e9kenys\u00e9get.<\/li>\n<li>Prec\u00edz vez\u00e9rl\u00e9s: Fejlett hidraulikus vez\u00e9rl\u0151rendszerekkel felszerelve ez a henger prec\u00edz \u00e9s \u00e9rz\u00e9keny vez\u00e9rl\u00e9st biztos\u00edt az emel\u00e9si m\u0171velet felett. A kezel\u0151k pontosan be\u00e1ll\u00edthatj\u00e1k az emel\u00e9si sebess\u00e9get \u00e9s poz\u00edci\u00f3t, biztos\u00edtva az optim\u00e1lis be\u00e1ll\u00edt\u00e1st \u00e9s minimaliz\u00e1lva a hib\u00e1k kock\u00e1zat\u00e1t az \u00f6sszeszerel\u00e9si folyamat sor\u00e1n.<\/li>\n<li>Tart\u00f3ss\u00e1g \u00e9s megb\u00edzhat\u00f3s\u00e1g: A kiv\u00e1l\u00f3 min\u0151s\u00e9g\u0171 anyagokb\u00f3l k\u00e9sz\u00fclt \u00e9s az alag\u00fat\u00e9p\u00edt\u00e9s sor\u00e1n el\u0151fordul\u00f3 neh\u00e9z k\u00f6r\u00fclm\u00e9nyeknek ellen\u00e1ll\u00f3 pajzsg\u00e9p-szerelv\u00e9ny emel\u0151hengere kiv\u00e9teles tart\u00f3ss\u00e1got \u00e9s megb\u00edzhat\u00f3s\u00e1got mutat. Robusztus konstrukci\u00f3ja hossz\u00fa \u00e9lettartamot biztos\u00edt, minimaliz\u00e1lva az \u00e1ll\u00e1sid\u0151t \u00e9s a karbantart\u00e1si k\u00f6lts\u00e9geket.<\/li>\n<li>Biztons\u00e1gi jellemz\u0151k: A henger olyan biztons\u00e1gi jellemz\u0151kkel rendelkezik, amelyek a kezel\u0151k \u00e9s a k\u00f6rnyezet j\u00f3l\u00e9t\u00e9t helyezik el\u0151t\u00e9rbe. Ezek a jellemz\u0151k magukban foglalhatj\u00e1k a t\u00falterhel\u00e9s elleni v\u00e9delmi mechanizmusokat, a v\u00e9szle\u00e1ll\u00edt\u00f3 funkci\u00f3t \u00e9s a balesetek megel\u0151z\u00e9s\u00e9re \u00e9s a biztons\u00e1gos emel\u00e9si m\u0171veletek biztos\u00edt\u00e1s\u00e1ra szolg\u00e1l\u00f3 hibat\u0171r\u0151 rendszereket.<\/li>\n<\/ul>\n<h2><strong>Pajzsg\u00e9p csukl\u00f3s henger param\u00e9tere:<\/strong><\/h2>\n<table border=\"1\" cellspacing=\"0\" cellpadding=\"0\">\n<tbody>\n<tr>\n<td>Term\u00e9k neve<\/td>\n<td>Pajzsg\u00e9p csukl\u00f3s henger<\/td>\n<\/tr>\n<tr>\n<td>Jellemz\u0151k:<\/td>\n<td>Akt\u00edv artikul\u00e1ci\u00f3: v\u00e1g\u00f3fej-korm\u00e1nyz\u00e1s\/koordin\u00e1lt szersz\u00e1mcsere<br \/>\nPassz\u00edv artikul\u00e1ci\u00f3: h\u00fazza el\u0151re a pajzs fark\u00e1t<\/td>\n<\/tr>\n<tr>\n<td>Furat\u00e1tm\u00e9r\u0151:<\/td>\n<td>125 mm\uff5e550 mm<\/td>\n<\/tr>\n<tr>\n<td>R\u00fad \u00e1tm\u00e9r\u0151je:<\/td>\n<td>\u00a070 mm\uff5e370 mm<br \/>\nL\u00f6ket140mm\uff5e1200mm<\/td>\n<\/tr>\n<tr>\n<td>Nyom\u00e1s:<\/td>\n<td>Ak\u00e1r 35MPa<\/td>\n<\/tr>\n<tr>\n<td>Alkalmaz\u00e1sok:<\/td>\n<td>Pajzsg\u00e9p, alag\u00fatf\u00far\u00f3 g\u00e9pek<\/td>\n<\/tr>\n<\/tbody>\n<\/table>\n<h2><strong>Pajzsg\u00e9p tol\u00f3henger alkalmaz\u00e1sa:<\/strong><\/h2>\n<p><img loading=\"lazy\" decoding=\"async\" class=\"alignnone wp-image-1875 size-full\" src=\"https:\/\/hydraulic-cylinders.net\/wp-content\/uploads\/2023\/10\/harsh-corrosive-cylinder-1.webp\" alt=\"\" width=\"1418\" height=\"946\" srcset=\"https:\/\/hydraulic-cylinders.net\/wp-content\/uploads\/2023\/10\/harsh-corrosive-cylinder-1.webp 1418w, https:\/\/hydraulic-cylinders.net\/wp-content\/uploads\/2023\/10\/harsh-corrosive-cylinder-1-1280x854.webp 1280w, https:\/\/hydraulic-cylinders.net\/wp-content\/uploads\/2023\/10\/harsh-corrosive-cylinder-1-980x654.webp 980w, https:\/\/hydraulic-cylinders.net\/wp-content\/uploads\/2023\/10\/harsh-corrosive-cylinder-1-480x320.webp 480w\" sizes=\"(min-width: 0px) and (max-width: 480px) 480px, (min-width: 481px) and (max-width: 980px) 980px, (min-width: 981px) and (max-width: 1280px) 1280px, (min-width: 1281px) 1418px, 100vw\" \/><\/p>\n<h2><strong>A pajzsg\u00e9p csukl\u00f3s henger\u00e9nek haszn\u00e1lati m\u00f3dja<\/strong><strong>:<\/strong><\/h2>\n<ul>\n<li><strong>\u00d6sszeszerel\u00e9s el\u0151tti tervez\u00e9s:<\/strong> Az \u00f6sszeszerel\u00e9si folyamat megkezd\u00e9se el\u0151tt alaposan \u00e9rt\u00e9kelje a pajzsg\u00e9p alkatr\u00e9szeit, az \u00f6sszeszerel\u00e9si sorrendet \u00e9s a biztons\u00e1gi k\u00f6vetelm\u00e9nyeket. Tervezze meg az emel\u00e9si pontokat, \u00e9s hat\u00e1rozza meg a pajzsg\u00e9p szerelv\u00e9ny emel\u0151henger\u00e9nek megfelel\u0151 elhelyez\u00e9s\u00e9t az optim\u00e1lis emel\u00e9si hat\u00e9konys\u00e1g \u00e9s stabilit\u00e1s \u00e9rdek\u00e9ben.<\/li>\n<li><strong>Henger beszerel\u00e9se:<\/strong>\u00a0 Biztons\u00e1gosan szerelje fel a v\u00e9d\u0151g\u00e9p szerelv\u00e9ny emel\u0151henger\u00e9t a v\u00e9d\u0151g\u00e9pre, \u00fcgyelve a biztons\u00e1gos r\u00f6gz\u00edt\u00e9sre \u00e9s a gy\u00e1rt\u00f3 utas\u00edt\u00e1sai szerinti be\u00e1ll\u00edt\u00e1sra. Haszn\u00e1ljon megfelel\u0151 r\u00f6gz\u00edt\u0151eszk\u00f6z\u00f6ket, p\u00e9ld\u00e1ul csavarokat vagy konzolokat a stabil csatlakoz\u00e1s biztos\u00edt\u00e1s\u00e1hoz.<\/li>\n<li><strong>Hidraulikus rendszer integr\u00e1l\u00e1sa:<\/strong> Csatlakoztassa a hengert a v\u00e9d\u0151g\u00e9p hidraulikus rendszer\u00e9hez kompatibilis t\u00f6ml\u0151k \u00e9s szerelv\u00e9nyek seg\u00edts\u00e9g\u00e9vel. Gy\u0151z\u0151dj\u00f6n meg a szoros \u00e9s sziv\u00e1rg\u00e1smentes csatlakoz\u00e1sokr\u00f3l, hogy megakad\u00e1lyozza a hidraulikafolyad\u00e9k sziv\u00e1rg\u00e1s\u00e1t \u00e9s fenntartsa az optim\u00e1lis rendszerteljes\u00edtm\u00e9nyt.<\/li>\n<li><strong>M\u0171k\u00f6d\u00e9si ir\u00e1ny\u00edt\u00e1s:<\/strong> Ismerkedjen meg a pajzsg\u00e9p \u00f6sszeszerel\u0151 emel\u0151henger\u00e9nek vez\u00e9rl\u0151mechanizmusaival \u00e9s m\u0171k\u00f6d\u00e9si elj\u00e1r\u00e1saival. \u00c9rtse meg a vez\u00e9rl\u0151bemeneteket \u00e9s azok hat\u00e1s\u00e1t az emel\u00e9si m\u0171veletre. Gyakorolja a vez\u00e9rl\u0151k kezel\u00e9s\u00e9t a j\u00e1rtass\u00e1g megszerz\u00e9se \u00e9s a sima \u00e9s pontos emel\u00e9s biztos\u00edt\u00e1sa \u00e9rdek\u00e9ben az \u00f6sszeszerel\u00e9si folyamat sor\u00e1n.<\/li>\n<\/ul>\n<h2><strong>Hogyan kell l\u00e9gtelen\u00edteni egy egyszeres m\u0171k\u00f6d\u00e9s\u0171 hidraulikus hengert?<\/strong><\/h2>\n<p>Az egyszeres m\u0171k\u00f6d\u00e9s\u0171 hidraulikus henger l\u00e9gtelen\u00edt\u00e9se viszonylag egyszer\u0171 folyamat. Az egyszeres m\u0171k\u00f6d\u00e9s\u0171 hengerek dugatty\u00faj\u00e1nak egyik oldal\u00e1ra folyad\u00e9knyom\u00e1s hat, m\u00edg a m\u00e1sik oldal a gravit\u00e1ci\u00f3 vagy egy k\u00fcls\u0151 er\u0151 hat\u00e1s\u00e1ra t\u00e9r vissza eredeti helyzet\u00e9be. \u00cdme egy l\u00e9p\u00e9sr\u0151l l\u00e9p\u00e9sre \u00fatmutat\u00f3 az egyszeres m\u0171k\u00f6d\u00e9s\u0171 hidraulikus henger l\u00e9gtelen\u00edt\u00e9s\u00e9hez:<\/p>\n<ol>\n<li><strong>K\u00e9sz\u00edtm\u00e9ny:<\/strong>\n<ul>\n<li>Gy\u0151z\u0151dj\u00f6n meg arr\u00f3l, hogy a hidraulikus rendszer ki van kapcsolva, \u00e9s a nyom\u00e1s ki van engedve.<\/li>\n<li>Viseljen szem\u00e9lyi v\u00e9d\u0151felszerel\u00e9st, keszty\u0171t \u00e9s v\u00e9d\u0151szem\u00fcveget, hogy megv\u00e9dje mag\u00e1t a hidraulikafolyad\u00e9kt\u00f3l.<\/li>\n<\/ul>\n<\/li>\n<li><strong>A l\u00e9gtelen\u00edt\u0151 szelep azonos\u00edt\u00e1sa:<\/strong>\n<ul>\n<li>Keresd meg a l\u00e9gtelen\u00edt\u0151 szelepet a hidraulikus hengeren. Ez \u00e1ltal\u00e1ban egy apr\u00f3 csatlakoz\u00f3 porv\u00e9d\u0151 sapk\u00e1val. A l\u00e9gtelen\u00edt\u0151 szelep lehet\u0151v\u00e9 teszi a hengerben csapd\u00e1ba esett leveg\u0151 t\u00e1voz\u00e1s\u00e1t.<\/li>\n<\/ul>\n<\/li>\n<li><strong>A henger elhelyez\u00e9se:<\/strong>\n<ul>\n<li>Mozgassa a hengert teljesen beh\u00fazott helyzetbe. Ez biztos\u00edtja, hogy a l\u00e9gtelen\u00edt\u0151 szelep hozz\u00e1f\u00e9rhet\u0151 legyen, \u00e9s a leveg\u0151 a henger tetej\u00e9re emelkedhessen.<\/li>\n<\/ul>\n<\/li>\n<li><strong>A porv\u00e9d\u0151 sapka elt\u00e1vol\u00edt\u00e1sa:<\/strong>\n<ul>\n<li>Vedd le a porv\u00e9d\u0151 sapk\u00e1t a l\u00e9gtelen\u00edt\u0151 szelepr\u0151l. Tedd f\u00e9lre biztons\u00e1gos helyre.<\/li>\n<\/ul>\n<\/li>\n<li><strong>Nyissa ki a l\u00e9gtelen\u00edt\u0151 szelepet:<\/strong>\n<ul>\n<li>Egy megfelel\u0151 vill\u00e1skulcs vagy szersz\u00e1m seg\u00edts\u00e9g\u00e9vel forgassa el a l\u00e9gtelen\u00edt\u0151 szelepet az \u00f3ramutat\u00f3 j\u00e1r\u00e1s\u00e1val ellent\u00e9tes ir\u00e1nyba a nyit\u00e1shoz. Ez lehet\u0151v\u00e9 teszi, hogy a leveg\u0151 \u00e9s a benne rekedt folyad\u00e9k t\u00e1vozzon a hengerb\u0151l.<\/li>\n<\/ul>\n<\/li>\n<li><strong>A henger meghosszabb\u00edt\u00e1sa:<\/strong>\n<ul>\n<li>A hengert vez\u00e9rl\u0151 hidraulikus szivatty\u00fa vagy szelep aktiv\u00e1l\u00e1s\u00e1val hidraulikus nyom\u00e1st kell alkalmazni a hengerre. Ez a henger kiny\u00fal\u00e1s\u00e1t okozza, folyad\u00e9kot \u00e9s leveg\u0151t nyomva ki a nyitott l\u00e9gtelen\u00edt\u0151 szelepen kereszt\u00fcl.<\/li>\n<\/ul>\n<\/li>\n<li><strong>Figyelje meg a folyad\u00e9k\u00e1raml\u00e1st:<\/strong>\n<ul>\n<li>Figyelje a folyad\u00e9k \u00e1raml\u00e1s\u00e1t a l\u00e9gtelen\u00edt\u0151 szelepb\u0151l. Kezdetben el\u0151fordulhat, hogy a folyad\u00e9kkal egy\u00fctt l\u00e9gbubor\u00e9kok is kij\u00f6nnek. Hagyja a folyad\u00e9kot folyni, am\u00edg a bubor\u00e9kok m\u00e1r nem jelennek meg, jelezve, hogy a leveg\u0151 t\u00e1vozott a hengerb\u0151l.<\/li>\n<\/ul>\n<\/li>\n<li><strong>Z\u00e1rja el a l\u00e9gtelen\u00edt\u0151 szelepet:<\/strong>\n<ul>\n<li>Miut\u00e1n elt\u00e1vol\u00edtotta az \u00f6sszes l\u00e9gbubor\u00e9kot, z\u00e1rja el a l\u00e9gtelen\u00edt\u0151 szelepet az \u00f3ramutat\u00f3 j\u00e1r\u00e1s\u00e1val megegyez\u0151 ir\u00e1nyba. Gy\u0151z\u0151dj\u00f6n meg r\u00f3la, hogy szorosan le van z\u00e1rva, hogy megakad\u00e1lyozza a folyad\u00e9k sziv\u00e1rg\u00e1s\u00e1t.<\/li>\n<\/ul>\n<\/li>\n<li><strong>H\u00fazza vissza a hengert:<\/strong>\n<ul>\n<li>Engedje ki a hidraulikus nyom\u00e1st, \u00e9s hagyja a hengert teljesen visszah\u00faz\u00f3dni. Ez mag\u00e1ban foglalhatja egy vez\u00e9rl\u0151szelep aktiv\u00e1l\u00e1s\u00e1t vagy a hengert kiny\u00fajtva tart\u00f3 k\u00fcls\u0151 er\u0151 kiold\u00e1s\u00e1t.<\/li>\n<\/ul>\n<\/li>\n<li><strong>Ism\u00e9telje meg, ha sz\u00fcks\u00e9ges:<\/strong>\n<ul>\n<li>Ha tov\u00e1bbra is l\u00e9gbubor\u00e9kokat \u00e9szlel, vagy a henger m\u0171k\u00f6d\u00e9se k\u00f6zben szivacsosod\u00e1st tapasztal, ism\u00e9telje meg a l\u00e9gtelen\u00edt\u00e9si folyamatot, am\u00edg az \u00f6sszes leveg\u0151 el nem t\u00e1vozik.<\/li>\n<\/ul>\n<\/li>\n<li><strong>Ellen\u0151rizd a folyad\u00e9kszintet:<\/strong>\n<ul>\n<li>A henger l\u00e9gtelen\u00edt\u00e9se ut\u00e1n ellen\u0151rizze a hidraulikafolyad\u00e9k szintj\u00e9t a rendszer tart\u00e1ly\u00e1ban. Sz\u00fcks\u00e9g eset\u00e9n t\u00f6lts\u00f6n ut\u00e1na folyad\u00e9kot az aj\u00e1nlott szint fenntart\u00e1s\u00e1hoz.<\/li>\n<\/ul>\n<\/li>\n<\/ol>\n<h2><strong>A gy\u00e1r kapacit\u00e1sa \u00e9s kapacit\u00e1sa:<\/strong><\/h2>\n<h3>(1) \u00d6sszeszerel\u00e9s<\/h3>\n<p>Els\u0151 oszt\u00e1ly\u00fa f\u00fcggetlen kutat\u00e1si \u00e9s fejleszt\u00e9si \u00f6sszeszerel\u00e9si platformmal rendelkez\u00fcnk. A hidraulikus hengergy\u00e1rt\u00f3 m\u0171hely n\u00e9gy f\u00e9lautomata emel\u0151henger-\u00f6sszeszerel\u0151 sorral \u00e9s egy automata billen\u0151henger-\u00f6sszeszerel\u0151 sorral rendelkezik, tervezett \u00e9ves gy\u00e1rt\u00e1si kapacit\u00e1sa 1 milli\u00f3 darab. A speci\u00e1lis henger m\u0171hely k\u00fcl\u00f6nb\u00f6z\u0151 specifik\u00e1ci\u00f3j\u00fa f\u00e9lautomata tiszt\u00edt\u00f3 \u00f6sszeszerel\u0151 rendszerrel van felszerelve, amelynek tervezett \u00e9ves termel\u00e9si kapacit\u00e1sa 200.000, \u00e9s h\u00edres CNC megmunk\u00e1l\u00f3 berendez\u00e9ssel, megmunk\u00e1l\u00f3 k\u00f6zponttal, nagy pontoss\u00e1g\u00fa hengerfeldolgoz\u00f3 speci\u00e1lis berendez\u00e9ssel, robothegeszt\u0151 g\u00e9ppel, automatikus tiszt\u00edt\u00f3g\u00e9ppel, automatikus henger \u00f6sszeszerel\u0151 g\u00e9ppel \u00e9s automatikus fest\u00e9si gy\u00e1rt\u00f3sorral van felszerelve. A megl\u00e9v\u0151 kritikus berendez\u00e9sek t\u00f6bb mint 300 k\u00e9szlet (k\u00e9szlet). A berendez\u00e9sek er\u0151forr\u00e1sainak optim\u00e1lis eloszt\u00e1sa \u00e9s hat\u00e9kony felhaszn\u00e1l\u00e1sa biztos\u00edtja a term\u00e9kek pontoss\u00e1gi k\u00f6vetelm\u00e9nyeit \u00e9s megfelel a term\u00e9kek min\u0151s\u00e9gi ig\u00e9nyeinek.<\/p>\n<p><img loading=\"lazy\" decoding=\"async\" class=\"alignnone wp-image-626\" src=\"https:\/\/hydraulic-cylinders.net\/wp-content\/uploads\/2023\/08\/hydraulic-cylinder-product-1-300x158.webp\" alt=\"\" width=\"495\" height=\"260\" srcset=\"https:\/\/hydraulic-cylinders.net\/wp-content\/uploads\/2023\/08\/hydraulic-cylinder-product-1-300x158.webp 495w, https:\/\/hydraulic-cylinders.net\/wp-content\/uploads\/2023\/08\/hydraulic-cylinder-product-1-480x252.webp 480w\" sizes=\"(min-width: 0px) and (max-width: 480px) 480px, (min-width: 481px) 495px, 100vw\" \/> <img loading=\"lazy\" decoding=\"async\" class=\"alignnone wp-image-627\" src=\"https:\/\/hydraulic-cylinders.net\/wp-content\/uploads\/2023\/08\/hydraulic-cylinder-product-2-300x189.webp\" alt=\"\" width=\"413\" height=\"260\" \/><\/p>\n<h3>(2) Megmunk\u00e1l\u00e1s<\/h3>\n<p>A megmunk\u00e1l\u00f3m\u0171hely egyedi, ferde s\u00edneszterg\u00e1l\u00f3 k\u00f6zponttal, megmunk\u00e1l\u00f3k\u00f6zponttal, nagysebess\u00e9g\u0171 h\u00f3nol\u00f3g\u00e9ppel, hegeszt\u0151robottal \u00e9s egy\u00e9b kapcsol\u00f3d\u00f3 berendez\u00e9sekkel van felszerelve, amelyek legfeljebb 400 mm bels\u0151 \u00e1tm\u00e9r\u0151j\u0171 \u00e9s legfeljebb 6 m\u00e9ter hossz\u00fa hengercs\u00f6vek megmunk\u00e1l\u00e1s\u00e1ra k\u00e9pesek.<\/p>\n<p><img loading=\"lazy\" decoding=\"async\" class=\"alignnone wp-image-628 size-large\" src=\"https:\/\/hydraulic-cylinders.net\/wp-content\/uploads\/2023\/08\/hydraulic-cylinder-product-3-1024x391.webp\" alt=\"\" width=\"1024\" height=\"391\" srcset=\"https:\/\/hydraulic-cylinders.net\/wp-content\/uploads\/2023\/08\/hydraulic-cylinder-product-3-980x374.webp 980w, https:\/\/hydraulic-cylinders.net\/wp-content\/uploads\/2023\/08\/hydraulic-cylinder-product-3-480x183.webp 480w\" sizes=\"(min-width: 0px) and (max-width: 480px) 480px, (min-width: 481px) and (max-width: 980px) 980px, (min-width: 981px) 1024px, 100vw\" \/><\/p>\n<h3>(3) Hegeszt\u00e9s<\/h3>\n<p><img loading=\"lazy\" decoding=\"async\" class=\"alignnone wp-image-629 size-large\" src=\"https:\/\/hydraulic-cylinders.net\/wp-content\/uploads\/2023\/08\/hydraulic-cylinder-product-4-1024x510.webp\" alt=\"\" width=\"1024\" height=\"510\" srcset=\"https:\/\/hydraulic-cylinders.net\/wp-content\/uploads\/2023\/08\/hydraulic-cylinder-product-4-980x488.webp 980w, https:\/\/hydraulic-cylinders.net\/wp-content\/uploads\/2023\/08\/hydraulic-cylinder-product-4-480x239.webp 480w\" sizes=\"(min-width: 0px) and (max-width: 480px) 480px, (min-width: 481px) and (max-width: 980px) 980px, (min-width: 981px) 1024px, 100vw\" \/><\/p>\n<h3>(4) Fest\u00e9s \u00e9s bevonatol\u00e1s<\/h3>\n<p>Kis \u00e9s k\u00f6zepes m\u00e9ret\u0171 hengeres automatikus v\u00edzb\u00e1zis\u00fa fest\u00e9kbevon\u00f3 sorokkal, az automatikus robot be- \u00e9s kirakod\u00e1s, valamint az automatikus permetez\u00e9s megval\u00f3s\u00edt\u00e1s\u00e1hoz, a tervez\u00e9si kapacit\u00e1s m\u0171szakonk\u00e9nt 4000 darab;<br \/>\nRendelkez\u00fcnk egy f\u00e9lautomata fest\u00e9kgy\u00e1rt\u00f3sorral is nagym\u00e9ret\u0171 palackokhoz, amelyet egy er\u0151\u00e1tviteli l\u00e1nc hajt, m\u0171szakonk\u00e9nt 60 doboz tervez\u00e9si kapacit\u00e1ssal.<\/p>\n<p><img loading=\"lazy\" decoding=\"async\" class=\"alignnone wp-image-630\" src=\"https:\/\/hydraulic-cylinders.net\/wp-content\/uploads\/2023\/08\/hydraulic-cylinder-product-5-300x213.webp\" alt=\"\" width=\"366\" height=\"260\" \/> <img loading=\"lazy\" decoding=\"async\" class=\"alignnone wp-image-631\" src=\"https:\/\/hydraulic-cylinders.net\/wp-content\/uploads\/2023\/08\/hydraulic-cylinder-product-6-300x225.webp\" alt=\"\" width=\"347\" height=\"260\" \/><\/p>\n<h3>(5) Tesztel\u00e9s<\/h3>\n<p>Els\u0151 oszt\u00e1ly\u00fa ellen\u0151rz\u0151 l\u00e9tes\u00edtm\u00e9nyekkel \u00e9s tesztpadokkal rendelkez\u00fcnk annak biztos\u00edt\u00e1s\u00e1ra, hogy a palack teljes\u00edtm\u00e9nye megfeleljen a k\u00f6vetelm\u00e9nyeknek.<\/p>\n<p><img loading=\"lazy\" decoding=\"async\" class=\"alignnone wp-image-632\" src=\"https:\/\/hydraulic-cylinders.net\/wp-content\/uploads\/2023\/08\/hydraulic-cylinder-product-8-300x200.webp\" alt=\"\" width=\"389\" height=\"260\" \/><\/p>\n<p>&nbsp;<\/p>\n<p>&nbsp;<\/p>\n<p>Mi vagyunk az egyik legjobb hidraulikus henger gy\u00e1rt\u00f3. \u00c1tfog\u00f3 hidraulikus hengereket k\u00edn\u00e1lunk. Megfelel\u0151 szolg\u00e1ltat\u00e1sokat is biztos\u00edtunk. <a href=\"https:\/\/hzpt.com\/agricultural-pto-gearbox\/\" target=\"_blank\" rel=\"noopener\">mez\u0151gazdas\u00e1gi sebess\u00e9gv\u00e1lt\u00f3k<\/a>Term\u00e9keinket vil\u00e1gszerte export\u00e1ltuk \u00fcgyfeleinknek, \u00e9s kiv\u00e1l\u00f3 term\u00e9kmin\u0151s\u00e9g\u00fcnknek \u00e9s \u00e9rt\u00e9kes\u00edt\u00e9s ut\u00e1ni szolg\u00e1ltat\u00e1sunknak k\u00f6sz\u00f6nhet\u0151en j\u00f3 h\u00edrnevet szerezt\u00fcnk. Szeretettel v\u00e1rjuk belf\u00f6ldi \u00e9s k\u00fclf\u00f6ldi \u00fcgyfeleinket, hogy \u00fczleti t\u00e1rgyal\u00e1sok, inform\u00e1ci\u00f3csere \u00e9s egy\u00e9b lehet\u0151s\u00e9gek c\u00e9lj\u00e1b\u00f3l kapcsolatba l\u00e9pjenek vel\u00fcnk. <a href=\"https:\/\/www.hydraulic-cylinders.net\/hu\/contact-us\/\">egy\u00fcttm\u0171k\u00f6dni vel\u00fcnk<\/a>!<\/p>\n<p>&nbsp;<\/p>","protected":false},"excerpt":{"rendered":"<p>Shield Machine Assembly Lifting Cylinder The shield machine assembly lifting cylinder is an advanced hydraulic component explicitly designed for shield machines used in tunnel construction projects. This cylinder ensures efficient and accurate assembly operations with its exceptional lifting capabilities, reliability, and precision. This article will explore the key characteristics, usage methods, and maintenance guidelines for [&hellip;]<\/p>","protected":false},"featured_media":1885,"comment_status":"open","ping_status":"closed","template":"","meta":{"_et_pb_use_builder":"","_et_pb_old_content":"","_et_gb_content_width":""},"product_brand":[],"product_cat":[1519,1549],"product_tag":[1380],"class_list":{"0":"post-1882","1":"product","2":"type-product","3":"status-publish","4":"has-post-thumbnail","6":"product_cat-shield-machine-hydraulic-cylinders","7":"product_cat-single-acting-hydraulic-cylinder","8":"product_tag-hydraulic-cylinder","10":"first","11":"instock","12":"shipping-taxable","13":"product-type-simple"},"amp_enabled":true,"_links":{"self":[{"href":"https:\/\/www.hydraulic-cylinders.net\/hu\/wp-json\/wp\/v2\/product\/1882","targetHints":{"allow":["GET"]}}],"collection":[{"href":"https:\/\/www.hydraulic-cylinders.net\/hu\/wp-json\/wp\/v2\/product"}],"about":[{"href":"https:\/\/www.hydraulic-cylinders.net\/hu\/wp-json\/wp\/v2\/types\/product"}],"replies":[{"embeddable":true,"href":"https:\/\/www.hydraulic-cylinders.net\/hu\/wp-json\/wp\/v2\/comments?post=1882"}],"wp:featuredmedia":[{"embeddable":true,"href":"https:\/\/www.hydraulic-cylinders.net\/hu\/wp-json\/wp\/v2\/media\/1885"}],"wp:attachment":[{"href":"https:\/\/www.hydraulic-cylinders.net\/hu\/wp-json\/wp\/v2\/media?parent=1882"}],"wp:term":[{"taxonomy":"product_brand","embeddable":true,"href":"https:\/\/www.hydraulic-cylinders.net\/hu\/wp-json\/wp\/v2\/product_brand?post=1882"},{"taxonomy":"product_cat","embeddable":true,"href":"https:\/\/www.hydraulic-cylinders.net\/hu\/wp-json\/wp\/v2\/product_cat?post=1882"},{"taxonomy":"product_tag","embeddable":true,"href":"https:\/\/www.hydraulic-cylinders.net\/hu\/wp-json\/wp\/v2\/product_tag?post=1882"}],"curies":[{"name":"munkaf\u00fczet","href":"https:\/\/api.w.org\/{rel}","templated":true}]}}