{"id":18851,"date":"2025-04-07T05:58:36","date_gmt":"2025-04-07T05:58:36","guid":{"rendered":"https:\/\/www.hydraulic-cylinders.net\/product\/boom-cylinder-for-komatsu-middle-excavator-pc200lc-8\/"},"modified":"2025-04-07T05:58:39","modified_gmt":"2025-04-07T05:58:39","slug":"boom-cylinder-for-komatsu-middle-excavator-pc200lc-8","status":"publish","type":"product","link":"https:\/\/www.hydraulic-cylinders.net\/hu\/termek\/boom-cylinder-for-komatsu-middle-excavator-pc200lc-8\/","title":{"rendered":"G\u00e9mhenger Komatsu k\u00f6z\u00e9ps\u0151 kotr\u00f3g\u00e9phez PC200LC-8"},"content":{"rendered":"<h1>G\u00e9mhenger Komatsu k\u00f6z\u00e9ps\u0151 kotr\u00f3g\u00e9phez PC200LC-8<\/h1>\n<h2>Term\u00e9k\u00e1ttekint\u00e9s<\/h2>\n<p>A g\u00e9mhenger a Komatsu PC200LC-8 kotr\u00f3g\u00e9p l\u00e9tfontoss\u00e1g\u00fa alkatr\u00e9sze, amelyet kifejezetten a g\u00e9m mozg\u00e1s\u00e1nak vez\u00e9rl\u00e9s\u00e9re terveztek, lehet\u0151v\u00e9 t\u00e9ve a kezel\u0151 sz\u00e1m\u00e1ra a k\u00fcl\u00f6nf\u00e9le feladatok hat\u00e9kony elv\u00e9gz\u00e9s\u00e9t. Ez a hidraulikus henger kulcsfontoss\u00e1g\u00fa szerepet j\u00e1tszik a hidraulikus rendszerben, lehet\u0151v\u00e9 t\u00e9ve a g\u00e9m emel\u00e9si, s\u00fcllyeszt\u00e9si \u00e9s billent\u00e9si mozg\u00e1sainak pontos vez\u00e9rl\u00e9s\u00e9t. Ez a funkci\u00f3 elengedhetetlen az anyagmozgat\u00e1si feladatokhoz, \u00edgy a g\u00e9mhenger a neh\u00e9zg\u00e9pek m\u0171k\u00f6d\u00e9s\u00e9nek szerves r\u00e9sz\u00e9v\u00e9 v\u00e1lik.<\/p>\n<p><img decoding=\"async\" src=\"https:\/\/www.hydraulic-cylinders.net\/wp-content\/uploads\/2025\/04\/songte-company-1.webp\" alt=\"G\u00e9mhenger\" \/><\/p>\n<h3>A g\u00e9mhenger meghat\u00e1roz\u00e1sa<\/h3>\n<p>A kan\u00e1lhenger, amelyet gyakran a g\u00e9mhengerekkel egy\u00fctt emlegetnek, egy olyan hidraulikus henger, amelyet kifejezetten a kan\u00e1l mozg\u00e1s\u00e1nak vez\u00e9rl\u00e9s\u00e9re terveztek k\u00fcl\u00f6nf\u00e9le neh\u00e9zg\u00e9pekben. Ezek a hengerek lehet\u0151v\u00e9 teszik a kan\u00e1l emel\u00e9s\u00e9t, s\u00fcllyeszt\u00e9s\u00e9t \u00e9s billent\u00e9s\u00e9t, megk\u00f6nny\u00edtve a hat\u00e9kony anyagmozgat\u00e1st. Ak\u00e1r kotr\u00f3g\u00e9pekr\u0151l, kotr\u00f3g\u00e9p-rakod\u00f3kr\u00f3l vagy homlokrakod\u00f3kr\u00f3l van sz\u00f3, a kan\u00e1lhenger szerepe a m\u0171k\u00f6d\u00e9si hat\u00e9konys\u00e1g \u00e9s a pontoss\u00e1g n\u00f6vel\u00e9se az anyagok \u00e1s\u00e1sa \u00e9s mozgat\u00e1sa sor\u00e1n.<\/p>\n<h2>F\u0151bb jellemz\u0151k<\/h2>\n<ul>\n<li><strong>Nagy szil\u00e1rds\u00e1g \u00e9s tart\u00f3ss\u00e1g:<\/strong> Nagy szil\u00e1rds\u00e1g\u00fa ac\u00e9lb\u00f3l vagy alum\u00edniumb\u00f3l k\u00e9sz\u00fcltek, ezek a hengerek ellen\u00e1llnak a nagy nyom\u00e1snak \u00e9s a nagy terhel\u00e9seknek, \u00edgy alkalmasak a zord munkak\u00f6rnyezetre.<\/li>\n<li><strong>Hat\u00e9kony hidraulikus m\u0171k\u00f6dtet\u00e9s:<\/strong> A hidraulikaolaj nyom\u00e1s\u00e1t kihaszn\u00e1lva a g\u00e9mhenger sima kitol\u00e1st \u00e9s visszah\u00faz\u00e1st biztos\u00edt, er\u0151teljes tol\u00f3- \u00e9s h\u00faz\u00f3er\u0151t biztos\u00edtva, ami ide\u00e1lis neh\u00e9z anyagok kezel\u00e9s\u00e9hez \u00e9s \u00f6sszetett feladatokhoz.<\/li>\n<li><strong>K\u00fcl\u00f6nb\u00f6z\u0151 t\u00edpusok:<\/strong> Kaphat\u00f3 egyszeres m\u0171k\u00f6d\u00e9s\u0171 (hidraulikusan csak egy ir\u00e1nyban) vagy kett\u0151s m\u0171k\u00f6d\u00e9s\u0171 (hidraulikusan mindk\u00e9t ir\u00e1nyban) konfigur\u00e1ci\u00f3ban, \u00edgy testreszabott megold\u00e1sokat k\u00edn\u00e1l a v\u00e1ltoz\u00f3 \u00fczemi ig\u00e9nyek kiel\u00e9g\u00edt\u00e9s\u00e9re.<\/li>\n<li><strong>Kompakt kialak\u00edt\u00e1s:<\/strong> Egyes modellek teleszk\u00f3pos kialak\u00edt\u00e1ssal rendelkeznek, amely nagyobb kih\u00faz\u00e1st tesz lehet\u0151v\u00e9 a k\u00fcls\u0151 m\u00e9retek n\u00f6vel\u00e9se n\u00e9lk\u00fcl, \u00edgy t\u00f6k\u00e9letes a korl\u00e1tozott helyig\u00e9ny\u0171 alkalmaz\u00e1sokhoz.<\/li>\n<li><strong>Megb\u00edzhat\u00f3s\u00e1g:<\/strong> Kop\u00e1s\u00e1ll\u00f3s\u00e1got \u00e9s korr\u00f3zi\u00f3v\u00e9delmet szem el\u0151tt tartva tervezt\u00e9k, meghosszabb\u00edtva a henger \u00e9lettartam\u00e1t \u00e9s biztos\u00edtva a folyamatos teljes\u00edtm\u00e9nyt.<\/li>\n<\/ul>\n<p>Ezt a term\u00e9ket mi gy\u00e1rtjuk, biztos\u00edtva, hogy hengereink t\u00f6k\u00e9letesen helyettes\u00edts\u00e9k a megl\u00e9v\u0151 hidraulikus hengereket a k\u00fcl\u00f6nf\u00e9le g\u00e9pekben.<\/p>\n<p><img decoding=\"async\" src=\"https:\/\/www.hydraulic-cylinders.net\/wp-content\/uploads\/2025\/04\/songte-cylinder-head-with-all-kinds-excavator-models.webp\" alt=\"Kotr\u00f3g\u00e9p modellek\" \/><\/p>\n<h2>Alkalmaz\u00e1sok<\/h2>\n<h3>\u00c9p\u00edt\u0151ipari berendez\u00e9sek<\/h3>\n<p>Az \u00e9p\u00edt\u0151ipari g\u00e9pek vil\u00e1g\u00e1ban a g\u00e9mhengerek a kotr\u00f3g\u00e9pekben tal\u00e1lhat\u00f3k, ahol elengedhetetlenek az \u00e1s\u00e1shoz, rakod\u00e1shoz \u00e9s a talaj vagy t\u00f6rmel\u00e9k mozgat\u00e1s\u00e1hoz. Kiny\u00fal\u00e1si \u00e9s visszah\u00faz\u00e1si k\u00e9pess\u00e9g\u00fck lehet\u0151v\u00e9 teszi a kezel\u0151k sz\u00e1m\u00e1ra, hogy k\u00fcl\u00f6nb\u00f6z\u0151 m\u00e9lys\u00e9geket \u00e9s magass\u00e1gokat \u00e9rjenek el, ami kulcsfontoss\u00e1g\u00fav\u00e1 teszi \u0151ket az \u00e9p\u00edt\u00e9si projektekben. A kotr\u00f3g\u00e9p-rakod\u00f3kban a g\u00e9mhengerek mind az \u00e1s\u00e1si, mind az emel\u00e9si m\u0171veleteket seg\u00edtik, n\u00f6velve a munkafolyamatok hat\u00e9konys\u00e1g\u00e1t.<\/p>\n<h3>Mez\u0151gazdas\u00e1gi g\u00e9pek<\/h3>\n<p>Mez\u0151gazdas\u00e1gi k\u00f6rnyezetben a homlokrakod\u00f3k g\u00e9mhengereket haszn\u00e1lnak olyan feladatokhoz, mint a talaj, sz\u00e9na \u00e9s egy\u00e9b anyagok kotor\u00e1sz\u00e1sa, emel\u00e9se \u00e9s sz\u00e1ll\u00edt\u00e1sa. Ez a funkci\u00f3 elengedhetetlen azokhoz a m\u0171veletekhez, amelyek hat\u00e9kony anyagmozgat\u00e1st ig\u00e9nyelnek a mez\u0151gazdas\u00e1gi gyakorlatban, ez\u00e1ltal hozz\u00e1j\u00e1rulva a termel\u00e9kenys\u00e9g n\u00f6veked\u00e9s\u00e9hez.<\/p>\n<h3>Kotr\u00f3g\u00e9pek<\/h3>\n<p>A kotr\u00f3g\u00e9pekn\u00e9l a kan\u00e1lhenger megk\u00f6nny\u00edti az \u00e1s\u00e1si m\u0171veleteket az\u00e1ltal, hogy lehet\u0151v\u00e9 teszi a kan\u00e1l talajba val\u00f3 behatol\u00e1s\u00e1t. Ez a k\u00e9pess\u00e9g kulcsfontoss\u00e1g\u00fa a f\u00f6ldmunk\u00e1k hat\u00e9kony elv\u00e9gz\u00e9s\u00e9hez, biztos\u00edtva a m\u0171veletek z\u00f6kken\u0151mentes \u00e9s eredm\u00e9nyes lebonyol\u00edt\u00e1s\u00e1t.<\/p>\n<h3>Rakod\u00f3k<\/h3>\n<p>A homlokrakod\u00f3kban a g\u00e9mhengerek hat\u00e9konyan seg\u00edtik a rakom\u00e1nyok emel\u00e9s\u00e9t \u00e9s \u00fcr\u00edt\u00e9s\u00e9t. Teljes\u00edtm\u00e9ny\u00fck jelent\u0151sen hozz\u00e1j\u00e1rul a rakod\u00e1si m\u0171veletek \u00e1ltal\u00e1nos hat\u00e9konys\u00e1g\u00e1hoz, \u00edgy kritikus fontoss\u00e1g\u00fa alkot\u00f3elemek a k\u00fcl\u00f6nf\u00e9le anyagmozgat\u00e1si feladatokban.<\/p>\n<h2>Tervez\u00e9si szempontok<\/h2>\n<ul>\n<li><strong>Teherb\u00edr\u00e1s:<\/strong> Fontos, hogy olyan g\u00e9mhengert v\u00e1lasszunk, amely k\u00e9pes kezelni a g\u00e9p adott terhel\u00e9si k\u00f6vetelm\u00e9nyeit. A teherb\u00edr\u00e1s k\u00f6zvetlen\u00fcl befoly\u00e1solja a m\u0171k\u00f6d\u00e9si hat\u00e9konys\u00e1got \u00e9s a biztons\u00e1got. A megfelel\u0151 teherb\u00edr\u00e1s kiv\u00e1laszt\u00e1sa biztos\u00edtja, hogy a berendez\u00e9s indokolatlan megterhel\u00e9s n\u00e9lk\u00fcl m\u0171k\u00f6dj\u00f6n, meghosszabb\u00edtva \u00e9lettartam\u00e1t.<\/li>\n<li><strong>T\u00f6m\u00edt\u00e9s:<\/strong> A t\u00f6m\u00edt\u00e9sek \u00e9ps\u00e9ge l\u00e9tfontoss\u00e1g\u00fa a hidraulikus rendszer teljes\u00edtm\u00e9ny\u00e9hez. A megfelel\u0151 t\u00f6m\u00edt\u00e9s megakad\u00e1lyozza a sziv\u00e1rg\u00e1sokat, fenntartja a nyom\u00e1st \u00e9s a hat\u00e9konys\u00e1got. A tart\u00f3s anyagokb\u00f3l k\u00e9sz\u00fclt, kiv\u00e1l\u00f3 min\u0151s\u00e9g\u0171 t\u00f6m\u00edt\u00e9sek seg\u00edtenek ellen\u00e1llni a kop\u00e1snak, n\u00f6velve a hidraulikus rendszer megb\u00edzhat\u00f3s\u00e1g\u00e1t.<\/li>\n<li><strong>Tart\u00f3ss\u00e1g:<\/strong> A g\u00e9mhenger gy\u00e1rt\u00e1s\u00e1hoz felhaszn\u00e1lt anyagok jelent\u0151s szerepet j\u00e1tszanak a tart\u00f3ss\u00e1g\u00e1ban. A kop\u00e1snak \u00e9s korr\u00f3zi\u00f3nak ellen\u00e1ll\u00f3 nagy szil\u00e1rds\u00e1g\u00fa anyagok elengedhetetlenek a hossz\u00fa t\u00e1v\u00fa teljes\u00edtm\u00e9nyhez, k\u00fcl\u00f6n\u00f6sen ig\u00e9nyes k\u00f6rnyezetben.<\/li>\n<li><strong>Biztons\u00e1g:<\/strong> A g\u00e9mhengerek tervez\u00e9s\u00e9be biztons\u00e1gi funkci\u00f3kat kell be\u00e9p\u00edteni. Ezek magukban foglalhatj\u00e1k a t\u00falterhel\u00e9st \u00e9s a meghib\u00e1sod\u00e1st megakad\u00e1lyoz\u00f3 nyom\u00e1scs\u00f6kkent\u0151 szelepeket, biztos\u00edtva a biztons\u00e1gos m\u0171k\u00f6d\u00e9st k\u00fcl\u00f6nb\u00f6z\u0151 feladatok sor\u00e1n.<\/li>\n<li><strong>Karbantarthat\u00f3s\u00e1g:<\/strong> A karbantart\u00e1s \u00e9s jav\u00edt\u00e1s szempontj\u00e1b\u00f3l kulcsfontoss\u00e1g\u00fa az alkatr\u00e9szekhez val\u00f3 k\u00f6nny\u0171 hozz\u00e1f\u00e9r\u00e9st lehet\u0151v\u00e9 tev\u0151 kialak\u00edt\u00e1s. A karbantart\u00e1si feladatok egyszer\u0171s\u00edt\u00e9se seg\u00edt biztos\u00edtani a g\u00e9mhenger hossz\u00fa \u00e9lettartam\u00e1t \u00e9s megb\u00edzhat\u00f3s\u00e1g\u00e1t.<\/li>\n<\/ul>\n<p><img decoding=\"async\" src=\"https:\/\/www.hydraulic-cylinders.net\/wp-content\/uploads\/2025\/04\/songte-oil-pipes-and-spare-parts.webp\" alt=\"Olajcs\u00f6vek \u00e9s alkatr\u00e9szek\" \/><\/p>\n<h2>T\u00f6m\u00edt\u00e9s \u00e9s ken\u00e9s<\/h2>\n<p>A g\u00e9mhenger teljes\u00edtm\u00e9nye nagym\u00e9rt\u00e9kben f\u00fcgg a hat\u00e9kony t\u00f6m\u00edt\u00e9st\u0151l \u00e9s ken\u00e9st\u0151l. A hidraulikus nyom\u00e1s fenntart\u00e1s\u00e1ra k\u00fcl\u00f6nf\u00e9le t\u00f6m\u00edt\u00e9seket, p\u00e9ld\u00e1ul dugatty\u00fat\u00f6m\u00edt\u00e9seket \u00e9s r\u00fadt\u00f6m\u00edt\u00e9seket alkalmaznak. \u00c1ltal\u00e1ban kop\u00e1s\u00e1ll\u00f3 anyagokb\u00f3l, p\u00e9ld\u00e1ul poliuret\u00e1nb\u00f3l \u00e9s nitrilgumib\u00f3l k\u00e9sz\u00fclt t\u00f6m\u00edt\u00e9seket haszn\u00e1lnak. Ezenk\u00edv\u00fcl a hengertestet \u00e9s a menetes v\u00e9gfel\u00fcleteket finoman kezelik a kop\u00e1s\u00e1ll\u00f3s\u00e1g fokoz\u00e1sa \u00e9rdek\u00e9ben. A rendszeres hidraulikaolajjal t\u00f6rt\u00e9n\u0151 ken\u00e9s elengedhetetlen a z\u00f6kken\u0151mentes m\u0171k\u00f6d\u00e9s biztos\u00edt\u00e1s\u00e1hoz \u00e9s a mozg\u00f3 alkatr\u00e9szek k\u00f6z\u00f6tti s\u00farl\u00f3d\u00e1s minimaliz\u00e1l\u00e1s\u00e1hoz, amely id\u0151vel kop\u00e1shoz \u00e9s meghib\u00e1sod\u00e1shoz vezethet.<\/p>\n<h2>Rendszeres ellen\u0151rz\u00e9s \u00e9s megel\u0151z\u0151 karbantart\u00e1s<\/h2>\n<ul>\n<li><strong>Rutinszer\u0171 ellen\u0151rz\u00e9sek:<\/strong> A g\u00e9mhenger rendszeres ellen\u0151rz\u00e9se seg\u00edt a kop\u00e1s vagy s\u00e9r\u00fcl\u00e9s jelei korai azonos\u00edt\u00e1s\u00e1ban. Ellen\u0151rizze a sziv\u00e1rg\u00e1sokat, a szokatlan zajokat vagy a teljes\u00edtm\u00e9nybeli elt\u00e9r\u00e9seket, amelyek a m\u00f6g\u00f6ttes probl\u00e9m\u00e1kra utalhatnak.<\/li>\n<li><strong>Megfelel\u0151 ken\u00e9s:<\/strong> A hidraulikaolaj megfelel\u0151 felt\u00f6lt\u00e9se \u00e9s karbantart\u00e1sa elengedhetetlen. A henger z\u00f6kken\u0151mentes m\u0171k\u00f6d\u00e9s\u00e9hez rendszeres ellen\u0151rz\u00e9sekre \u00e9s ut\u00e1nt\u00f6lt\u00e9sekre van sz\u00fcks\u00e9g.<\/li>\n<li><strong>T\u00f6m\u00edt\u00e9scsere:<\/strong> A kopott t\u00f6m\u00edt\u00e9sek rendszeres cser\u00e9je elengedhetetlen a sziv\u00e1rg\u00e1sok megel\u0151z\u00e9s\u00e9hez \u00e9s a hidraulikus nyom\u00e1s fenntart\u00e1s\u00e1hoz. Ezt a feladatot a rutinszer\u0171 karbantart\u00e1s r\u00e9szek\u00e9nt kell \u00fctemezni a v\u00e1ratlan meghib\u00e1sod\u00e1sok elker\u00fcl\u00e9se \u00e9rdek\u00e9ben.<\/li>\n<\/ul>\n<h2>Telep\u00edt\u00e9si \u00fatmutat\u00f3<\/h2>\n<p>A g\u00e9mhenger megfelel\u0151 beszerel\u00e9se elengedhetetlen az optim\u00e1lis m\u0171k\u00f6d\u00e9shez. Kezdje azzal, hogy megbizonyosodik arr\u00f3l, hogy a r\u00f6gz\u00edt\u00e9si pontok tiszt\u00e1k \u00e9s t\u00f6rmel\u00e9kmentesek. Haszn\u00e1lja a megfelel\u0151 r\u00f6gz\u00edt\u0151konzolokat a henger r\u00f6gz\u00edt\u00e9s\u00e9hez, biztos\u00edtva a megfelel\u0151 illeszked\u00e9st a g\u00e9mhez. Fontos, hogy k\u00f6vesse a gy\u00e1rt\u00f3 utas\u00edt\u00e1sait a csavarok \u00e9s csavarany\u00e1k nyomat\u00e9kbe\u00e1ll\u00edt\u00e1saira vonatkoz\u00f3an. A henger gondos be\u00e1ll\u00edt\u00e1sa megakad\u00e1lyozza az alkatr\u00e9szek t\u00falzott terhel\u00e9s\u00e9t, cs\u00f6kkentve a mechanikai meghib\u00e1sod\u00e1s kock\u00e1zat\u00e1t. A beszerel\u00e9s ut\u00e1n v\u00e9gezzen alapos ellen\u0151rz\u00e9st \u00e9s m\u0171k\u00f6dtesse a g\u00e9pet, hogy megbizonyosodjon arr\u00f3l, hogy a henger megfelel\u0151en m\u0171k\u00f6dik.<\/p>\n<h2>Gyakori karbantart\u00e1si feladatok<\/h2>\n<ul>\n<li><strong>Rutin ellen\u0151rz\u00e9sek:<\/strong> A sziv\u00e1rg\u00e1sok, kop\u00e1s \u00e9s teljes\u00edtm\u00e9ny rendszeres ellen\u0151rz\u00e9se seg\u00edt fenntartani a g\u00e9mhenger m\u0171k\u00f6d\u0151k\u00e9pess\u00e9g\u00e9t. Az esetleges rendelleness\u00e9gek azonnali \u00e9szlel\u00e9se megel\u0151zheti a k\u00e9s\u0151bbi nagyobb probl\u00e9m\u00e1kat.<\/li>\n<li><strong>Megfelel\u0151 ken\u00e9s:<\/strong> A hidraulikaolaj megfelel\u0151 szintj\u00e9nek fenntart\u00e1sa \u00e9s a ken\u0151rendszer megfelel\u0151 m\u0171k\u00f6d\u00e9s\u00e9nek biztos\u00edt\u00e1sa elengedhetetlen a s\u00farl\u00f3d\u00e1s minimaliz\u00e1l\u00e1sa \u00e9s a kop\u00e1s megel\u0151z\u00e9se \u00e9rdek\u00e9ben.<\/li>\n<li><strong>T\u00f6m\u00edt\u00e9s csere \u00e9s kalibr\u00e1l\u00e1s:<\/strong> A t\u00f6m\u00edt\u00e9sek rendszeres cser\u00e9je \u00e9s a rendszer kalibr\u00e1l\u00e1sa biztos\u00edtja a hidraulikus nyom\u00e1s fenntart\u00e1s\u00e1t. Ez elengedhetetlen a henger hat\u00e9kony m\u0171k\u00f6d\u00e9s\u00e9hez \u00e9s hossz\u00fa \u00e9lettartam\u00e1hoz.<\/li>\n<\/ul>\n<p><img decoding=\"async\" src=\"https:\/\/www.hydraulic-cylinders.net\/wp-content\/uploads\/2025\/04\/songte-chushion-collar.webp\" alt=\"P\u00e1rna gall\u00e9r\" \/><\/p>\n<h2>Biztons\u00e1gi szempontok \u00e9s k\u00f6rnyezeti t\u00e9nyez\u0151k<\/h2>\n<p>A g\u00e9mhengerek haszn\u00e1latakor rendk\u00edv\u00fcl fontos a biztons\u00e1gi int\u00e9zked\u00e9sek betart\u00e1sa. A kezel\u0151ket ki kell k\u00e9pezni a lehets\u00e9ges vesz\u00e9lyek felismer\u00e9s\u00e9re, \u00e9s biztos\u00edtani kell a biztons\u00e1gi felszerel\u00e9sek haszn\u00e1lat\u00e1t. Ezenk\u00edv\u00fcl a hidraulikafolyad\u00e9kok \u00e9s az elhaszn\u00e1l\u00f3dott alkatr\u00e9szek megfelel\u0151 \u00e1rtalmatlan\u00edt\u00e1sa kulcsfontoss\u00e1g\u00fa a k\u00f6rnyezeti hat\u00e1sok minimaliz\u00e1l\u00e1sa \u00e9rdek\u00e9ben. A rendszeres k\u00e9pz\u00e9s \u00e9s biztons\u00e1gi fel\u00fclvizsg\u00e1latok el\u0151seg\u00edthetik a biztons\u00e1gi kult\u00fara kialakul\u00e1s\u00e1t, biztos\u00edtva, hogy minden szem\u00e9lyzet tiszt\u00e1ban legyen a legjobb gyakorlatokkal \u00e9s szabv\u00e1nyokkal.<\/p>\n<h2>Hibaelh\u00e1r\u00edt\u00e1s \u00e9s gyakori probl\u00e9m\u00e1k<\/h2>\n<ul>\n<li><strong>Sziv\u00e1rg\u00e1s:<\/strong> Sziv\u00e1rg\u00e1s \u00e9szlel\u00e9se eset\u00e9n ellen\u0151rizze a t\u00f6m\u00edt\u00e9sek \u00e9s szerelv\u00e9nyek s\u00e9r\u00fcl\u00e9s\u00e9t. Cser\u00e9lje ki a kopott t\u00f6m\u00edt\u00e9seket, \u00e9s gy\u0151z\u0151dj\u00f6n meg arr\u00f3l, hogy a szerelv\u00e9nyek szorosak, hogy elker\u00fclje a folyad\u00e9kvesztes\u00e9get.<\/li>\n<li><strong>Teljes\u00edtm\u00e9nyveszt\u00e9s:<\/strong> A henger teljes\u00edtm\u00e9ny\u00e9nek cs\u00f6kken\u00e9se alacsony hidraulikafolyad\u00e9k-szintre vagy a rendszerben l\u00e9v\u0151 leveg\u0151re utalhat. Ellen\u0151rizze a folyad\u00e9kszintet, \u00e9s sz\u00fcks\u00e9g eset\u00e9n l\u00e9gtelen\u00edtse a rendszert.<\/li>\n<li><strong>Szokatlan zajok:<\/strong> A s\u00farl\u00f3d\u00f3 vagy kopog\u00f3 hangok mechanikai probl\u00e9m\u00e1kra utalhatnak. Ellen\u0151rizze az alkatr\u00e9szek kop\u00e1s\u00e1t, \u00e9s a s\u00e9r\u00fclt r\u00e9szeket azonnal jav\u00edtsa ki.<\/li>\n<\/ul>\n<p>Ezen gyakori probl\u00e9m\u00e1k miel\u0151bbi kezel\u00e9se megel\u0151zheti a tov\u00e1bbi bonyodalmakat. A rendszeres karbantart\u00e1s \u00e9s ellen\u0151rz\u00e9sek kulcsfontoss\u00e1g\u00faak a probl\u00e9m\u00e1k s\u00falyosbod\u00e1sa el\u0151tti elker\u00fcl\u00e9s\u00e9hez.<\/p>\n<p><img decoding=\"async\" src=\"https:\/\/www.hydraulic-cylinders.net\/wp-content\/uploads\/2025\/04\/songte-bushings-with-all-kinds-of-excavator-models.webp\" alt=\"Perselyek kotr\u00f3g\u00e9p modellekhez\" \/><\/p>\n<h2>C\u00e9ginform\u00e1ci\u00f3<\/h2>\n<p>Hidraulikus hengerek cser\u00e9j\u00e9re szakosodott gy\u00e1rt\u00f3k\u00e9nt sz\u00e9les term\u00e9kv\u00e1laszt\u00e9kot k\u00edn\u00e1lunk. C\u00e9g\u00fcnk a hazai \u00e9s nemzetk\u00f6zi piacok egyik vezet\u0151 gy\u00e1rt\u00f3j\u00e1v\u00e1 \u00e9s nagykeresked\u0151j\u00e9v\u00e9 v\u00e1lt. A kiv\u00e9teles min\u0151s\u00e9get helyezz\u00fck el\u0151t\u00e9rbe, \u00e9s prec\u00edzi\u00f3s gy\u00e1rt\u00f3m\u0171helyeinkben ipari termel\u00e9sir\u00e1ny\u00edt\u00e1si strat\u00e9gi\u00e1t alkalmazunk. A technol\u00f3giai tehets\u00e9gre, a fejlett digit\u00e1lis gy\u00e1rt\u00f3berendez\u00e9sekre \u00e9s a professzion\u00e1lis tesztel\u0151rendszerekre \u00f6sszpontos\u00edtunk, \u00e9s folyamatosan fejlesztj\u00fck gy\u00e1rt\u00e1si platformunkat \u00e9s term\u00e9keink min\u0151s\u00e9g\u00e9t. Robusztus kreat\u00edv k\u00e9pess\u00e9geinkkel a nagy hat\u00e9konys\u00e1g, a pontoss\u00e1g \u00e9s a min\u0151s\u00e9g elveit k\u00f6vetj\u00fck, hogy megfelelj\u00fcnk \u00fcgyfeleink v\u00e1ltozatos ig\u00e9nyeinek.<\/p>\n<h3>Szak\u00e9rtelm\u00fcnk<\/h3>\n<p>C\u00e9g\u00fcnk t\u00f6bb szempontb\u00f3l is kiemelkedik, t\u00f6bbek k\u00f6z\u00f6tt<\/p>\n<ul>\n<li><strong>Szakmaiass\u00e1g:<\/strong> Csapatunk tapasztalt, hidraulikus rendszerekre szakosodott szakemberekb\u0151l \u00e1ll, akik biztos\u00edtj\u00e1k a kiv\u00e1l\u00f3 min\u0151s\u00e9g\u0171 term\u00e9keket \u00e9s szolg\u00e1ltat\u00e1sokat.<\/li>\n<li><strong>Nemzetk\u00f6zi tan\u00fas\u00edtv\u00e1nyok:<\/strong> Sz\u00e1mos nemzetk\u00f6zi tan\u00fas\u00edtv\u00e1nnyal rendelkez\u00fcnk, amelyek t\u00fckr\u00f6zik a min\u0151s\u00e9g ir\u00e1nti elk\u00f6telezetts\u00e9g\u00fcnket \u00e9s a glob\u00e1lis szabv\u00e1nyoknak val\u00f3 megfelel\u00e9st.<\/li>\n<li><strong>Egyedi szolg\u00e1ltat\u00e1sok:<\/strong> Testreszabott megold\u00e1sokat k\u00edn\u00e1lunk \u00fcgyfeleink speci\u00e1lis ig\u00e9nyeinek kiel\u00e9g\u00edt\u00e9s\u00e9re, biztos\u00edtva ezzel az el\u00e9gedetts\u00e9get term\u00e9keinkkel.<\/li>\n<li><strong>Korszer\u0171 gy\u00e1rt\u00f3berendez\u00e9sek:<\/strong> Korszer\u0171 gy\u00e1rt\u00f3\u00fczemeinkben a legmodernebb technol\u00f3gi\u00e1t alkalmazzuk a kiv\u00e1l\u00f3 min\u0151s\u00e9g\u0171 hidraulikus hengerek el\u0151\u00e1ll\u00edt\u00e1s\u00e1hoz.<\/li>\n<li><strong>\u00c9rt\u00e9kes\u00edt\u00e9s ut\u00e1ni szolg\u00e1ltat\u00e1s:<\/strong> \u00c1tfog\u00f3 \u00e9rt\u00e9kes\u00edt\u00e9s ut\u00e1ni t\u00e1mogat\u00e1st k\u00edn\u00e1lunk, biztos\u00edtva, hogy \u00fcgyfeleink a v\u00e1s\u00e1rl\u00e1s ut\u00e1n is hossz\u00fa t\u00e1von megkapj\u00e1k a sz\u00fcks\u00e9ges seg\u00edts\u00e9get.<\/li>\n<\/ul>\n<p><img decoding=\"async\" src=\"https:\/\/www.hydraulic-cylinders.net\/wp-content\/uploads\/2025\/04\/songte-company-4.webp\" alt=\"C\u00e9ginform\u00e1ci\u00f3\" \/><br \/>\n<img decoding=\"async\" src=\"https:\/\/www.hydraulic-cylinders.net\/wp-content\/uploads\/2025\/04\/songte-company-3.webp\" alt=\"C\u00e9ges l\u00e9tes\u00edtm\u00e9nyek\" \/><\/p>\n<p>Szerz\u0151: lyl<\/p>","protected":false},"excerpt":{"rendered":"<p>Boom Cylinder For Komatsu Middle Excavator PC200LC-8 Product Overview The Boom Cylinder is a vital component of the Komatsu PC200LC-8 excavator, specifically designed to control the movement of the boom, allowing the operator to perform various tasks efficiently. This hydraulic cylinder plays a crucial role in the hydraulic system, enabling precise control over the boom&#8217;s [&hellip;]<\/p>","protected":false},"featured_media":17868,"comment_status":"open","ping_status":"closed","template":"","meta":{"_et_pb_use_builder":"","_et_pb_old_content":"","_et_gb_content_width":""},"product_brand":[],"product_cat":[1546],"product_tag":[1547,1496],"class_list":{"0":"post-18851","1":"product","2":"type-product","3":"status-publish","4":"has-post-thumbnail","6":"product_cat-boom-cylinders","7":"product_tag-boom-cylinders","8":"product_tag-hydraulic-cylinders","10":"first","11":"instock","12":"shipping-taxable","13":"product-type-simple"},"amp_enabled":true,"_links":{"self":[{"href":"https:\/\/www.hydraulic-cylinders.net\/hu\/wp-json\/wp\/v2\/product\/18851","targetHints":{"allow":["GET"]}}],"collection":[{"href":"https:\/\/www.hydraulic-cylinders.net\/hu\/wp-json\/wp\/v2\/product"}],"about":[{"href":"https:\/\/www.hydraulic-cylinders.net\/hu\/wp-json\/wp\/v2\/types\/product"}],"replies":[{"embeddable":true,"href":"https:\/\/www.hydraulic-cylinders.net\/hu\/wp-json\/wp\/v2\/comments?post=18851"}],"wp:featuredmedia":[{"embeddable":true,"href":"https:\/\/www.hydraulic-cylinders.net\/hu\/wp-json\/wp\/v2\/media\/17868"}],"wp:attachment":[{"href":"https:\/\/www.hydraulic-cylinders.net\/hu\/wp-json\/wp\/v2\/media?parent=18851"}],"wp:term":[{"taxonomy":"product_brand","embeddable":true,"href":"https:\/\/www.hydraulic-cylinders.net\/hu\/wp-json\/wp\/v2\/product_brand?post=18851"},{"taxonomy":"product_cat","embeddable":true,"href":"https:\/\/www.hydraulic-cylinders.net\/hu\/wp-json\/wp\/v2\/product_cat?post=18851"},{"taxonomy":"product_tag","embeddable":true,"href":"https:\/\/www.hydraulic-cylinders.net\/hu\/wp-json\/wp\/v2\/product_tag?post=18851"}],"curies":[{"name":"munkaf\u00fczet","href":"https:\/\/api.w.org\/{rel}","templated":true}]}}